{"id":1744,"date":"2022-04-22T17:12:20","date_gmt":"2022-04-22T15:12:20","guid":{"rendered":"https:\/\/trendsandvision.nl\/de\/product\/esschert-design-metallhaken-hanging-basket-s\/"},"modified":"2026-04-22T14:54:05","modified_gmt":"2026-04-22T12:54:05","slug":"esschert-design-metallhaken-hanging-basket-s","status":"publish","type":"product","link":"https:\/\/trendsandvision.nl\/de\/product\/esschert-design-metallhaken-hanging-basket-s\/","title":{"rendered":"Esschert Design Metallhaken Hanging Basket S"},"content":{"rendered":"<p>Dieser klassische hanging basket Haken mit dekorativen Kringeln, erzeugt nicht nur extra Atmosph\u00e4re im Garten, sondern eignet sich vor allem zum Aufh\u00e4ngen von hanging baskets. Dar\u00fcber hinaus ist er f\u00fcr viele andere Anwendungszwecke einsetzbar, wie beispielsweise dem Aufh\u00e4ngen von Laternen oder Futterartikeln.<br \/>\n<strong><a href=\"https:\/\/trendsandvision.nl\/de\/?s=Hanging+Basket+haken&amp;post_type=product&amp;dgwt_wcas=1\">alle Haken<\/a><\/strong><\/p>\n<p>&#8211; Geeignet f\u00fcr \u00f8 25 cm hanging baskets<\/p>\n<p>Artikelname: Metallhaken Hanging Basket S<br \/>\nArtikelnummer: BPH74<br \/>\nProduktgruppe(n) Garten&amp;Terrasse, T\u00f6pfe und Vasen, Wandhaken<br \/>\nProduktabmessungen in cm L 2,7 x T 21,5 x H 18,2<br \/>\nMaterial: Hochgekohlter Stahl (HCS)<br \/>\nNettogewicht 0,264 kg<br \/>\nBarcode 8714982120961<br \/>\nTragf\u00e4higkeit 20 kg<\/p>\n","protected":false},"excerpt":{"rendered":"<p>Artikelnummer: BPH74<br \/>\nL 2,7 x T 21,5 x H 18,2 cm<br \/>\nMaterial: Hochgekohlter Stahl (HCS)<br \/>\nMetallhaken Hanging Basket S<br \/>\nGeeignet f\u00fcr \u00f8 25 cm hanging baskets<br \/>\nNettogewicht 0,264 kg<br \/>\nBarcode 8714982120961<br \/>\nTragf\u00e4higkeit 20 kg<br \/>\n<strong><a href=\"https:\/\/trendsandvision.nl\/de\/?s=Hanging+Basket+haken&amp;post_type=product&amp;dgwt_wcas=1\">alle Haken<\/a><\/strong><\/p>\n","protected":false},"featured_media":1745,"template":"","meta":[],"product_brand":[9597,9598],"product_cat":[503],"product_tag":[6820,6709,6853,7958,7470],"class_list":{"0":"post-1744","1":"product","2":"type-product","3":"status-publish","4":"has-post-thumbnail","6":"product_brand-esschert-design","7":"product_brand-trends-and-vision","8":"product_cat-esscherts-garden","9":"product_tag-blumentoepfe","10":"product_tag-haken","11":"product_tag-haengekoerbe","12":"product_tag-hanging-baskets","13":"product_tag-metall","14":"pa_anbieter-esschert-design","15":"pa_ean-code-1048","16":"pa_material-carbonstahl","17":"pa_messungen-26x210x183-cm","19":"first","20":"instock","21":"sale","22":"taxable","23":"shipping-taxable","24":"purchasable","25":"product-type-simple","26":"czr-hentry"},"yoast_head":"<!-- This site is optimized with the Yoast SEO Premium plugin v27.4 (Yoast SEO v27.5) - https:\/\/yoast.com\/product\/yoast-seo-premium-wordpress\/ -->\n<title>Esschert Design Metallhaken Hanging Basket S (BPH74, 8714982120961) - Trends &amp; Vision<\/title>\n<meta name=\"description\" content=\"Esschert Design Metallhaken Hanging Basket S:\" \/>\n<meta name=\"robots\" content=\"index, follow, max-snippet:-1, max-image-preview:large, max-video-preview:-1\" \/>\n<link rel=\"canonical\" href=\"https:\/\/trendsandvision.nl\/de\/product\/esschert-design-metallhaken-hanging-basket-s\/\" \/>\n<meta property=\"og:locale\" content=\"de_DE\" \/>\n<meta property=\"og:type\" content=\"article\" \/>\n<meta property=\"og:title\" content=\"Esschert Design Metallhaken Hanging Basket S\" \/>\n<meta property=\"og:description\" content=\"Esschert Design Metallhaken Hanging Basket S:\" \/>\n<meta property=\"og:url\" content=\"https:\/\/trendsandvision.nl\/de\/product\/esschert-design-metallhaken-hanging-basket-s\/\" \/>\n<meta property=\"og:site_name\" content=\"Trends &amp; Vision (DE)\" \/>\n<meta property=\"article:modified_time\" content=\"2026-04-22T12:54:05+00:00\" \/>\n<meta property=\"og:image\" content=\"https:\/\/trendsandvision.nl\/de\/wp-content\/uploads\/sites\/3\/2022\/04\/BPH74_01.jpg\" \/>\n\t<meta property=\"og:image:width\" content=\"800\" \/>\n\t<meta property=\"og:image:height\" content=\"800\" \/>\n\t<meta property=\"og:image:type\" content=\"image\/jpeg\" \/>\n<meta name=\"twitter:card\" content=\"summary_large_image\" \/>\n<meta name=\"twitter:label1\" content=\"Gesch\u00e4tzte Lesezeit\" \/>\n\t<meta name=\"twitter:data1\" content=\"1\u00a0Minute\" \/>\n<script type=\"application\/ld+json\" class=\"yoast-schema-graph\">{\"@context\":\"https:\\\/\\\/schema.org\",\"@graph\":[{\"@type\":\"WebPage\",\"@id\":\"https:\\\/\\\/trendsandvision.nl\\\/de\\\/product\\\/esschert-design-metallhaken-hanging-basket-s\\\/\",\"url\":\"https:\\\/\\\/trendsandvision.nl\\\/de\\\/product\\\/esschert-design-metallhaken-hanging-basket-s\\\/\",\"name\":\"Esschert Design Metallhaken Hanging Basket S (BPH74, 8714982120961) - Trends & Vision\",\"isPartOf\":{\"@id\":\"https:\\\/\\\/trendsandvision.nl\\\/de\\\/#website\"},\"primaryImageOfPage\":{\"@id\":\"https:\\\/\\\/trendsandvision.nl\\\/de\\\/product\\\/esschert-design-metallhaken-hanging-basket-s\\\/#primaryimage\"},\"image\":{\"@id\":\"https:\\\/\\\/trendsandvision.nl\\\/de\\\/product\\\/esschert-design-metallhaken-hanging-basket-s\\\/#primaryimage\"},\"thumbnailUrl\":\"https:\\\/\\\/trendsandvision.nl\\\/de\\\/wp-content\\\/uploads\\\/sites\\\/3\\\/2022\\\/04\\\/BPH74_01.jpg\",\"datePublished\":\"2022-04-22T15:12:20+00:00\",\"dateModified\":\"2026-04-22T12:54:05+00:00\",\"description\":\"Esschert Design Metallhaken Hanging Basket S:\",\"breadcrumb\":{\"@id\":\"https:\\\/\\\/trendsandvision.nl\\\/de\\\/product\\\/esschert-design-metallhaken-hanging-basket-s\\\/#breadcrumb\"},\"inLanguage\":\"de\",\"potentialAction\":[{\"@type\":\"ReadAction\",\"target\":[\"https:\\\/\\\/trendsandvision.nl\\\/de\\\/product\\\/esschert-design-metallhaken-hanging-basket-s\\\/\"]}]},{\"@type\":\"ImageObject\",\"inLanguage\":\"de\",\"@id\":\"https:\\\/\\\/trendsandvision.nl\\\/de\\\/product\\\/esschert-design-metallhaken-hanging-basket-s\\\/#primaryimage\",\"url\":\"https:\\\/\\\/trendsandvision.nl\\\/de\\\/wp-content\\\/uploads\\\/sites\\\/3\\\/2022\\\/04\\\/BPH74_01.jpg\",\"contentUrl\":\"https:\\\/\\\/trendsandvision.nl\\\/de\\\/wp-content\\\/uploads\\\/sites\\\/3\\\/2022\\\/04\\\/BPH74_01.jpg\",\"width\":800,\"height\":800,\"caption\":\"Esschert Design Metallhaken Hanging Basket S (BPH74\"},{\"@type\":\"BreadcrumbList\",\"@id\":\"https:\\\/\\\/trendsandvision.nl\\\/de\\\/product\\\/esschert-design-metallhaken-hanging-basket-s\\\/#breadcrumb\",\"itemListElement\":[{\"@type\":\"ListItem\",\"position\":1,\"name\":\"Home\",\"item\":\"https:\\\/\\\/trendsandvision.nl\\\/de\\\/\"},{\"@type\":\"ListItem\",\"position\":2,\"name\":\"Gesch\u00e4ft\",\"item\":\"https:\\\/\\\/trendsandvision.nl\\\/de\\\/geschaft\\\/\"},{\"@type\":\"ListItem\",\"position\":3,\"name\":\"Esschert Design Metallhaken Hanging Basket S\"}]},{\"@type\":\"WebSite\",\"@id\":\"https:\\\/\\\/trendsandvision.nl\\\/de\\\/#website\",\"url\":\"https:\\\/\\\/trendsandvision.nl\\\/de\\\/\",\"name\":\"Trends &amp; Vision (DE)\",\"description\":\"Der Webshop f\u00fcr Esschert Design Artikel\",\"publisher\":{\"@id\":\"https:\\\/\\\/trendsandvision.nl\\\/de\\\/#organization\"},\"potentialAction\":[{\"@type\":\"SearchAction\",\"target\":{\"@type\":\"EntryPoint\",\"urlTemplate\":\"https:\\\/\\\/trendsandvision.nl\\\/de\\\/?s={search_term_string}\"},\"query-input\":{\"@type\":\"PropertyValueSpecification\",\"valueRequired\":true,\"valueName\":\"search_term_string\"}}],\"inLanguage\":\"de\"},{\"@type\":\"Organization\",\"@id\":\"https:\\\/\\\/trendsandvision.nl\\\/de\\\/#organization\",\"name\":\"Trends &amp; Vision (DE)\",\"url\":\"https:\\\/\\\/trendsandvision.nl\\\/de\\\/\",\"logo\":{\"@type\":\"ImageObject\",\"inLanguage\":\"de\",\"@id\":\"https:\\\/\\\/trendsandvision.nl\\\/de\\\/#\\\/schema\\\/logo\\\/image\\\/\",\"url\":\"https:\\\/\\\/trendsandvision.nl\\\/de\\\/wp-content\\\/uploads\\\/sites\\\/3\\\/2022\\\/04\\\/trends-and-vision-logo.jpg\",\"contentUrl\":\"https:\\\/\\\/trendsandvision.nl\\\/de\\\/wp-content\\\/uploads\\\/sites\\\/3\\\/2022\\\/04\\\/trends-and-vision-logo.jpg\",\"width\":213,\"height\":100,\"caption\":\"Trends &amp; Vision (DE)\"},\"image\":{\"@id\":\"https:\\\/\\\/trendsandvision.nl\\\/de\\\/#\\\/schema\\\/logo\\\/image\\\/\"}}]}<\/script>\n<!-- \/ Yoast SEO Premium plugin. -->","yoast_head_json":{"title":"Esschert Design Metallhaken Hanging Basket S (BPH74, 8714982120961) - Trends & Vision","description":"Esschert Design Metallhaken Hanging Basket S:","robots":{"index":"index","follow":"follow","max-snippet":"max-snippet:-1","max-image-preview":"max-image-preview:large","max-video-preview":"max-video-preview:-1"},"canonical":"https:\/\/trendsandvision.nl\/de\/product\/esschert-design-metallhaken-hanging-basket-s\/","og_locale":"de_DE","og_type":"article","og_title":"Esschert Design Metallhaken Hanging Basket S","og_description":"Esschert Design Metallhaken Hanging Basket S:","og_url":"https:\/\/trendsandvision.nl\/de\/product\/esschert-design-metallhaken-hanging-basket-s\/","og_site_name":"Trends &amp; Vision (DE)","article_modified_time":"2026-04-22T12:54:05+00:00","og_image":[{"width":800,"height":800,"url":"https:\/\/trendsandvision.nl\/de\/wp-content\/uploads\/sites\/3\/2022\/04\/BPH74_01.jpg","type":"image\/jpeg"}],"twitter_card":"summary_large_image","twitter_misc":{"Gesch\u00e4tzte Lesezeit":"1\u00a0Minute"},"schema":{"@context":"https:\/\/schema.org","@graph":[{"@type":"WebPage","@id":"https:\/\/trendsandvision.nl\/de\/product\/esschert-design-metallhaken-hanging-basket-s\/","url":"https:\/\/trendsandvision.nl\/de\/product\/esschert-design-metallhaken-hanging-basket-s\/","name":"Esschert Design Metallhaken Hanging Basket S (BPH74, 8714982120961) - Trends & Vision","isPartOf":{"@id":"https:\/\/trendsandvision.nl\/de\/#website"},"primaryImageOfPage":{"@id":"https:\/\/trendsandvision.nl\/de\/product\/esschert-design-metallhaken-hanging-basket-s\/#primaryimage"},"image":{"@id":"https:\/\/trendsandvision.nl\/de\/product\/esschert-design-metallhaken-hanging-basket-s\/#primaryimage"},"thumbnailUrl":"https:\/\/trendsandvision.nl\/de\/wp-content\/uploads\/sites\/3\/2022\/04\/BPH74_01.jpg","datePublished":"2022-04-22T15:12:20+00:00","dateModified":"2026-04-22T12:54:05+00:00","description":"Esschert Design Metallhaken Hanging Basket S:","breadcrumb":{"@id":"https:\/\/trendsandvision.nl\/de\/product\/esschert-design-metallhaken-hanging-basket-s\/#breadcrumb"},"inLanguage":"de","potentialAction":[{"@type":"ReadAction","target":["https:\/\/trendsandvision.nl\/de\/product\/esschert-design-metallhaken-hanging-basket-s\/"]}]},{"@type":"ImageObject","inLanguage":"de","@id":"https:\/\/trendsandvision.nl\/de\/product\/esschert-design-metallhaken-hanging-basket-s\/#primaryimage","url":"https:\/\/trendsandvision.nl\/de\/wp-content\/uploads\/sites\/3\/2022\/04\/BPH74_01.jpg","contentUrl":"https:\/\/trendsandvision.nl\/de\/wp-content\/uploads\/sites\/3\/2022\/04\/BPH74_01.jpg","width":800,"height":800,"caption":"Esschert Design Metallhaken Hanging Basket S (BPH74"},{"@type":"BreadcrumbList","@id":"https:\/\/trendsandvision.nl\/de\/product\/esschert-design-metallhaken-hanging-basket-s\/#breadcrumb","itemListElement":[{"@type":"ListItem","position":1,"name":"Home","item":"https:\/\/trendsandvision.nl\/de\/"},{"@type":"ListItem","position":2,"name":"Gesch\u00e4ft","item":"https:\/\/trendsandvision.nl\/de\/geschaft\/"},{"@type":"ListItem","position":3,"name":"Esschert Design Metallhaken Hanging Basket S"}]},{"@type":"WebSite","@id":"https:\/\/trendsandvision.nl\/de\/#website","url":"https:\/\/trendsandvision.nl\/de\/","name":"Trends &amp; Vision (DE)","description":"Der Webshop f\u00fcr Esschert Design Artikel","publisher":{"@id":"https:\/\/trendsandvision.nl\/de\/#organization"},"potentialAction":[{"@type":"SearchAction","target":{"@type":"EntryPoint","urlTemplate":"https:\/\/trendsandvision.nl\/de\/?s={search_term_string}"},"query-input":{"@type":"PropertyValueSpecification","valueRequired":true,"valueName":"search_term_string"}}],"inLanguage":"de"},{"@type":"Organization","@id":"https:\/\/trendsandvision.nl\/de\/#organization","name":"Trends &amp; Vision (DE)","url":"https:\/\/trendsandvision.nl\/de\/","logo":{"@type":"ImageObject","inLanguage":"de","@id":"https:\/\/trendsandvision.nl\/de\/#\/schema\/logo\/image\/","url":"https:\/\/trendsandvision.nl\/de\/wp-content\/uploads\/sites\/3\/2022\/04\/trends-and-vision-logo.jpg","contentUrl":"https:\/\/trendsandvision.nl\/de\/wp-content\/uploads\/sites\/3\/2022\/04\/trends-and-vision-logo.jpg","width":213,"height":100,"caption":"Trends &amp; Vision (DE)"},"image":{"@id":"https:\/\/trendsandvision.nl\/de\/#\/schema\/logo\/image\/"}}]}},"_links":{"self":[{"href":"https:\/\/trendsandvision.nl\/de\/wp-json\/wp\/v2\/product\/1744","targetHints":{"allow":["GET"]}}],"collection":[{"href":"https:\/\/trendsandvision.nl\/de\/wp-json\/wp\/v2\/product"}],"about":[{"href":"https:\/\/trendsandvision.nl\/de\/wp-json\/wp\/v2\/types\/product"}],"wp:featuredmedia":[{"embeddable":true,"href":"https:\/\/trendsandvision.nl\/de\/wp-json\/wp\/v2\/media\/1745"}],"wp:attachment":[{"href":"https:\/\/trendsandvision.nl\/de\/wp-json\/wp\/v2\/media?parent=1744"}],"wp:term":[{"taxonomy":"product_brand","embeddable":true,"href":"https:\/\/trendsandvision.nl\/de\/wp-json\/wp\/v2\/product_brand?post=1744"},{"taxonomy":"product_cat","embeddable":true,"href":"https:\/\/trendsandvision.nl\/de\/wp-json\/wp\/v2\/product_cat?post=1744"},{"taxonomy":"product_tag","embeddable":true,"href":"https:\/\/trendsandvision.nl\/de\/wp-json\/wp\/v2\/product_tag?post=1744"}],"curies":[{"name":"wp","href":"https:\/\/api.w.org\/{rel}","templated":true}]}}