{"id":1719,"date":"2022-04-22T17:11:43","date_gmt":"2022-04-22T15:11:43","guid":{"rendered":"https:\/\/trendsandvision.nl\/de\/product\/esschert-design-ersatzeinlage-fuer-halbrundkorb\/"},"modified":"2026-04-22T14:54:01","modified_gmt":"2026-04-22T12:54:01","slug":"esschert-design-ersatzeinlage-fuer-halbrundkorb","status":"publish","type":"product","link":"https:\/\/trendsandvision.nl\/de\/product\/esschert-design-ersatzeinlage-fuer-halbrundkorb\/","title":{"rendered":"Esschert Design Ersatzeinlage f\u00fcr Halbrundkorb"},"content":{"rendered":"<p>Ein hanging basket sorgt den ganzen Sommer \u00fcber im Garten f\u00fcr Freude.<br \/>\nAufgeh\u00e4ngt werden kann er zum Beispiel an der Hauswand, neben der T\u00fcr, neben dem Fenster, an \u00c4sten eines Baumes, an einem Pfahl, zur gesagt die M\u00f6glichkeiten sind endlos. Diese zeitlose Variante passt in jeden Garten und bietet gen\u00fcgend Platz f\u00fcr zahlreiche H\u00e4ngepflanzen oder H\u00e4ngeerdbeeren.<br \/>\nDiese Kokoseinlage sorgt f\u00fcr eine gute Drainage und  geeignet f\u00fcr halbrunde Wandschalen.<br \/>\nDieser vorgeformte Kokoseinsatz eignet sich f\u00fcr halbrunde 35-cm-K\u00f6rbe.<br \/>\nUnd Sie k\u00f6nnen diese kokoseinlage das ganze Jahr \u00fcber bei uns bestellen.<\/p>\n<p>&#8211; nat\u00fcrliches Material<br \/>\n&#8211; gute Drainage<br \/>\n&#8211; f\u00fcr halbrunde K\u00f6rbe<\/p>\n<p>Artikelname: Kokoseinlage halbrund<br \/>\nArtikelnummer: BPH63<br \/>\nProduktgruppe(n) Garten&amp;Terrasse, T\u00f6pfe und Vasen, H\u00e4ngek\u00f6rbe<br \/>\nProduktabmessungen in cm L 38,5 x T 17,5 x H 18<br \/>\nMaterial: Kokosfaser<br \/>\nNettogewicht 0,159 kg<br \/>\nBarcode 8714982093708<\/p>\n","protected":false},"excerpt":{"rendered":"<p>Kokoseinlage halbrund<br \/>\nArtikelnummer: BPH63<br \/>\nL 38,5 x T 17,5 x H 18 cm<br \/>\nMaterial: Kokosfaser<br \/>\nnat\u00fcrliches Material<br \/>\ngute Drainage<br \/>\nf\u00fcr halbrunde K\u00f6rbe<br \/>\nNettogewicht 0,159 kg<br \/>\nBarcode 8714982093708<\/p>\n","protected":false},"featured_media":1720,"template":"","meta":[],"product_brand":[9597,9598],"product_cat":[503],"product_tag":[6820,7569,6853,7998,7996],"class_list":{"0":"post-1719","1":"product","2":"type-product","3":"status-publish","4":"has-post-thumbnail","6":"product_brand-esschert-design","7":"product_brand-trends-and-vision","8":"product_cat-esscherts-garden","9":"product_tag-blumentoepfe","10":"product_tag-halbrund","11":"product_tag-haengekoerbe","12":"product_tag-kokoseinlage","13":"product_tag-wandschalen","14":"pa_anbieter-esschert-design","15":"pa_ean-code-1029","16":"pa_material-kokosfaser","17":"pa_messungen-33-x-175-x-17-cm","19":"first","20":"instock","21":"sale","22":"taxable","23":"shipping-taxable","24":"purchasable","25":"product-type-simple","26":"czr-hentry"},"yoast_head":"<!-- This site is optimized with the Yoast SEO Premium plugin v27.4 (Yoast SEO v27.4) - https:\/\/yoast.com\/product\/yoast-seo-premium-wordpress\/ -->\n<title>Esschert Design Ersatzeinlage f\u00fcr Halbrundkorb (BPH63, 8714982093708) - Trends &amp; Vision<\/title>\n<meta name=\"description\" content=\"Esschert Design Ersatzeinlage f\u00fcr Halbrundkorb: Ein hanging basket sorgt den ganzen Sommer \u00fcber im Garten f\u00fcr Freude. Aufgeh\u00e4ngt werden kann er zum ...\" \/>\n<meta name=\"robots\" content=\"index, follow, max-snippet:-1, max-image-preview:large, max-video-preview:-1\" \/>\n<link rel=\"canonical\" href=\"https:\/\/trendsandvision.nl\/de\/product\/esschert-design-ersatzeinlage-fuer-halbrundkorb\/\" \/>\n<meta property=\"og:locale\" content=\"de_DE\" \/>\n<meta property=\"og:type\" content=\"article\" \/>\n<meta property=\"og:title\" content=\"Esschert Design Ersatzeinlage f\u00fcr Halbrundkorb\" \/>\n<meta property=\"og:description\" content=\"Esschert Design Ersatzeinlage f\u00fcr Halbrundkorb: Ein hanging basket sorgt den ganzen Sommer \u00fcber im Garten f\u00fcr Freude. Aufgeh\u00e4ngt werden kann er zum ...\" \/>\n<meta property=\"og:url\" content=\"https:\/\/trendsandvision.nl\/de\/product\/esschert-design-ersatzeinlage-fuer-halbrundkorb\/\" \/>\n<meta property=\"og:site_name\" content=\"Trends &amp; Vision (DE)\" \/>\n<meta property=\"article:modified_time\" content=\"2026-04-22T12:54:01+00:00\" \/>\n<meta property=\"og:image\" content=\"https:\/\/trendsandvision.nl\/de\/wp-content\/uploads\/sites\/3\/2022\/04\/BPH63_01.jpg\" \/>\n\t<meta property=\"og:image:width\" content=\"800\" \/>\n\t<meta property=\"og:image:height\" content=\"800\" \/>\n\t<meta property=\"og:image:type\" content=\"image\/jpeg\" \/>\n<meta name=\"twitter:card\" content=\"summary_large_image\" \/>\n<meta name=\"twitter:label1\" content=\"Gesch\u00e4tzte Lesezeit\" \/>\n\t<meta name=\"twitter:data1\" content=\"1\u00a0Minute\" \/>\n<script type=\"application\/ld+json\" class=\"yoast-schema-graph\">{\"@context\":\"https:\\\/\\\/schema.org\",\"@graph\":[{\"@type\":\"WebPage\",\"@id\":\"https:\\\/\\\/trendsandvision.nl\\\/de\\\/product\\\/esschert-design-ersatzeinlage-fuer-halbrundkorb\\\/\",\"url\":\"https:\\\/\\\/trendsandvision.nl\\\/de\\\/product\\\/esschert-design-ersatzeinlage-fuer-halbrundkorb\\\/\",\"name\":\"Esschert Design Ersatzeinlage f\u00fcr Halbrundkorb (BPH63, 8714982093708) - Trends & Vision\",\"isPartOf\":{\"@id\":\"https:\\\/\\\/trendsandvision.nl\\\/de\\\/#website\"},\"primaryImageOfPage\":{\"@id\":\"https:\\\/\\\/trendsandvision.nl\\\/de\\\/product\\\/esschert-design-ersatzeinlage-fuer-halbrundkorb\\\/#primaryimage\"},\"image\":{\"@id\":\"https:\\\/\\\/trendsandvision.nl\\\/de\\\/product\\\/esschert-design-ersatzeinlage-fuer-halbrundkorb\\\/#primaryimage\"},\"thumbnailUrl\":\"https:\\\/\\\/trendsandvision.nl\\\/de\\\/wp-content\\\/uploads\\\/sites\\\/3\\\/2022\\\/04\\\/BPH63_01.jpg\",\"datePublished\":\"2022-04-22T15:11:43+00:00\",\"dateModified\":\"2026-04-22T12:54:01+00:00\",\"description\":\"Esschert Design Ersatzeinlage f\u00fcr Halbrundkorb: Ein hanging basket sorgt den ganzen Sommer \u00fcber im Garten f\u00fcr Freude. Aufgeh\u00e4ngt werden kann er zum ...\",\"breadcrumb\":{\"@id\":\"https:\\\/\\\/trendsandvision.nl\\\/de\\\/product\\\/esschert-design-ersatzeinlage-fuer-halbrundkorb\\\/#breadcrumb\"},\"inLanguage\":\"de\",\"potentialAction\":[{\"@type\":\"ReadAction\",\"target\":[\"https:\\\/\\\/trendsandvision.nl\\\/de\\\/product\\\/esschert-design-ersatzeinlage-fuer-halbrundkorb\\\/\"]}]},{\"@type\":\"ImageObject\",\"inLanguage\":\"de\",\"@id\":\"https:\\\/\\\/trendsandvision.nl\\\/de\\\/product\\\/esschert-design-ersatzeinlage-fuer-halbrundkorb\\\/#primaryimage\",\"url\":\"https:\\\/\\\/trendsandvision.nl\\\/de\\\/wp-content\\\/uploads\\\/sites\\\/3\\\/2022\\\/04\\\/BPH63_01.jpg\",\"contentUrl\":\"https:\\\/\\\/trendsandvision.nl\\\/de\\\/wp-content\\\/uploads\\\/sites\\\/3\\\/2022\\\/04\\\/BPH63_01.jpg\",\"width\":800,\"height\":800,\"caption\":\"Esschert Design Ersatzeinlage f\u00fcr Halbrundkorb (BPH63\"},{\"@type\":\"BreadcrumbList\",\"@id\":\"https:\\\/\\\/trendsandvision.nl\\\/de\\\/product\\\/esschert-design-ersatzeinlage-fuer-halbrundkorb\\\/#breadcrumb\",\"itemListElement\":[{\"@type\":\"ListItem\",\"position\":1,\"name\":\"Home\",\"item\":\"https:\\\/\\\/trendsandvision.nl\\\/de\\\/\"},{\"@type\":\"ListItem\",\"position\":2,\"name\":\"Gesch\u00e4ft\",\"item\":\"https:\\\/\\\/trendsandvision.nl\\\/de\\\/geschaft\\\/\"},{\"@type\":\"ListItem\",\"position\":3,\"name\":\"Esschert Design Ersatzeinlage f\u00fcr Halbrundkorb\"}]},{\"@type\":\"WebSite\",\"@id\":\"https:\\\/\\\/trendsandvision.nl\\\/de\\\/#website\",\"url\":\"https:\\\/\\\/trendsandvision.nl\\\/de\\\/\",\"name\":\"Trends &amp; Vision (DE)\",\"description\":\"Der Webshop f\u00fcr Esschert Design Artikel\",\"publisher\":{\"@id\":\"https:\\\/\\\/trendsandvision.nl\\\/de\\\/#organization\"},\"potentialAction\":[{\"@type\":\"SearchAction\",\"target\":{\"@type\":\"EntryPoint\",\"urlTemplate\":\"https:\\\/\\\/trendsandvision.nl\\\/de\\\/?s={search_term_string}\"},\"query-input\":{\"@type\":\"PropertyValueSpecification\",\"valueRequired\":true,\"valueName\":\"search_term_string\"}}],\"inLanguage\":\"de\"},{\"@type\":\"Organization\",\"@id\":\"https:\\\/\\\/trendsandvision.nl\\\/de\\\/#organization\",\"name\":\"Trends &amp; Vision (DE)\",\"url\":\"https:\\\/\\\/trendsandvision.nl\\\/de\\\/\",\"logo\":{\"@type\":\"ImageObject\",\"inLanguage\":\"de\",\"@id\":\"https:\\\/\\\/trendsandvision.nl\\\/de\\\/#\\\/schema\\\/logo\\\/image\\\/\",\"url\":\"https:\\\/\\\/trendsandvision.nl\\\/de\\\/wp-content\\\/uploads\\\/sites\\\/3\\\/2022\\\/04\\\/trends-and-vision-logo.jpg\",\"contentUrl\":\"https:\\\/\\\/trendsandvision.nl\\\/de\\\/wp-content\\\/uploads\\\/sites\\\/3\\\/2022\\\/04\\\/trends-and-vision-logo.jpg\",\"width\":213,\"height\":100,\"caption\":\"Trends &amp; Vision (DE)\"},\"image\":{\"@id\":\"https:\\\/\\\/trendsandvision.nl\\\/de\\\/#\\\/schema\\\/logo\\\/image\\\/\"}}]}<\/script>\n<!-- \/ Yoast SEO Premium plugin. -->","yoast_head_json":{"title":"Esschert Design Ersatzeinlage f\u00fcr Halbrundkorb (BPH63, 8714982093708) - Trends & Vision","description":"Esschert Design Ersatzeinlage f\u00fcr Halbrundkorb: Ein hanging basket sorgt den ganzen Sommer \u00fcber im Garten f\u00fcr Freude. Aufgeh\u00e4ngt werden kann er zum ...","robots":{"index":"index","follow":"follow","max-snippet":"max-snippet:-1","max-image-preview":"max-image-preview:large","max-video-preview":"max-video-preview:-1"},"canonical":"https:\/\/trendsandvision.nl\/de\/product\/esschert-design-ersatzeinlage-fuer-halbrundkorb\/","og_locale":"de_DE","og_type":"article","og_title":"Esschert Design Ersatzeinlage f\u00fcr Halbrundkorb","og_description":"Esschert Design Ersatzeinlage f\u00fcr Halbrundkorb: Ein hanging basket sorgt den ganzen Sommer \u00fcber im Garten f\u00fcr Freude. Aufgeh\u00e4ngt werden kann er zum ...","og_url":"https:\/\/trendsandvision.nl\/de\/product\/esschert-design-ersatzeinlage-fuer-halbrundkorb\/","og_site_name":"Trends &amp; Vision (DE)","article_modified_time":"2026-04-22T12:54:01+00:00","og_image":[{"width":800,"height":800,"url":"https:\/\/trendsandvision.nl\/de\/wp-content\/uploads\/sites\/3\/2022\/04\/BPH63_01.jpg","type":"image\/jpeg"}],"twitter_card":"summary_large_image","twitter_misc":{"Gesch\u00e4tzte Lesezeit":"1\u00a0Minute"},"schema":{"@context":"https:\/\/schema.org","@graph":[{"@type":"WebPage","@id":"https:\/\/trendsandvision.nl\/de\/product\/esschert-design-ersatzeinlage-fuer-halbrundkorb\/","url":"https:\/\/trendsandvision.nl\/de\/product\/esschert-design-ersatzeinlage-fuer-halbrundkorb\/","name":"Esschert Design Ersatzeinlage f\u00fcr Halbrundkorb (BPH63, 8714982093708) - Trends & Vision","isPartOf":{"@id":"https:\/\/trendsandvision.nl\/de\/#website"},"primaryImageOfPage":{"@id":"https:\/\/trendsandvision.nl\/de\/product\/esschert-design-ersatzeinlage-fuer-halbrundkorb\/#primaryimage"},"image":{"@id":"https:\/\/trendsandvision.nl\/de\/product\/esschert-design-ersatzeinlage-fuer-halbrundkorb\/#primaryimage"},"thumbnailUrl":"https:\/\/trendsandvision.nl\/de\/wp-content\/uploads\/sites\/3\/2022\/04\/BPH63_01.jpg","datePublished":"2022-04-22T15:11:43+00:00","dateModified":"2026-04-22T12:54:01+00:00","description":"Esschert Design Ersatzeinlage f\u00fcr Halbrundkorb: Ein hanging basket sorgt den ganzen Sommer \u00fcber im Garten f\u00fcr Freude. Aufgeh\u00e4ngt werden kann er zum ...","breadcrumb":{"@id":"https:\/\/trendsandvision.nl\/de\/product\/esschert-design-ersatzeinlage-fuer-halbrundkorb\/#breadcrumb"},"inLanguage":"de","potentialAction":[{"@type":"ReadAction","target":["https:\/\/trendsandvision.nl\/de\/product\/esschert-design-ersatzeinlage-fuer-halbrundkorb\/"]}]},{"@type":"ImageObject","inLanguage":"de","@id":"https:\/\/trendsandvision.nl\/de\/product\/esschert-design-ersatzeinlage-fuer-halbrundkorb\/#primaryimage","url":"https:\/\/trendsandvision.nl\/de\/wp-content\/uploads\/sites\/3\/2022\/04\/BPH63_01.jpg","contentUrl":"https:\/\/trendsandvision.nl\/de\/wp-content\/uploads\/sites\/3\/2022\/04\/BPH63_01.jpg","width":800,"height":800,"caption":"Esschert Design Ersatzeinlage f\u00fcr Halbrundkorb (BPH63"},{"@type":"BreadcrumbList","@id":"https:\/\/trendsandvision.nl\/de\/product\/esschert-design-ersatzeinlage-fuer-halbrundkorb\/#breadcrumb","itemListElement":[{"@type":"ListItem","position":1,"name":"Home","item":"https:\/\/trendsandvision.nl\/de\/"},{"@type":"ListItem","position":2,"name":"Gesch\u00e4ft","item":"https:\/\/trendsandvision.nl\/de\/geschaft\/"},{"@type":"ListItem","position":3,"name":"Esschert Design Ersatzeinlage f\u00fcr Halbrundkorb"}]},{"@type":"WebSite","@id":"https:\/\/trendsandvision.nl\/de\/#website","url":"https:\/\/trendsandvision.nl\/de\/","name":"Trends &amp; Vision (DE)","description":"Der Webshop f\u00fcr Esschert Design Artikel","publisher":{"@id":"https:\/\/trendsandvision.nl\/de\/#organization"},"potentialAction":[{"@type":"SearchAction","target":{"@type":"EntryPoint","urlTemplate":"https:\/\/trendsandvision.nl\/de\/?s={search_term_string}"},"query-input":{"@type":"PropertyValueSpecification","valueRequired":true,"valueName":"search_term_string"}}],"inLanguage":"de"},{"@type":"Organization","@id":"https:\/\/trendsandvision.nl\/de\/#organization","name":"Trends &amp; Vision (DE)","url":"https:\/\/trendsandvision.nl\/de\/","logo":{"@type":"ImageObject","inLanguage":"de","@id":"https:\/\/trendsandvision.nl\/de\/#\/schema\/logo\/image\/","url":"https:\/\/trendsandvision.nl\/de\/wp-content\/uploads\/sites\/3\/2022\/04\/trends-and-vision-logo.jpg","contentUrl":"https:\/\/trendsandvision.nl\/de\/wp-content\/uploads\/sites\/3\/2022\/04\/trends-and-vision-logo.jpg","width":213,"height":100,"caption":"Trends &amp; Vision (DE)"},"image":{"@id":"https:\/\/trendsandvision.nl\/de\/#\/schema\/logo\/image\/"}}]}},"_links":{"self":[{"href":"https:\/\/trendsandvision.nl\/de\/wp-json\/wp\/v2\/product\/1719","targetHints":{"allow":["GET"]}}],"collection":[{"href":"https:\/\/trendsandvision.nl\/de\/wp-json\/wp\/v2\/product"}],"about":[{"href":"https:\/\/trendsandvision.nl\/de\/wp-json\/wp\/v2\/types\/product"}],"wp:featuredmedia":[{"embeddable":true,"href":"https:\/\/trendsandvision.nl\/de\/wp-json\/wp\/v2\/media\/1720"}],"wp:attachment":[{"href":"https:\/\/trendsandvision.nl\/de\/wp-json\/wp\/v2\/media?parent=1719"}],"wp:term":[{"taxonomy":"product_brand","embeddable":true,"href":"https:\/\/trendsandvision.nl\/de\/wp-json\/wp\/v2\/product_brand?post=1719"},{"taxonomy":"product_cat","embeddable":true,"href":"https:\/\/trendsandvision.nl\/de\/wp-json\/wp\/v2\/product_cat?post=1719"},{"taxonomy":"product_tag","embeddable":true,"href":"https:\/\/trendsandvision.nl\/de\/wp-json\/wp\/v2\/product_tag?post=1719"}],"curies":[{"name":"wp","href":"https:\/\/api.w.org\/{rel}","templated":true}]}}