{"id":1681,"date":"2022-04-22T17:10:51","date_gmt":"2022-04-22T15:10:51","guid":{"rendered":"https:\/\/trendsandvision.nl\/de\/product\/esschert-design-haken-fuer-hanging-basket-klein\/"},"modified":"2026-04-22T14:53:54","modified_gmt":"2026-04-22T12:53:54","slug":"esschert-design-haken-fuer-hanging-basket-klein","status":"publish","type":"product","link":"https:\/\/trendsandvision.nl\/de\/product\/esschert-design-haken-fuer-hanging-basket-klein\/","title":{"rendered":"Esschert Design Haken f\u00fcr Hanging Basket klein"},"content":{"rendered":"<p>Dieser dekorative hanging basket Haken mit zierlichem Muster, erzeugt nicht nur extra Atmosph\u00e4re im Garten, sondern eignet sich vor allem zum Aufh\u00e4ngen von hanging baskets. Dar\u00fcber hinaus ist er f\u00fcr viele andere Anwendungszwecke einsetzbar, wie beispielsweise dem Aufh\u00e4ngen von Laternen oder Futterartikeln. Der gusseiserne Haken ist aus einem St\u00fcck per Hand nach einer jahrhundertalten Handwerkskunst gegossen.<\/p>\n<p>&#8211; geeignet f\u00fcr 25 cm hanging baskets<br \/>\n&#8211; Passend zu <strong><a href=\"https:\/\/trendsandvision.nl\/de\/product\/esschert-design-hanging-basket-gusseisen-25-cm\/\">Artikelnr. BPH25<\/a><\/strong><br \/>\n&#8211; <strong><a href=\"https:\/\/trendsandvision.nl\/de\/?s=Hanging+Basket+haken&amp;post_type=product&amp;dgwt_wcas=1\">alle Haken<\/a><\/strong><\/p>\n<p>Artikelname Hanging Basket Haken Gu\u00dfeisen S<br \/>\nArtikelnummer BPH28<br \/>\nProduktgruppe(n) Garten&amp;Terrasse, T\u00f6pfe und Vasen, Wandhaken<br \/>\nProduktabmessungen in cm L 2,3 x T 20,8 x H 18,9<br \/>\nMaterial Gusseisen<br \/>\nNettogewicht 0,353 kg<br \/>\nBarcode 8714982011382<br \/>\nTragf\u00e4higkeit 20 kg<\/p>\n","protected":false},"excerpt":{"rendered":"<p>L 2,3 x T 20,8 x H 18,9 cm<br \/>\nMaterial Gusseisen<br \/>\nNettogewicht 0,353 kg<br \/>\nBarcode 8714982011382<br \/>\nTragf\u00e4higkeit 20 kg<br \/>\n<strong><a href=\"https:\/\/trendsandvision.nl\/de\/?s=Hanging+Basket+haken&amp;post_type=product&amp;dgwt_wcas=1\">alle Haken<\/a><\/strong><\/p>\n","protected":false},"featured_media":1682,"template":"","meta":[],"product_brand":[9597,9598],"product_cat":[503],"product_tag":[6790,6709,6853,7958,7245],"class_list":{"0":"post-1681","1":"product","2":"type-product","3":"status-publish","4":"has-post-thumbnail","6":"product_brand-esschert-design","7":"product_brand-trends-and-vision","8":"product_cat-esscherts-garden","9":"product_tag-gusseisen","10":"product_tag-haken","11":"product_tag-haengekoerbe","12":"product_tag-hanging-baskets","13":"product_tag-topfhaenger","14":"pa_anbieter-esschert-design","15":"pa_ean-code-1006","16":"pa_material-gusseissen","17":"pa_messungen-208x24x185-cm","19":"first","20":"instock","21":"sale","22":"taxable","23":"shipping-taxable","24":"purchasable","25":"product-type-simple","26":"czr-hentry"},"yoast_head":"<!-- This site is optimized with the Yoast SEO Premium plugin v27.4 (Yoast SEO v27.4) - https:\/\/yoast.com\/product\/yoast-seo-premium-wordpress\/ -->\n<title>Esschert Design Haken f\u00fcr Hanging Basket klein (BPH28, 8714982011382) - Trends &amp; Vision<\/title>\n<meta name=\"description\" content=\"Esschert Design Haken f\u00fcr Hanging Basket klein: Gu\u00dfeisserner rostbrauner Haken. Bis 32 Kg. Passend zu Artikelnr. BPH25\" \/>\n<meta name=\"robots\" content=\"index, follow, max-snippet:-1, max-image-preview:large, max-video-preview:-1\" \/>\n<link rel=\"canonical\" href=\"https:\/\/trendsandvision.nl\/de\/product\/esschert-design-haken-fuer-hanging-basket-klein\/\" \/>\n<meta property=\"og:locale\" content=\"de_DE\" \/>\n<meta property=\"og:type\" content=\"article\" \/>\n<meta property=\"og:title\" content=\"Esschert Design Haken f\u00fcr Hanging Basket klein\" \/>\n<meta property=\"og:description\" content=\"Esschert Design Haken f\u00fcr Hanging Basket klein: Gu\u00dfeisserner rostbrauner Haken. Bis 32 Kg. Passend zu Artikelnr. BPH25\" \/>\n<meta property=\"og:url\" content=\"https:\/\/trendsandvision.nl\/de\/product\/esschert-design-haken-fuer-hanging-basket-klein\/\" \/>\n<meta property=\"og:site_name\" content=\"Trends &amp; Vision (DE)\" \/>\n<meta property=\"article:modified_time\" content=\"2026-04-22T12:53:54+00:00\" \/>\n<meta property=\"og:image\" content=\"https:\/\/trendsandvision.nl\/de\/wp-content\/uploads\/sites\/3\/2022\/04\/BPH28_01.jpg\" \/>\n\t<meta property=\"og:image:width\" content=\"800\" \/>\n\t<meta property=\"og:image:height\" content=\"800\" \/>\n\t<meta property=\"og:image:type\" content=\"image\/jpeg\" \/>\n<meta name=\"twitter:card\" content=\"summary_large_image\" \/>\n<meta name=\"twitter:label1\" content=\"Gesch\u00e4tzte Lesezeit\" \/>\n\t<meta name=\"twitter:data1\" content=\"1\u00a0Minute\" \/>\n<script type=\"application\/ld+json\" class=\"yoast-schema-graph\">{\"@context\":\"https:\\\/\\\/schema.org\",\"@graph\":[{\"@type\":\"WebPage\",\"@id\":\"https:\\\/\\\/trendsandvision.nl\\\/de\\\/product\\\/esschert-design-haken-fuer-hanging-basket-klein\\\/\",\"url\":\"https:\\\/\\\/trendsandvision.nl\\\/de\\\/product\\\/esschert-design-haken-fuer-hanging-basket-klein\\\/\",\"name\":\"Esschert Design Haken f\u00fcr Hanging Basket klein (BPH28, 8714982011382) - Trends & Vision\",\"isPartOf\":{\"@id\":\"https:\\\/\\\/trendsandvision.nl\\\/de\\\/#website\"},\"primaryImageOfPage\":{\"@id\":\"https:\\\/\\\/trendsandvision.nl\\\/de\\\/product\\\/esschert-design-haken-fuer-hanging-basket-klein\\\/#primaryimage\"},\"image\":{\"@id\":\"https:\\\/\\\/trendsandvision.nl\\\/de\\\/product\\\/esschert-design-haken-fuer-hanging-basket-klein\\\/#primaryimage\"},\"thumbnailUrl\":\"https:\\\/\\\/trendsandvision.nl\\\/de\\\/wp-content\\\/uploads\\\/sites\\\/3\\\/2022\\\/04\\\/BPH28_01.jpg\",\"datePublished\":\"2022-04-22T15:10:51+00:00\",\"dateModified\":\"2026-04-22T12:53:54+00:00\",\"description\":\"Esschert Design Haken f\u00fcr Hanging Basket klein: Gu\u00dfeisserner rostbrauner Haken. Bis 32 Kg. Passend zu Artikelnr. BPH25\",\"breadcrumb\":{\"@id\":\"https:\\\/\\\/trendsandvision.nl\\\/de\\\/product\\\/esschert-design-haken-fuer-hanging-basket-klein\\\/#breadcrumb\"},\"inLanguage\":\"de\",\"potentialAction\":[{\"@type\":\"ReadAction\",\"target\":[\"https:\\\/\\\/trendsandvision.nl\\\/de\\\/product\\\/esschert-design-haken-fuer-hanging-basket-klein\\\/\"]}]},{\"@type\":\"ImageObject\",\"inLanguage\":\"de\",\"@id\":\"https:\\\/\\\/trendsandvision.nl\\\/de\\\/product\\\/esschert-design-haken-fuer-hanging-basket-klein\\\/#primaryimage\",\"url\":\"https:\\\/\\\/trendsandvision.nl\\\/de\\\/wp-content\\\/uploads\\\/sites\\\/3\\\/2022\\\/04\\\/BPH28_01.jpg\",\"contentUrl\":\"https:\\\/\\\/trendsandvision.nl\\\/de\\\/wp-content\\\/uploads\\\/sites\\\/3\\\/2022\\\/04\\\/BPH28_01.jpg\",\"width\":800,\"height\":800,\"caption\":\"Esschert Design Haken f\u00fcr Hanging Basket klein (BPH28\"},{\"@type\":\"BreadcrumbList\",\"@id\":\"https:\\\/\\\/trendsandvision.nl\\\/de\\\/product\\\/esschert-design-haken-fuer-hanging-basket-klein\\\/#breadcrumb\",\"itemListElement\":[{\"@type\":\"ListItem\",\"position\":1,\"name\":\"Home\",\"item\":\"https:\\\/\\\/trendsandvision.nl\\\/de\\\/\"},{\"@type\":\"ListItem\",\"position\":2,\"name\":\"Gesch\u00e4ft\",\"item\":\"https:\\\/\\\/trendsandvision.nl\\\/de\\\/geschaft\\\/\"},{\"@type\":\"ListItem\",\"position\":3,\"name\":\"Esschert Design Haken f\u00fcr Hanging Basket klein\"}]},{\"@type\":\"WebSite\",\"@id\":\"https:\\\/\\\/trendsandvision.nl\\\/de\\\/#website\",\"url\":\"https:\\\/\\\/trendsandvision.nl\\\/de\\\/\",\"name\":\"Trends &amp; Vision (DE)\",\"description\":\"Der Webshop f\u00fcr Esschert Design Artikel\",\"publisher\":{\"@id\":\"https:\\\/\\\/trendsandvision.nl\\\/de\\\/#organization\"},\"potentialAction\":[{\"@type\":\"SearchAction\",\"target\":{\"@type\":\"EntryPoint\",\"urlTemplate\":\"https:\\\/\\\/trendsandvision.nl\\\/de\\\/?s={search_term_string}\"},\"query-input\":{\"@type\":\"PropertyValueSpecification\",\"valueRequired\":true,\"valueName\":\"search_term_string\"}}],\"inLanguage\":\"de\"},{\"@type\":\"Organization\",\"@id\":\"https:\\\/\\\/trendsandvision.nl\\\/de\\\/#organization\",\"name\":\"Trends &amp; Vision (DE)\",\"url\":\"https:\\\/\\\/trendsandvision.nl\\\/de\\\/\",\"logo\":{\"@type\":\"ImageObject\",\"inLanguage\":\"de\",\"@id\":\"https:\\\/\\\/trendsandvision.nl\\\/de\\\/#\\\/schema\\\/logo\\\/image\\\/\",\"url\":\"https:\\\/\\\/trendsandvision.nl\\\/de\\\/wp-content\\\/uploads\\\/sites\\\/3\\\/2022\\\/04\\\/trends-and-vision-logo.jpg\",\"contentUrl\":\"https:\\\/\\\/trendsandvision.nl\\\/de\\\/wp-content\\\/uploads\\\/sites\\\/3\\\/2022\\\/04\\\/trends-and-vision-logo.jpg\",\"width\":213,\"height\":100,\"caption\":\"Trends &amp; Vision (DE)\"},\"image\":{\"@id\":\"https:\\\/\\\/trendsandvision.nl\\\/de\\\/#\\\/schema\\\/logo\\\/image\\\/\"}}]}<\/script>\n<!-- \/ Yoast SEO Premium plugin. -->","yoast_head_json":{"title":"Esschert Design Haken f\u00fcr Hanging Basket klein (BPH28, 8714982011382) - Trends & Vision","description":"Esschert Design Haken f\u00fcr Hanging Basket klein: Gu\u00dfeisserner rostbrauner Haken. Bis 32 Kg. Passend zu Artikelnr. BPH25","robots":{"index":"index","follow":"follow","max-snippet":"max-snippet:-1","max-image-preview":"max-image-preview:large","max-video-preview":"max-video-preview:-1"},"canonical":"https:\/\/trendsandvision.nl\/de\/product\/esschert-design-haken-fuer-hanging-basket-klein\/","og_locale":"de_DE","og_type":"article","og_title":"Esschert Design Haken f\u00fcr Hanging Basket klein","og_description":"Esschert Design Haken f\u00fcr Hanging Basket klein: Gu\u00dfeisserner rostbrauner Haken. Bis 32 Kg. Passend zu Artikelnr. BPH25","og_url":"https:\/\/trendsandvision.nl\/de\/product\/esschert-design-haken-fuer-hanging-basket-klein\/","og_site_name":"Trends &amp; Vision (DE)","article_modified_time":"2026-04-22T12:53:54+00:00","og_image":[{"width":800,"height":800,"url":"https:\/\/trendsandvision.nl\/de\/wp-content\/uploads\/sites\/3\/2022\/04\/BPH28_01.jpg","type":"image\/jpeg"}],"twitter_card":"summary_large_image","twitter_misc":{"Gesch\u00e4tzte Lesezeit":"1\u00a0Minute"},"schema":{"@context":"https:\/\/schema.org","@graph":[{"@type":"WebPage","@id":"https:\/\/trendsandvision.nl\/de\/product\/esschert-design-haken-fuer-hanging-basket-klein\/","url":"https:\/\/trendsandvision.nl\/de\/product\/esschert-design-haken-fuer-hanging-basket-klein\/","name":"Esschert Design Haken f\u00fcr Hanging Basket klein (BPH28, 8714982011382) - Trends & Vision","isPartOf":{"@id":"https:\/\/trendsandvision.nl\/de\/#website"},"primaryImageOfPage":{"@id":"https:\/\/trendsandvision.nl\/de\/product\/esschert-design-haken-fuer-hanging-basket-klein\/#primaryimage"},"image":{"@id":"https:\/\/trendsandvision.nl\/de\/product\/esschert-design-haken-fuer-hanging-basket-klein\/#primaryimage"},"thumbnailUrl":"https:\/\/trendsandvision.nl\/de\/wp-content\/uploads\/sites\/3\/2022\/04\/BPH28_01.jpg","datePublished":"2022-04-22T15:10:51+00:00","dateModified":"2026-04-22T12:53:54+00:00","description":"Esschert Design Haken f\u00fcr Hanging Basket klein: Gu\u00dfeisserner rostbrauner Haken. Bis 32 Kg. Passend zu Artikelnr. BPH25","breadcrumb":{"@id":"https:\/\/trendsandvision.nl\/de\/product\/esschert-design-haken-fuer-hanging-basket-klein\/#breadcrumb"},"inLanguage":"de","potentialAction":[{"@type":"ReadAction","target":["https:\/\/trendsandvision.nl\/de\/product\/esschert-design-haken-fuer-hanging-basket-klein\/"]}]},{"@type":"ImageObject","inLanguage":"de","@id":"https:\/\/trendsandvision.nl\/de\/product\/esschert-design-haken-fuer-hanging-basket-klein\/#primaryimage","url":"https:\/\/trendsandvision.nl\/de\/wp-content\/uploads\/sites\/3\/2022\/04\/BPH28_01.jpg","contentUrl":"https:\/\/trendsandvision.nl\/de\/wp-content\/uploads\/sites\/3\/2022\/04\/BPH28_01.jpg","width":800,"height":800,"caption":"Esschert Design Haken f\u00fcr Hanging Basket klein (BPH28"},{"@type":"BreadcrumbList","@id":"https:\/\/trendsandvision.nl\/de\/product\/esschert-design-haken-fuer-hanging-basket-klein\/#breadcrumb","itemListElement":[{"@type":"ListItem","position":1,"name":"Home","item":"https:\/\/trendsandvision.nl\/de\/"},{"@type":"ListItem","position":2,"name":"Gesch\u00e4ft","item":"https:\/\/trendsandvision.nl\/de\/geschaft\/"},{"@type":"ListItem","position":3,"name":"Esschert Design Haken f\u00fcr Hanging Basket klein"}]},{"@type":"WebSite","@id":"https:\/\/trendsandvision.nl\/de\/#website","url":"https:\/\/trendsandvision.nl\/de\/","name":"Trends &amp; Vision (DE)","description":"Der Webshop f\u00fcr Esschert Design Artikel","publisher":{"@id":"https:\/\/trendsandvision.nl\/de\/#organization"},"potentialAction":[{"@type":"SearchAction","target":{"@type":"EntryPoint","urlTemplate":"https:\/\/trendsandvision.nl\/de\/?s={search_term_string}"},"query-input":{"@type":"PropertyValueSpecification","valueRequired":true,"valueName":"search_term_string"}}],"inLanguage":"de"},{"@type":"Organization","@id":"https:\/\/trendsandvision.nl\/de\/#organization","name":"Trends &amp; Vision (DE)","url":"https:\/\/trendsandvision.nl\/de\/","logo":{"@type":"ImageObject","inLanguage":"de","@id":"https:\/\/trendsandvision.nl\/de\/#\/schema\/logo\/image\/","url":"https:\/\/trendsandvision.nl\/de\/wp-content\/uploads\/sites\/3\/2022\/04\/trends-and-vision-logo.jpg","contentUrl":"https:\/\/trendsandvision.nl\/de\/wp-content\/uploads\/sites\/3\/2022\/04\/trends-and-vision-logo.jpg","width":213,"height":100,"caption":"Trends &amp; Vision (DE)"},"image":{"@id":"https:\/\/trendsandvision.nl\/de\/#\/schema\/logo\/image\/"}}]}},"_links":{"self":[{"href":"https:\/\/trendsandvision.nl\/de\/wp-json\/wp\/v2\/product\/1681","targetHints":{"allow":["GET"]}}],"collection":[{"href":"https:\/\/trendsandvision.nl\/de\/wp-json\/wp\/v2\/product"}],"about":[{"href":"https:\/\/trendsandvision.nl\/de\/wp-json\/wp\/v2\/types\/product"}],"wp:featuredmedia":[{"embeddable":true,"href":"https:\/\/trendsandvision.nl\/de\/wp-json\/wp\/v2\/media\/1682"}],"wp:attachment":[{"href":"https:\/\/trendsandvision.nl\/de\/wp-json\/wp\/v2\/media?parent=1681"}],"wp:term":[{"taxonomy":"product_brand","embeddable":true,"href":"https:\/\/trendsandvision.nl\/de\/wp-json\/wp\/v2\/product_brand?post=1681"},{"taxonomy":"product_cat","embeddable":true,"href":"https:\/\/trendsandvision.nl\/de\/wp-json\/wp\/v2\/product_cat?post=1681"},{"taxonomy":"product_tag","embeddable":true,"href":"https:\/\/trendsandvision.nl\/de\/wp-json\/wp\/v2\/product_tag?post=1681"}],"curies":[{"name":"wp","href":"https:\/\/api.w.org\/{rel}","templated":true}]}}