{"id":1673,"date":"2022-04-22T17:10:26","date_gmt":"2022-04-22T15:10:26","guid":{"rendered":"https:\/\/trendsandvision.nl\/de\/product\/esschert-design-hanging-basket-gusseisen-25cm\/"},"modified":"2026-04-22T14:53:53","modified_gmt":"2026-04-22T12:53:53","slug":"esschert-design-hanging-basket-gusseisen-25-cm","status":"publish","type":"product","link":"https:\/\/trendsandvision.nl\/de\/product\/esschert-design-hanging-basket-gusseisen-25-cm\/","title":{"rendered":"Esschert Design Hanging Basket Gu\u00dfeisen 25 cm."},"content":{"rendered":"<p>Ein hanging basket sorgt den ganzen Sommer \u00fcber im Garten f\u00fcr Freude. Aufgeh\u00e4ngt werden kann er zum Beispiel an der Hauswand, neben der T\u00fcr, neben dem Fenster, an \u00c4sten eines Baumes, an einem Pfahl, zur gesagt die M\u00f6glichkeiten sind endlos. Diese klassische Variante passt in jeden Garten und bietet gen\u00fcgend Platz f\u00fcr zahlreiche H\u00e4ngepflanzen oder H\u00e4ngeerdbeeren. Dieser 25cmhanging basket ist mit einer Kokoseinlage ausgestattet, die f\u00fcr eine gute Drainage von \u00fcbersch\u00fc?igem Wasser sorgt.<\/p>\n<p>Artikelname Hanging Basket Gu\u00dfeisen 25cm<br \/>\nArtikelnummer BPH25<br \/>\nProduktgruppe(n) Garten &amp; Terrasse, T\u00f6pfe und Vasen, H\u00e4ngek\u00f6rbe<br \/>\nProduktabmessungen in cm L 25,8 x T 26 x H 13,4<br \/>\nMaterial Gusseisen, Kokosfaser<br \/>\nBruttogewicht 2,114 kg<br \/>\nNettogewicht 2,007 kg<br \/>\nBarcode 8714982011351<br \/>\nTragf\u00e4higkeit 10 kg<br \/>\n&#8211; Alle <strong><a href=\"https:\/\/trendsandvision.nl\/de\/?s=haken&amp;post_type=product&amp;dgwt_wcas=1\">Haken<\/a><\/strong><br \/>\n&#8211; Passender Haken, Artikelnr. <a href=\"https:\/\/trendsandvision.nl\/de\/product\/esschert-design-haken-fuer-hanging-basket-klein\/\">BPH28<\/a><\/p>\n","protected":false},"excerpt":{"rendered":"<p>&#8211; Tragf\u00e4higkeit 10 kg<br \/>\n&#8211; \u00f8 25 cm hanging basket<br \/>\n&#8211; inklusive Kokoseinlage<br \/>\n&#8211; inklusive Aufh\u00e4ngekette samt Haken<br \/>\n&#8211; passender Haken, <a href=\"https:\/\/trendsandvision.nl\/de\/product\/esschert-design-haken-fuer-hanging-basket-klein\/\">BPH28<\/a><br \/>\n&#8211; Alle <strong><a href=\"https:\/\/trendsandvision.nl\/de\/?s=haken&amp;post_type=product&amp;dgwt_wcas=1\">Haken<\/a><\/strong><\/p>\n","protected":false},"featured_media":1674,"template":"","meta":[],"product_brand":[9597,9598],"product_cat":[503],"product_tag":[6790,6853,7958],"class_list":{"0":"post-1673","1":"product","2":"type-product","3":"status-publish","4":"has-post-thumbnail","6":"product_brand-esschert-design","7":"product_brand-trends-and-vision","8":"product_cat-esscherts-garden","9":"product_tag-gusseisen","10":"product_tag-haengekoerbe","11":"product_tag-hanging-baskets","12":"pa_anbieter-esschert-design","13":"pa_ean-code-998","14":"pa_material-gusseissen-und-kokosmatte","15":"pa_messungen-o-265x155-cm","17":"first","18":"instock","19":"sale","20":"taxable","21":"shipping-taxable","22":"purchasable","23":"product-type-simple","24":"czr-hentry"},"yoast_head":"<!-- This site is optimized with the Yoast SEO Premium plugin v27.4 (Yoast SEO v27.4) - https:\/\/yoast.com\/product\/yoast-seo-premium-wordpress\/ -->\n<title>Esschert Design Hanging Basket Gu\u00dfeisen 25cm. (BPH25, 8714982011351) - Trends &amp; Vision<\/title>\n<meta name=\"description\" content=\"Esschert Design Hanging Basket Gu\u00dfeisen 25cm.: Gu\u00dfeiserne rostbraune Pflanzh\u00e4nger mit Kokoseinsatz. Passender Haken, Artikelnr. BPH28\" \/>\n<meta name=\"robots\" content=\"index, follow, max-snippet:-1, max-image-preview:large, max-video-preview:-1\" \/>\n<link rel=\"canonical\" href=\"https:\/\/trendsandvision.nl\/de\/product\/esschert-design-hanging-basket-gusseisen-25-cm\/\" \/>\n<meta property=\"og:locale\" content=\"de_DE\" \/>\n<meta property=\"og:type\" content=\"article\" \/>\n<meta property=\"og:title\" content=\"Esschert Design Hanging Basket Gu\u00dfeisen 25 cm.\" \/>\n<meta property=\"og:description\" content=\"Esschert Design Hanging Basket Gu\u00dfeisen 25cm.: Gu\u00dfeiserne rostbraune Pflanzh\u00e4nger mit Kokoseinsatz. Passender Haken, Artikelnr. BPH28\" \/>\n<meta property=\"og:url\" content=\"https:\/\/trendsandvision.nl\/de\/product\/esschert-design-hanging-basket-gusseisen-25-cm\/\" \/>\n<meta property=\"og:site_name\" content=\"Trends &amp; Vision (DE)\" \/>\n<meta property=\"article:modified_time\" content=\"2026-04-22T12:53:53+00:00\" \/>\n<meta property=\"og:image\" content=\"https:\/\/trendsandvision.nl\/de\/wp-content\/uploads\/sites\/3\/2022\/04\/BPH25_01.jpg\" \/>\n\t<meta property=\"og:image:width\" content=\"800\" \/>\n\t<meta property=\"og:image:height\" content=\"800\" \/>\n\t<meta property=\"og:image:type\" content=\"image\/jpeg\" \/>\n<meta name=\"twitter:card\" content=\"summary_large_image\" \/>\n<meta name=\"twitter:label1\" content=\"Gesch\u00e4tzte Lesezeit\" \/>\n\t<meta name=\"twitter:data1\" content=\"1\u00a0Minute\" \/>\n<script type=\"application\/ld+json\" class=\"yoast-schema-graph\">{\"@context\":\"https:\\\/\\\/schema.org\",\"@graph\":[{\"@type\":\"WebPage\",\"@id\":\"https:\\\/\\\/trendsandvision.nl\\\/de\\\/product\\\/esschert-design-hanging-basket-gusseisen-25-cm\\\/\",\"url\":\"https:\\\/\\\/trendsandvision.nl\\\/de\\\/product\\\/esschert-design-hanging-basket-gusseisen-25-cm\\\/\",\"name\":\"Esschert Design Hanging Basket Gu\u00dfeisen 25cm. (BPH25, 8714982011351) - Trends & Vision\",\"isPartOf\":{\"@id\":\"https:\\\/\\\/trendsandvision.nl\\\/de\\\/#website\"},\"primaryImageOfPage\":{\"@id\":\"https:\\\/\\\/trendsandvision.nl\\\/de\\\/product\\\/esschert-design-hanging-basket-gusseisen-25-cm\\\/#primaryimage\"},\"image\":{\"@id\":\"https:\\\/\\\/trendsandvision.nl\\\/de\\\/product\\\/esschert-design-hanging-basket-gusseisen-25-cm\\\/#primaryimage\"},\"thumbnailUrl\":\"https:\\\/\\\/trendsandvision.nl\\\/de\\\/wp-content\\\/uploads\\\/sites\\\/3\\\/2022\\\/04\\\/BPH25_01.jpg\",\"datePublished\":\"2022-04-22T15:10:26+00:00\",\"dateModified\":\"2026-04-22T12:53:53+00:00\",\"description\":\"Esschert Design Hanging Basket Gu\u00dfeisen 25cm.: Gu\u00dfeiserne rostbraune Pflanzh\u00e4nger mit Kokoseinsatz. Passender Haken, Artikelnr. BPH28\",\"breadcrumb\":{\"@id\":\"https:\\\/\\\/trendsandvision.nl\\\/de\\\/product\\\/esschert-design-hanging-basket-gusseisen-25-cm\\\/#breadcrumb\"},\"inLanguage\":\"de\",\"potentialAction\":[{\"@type\":\"ReadAction\",\"target\":[\"https:\\\/\\\/trendsandvision.nl\\\/de\\\/product\\\/esschert-design-hanging-basket-gusseisen-25-cm\\\/\"]}]},{\"@type\":\"ImageObject\",\"inLanguage\":\"de\",\"@id\":\"https:\\\/\\\/trendsandvision.nl\\\/de\\\/product\\\/esschert-design-hanging-basket-gusseisen-25-cm\\\/#primaryimage\",\"url\":\"https:\\\/\\\/trendsandvision.nl\\\/de\\\/wp-content\\\/uploads\\\/sites\\\/3\\\/2022\\\/04\\\/BPH25_01.jpg\",\"contentUrl\":\"https:\\\/\\\/trendsandvision.nl\\\/de\\\/wp-content\\\/uploads\\\/sites\\\/3\\\/2022\\\/04\\\/BPH25_01.jpg\",\"width\":800,\"height\":800,\"caption\":\"Esschert Design Hanging Basket Gu\u00dfeisen 25cm. (BPH25\"},{\"@type\":\"BreadcrumbList\",\"@id\":\"https:\\\/\\\/trendsandvision.nl\\\/de\\\/product\\\/esschert-design-hanging-basket-gusseisen-25-cm\\\/#breadcrumb\",\"itemListElement\":[{\"@type\":\"ListItem\",\"position\":1,\"name\":\"Home\",\"item\":\"https:\\\/\\\/trendsandvision.nl\\\/de\\\/\"},{\"@type\":\"ListItem\",\"position\":2,\"name\":\"Gesch\u00e4ft\",\"item\":\"https:\\\/\\\/trendsandvision.nl\\\/de\\\/geschaft\\\/\"},{\"@type\":\"ListItem\",\"position\":3,\"name\":\"Esschert Design Hanging Basket Gu\u00dfeisen 25 cm.\"}]},{\"@type\":\"WebSite\",\"@id\":\"https:\\\/\\\/trendsandvision.nl\\\/de\\\/#website\",\"url\":\"https:\\\/\\\/trendsandvision.nl\\\/de\\\/\",\"name\":\"Trends &amp; Vision (DE)\",\"description\":\"Der Webshop f\u00fcr Esschert Design Artikel\",\"publisher\":{\"@id\":\"https:\\\/\\\/trendsandvision.nl\\\/de\\\/#organization\"},\"potentialAction\":[{\"@type\":\"SearchAction\",\"target\":{\"@type\":\"EntryPoint\",\"urlTemplate\":\"https:\\\/\\\/trendsandvision.nl\\\/de\\\/?s={search_term_string}\"},\"query-input\":{\"@type\":\"PropertyValueSpecification\",\"valueRequired\":true,\"valueName\":\"search_term_string\"}}],\"inLanguage\":\"de\"},{\"@type\":\"Organization\",\"@id\":\"https:\\\/\\\/trendsandvision.nl\\\/de\\\/#organization\",\"name\":\"Trends &amp; Vision (DE)\",\"url\":\"https:\\\/\\\/trendsandvision.nl\\\/de\\\/\",\"logo\":{\"@type\":\"ImageObject\",\"inLanguage\":\"de\",\"@id\":\"https:\\\/\\\/trendsandvision.nl\\\/de\\\/#\\\/schema\\\/logo\\\/image\\\/\",\"url\":\"https:\\\/\\\/trendsandvision.nl\\\/de\\\/wp-content\\\/uploads\\\/sites\\\/3\\\/2022\\\/04\\\/trends-and-vision-logo.jpg\",\"contentUrl\":\"https:\\\/\\\/trendsandvision.nl\\\/de\\\/wp-content\\\/uploads\\\/sites\\\/3\\\/2022\\\/04\\\/trends-and-vision-logo.jpg\",\"width\":213,\"height\":100,\"caption\":\"Trends &amp; Vision (DE)\"},\"image\":{\"@id\":\"https:\\\/\\\/trendsandvision.nl\\\/de\\\/#\\\/schema\\\/logo\\\/image\\\/\"}}]}<\/script>\n<!-- \/ Yoast SEO Premium plugin. -->","yoast_head_json":{"title":"Esschert Design Hanging Basket Gu\u00dfeisen 25cm. (BPH25, 8714982011351) - Trends & Vision","description":"Esschert Design Hanging Basket Gu\u00dfeisen 25cm.: Gu\u00dfeiserne rostbraune Pflanzh\u00e4nger mit Kokoseinsatz. Passender Haken, Artikelnr. BPH28","robots":{"index":"index","follow":"follow","max-snippet":"max-snippet:-1","max-image-preview":"max-image-preview:large","max-video-preview":"max-video-preview:-1"},"canonical":"https:\/\/trendsandvision.nl\/de\/product\/esschert-design-hanging-basket-gusseisen-25-cm\/","og_locale":"de_DE","og_type":"article","og_title":"Esschert Design Hanging Basket Gu\u00dfeisen 25 cm.","og_description":"Esschert Design Hanging Basket Gu\u00dfeisen 25cm.: Gu\u00dfeiserne rostbraune Pflanzh\u00e4nger mit Kokoseinsatz. Passender Haken, Artikelnr. BPH28","og_url":"https:\/\/trendsandvision.nl\/de\/product\/esschert-design-hanging-basket-gusseisen-25-cm\/","og_site_name":"Trends &amp; Vision (DE)","article_modified_time":"2026-04-22T12:53:53+00:00","og_image":[{"width":800,"height":800,"url":"https:\/\/trendsandvision.nl\/de\/wp-content\/uploads\/sites\/3\/2022\/04\/BPH25_01.jpg","type":"image\/jpeg"}],"twitter_card":"summary_large_image","twitter_misc":{"Gesch\u00e4tzte Lesezeit":"1\u00a0Minute"},"schema":{"@context":"https:\/\/schema.org","@graph":[{"@type":"WebPage","@id":"https:\/\/trendsandvision.nl\/de\/product\/esschert-design-hanging-basket-gusseisen-25-cm\/","url":"https:\/\/trendsandvision.nl\/de\/product\/esschert-design-hanging-basket-gusseisen-25-cm\/","name":"Esschert Design Hanging Basket Gu\u00dfeisen 25cm. (BPH25, 8714982011351) - Trends & Vision","isPartOf":{"@id":"https:\/\/trendsandvision.nl\/de\/#website"},"primaryImageOfPage":{"@id":"https:\/\/trendsandvision.nl\/de\/product\/esschert-design-hanging-basket-gusseisen-25-cm\/#primaryimage"},"image":{"@id":"https:\/\/trendsandvision.nl\/de\/product\/esschert-design-hanging-basket-gusseisen-25-cm\/#primaryimage"},"thumbnailUrl":"https:\/\/trendsandvision.nl\/de\/wp-content\/uploads\/sites\/3\/2022\/04\/BPH25_01.jpg","datePublished":"2022-04-22T15:10:26+00:00","dateModified":"2026-04-22T12:53:53+00:00","description":"Esschert Design Hanging Basket Gu\u00dfeisen 25cm.: Gu\u00dfeiserne rostbraune Pflanzh\u00e4nger mit Kokoseinsatz. Passender Haken, Artikelnr. BPH28","breadcrumb":{"@id":"https:\/\/trendsandvision.nl\/de\/product\/esschert-design-hanging-basket-gusseisen-25-cm\/#breadcrumb"},"inLanguage":"de","potentialAction":[{"@type":"ReadAction","target":["https:\/\/trendsandvision.nl\/de\/product\/esschert-design-hanging-basket-gusseisen-25-cm\/"]}]},{"@type":"ImageObject","inLanguage":"de","@id":"https:\/\/trendsandvision.nl\/de\/product\/esschert-design-hanging-basket-gusseisen-25-cm\/#primaryimage","url":"https:\/\/trendsandvision.nl\/de\/wp-content\/uploads\/sites\/3\/2022\/04\/BPH25_01.jpg","contentUrl":"https:\/\/trendsandvision.nl\/de\/wp-content\/uploads\/sites\/3\/2022\/04\/BPH25_01.jpg","width":800,"height":800,"caption":"Esschert Design Hanging Basket Gu\u00dfeisen 25cm. (BPH25"},{"@type":"BreadcrumbList","@id":"https:\/\/trendsandvision.nl\/de\/product\/esschert-design-hanging-basket-gusseisen-25-cm\/#breadcrumb","itemListElement":[{"@type":"ListItem","position":1,"name":"Home","item":"https:\/\/trendsandvision.nl\/de\/"},{"@type":"ListItem","position":2,"name":"Gesch\u00e4ft","item":"https:\/\/trendsandvision.nl\/de\/geschaft\/"},{"@type":"ListItem","position":3,"name":"Esschert Design Hanging Basket Gu\u00dfeisen 25 cm."}]},{"@type":"WebSite","@id":"https:\/\/trendsandvision.nl\/de\/#website","url":"https:\/\/trendsandvision.nl\/de\/","name":"Trends &amp; Vision (DE)","description":"Der Webshop f\u00fcr Esschert Design Artikel","publisher":{"@id":"https:\/\/trendsandvision.nl\/de\/#organization"},"potentialAction":[{"@type":"SearchAction","target":{"@type":"EntryPoint","urlTemplate":"https:\/\/trendsandvision.nl\/de\/?s={search_term_string}"},"query-input":{"@type":"PropertyValueSpecification","valueRequired":true,"valueName":"search_term_string"}}],"inLanguage":"de"},{"@type":"Organization","@id":"https:\/\/trendsandvision.nl\/de\/#organization","name":"Trends &amp; Vision (DE)","url":"https:\/\/trendsandvision.nl\/de\/","logo":{"@type":"ImageObject","inLanguage":"de","@id":"https:\/\/trendsandvision.nl\/de\/#\/schema\/logo\/image\/","url":"https:\/\/trendsandvision.nl\/de\/wp-content\/uploads\/sites\/3\/2022\/04\/trends-and-vision-logo.jpg","contentUrl":"https:\/\/trendsandvision.nl\/de\/wp-content\/uploads\/sites\/3\/2022\/04\/trends-and-vision-logo.jpg","width":213,"height":100,"caption":"Trends &amp; Vision (DE)"},"image":{"@id":"https:\/\/trendsandvision.nl\/de\/#\/schema\/logo\/image\/"}}]}},"_links":{"self":[{"href":"https:\/\/trendsandvision.nl\/de\/wp-json\/wp\/v2\/product\/1673","targetHints":{"allow":["GET"]}}],"collection":[{"href":"https:\/\/trendsandvision.nl\/de\/wp-json\/wp\/v2\/product"}],"about":[{"href":"https:\/\/trendsandvision.nl\/de\/wp-json\/wp\/v2\/types\/product"}],"wp:featuredmedia":[{"embeddable":true,"href":"https:\/\/trendsandvision.nl\/de\/wp-json\/wp\/v2\/media\/1674"}],"wp:attachment":[{"href":"https:\/\/trendsandvision.nl\/de\/wp-json\/wp\/v2\/media?parent=1673"}],"wp:term":[{"taxonomy":"product_brand","embeddable":true,"href":"https:\/\/trendsandvision.nl\/de\/wp-json\/wp\/v2\/product_brand?post=1673"},{"taxonomy":"product_cat","embeddable":true,"href":"https:\/\/trendsandvision.nl\/de\/wp-json\/wp\/v2\/product_cat?post=1673"},{"taxonomy":"product_tag","embeddable":true,"href":"https:\/\/trendsandvision.nl\/de\/wp-json\/wp\/v2\/product_tag?post=1673"}],"curies":[{"name":"wp","href":"https:\/\/api.w.org\/{rel}","templated":true}]}}