{"id":1669,"date":"2022-04-22T17:10:26","date_gmt":"2022-04-22T15:10:26","guid":{"rendered":"https:\/\/trendsandvision.nl\/de\/product\/esschert-design-gusseisen-fensterrahmen-beetkasten\/"},"modified":"2026-04-07T10:21:53","modified_gmt":"2026-04-07T08:21:53","slug":"esschert-design-gusseisen-fensterrahmen-beetkasten","status":"publish","type":"product","link":"https:\/\/trendsandvision.nl\/de\/product\/esschert-design-gusseisen-fensterrahmen-beetkasten\/","title":{"rendered":"Esschert Design Gu\u00dfeisen Fensterrahmen, Beetkasten"},"content":{"rendered":"<p>Pflanzenregale aus Gusseisen mit einer sch\u00f6n verzierten geraden R\u00fcckseite. Mit einem praktischen Fach an der Vorderseite zum Platzieren von Pflanzen ausgestattet. Dank der vorgebohrten L\u00f6cher im Halter l\u00e4sst es sich leicht aufh\u00e4ngen.<br \/>\nGusseiserne antik-rostbraune Fenster in viktorianischem Stil mit Pflanzkasten. 3 Motive\/Wahl: rechteckig, halbrund oder elipsenf\u00f6rmig \u00b1 12 x 25 x 11 cm.<br \/>\nIhre Wahl der Form (Preis ist pro St\u00fcck) angeben, in &#8222;Anmerkungen zu meiner Bestellung.&#8220; Ohne Blumentopf.<\/p>\n<p>Artikelname Gussfensterrahmen Beetkasten Wahl<br \/>\nArtikelnummer BPH19<br \/>\nProduktgruppe(n) Garten&amp;Terrasse, T\u00f6pfe und Vasen, <strong><a href=\"https:\/\/trendsandvision.nl\/de\/?s=Blumentopfhalter&amp;post_type=product&amp;dgwt_wcas=1\">Blumentopfhalter<\/a><\/strong><br \/>\nProduktabmessungen in cm L 27,9 x T 14,2 x H 44,4<br \/>\nMaterial Gusseisen<br \/>\nNettogewicht 4,2 kg<\/p>\n","protected":false},"excerpt":{"rendered":"<p>Produktabmessungen in cm L 27,9 x T 14,2 x H 44,4<br \/>\nMaterial Gusseisen<br \/>\nNettogewicht 4,2 kg<br \/>\nBarcode 8714982010415<\/p>\n","protected":false},"featured_media":1670,"template":"","meta":[],"product_brand":[9597,9598],"product_cat":[503],"product_tag":[8005,8004,6790],"class_list":{"0":"post-1669","1":"product","2":"type-product","3":"status-publish","4":"has-post-thumbnail","6":"product_brand-esschert-design","7":"product_brand-trends-and-vision","8":"product_cat-esscherts-garden","9":"product_tag-beetkasten","10":"product_tag-fensterrahmen","11":"product_tag-gusseisen","12":"pa_anbieter-esschert-design","13":"pa_ean-code-992","14":"pa_material-gusseisen","15":"pa_messungen-277x139x45-cm","17":"first","18":"instock","19":"sale","20":"taxable","21":"shipping-taxable","22":"purchasable","23":"product-type-simple","24":"czr-hentry"},"yoast_head":"<!-- This site is optimized with the Yoast SEO Premium plugin v26.4 (Yoast SEO v27.4) - https:\/\/yoast.com\/product\/yoast-seo-premium-wordpress\/ -->\n<title>Esschert Design Gu\u00dfeisen Fensterrahmen, Beetkasten (BPH19, 8714982010415) - Trends &amp; Vision<\/title>\n<meta name=\"description\" content=\"Esschert Design Gu\u00dfeisen Fensterrahmen, Beetkasten: Gu\u00dfeisernes rostbraunes Fenster mit Pflanzkasten in viktorianischer Stil. In 4er Set: rechteckig, ha\" \/>\n<meta name=\"robots\" content=\"index, follow, max-snippet:-1, max-image-preview:large, max-video-preview:-1\" \/>\n<link rel=\"canonical\" href=\"https:\/\/trendsandvision.nl\/de\/product\/esschert-design-gusseisen-fensterrahmen-beetkasten\/\" \/>\n<meta property=\"og:locale\" content=\"de_DE\" \/>\n<meta property=\"og:type\" content=\"article\" \/>\n<meta property=\"og:title\" content=\"Esschert Design Gu\u00dfeisen Fensterrahmen, Beetkasten\" \/>\n<meta property=\"og:description\" content=\"Esschert Design Gu\u00dfeisen Fensterrahmen, Beetkasten: Gu\u00dfeisernes rostbraunes Fenster mit Pflanzkasten in viktorianischer Stil. In 4er Set: rechteckig, ha\" \/>\n<meta property=\"og:url\" content=\"https:\/\/trendsandvision.nl\/de\/product\/esschert-design-gusseisen-fensterrahmen-beetkasten\/\" \/>\n<meta property=\"og:site_name\" content=\"Trends &amp; Vision (DE)\" \/>\n<meta property=\"article:modified_time\" content=\"2026-04-07T08:21:53+00:00\" \/>\n<meta property=\"og:image\" content=\"https:\/\/trendsandvision.nl\/de\/wp-content\/uploads\/sites\/3\/2022\/04\/BPH19_01.jpg\" \/>\n\t<meta property=\"og:image:width\" content=\"800\" \/>\n\t<meta property=\"og:image:height\" content=\"800\" \/>\n\t<meta property=\"og:image:type\" content=\"image\/jpeg\" \/>\n<meta name=\"twitter:card\" content=\"summary_large_image\" \/>\n<meta name=\"twitter:label1\" content=\"Gesch\u00e4tzte Lesezeit\" \/>\n\t<meta name=\"twitter:data1\" content=\"1\u00a0Minute\" \/>\n<script type=\"application\/ld+json\" class=\"yoast-schema-graph\">{\"@context\":\"https:\\\/\\\/schema.org\",\"@graph\":[{\"@type\":\"WebPage\",\"@id\":\"https:\\\/\\\/trendsandvision.nl\\\/de\\\/product\\\/esschert-design-gusseisen-fensterrahmen-beetkasten\\\/\",\"url\":\"https:\\\/\\\/trendsandvision.nl\\\/de\\\/product\\\/esschert-design-gusseisen-fensterrahmen-beetkasten\\\/\",\"name\":\"Esschert Design Gu\u00dfeisen Fensterrahmen, Beetkasten (BPH19, 8714982010415) - Trends & Vision\",\"isPartOf\":{\"@id\":\"https:\\\/\\\/trendsandvision.nl\\\/de\\\/#website\"},\"primaryImageOfPage\":{\"@id\":\"https:\\\/\\\/trendsandvision.nl\\\/de\\\/product\\\/esschert-design-gusseisen-fensterrahmen-beetkasten\\\/#primaryimage\"},\"image\":{\"@id\":\"https:\\\/\\\/trendsandvision.nl\\\/de\\\/product\\\/esschert-design-gusseisen-fensterrahmen-beetkasten\\\/#primaryimage\"},\"thumbnailUrl\":\"https:\\\/\\\/trendsandvision.nl\\\/de\\\/wp-content\\\/uploads\\\/sites\\\/3\\\/2022\\\/04\\\/BPH19_01.jpg\",\"datePublished\":\"2022-04-22T15:10:26+00:00\",\"dateModified\":\"2026-04-07T08:21:53+00:00\",\"description\":\"Esschert Design Gu\u00dfeisen Fensterrahmen, Beetkasten: Gu\u00dfeisernes rostbraunes Fenster mit Pflanzkasten in viktorianischer Stil. In 4er Set: rechteckig, ha\",\"breadcrumb\":{\"@id\":\"https:\\\/\\\/trendsandvision.nl\\\/de\\\/product\\\/esschert-design-gusseisen-fensterrahmen-beetkasten\\\/#breadcrumb\"},\"inLanguage\":\"de\",\"potentialAction\":[{\"@type\":\"ReadAction\",\"target\":[\"https:\\\/\\\/trendsandvision.nl\\\/de\\\/product\\\/esschert-design-gusseisen-fensterrahmen-beetkasten\\\/\"]}]},{\"@type\":\"ImageObject\",\"inLanguage\":\"de\",\"@id\":\"https:\\\/\\\/trendsandvision.nl\\\/de\\\/product\\\/esschert-design-gusseisen-fensterrahmen-beetkasten\\\/#primaryimage\",\"url\":\"https:\\\/\\\/trendsandvision.nl\\\/de\\\/wp-content\\\/uploads\\\/sites\\\/3\\\/2022\\\/04\\\/BPH19_01.jpg\",\"contentUrl\":\"https:\\\/\\\/trendsandvision.nl\\\/de\\\/wp-content\\\/uploads\\\/sites\\\/3\\\/2022\\\/04\\\/BPH19_01.jpg\",\"width\":800,\"height\":800,\"caption\":\"Esschert Design Gu\u00dfeisen Fensterrahmen\"},{\"@type\":\"BreadcrumbList\",\"@id\":\"https:\\\/\\\/trendsandvision.nl\\\/de\\\/product\\\/esschert-design-gusseisen-fensterrahmen-beetkasten\\\/#breadcrumb\",\"itemListElement\":[{\"@type\":\"ListItem\",\"position\":1,\"name\":\"Home\",\"item\":\"https:\\\/\\\/trendsandvision.nl\\\/de\\\/\"},{\"@type\":\"ListItem\",\"position\":2,\"name\":\"Gesch\u00e4ft\",\"item\":\"https:\\\/\\\/trendsandvision.nl\\\/de\\\/geschaft\\\/\"},{\"@type\":\"ListItem\",\"position\":3,\"name\":\"Esschert Design Gu\u00dfeisen Fensterrahmen, Beetkasten\"}]},{\"@type\":\"WebSite\",\"@id\":\"https:\\\/\\\/trendsandvision.nl\\\/de\\\/#website\",\"url\":\"https:\\\/\\\/trendsandvision.nl\\\/de\\\/\",\"name\":\"Trends &amp; Vision (DE)\",\"description\":\"Der Webshop f\u00fcr Esschert Design Artikel\",\"publisher\":{\"@id\":\"https:\\\/\\\/trendsandvision.nl\\\/de\\\/#organization\"},\"potentialAction\":[{\"@type\":\"SearchAction\",\"target\":{\"@type\":\"EntryPoint\",\"urlTemplate\":\"https:\\\/\\\/trendsandvision.nl\\\/de\\\/?s={search_term_string}\"},\"query-input\":{\"@type\":\"PropertyValueSpecification\",\"valueRequired\":true,\"valueName\":\"search_term_string\"}}],\"inLanguage\":\"de\"},{\"@type\":\"Organization\",\"@id\":\"https:\\\/\\\/trendsandvision.nl\\\/de\\\/#organization\",\"name\":\"Trends &amp; Vision (DE)\",\"url\":\"https:\\\/\\\/trendsandvision.nl\\\/de\\\/\",\"logo\":{\"@type\":\"ImageObject\",\"inLanguage\":\"de\",\"@id\":\"https:\\\/\\\/trendsandvision.nl\\\/de\\\/#\\\/schema\\\/logo\\\/image\\\/\",\"url\":\"https:\\\/\\\/trendsandvision.nl\\\/de\\\/wp-content\\\/uploads\\\/sites\\\/3\\\/2022\\\/04\\\/trends-and-vision-logo.jpg\",\"contentUrl\":\"https:\\\/\\\/trendsandvision.nl\\\/de\\\/wp-content\\\/uploads\\\/sites\\\/3\\\/2022\\\/04\\\/trends-and-vision-logo.jpg\",\"width\":213,\"height\":100,\"caption\":\"Trends &amp; Vision (DE)\"},\"image\":{\"@id\":\"https:\\\/\\\/trendsandvision.nl\\\/de\\\/#\\\/schema\\\/logo\\\/image\\\/\"}}]}<\/script>\n<!-- \/ Yoast SEO Premium plugin. -->","yoast_head_json":{"title":"Esschert Design Gu\u00dfeisen Fensterrahmen, Beetkasten (BPH19, 8714982010415) - Trends & Vision","description":"Esschert Design Gu\u00dfeisen Fensterrahmen, Beetkasten: Gu\u00dfeisernes rostbraunes Fenster mit Pflanzkasten in viktorianischer Stil. In 4er Set: rechteckig, ha","robots":{"index":"index","follow":"follow","max-snippet":"max-snippet:-1","max-image-preview":"max-image-preview:large","max-video-preview":"max-video-preview:-1"},"canonical":"https:\/\/trendsandvision.nl\/de\/product\/esschert-design-gusseisen-fensterrahmen-beetkasten\/","og_locale":"de_DE","og_type":"article","og_title":"Esschert Design Gu\u00dfeisen Fensterrahmen, Beetkasten","og_description":"Esschert Design Gu\u00dfeisen Fensterrahmen, Beetkasten: Gu\u00dfeisernes rostbraunes Fenster mit Pflanzkasten in viktorianischer Stil. In 4er Set: rechteckig, ha","og_url":"https:\/\/trendsandvision.nl\/de\/product\/esschert-design-gusseisen-fensterrahmen-beetkasten\/","og_site_name":"Trends &amp; Vision (DE)","article_modified_time":"2026-04-07T08:21:53+00:00","og_image":[{"width":800,"height":800,"url":"https:\/\/trendsandvision.nl\/de\/wp-content\/uploads\/sites\/3\/2022\/04\/BPH19_01.jpg","type":"image\/jpeg"}],"twitter_card":"summary_large_image","twitter_misc":{"Gesch\u00e4tzte Lesezeit":"1\u00a0Minute"},"schema":{"@context":"https:\/\/schema.org","@graph":[{"@type":"WebPage","@id":"https:\/\/trendsandvision.nl\/de\/product\/esschert-design-gusseisen-fensterrahmen-beetkasten\/","url":"https:\/\/trendsandvision.nl\/de\/product\/esschert-design-gusseisen-fensterrahmen-beetkasten\/","name":"Esschert Design Gu\u00dfeisen Fensterrahmen, Beetkasten (BPH19, 8714982010415) - Trends & Vision","isPartOf":{"@id":"https:\/\/trendsandvision.nl\/de\/#website"},"primaryImageOfPage":{"@id":"https:\/\/trendsandvision.nl\/de\/product\/esschert-design-gusseisen-fensterrahmen-beetkasten\/#primaryimage"},"image":{"@id":"https:\/\/trendsandvision.nl\/de\/product\/esschert-design-gusseisen-fensterrahmen-beetkasten\/#primaryimage"},"thumbnailUrl":"https:\/\/trendsandvision.nl\/de\/wp-content\/uploads\/sites\/3\/2022\/04\/BPH19_01.jpg","datePublished":"2022-04-22T15:10:26+00:00","dateModified":"2026-04-07T08:21:53+00:00","description":"Esschert Design Gu\u00dfeisen Fensterrahmen, Beetkasten: Gu\u00dfeisernes rostbraunes Fenster mit Pflanzkasten in viktorianischer Stil. In 4er Set: rechteckig, ha","breadcrumb":{"@id":"https:\/\/trendsandvision.nl\/de\/product\/esschert-design-gusseisen-fensterrahmen-beetkasten\/#breadcrumb"},"inLanguage":"de","potentialAction":[{"@type":"ReadAction","target":["https:\/\/trendsandvision.nl\/de\/product\/esschert-design-gusseisen-fensterrahmen-beetkasten\/"]}]},{"@type":"ImageObject","inLanguage":"de","@id":"https:\/\/trendsandvision.nl\/de\/product\/esschert-design-gusseisen-fensterrahmen-beetkasten\/#primaryimage","url":"https:\/\/trendsandvision.nl\/de\/wp-content\/uploads\/sites\/3\/2022\/04\/BPH19_01.jpg","contentUrl":"https:\/\/trendsandvision.nl\/de\/wp-content\/uploads\/sites\/3\/2022\/04\/BPH19_01.jpg","width":800,"height":800,"caption":"Esschert Design Gu\u00dfeisen Fensterrahmen"},{"@type":"BreadcrumbList","@id":"https:\/\/trendsandvision.nl\/de\/product\/esschert-design-gusseisen-fensterrahmen-beetkasten\/#breadcrumb","itemListElement":[{"@type":"ListItem","position":1,"name":"Home","item":"https:\/\/trendsandvision.nl\/de\/"},{"@type":"ListItem","position":2,"name":"Gesch\u00e4ft","item":"https:\/\/trendsandvision.nl\/de\/geschaft\/"},{"@type":"ListItem","position":3,"name":"Esschert Design Gu\u00dfeisen Fensterrahmen, Beetkasten"}]},{"@type":"WebSite","@id":"https:\/\/trendsandvision.nl\/de\/#website","url":"https:\/\/trendsandvision.nl\/de\/","name":"Trends &amp; Vision (DE)","description":"Der Webshop f\u00fcr Esschert Design Artikel","publisher":{"@id":"https:\/\/trendsandvision.nl\/de\/#organization"},"potentialAction":[{"@type":"SearchAction","target":{"@type":"EntryPoint","urlTemplate":"https:\/\/trendsandvision.nl\/de\/?s={search_term_string}"},"query-input":{"@type":"PropertyValueSpecification","valueRequired":true,"valueName":"search_term_string"}}],"inLanguage":"de"},{"@type":"Organization","@id":"https:\/\/trendsandvision.nl\/de\/#organization","name":"Trends &amp; Vision (DE)","url":"https:\/\/trendsandvision.nl\/de\/","logo":{"@type":"ImageObject","inLanguage":"de","@id":"https:\/\/trendsandvision.nl\/de\/#\/schema\/logo\/image\/","url":"https:\/\/trendsandvision.nl\/de\/wp-content\/uploads\/sites\/3\/2022\/04\/trends-and-vision-logo.jpg","contentUrl":"https:\/\/trendsandvision.nl\/de\/wp-content\/uploads\/sites\/3\/2022\/04\/trends-and-vision-logo.jpg","width":213,"height":100,"caption":"Trends &amp; Vision (DE)"},"image":{"@id":"https:\/\/trendsandvision.nl\/de\/#\/schema\/logo\/image\/"}}]}},"_links":{"self":[{"href":"https:\/\/trendsandvision.nl\/de\/wp-json\/wp\/v2\/product\/1669","targetHints":{"allow":["GET"]}}],"collection":[{"href":"https:\/\/trendsandvision.nl\/de\/wp-json\/wp\/v2\/product"}],"about":[{"href":"https:\/\/trendsandvision.nl\/de\/wp-json\/wp\/v2\/types\/product"}],"wp:featuredmedia":[{"embeddable":true,"href":"https:\/\/trendsandvision.nl\/de\/wp-json\/wp\/v2\/media\/1670"}],"wp:attachment":[{"href":"https:\/\/trendsandvision.nl\/de\/wp-json\/wp\/v2\/media?parent=1669"}],"wp:term":[{"taxonomy":"product_brand","embeddable":true,"href":"https:\/\/trendsandvision.nl\/de\/wp-json\/wp\/v2\/product_brand?post=1669"},{"taxonomy":"product_cat","embeddable":true,"href":"https:\/\/trendsandvision.nl\/de\/wp-json\/wp\/v2\/product_cat?post=1669"},{"taxonomy":"product_tag","embeddable":true,"href":"https:\/\/trendsandvision.nl\/de\/wp-json\/wp\/v2\/product_tag?post=1669"}],"curies":[{"name":"wp","href":"https:\/\/api.w.org\/{rel}","templated":true}]}}