{"id":16053,"date":"2024-08-17T12:16:51","date_gmt":"2024-08-17T10:16:51","guid":{"rendered":"https:\/\/trendsandvision.nl\/de\/?post_type=product&#038;p=16053"},"modified":"2026-03-13T10:23:24","modified_gmt":"2026-03-13T09:23:24","slug":"esschert-design-insektenhotel-xxxl-wa49","status":"publish","type":"product","link":"https:\/\/trendsandvision.nl\/de\/product\/esschert-design-insektenhotel-xxxl-wa49\/","title":{"rendered":"Esschert Design Insektenhotel XXXL WA49"},"content":{"rendered":"<p>Esschert Design Insektenhotel XXXL.<br \/>\n<span style=\"text-decoration: underline\"><strong>VERF\u00dcGBAR: IM LAGER, INTERESSE? SCHREIBEN SIE UNS EINE E-MAIL UND WIR TEILEN IHNEN DEN LIEFERTERMIN MIT:<\/strong><\/span><\/p>\n<p>Sehr lehrreich und auch eine angemessene Umwelterkl\u00e4rung.<br \/>\nUnseres gro\u00dfe Insektenhaus: 130,0 x 95,0 x 210,0 cm, geeignet f\u00fcr gro\u00dfe (Gem\u00fcse-)G\u00e4rten, in der N\u00e4he von Schulen, aber auch in Parks und Privatg\u00e4rten.<\/p>\n<p>F\u00fcr die kleineren Varianten klicken Sie <a href=\"https:\/\/trendsandvision.de\/?s=insektenh&amp;post_type=product&amp;dgwt_wcas=1\">Hier<\/a><\/p>\n<p>F\u00fcr: <strong><a href=\"https:\/\/trendsandvision.nl\/de\/?s=biene&amp;post_type=product&amp;dgwt_wcas=1\">Solit\u00e4rbienen<\/a><\/strong>, verschiedene <strong><a href=\"https:\/\/trendsandvision.nl\/de\/?s=Schmetterling&amp;post_type=product&amp;dgwt_wcas=1\">Schmetterlingsarten<\/a><\/strong>, <strong><a href=\"https:\/\/trendsandvision.nl\/de\/?s=insekte&amp;post_type=product&amp;dgwt_wcas=1\">Florfliegen, Marienk\u00e4fer, Ohrw\u00fcrmer<\/a><\/strong> usw. <\/p>\n<p>Insekten erf\u00fcllen in unseren G\u00e4rten viele Aufgaben. Beispielsweise best\u00e4uben sie Pflanzen und wirken als nat\u00fcrliche Sch\u00e4dlingsbek\u00e4mpfer. Mit diesem gro\u00dfen Insektenhotel bieten Sie verschiedenen Insektenarten die M\u00f6glichkeit zum Nisten und \u00dcberwintern. <\/p>\n<p>Der nat\u00fcrliche Lebensraum vieler Insektenarten ist durch Ver\u00e4nderungen in ihrer Umwelt bedroht. Auf diese Weise k\u00f6nnen wir ihnen helfen und sie sch\u00fctzen.<br \/>\nDie biologische Vielfalt ist f\u00fcr die Erhaltung unseres Planeten und unserer zuk\u00fcnftigen Generationen von entscheidender Bedeutung. <\/p>\n<p>Leider sind viele \u00d6kosysteme und Arten durch menschliche Aktivit\u00e4ten bedroht. Um diesen Problemen zu begegnen, stehen verschiedene Subventionen zur F\u00f6rderung der Biodiversit\u00e4t zur Verf\u00fcgung. Sie m\u00f6chten (als Unternehmen oder Privatperson) etwas tun, um die Artenvielfalt in der Region zu f\u00f6rdern?<\/p>\n<p>FOTO IV: Versandart auf Pallet (= inklusive, frachtfrei wenn m\u00f6glich oder kleine Beitrag)<\/p>\n<p>Steht uA im Ferienpark Landal, <a href=\"https:\/\/www.landal.nl\/parken\/de-reeuwijkse-plassen\" target=\"_blank\" rel=\"noopener\">de Reeuwijkse plassen<\/a>, aber auch in \u00f6ffentlichen \u00f6kologischen H\u00f6fen, in verschiedenen internationalen Kindertagesst\u00e4tten in Deutschland \/ Europa<\/p>\n<p><a href=\"https:\/\/www.deutschland.de\/de\/topic\/umwelt\/bienenschutz-in-deutschland-den-artenschutz-foerdern\" target=\"_blank\">Bienenschutz<\/a><\/p>\n<p>Produzent <a href=\"https:\/\/www.esschertdesign.com\/shop\/de\/catalogsearch\/result\/?q=insektenhotel\" target=\"_blank\">Esschert Design<\/a><\/p>\n","protected":false},"excerpt":{"rendered":"<p>Insektenhotel XXXL (WA49):<br \/>\nLieferung auf Palette<br \/>\n130 x 95 x 210 cm<br \/>\nGro\u00dfes Insektenhotel mit verschiedenen F\u00e4chern<br \/>\nMit vielen Informationen f\u00fcr p\u00e4dagogische Zwecke<br \/>\nGeeignet f\u00fcr Bienen, Marienk\u00e4fer, Florfliegen,<br \/>\nK\u00e4fer, Schmetterlinge, Heuschrecken usw.<br \/>\nSch\u00f6n f\u00fcr den Garten, aber auch sehr gut geeignet <\/p>\n","protected":false},"featured_media":16054,"template":"","meta":[],"product_brand":[9597,9598],"product_cat":[1315,503],"product_tag":[6750,6752,6751],"class_list":{"0":"post-16053","1":"product","2":"type-product","3":"status-publish","4":"has-post-thumbnail","6":"product_brand-esschert-design","7":"product_brand-trends-and-vision","8":"product_cat-best-for-birds","9":"product_cat-esscherts-garden","10":"product_tag-insektenhotel","11":"product_tag-schmetterlingsarten","12":"product_tag-schulen","14":"first","15":"instock","16":"sale","17":"featured","18":"taxable","19":"shipping-taxable","20":"purchasable","21":"product-type-simple","22":"czr-hentry"},"yoast_head":"<!-- This site is optimized with the Yoast SEO Premium plugin v26.4 (Yoast SEO v27.4) - https:\/\/yoast.com\/product\/yoast-seo-premium-wordpress\/ -->\n<title>Esschert Design Insektenhotel XXXL WA49 - Trends &amp; Vision (DE)<\/title>\n<meta name=\"description\" content=\"Esschert Design Insektenhotel XXXL WA49 : Lieferung auf Palette, 130 x 95 x 210 cm, Mit vielen Informationen \u00fcber Insekten\" \/>\n<meta name=\"robots\" content=\"index, follow, max-snippet:-1, max-image-preview:large, max-video-preview:-1\" \/>\n<link rel=\"canonical\" href=\"https:\/\/trendsandvision.nl\/de\/product\/esschert-design-insektenhotel-xxxl-wa49\/\" \/>\n<meta property=\"og:locale\" content=\"de_DE\" \/>\n<meta property=\"og:type\" content=\"article\" \/>\n<meta property=\"og:title\" content=\"Esschert Design Insektenhotel XXXL WA49\" \/>\n<meta property=\"og:description\" content=\"Esschert Design Insektenhotel XXXL WA49 : Lieferung auf Palette, 130 x 95 x 210 cm, Mit vielen Informationen \u00fcber Insekten\" \/>\n<meta property=\"og:url\" content=\"https:\/\/trendsandvision.nl\/de\/product\/esschert-design-insektenhotel-xxxl-wa49\/\" \/>\n<meta property=\"og:site_name\" content=\"Trends &amp; Vision (DE)\" \/>\n<meta property=\"article:modified_time\" content=\"2026-03-13T09:23:24+00:00\" \/>\n<meta property=\"og:image\" content=\"https:\/\/trendsandvision.nl\/de\/wp-content\/uploads\/sites\/3\/2024\/08\/WA49_01-768x768-1.jpg\" \/>\n\t<meta property=\"og:image:width\" content=\"768\" \/>\n\t<meta property=\"og:image:height\" content=\"768\" \/>\n\t<meta property=\"og:image:type\" content=\"image\/jpeg\" \/>\n<meta name=\"twitter:card\" content=\"summary_large_image\" \/>\n<meta name=\"twitter:label1\" content=\"Gesch\u00e4tzte Lesezeit\" \/>\n\t<meta name=\"twitter:data1\" content=\"2\u00a0Minuten\" \/>\n<script type=\"application\/ld+json\" class=\"yoast-schema-graph\">{\"@context\":\"https:\\\/\\\/schema.org\",\"@graph\":[{\"@type\":\"WebPage\",\"@id\":\"https:\\\/\\\/trendsandvision.nl\\\/de\\\/product\\\/esschert-design-insektenhotel-xxxl-wa49\\\/\",\"url\":\"https:\\\/\\\/trendsandvision.nl\\\/de\\\/product\\\/esschert-design-insektenhotel-xxxl-wa49\\\/\",\"name\":\"Esschert Design Insektenhotel XXXL WA49 - Trends &amp; Vision (DE)\",\"isPartOf\":{\"@id\":\"https:\\\/\\\/trendsandvision.nl\\\/de\\\/#website\"},\"primaryImageOfPage\":{\"@id\":\"https:\\\/\\\/trendsandvision.nl\\\/de\\\/product\\\/esschert-design-insektenhotel-xxxl-wa49\\\/#primaryimage\"},\"image\":{\"@id\":\"https:\\\/\\\/trendsandvision.nl\\\/de\\\/product\\\/esschert-design-insektenhotel-xxxl-wa49\\\/#primaryimage\"},\"thumbnailUrl\":\"https:\\\/\\\/trendsandvision.nl\\\/de\\\/wp-content\\\/uploads\\\/sites\\\/3\\\/2024\\\/08\\\/WA49_01-768x768-1.jpg\",\"datePublished\":\"2024-08-17T10:16:51+00:00\",\"dateModified\":\"2026-03-13T09:23:24+00:00\",\"description\":\"Esschert Design Insektenhotel XXXL WA49 : Lieferung auf Palette, 130 x 95 x 210 cm, Mit vielen Informationen \u00fcber Insekten\",\"breadcrumb\":{\"@id\":\"https:\\\/\\\/trendsandvision.nl\\\/de\\\/product\\\/esschert-design-insektenhotel-xxxl-wa49\\\/#breadcrumb\"},\"inLanguage\":\"de\",\"potentialAction\":[{\"@type\":\"ReadAction\",\"target\":[\"https:\\\/\\\/trendsandvision.nl\\\/de\\\/product\\\/esschert-design-insektenhotel-xxxl-wa49\\\/\"]}]},{\"@type\":\"ImageObject\",\"inLanguage\":\"de\",\"@id\":\"https:\\\/\\\/trendsandvision.nl\\\/de\\\/product\\\/esschert-design-insektenhotel-xxxl-wa49\\\/#primaryimage\",\"url\":\"https:\\\/\\\/trendsandvision.nl\\\/de\\\/wp-content\\\/uploads\\\/sites\\\/3\\\/2024\\\/08\\\/WA49_01-768x768-1.jpg\",\"contentUrl\":\"https:\\\/\\\/trendsandvision.nl\\\/de\\\/wp-content\\\/uploads\\\/sites\\\/3\\\/2024\\\/08\\\/WA49_01-768x768-1.jpg\",\"width\":768,\"height\":768,\"caption\":\"Trends and Vision Insektenhotel XXXL WA49 : Lieferung auf Palette, 130 x 95 x 210 cm, Mit vielen Informationen \u00fcber Insekten\"},{\"@type\":\"BreadcrumbList\",\"@id\":\"https:\\\/\\\/trendsandvision.nl\\\/de\\\/product\\\/esschert-design-insektenhotel-xxxl-wa49\\\/#breadcrumb\",\"itemListElement\":[{\"@type\":\"ListItem\",\"position\":1,\"name\":\"Home\",\"item\":\"https:\\\/\\\/trendsandvision.nl\\\/de\\\/\"},{\"@type\":\"ListItem\",\"position\":2,\"name\":\"Gesch\u00e4ft\",\"item\":\"https:\\\/\\\/trendsandvision.nl\\\/de\\\/geschaft\\\/\"},{\"@type\":\"ListItem\",\"position\":3,\"name\":\"Esschert Design Insektenhotel XXXL WA49\"}]},{\"@type\":\"WebSite\",\"@id\":\"https:\\\/\\\/trendsandvision.nl\\\/de\\\/#website\",\"url\":\"https:\\\/\\\/trendsandvision.nl\\\/de\\\/\",\"name\":\"Trends &amp; Vision (DE)\",\"description\":\"Der Webshop f\u00fcr Esschert Design Artikel\",\"publisher\":{\"@id\":\"https:\\\/\\\/trendsandvision.nl\\\/de\\\/#organization\"},\"potentialAction\":[{\"@type\":\"SearchAction\",\"target\":{\"@type\":\"EntryPoint\",\"urlTemplate\":\"https:\\\/\\\/trendsandvision.nl\\\/de\\\/?s={search_term_string}\"},\"query-input\":{\"@type\":\"PropertyValueSpecification\",\"valueRequired\":true,\"valueName\":\"search_term_string\"}}],\"inLanguage\":\"de\"},{\"@type\":\"Organization\",\"@id\":\"https:\\\/\\\/trendsandvision.nl\\\/de\\\/#organization\",\"name\":\"Trends &amp; Vision (DE)\",\"url\":\"https:\\\/\\\/trendsandvision.nl\\\/de\\\/\",\"logo\":{\"@type\":\"ImageObject\",\"inLanguage\":\"de\",\"@id\":\"https:\\\/\\\/trendsandvision.nl\\\/de\\\/#\\\/schema\\\/logo\\\/image\\\/\",\"url\":\"https:\\\/\\\/trendsandvision.nl\\\/de\\\/wp-content\\\/uploads\\\/sites\\\/3\\\/2022\\\/04\\\/trends-and-vision-logo.jpg\",\"contentUrl\":\"https:\\\/\\\/trendsandvision.nl\\\/de\\\/wp-content\\\/uploads\\\/sites\\\/3\\\/2022\\\/04\\\/trends-and-vision-logo.jpg\",\"width\":213,\"height\":100,\"caption\":\"Trends &amp; Vision (DE)\"},\"image\":{\"@id\":\"https:\\\/\\\/trendsandvision.nl\\\/de\\\/#\\\/schema\\\/logo\\\/image\\\/\"}}]}<\/script>\n<!-- \/ Yoast SEO Premium plugin. -->","yoast_head_json":{"title":"Esschert Design Insektenhotel XXXL WA49 - Trends &amp; Vision (DE)","description":"Esschert Design Insektenhotel XXXL WA49 : Lieferung auf Palette, 130 x 95 x 210 cm, Mit vielen Informationen \u00fcber Insekten","robots":{"index":"index","follow":"follow","max-snippet":"max-snippet:-1","max-image-preview":"max-image-preview:large","max-video-preview":"max-video-preview:-1"},"canonical":"https:\/\/trendsandvision.nl\/de\/product\/esschert-design-insektenhotel-xxxl-wa49\/","og_locale":"de_DE","og_type":"article","og_title":"Esschert Design Insektenhotel XXXL WA49","og_description":"Esschert Design Insektenhotel XXXL WA49 : Lieferung auf Palette, 130 x 95 x 210 cm, Mit vielen Informationen \u00fcber Insekten","og_url":"https:\/\/trendsandvision.nl\/de\/product\/esschert-design-insektenhotel-xxxl-wa49\/","og_site_name":"Trends &amp; Vision (DE)","article_modified_time":"2026-03-13T09:23:24+00:00","og_image":[{"width":768,"height":768,"url":"https:\/\/trendsandvision.nl\/de\/wp-content\/uploads\/sites\/3\/2024\/08\/WA49_01-768x768-1.jpg","type":"image\/jpeg"}],"twitter_card":"summary_large_image","twitter_misc":{"Gesch\u00e4tzte Lesezeit":"2\u00a0Minuten"},"schema":{"@context":"https:\/\/schema.org","@graph":[{"@type":"WebPage","@id":"https:\/\/trendsandvision.nl\/de\/product\/esschert-design-insektenhotel-xxxl-wa49\/","url":"https:\/\/trendsandvision.nl\/de\/product\/esschert-design-insektenhotel-xxxl-wa49\/","name":"Esschert Design Insektenhotel XXXL WA49 - Trends &amp; Vision (DE)","isPartOf":{"@id":"https:\/\/trendsandvision.nl\/de\/#website"},"primaryImageOfPage":{"@id":"https:\/\/trendsandvision.nl\/de\/product\/esschert-design-insektenhotel-xxxl-wa49\/#primaryimage"},"image":{"@id":"https:\/\/trendsandvision.nl\/de\/product\/esschert-design-insektenhotel-xxxl-wa49\/#primaryimage"},"thumbnailUrl":"https:\/\/trendsandvision.nl\/de\/wp-content\/uploads\/sites\/3\/2024\/08\/WA49_01-768x768-1.jpg","datePublished":"2024-08-17T10:16:51+00:00","dateModified":"2026-03-13T09:23:24+00:00","description":"Esschert Design Insektenhotel XXXL WA49 : Lieferung auf Palette, 130 x 95 x 210 cm, Mit vielen Informationen \u00fcber Insekten","breadcrumb":{"@id":"https:\/\/trendsandvision.nl\/de\/product\/esschert-design-insektenhotel-xxxl-wa49\/#breadcrumb"},"inLanguage":"de","potentialAction":[{"@type":"ReadAction","target":["https:\/\/trendsandvision.nl\/de\/product\/esschert-design-insektenhotel-xxxl-wa49\/"]}]},{"@type":"ImageObject","inLanguage":"de","@id":"https:\/\/trendsandvision.nl\/de\/product\/esschert-design-insektenhotel-xxxl-wa49\/#primaryimage","url":"https:\/\/trendsandvision.nl\/de\/wp-content\/uploads\/sites\/3\/2024\/08\/WA49_01-768x768-1.jpg","contentUrl":"https:\/\/trendsandvision.nl\/de\/wp-content\/uploads\/sites\/3\/2024\/08\/WA49_01-768x768-1.jpg","width":768,"height":768,"caption":"Trends and Vision Insektenhotel XXXL WA49 : Lieferung auf Palette, 130 x 95 x 210 cm, Mit vielen Informationen \u00fcber Insekten"},{"@type":"BreadcrumbList","@id":"https:\/\/trendsandvision.nl\/de\/product\/esschert-design-insektenhotel-xxxl-wa49\/#breadcrumb","itemListElement":[{"@type":"ListItem","position":1,"name":"Home","item":"https:\/\/trendsandvision.nl\/de\/"},{"@type":"ListItem","position":2,"name":"Gesch\u00e4ft","item":"https:\/\/trendsandvision.nl\/de\/geschaft\/"},{"@type":"ListItem","position":3,"name":"Esschert Design Insektenhotel XXXL WA49"}]},{"@type":"WebSite","@id":"https:\/\/trendsandvision.nl\/de\/#website","url":"https:\/\/trendsandvision.nl\/de\/","name":"Trends &amp; Vision (DE)","description":"Der Webshop f\u00fcr Esschert Design Artikel","publisher":{"@id":"https:\/\/trendsandvision.nl\/de\/#organization"},"potentialAction":[{"@type":"SearchAction","target":{"@type":"EntryPoint","urlTemplate":"https:\/\/trendsandvision.nl\/de\/?s={search_term_string}"},"query-input":{"@type":"PropertyValueSpecification","valueRequired":true,"valueName":"search_term_string"}}],"inLanguage":"de"},{"@type":"Organization","@id":"https:\/\/trendsandvision.nl\/de\/#organization","name":"Trends &amp; Vision (DE)","url":"https:\/\/trendsandvision.nl\/de\/","logo":{"@type":"ImageObject","inLanguage":"de","@id":"https:\/\/trendsandvision.nl\/de\/#\/schema\/logo\/image\/","url":"https:\/\/trendsandvision.nl\/de\/wp-content\/uploads\/sites\/3\/2022\/04\/trends-and-vision-logo.jpg","contentUrl":"https:\/\/trendsandvision.nl\/de\/wp-content\/uploads\/sites\/3\/2022\/04\/trends-and-vision-logo.jpg","width":213,"height":100,"caption":"Trends &amp; Vision (DE)"},"image":{"@id":"https:\/\/trendsandvision.nl\/de\/#\/schema\/logo\/image\/"}}]}},"_links":{"self":[{"href":"https:\/\/trendsandvision.nl\/de\/wp-json\/wp\/v2\/product\/16053","targetHints":{"allow":["GET"]}}],"collection":[{"href":"https:\/\/trendsandvision.nl\/de\/wp-json\/wp\/v2\/product"}],"about":[{"href":"https:\/\/trendsandvision.nl\/de\/wp-json\/wp\/v2\/types\/product"}],"wp:featuredmedia":[{"embeddable":true,"href":"https:\/\/trendsandvision.nl\/de\/wp-json\/wp\/v2\/media\/16054"}],"wp:attachment":[{"href":"https:\/\/trendsandvision.nl\/de\/wp-json\/wp\/v2\/media?parent=16053"}],"wp:term":[{"taxonomy":"product_brand","embeddable":true,"href":"https:\/\/trendsandvision.nl\/de\/wp-json\/wp\/v2\/product_brand?post=16053"},{"taxonomy":"product_cat","embeddable":true,"href":"https:\/\/trendsandvision.nl\/de\/wp-json\/wp\/v2\/product_cat?post=16053"},{"taxonomy":"product_tag","embeddable":true,"href":"https:\/\/trendsandvision.nl\/de\/wp-json\/wp\/v2\/product_tag?post=16053"}],"curies":[{"name":"wp","href":"https:\/\/api.w.org\/{rel}","templated":true}]}}