{"id":1537,"date":"2022-04-22T17:07:42","date_gmt":"2022-04-22T15:07:42","guid":{"rendered":"https:\/\/trendsandvision.nl\/de\/product\/esschert-design-metalen-hanging-basket-25-cm\/"},"modified":"2026-04-07T10:21:16","modified_gmt":"2026-04-07T08:21:16","slug":"esschert-design-hanging-basket-metall-schwarz-s-25-cm","status":"publish","type":"product","link":"https:\/\/trendsandvision.nl\/de\/product\/esschert-design-hanging-basket-metall-schwarz-s-25-cm\/","title":{"rendered":"Esschert Design Hanging Basket Metall schwarz S 25 cm"},"content":{"rendered":"<p>Lassen Sie Ihren Garten mit einem oder mehreren <strong><a href=\"https:\/\/trendsandvision.nl\/de\/?s=Hanging+Basket&amp;post_type=product&amp;dgwt_wcas=1\">Hanging Baskets<\/a><\/strong> aufleben. Mit gr\u00fcnen oder bl\u00fchenden Pflanzen bepflanzt, eine Bereicherung f\u00fcr jeden Garten.<\/p>\n<p>Artikelname Hanging Basket Metall schwarz S<br \/>\nArtikelnummer BPH126<br \/>\nProduktgruppe(n) Garten &amp; Terrasse, T\u00f6pfe und Vasen, H\u00e4ngek\u00f6rbe<br \/>\nProduktabmessungen in cm L &amp; T \u00f8 25,6 x H 12,1<br \/>\nMaterial Eisen<br \/>\nNettogewicht 0,178 kg<br \/>\nBarcode 8714982172472<br \/>\n&#8211; Alle <strong><a href=\"https:\/\/trendsandvision.nl\/de\/?s=haken&amp;post_type=product&amp;dgwt_wcas=1\">Haken<\/a><\/strong><br \/>\n&#8211; F\u00fcr (ersatz) Kokos Einlage, klicken Sie <strong><a href=\"https:\/\/trendsandvision.nl\/de\/product\/esschert-design-ersatzeinlage-hanging-basket-25cm\/\">HIER<\/a><\/strong><\/p>\n","protected":false},"excerpt":{"rendered":"<p>&#8211; mit einer schwarzen Beschichtung<br \/>\n&#8211; einschlie\u00dflich Ketten<br \/>\n&#8211; leicht aufzuh\u00e4ngen<br \/>\n&#8211; \u00f8 25,2 x 12,2 cm<br \/>\n&#8211; Alle <strong><a href=\"https:\/\/trendsandvision.nl\/de\/?s=haken&amp;post_type=product&amp;dgwt_wcas=1\">Haken<\/a><\/strong><\/p>\n","protected":false},"featured_media":1538,"template":"","meta":[],"product_brand":[9597,9598],"product_cat":[503],"product_tag":[6853,7958,7470],"class_list":{"0":"post-1537","1":"product","2":"type-product","3":"status-publish","4":"has-post-thumbnail","6":"product_brand-esschert-design","7":"product_brand-trends-and-vision","8":"product_cat-esscherts-garden","9":"product_tag-haengekoerbe","10":"product_tag-hanging-baskets","11":"product_tag-metall","12":"pa_anbieter-esschert-design","13":"pa_ean-code-908","14":"pa_messungen-252x252x122-cm","16":"first","17":"instock","18":"sale","19":"taxable","20":"shipping-taxable","21":"purchasable","22":"product-type-simple","23":"czr-hentry"},"yoast_head":"<!-- This site is optimized with the Yoast SEO Premium plugin v26.4 (Yoast SEO v27.4) - https:\/\/yoast.com\/product\/yoast-seo-premium-wordpress\/ -->\n<title>Esschert Design Metalen hanging basket 25 cm (BPH126, 8714982172472) - Trends &amp; Vision<\/title>\n<meta name=\"description\" content=\"Esschert Design Metalen hanging basket 25 cm: Afmetingen: 25,2 x 25,2 x 12,2 cm.\" \/>\n<meta name=\"robots\" content=\"index, follow, max-snippet:-1, max-image-preview:large, max-video-preview:-1\" \/>\n<link rel=\"canonical\" href=\"https:\/\/trendsandvision.nl\/de\/product\/esschert-design-hanging-basket-metall-schwarz-s-25-cm\/\" \/>\n<meta property=\"og:locale\" content=\"de_DE\" \/>\n<meta property=\"og:type\" content=\"article\" \/>\n<meta property=\"og:title\" content=\"Esschert Design Hanging Basket Metall schwarz S 25 cm\" \/>\n<meta property=\"og:description\" content=\"Esschert Design Metalen hanging basket 25 cm: Afmetingen: 25,2 x 25,2 x 12,2 cm.\" \/>\n<meta property=\"og:url\" content=\"https:\/\/trendsandvision.nl\/de\/product\/esschert-design-hanging-basket-metall-schwarz-s-25-cm\/\" \/>\n<meta property=\"og:site_name\" content=\"Trends &amp; Vision (DE)\" \/>\n<meta property=\"article:modified_time\" content=\"2026-04-07T08:21:16+00:00\" \/>\n<meta property=\"og:image\" content=\"https:\/\/trendsandvision.nl\/de\/wp-content\/uploads\/sites\/3\/2022\/04\/BPH126_01.jpg\" \/>\n\t<meta property=\"og:image:width\" content=\"800\" \/>\n\t<meta property=\"og:image:height\" content=\"800\" \/>\n\t<meta property=\"og:image:type\" content=\"image\/jpeg\" \/>\n<meta name=\"twitter:card\" content=\"summary_large_image\" \/>\n<meta name=\"twitter:label1\" content=\"Gesch\u00e4tzte Lesezeit\" \/>\n\t<meta name=\"twitter:data1\" content=\"1\u00a0Minute\" \/>\n<script type=\"application\/ld+json\" class=\"yoast-schema-graph\">{\"@context\":\"https:\\\/\\\/schema.org\",\"@graph\":[{\"@type\":\"WebPage\",\"@id\":\"https:\\\/\\\/trendsandvision.nl\\\/de\\\/product\\\/esschert-design-hanging-basket-metall-schwarz-s-25-cm\\\/\",\"url\":\"https:\\\/\\\/trendsandvision.nl\\\/de\\\/product\\\/esschert-design-hanging-basket-metall-schwarz-s-25-cm\\\/\",\"name\":\"Esschert Design Metalen hanging basket 25 cm (BPH126, 8714982172472) - Trends & Vision\",\"isPartOf\":{\"@id\":\"https:\\\/\\\/trendsandvision.nl\\\/de\\\/#website\"},\"primaryImageOfPage\":{\"@id\":\"https:\\\/\\\/trendsandvision.nl\\\/de\\\/product\\\/esschert-design-hanging-basket-metall-schwarz-s-25-cm\\\/#primaryimage\"},\"image\":{\"@id\":\"https:\\\/\\\/trendsandvision.nl\\\/de\\\/product\\\/esschert-design-hanging-basket-metall-schwarz-s-25-cm\\\/#primaryimage\"},\"thumbnailUrl\":\"https:\\\/\\\/trendsandvision.nl\\\/de\\\/wp-content\\\/uploads\\\/sites\\\/3\\\/2022\\\/04\\\/BPH126_01.jpg\",\"datePublished\":\"2022-04-22T15:07:42+00:00\",\"dateModified\":\"2026-04-07T08:21:16+00:00\",\"description\":\"Esschert Design Metalen hanging basket 25 cm: Afmetingen: 25,2 x 25,2 x 12,2 cm.\",\"breadcrumb\":{\"@id\":\"https:\\\/\\\/trendsandvision.nl\\\/de\\\/product\\\/esschert-design-hanging-basket-metall-schwarz-s-25-cm\\\/#breadcrumb\"},\"inLanguage\":\"de\",\"potentialAction\":[{\"@type\":\"ReadAction\",\"target\":[\"https:\\\/\\\/trendsandvision.nl\\\/de\\\/product\\\/esschert-design-hanging-basket-metall-schwarz-s-25-cm\\\/\"]}]},{\"@type\":\"ImageObject\",\"inLanguage\":\"de\",\"@id\":\"https:\\\/\\\/trendsandvision.nl\\\/de\\\/product\\\/esschert-design-hanging-basket-metall-schwarz-s-25-cm\\\/#primaryimage\",\"url\":\"https:\\\/\\\/trendsandvision.nl\\\/de\\\/wp-content\\\/uploads\\\/sites\\\/3\\\/2022\\\/04\\\/BPH126_01.jpg\",\"contentUrl\":\"https:\\\/\\\/trendsandvision.nl\\\/de\\\/wp-content\\\/uploads\\\/sites\\\/3\\\/2022\\\/04\\\/BPH126_01.jpg\",\"width\":800,\"height\":800,\"caption\":\"Esschert Design Metalen hanging basket 25 cm (BPH126\"},{\"@type\":\"BreadcrumbList\",\"@id\":\"https:\\\/\\\/trendsandvision.nl\\\/de\\\/product\\\/esschert-design-hanging-basket-metall-schwarz-s-25-cm\\\/#breadcrumb\",\"itemListElement\":[{\"@type\":\"ListItem\",\"position\":1,\"name\":\"Home\",\"item\":\"https:\\\/\\\/trendsandvision.nl\\\/de\\\/\"},{\"@type\":\"ListItem\",\"position\":2,\"name\":\"Gesch\u00e4ft\",\"item\":\"https:\\\/\\\/trendsandvision.nl\\\/de\\\/geschaft\\\/\"},{\"@type\":\"ListItem\",\"position\":3,\"name\":\"Esschert Design Hanging Basket Metall schwarz S 25 cm\"}]},{\"@type\":\"WebSite\",\"@id\":\"https:\\\/\\\/trendsandvision.nl\\\/de\\\/#website\",\"url\":\"https:\\\/\\\/trendsandvision.nl\\\/de\\\/\",\"name\":\"Trends &amp; Vision (DE)\",\"description\":\"Der Webshop f\u00fcr Esschert Design Artikel\",\"publisher\":{\"@id\":\"https:\\\/\\\/trendsandvision.nl\\\/de\\\/#organization\"},\"potentialAction\":[{\"@type\":\"SearchAction\",\"target\":{\"@type\":\"EntryPoint\",\"urlTemplate\":\"https:\\\/\\\/trendsandvision.nl\\\/de\\\/?s={search_term_string}\"},\"query-input\":{\"@type\":\"PropertyValueSpecification\",\"valueRequired\":true,\"valueName\":\"search_term_string\"}}],\"inLanguage\":\"de\"},{\"@type\":\"Organization\",\"@id\":\"https:\\\/\\\/trendsandvision.nl\\\/de\\\/#organization\",\"name\":\"Trends &amp; Vision (DE)\",\"url\":\"https:\\\/\\\/trendsandvision.nl\\\/de\\\/\",\"logo\":{\"@type\":\"ImageObject\",\"inLanguage\":\"de\",\"@id\":\"https:\\\/\\\/trendsandvision.nl\\\/de\\\/#\\\/schema\\\/logo\\\/image\\\/\",\"url\":\"https:\\\/\\\/trendsandvision.nl\\\/de\\\/wp-content\\\/uploads\\\/sites\\\/3\\\/2022\\\/04\\\/trends-and-vision-logo.jpg\",\"contentUrl\":\"https:\\\/\\\/trendsandvision.nl\\\/de\\\/wp-content\\\/uploads\\\/sites\\\/3\\\/2022\\\/04\\\/trends-and-vision-logo.jpg\",\"width\":213,\"height\":100,\"caption\":\"Trends &amp; Vision (DE)\"},\"image\":{\"@id\":\"https:\\\/\\\/trendsandvision.nl\\\/de\\\/#\\\/schema\\\/logo\\\/image\\\/\"}}]}<\/script>\n<!-- \/ Yoast SEO Premium plugin. -->","yoast_head_json":{"title":"Esschert Design Metalen hanging basket 25 cm (BPH126, 8714982172472) - Trends & Vision","description":"Esschert Design Metalen hanging basket 25 cm: Afmetingen: 25,2 x 25,2 x 12,2 cm.","robots":{"index":"index","follow":"follow","max-snippet":"max-snippet:-1","max-image-preview":"max-image-preview:large","max-video-preview":"max-video-preview:-1"},"canonical":"https:\/\/trendsandvision.nl\/de\/product\/esschert-design-hanging-basket-metall-schwarz-s-25-cm\/","og_locale":"de_DE","og_type":"article","og_title":"Esschert Design Hanging Basket Metall schwarz S 25 cm","og_description":"Esschert Design Metalen hanging basket 25 cm: Afmetingen: 25,2 x 25,2 x 12,2 cm.","og_url":"https:\/\/trendsandvision.nl\/de\/product\/esschert-design-hanging-basket-metall-schwarz-s-25-cm\/","og_site_name":"Trends &amp; Vision (DE)","article_modified_time":"2026-04-07T08:21:16+00:00","og_image":[{"width":800,"height":800,"url":"https:\/\/trendsandvision.nl\/de\/wp-content\/uploads\/sites\/3\/2022\/04\/BPH126_01.jpg","type":"image\/jpeg"}],"twitter_card":"summary_large_image","twitter_misc":{"Gesch\u00e4tzte Lesezeit":"1\u00a0Minute"},"schema":{"@context":"https:\/\/schema.org","@graph":[{"@type":"WebPage","@id":"https:\/\/trendsandvision.nl\/de\/product\/esschert-design-hanging-basket-metall-schwarz-s-25-cm\/","url":"https:\/\/trendsandvision.nl\/de\/product\/esschert-design-hanging-basket-metall-schwarz-s-25-cm\/","name":"Esschert Design Metalen hanging basket 25 cm (BPH126, 8714982172472) - Trends & Vision","isPartOf":{"@id":"https:\/\/trendsandvision.nl\/de\/#website"},"primaryImageOfPage":{"@id":"https:\/\/trendsandvision.nl\/de\/product\/esschert-design-hanging-basket-metall-schwarz-s-25-cm\/#primaryimage"},"image":{"@id":"https:\/\/trendsandvision.nl\/de\/product\/esschert-design-hanging-basket-metall-schwarz-s-25-cm\/#primaryimage"},"thumbnailUrl":"https:\/\/trendsandvision.nl\/de\/wp-content\/uploads\/sites\/3\/2022\/04\/BPH126_01.jpg","datePublished":"2022-04-22T15:07:42+00:00","dateModified":"2026-04-07T08:21:16+00:00","description":"Esschert Design Metalen hanging basket 25 cm: Afmetingen: 25,2 x 25,2 x 12,2 cm.","breadcrumb":{"@id":"https:\/\/trendsandvision.nl\/de\/product\/esschert-design-hanging-basket-metall-schwarz-s-25-cm\/#breadcrumb"},"inLanguage":"de","potentialAction":[{"@type":"ReadAction","target":["https:\/\/trendsandvision.nl\/de\/product\/esschert-design-hanging-basket-metall-schwarz-s-25-cm\/"]}]},{"@type":"ImageObject","inLanguage":"de","@id":"https:\/\/trendsandvision.nl\/de\/product\/esschert-design-hanging-basket-metall-schwarz-s-25-cm\/#primaryimage","url":"https:\/\/trendsandvision.nl\/de\/wp-content\/uploads\/sites\/3\/2022\/04\/BPH126_01.jpg","contentUrl":"https:\/\/trendsandvision.nl\/de\/wp-content\/uploads\/sites\/3\/2022\/04\/BPH126_01.jpg","width":800,"height":800,"caption":"Esschert Design Metalen hanging basket 25 cm (BPH126"},{"@type":"BreadcrumbList","@id":"https:\/\/trendsandvision.nl\/de\/product\/esschert-design-hanging-basket-metall-schwarz-s-25-cm\/#breadcrumb","itemListElement":[{"@type":"ListItem","position":1,"name":"Home","item":"https:\/\/trendsandvision.nl\/de\/"},{"@type":"ListItem","position":2,"name":"Gesch\u00e4ft","item":"https:\/\/trendsandvision.nl\/de\/geschaft\/"},{"@type":"ListItem","position":3,"name":"Esschert Design Hanging Basket Metall schwarz S 25 cm"}]},{"@type":"WebSite","@id":"https:\/\/trendsandvision.nl\/de\/#website","url":"https:\/\/trendsandvision.nl\/de\/","name":"Trends &amp; Vision (DE)","description":"Der Webshop f\u00fcr Esschert Design Artikel","publisher":{"@id":"https:\/\/trendsandvision.nl\/de\/#organization"},"potentialAction":[{"@type":"SearchAction","target":{"@type":"EntryPoint","urlTemplate":"https:\/\/trendsandvision.nl\/de\/?s={search_term_string}"},"query-input":{"@type":"PropertyValueSpecification","valueRequired":true,"valueName":"search_term_string"}}],"inLanguage":"de"},{"@type":"Organization","@id":"https:\/\/trendsandvision.nl\/de\/#organization","name":"Trends &amp; Vision (DE)","url":"https:\/\/trendsandvision.nl\/de\/","logo":{"@type":"ImageObject","inLanguage":"de","@id":"https:\/\/trendsandvision.nl\/de\/#\/schema\/logo\/image\/","url":"https:\/\/trendsandvision.nl\/de\/wp-content\/uploads\/sites\/3\/2022\/04\/trends-and-vision-logo.jpg","contentUrl":"https:\/\/trendsandvision.nl\/de\/wp-content\/uploads\/sites\/3\/2022\/04\/trends-and-vision-logo.jpg","width":213,"height":100,"caption":"Trends &amp; Vision (DE)"},"image":{"@id":"https:\/\/trendsandvision.nl\/de\/#\/schema\/logo\/image\/"}}]}},"_links":{"self":[{"href":"https:\/\/trendsandvision.nl\/de\/wp-json\/wp\/v2\/product\/1537","targetHints":{"allow":["GET"]}}],"collection":[{"href":"https:\/\/trendsandvision.nl\/de\/wp-json\/wp\/v2\/product"}],"about":[{"href":"https:\/\/trendsandvision.nl\/de\/wp-json\/wp\/v2\/types\/product"}],"wp:featuredmedia":[{"embeddable":true,"href":"https:\/\/trendsandvision.nl\/de\/wp-json\/wp\/v2\/media\/1538"}],"wp:attachment":[{"href":"https:\/\/trendsandvision.nl\/de\/wp-json\/wp\/v2\/media?parent=1537"}],"wp:term":[{"taxonomy":"product_brand","embeddable":true,"href":"https:\/\/trendsandvision.nl\/de\/wp-json\/wp\/v2\/product_brand?post=1537"},{"taxonomy":"product_cat","embeddable":true,"href":"https:\/\/trendsandvision.nl\/de\/wp-json\/wp\/v2\/product_cat?post=1537"},{"taxonomy":"product_tag","embeddable":true,"href":"https:\/\/trendsandvision.nl\/de\/wp-json\/wp\/v2\/product_tag?post=1537"}],"curies":[{"name":"wp","href":"https:\/\/api.w.org\/{rel}","templated":true}]}}