{"id":141,"date":"2022-04-22T16:33:53","date_gmt":"2022-04-22T14:33:53","guid":{"rendered":"https:\/\/trendsandvision.nl\/de\/product\/esschert-design-sitzendes-eichhoernchen-l\/"},"modified":"2026-04-22T14:48:05","modified_gmt":"2026-04-22T12:48:05","slug":"esschert-design-sitzendes-eichhoernchen-l","status":"publish","type":"product","link":"https:\/\/trendsandvision.nl\/de\/product\/esschert-design-sitzendes-eichhoernchen-l\/","title":{"rendered":"Esschert Design Sitzendes Eichh\u00f6rnchen L."},"content":{"rendered":"<p>Dieses Eichh\u00f6rnchen besteht aus Polyresin und ist kaum von einem echten Eichhh\u00f6rnchen zu unterscheiden.<br \/>\nF\u00fcr drinnen und drau\u00dfen, frostbest\u00e4ndig und vor UV-Strahlung gesch\u00fctzt.<\/p>\n<p>Sitzendes Eichh\u00f6rnchen L.<br \/>\nArtikelnummer: 37000020<br \/>\nProduktgruppe(n) Garten &amp; Terrasse, Statuen und Spiegel, Gartenstatuen, Polyresin<br \/>\nProduktabmessungen in cm L 10,5 x T 19,1 x H 19,3<br \/>\nMaterial: Polyresin<br \/>\nNettogewicht 0,664 kg<br \/>\nBarcode 8713968353430<\/p>\n","protected":false},"excerpt":{"rendered":"<p>Sitzendes Eichh\u00f6rnchen L.<br \/>\nArtikelnummer: 37000020<br \/>\nL 10,5 x T 19,1 x H 19,3 cm<br \/>\nMaterial: Polyresin<br \/>\nNettogewicht 0,664 kg<br \/>\nBarcode 8713968353430<br \/>\nfrostbest\u00e4ndig mit UV-Lack<\/p>\n","protected":false},"featured_media":142,"template":"","meta":[],"product_brand":[9597,9598],"product_cat":[24],"product_tag":[7410,6842,7426],"class_list":{"0":"post-141","1":"product","2":"type-product","3":"status-publish","4":"has-post-thumbnail","6":"product_brand-esschert-design","7":"product_brand-trends-and-vision","8":"product_cat-true-to-nature","9":"product_tag-frostbestaendig","10":"product_tag-polyresin","11":"product_tag-waldtiere","12":"pa_anbieter-esschert-design","13":"pa_ean-code-45","14":"pa_material-polyresin","15":"pa_messungen-103x192x190-cm","17":"first","18":"instock","19":"sale","20":"taxable","21":"shipping-taxable","22":"purchasable","23":"product-type-simple","24":"czr-hentry"},"yoast_head":"<!-- This site is optimized with the Yoast SEO Premium plugin v27.4 (Yoast SEO v27.5) - https:\/\/yoast.com\/product\/yoast-seo-premium-wordpress\/ -->\n<title>Esschert Design Sitzendes Eichh\u00f6rnchen L. (37000020, 8713968353430) - Trends &amp; Vision<\/title>\n<meta name=\"description\" content=\"Esschert Design Sitzendes Eichh\u00f6rnchen L.: Dieses Eichh\u00f6rnchen besteht aus Polyresin und ist kaum von einem echten Eichhh\u00f6rnchen zu unterscheid\" \/>\n<meta name=\"robots\" content=\"index, follow, max-snippet:-1, max-image-preview:large, max-video-preview:-1\" \/>\n<link rel=\"canonical\" href=\"https:\/\/trendsandvision.nl\/de\/product\/esschert-design-sitzendes-eichhoernchen-l\/\" \/>\n<meta property=\"og:locale\" content=\"de_DE\" \/>\n<meta property=\"og:type\" content=\"article\" \/>\n<meta property=\"og:title\" content=\"Esschert Design Sitzendes Eichh\u00f6rnchen L.\" \/>\n<meta property=\"og:description\" content=\"Esschert Design Sitzendes Eichh\u00f6rnchen L.: Dieses Eichh\u00f6rnchen besteht aus Polyresin und ist kaum von einem echten Eichhh\u00f6rnchen zu unterscheid\" \/>\n<meta property=\"og:url\" content=\"https:\/\/trendsandvision.nl\/de\/product\/esschert-design-sitzendes-eichhoernchen-l\/\" \/>\n<meta property=\"og:site_name\" content=\"Trends &amp; Vision (DE)\" \/>\n<meta property=\"article:modified_time\" content=\"2026-04-22T12:48:05+00:00\" \/>\n<meta property=\"og:image\" content=\"https:\/\/trendsandvision.nl\/de\/wp-content\/uploads\/sites\/3\/2022\/04\/37000020_01.jpg\" \/>\n\t<meta property=\"og:image:width\" content=\"800\" \/>\n\t<meta property=\"og:image:height\" content=\"800\" \/>\n\t<meta property=\"og:image:type\" content=\"image\/jpeg\" \/>\n<meta name=\"twitter:card\" content=\"summary_large_image\" \/>\n<meta name=\"twitter:label1\" content=\"Gesch\u00e4tzte Lesezeit\" \/>\n\t<meta name=\"twitter:data1\" content=\"1\u00a0Minute\" \/>\n<script type=\"application\/ld+json\" class=\"yoast-schema-graph\">{\"@context\":\"https:\\\/\\\/schema.org\",\"@graph\":[{\"@type\":\"WebPage\",\"@id\":\"https:\\\/\\\/trendsandvision.nl\\\/de\\\/product\\\/esschert-design-sitzendes-eichhoernchen-l\\\/\",\"url\":\"https:\\\/\\\/trendsandvision.nl\\\/de\\\/product\\\/esschert-design-sitzendes-eichhoernchen-l\\\/\",\"name\":\"Esschert Design Sitzendes Eichh\u00f6rnchen L. (37000020, 8713968353430) - Trends & Vision\",\"isPartOf\":{\"@id\":\"https:\\\/\\\/trendsandvision.nl\\\/de\\\/#website\"},\"primaryImageOfPage\":{\"@id\":\"https:\\\/\\\/trendsandvision.nl\\\/de\\\/product\\\/esschert-design-sitzendes-eichhoernchen-l\\\/#primaryimage\"},\"image\":{\"@id\":\"https:\\\/\\\/trendsandvision.nl\\\/de\\\/product\\\/esschert-design-sitzendes-eichhoernchen-l\\\/#primaryimage\"},\"thumbnailUrl\":\"https:\\\/\\\/trendsandvision.nl\\\/de\\\/wp-content\\\/uploads\\\/sites\\\/3\\\/2022\\\/04\\\/37000020_01.jpg\",\"datePublished\":\"2022-04-22T14:33:53+00:00\",\"dateModified\":\"2026-04-22T12:48:05+00:00\",\"description\":\"Esschert Design Sitzendes Eichh\u00f6rnchen L.: Dieses Eichh\u00f6rnchen besteht aus Polyresin und ist kaum von einem echten Eichhh\u00f6rnchen zu unterscheid\",\"breadcrumb\":{\"@id\":\"https:\\\/\\\/trendsandvision.nl\\\/de\\\/product\\\/esschert-design-sitzendes-eichhoernchen-l\\\/#breadcrumb\"},\"inLanguage\":\"de\",\"potentialAction\":[{\"@type\":\"ReadAction\",\"target\":[\"https:\\\/\\\/trendsandvision.nl\\\/de\\\/product\\\/esschert-design-sitzendes-eichhoernchen-l\\\/\"]}]},{\"@type\":\"ImageObject\",\"inLanguage\":\"de\",\"@id\":\"https:\\\/\\\/trendsandvision.nl\\\/de\\\/product\\\/esschert-design-sitzendes-eichhoernchen-l\\\/#primaryimage\",\"url\":\"https:\\\/\\\/trendsandvision.nl\\\/de\\\/wp-content\\\/uploads\\\/sites\\\/3\\\/2022\\\/04\\\/37000020_01.jpg\",\"contentUrl\":\"https:\\\/\\\/trendsandvision.nl\\\/de\\\/wp-content\\\/uploads\\\/sites\\\/3\\\/2022\\\/04\\\/37000020_01.jpg\",\"width\":800,\"height\":800,\"caption\":\"Esschert Design Sitzendes Eichh\u00f6rnchen L. (37000020\"},{\"@type\":\"BreadcrumbList\",\"@id\":\"https:\\\/\\\/trendsandvision.nl\\\/de\\\/product\\\/esschert-design-sitzendes-eichhoernchen-l\\\/#breadcrumb\",\"itemListElement\":[{\"@type\":\"ListItem\",\"position\":1,\"name\":\"Home\",\"item\":\"https:\\\/\\\/trendsandvision.nl\\\/de\\\/\"},{\"@type\":\"ListItem\",\"position\":2,\"name\":\"Gesch\u00e4ft\",\"item\":\"https:\\\/\\\/trendsandvision.nl\\\/de\\\/geschaft\\\/\"},{\"@type\":\"ListItem\",\"position\":3,\"name\":\"Esschert Design Sitzendes Eichh\u00f6rnchen L.\"}]},{\"@type\":\"WebSite\",\"@id\":\"https:\\\/\\\/trendsandvision.nl\\\/de\\\/#website\",\"url\":\"https:\\\/\\\/trendsandvision.nl\\\/de\\\/\",\"name\":\"Trends &amp; Vision (DE)\",\"description\":\"Der Webshop f\u00fcr Esschert Design Artikel\",\"publisher\":{\"@id\":\"https:\\\/\\\/trendsandvision.nl\\\/de\\\/#organization\"},\"potentialAction\":[{\"@type\":\"SearchAction\",\"target\":{\"@type\":\"EntryPoint\",\"urlTemplate\":\"https:\\\/\\\/trendsandvision.nl\\\/de\\\/?s={search_term_string}\"},\"query-input\":{\"@type\":\"PropertyValueSpecification\",\"valueRequired\":true,\"valueName\":\"search_term_string\"}}],\"inLanguage\":\"de\"},{\"@type\":\"Organization\",\"@id\":\"https:\\\/\\\/trendsandvision.nl\\\/de\\\/#organization\",\"name\":\"Trends &amp; Vision (DE)\",\"url\":\"https:\\\/\\\/trendsandvision.nl\\\/de\\\/\",\"logo\":{\"@type\":\"ImageObject\",\"inLanguage\":\"de\",\"@id\":\"https:\\\/\\\/trendsandvision.nl\\\/de\\\/#\\\/schema\\\/logo\\\/image\\\/\",\"url\":\"https:\\\/\\\/trendsandvision.nl\\\/de\\\/wp-content\\\/uploads\\\/sites\\\/3\\\/2022\\\/04\\\/trends-and-vision-logo.jpg\",\"contentUrl\":\"https:\\\/\\\/trendsandvision.nl\\\/de\\\/wp-content\\\/uploads\\\/sites\\\/3\\\/2022\\\/04\\\/trends-and-vision-logo.jpg\",\"width\":213,\"height\":100,\"caption\":\"Trends &amp; Vision (DE)\"},\"image\":{\"@id\":\"https:\\\/\\\/trendsandvision.nl\\\/de\\\/#\\\/schema\\\/logo\\\/image\\\/\"}}]}<\/script>\n<!-- \/ Yoast SEO Premium plugin. -->","yoast_head_json":{"title":"Esschert Design Sitzendes Eichh\u00f6rnchen L. (37000020, 8713968353430) - Trends & Vision","description":"Esschert Design Sitzendes Eichh\u00f6rnchen L.: Dieses Eichh\u00f6rnchen besteht aus Polyresin und ist kaum von einem echten Eichhh\u00f6rnchen zu unterscheid","robots":{"index":"index","follow":"follow","max-snippet":"max-snippet:-1","max-image-preview":"max-image-preview:large","max-video-preview":"max-video-preview:-1"},"canonical":"https:\/\/trendsandvision.nl\/de\/product\/esschert-design-sitzendes-eichhoernchen-l\/","og_locale":"de_DE","og_type":"article","og_title":"Esschert Design Sitzendes Eichh\u00f6rnchen L.","og_description":"Esschert Design Sitzendes Eichh\u00f6rnchen L.: Dieses Eichh\u00f6rnchen besteht aus Polyresin und ist kaum von einem echten Eichhh\u00f6rnchen zu unterscheid","og_url":"https:\/\/trendsandvision.nl\/de\/product\/esschert-design-sitzendes-eichhoernchen-l\/","og_site_name":"Trends &amp; Vision (DE)","article_modified_time":"2026-04-22T12:48:05+00:00","og_image":[{"width":800,"height":800,"url":"https:\/\/trendsandvision.nl\/de\/wp-content\/uploads\/sites\/3\/2022\/04\/37000020_01.jpg","type":"image\/jpeg"}],"twitter_card":"summary_large_image","twitter_misc":{"Gesch\u00e4tzte Lesezeit":"1\u00a0Minute"},"schema":{"@context":"https:\/\/schema.org","@graph":[{"@type":"WebPage","@id":"https:\/\/trendsandvision.nl\/de\/product\/esschert-design-sitzendes-eichhoernchen-l\/","url":"https:\/\/trendsandvision.nl\/de\/product\/esschert-design-sitzendes-eichhoernchen-l\/","name":"Esschert Design Sitzendes Eichh\u00f6rnchen L. (37000020, 8713968353430) - Trends & Vision","isPartOf":{"@id":"https:\/\/trendsandvision.nl\/de\/#website"},"primaryImageOfPage":{"@id":"https:\/\/trendsandvision.nl\/de\/product\/esschert-design-sitzendes-eichhoernchen-l\/#primaryimage"},"image":{"@id":"https:\/\/trendsandvision.nl\/de\/product\/esschert-design-sitzendes-eichhoernchen-l\/#primaryimage"},"thumbnailUrl":"https:\/\/trendsandvision.nl\/de\/wp-content\/uploads\/sites\/3\/2022\/04\/37000020_01.jpg","datePublished":"2022-04-22T14:33:53+00:00","dateModified":"2026-04-22T12:48:05+00:00","description":"Esschert Design Sitzendes Eichh\u00f6rnchen L.: Dieses Eichh\u00f6rnchen besteht aus Polyresin und ist kaum von einem echten Eichhh\u00f6rnchen zu unterscheid","breadcrumb":{"@id":"https:\/\/trendsandvision.nl\/de\/product\/esschert-design-sitzendes-eichhoernchen-l\/#breadcrumb"},"inLanguage":"de","potentialAction":[{"@type":"ReadAction","target":["https:\/\/trendsandvision.nl\/de\/product\/esschert-design-sitzendes-eichhoernchen-l\/"]}]},{"@type":"ImageObject","inLanguage":"de","@id":"https:\/\/trendsandvision.nl\/de\/product\/esschert-design-sitzendes-eichhoernchen-l\/#primaryimage","url":"https:\/\/trendsandvision.nl\/de\/wp-content\/uploads\/sites\/3\/2022\/04\/37000020_01.jpg","contentUrl":"https:\/\/trendsandvision.nl\/de\/wp-content\/uploads\/sites\/3\/2022\/04\/37000020_01.jpg","width":800,"height":800,"caption":"Esschert Design Sitzendes Eichh\u00f6rnchen L. (37000020"},{"@type":"BreadcrumbList","@id":"https:\/\/trendsandvision.nl\/de\/product\/esschert-design-sitzendes-eichhoernchen-l\/#breadcrumb","itemListElement":[{"@type":"ListItem","position":1,"name":"Home","item":"https:\/\/trendsandvision.nl\/de\/"},{"@type":"ListItem","position":2,"name":"Gesch\u00e4ft","item":"https:\/\/trendsandvision.nl\/de\/geschaft\/"},{"@type":"ListItem","position":3,"name":"Esschert Design Sitzendes Eichh\u00f6rnchen L."}]},{"@type":"WebSite","@id":"https:\/\/trendsandvision.nl\/de\/#website","url":"https:\/\/trendsandvision.nl\/de\/","name":"Trends &amp; Vision (DE)","description":"Der Webshop f\u00fcr Esschert Design Artikel","publisher":{"@id":"https:\/\/trendsandvision.nl\/de\/#organization"},"potentialAction":[{"@type":"SearchAction","target":{"@type":"EntryPoint","urlTemplate":"https:\/\/trendsandvision.nl\/de\/?s={search_term_string}"},"query-input":{"@type":"PropertyValueSpecification","valueRequired":true,"valueName":"search_term_string"}}],"inLanguage":"de"},{"@type":"Organization","@id":"https:\/\/trendsandvision.nl\/de\/#organization","name":"Trends &amp; Vision (DE)","url":"https:\/\/trendsandvision.nl\/de\/","logo":{"@type":"ImageObject","inLanguage":"de","@id":"https:\/\/trendsandvision.nl\/de\/#\/schema\/logo\/image\/","url":"https:\/\/trendsandvision.nl\/de\/wp-content\/uploads\/sites\/3\/2022\/04\/trends-and-vision-logo.jpg","contentUrl":"https:\/\/trendsandvision.nl\/de\/wp-content\/uploads\/sites\/3\/2022\/04\/trends-and-vision-logo.jpg","width":213,"height":100,"caption":"Trends &amp; Vision (DE)"},"image":{"@id":"https:\/\/trendsandvision.nl\/de\/#\/schema\/logo\/image\/"}}]}},"_links":{"self":[{"href":"https:\/\/trendsandvision.nl\/de\/wp-json\/wp\/v2\/product\/141","targetHints":{"allow":["GET"]}}],"collection":[{"href":"https:\/\/trendsandvision.nl\/de\/wp-json\/wp\/v2\/product"}],"about":[{"href":"https:\/\/trendsandvision.nl\/de\/wp-json\/wp\/v2\/types\/product"}],"wp:featuredmedia":[{"embeddable":true,"href":"https:\/\/trendsandvision.nl\/de\/wp-json\/wp\/v2\/media\/142"}],"wp:attachment":[{"href":"https:\/\/trendsandvision.nl\/de\/wp-json\/wp\/v2\/media?parent=141"}],"wp:term":[{"taxonomy":"product_brand","embeddable":true,"href":"https:\/\/trendsandvision.nl\/de\/wp-json\/wp\/v2\/product_brand?post=141"},{"taxonomy":"product_cat","embeddable":true,"href":"https:\/\/trendsandvision.nl\/de\/wp-json\/wp\/v2\/product_cat?post=141"},{"taxonomy":"product_tag","embeddable":true,"href":"https:\/\/trendsandvision.nl\/de\/wp-json\/wp\/v2\/product_tag?post=141"}],"curies":[{"name":"wp","href":"https:\/\/api.w.org\/{rel}","templated":true}]}}