{"id":1279,"date":"2022-04-22T17:01:14","date_gmt":"2022-04-22T15:01:14","guid":{"rendered":"https:\/\/trendsandvision.nl\/de\/product\/esschert-design-bienenmuster-schuerze\/"},"modified":"2026-04-07T10:20:31","modified_gmt":"2026-04-07T08:20:31","slug":"esschert-design-bienenmuster-schuerze","status":"publish","type":"product","link":"https:\/\/trendsandvision.nl\/de\/product\/esschert-design-bienenmuster-schuerze\/","title":{"rendered":"Esschert Design Bienenmuster Sch\u00fcrze"},"content":{"rendered":"<p>Diese Gartensch\u00fcrze mit <strong><a href=\"https:\/\/trendsandvision.nl\/de\/?s=Bienenmuster&amp;post_type=product&amp;dgwt_wcas=1\">Bienenmotiv<\/a><\/strong> ist ein Muss beim G\u00e4rtnern Die Sch\u00fcrze hat mehrere ger\u00e4umige Taschen, so dass Sie die Gartenger\u00e4te immer zur Hand haben.<\/p>\n<p>Artikelname Bienenmuster <strong><a href=\"https:\/\/trendsandvision.nl\/de\/?s=Sch\u00fcrze&amp;post_type=product&amp;dgwt_wcas=1\">Sch\u00fcrze<\/a><\/strong>.<br \/>\nArtikelnummer BEE002.<br \/>\nProduktgruppe(n) Garten&amp;Terrasse, Gartenger\u00e4te, Praktisches Zubeh\u00f6r.<br \/>\nProduktabmessungen L 52 x T 0,5 x H 98,5 cm.<br \/>\nMaterial Polyester, PU, PVC.<br \/>\nNettogewicht 0,318 kg.<br \/>\nBarcode 8714982172953<br \/>\nProduzent <a href=\"https:\/\/www.esschertdesign.com\/shop\/de\/bijenprint-schort-bee002\" target=\"_blank\">Esschert Design<\/a><\/p>\n","protected":false},"excerpt":{"rendered":"<p>&#8211; verstellbarer Nackenb\u00fcgel und G\u00fcrtel<br \/>\n&#8211; ger\u00e4umige Taschen<br \/>\n&#8211; mit Bienenmotiv<br \/>\n&#8211; L 52 x T 0,5 x H 98,5 cm<br \/>\n&#8211; Material Polyester, PU, PVC<br \/>\n&#8211; Nettogewicht 0,318 kg<br \/>\n&#8211; Barcode 8714982172953<\/p>\n","protected":false},"featured_media":1280,"template":"","meta":[],"product_brand":[9597,9598],"product_cat":[751],"product_tag":[7058,7975,6812,7973,7974],"class_list":{"0":"post-1279","1":"product","2":"type-product","3":"status-publish","4":"has-post-thumbnail","6":"product_brand-esschert-design","7":"product_brand-trends-and-vision","8":"product_cat-garden-tools","9":"product_tag-bienen","10":"product_tag-gartenschuerzen","11":"product_tag-kochen","12":"product_tag-print","13":"product_tag-schuerzen","14":"pa_anbieter-esschert-design","15":"pa_ean-code-771","16":"pa_messungen-525x10x1000-cm","18":"first","19":"instock","20":"sale","21":"taxable","22":"shipping-taxable","23":"purchasable","24":"product-type-simple","25":"czr-hentry"},"yoast_head":"<!-- This site is optimized with the Yoast SEO Premium plugin v26.4 (Yoast SEO v27.4) - https:\/\/yoast.com\/product\/yoast-seo-premium-wordpress\/ -->\n<title>Esschert Design Bienenmuster Sch\u00fcrze, BEE002, 8714982172953<\/title>\n<meta name=\"description\" content=\"Esschert Design Bienenmuster Sch\u00fcrze, BEE002, EAN 8714982172953, - L 52 x T 0,5 x H 98,5 cm- Material Polyester, PU, PVC- Gewicht 0,318 kg\" \/>\n<meta name=\"robots\" content=\"index, follow, max-snippet:-1, max-image-preview:large, max-video-preview:-1\" \/>\n<link rel=\"canonical\" href=\"https:\/\/trendsandvision.nl\/de\/product\/esschert-design-bienenmuster-schuerze\/\" \/>\n<meta property=\"og:locale\" content=\"de_DE\" \/>\n<meta property=\"og:type\" content=\"article\" \/>\n<meta property=\"og:title\" content=\"Esschert Design Bienenmuster Sch\u00fcrze\" \/>\n<meta property=\"og:description\" content=\"Esschert Design Bienenmuster Sch\u00fcrze, BEE002, EAN 8714982172953, - L 52 x T 0,5 x H 98,5 cm- Material Polyester, PU, PVC- Gewicht 0,318 kg\" \/>\n<meta property=\"og:url\" content=\"https:\/\/trendsandvision.nl\/de\/product\/esschert-design-bienenmuster-schuerze\/\" \/>\n<meta property=\"og:site_name\" content=\"Trends &amp; Vision (DE)\" \/>\n<meta property=\"article:modified_time\" content=\"2026-04-07T08:20:31+00:00\" \/>\n<meta property=\"og:image\" content=\"https:\/\/trendsandvision.nl\/de\/wp-content\/uploads\/sites\/3\/2022\/04\/BEE002_01.jpg\" \/>\n\t<meta property=\"og:image:width\" content=\"800\" \/>\n\t<meta property=\"og:image:height\" content=\"800\" \/>\n\t<meta property=\"og:image:type\" content=\"image\/jpeg\" \/>\n<meta name=\"twitter:card\" content=\"summary_large_image\" \/>\n<meta name=\"twitter:label1\" content=\"Gesch\u00e4tzte Lesezeit\" \/>\n\t<meta name=\"twitter:data1\" content=\"1\u00a0Minute\" \/>\n<script type=\"application\/ld+json\" class=\"yoast-schema-graph\">{\"@context\":\"https:\\\/\\\/schema.org\",\"@graph\":[{\"@type\":\"WebPage\",\"@id\":\"https:\\\/\\\/trendsandvision.nl\\\/de\\\/product\\\/esschert-design-bienenmuster-schuerze\\\/\",\"url\":\"https:\\\/\\\/trendsandvision.nl\\\/de\\\/product\\\/esschert-design-bienenmuster-schuerze\\\/\",\"name\":\"Esschert Design Bienenmuster Sch\u00fcrze, BEE002, 8714982172953\",\"isPartOf\":{\"@id\":\"https:\\\/\\\/trendsandvision.nl\\\/de\\\/#website\"},\"primaryImageOfPage\":{\"@id\":\"https:\\\/\\\/trendsandvision.nl\\\/de\\\/product\\\/esschert-design-bienenmuster-schuerze\\\/#primaryimage\"},\"image\":{\"@id\":\"https:\\\/\\\/trendsandvision.nl\\\/de\\\/product\\\/esschert-design-bienenmuster-schuerze\\\/#primaryimage\"},\"thumbnailUrl\":\"https:\\\/\\\/trendsandvision.nl\\\/de\\\/wp-content\\\/uploads\\\/sites\\\/3\\\/2022\\\/04\\\/BEE002_01.jpg\",\"datePublished\":\"2022-04-22T15:01:14+00:00\",\"dateModified\":\"2026-04-07T08:20:31+00:00\",\"description\":\"Esschert Design Bienenmuster Sch\u00fcrze, BEE002, EAN 8714982172953, - L 52 x T 0,5 x H 98,5 cm- Material Polyester, PU, PVC- Gewicht 0,318 kg\",\"breadcrumb\":{\"@id\":\"https:\\\/\\\/trendsandvision.nl\\\/de\\\/product\\\/esschert-design-bienenmuster-schuerze\\\/#breadcrumb\"},\"inLanguage\":\"de\",\"potentialAction\":[{\"@type\":\"ReadAction\",\"target\":[\"https:\\\/\\\/trendsandvision.nl\\\/de\\\/product\\\/esschert-design-bienenmuster-schuerze\\\/\"]}]},{\"@type\":\"ImageObject\",\"inLanguage\":\"de\",\"@id\":\"https:\\\/\\\/trendsandvision.nl\\\/de\\\/product\\\/esschert-design-bienenmuster-schuerze\\\/#primaryimage\",\"url\":\"https:\\\/\\\/trendsandvision.nl\\\/de\\\/wp-content\\\/uploads\\\/sites\\\/3\\\/2022\\\/04\\\/BEE002_01.jpg\",\"contentUrl\":\"https:\\\/\\\/trendsandvision.nl\\\/de\\\/wp-content\\\/uploads\\\/sites\\\/3\\\/2022\\\/04\\\/BEE002_01.jpg\",\"width\":800,\"height\":800,\"caption\":\"Trends and Vision Bienenmuster Sch\u00fcrze, BEE002, EAN 8714982172953, - L 52 x T 0,5 x H 98,5 cm- Material Polyester, PU, PVC- Gewicht 0,318 kg\"},{\"@type\":\"BreadcrumbList\",\"@id\":\"https:\\\/\\\/trendsandvision.nl\\\/de\\\/product\\\/esschert-design-bienenmuster-schuerze\\\/#breadcrumb\",\"itemListElement\":[{\"@type\":\"ListItem\",\"position\":1,\"name\":\"Home\",\"item\":\"https:\\\/\\\/trendsandvision.nl\\\/de\\\/\"},{\"@type\":\"ListItem\",\"position\":2,\"name\":\"Gesch\u00e4ft\",\"item\":\"https:\\\/\\\/trendsandvision.nl\\\/de\\\/geschaft\\\/\"},{\"@type\":\"ListItem\",\"position\":3,\"name\":\"Esschert Design Bienenmuster Sch\u00fcrze\"}]},{\"@type\":\"WebSite\",\"@id\":\"https:\\\/\\\/trendsandvision.nl\\\/de\\\/#website\",\"url\":\"https:\\\/\\\/trendsandvision.nl\\\/de\\\/\",\"name\":\"Trends &amp; Vision (DE)\",\"description\":\"Der Webshop f\u00fcr Esschert Design Artikel\",\"publisher\":{\"@id\":\"https:\\\/\\\/trendsandvision.nl\\\/de\\\/#organization\"},\"potentialAction\":[{\"@type\":\"SearchAction\",\"target\":{\"@type\":\"EntryPoint\",\"urlTemplate\":\"https:\\\/\\\/trendsandvision.nl\\\/de\\\/?s={search_term_string}\"},\"query-input\":{\"@type\":\"PropertyValueSpecification\",\"valueRequired\":true,\"valueName\":\"search_term_string\"}}],\"inLanguage\":\"de\"},{\"@type\":\"Organization\",\"@id\":\"https:\\\/\\\/trendsandvision.nl\\\/de\\\/#organization\",\"name\":\"Trends &amp; Vision (DE)\",\"url\":\"https:\\\/\\\/trendsandvision.nl\\\/de\\\/\",\"logo\":{\"@type\":\"ImageObject\",\"inLanguage\":\"de\",\"@id\":\"https:\\\/\\\/trendsandvision.nl\\\/de\\\/#\\\/schema\\\/logo\\\/image\\\/\",\"url\":\"https:\\\/\\\/trendsandvision.nl\\\/de\\\/wp-content\\\/uploads\\\/sites\\\/3\\\/2022\\\/04\\\/trends-and-vision-logo.jpg\",\"contentUrl\":\"https:\\\/\\\/trendsandvision.nl\\\/de\\\/wp-content\\\/uploads\\\/sites\\\/3\\\/2022\\\/04\\\/trends-and-vision-logo.jpg\",\"width\":213,\"height\":100,\"caption\":\"Trends &amp; Vision (DE)\"},\"image\":{\"@id\":\"https:\\\/\\\/trendsandvision.nl\\\/de\\\/#\\\/schema\\\/logo\\\/image\\\/\"}}]}<\/script>\n<!-- \/ Yoast SEO Premium plugin. -->","yoast_head_json":{"title":"Esschert Design Bienenmuster Sch\u00fcrze, BEE002, 8714982172953","description":"Esschert Design Bienenmuster Sch\u00fcrze, BEE002, EAN 8714982172953, - L 52 x T 0,5 x H 98,5 cm- Material Polyester, PU, PVC- Gewicht 0,318 kg","robots":{"index":"index","follow":"follow","max-snippet":"max-snippet:-1","max-image-preview":"max-image-preview:large","max-video-preview":"max-video-preview:-1"},"canonical":"https:\/\/trendsandvision.nl\/de\/product\/esschert-design-bienenmuster-schuerze\/","og_locale":"de_DE","og_type":"article","og_title":"Esschert Design Bienenmuster Sch\u00fcrze","og_description":"Esschert Design Bienenmuster Sch\u00fcrze, BEE002, EAN 8714982172953, - L 52 x T 0,5 x H 98,5 cm- Material Polyester, PU, PVC- Gewicht 0,318 kg","og_url":"https:\/\/trendsandvision.nl\/de\/product\/esschert-design-bienenmuster-schuerze\/","og_site_name":"Trends &amp; Vision (DE)","article_modified_time":"2026-04-07T08:20:31+00:00","og_image":[{"width":800,"height":800,"url":"https:\/\/trendsandvision.nl\/de\/wp-content\/uploads\/sites\/3\/2022\/04\/BEE002_01.jpg","type":"image\/jpeg"}],"twitter_card":"summary_large_image","twitter_misc":{"Gesch\u00e4tzte Lesezeit":"1\u00a0Minute"},"schema":{"@context":"https:\/\/schema.org","@graph":[{"@type":"WebPage","@id":"https:\/\/trendsandvision.nl\/de\/product\/esschert-design-bienenmuster-schuerze\/","url":"https:\/\/trendsandvision.nl\/de\/product\/esschert-design-bienenmuster-schuerze\/","name":"Esschert Design Bienenmuster Sch\u00fcrze, BEE002, 8714982172953","isPartOf":{"@id":"https:\/\/trendsandvision.nl\/de\/#website"},"primaryImageOfPage":{"@id":"https:\/\/trendsandvision.nl\/de\/product\/esschert-design-bienenmuster-schuerze\/#primaryimage"},"image":{"@id":"https:\/\/trendsandvision.nl\/de\/product\/esschert-design-bienenmuster-schuerze\/#primaryimage"},"thumbnailUrl":"https:\/\/trendsandvision.nl\/de\/wp-content\/uploads\/sites\/3\/2022\/04\/BEE002_01.jpg","datePublished":"2022-04-22T15:01:14+00:00","dateModified":"2026-04-07T08:20:31+00:00","description":"Esschert Design Bienenmuster Sch\u00fcrze, BEE002, EAN 8714982172953, - L 52 x T 0,5 x H 98,5 cm- Material Polyester, PU, PVC- Gewicht 0,318 kg","breadcrumb":{"@id":"https:\/\/trendsandvision.nl\/de\/product\/esschert-design-bienenmuster-schuerze\/#breadcrumb"},"inLanguage":"de","potentialAction":[{"@type":"ReadAction","target":["https:\/\/trendsandvision.nl\/de\/product\/esschert-design-bienenmuster-schuerze\/"]}]},{"@type":"ImageObject","inLanguage":"de","@id":"https:\/\/trendsandvision.nl\/de\/product\/esschert-design-bienenmuster-schuerze\/#primaryimage","url":"https:\/\/trendsandvision.nl\/de\/wp-content\/uploads\/sites\/3\/2022\/04\/BEE002_01.jpg","contentUrl":"https:\/\/trendsandvision.nl\/de\/wp-content\/uploads\/sites\/3\/2022\/04\/BEE002_01.jpg","width":800,"height":800,"caption":"Trends and Vision Bienenmuster Sch\u00fcrze, BEE002, EAN 8714982172953, - L 52 x T 0,5 x H 98,5 cm- Material Polyester, PU, PVC- Gewicht 0,318 kg"},{"@type":"BreadcrumbList","@id":"https:\/\/trendsandvision.nl\/de\/product\/esschert-design-bienenmuster-schuerze\/#breadcrumb","itemListElement":[{"@type":"ListItem","position":1,"name":"Home","item":"https:\/\/trendsandvision.nl\/de\/"},{"@type":"ListItem","position":2,"name":"Gesch\u00e4ft","item":"https:\/\/trendsandvision.nl\/de\/geschaft\/"},{"@type":"ListItem","position":3,"name":"Esschert Design Bienenmuster Sch\u00fcrze"}]},{"@type":"WebSite","@id":"https:\/\/trendsandvision.nl\/de\/#website","url":"https:\/\/trendsandvision.nl\/de\/","name":"Trends &amp; Vision (DE)","description":"Der Webshop f\u00fcr Esschert Design Artikel","publisher":{"@id":"https:\/\/trendsandvision.nl\/de\/#organization"},"potentialAction":[{"@type":"SearchAction","target":{"@type":"EntryPoint","urlTemplate":"https:\/\/trendsandvision.nl\/de\/?s={search_term_string}"},"query-input":{"@type":"PropertyValueSpecification","valueRequired":true,"valueName":"search_term_string"}}],"inLanguage":"de"},{"@type":"Organization","@id":"https:\/\/trendsandvision.nl\/de\/#organization","name":"Trends &amp; Vision (DE)","url":"https:\/\/trendsandvision.nl\/de\/","logo":{"@type":"ImageObject","inLanguage":"de","@id":"https:\/\/trendsandvision.nl\/de\/#\/schema\/logo\/image\/","url":"https:\/\/trendsandvision.nl\/de\/wp-content\/uploads\/sites\/3\/2022\/04\/trends-and-vision-logo.jpg","contentUrl":"https:\/\/trendsandvision.nl\/de\/wp-content\/uploads\/sites\/3\/2022\/04\/trends-and-vision-logo.jpg","width":213,"height":100,"caption":"Trends &amp; Vision (DE)"},"image":{"@id":"https:\/\/trendsandvision.nl\/de\/#\/schema\/logo\/image\/"}}]}},"_links":{"self":[{"href":"https:\/\/trendsandvision.nl\/de\/wp-json\/wp\/v2\/product\/1279","targetHints":{"allow":["GET"]}}],"collection":[{"href":"https:\/\/trendsandvision.nl\/de\/wp-json\/wp\/v2\/product"}],"about":[{"href":"https:\/\/trendsandvision.nl\/de\/wp-json\/wp\/v2\/types\/product"}],"wp:featuredmedia":[{"embeddable":true,"href":"https:\/\/trendsandvision.nl\/de\/wp-json\/wp\/v2\/media\/1280"}],"wp:attachment":[{"href":"https:\/\/trendsandvision.nl\/de\/wp-json\/wp\/v2\/media?parent=1279"}],"wp:term":[{"taxonomy":"product_brand","embeddable":true,"href":"https:\/\/trendsandvision.nl\/de\/wp-json\/wp\/v2\/product_brand?post=1279"},{"taxonomy":"product_cat","embeddable":true,"href":"https:\/\/trendsandvision.nl\/de\/wp-json\/wp\/v2\/product_cat?post=1279"},{"taxonomy":"product_tag","embeddable":true,"href":"https:\/\/trendsandvision.nl\/de\/wp-json\/wp\/v2\/product_tag?post=1279"}],"curies":[{"name":"wp","href":"https:\/\/api.w.org\/{rel}","templated":true}]}}