{"id":1273,"date":"2022-04-22T17:01:14","date_gmt":"2022-04-22T15:01:14","guid":{"rendered":"https:\/\/trendsandvision.nl\/de\/product\/esschert-design-aardappelkweekpot\/"},"modified":"2026-04-22T14:52:09","modified_gmt":"2026-04-22T12:52:09","slug":"esschert-design-kartoffelpflanztopf","status":"publish","type":"product","link":"https:\/\/trendsandvision.nl\/de\/product\/esschert-design-kartoffelpflanztopf\/","title":{"rendered":"Esschert Design Kartoffelpflanztopf"},"content":{"rendered":"<p>Dieser Kartoffelpflanztopf ist \u00e4u\u00dferst praktisch f\u00fcr den eigenen Kartoffelanbau. Wenn Sie keinen gro\u00dfen Gem\u00fcsegarten haben oder nicht viele Kartoffeln anbauen m\u00f6chten, ist dieser Pflanztopf die perfekte L\u00f6sung. Er besteht aus zwei separaten T\u00f6pfen: einem Innentopf und einem Au\u00dfentopf. Beide T\u00f6pfe sind schwarz.<\/p>\n<p>Artikelname Kartoffelpflanztopf, ausgestattet mit einem Topf f\u00fcr drinnen und drau\u00dfen<br \/>\nArtikelnummer B1014<br \/>\nKeine Kartoffeln<br \/>\nProduktgruppe(n) Kultivierung, Gew\u00e4chsh\u00e4user und Fr\u00fchbeete, Sonstiges, T\u00f6pfe und Gef\u00e4\u00dfe, Blument\u00f6pfe und <strong><a href=\"https:\/\/trendsandvision.nl\/de\/?s=Pflanzgef\u00e4\u00dfe&amp;post_type=product&amp;dgwt_wcas=1\">Pflanzgef\u00e4\u00dfe<\/a><\/strong><br \/>\nProduktabmessungen in cm L 29,6 x T 29,6 x H 27<br \/>\nMaterial PP (Polypropylen)<br \/>\nBruttogewicht 0,532 kg<br \/>\nNettogewicht 0,42 kg<br \/>\nBarcode 8714982154010<br \/>\nProduzent <a href=\"https:\/\/www.esschertdesign.com\/shop\/de\/aardappelkweekpot-b1014\" target=\"_blank\">Esschert Design<\/a><\/p>\n","protected":false},"excerpt":{"rendered":"<p>L 29,6 x T 29,6 x H 27 cm<br \/>\nMaterial PP (Polypropylen)<br \/>\nNettogewicht 0,42 kg<br \/>\nBarcode 8714982154010<br \/>\nausgestattet mit einem Topf f\u00fcr drinnen und drau\u00dfen<\/p>\n","protected":false},"featured_media":1274,"template":"","meta":[],"product_brand":[9597,9598],"product_cat":[503],"product_tag":[7518,7581],"class_list":{"0":"post-1273","1":"product","2":"type-product","3":"status-publish","4":"has-post-thumbnail","6":"product_brand-esschert-design","7":"product_brand-trends-and-vision","8":"product_cat-esscherts-garden","9":"product_tag-blumentoepfe-und-pflanzgefaesse","10":"product_tag-gewaechshaeuser-und-fruehbeete","11":"pa_anbieter-esschert-design","12":"pa_ean-code-763","13":"pa_material-pp","14":"pa_messungen-302x302x267cm","16":"first","17":"instock","18":"sale","19":"taxable","20":"shipping-taxable","21":"purchasable","22":"product-type-simple","23":"czr-hentry"},"yoast_head":"<!-- This site is optimized with the Yoast SEO Premium plugin v27.4 (Yoast SEO v27.4) - https:\/\/yoast.com\/product\/yoast-seo-premium-wordpress\/ -->\n<title>Esschert Design Kartoffelpflanztopf (B1014, 8714982154010)<\/title>\n<meta name=\"description\" content=\"Esschert Design Kartoffelpflanztopf L 29,6 x T 29,6 x H 27 cm, Material PP (Polypropylen) Gewicht 0,42 kg, EAN 8714982154010\" \/>\n<meta name=\"robots\" content=\"index, follow, max-snippet:-1, max-image-preview:large, max-video-preview:-1\" \/>\n<link rel=\"canonical\" href=\"https:\/\/trendsandvision.nl\/de\/product\/esschert-design-kartoffelpflanztopf\/\" \/>\n<meta property=\"og:locale\" content=\"de_DE\" \/>\n<meta property=\"og:type\" content=\"article\" \/>\n<meta property=\"og:title\" content=\"Esschert Design Kartoffelpflanztopf\" \/>\n<meta property=\"og:description\" content=\"Esschert Design Kartoffelpflanztopf L 29,6 x T 29,6 x H 27 cm, Material PP (Polypropylen) Gewicht 0,42 kg, EAN 8714982154010\" \/>\n<meta property=\"og:url\" content=\"https:\/\/trendsandvision.nl\/de\/product\/esschert-design-kartoffelpflanztopf\/\" \/>\n<meta property=\"og:site_name\" content=\"Trends &amp; Vision (DE)\" \/>\n<meta property=\"article:modified_time\" content=\"2026-04-22T12:52:09+00:00\" \/>\n<meta property=\"og:image\" content=\"https:\/\/trendsandvision.nl\/de\/wp-content\/uploads\/sites\/3\/2022\/04\/B1014_01.jpg\" \/>\n\t<meta property=\"og:image:width\" content=\"800\" \/>\n\t<meta property=\"og:image:height\" content=\"800\" \/>\n\t<meta property=\"og:image:type\" content=\"image\/jpeg\" \/>\n<meta name=\"twitter:card\" content=\"summary_large_image\" \/>\n<meta name=\"twitter:label1\" content=\"Gesch\u00e4tzte Lesezeit\" \/>\n\t<meta name=\"twitter:data1\" content=\"1\u00a0Minute\" \/>\n<script type=\"application\/ld+json\" class=\"yoast-schema-graph\">{\"@context\":\"https:\\\/\\\/schema.org\",\"@graph\":[{\"@type\":\"WebPage\",\"@id\":\"https:\\\/\\\/trendsandvision.nl\\\/de\\\/product\\\/esschert-design-kartoffelpflanztopf\\\/\",\"url\":\"https:\\\/\\\/trendsandvision.nl\\\/de\\\/product\\\/esschert-design-kartoffelpflanztopf\\\/\",\"name\":\"Esschert Design Kartoffelpflanztopf (B1014, 8714982154010)\",\"isPartOf\":{\"@id\":\"https:\\\/\\\/trendsandvision.nl\\\/de\\\/#website\"},\"primaryImageOfPage\":{\"@id\":\"https:\\\/\\\/trendsandvision.nl\\\/de\\\/product\\\/esschert-design-kartoffelpflanztopf\\\/#primaryimage\"},\"image\":{\"@id\":\"https:\\\/\\\/trendsandvision.nl\\\/de\\\/product\\\/esschert-design-kartoffelpflanztopf\\\/#primaryimage\"},\"thumbnailUrl\":\"https:\\\/\\\/trendsandvision.nl\\\/de\\\/wp-content\\\/uploads\\\/sites\\\/3\\\/2022\\\/04\\\/B1014_01.jpg\",\"datePublished\":\"2022-04-22T15:01:14+00:00\",\"dateModified\":\"2026-04-22T12:52:09+00:00\",\"description\":\"Esschert Design Kartoffelpflanztopf L 29,6 x T 29,6 x H 27 cm, Material PP (Polypropylen) Gewicht 0,42 kg, EAN 8714982154010\",\"breadcrumb\":{\"@id\":\"https:\\\/\\\/trendsandvision.nl\\\/de\\\/product\\\/esschert-design-kartoffelpflanztopf\\\/#breadcrumb\"},\"inLanguage\":\"de\",\"potentialAction\":[{\"@type\":\"ReadAction\",\"target\":[\"https:\\\/\\\/trendsandvision.nl\\\/de\\\/product\\\/esschert-design-kartoffelpflanztopf\\\/\"]}]},{\"@type\":\"ImageObject\",\"inLanguage\":\"de\",\"@id\":\"https:\\\/\\\/trendsandvision.nl\\\/de\\\/product\\\/esschert-design-kartoffelpflanztopf\\\/#primaryimage\",\"url\":\"https:\\\/\\\/trendsandvision.nl\\\/de\\\/wp-content\\\/uploads\\\/sites\\\/3\\\/2022\\\/04\\\/B1014_01.jpg\",\"contentUrl\":\"https:\\\/\\\/trendsandvision.nl\\\/de\\\/wp-content\\\/uploads\\\/sites\\\/3\\\/2022\\\/04\\\/B1014_01.jpg\",\"width\":800,\"height\":800,\"caption\":\"Trends and Vision Kartoffelpflanztopf L 29,6 x T 29,6 x H 27 cm, Material PP (Polypropylen) Gewicht 0,42 kg, EAN 8714982154010\"},{\"@type\":\"BreadcrumbList\",\"@id\":\"https:\\\/\\\/trendsandvision.nl\\\/de\\\/product\\\/esschert-design-kartoffelpflanztopf\\\/#breadcrumb\",\"itemListElement\":[{\"@type\":\"ListItem\",\"position\":1,\"name\":\"Home\",\"item\":\"https:\\\/\\\/trendsandvision.nl\\\/de\\\/\"},{\"@type\":\"ListItem\",\"position\":2,\"name\":\"Gesch\u00e4ft\",\"item\":\"https:\\\/\\\/trendsandvision.nl\\\/de\\\/geschaft\\\/\"},{\"@type\":\"ListItem\",\"position\":3,\"name\":\"Esschert Design Kartoffelpflanztopf\"}]},{\"@type\":\"WebSite\",\"@id\":\"https:\\\/\\\/trendsandvision.nl\\\/de\\\/#website\",\"url\":\"https:\\\/\\\/trendsandvision.nl\\\/de\\\/\",\"name\":\"Trends &amp; Vision (DE)\",\"description\":\"Der Webshop f\u00fcr Esschert Design Artikel\",\"publisher\":{\"@id\":\"https:\\\/\\\/trendsandvision.nl\\\/de\\\/#organization\"},\"potentialAction\":[{\"@type\":\"SearchAction\",\"target\":{\"@type\":\"EntryPoint\",\"urlTemplate\":\"https:\\\/\\\/trendsandvision.nl\\\/de\\\/?s={search_term_string}\"},\"query-input\":{\"@type\":\"PropertyValueSpecification\",\"valueRequired\":true,\"valueName\":\"search_term_string\"}}],\"inLanguage\":\"de\"},{\"@type\":\"Organization\",\"@id\":\"https:\\\/\\\/trendsandvision.nl\\\/de\\\/#organization\",\"name\":\"Trends &amp; Vision (DE)\",\"url\":\"https:\\\/\\\/trendsandvision.nl\\\/de\\\/\",\"logo\":{\"@type\":\"ImageObject\",\"inLanguage\":\"de\",\"@id\":\"https:\\\/\\\/trendsandvision.nl\\\/de\\\/#\\\/schema\\\/logo\\\/image\\\/\",\"url\":\"https:\\\/\\\/trendsandvision.nl\\\/de\\\/wp-content\\\/uploads\\\/sites\\\/3\\\/2022\\\/04\\\/trends-and-vision-logo.jpg\",\"contentUrl\":\"https:\\\/\\\/trendsandvision.nl\\\/de\\\/wp-content\\\/uploads\\\/sites\\\/3\\\/2022\\\/04\\\/trends-and-vision-logo.jpg\",\"width\":213,\"height\":100,\"caption\":\"Trends &amp; Vision (DE)\"},\"image\":{\"@id\":\"https:\\\/\\\/trendsandvision.nl\\\/de\\\/#\\\/schema\\\/logo\\\/image\\\/\"}}]}<\/script>\n<!-- \/ Yoast SEO Premium plugin. -->","yoast_head_json":{"title":"Esschert Design Kartoffelpflanztopf (B1014, 8714982154010)","description":"Esschert Design Kartoffelpflanztopf L 29,6 x T 29,6 x H 27 cm, Material PP (Polypropylen) Gewicht 0,42 kg, EAN 8714982154010","robots":{"index":"index","follow":"follow","max-snippet":"max-snippet:-1","max-image-preview":"max-image-preview:large","max-video-preview":"max-video-preview:-1"},"canonical":"https:\/\/trendsandvision.nl\/de\/product\/esschert-design-kartoffelpflanztopf\/","og_locale":"de_DE","og_type":"article","og_title":"Esschert Design Kartoffelpflanztopf","og_description":"Esschert Design Kartoffelpflanztopf L 29,6 x T 29,6 x H 27 cm, Material PP (Polypropylen) Gewicht 0,42 kg, EAN 8714982154010","og_url":"https:\/\/trendsandvision.nl\/de\/product\/esschert-design-kartoffelpflanztopf\/","og_site_name":"Trends &amp; Vision (DE)","article_modified_time":"2026-04-22T12:52:09+00:00","og_image":[{"width":800,"height":800,"url":"https:\/\/trendsandvision.nl\/de\/wp-content\/uploads\/sites\/3\/2022\/04\/B1014_01.jpg","type":"image\/jpeg"}],"twitter_card":"summary_large_image","twitter_misc":{"Gesch\u00e4tzte Lesezeit":"1\u00a0Minute"},"schema":{"@context":"https:\/\/schema.org","@graph":[{"@type":"WebPage","@id":"https:\/\/trendsandvision.nl\/de\/product\/esschert-design-kartoffelpflanztopf\/","url":"https:\/\/trendsandvision.nl\/de\/product\/esschert-design-kartoffelpflanztopf\/","name":"Esschert Design Kartoffelpflanztopf (B1014, 8714982154010)","isPartOf":{"@id":"https:\/\/trendsandvision.nl\/de\/#website"},"primaryImageOfPage":{"@id":"https:\/\/trendsandvision.nl\/de\/product\/esschert-design-kartoffelpflanztopf\/#primaryimage"},"image":{"@id":"https:\/\/trendsandvision.nl\/de\/product\/esschert-design-kartoffelpflanztopf\/#primaryimage"},"thumbnailUrl":"https:\/\/trendsandvision.nl\/de\/wp-content\/uploads\/sites\/3\/2022\/04\/B1014_01.jpg","datePublished":"2022-04-22T15:01:14+00:00","dateModified":"2026-04-22T12:52:09+00:00","description":"Esschert Design Kartoffelpflanztopf L 29,6 x T 29,6 x H 27 cm, Material PP (Polypropylen) Gewicht 0,42 kg, EAN 8714982154010","breadcrumb":{"@id":"https:\/\/trendsandvision.nl\/de\/product\/esschert-design-kartoffelpflanztopf\/#breadcrumb"},"inLanguage":"de","potentialAction":[{"@type":"ReadAction","target":["https:\/\/trendsandvision.nl\/de\/product\/esschert-design-kartoffelpflanztopf\/"]}]},{"@type":"ImageObject","inLanguage":"de","@id":"https:\/\/trendsandvision.nl\/de\/product\/esschert-design-kartoffelpflanztopf\/#primaryimage","url":"https:\/\/trendsandvision.nl\/de\/wp-content\/uploads\/sites\/3\/2022\/04\/B1014_01.jpg","contentUrl":"https:\/\/trendsandvision.nl\/de\/wp-content\/uploads\/sites\/3\/2022\/04\/B1014_01.jpg","width":800,"height":800,"caption":"Trends and Vision Kartoffelpflanztopf L 29,6 x T 29,6 x H 27 cm, Material PP (Polypropylen) Gewicht 0,42 kg, EAN 8714982154010"},{"@type":"BreadcrumbList","@id":"https:\/\/trendsandvision.nl\/de\/product\/esschert-design-kartoffelpflanztopf\/#breadcrumb","itemListElement":[{"@type":"ListItem","position":1,"name":"Home","item":"https:\/\/trendsandvision.nl\/de\/"},{"@type":"ListItem","position":2,"name":"Gesch\u00e4ft","item":"https:\/\/trendsandvision.nl\/de\/geschaft\/"},{"@type":"ListItem","position":3,"name":"Esschert Design Kartoffelpflanztopf"}]},{"@type":"WebSite","@id":"https:\/\/trendsandvision.nl\/de\/#website","url":"https:\/\/trendsandvision.nl\/de\/","name":"Trends &amp; Vision (DE)","description":"Der Webshop f\u00fcr Esschert Design Artikel","publisher":{"@id":"https:\/\/trendsandvision.nl\/de\/#organization"},"potentialAction":[{"@type":"SearchAction","target":{"@type":"EntryPoint","urlTemplate":"https:\/\/trendsandvision.nl\/de\/?s={search_term_string}"},"query-input":{"@type":"PropertyValueSpecification","valueRequired":true,"valueName":"search_term_string"}}],"inLanguage":"de"},{"@type":"Organization","@id":"https:\/\/trendsandvision.nl\/de\/#organization","name":"Trends &amp; Vision (DE)","url":"https:\/\/trendsandvision.nl\/de\/","logo":{"@type":"ImageObject","inLanguage":"de","@id":"https:\/\/trendsandvision.nl\/de\/#\/schema\/logo\/image\/","url":"https:\/\/trendsandvision.nl\/de\/wp-content\/uploads\/sites\/3\/2022\/04\/trends-and-vision-logo.jpg","contentUrl":"https:\/\/trendsandvision.nl\/de\/wp-content\/uploads\/sites\/3\/2022\/04\/trends-and-vision-logo.jpg","width":213,"height":100,"caption":"Trends &amp; Vision (DE)"},"image":{"@id":"https:\/\/trendsandvision.nl\/de\/#\/schema\/logo\/image\/"}}]}},"_links":{"self":[{"href":"https:\/\/trendsandvision.nl\/de\/wp-json\/wp\/v2\/product\/1273","targetHints":{"allow":["GET"]}}],"collection":[{"href":"https:\/\/trendsandvision.nl\/de\/wp-json\/wp\/v2\/product"}],"about":[{"href":"https:\/\/trendsandvision.nl\/de\/wp-json\/wp\/v2\/types\/product"}],"wp:featuredmedia":[{"embeddable":true,"href":"https:\/\/trendsandvision.nl\/de\/wp-json\/wp\/v2\/media\/1274"}],"wp:attachment":[{"href":"https:\/\/trendsandvision.nl\/de\/wp-json\/wp\/v2\/media?parent=1273"}],"wp:term":[{"taxonomy":"product_brand","embeddable":true,"href":"https:\/\/trendsandvision.nl\/de\/wp-json\/wp\/v2\/product_brand?post=1273"},{"taxonomy":"product_cat","embeddable":true,"href":"https:\/\/trendsandvision.nl\/de\/wp-json\/wp\/v2\/product_cat?post=1273"},{"taxonomy":"product_tag","embeddable":true,"href":"https:\/\/trendsandvision.nl\/de\/wp-json\/wp\/v2\/product_tag?post=1273"}],"curies":[{"name":"wp","href":"https:\/\/api.w.org\/{rel}","templated":true}]}}