{"id":1269,"date":"2022-04-22T17:01:14","date_gmt":"2022-04-22T15:01:14","guid":{"rendered":"https:\/\/trendsandvision.nl\/de\/product\/escchert-design-houten-vierkante-meter-tuin\/"},"modified":"2026-04-07T10:20:30","modified_gmt":"2026-04-07T08:20:30","slug":"escchert-design-garten-quadratmeter-holz","status":"publish","type":"product","link":"https:\/\/trendsandvision.nl\/de\/product\/escchert-design-garten-quadratmeter-holz\/","title":{"rendered":"Esschert Design Garten Quadratmeter Holz"},"content":{"rendered":"<p>Erschaffen Sie sich Ihren eigenen kompakten Gem\u00fcsegarten.<br \/>\nDank der inbegriffenen Unterteilungen entstehen neun F\u00e4cher, die individuell bepflanzt werden k\u00f6nnen.<br \/>\nDenken Sie hierbei beispielsweise an frische K\u00fcchenkr\u00e4uter, frische Tomaten oder leckere Zucchini.<br \/>\nDas mitgelieferte Wurzeltuch sorgt daf\u00fcr, dass die Erde im Pflanzkasten bleibt und das Unkraut gleichzeitig nicht hineinwurzeln kann.<br \/>\nIdeal also f\u00fcr Stadtg\u00e4rten und Balkone.<\/p>\n<p>Artikelname Garten Quadratmeter Holz<br \/>\nArtikelnummer B1012<br \/>\nProduktgruppe(n) Kultivierung, Gew\u00e4chsh\u00e4user und Fr\u00fchbeete, Sonstiges<br \/>\nProduktabmessungen in cm \u00f8 L 100 x T 100 x H 20<br \/>\nMaterial Fichte FSC\u00ae Mix Credit, Kunststoff<br \/>\nNettogewicht 4,896 kg<br \/>\nBarcode 8714982109294<br \/>\nProduzent <a href=\"https:\/\/www.esschertdesign.com\/shop\/de\/houten-vierkante-meter-tuin-b1012\" target=\"_blank\">Esschert Design<\/a><\/p>\n","protected":false},"excerpt":{"rendered":"<p>&#8211; einfaches Baupaket (f\u00fcr den Zusammenbau wird kein Werkzeug ben\u00f6tigt)<br \/>\n&#8211; inklusive Wurzeltuch<br \/>\n&#8211; Anleitung aufgedruckt auf Wrapper<br \/>\n&#8211; kompakt verpackt (100 x 10 x 13,7 cm)<br \/>\n&#8211; B 100 X T 100 X H 20 cm<br \/>\n&#8211; Barcode 8714982109294<br \/>\n&#8211; Material Kiefernholz, PP<br \/>\n&#8211; Bruttogewicht 4,974 kg<\/p>\n","protected":false},"featured_media":1270,"template":"","meta":[],"product_brand":[9597,9598],"product_cat":[503],"product_tag":[11231,6809,6765,7978,7979,7829],"class_list":{"0":"post-1269","1":"product","2":"type-product","3":"status-publish","4":"has-post-thumbnail","6":"product_brand-esschert-design","7":"product_brand-trends-and-vision","8":"product_cat-esscherts-garden","9":"product_tag-baupaket","10":"product_tag-fsc-100","11":"product_tag-gemuesegarten","12":"product_tag-kleingarten","13":"product_tag-quadratmeter","14":"product_tag-schrebergarten","15":"pa_anbieter-escchert-design","16":"pa_ean-code-760","17":"pa_material-vurenhout-pp","18":"pa_messungen-100-x100-x20-cm","20":"first","21":"instock","22":"sale","23":"taxable","24":"shipping-taxable","25":"purchasable","26":"product-type-simple","27":"czr-hentry"},"yoast_head":"<!-- This site is optimized with the Yoast SEO Premium plugin v26.4 (Yoast SEO v27.3) - https:\/\/yoast.com\/product\/yoast-seo-premium-wordpress\/ -->\n<title>Esschert Design Garten Quadratmeter Holz (B1012)<\/title>\n<meta name=\"description\" content=\"Esschert Design Garten Quadratmeter Holz (B1012, EAN 8714982109294)- B 100 X T 100 X H 20 cm- - Material Kiefernholz, PP- Gewicht 4,974 kg\" \/>\n<meta name=\"robots\" content=\"index, follow, max-snippet:-1, max-image-preview:large, max-video-preview:-1\" \/>\n<link rel=\"canonical\" href=\"https:\/\/trendsandvision.nl\/de\/product\/escchert-design-garten-quadratmeter-holz\/\" \/>\n<meta property=\"og:locale\" content=\"de_DE\" \/>\n<meta property=\"og:type\" content=\"article\" \/>\n<meta property=\"og:title\" content=\"Esschert Design Garten Quadratmeter Holz\" \/>\n<meta property=\"og:description\" content=\"Esschert Design Garten Quadratmeter Holz (B1012, EAN 8714982109294)- B 100 X T 100 X H 20 cm- - Material Kiefernholz, PP- Gewicht 4,974 kg\" \/>\n<meta property=\"og:url\" content=\"https:\/\/trendsandvision.nl\/de\/product\/escchert-design-garten-quadratmeter-holz\/\" \/>\n<meta property=\"og:site_name\" content=\"Trends &amp; Vision (DE)\" \/>\n<meta property=\"article:modified_time\" content=\"2026-04-07T08:20:30+00:00\" \/>\n<meta property=\"og:image\" content=\"https:\/\/trendsandvision.nl\/de\/wp-content\/uploads\/sites\/3\/2022\/04\/B1012_01.jpg\" \/>\n\t<meta property=\"og:image:width\" content=\"800\" \/>\n\t<meta property=\"og:image:height\" content=\"800\" \/>\n\t<meta property=\"og:image:type\" content=\"image\/jpeg\" \/>\n<meta name=\"twitter:card\" content=\"summary_large_image\" \/>\n<meta name=\"twitter:label1\" content=\"Gesch\u00e4tzte Lesezeit\" \/>\n\t<meta name=\"twitter:data1\" content=\"1\u00a0Minute\" \/>\n<script type=\"application\/ld+json\" class=\"yoast-schema-graph\">{\"@context\":\"https:\\\/\\\/schema.org\",\"@graph\":[{\"@type\":\"WebPage\",\"@id\":\"https:\\\/\\\/trendsandvision.nl\\\/de\\\/product\\\/escchert-design-garten-quadratmeter-holz\\\/\",\"url\":\"https:\\\/\\\/trendsandvision.nl\\\/de\\\/product\\\/escchert-design-garten-quadratmeter-holz\\\/\",\"name\":\"Esschert Design Garten Quadratmeter Holz (B1012)\",\"isPartOf\":{\"@id\":\"https:\\\/\\\/trendsandvision.nl\\\/de\\\/#website\"},\"primaryImageOfPage\":{\"@id\":\"https:\\\/\\\/trendsandvision.nl\\\/de\\\/product\\\/escchert-design-garten-quadratmeter-holz\\\/#primaryimage\"},\"image\":{\"@id\":\"https:\\\/\\\/trendsandvision.nl\\\/de\\\/product\\\/escchert-design-garten-quadratmeter-holz\\\/#primaryimage\"},\"thumbnailUrl\":\"https:\\\/\\\/trendsandvision.nl\\\/de\\\/wp-content\\\/uploads\\\/sites\\\/3\\\/2022\\\/04\\\/B1012_01.jpg\",\"datePublished\":\"2022-04-22T15:01:14+00:00\",\"dateModified\":\"2026-04-07T08:20:30+00:00\",\"description\":\"Esschert Design Garten Quadratmeter Holz (B1012, EAN 8714982109294)- B 100 X T 100 X H 20 cm- - Material Kiefernholz, PP- Gewicht 4,974 kg\",\"breadcrumb\":{\"@id\":\"https:\\\/\\\/trendsandvision.nl\\\/de\\\/product\\\/escchert-design-garten-quadratmeter-holz\\\/#breadcrumb\"},\"inLanguage\":\"de\",\"potentialAction\":[{\"@type\":\"ReadAction\",\"target\":[\"https:\\\/\\\/trendsandvision.nl\\\/de\\\/product\\\/escchert-design-garten-quadratmeter-holz\\\/\"]}]},{\"@type\":\"ImageObject\",\"inLanguage\":\"de\",\"@id\":\"https:\\\/\\\/trendsandvision.nl\\\/de\\\/product\\\/escchert-design-garten-quadratmeter-holz\\\/#primaryimage\",\"url\":\"https:\\\/\\\/trendsandvision.nl\\\/de\\\/wp-content\\\/uploads\\\/sites\\\/3\\\/2022\\\/04\\\/B1012_01.jpg\",\"contentUrl\":\"https:\\\/\\\/trendsandvision.nl\\\/de\\\/wp-content\\\/uploads\\\/sites\\\/3\\\/2022\\\/04\\\/B1012_01.jpg\",\"width\":800,\"height\":800,\"caption\":\"Trends and Vision Garten Quadratmeter Holz (B1012, EAN 8714982109294)- B 100 X T 100 X H 20 cm- - Material Kiefernholz, PP- Gewicht 4,974 kg\"},{\"@type\":\"BreadcrumbList\",\"@id\":\"https:\\\/\\\/trendsandvision.nl\\\/de\\\/product\\\/escchert-design-garten-quadratmeter-holz\\\/#breadcrumb\",\"itemListElement\":[{\"@type\":\"ListItem\",\"position\":1,\"name\":\"Home\",\"item\":\"https:\\\/\\\/trendsandvision.nl\\\/de\\\/\"},{\"@type\":\"ListItem\",\"position\":2,\"name\":\"Gesch\u00e4ft\",\"item\":\"https:\\\/\\\/trendsandvision.nl\\\/de\\\/geschaft\\\/\"},{\"@type\":\"ListItem\",\"position\":3,\"name\":\"Esschert Design Garten Quadratmeter Holz\"}]},{\"@type\":\"WebSite\",\"@id\":\"https:\\\/\\\/trendsandvision.nl\\\/de\\\/#website\",\"url\":\"https:\\\/\\\/trendsandvision.nl\\\/de\\\/\",\"name\":\"Trends &amp; Vision (DE)\",\"description\":\"Der Webshop f\u00fcr Esschert Design Artikel\",\"publisher\":{\"@id\":\"https:\\\/\\\/trendsandvision.nl\\\/de\\\/#organization\"},\"potentialAction\":[{\"@type\":\"SearchAction\",\"target\":{\"@type\":\"EntryPoint\",\"urlTemplate\":\"https:\\\/\\\/trendsandvision.nl\\\/de\\\/?s={search_term_string}\"},\"query-input\":{\"@type\":\"PropertyValueSpecification\",\"valueRequired\":true,\"valueName\":\"search_term_string\"}}],\"inLanguage\":\"de\"},{\"@type\":\"Organization\",\"@id\":\"https:\\\/\\\/trendsandvision.nl\\\/de\\\/#organization\",\"name\":\"Trends &amp; Vision (DE)\",\"url\":\"https:\\\/\\\/trendsandvision.nl\\\/de\\\/\",\"logo\":{\"@type\":\"ImageObject\",\"inLanguage\":\"de\",\"@id\":\"https:\\\/\\\/trendsandvision.nl\\\/de\\\/#\\\/schema\\\/logo\\\/image\\\/\",\"url\":\"https:\\\/\\\/trendsandvision.nl\\\/de\\\/wp-content\\\/uploads\\\/sites\\\/3\\\/2022\\\/04\\\/trends-and-vision-logo.jpg\",\"contentUrl\":\"https:\\\/\\\/trendsandvision.nl\\\/de\\\/wp-content\\\/uploads\\\/sites\\\/3\\\/2022\\\/04\\\/trends-and-vision-logo.jpg\",\"width\":213,\"height\":100,\"caption\":\"Trends &amp; Vision (DE)\"},\"image\":{\"@id\":\"https:\\\/\\\/trendsandvision.nl\\\/de\\\/#\\\/schema\\\/logo\\\/image\\\/\"}}]}<\/script>\n<!-- \/ Yoast SEO Premium plugin. -->","yoast_head_json":{"title":"Esschert Design Garten Quadratmeter Holz (B1012)","description":"Esschert Design Garten Quadratmeter Holz (B1012, EAN 8714982109294)- B 100 X T 100 X H 20 cm- - Material Kiefernholz, PP- Gewicht 4,974 kg","robots":{"index":"index","follow":"follow","max-snippet":"max-snippet:-1","max-image-preview":"max-image-preview:large","max-video-preview":"max-video-preview:-1"},"canonical":"https:\/\/trendsandvision.nl\/de\/product\/escchert-design-garten-quadratmeter-holz\/","og_locale":"de_DE","og_type":"article","og_title":"Esschert Design Garten Quadratmeter Holz","og_description":"Esschert Design Garten Quadratmeter Holz (B1012, EAN 8714982109294)- B 100 X T 100 X H 20 cm- - Material Kiefernholz, PP- Gewicht 4,974 kg","og_url":"https:\/\/trendsandvision.nl\/de\/product\/escchert-design-garten-quadratmeter-holz\/","og_site_name":"Trends &amp; Vision (DE)","article_modified_time":"2026-04-07T08:20:30+00:00","og_image":[{"width":800,"height":800,"url":"https:\/\/trendsandvision.nl\/de\/wp-content\/uploads\/sites\/3\/2022\/04\/B1012_01.jpg","type":"image\/jpeg"}],"twitter_card":"summary_large_image","twitter_misc":{"Gesch\u00e4tzte Lesezeit":"1\u00a0Minute"},"schema":{"@context":"https:\/\/schema.org","@graph":[{"@type":"WebPage","@id":"https:\/\/trendsandvision.nl\/de\/product\/escchert-design-garten-quadratmeter-holz\/","url":"https:\/\/trendsandvision.nl\/de\/product\/escchert-design-garten-quadratmeter-holz\/","name":"Esschert Design Garten Quadratmeter Holz (B1012)","isPartOf":{"@id":"https:\/\/trendsandvision.nl\/de\/#website"},"primaryImageOfPage":{"@id":"https:\/\/trendsandvision.nl\/de\/product\/escchert-design-garten-quadratmeter-holz\/#primaryimage"},"image":{"@id":"https:\/\/trendsandvision.nl\/de\/product\/escchert-design-garten-quadratmeter-holz\/#primaryimage"},"thumbnailUrl":"https:\/\/trendsandvision.nl\/de\/wp-content\/uploads\/sites\/3\/2022\/04\/B1012_01.jpg","datePublished":"2022-04-22T15:01:14+00:00","dateModified":"2026-04-07T08:20:30+00:00","description":"Esschert Design Garten Quadratmeter Holz (B1012, EAN 8714982109294)- B 100 X T 100 X H 20 cm- - Material Kiefernholz, PP- Gewicht 4,974 kg","breadcrumb":{"@id":"https:\/\/trendsandvision.nl\/de\/product\/escchert-design-garten-quadratmeter-holz\/#breadcrumb"},"inLanguage":"de","potentialAction":[{"@type":"ReadAction","target":["https:\/\/trendsandvision.nl\/de\/product\/escchert-design-garten-quadratmeter-holz\/"]}]},{"@type":"ImageObject","inLanguage":"de","@id":"https:\/\/trendsandvision.nl\/de\/product\/escchert-design-garten-quadratmeter-holz\/#primaryimage","url":"https:\/\/trendsandvision.nl\/de\/wp-content\/uploads\/sites\/3\/2022\/04\/B1012_01.jpg","contentUrl":"https:\/\/trendsandvision.nl\/de\/wp-content\/uploads\/sites\/3\/2022\/04\/B1012_01.jpg","width":800,"height":800,"caption":"Trends and Vision Garten Quadratmeter Holz (B1012, EAN 8714982109294)- B 100 X T 100 X H 20 cm- - Material Kiefernholz, PP- Gewicht 4,974 kg"},{"@type":"BreadcrumbList","@id":"https:\/\/trendsandvision.nl\/de\/product\/escchert-design-garten-quadratmeter-holz\/#breadcrumb","itemListElement":[{"@type":"ListItem","position":1,"name":"Home","item":"https:\/\/trendsandvision.nl\/de\/"},{"@type":"ListItem","position":2,"name":"Gesch\u00e4ft","item":"https:\/\/trendsandvision.nl\/de\/geschaft\/"},{"@type":"ListItem","position":3,"name":"Esschert Design Garten Quadratmeter Holz"}]},{"@type":"WebSite","@id":"https:\/\/trendsandvision.nl\/de\/#website","url":"https:\/\/trendsandvision.nl\/de\/","name":"Trends &amp; Vision (DE)","description":"Der Webshop f\u00fcr Esschert Design Artikel","publisher":{"@id":"https:\/\/trendsandvision.nl\/de\/#organization"},"potentialAction":[{"@type":"SearchAction","target":{"@type":"EntryPoint","urlTemplate":"https:\/\/trendsandvision.nl\/de\/?s={search_term_string}"},"query-input":{"@type":"PropertyValueSpecification","valueRequired":true,"valueName":"search_term_string"}}],"inLanguage":"de"},{"@type":"Organization","@id":"https:\/\/trendsandvision.nl\/de\/#organization","name":"Trends &amp; Vision (DE)","url":"https:\/\/trendsandvision.nl\/de\/","logo":{"@type":"ImageObject","inLanguage":"de","@id":"https:\/\/trendsandvision.nl\/de\/#\/schema\/logo\/image\/","url":"https:\/\/trendsandvision.nl\/de\/wp-content\/uploads\/sites\/3\/2022\/04\/trends-and-vision-logo.jpg","contentUrl":"https:\/\/trendsandvision.nl\/de\/wp-content\/uploads\/sites\/3\/2022\/04\/trends-and-vision-logo.jpg","width":213,"height":100,"caption":"Trends &amp; Vision (DE)"},"image":{"@id":"https:\/\/trendsandvision.nl\/de\/#\/schema\/logo\/image\/"}}]}},"_links":{"self":[{"href":"https:\/\/trendsandvision.nl\/de\/wp-json\/wp\/v2\/product\/1269","targetHints":{"allow":["GET"]}}],"collection":[{"href":"https:\/\/trendsandvision.nl\/de\/wp-json\/wp\/v2\/product"}],"about":[{"href":"https:\/\/trendsandvision.nl\/de\/wp-json\/wp\/v2\/types\/product"}],"wp:featuredmedia":[{"embeddable":true,"href":"https:\/\/trendsandvision.nl\/de\/wp-json\/wp\/v2\/media\/1270"}],"wp:attachment":[{"href":"https:\/\/trendsandvision.nl\/de\/wp-json\/wp\/v2\/media?parent=1269"}],"wp:term":[{"taxonomy":"product_brand","embeddable":true,"href":"https:\/\/trendsandvision.nl\/de\/wp-json\/wp\/v2\/product_brand?post=1269"},{"taxonomy":"product_cat","embeddable":true,"href":"https:\/\/trendsandvision.nl\/de\/wp-json\/wp\/v2\/product_cat?post=1269"},{"taxonomy":"product_tag","embeddable":true,"href":"https:\/\/trendsandvision.nl\/de\/wp-json\/wp\/v2\/product_tag?post=1269"}],"curies":[{"name":"wp","href":"https:\/\/api.w.org\/{rel}","templated":true}]}}