{"id":12650,"date":"2024-07-19T11:04:39","date_gmt":"2024-07-19T09:04:39","guid":{"rendered":"https:\/\/trendsandvision.nl\/de\/product\/esschert-design-eichhoernchenfutter-20-kg-in-eimer-wa110-8714982275241\/"},"modified":"2026-04-22T15:26:49","modified_gmt":"2026-04-22T13:26:49","slug":"esschert-design-eichhoernchenfutter-2-kg-in-eimer","status":"publish","type":"product","link":"https:\/\/trendsandvision.nl\/de\/product\/esschert-design-eichhoernchenfutter-2-kg-in-eimer\/","title":{"rendered":"Esschert Design Eichh\u00f6rnchenfutter 2 kg in Eimer"},"content":{"rendered":"<p>Esschert Design Eichh\u00f6rnchenfutter 2 kg in Eimer.<br \/>\nWild on Wildlife Eichh\u00f6rnchenfutter ist eine ausgewogene Futtermischung f\u00fcr wildlebende Eichh\u00f6rnchen als Erg\u00e4nzung zum Eigenfutter. Verwenden Sie diese Mischung nicht und verwenden Sie keine Essensreste, gesalzene N\u00fcsse, Brot, Kekse oder Milch. Auch die einseitige F\u00fctterung ungesalzener Erdn\u00fcsse ist nicht gut.<br \/>\nDiese Mischung kann das ganze Jahr \u00fcber verwendet werden. Die Eichh\u00f6rnchen fressen diese K\u00f6stlichkeit sofort oder legen sich einen Vorrat davon f\u00fcr den Wintertag an. Im Herbst frisst das Eichh\u00f6rnchen mehr, um eine Fettschicht f\u00fcr den Winter aufzubauen. Eichh\u00f6rnchen fressen haupts\u00e4chlich fr\u00fchmorgens oder nachmittags. <\/p>\n<p>&#8211; Ganzj\u00e4hrige Nahrung<br \/>\n\u2013 Direkt verzehrfertig<br \/>\n\u2013 Nagetiersicherer Plastikeimer mit Griff<br \/>\n\u2013 Einfach stapelbar<br \/>\n&#8211; 4 Jahreszeiten<br \/>\n&#8211; 2 Kilo<\/p>\n<p>Artikelbezeichnung Eichh\u00f6rnchenfutter 2 kg im Eimer<br \/>\nArtikelnummer WA110<br \/>\nBarcode 8714982275241<br \/>\nProduktgruppe(n) V\u00f6gel &amp; Gartentiere, Gartentiere, Eichh\u00f6rnchen &#8211; Essen<br \/>\nProduktabmessungen in cm L 19,9 x T 19,9 x H 15,5<br \/>\nMaterial Mais, Sorghumsamen, Hirse, Haseln\u00fcsse, Tannenzapfen mit Kernen, gestreifte Sonnenblumenkerne, Karottenflocken<br \/>\nNettogewicht 2.121 kg<br \/>\nProduzent <a href=\"https:\/\/www.esschertdesign.com\/shop\/de\/eekhoornvoer-2-0kg-in-emmer-wa110\" target=\"_blank\">Esschert Design<\/a><\/p>\n<p>Wir haben auch viel mehr <strong><a href=\"https:\/\/trendsandvision.nl\/de\/?s=futter&amp;post_type=product&amp;dgwt_wcas=1\">Futter f\u00fcr andere Tiere<\/a><\/strong><\/p>\n","protected":false},"excerpt":{"rendered":"<p>&#8211; L 19,9 x T 19,9 x H 15,5 cm<br \/>\n&#8211; Material, siehe: Produktbeschreibung<br \/>\n&#8211; Gewicht 2.121 kg<br \/>\n&#8211; Ganzj\u00e4hrige Nahrung<br \/>\n\u2013 Direkt verzehrfertig<br \/>\n\u2013 Nagetiersicherer Plastikeimer mit Griff<br \/>\n\u2013 Einfach stapelbar<br \/>\n&#8211; 4 Jahreszeiten<br \/>\n&#8211; 2 Kilo<\/p>\n","protected":false},"featured_media":12651,"template":"","meta":[],"product_brand":[9597,9598],"product_cat":[1315],"product_tag":[6767,6766,6711,6758],"class_list":{"0":"post-12650","1":"product","2":"type-product","3":"status-publish","4":"has-post-thumbnail","6":"product_brand-esschert-design","7":"product_brand-trends-and-vision","8":"product_cat-best-for-birds","9":"product_tag-abschliessbar","10":"product_tag-eichhoernchenfutter","11":"product_tag-eimer","12":"product_tag-gartentiere","13":"pa_anbieter-esschert-design","14":"pa_ean-code-6707","16":"first","17":"instock","18":"sale","19":"taxable","20":"shipping-taxable","21":"purchasable","22":"product-type-simple","23":"czr-hentry"},"yoast_head":"<!-- This site is optimized with the Yoast SEO Premium plugin v27.4 (Yoast SEO v27.5) - https:\/\/yoast.com\/product\/yoast-seo-premium-wordpress\/ -->\n<title>Esschert Design Eichh\u00f6rnchenfutter 2 kg in Eimer (WA110)<\/title>\n<meta name=\"description\" content=\"Esschert Design Eichh\u00f6rnchenfutter 2 kg in Eimer (WA110 EAN 8714982275241) \u2013 Einfach stapelbar- 4 Jahreszeiten\u2013 Nagetiersicher\" \/>\n<meta name=\"robots\" content=\"index, follow, max-snippet:-1, max-image-preview:large, max-video-preview:-1\" \/>\n<link rel=\"canonical\" href=\"https:\/\/trendsandvision.nl\/de\/product\/esschert-design-eichhoernchenfutter-2-kg-in-eimer\/\" \/>\n<meta property=\"og:locale\" content=\"de_DE\" \/>\n<meta property=\"og:type\" content=\"article\" \/>\n<meta property=\"og:title\" content=\"Esschert Design Eichh\u00f6rnchenfutter 2 kg in Eimer\" \/>\n<meta property=\"og:description\" content=\"Esschert Design Eichh\u00f6rnchenfutter 2 kg in Eimer (WA110 EAN 8714982275241) \u2013 Einfach stapelbar- 4 Jahreszeiten\u2013 Nagetiersicher\" \/>\n<meta property=\"og:url\" content=\"https:\/\/trendsandvision.nl\/de\/product\/esschert-design-eichhoernchenfutter-2-kg-in-eimer\/\" \/>\n<meta property=\"og:site_name\" content=\"Trends &amp; Vision (DE)\" \/>\n<meta property=\"article:modified_time\" content=\"2026-04-22T13:26:49+00:00\" \/>\n<meta property=\"og:image\" content=\"https:\/\/trendsandvision.nl\/de\/wp-content\/uploads\/sites\/3\/2024\/07\/WA110_01.jpg\" \/>\n\t<meta property=\"og:image:width\" content=\"800\" \/>\n\t<meta property=\"og:image:height\" content=\"800\" \/>\n\t<meta property=\"og:image:type\" content=\"image\/jpeg\" \/>\n<meta name=\"twitter:card\" content=\"summary_large_image\" \/>\n<meta name=\"twitter:label1\" content=\"Gesch\u00e4tzte Lesezeit\" \/>\n\t<meta name=\"twitter:data1\" content=\"1\u00a0Minute\" \/>\n<script type=\"application\/ld+json\" class=\"yoast-schema-graph\">{\"@context\":\"https:\\\/\\\/schema.org\",\"@graph\":[{\"@type\":\"WebPage\",\"@id\":\"https:\\\/\\\/trendsandvision.nl\\\/de\\\/product\\\/esschert-design-eichhoernchenfutter-2-kg-in-eimer\\\/\",\"url\":\"https:\\\/\\\/trendsandvision.nl\\\/de\\\/product\\\/esschert-design-eichhoernchenfutter-2-kg-in-eimer\\\/\",\"name\":\"Esschert Design Eichh\u00f6rnchenfutter 2 kg in Eimer (WA110)\",\"isPartOf\":{\"@id\":\"https:\\\/\\\/trendsandvision.nl\\\/de\\\/#website\"},\"primaryImageOfPage\":{\"@id\":\"https:\\\/\\\/trendsandvision.nl\\\/de\\\/product\\\/esschert-design-eichhoernchenfutter-2-kg-in-eimer\\\/#primaryimage\"},\"image\":{\"@id\":\"https:\\\/\\\/trendsandvision.nl\\\/de\\\/product\\\/esschert-design-eichhoernchenfutter-2-kg-in-eimer\\\/#primaryimage\"},\"thumbnailUrl\":\"https:\\\/\\\/trendsandvision.nl\\\/de\\\/wp-content\\\/uploads\\\/sites\\\/3\\\/2024\\\/07\\\/WA110_01.jpg\",\"datePublished\":\"2024-07-19T09:04:39+00:00\",\"dateModified\":\"2026-04-22T13:26:49+00:00\",\"description\":\"Esschert Design Eichh\u00f6rnchenfutter 2 kg in Eimer (WA110 EAN 8714982275241) \u2013 Einfach stapelbar- 4 Jahreszeiten\u2013 Nagetiersicher\",\"breadcrumb\":{\"@id\":\"https:\\\/\\\/trendsandvision.nl\\\/de\\\/product\\\/esschert-design-eichhoernchenfutter-2-kg-in-eimer\\\/#breadcrumb\"},\"inLanguage\":\"de\",\"potentialAction\":[{\"@type\":\"ReadAction\",\"target\":[\"https:\\\/\\\/trendsandvision.nl\\\/de\\\/product\\\/esschert-design-eichhoernchenfutter-2-kg-in-eimer\\\/\"]}]},{\"@type\":\"ImageObject\",\"inLanguage\":\"de\",\"@id\":\"https:\\\/\\\/trendsandvision.nl\\\/de\\\/product\\\/esschert-design-eichhoernchenfutter-2-kg-in-eimer\\\/#primaryimage\",\"url\":\"https:\\\/\\\/trendsandvision.nl\\\/de\\\/wp-content\\\/uploads\\\/sites\\\/3\\\/2024\\\/07\\\/WA110_01.jpg\",\"contentUrl\":\"https:\\\/\\\/trendsandvision.nl\\\/de\\\/wp-content\\\/uploads\\\/sites\\\/3\\\/2024\\\/07\\\/WA110_01.jpg\",\"width\":800,\"height\":800,\"caption\":\"Trends and Vision Eichh\u00f6rnchenfutter 2 kg in Eimer (WA110 EAN 8714982275241) \u2013 Einfach stapelbar- 4 Jahreszeiten\u2013 Nagetiersicher\"},{\"@type\":\"BreadcrumbList\",\"@id\":\"https:\\\/\\\/trendsandvision.nl\\\/de\\\/product\\\/esschert-design-eichhoernchenfutter-2-kg-in-eimer\\\/#breadcrumb\",\"itemListElement\":[{\"@type\":\"ListItem\",\"position\":1,\"name\":\"Home\",\"item\":\"https:\\\/\\\/trendsandvision.nl\\\/de\\\/\"},{\"@type\":\"ListItem\",\"position\":2,\"name\":\"Gesch\u00e4ft\",\"item\":\"https:\\\/\\\/trendsandvision.nl\\\/de\\\/geschaft\\\/\"},{\"@type\":\"ListItem\",\"position\":3,\"name\":\"Esschert Design Eichh\u00f6rnchenfutter 2 kg in Eimer\"}]},{\"@type\":\"WebSite\",\"@id\":\"https:\\\/\\\/trendsandvision.nl\\\/de\\\/#website\",\"url\":\"https:\\\/\\\/trendsandvision.nl\\\/de\\\/\",\"name\":\"Trends &amp; Vision (DE)\",\"description\":\"Der Webshop f\u00fcr Esschert Design Artikel\",\"publisher\":{\"@id\":\"https:\\\/\\\/trendsandvision.nl\\\/de\\\/#organization\"},\"potentialAction\":[{\"@type\":\"SearchAction\",\"target\":{\"@type\":\"EntryPoint\",\"urlTemplate\":\"https:\\\/\\\/trendsandvision.nl\\\/de\\\/?s={search_term_string}\"},\"query-input\":{\"@type\":\"PropertyValueSpecification\",\"valueRequired\":true,\"valueName\":\"search_term_string\"}}],\"inLanguage\":\"de\"},{\"@type\":\"Organization\",\"@id\":\"https:\\\/\\\/trendsandvision.nl\\\/de\\\/#organization\",\"name\":\"Trends &amp; Vision (DE)\",\"url\":\"https:\\\/\\\/trendsandvision.nl\\\/de\\\/\",\"logo\":{\"@type\":\"ImageObject\",\"inLanguage\":\"de\",\"@id\":\"https:\\\/\\\/trendsandvision.nl\\\/de\\\/#\\\/schema\\\/logo\\\/image\\\/\",\"url\":\"https:\\\/\\\/trendsandvision.nl\\\/de\\\/wp-content\\\/uploads\\\/sites\\\/3\\\/2022\\\/04\\\/trends-and-vision-logo.jpg\",\"contentUrl\":\"https:\\\/\\\/trendsandvision.nl\\\/de\\\/wp-content\\\/uploads\\\/sites\\\/3\\\/2022\\\/04\\\/trends-and-vision-logo.jpg\",\"width\":213,\"height\":100,\"caption\":\"Trends &amp; Vision (DE)\"},\"image\":{\"@id\":\"https:\\\/\\\/trendsandvision.nl\\\/de\\\/#\\\/schema\\\/logo\\\/image\\\/\"}}]}<\/script>\n<!-- \/ Yoast SEO Premium plugin. -->","yoast_head_json":{"title":"Esschert Design Eichh\u00f6rnchenfutter 2 kg in Eimer (WA110)","description":"Esschert Design Eichh\u00f6rnchenfutter 2 kg in Eimer (WA110 EAN 8714982275241) \u2013 Einfach stapelbar- 4 Jahreszeiten\u2013 Nagetiersicher","robots":{"index":"index","follow":"follow","max-snippet":"max-snippet:-1","max-image-preview":"max-image-preview:large","max-video-preview":"max-video-preview:-1"},"canonical":"https:\/\/trendsandvision.nl\/de\/product\/esschert-design-eichhoernchenfutter-2-kg-in-eimer\/","og_locale":"de_DE","og_type":"article","og_title":"Esschert Design Eichh\u00f6rnchenfutter 2 kg in Eimer","og_description":"Esschert Design Eichh\u00f6rnchenfutter 2 kg in Eimer (WA110 EAN 8714982275241) \u2013 Einfach stapelbar- 4 Jahreszeiten\u2013 Nagetiersicher","og_url":"https:\/\/trendsandvision.nl\/de\/product\/esschert-design-eichhoernchenfutter-2-kg-in-eimer\/","og_site_name":"Trends &amp; Vision (DE)","article_modified_time":"2026-04-22T13:26:49+00:00","og_image":[{"width":800,"height":800,"url":"https:\/\/trendsandvision.nl\/de\/wp-content\/uploads\/sites\/3\/2024\/07\/WA110_01.jpg","type":"image\/jpeg"}],"twitter_card":"summary_large_image","twitter_misc":{"Gesch\u00e4tzte Lesezeit":"1\u00a0Minute"},"schema":{"@context":"https:\/\/schema.org","@graph":[{"@type":"WebPage","@id":"https:\/\/trendsandvision.nl\/de\/product\/esschert-design-eichhoernchenfutter-2-kg-in-eimer\/","url":"https:\/\/trendsandvision.nl\/de\/product\/esschert-design-eichhoernchenfutter-2-kg-in-eimer\/","name":"Esschert Design Eichh\u00f6rnchenfutter 2 kg in Eimer (WA110)","isPartOf":{"@id":"https:\/\/trendsandvision.nl\/de\/#website"},"primaryImageOfPage":{"@id":"https:\/\/trendsandvision.nl\/de\/product\/esschert-design-eichhoernchenfutter-2-kg-in-eimer\/#primaryimage"},"image":{"@id":"https:\/\/trendsandvision.nl\/de\/product\/esschert-design-eichhoernchenfutter-2-kg-in-eimer\/#primaryimage"},"thumbnailUrl":"https:\/\/trendsandvision.nl\/de\/wp-content\/uploads\/sites\/3\/2024\/07\/WA110_01.jpg","datePublished":"2024-07-19T09:04:39+00:00","dateModified":"2026-04-22T13:26:49+00:00","description":"Esschert Design Eichh\u00f6rnchenfutter 2 kg in Eimer (WA110 EAN 8714982275241) \u2013 Einfach stapelbar- 4 Jahreszeiten\u2013 Nagetiersicher","breadcrumb":{"@id":"https:\/\/trendsandvision.nl\/de\/product\/esschert-design-eichhoernchenfutter-2-kg-in-eimer\/#breadcrumb"},"inLanguage":"de","potentialAction":[{"@type":"ReadAction","target":["https:\/\/trendsandvision.nl\/de\/product\/esschert-design-eichhoernchenfutter-2-kg-in-eimer\/"]}]},{"@type":"ImageObject","inLanguage":"de","@id":"https:\/\/trendsandvision.nl\/de\/product\/esschert-design-eichhoernchenfutter-2-kg-in-eimer\/#primaryimage","url":"https:\/\/trendsandvision.nl\/de\/wp-content\/uploads\/sites\/3\/2024\/07\/WA110_01.jpg","contentUrl":"https:\/\/trendsandvision.nl\/de\/wp-content\/uploads\/sites\/3\/2024\/07\/WA110_01.jpg","width":800,"height":800,"caption":"Trends and Vision Eichh\u00f6rnchenfutter 2 kg in Eimer (WA110 EAN 8714982275241) \u2013 Einfach stapelbar- 4 Jahreszeiten\u2013 Nagetiersicher"},{"@type":"BreadcrumbList","@id":"https:\/\/trendsandvision.nl\/de\/product\/esschert-design-eichhoernchenfutter-2-kg-in-eimer\/#breadcrumb","itemListElement":[{"@type":"ListItem","position":1,"name":"Home","item":"https:\/\/trendsandvision.nl\/de\/"},{"@type":"ListItem","position":2,"name":"Gesch\u00e4ft","item":"https:\/\/trendsandvision.nl\/de\/geschaft\/"},{"@type":"ListItem","position":3,"name":"Esschert Design Eichh\u00f6rnchenfutter 2 kg in Eimer"}]},{"@type":"WebSite","@id":"https:\/\/trendsandvision.nl\/de\/#website","url":"https:\/\/trendsandvision.nl\/de\/","name":"Trends &amp; Vision (DE)","description":"Der Webshop f\u00fcr Esschert Design Artikel","publisher":{"@id":"https:\/\/trendsandvision.nl\/de\/#organization"},"potentialAction":[{"@type":"SearchAction","target":{"@type":"EntryPoint","urlTemplate":"https:\/\/trendsandvision.nl\/de\/?s={search_term_string}"},"query-input":{"@type":"PropertyValueSpecification","valueRequired":true,"valueName":"search_term_string"}}],"inLanguage":"de"},{"@type":"Organization","@id":"https:\/\/trendsandvision.nl\/de\/#organization","name":"Trends &amp; Vision (DE)","url":"https:\/\/trendsandvision.nl\/de\/","logo":{"@type":"ImageObject","inLanguage":"de","@id":"https:\/\/trendsandvision.nl\/de\/#\/schema\/logo\/image\/","url":"https:\/\/trendsandvision.nl\/de\/wp-content\/uploads\/sites\/3\/2022\/04\/trends-and-vision-logo.jpg","contentUrl":"https:\/\/trendsandvision.nl\/de\/wp-content\/uploads\/sites\/3\/2022\/04\/trends-and-vision-logo.jpg","width":213,"height":100,"caption":"Trends &amp; Vision (DE)"},"image":{"@id":"https:\/\/trendsandvision.nl\/de\/#\/schema\/logo\/image\/"}}]}},"_links":{"self":[{"href":"https:\/\/trendsandvision.nl\/de\/wp-json\/wp\/v2\/product\/12650","targetHints":{"allow":["GET"]}}],"collection":[{"href":"https:\/\/trendsandvision.nl\/de\/wp-json\/wp\/v2\/product"}],"about":[{"href":"https:\/\/trendsandvision.nl\/de\/wp-json\/wp\/v2\/types\/product"}],"wp:featuredmedia":[{"embeddable":true,"href":"https:\/\/trendsandvision.nl\/de\/wp-json\/wp\/v2\/media\/12651"}],"wp:attachment":[{"href":"https:\/\/trendsandvision.nl\/de\/wp-json\/wp\/v2\/media?parent=12650"}],"wp:term":[{"taxonomy":"product_brand","embeddable":true,"href":"https:\/\/trendsandvision.nl\/de\/wp-json\/wp\/v2\/product_brand?post=12650"},{"taxonomy":"product_cat","embeddable":true,"href":"https:\/\/trendsandvision.nl\/de\/wp-json\/wp\/v2\/product_cat?post=12650"},{"taxonomy":"product_tag","embeddable":true,"href":"https:\/\/trendsandvision.nl\/de\/wp-json\/wp\/v2\/product_tag?post=12650"}],"curies":[{"name":"wp","href":"https:\/\/api.w.org\/{rel}","templated":true}]}}