{"id":12648,"date":"2024-07-19T11:04:35","date_gmt":"2024-07-19T09:04:35","guid":{"rendered":"https:\/\/trendsandvision.nl\/de\/product\/esschert-design-igelfutter-15kg-in-eimer-wa109-8714982268519\/"},"modified":"2026-04-22T15:26:47","modified_gmt":"2026-04-22T13:26:47","slug":"esschert-design-igelfutter-15-kg-in-eimer","status":"publish","type":"product","link":"https:\/\/trendsandvision.nl\/de\/product\/esschert-design-igelfutter-15-kg-in-eimer\/","title":{"rendered":"Esschert Design Igelfutter 1,5 kg in Eimer"},"content":{"rendered":"<p>Esschert Design Igelfutter 1,5 kg in Eimer.<br \/>\nDieses Igelfutter ist eine ausgewogene Futtermischung f\u00fcr wildlebende Igel als Erg\u00e4nzung zu ihrer nat\u00fcrlichen Nahrung. Diese Mischung kann das ganze Jahr \u00fcber verwendet werden. Die Igel k\u00f6nnen das Futter direkt fressen.<br \/>\nWir haben auch <a href=\"https:\/\/trendsandvision.nl\/?s=vogelvoer&amp;post_type=product&amp;dgwt_wcas=1\" target=\"_blank\" rel=\"noopener\">Futter f\u00fcr V\u00f6gel<\/a><\/p>\n<p>Artikelname Igelfutter 1,5 kg in Eimer<br \/>\nArtikelnummer WA109<br \/>\nProduktgr\u00f6\u00dfen in cm B 20 X T 20 X H 15,5<br \/>\nBarcode 8714982268519<br \/>\nMaterial Haferflocken 35%, Sonnenblumenkerne 20%, Erdnusskerne 20%, Mais 15%, getrocknetes Rindfleisch 10%<br \/>\nNettogewicht 1,5 kg<br \/>\n<a href=\"https:\/\/www.esschertdesign.com\/shop\/de\/egelvoer-1-5kg-in-emmer-wa109\" target=\"_blank\" rel=\"noopener\">Produzent Esschert Design<\/a><\/p>\n","protected":false},"excerpt":{"rendered":"<p>&#8211; 4 Jahreszeiten<br \/>\n\u2013 recycelbarer Eimer<br \/>\n\u2013 zusammengestellt von einem Igel-Experten<br \/>\n&#8211; \u00f8 L 19,5 x T 19,5 x H 16 cm<br \/>\n&#8211; Barcode 8714982268519<br \/>\n&#8211; Ganzj\u00e4hrige Nahrung<br \/>\n\u2013 Direkt verzehrfertig<br \/>\n\u2013 Nagetiersicherer Plastikeimer mit Griff<br \/>\n\u2013 Einfach stapelbar<\/p>\n","protected":false},"featured_media":12649,"template":"","meta":[],"product_brand":[9597,9598],"product_cat":[1315],"product_tag":[7149,6711,6758,8503,6768],"class_list":{"0":"post-12648","1":"product","2":"type-product","3":"status-publish","4":"has-post-thumbnail","6":"product_brand-esschert-design","7":"product_brand-trends-and-vision","8":"product_cat-best-for-birds","9":"product_tag-4-jahreszeiten","10":"product_tag-eimer","11":"product_tag-gartentiere","12":"product_tag-igel-schuetzend","13":"product_tag-igelfutter","14":"pa_anbieter-esschert-design","15":"pa_ean-code-6706","17":"first","18":"instock","19":"sale","20":"taxable","21":"shipping-taxable","22":"purchasable","23":"product-type-simple","24":"czr-hentry"},"yoast_head":"<!-- This site is optimized with the Yoast SEO Premium plugin v27.4 (Yoast SEO v27.4) - https:\/\/yoast.com\/product\/yoast-seo-premium-wordpress\/ -->\n<title>Esschert Design Igelfutter 1,5 kg in Eimer (WA109)<\/title>\n<meta name=\"description\" content=\"Esschert Design Igelfutter 1,5 kg in Eimer (WA109 8714982268519)cm B 20 X T 20 X H 15,5, - Ganzj\u00e4hrige Nahrung \u2013 Direkt verzehrfertig \u2013 Nagetiersicherer\" \/>\n<meta name=\"robots\" content=\"index, follow, max-snippet:-1, max-image-preview:large, max-video-preview:-1\" \/>\n<link rel=\"canonical\" href=\"https:\/\/trendsandvision.nl\/de\/product\/esschert-design-igelfutter-15-kg-in-eimer\/\" \/>\n<meta property=\"og:locale\" content=\"de_DE\" \/>\n<meta property=\"og:type\" content=\"article\" \/>\n<meta property=\"og:title\" content=\"Esschert Design Igelfutter 1,5 kg in Eimer\" \/>\n<meta property=\"og:description\" content=\"Esschert Design Igelfutter 1,5 kg in Eimer (WA109 8714982268519)cm B 20 X T 20 X H 15,5, - Ganzj\u00e4hrige Nahrung \u2013 Direkt verzehrfertig \u2013 Nagetiersicherer\" \/>\n<meta property=\"og:url\" content=\"https:\/\/trendsandvision.nl\/de\/product\/esschert-design-igelfutter-15-kg-in-eimer\/\" \/>\n<meta property=\"og:site_name\" content=\"Trends &amp; Vision (DE)\" \/>\n<meta property=\"article:modified_time\" content=\"2026-04-22T13:26:47+00:00\" \/>\n<meta property=\"og:image\" content=\"https:\/\/trendsandvision.nl\/de\/wp-content\/uploads\/sites\/3\/2024\/07\/WA109_01.jpg\" \/>\n\t<meta property=\"og:image:width\" content=\"800\" \/>\n\t<meta property=\"og:image:height\" content=\"800\" \/>\n\t<meta property=\"og:image:type\" content=\"image\/jpeg\" \/>\n<meta name=\"twitter:card\" content=\"summary_large_image\" \/>\n<meta name=\"twitter:label1\" content=\"Gesch\u00e4tzte Lesezeit\" \/>\n\t<meta name=\"twitter:data1\" content=\"1\u00a0Minute\" \/>\n<script type=\"application\/ld+json\" class=\"yoast-schema-graph\">{\"@context\":\"https:\\\/\\\/schema.org\",\"@graph\":[{\"@type\":\"WebPage\",\"@id\":\"https:\\\/\\\/trendsandvision.nl\\\/de\\\/product\\\/esschert-design-igelfutter-15-kg-in-eimer\\\/\",\"url\":\"https:\\\/\\\/trendsandvision.nl\\\/de\\\/product\\\/esschert-design-igelfutter-15-kg-in-eimer\\\/\",\"name\":\"Esschert Design Igelfutter 1,5 kg in Eimer (WA109)\",\"isPartOf\":{\"@id\":\"https:\\\/\\\/trendsandvision.nl\\\/de\\\/#website\"},\"primaryImageOfPage\":{\"@id\":\"https:\\\/\\\/trendsandvision.nl\\\/de\\\/product\\\/esschert-design-igelfutter-15-kg-in-eimer\\\/#primaryimage\"},\"image\":{\"@id\":\"https:\\\/\\\/trendsandvision.nl\\\/de\\\/product\\\/esschert-design-igelfutter-15-kg-in-eimer\\\/#primaryimage\"},\"thumbnailUrl\":\"https:\\\/\\\/trendsandvision.nl\\\/de\\\/wp-content\\\/uploads\\\/sites\\\/3\\\/2024\\\/07\\\/WA109_01.jpg\",\"datePublished\":\"2024-07-19T09:04:35+00:00\",\"dateModified\":\"2026-04-22T13:26:47+00:00\",\"description\":\"Esschert Design Igelfutter 1,5 kg in Eimer (WA109 8714982268519)cm B 20 X T 20 X H 15,5, - Ganzj\u00e4hrige Nahrung \u2013 Direkt verzehrfertig \u2013 Nagetiersicherer\",\"breadcrumb\":{\"@id\":\"https:\\\/\\\/trendsandvision.nl\\\/de\\\/product\\\/esschert-design-igelfutter-15-kg-in-eimer\\\/#breadcrumb\"},\"inLanguage\":\"de\",\"potentialAction\":[{\"@type\":\"ReadAction\",\"target\":[\"https:\\\/\\\/trendsandvision.nl\\\/de\\\/product\\\/esschert-design-igelfutter-15-kg-in-eimer\\\/\"]}]},{\"@type\":\"ImageObject\",\"inLanguage\":\"de\",\"@id\":\"https:\\\/\\\/trendsandvision.nl\\\/de\\\/product\\\/esschert-design-igelfutter-15-kg-in-eimer\\\/#primaryimage\",\"url\":\"https:\\\/\\\/trendsandvision.nl\\\/de\\\/wp-content\\\/uploads\\\/sites\\\/3\\\/2024\\\/07\\\/WA109_01.jpg\",\"contentUrl\":\"https:\\\/\\\/trendsandvision.nl\\\/de\\\/wp-content\\\/uploads\\\/sites\\\/3\\\/2024\\\/07\\\/WA109_01.jpg\",\"width\":800,\"height\":800,\"caption\":\"Trends and Vision Igelfutter 1,5 kg in Eimer (WA109 8714982268519)cm B 20 X T 20 X H 15,5, Erdnusskerne , Mais, getrocknetes Rindfleisch , 1,5 kg\"},{\"@type\":\"BreadcrumbList\",\"@id\":\"https:\\\/\\\/trendsandvision.nl\\\/de\\\/product\\\/esschert-design-igelfutter-15-kg-in-eimer\\\/#breadcrumb\",\"itemListElement\":[{\"@type\":\"ListItem\",\"position\":1,\"name\":\"Home\",\"item\":\"https:\\\/\\\/trendsandvision.nl\\\/de\\\/\"},{\"@type\":\"ListItem\",\"position\":2,\"name\":\"Gesch\u00e4ft\",\"item\":\"https:\\\/\\\/trendsandvision.nl\\\/de\\\/geschaft\\\/\"},{\"@type\":\"ListItem\",\"position\":3,\"name\":\"Esschert Design Igelfutter 1,5 kg in Eimer\"}]},{\"@type\":\"WebSite\",\"@id\":\"https:\\\/\\\/trendsandvision.nl\\\/de\\\/#website\",\"url\":\"https:\\\/\\\/trendsandvision.nl\\\/de\\\/\",\"name\":\"Trends &amp; Vision (DE)\",\"description\":\"Der Webshop f\u00fcr Esschert Design Artikel\",\"publisher\":{\"@id\":\"https:\\\/\\\/trendsandvision.nl\\\/de\\\/#organization\"},\"potentialAction\":[{\"@type\":\"SearchAction\",\"target\":{\"@type\":\"EntryPoint\",\"urlTemplate\":\"https:\\\/\\\/trendsandvision.nl\\\/de\\\/?s={search_term_string}\"},\"query-input\":{\"@type\":\"PropertyValueSpecification\",\"valueRequired\":true,\"valueName\":\"search_term_string\"}}],\"inLanguage\":\"de\"},{\"@type\":\"Organization\",\"@id\":\"https:\\\/\\\/trendsandvision.nl\\\/de\\\/#organization\",\"name\":\"Trends &amp; Vision (DE)\",\"url\":\"https:\\\/\\\/trendsandvision.nl\\\/de\\\/\",\"logo\":{\"@type\":\"ImageObject\",\"inLanguage\":\"de\",\"@id\":\"https:\\\/\\\/trendsandvision.nl\\\/de\\\/#\\\/schema\\\/logo\\\/image\\\/\",\"url\":\"https:\\\/\\\/trendsandvision.nl\\\/de\\\/wp-content\\\/uploads\\\/sites\\\/3\\\/2022\\\/04\\\/trends-and-vision-logo.jpg\",\"contentUrl\":\"https:\\\/\\\/trendsandvision.nl\\\/de\\\/wp-content\\\/uploads\\\/sites\\\/3\\\/2022\\\/04\\\/trends-and-vision-logo.jpg\",\"width\":213,\"height\":100,\"caption\":\"Trends &amp; Vision (DE)\"},\"image\":{\"@id\":\"https:\\\/\\\/trendsandvision.nl\\\/de\\\/#\\\/schema\\\/logo\\\/image\\\/\"}}]}<\/script>\n<!-- \/ Yoast SEO Premium plugin. -->","yoast_head_json":{"title":"Esschert Design Igelfutter 1,5 kg in Eimer (WA109)","description":"Esschert Design Igelfutter 1,5 kg in Eimer (WA109 8714982268519)cm B 20 X T 20 X H 15,5, - Ganzj\u00e4hrige Nahrung \u2013 Direkt verzehrfertig \u2013 Nagetiersicherer","robots":{"index":"index","follow":"follow","max-snippet":"max-snippet:-1","max-image-preview":"max-image-preview:large","max-video-preview":"max-video-preview:-1"},"canonical":"https:\/\/trendsandvision.nl\/de\/product\/esschert-design-igelfutter-15-kg-in-eimer\/","og_locale":"de_DE","og_type":"article","og_title":"Esschert Design Igelfutter 1,5 kg in Eimer","og_description":"Esschert Design Igelfutter 1,5 kg in Eimer (WA109 8714982268519)cm B 20 X T 20 X H 15,5, - Ganzj\u00e4hrige Nahrung \u2013 Direkt verzehrfertig \u2013 Nagetiersicherer","og_url":"https:\/\/trendsandvision.nl\/de\/product\/esschert-design-igelfutter-15-kg-in-eimer\/","og_site_name":"Trends &amp; Vision (DE)","article_modified_time":"2026-04-22T13:26:47+00:00","og_image":[{"width":800,"height":800,"url":"https:\/\/trendsandvision.nl\/de\/wp-content\/uploads\/sites\/3\/2024\/07\/WA109_01.jpg","type":"image\/jpeg"}],"twitter_card":"summary_large_image","twitter_misc":{"Gesch\u00e4tzte Lesezeit":"1\u00a0Minute"},"schema":{"@context":"https:\/\/schema.org","@graph":[{"@type":"WebPage","@id":"https:\/\/trendsandvision.nl\/de\/product\/esschert-design-igelfutter-15-kg-in-eimer\/","url":"https:\/\/trendsandvision.nl\/de\/product\/esschert-design-igelfutter-15-kg-in-eimer\/","name":"Esschert Design Igelfutter 1,5 kg in Eimer (WA109)","isPartOf":{"@id":"https:\/\/trendsandvision.nl\/de\/#website"},"primaryImageOfPage":{"@id":"https:\/\/trendsandvision.nl\/de\/product\/esschert-design-igelfutter-15-kg-in-eimer\/#primaryimage"},"image":{"@id":"https:\/\/trendsandvision.nl\/de\/product\/esschert-design-igelfutter-15-kg-in-eimer\/#primaryimage"},"thumbnailUrl":"https:\/\/trendsandvision.nl\/de\/wp-content\/uploads\/sites\/3\/2024\/07\/WA109_01.jpg","datePublished":"2024-07-19T09:04:35+00:00","dateModified":"2026-04-22T13:26:47+00:00","description":"Esschert Design Igelfutter 1,5 kg in Eimer (WA109 8714982268519)cm B 20 X T 20 X H 15,5, - Ganzj\u00e4hrige Nahrung \u2013 Direkt verzehrfertig \u2013 Nagetiersicherer","breadcrumb":{"@id":"https:\/\/trendsandvision.nl\/de\/product\/esschert-design-igelfutter-15-kg-in-eimer\/#breadcrumb"},"inLanguage":"de","potentialAction":[{"@type":"ReadAction","target":["https:\/\/trendsandvision.nl\/de\/product\/esschert-design-igelfutter-15-kg-in-eimer\/"]}]},{"@type":"ImageObject","inLanguage":"de","@id":"https:\/\/trendsandvision.nl\/de\/product\/esschert-design-igelfutter-15-kg-in-eimer\/#primaryimage","url":"https:\/\/trendsandvision.nl\/de\/wp-content\/uploads\/sites\/3\/2024\/07\/WA109_01.jpg","contentUrl":"https:\/\/trendsandvision.nl\/de\/wp-content\/uploads\/sites\/3\/2024\/07\/WA109_01.jpg","width":800,"height":800,"caption":"Trends and Vision Igelfutter 1,5 kg in Eimer (WA109 8714982268519)cm B 20 X T 20 X H 15,5, Erdnusskerne , Mais, getrocknetes Rindfleisch , 1,5 kg"},{"@type":"BreadcrumbList","@id":"https:\/\/trendsandvision.nl\/de\/product\/esschert-design-igelfutter-15-kg-in-eimer\/#breadcrumb","itemListElement":[{"@type":"ListItem","position":1,"name":"Home","item":"https:\/\/trendsandvision.nl\/de\/"},{"@type":"ListItem","position":2,"name":"Gesch\u00e4ft","item":"https:\/\/trendsandvision.nl\/de\/geschaft\/"},{"@type":"ListItem","position":3,"name":"Esschert Design Igelfutter 1,5 kg in Eimer"}]},{"@type":"WebSite","@id":"https:\/\/trendsandvision.nl\/de\/#website","url":"https:\/\/trendsandvision.nl\/de\/","name":"Trends &amp; Vision (DE)","description":"Der Webshop f\u00fcr Esschert Design Artikel","publisher":{"@id":"https:\/\/trendsandvision.nl\/de\/#organization"},"potentialAction":[{"@type":"SearchAction","target":{"@type":"EntryPoint","urlTemplate":"https:\/\/trendsandvision.nl\/de\/?s={search_term_string}"},"query-input":{"@type":"PropertyValueSpecification","valueRequired":true,"valueName":"search_term_string"}}],"inLanguage":"de"},{"@type":"Organization","@id":"https:\/\/trendsandvision.nl\/de\/#organization","name":"Trends &amp; Vision (DE)","url":"https:\/\/trendsandvision.nl\/de\/","logo":{"@type":"ImageObject","inLanguage":"de","@id":"https:\/\/trendsandvision.nl\/de\/#\/schema\/logo\/image\/","url":"https:\/\/trendsandvision.nl\/de\/wp-content\/uploads\/sites\/3\/2022\/04\/trends-and-vision-logo.jpg","contentUrl":"https:\/\/trendsandvision.nl\/de\/wp-content\/uploads\/sites\/3\/2022\/04\/trends-and-vision-logo.jpg","width":213,"height":100,"caption":"Trends &amp; Vision (DE)"},"image":{"@id":"https:\/\/trendsandvision.nl\/de\/#\/schema\/logo\/image\/"}}]}},"_links":{"self":[{"href":"https:\/\/trendsandvision.nl\/de\/wp-json\/wp\/v2\/product\/12648","targetHints":{"allow":["GET"]}}],"collection":[{"href":"https:\/\/trendsandvision.nl\/de\/wp-json\/wp\/v2\/product"}],"about":[{"href":"https:\/\/trendsandvision.nl\/de\/wp-json\/wp\/v2\/types\/product"}],"wp:featuredmedia":[{"embeddable":true,"href":"https:\/\/trendsandvision.nl\/de\/wp-json\/wp\/v2\/media\/12649"}],"wp:attachment":[{"href":"https:\/\/trendsandvision.nl\/de\/wp-json\/wp\/v2\/media?parent=12648"}],"wp:term":[{"taxonomy":"product_brand","embeddable":true,"href":"https:\/\/trendsandvision.nl\/de\/wp-json\/wp\/v2\/product_brand?post=12648"},{"taxonomy":"product_cat","embeddable":true,"href":"https:\/\/trendsandvision.nl\/de\/wp-json\/wp\/v2\/product_cat?post=12648"},{"taxonomy":"product_tag","embeddable":true,"href":"https:\/\/trendsandvision.nl\/de\/wp-json\/wp\/v2\/product_tag?post=12648"}],"curies":[{"name":"wp","href":"https:\/\/api.w.org\/{rel}","templated":true}]}}