{"id":1263,"date":"2022-04-22T17:00:44","date_gmt":"2022-04-22T15:00:44","guid":{"rendered":"https:\/\/trendsandvision.nl\/de\/product\/esschert-design-anzucht-set-pilze\/"},"modified":"2026-04-22T14:52:08","modified_gmt":"2026-04-22T12:52:08","slug":"esschert-design-anzucht-set-pilze","status":"publish","type":"product","link":"https:\/\/trendsandvision.nl\/de\/product\/esschert-design-anzucht-set-pilze\/","title":{"rendered":"Esschert Design Anzucht-Set Pilze"},"content":{"rendered":"<p><strong><a href=\"https:\/\/trendsandvision.nl\/de\/?s=Anzucht&amp;post_type=product&amp;dgwt_wcas=1\">Anzucht<\/a><\/strong>-Set f\u00fcr Champignons. Z\u00fcchten Sie das ganze Jahr \u00fcber Ihre eigenen Champignons.<br \/>\nBis zu 3 Ernten! Zu lagern bei 15 \u00b0C.<\/p>\n<p>Frische Champignons sind k\u00f6stlich und gesund und lassen sich das ganze Jahr \u00fcber anbauen. Sie geh\u00f6ren zu einer gesunden Ern\u00e4hrung und sind reich an Vitaminen, Proteinen und Ballaststoffen, dabei aber fettarm. Sie eignen sich sogar als Fleischersatz. Dieses Set enth\u00e4lt alles, was Sie zum Anbau Ihrer eigenen Champignons ben\u00f6tigen \u2013 Sie brauchen lediglich Wasser. Frisch aus der Anzuchtbox schmecken die Champignons am besten.<\/p>\n<p>Artikelname Anzucht-Set Pilze<br \/>\nArtikelnummer B1009<br \/>\nProduktgruppe(n) Kinder, Stecklingssets<br \/>\nProduktabmessungen in cm L 28,2 x T 18 x H 15,6<br \/>\nVolumen in Litern 3<br \/>\nMaterial PP, PET, Erde, Pilz<br \/>\nNettogewicht 1,306 kg<br \/>\nBarcode 8714982086526<br \/>\nProduzent <a href=\"https:\/\/www.esschertdesign.com\/shop\/de\/kweekset-champignon-b1009\" target=\"_blank\">Esschert Design<\/a><\/p>\n","protected":false},"excerpt":{"rendered":"<p>Das Set enth\u00e4lt:<br \/>\nKompost, Deckerde und Anzuchtschale aus Kunststoff<br \/>\nVerpackt in einer farbigen Folie mit Gebrauchsanleitung<br \/>\nL 28,2 x T 18 x H 15,6 cm<br \/>\nVolumen in Litern 3<br \/>\nMaterial PP, PET, Erde, Pilz<br \/>\nNettogewicht 1,306 kg<br \/>\nBarcode 8714982086526<\/p>\n","protected":false},"featured_media":1264,"template":"","meta":[],"product_brand":[9597,9598],"product_cat":[503],"product_tag":[7971,6720,7433,9418,7972],"class_list":{"0":"post-1263","1":"product","2":"type-product","3":"status-publish","4":"has-post-thumbnail","6":"product_brand-esschert-design","7":"product_brand-trends-and-vision","8":"product_cat-esscherts-garden","9":"product_tag-anzuchten","10":"product_tag-kinder","11":"product_tag-pilze","12":"product_tag-stecklingssets","13":"product_tag-wachsen","14":"pa_anbieter-esschert-design","15":"pa_ean-code-757","16":"pa_material-divers","17":"pa_messungen-28-x-18-x-15-cm-11-x-7-x-6-1-inch","19":"first","20":"instock","21":"sale","22":"taxable","23":"shipping-taxable","24":"purchasable","25":"product-type-simple","26":"czr-hentry"},"yoast_head":"<!-- This site is optimized with the Yoast SEO Premium plugin v27.4 (Yoast SEO v27.5) - https:\/\/yoast.com\/product\/yoast-seo-premium-wordpress\/ -->\n<title>Esschert Design Anzucht-Set Pilze (B1009, 8714982086526)<\/title>\n<meta name=\"description\" content=\"Esschert Design Anzucht-Set Pilze: B1009, EAN 8714982086526L 28,2 x T 18 x H 15,6 cm, Volumen 3 Litern, Material PP, PET, Erde, PilzNettogewicht 1,306 kg\" \/>\n<meta name=\"robots\" content=\"index, follow, max-snippet:-1, max-image-preview:large, max-video-preview:-1\" \/>\n<link rel=\"canonical\" href=\"https:\/\/trendsandvision.nl\/de\/product\/esschert-design-anzucht-set-pilze\/\" \/>\n<meta property=\"og:locale\" content=\"de_DE\" \/>\n<meta property=\"og:type\" content=\"article\" \/>\n<meta property=\"og:title\" content=\"Esschert Design Anzucht-Set Pilze\" \/>\n<meta property=\"og:description\" content=\"Esschert Design Anzucht-Set Pilze: B1009, EAN 8714982086526L 28,2 x T 18 x H 15,6 cm, Volumen 3 Litern, Material PP, PET, Erde, PilzNettogewicht 1,306 kg\" \/>\n<meta property=\"og:url\" content=\"https:\/\/trendsandvision.nl\/de\/product\/esschert-design-anzucht-set-pilze\/\" \/>\n<meta property=\"og:site_name\" content=\"Trends &amp; Vision (DE)\" \/>\n<meta property=\"article:modified_time\" content=\"2026-04-22T12:52:08+00:00\" \/>\n<meta property=\"og:image\" content=\"https:\/\/trendsandvision.nl\/de\/wp-content\/uploads\/sites\/3\/2022\/04\/B1009_01.jpg\" \/>\n\t<meta property=\"og:image:width\" content=\"800\" \/>\n\t<meta property=\"og:image:height\" content=\"800\" \/>\n\t<meta property=\"og:image:type\" content=\"image\/jpeg\" \/>\n<meta name=\"twitter:card\" content=\"summary_large_image\" \/>\n<meta name=\"twitter:label1\" content=\"Gesch\u00e4tzte Lesezeit\" \/>\n\t<meta name=\"twitter:data1\" content=\"1\u00a0Minute\" \/>\n<script type=\"application\/ld+json\" class=\"yoast-schema-graph\">{\"@context\":\"https:\\\/\\\/schema.org\",\"@graph\":[{\"@type\":\"WebPage\",\"@id\":\"https:\\\/\\\/trendsandvision.nl\\\/de\\\/product\\\/esschert-design-anzucht-set-pilze\\\/\",\"url\":\"https:\\\/\\\/trendsandvision.nl\\\/de\\\/product\\\/esschert-design-anzucht-set-pilze\\\/\",\"name\":\"Esschert Design Anzucht-Set Pilze (B1009, 8714982086526)\",\"isPartOf\":{\"@id\":\"https:\\\/\\\/trendsandvision.nl\\\/de\\\/#website\"},\"primaryImageOfPage\":{\"@id\":\"https:\\\/\\\/trendsandvision.nl\\\/de\\\/product\\\/esschert-design-anzucht-set-pilze\\\/#primaryimage\"},\"image\":{\"@id\":\"https:\\\/\\\/trendsandvision.nl\\\/de\\\/product\\\/esschert-design-anzucht-set-pilze\\\/#primaryimage\"},\"thumbnailUrl\":\"https:\\\/\\\/trendsandvision.nl\\\/de\\\/wp-content\\\/uploads\\\/sites\\\/3\\\/2022\\\/04\\\/B1009_01.jpg\",\"datePublished\":\"2022-04-22T15:00:44+00:00\",\"dateModified\":\"2026-04-22T12:52:08+00:00\",\"description\":\"Esschert Design Anzucht-Set Pilze: B1009, EAN 8714982086526L 28,2 x T 18 x H 15,6 cm, Volumen 3 Litern, Material PP, PET, Erde, PilzNettogewicht 1,306 kg\",\"breadcrumb\":{\"@id\":\"https:\\\/\\\/trendsandvision.nl\\\/de\\\/product\\\/esschert-design-anzucht-set-pilze\\\/#breadcrumb\"},\"inLanguage\":\"de\",\"potentialAction\":[{\"@type\":\"ReadAction\",\"target\":[\"https:\\\/\\\/trendsandvision.nl\\\/de\\\/product\\\/esschert-design-anzucht-set-pilze\\\/\"]}]},{\"@type\":\"ImageObject\",\"inLanguage\":\"de\",\"@id\":\"https:\\\/\\\/trendsandvision.nl\\\/de\\\/product\\\/esschert-design-anzucht-set-pilze\\\/#primaryimage\",\"url\":\"https:\\\/\\\/trendsandvision.nl\\\/de\\\/wp-content\\\/uploads\\\/sites\\\/3\\\/2022\\\/04\\\/B1009_01.jpg\",\"contentUrl\":\"https:\\\/\\\/trendsandvision.nl\\\/de\\\/wp-content\\\/uploads\\\/sites\\\/3\\\/2022\\\/04\\\/B1009_01.jpg\",\"width\":800,\"height\":800,\"caption\":\"Trends and Vision Anzucht-Set Pilze: B1009, EAN 8714982086526L 28,2 x T 18 x H 15,6 cm, Volumen 3 Litern, Material PP, PET, Erde, PilzNettogewicht 1,306 kg\"},{\"@type\":\"BreadcrumbList\",\"@id\":\"https:\\\/\\\/trendsandvision.nl\\\/de\\\/product\\\/esschert-design-anzucht-set-pilze\\\/#breadcrumb\",\"itemListElement\":[{\"@type\":\"ListItem\",\"position\":1,\"name\":\"Home\",\"item\":\"https:\\\/\\\/trendsandvision.nl\\\/de\\\/\"},{\"@type\":\"ListItem\",\"position\":2,\"name\":\"Gesch\u00e4ft\",\"item\":\"https:\\\/\\\/trendsandvision.nl\\\/de\\\/geschaft\\\/\"},{\"@type\":\"ListItem\",\"position\":3,\"name\":\"Esschert Design Anzucht-Set Pilze\"}]},{\"@type\":\"WebSite\",\"@id\":\"https:\\\/\\\/trendsandvision.nl\\\/de\\\/#website\",\"url\":\"https:\\\/\\\/trendsandvision.nl\\\/de\\\/\",\"name\":\"Trends &amp; Vision (DE)\",\"description\":\"Der Webshop f\u00fcr Esschert Design Artikel\",\"publisher\":{\"@id\":\"https:\\\/\\\/trendsandvision.nl\\\/de\\\/#organization\"},\"potentialAction\":[{\"@type\":\"SearchAction\",\"target\":{\"@type\":\"EntryPoint\",\"urlTemplate\":\"https:\\\/\\\/trendsandvision.nl\\\/de\\\/?s={search_term_string}\"},\"query-input\":{\"@type\":\"PropertyValueSpecification\",\"valueRequired\":true,\"valueName\":\"search_term_string\"}}],\"inLanguage\":\"de\"},{\"@type\":\"Organization\",\"@id\":\"https:\\\/\\\/trendsandvision.nl\\\/de\\\/#organization\",\"name\":\"Trends &amp; Vision (DE)\",\"url\":\"https:\\\/\\\/trendsandvision.nl\\\/de\\\/\",\"logo\":{\"@type\":\"ImageObject\",\"inLanguage\":\"de\",\"@id\":\"https:\\\/\\\/trendsandvision.nl\\\/de\\\/#\\\/schema\\\/logo\\\/image\\\/\",\"url\":\"https:\\\/\\\/trendsandvision.nl\\\/de\\\/wp-content\\\/uploads\\\/sites\\\/3\\\/2022\\\/04\\\/trends-and-vision-logo.jpg\",\"contentUrl\":\"https:\\\/\\\/trendsandvision.nl\\\/de\\\/wp-content\\\/uploads\\\/sites\\\/3\\\/2022\\\/04\\\/trends-and-vision-logo.jpg\",\"width\":213,\"height\":100,\"caption\":\"Trends &amp; Vision (DE)\"},\"image\":{\"@id\":\"https:\\\/\\\/trendsandvision.nl\\\/de\\\/#\\\/schema\\\/logo\\\/image\\\/\"}}]}<\/script>\n<!-- \/ Yoast SEO Premium plugin. -->","yoast_head_json":{"title":"Esschert Design Anzucht-Set Pilze (B1009, 8714982086526)","description":"Esschert Design Anzucht-Set Pilze: B1009, EAN 8714982086526L 28,2 x T 18 x H 15,6 cm, Volumen 3 Litern, Material PP, PET, Erde, PilzNettogewicht 1,306 kg","robots":{"index":"index","follow":"follow","max-snippet":"max-snippet:-1","max-image-preview":"max-image-preview:large","max-video-preview":"max-video-preview:-1"},"canonical":"https:\/\/trendsandvision.nl\/de\/product\/esschert-design-anzucht-set-pilze\/","og_locale":"de_DE","og_type":"article","og_title":"Esschert Design Anzucht-Set Pilze","og_description":"Esschert Design Anzucht-Set Pilze: B1009, EAN 8714982086526L 28,2 x T 18 x H 15,6 cm, Volumen 3 Litern, Material PP, PET, Erde, PilzNettogewicht 1,306 kg","og_url":"https:\/\/trendsandvision.nl\/de\/product\/esschert-design-anzucht-set-pilze\/","og_site_name":"Trends &amp; Vision (DE)","article_modified_time":"2026-04-22T12:52:08+00:00","og_image":[{"width":800,"height":800,"url":"https:\/\/trendsandvision.nl\/de\/wp-content\/uploads\/sites\/3\/2022\/04\/B1009_01.jpg","type":"image\/jpeg"}],"twitter_card":"summary_large_image","twitter_misc":{"Gesch\u00e4tzte Lesezeit":"1\u00a0Minute"},"schema":{"@context":"https:\/\/schema.org","@graph":[{"@type":"WebPage","@id":"https:\/\/trendsandvision.nl\/de\/product\/esschert-design-anzucht-set-pilze\/","url":"https:\/\/trendsandvision.nl\/de\/product\/esschert-design-anzucht-set-pilze\/","name":"Esschert Design Anzucht-Set Pilze (B1009, 8714982086526)","isPartOf":{"@id":"https:\/\/trendsandvision.nl\/de\/#website"},"primaryImageOfPage":{"@id":"https:\/\/trendsandvision.nl\/de\/product\/esschert-design-anzucht-set-pilze\/#primaryimage"},"image":{"@id":"https:\/\/trendsandvision.nl\/de\/product\/esschert-design-anzucht-set-pilze\/#primaryimage"},"thumbnailUrl":"https:\/\/trendsandvision.nl\/de\/wp-content\/uploads\/sites\/3\/2022\/04\/B1009_01.jpg","datePublished":"2022-04-22T15:00:44+00:00","dateModified":"2026-04-22T12:52:08+00:00","description":"Esschert Design Anzucht-Set Pilze: B1009, EAN 8714982086526L 28,2 x T 18 x H 15,6 cm, Volumen 3 Litern, Material PP, PET, Erde, PilzNettogewicht 1,306 kg","breadcrumb":{"@id":"https:\/\/trendsandvision.nl\/de\/product\/esschert-design-anzucht-set-pilze\/#breadcrumb"},"inLanguage":"de","potentialAction":[{"@type":"ReadAction","target":["https:\/\/trendsandvision.nl\/de\/product\/esschert-design-anzucht-set-pilze\/"]}]},{"@type":"ImageObject","inLanguage":"de","@id":"https:\/\/trendsandvision.nl\/de\/product\/esschert-design-anzucht-set-pilze\/#primaryimage","url":"https:\/\/trendsandvision.nl\/de\/wp-content\/uploads\/sites\/3\/2022\/04\/B1009_01.jpg","contentUrl":"https:\/\/trendsandvision.nl\/de\/wp-content\/uploads\/sites\/3\/2022\/04\/B1009_01.jpg","width":800,"height":800,"caption":"Trends and Vision Anzucht-Set Pilze: B1009, EAN 8714982086526L 28,2 x T 18 x H 15,6 cm, Volumen 3 Litern, Material PP, PET, Erde, PilzNettogewicht 1,306 kg"},{"@type":"BreadcrumbList","@id":"https:\/\/trendsandvision.nl\/de\/product\/esschert-design-anzucht-set-pilze\/#breadcrumb","itemListElement":[{"@type":"ListItem","position":1,"name":"Home","item":"https:\/\/trendsandvision.nl\/de\/"},{"@type":"ListItem","position":2,"name":"Gesch\u00e4ft","item":"https:\/\/trendsandvision.nl\/de\/geschaft\/"},{"@type":"ListItem","position":3,"name":"Esschert Design Anzucht-Set Pilze"}]},{"@type":"WebSite","@id":"https:\/\/trendsandvision.nl\/de\/#website","url":"https:\/\/trendsandvision.nl\/de\/","name":"Trends &amp; Vision (DE)","description":"Der Webshop f\u00fcr Esschert Design Artikel","publisher":{"@id":"https:\/\/trendsandvision.nl\/de\/#organization"},"potentialAction":[{"@type":"SearchAction","target":{"@type":"EntryPoint","urlTemplate":"https:\/\/trendsandvision.nl\/de\/?s={search_term_string}"},"query-input":{"@type":"PropertyValueSpecification","valueRequired":true,"valueName":"search_term_string"}}],"inLanguage":"de"},{"@type":"Organization","@id":"https:\/\/trendsandvision.nl\/de\/#organization","name":"Trends &amp; Vision (DE)","url":"https:\/\/trendsandvision.nl\/de\/","logo":{"@type":"ImageObject","inLanguage":"de","@id":"https:\/\/trendsandvision.nl\/de\/#\/schema\/logo\/image\/","url":"https:\/\/trendsandvision.nl\/de\/wp-content\/uploads\/sites\/3\/2022\/04\/trends-and-vision-logo.jpg","contentUrl":"https:\/\/trendsandvision.nl\/de\/wp-content\/uploads\/sites\/3\/2022\/04\/trends-and-vision-logo.jpg","width":213,"height":100,"caption":"Trends &amp; Vision (DE)"},"image":{"@id":"https:\/\/trendsandvision.nl\/de\/#\/schema\/logo\/image\/"}}]}},"_links":{"self":[{"href":"https:\/\/trendsandvision.nl\/de\/wp-json\/wp\/v2\/product\/1263","targetHints":{"allow":["GET"]}}],"collection":[{"href":"https:\/\/trendsandvision.nl\/de\/wp-json\/wp\/v2\/product"}],"about":[{"href":"https:\/\/trendsandvision.nl\/de\/wp-json\/wp\/v2\/types\/product"}],"wp:featuredmedia":[{"embeddable":true,"href":"https:\/\/trendsandvision.nl\/de\/wp-json\/wp\/v2\/media\/1264"}],"wp:attachment":[{"href":"https:\/\/trendsandvision.nl\/de\/wp-json\/wp\/v2\/media?parent=1263"}],"wp:term":[{"taxonomy":"product_brand","embeddable":true,"href":"https:\/\/trendsandvision.nl\/de\/wp-json\/wp\/v2\/product_brand?post=1263"},{"taxonomy":"product_cat","embeddable":true,"href":"https:\/\/trendsandvision.nl\/de\/wp-json\/wp\/v2\/product_cat?post=1263"},{"taxonomy":"product_tag","embeddable":true,"href":"https:\/\/trendsandvision.nl\/de\/wp-json\/wp\/v2\/product_tag?post=1263"}],"curies":[{"name":"wp","href":"https:\/\/api.w.org\/{rel}","templated":true}]}}