{"id":12600,"date":"2024-07-19T11:03:12","date_gmt":"2024-07-19T09:03:12","guid":{"rendered":"https:\/\/trendsandvision.nl\/de\/product\/esschert-design-rost-libelle-tt245-8714982269110\/"},"modified":"2026-04-07T10:52:52","modified_gmt":"2026-04-07T08:52:52","slug":"esschert-design-rost-libelle","status":"publish","type":"product","link":"https:\/\/trendsandvision.nl\/de\/product\/esschert-design-rost-libelle\/","title":{"rendered":"Esschert Design Rost Libelle"},"content":{"rendered":"<p>Kein Garten ist komplett ohne Tiere. Diese <strong><a href=\"https:\/\/trendsandvision.nl\/de\/?s=realistische+Silhouette+&amp;post_type=product&amp;dgwt_wcas=1\">realistische Silhouette<\/a><\/strong> sorgt daf\u00fcr, dass sie das ganze Jahr \u00fcber sichtbar sind. Der lange Stab erm\u00f6glicht eine einfache Platzierung \u00fcberall im Garten. Durch Witterung und Zeit entwickelt der Rost eine noch authentischere Patina.<\/p>\n<p>Artikelname <strong><a href=\"https:\/\/trendsandvision.nl\/de\/?s=Gartenstec&amp;post_type=product&amp;dgwt_wcas=1\">Gartenstecker<\/a><\/strong> Rostlibelle<br \/>\nWir haben verschiedene Tierarten in lasergeschnitten aus Cortenstahl in Rost<br \/>\nArtikelnummer TT245<br \/>\nProduktgruppe(n) Garten &amp; Terrasse, Statuen und Spiegel, Gartenstatuen, Pflanzenst\u00fctzen<br \/>\nProduktabmessungen in cm L 10,2 x T 0,4 x H 38<br \/>\nMaterial Weichstahl<br \/>\nBarcode 8714982269110<br \/>\nNettogewicht 0,028 kg<br \/>\nProduzent <a href=\"https:\/\/www.esschertdesign.com\/shop\/de\/roest-libelle-tt245\" target=\"_blank\">Esschert Design<\/a><\/p>\n","protected":false},"excerpt":{"rendered":"<p>L 10,2 x T 0,4 x H 38 cm<br \/>\nMaterial Weichstahl<br \/>\nNettogewicht 0,028 kg<br \/>\nBarcode 8714982269110<br \/>\nLanger Stab<br \/>\nEinfach aufzustellen<br \/>\nF\u00fcr Rosteffekt im Freien platzieren<\/p>\n","protected":false},"featured_media":12601,"template":"","meta":[],"product_brand":[9597,9598],"product_cat":[503],"product_tag":[6769,6780,6758,6779],"class_list":{"0":"post-12600","1":"product","2":"type-product","3":"status-publish","4":"has-post-thumbnail","6":"product_brand-esschert-design","7":"product_brand-trends-and-vision","8":"product_cat-esscherts-garden","9":"product_tag-gartenstatuen","10":"product_tag-gartenstecker","11":"product_tag-gartentiere","12":"product_tag-pflanzenstuetzen","13":"pa_anbieter-esschert-design","14":"pa_ean-code-6698","16":"first","17":"instock","18":"sale","19":"taxable","20":"shipping-taxable","21":"purchasable","22":"product-type-simple","23":"czr-hentry"},"yoast_head":"<!-- This site is optimized with the Yoast SEO Premium plugin v26.4 (Yoast SEO v27.3) - https:\/\/yoast.com\/product\/yoast-seo-premium-wordpress\/ -->\n<title>Esschert Design Rost Libelle (TT245 8714982269110)<\/title>\n<meta name=\"description\" content=\"Esschert Design Rost Libelle (TT245 EAN 8714982269110) L 10,2 x T 0,4 x H 38 cm, Material Weichstahl, Gewicht 0,028 kg, Einfach aufzustellen\" \/>\n<meta name=\"robots\" content=\"index, follow, max-snippet:-1, max-image-preview:large, max-video-preview:-1\" \/>\n<link rel=\"canonical\" href=\"https:\/\/trendsandvision.nl\/de\/product\/esschert-design-rost-libelle\/\" \/>\n<meta property=\"og:locale\" content=\"de_DE\" \/>\n<meta property=\"og:type\" content=\"article\" \/>\n<meta property=\"og:title\" content=\"Esschert Design Rost Libelle\" \/>\n<meta property=\"og:description\" content=\"Esschert Design Rost Libelle (TT245 EAN 8714982269110) L 10,2 x T 0,4 x H 38 cm, Material Weichstahl, Gewicht 0,028 kg, Einfach aufzustellen\" \/>\n<meta property=\"og:url\" content=\"https:\/\/trendsandvision.nl\/de\/product\/esschert-design-rost-libelle\/\" \/>\n<meta property=\"og:site_name\" content=\"Trends &amp; Vision (DE)\" \/>\n<meta property=\"article:modified_time\" content=\"2026-04-07T08:52:52+00:00\" \/>\n<meta property=\"og:image\" content=\"https:\/\/trendsandvision.nl\/de\/wp-content\/uploads\/sites\/3\/2024\/07\/TT245_01.jpg\" \/>\n\t<meta property=\"og:image:width\" content=\"800\" \/>\n\t<meta property=\"og:image:height\" content=\"800\" \/>\n\t<meta property=\"og:image:type\" content=\"image\/jpeg\" \/>\n<meta name=\"twitter:card\" content=\"summary_large_image\" \/>\n<meta name=\"twitter:label1\" content=\"Gesch\u00e4tzte Lesezeit\" \/>\n\t<meta name=\"twitter:data1\" content=\"1\u00a0Minute\" \/>\n<script type=\"application\/ld+json\" class=\"yoast-schema-graph\">{\"@context\":\"https:\\\/\\\/schema.org\",\"@graph\":[{\"@type\":\"WebPage\",\"@id\":\"https:\\\/\\\/trendsandvision.nl\\\/de\\\/product\\\/esschert-design-rost-libelle\\\/\",\"url\":\"https:\\\/\\\/trendsandvision.nl\\\/de\\\/product\\\/esschert-design-rost-libelle\\\/\",\"name\":\"Esschert Design Rost Libelle (TT245 8714982269110)\",\"isPartOf\":{\"@id\":\"https:\\\/\\\/trendsandvision.nl\\\/de\\\/#website\"},\"primaryImageOfPage\":{\"@id\":\"https:\\\/\\\/trendsandvision.nl\\\/de\\\/product\\\/esschert-design-rost-libelle\\\/#primaryimage\"},\"image\":{\"@id\":\"https:\\\/\\\/trendsandvision.nl\\\/de\\\/product\\\/esschert-design-rost-libelle\\\/#primaryimage\"},\"thumbnailUrl\":\"https:\\\/\\\/trendsandvision.nl\\\/de\\\/wp-content\\\/uploads\\\/sites\\\/3\\\/2024\\\/07\\\/TT245_01.jpg\",\"datePublished\":\"2024-07-19T09:03:12+00:00\",\"dateModified\":\"2026-04-07T08:52:52+00:00\",\"description\":\"Esschert Design Rost Libelle (TT245 EAN 8714982269110) L 10,2 x T 0,4 x H 38 cm, Material Weichstahl, Gewicht 0,028 kg, Einfach aufzustellen\",\"breadcrumb\":{\"@id\":\"https:\\\/\\\/trendsandvision.nl\\\/de\\\/product\\\/esschert-design-rost-libelle\\\/#breadcrumb\"},\"inLanguage\":\"de\",\"potentialAction\":[{\"@type\":\"ReadAction\",\"target\":[\"https:\\\/\\\/trendsandvision.nl\\\/de\\\/product\\\/esschert-design-rost-libelle\\\/\"]}]},{\"@type\":\"ImageObject\",\"inLanguage\":\"de\",\"@id\":\"https:\\\/\\\/trendsandvision.nl\\\/de\\\/product\\\/esschert-design-rost-libelle\\\/#primaryimage\",\"url\":\"https:\\\/\\\/trendsandvision.nl\\\/de\\\/wp-content\\\/uploads\\\/sites\\\/3\\\/2024\\\/07\\\/TT245_01.jpg\",\"contentUrl\":\"https:\\\/\\\/trendsandvision.nl\\\/de\\\/wp-content\\\/uploads\\\/sites\\\/3\\\/2024\\\/07\\\/TT245_01.jpg\",\"width\":800,\"height\":800,\"caption\":\"Trends and Vision Rost Libelle (TT245 EAN 8714982269110) L 10,2 x T 0,4 x H 38 cm, Material Weichstahl, Gewicht 0,028 kg, Einfach aufzustellen\"},{\"@type\":\"BreadcrumbList\",\"@id\":\"https:\\\/\\\/trendsandvision.nl\\\/de\\\/product\\\/esschert-design-rost-libelle\\\/#breadcrumb\",\"itemListElement\":[{\"@type\":\"ListItem\",\"position\":1,\"name\":\"Home\",\"item\":\"https:\\\/\\\/trendsandvision.nl\\\/de\\\/\"},{\"@type\":\"ListItem\",\"position\":2,\"name\":\"Gesch\u00e4ft\",\"item\":\"https:\\\/\\\/trendsandvision.nl\\\/de\\\/geschaft\\\/\"},{\"@type\":\"ListItem\",\"position\":3,\"name\":\"Esschert Design Rost Libelle\"}]},{\"@type\":\"WebSite\",\"@id\":\"https:\\\/\\\/trendsandvision.nl\\\/de\\\/#website\",\"url\":\"https:\\\/\\\/trendsandvision.nl\\\/de\\\/\",\"name\":\"Trends &amp; Vision (DE)\",\"description\":\"Der Webshop f\u00fcr Esschert Design Artikel\",\"publisher\":{\"@id\":\"https:\\\/\\\/trendsandvision.nl\\\/de\\\/#organization\"},\"potentialAction\":[{\"@type\":\"SearchAction\",\"target\":{\"@type\":\"EntryPoint\",\"urlTemplate\":\"https:\\\/\\\/trendsandvision.nl\\\/de\\\/?s={search_term_string}\"},\"query-input\":{\"@type\":\"PropertyValueSpecification\",\"valueRequired\":true,\"valueName\":\"search_term_string\"}}],\"inLanguage\":\"de\"},{\"@type\":\"Organization\",\"@id\":\"https:\\\/\\\/trendsandvision.nl\\\/de\\\/#organization\",\"name\":\"Trends &amp; Vision (DE)\",\"url\":\"https:\\\/\\\/trendsandvision.nl\\\/de\\\/\",\"logo\":{\"@type\":\"ImageObject\",\"inLanguage\":\"de\",\"@id\":\"https:\\\/\\\/trendsandvision.nl\\\/de\\\/#\\\/schema\\\/logo\\\/image\\\/\",\"url\":\"https:\\\/\\\/trendsandvision.nl\\\/de\\\/wp-content\\\/uploads\\\/sites\\\/3\\\/2022\\\/04\\\/trends-and-vision-logo.jpg\",\"contentUrl\":\"https:\\\/\\\/trendsandvision.nl\\\/de\\\/wp-content\\\/uploads\\\/sites\\\/3\\\/2022\\\/04\\\/trends-and-vision-logo.jpg\",\"width\":213,\"height\":100,\"caption\":\"Trends &amp; Vision (DE)\"},\"image\":{\"@id\":\"https:\\\/\\\/trendsandvision.nl\\\/de\\\/#\\\/schema\\\/logo\\\/image\\\/\"}}]}<\/script>\n<!-- \/ Yoast SEO Premium plugin. -->","yoast_head_json":{"title":"Esschert Design Rost Libelle (TT245 8714982269110)","description":"Esschert Design Rost Libelle (TT245 EAN 8714982269110) L 10,2 x T 0,4 x H 38 cm, Material Weichstahl, Gewicht 0,028 kg, Einfach aufzustellen","robots":{"index":"index","follow":"follow","max-snippet":"max-snippet:-1","max-image-preview":"max-image-preview:large","max-video-preview":"max-video-preview:-1"},"canonical":"https:\/\/trendsandvision.nl\/de\/product\/esschert-design-rost-libelle\/","og_locale":"de_DE","og_type":"article","og_title":"Esschert Design Rost Libelle","og_description":"Esschert Design Rost Libelle (TT245 EAN 8714982269110) L 10,2 x T 0,4 x H 38 cm, Material Weichstahl, Gewicht 0,028 kg, Einfach aufzustellen","og_url":"https:\/\/trendsandvision.nl\/de\/product\/esschert-design-rost-libelle\/","og_site_name":"Trends &amp; Vision (DE)","article_modified_time":"2026-04-07T08:52:52+00:00","og_image":[{"width":800,"height":800,"url":"https:\/\/trendsandvision.nl\/de\/wp-content\/uploads\/sites\/3\/2024\/07\/TT245_01.jpg","type":"image\/jpeg"}],"twitter_card":"summary_large_image","twitter_misc":{"Gesch\u00e4tzte Lesezeit":"1\u00a0Minute"},"schema":{"@context":"https:\/\/schema.org","@graph":[{"@type":"WebPage","@id":"https:\/\/trendsandvision.nl\/de\/product\/esschert-design-rost-libelle\/","url":"https:\/\/trendsandvision.nl\/de\/product\/esschert-design-rost-libelle\/","name":"Esschert Design Rost Libelle (TT245 8714982269110)","isPartOf":{"@id":"https:\/\/trendsandvision.nl\/de\/#website"},"primaryImageOfPage":{"@id":"https:\/\/trendsandvision.nl\/de\/product\/esschert-design-rost-libelle\/#primaryimage"},"image":{"@id":"https:\/\/trendsandvision.nl\/de\/product\/esschert-design-rost-libelle\/#primaryimage"},"thumbnailUrl":"https:\/\/trendsandvision.nl\/de\/wp-content\/uploads\/sites\/3\/2024\/07\/TT245_01.jpg","datePublished":"2024-07-19T09:03:12+00:00","dateModified":"2026-04-07T08:52:52+00:00","description":"Esschert Design Rost Libelle (TT245 EAN 8714982269110) L 10,2 x T 0,4 x H 38 cm, Material Weichstahl, Gewicht 0,028 kg, Einfach aufzustellen","breadcrumb":{"@id":"https:\/\/trendsandvision.nl\/de\/product\/esschert-design-rost-libelle\/#breadcrumb"},"inLanguage":"de","potentialAction":[{"@type":"ReadAction","target":["https:\/\/trendsandvision.nl\/de\/product\/esschert-design-rost-libelle\/"]}]},{"@type":"ImageObject","inLanguage":"de","@id":"https:\/\/trendsandvision.nl\/de\/product\/esschert-design-rost-libelle\/#primaryimage","url":"https:\/\/trendsandvision.nl\/de\/wp-content\/uploads\/sites\/3\/2024\/07\/TT245_01.jpg","contentUrl":"https:\/\/trendsandvision.nl\/de\/wp-content\/uploads\/sites\/3\/2024\/07\/TT245_01.jpg","width":800,"height":800,"caption":"Trends and Vision Rost Libelle (TT245 EAN 8714982269110) L 10,2 x T 0,4 x H 38 cm, Material Weichstahl, Gewicht 0,028 kg, Einfach aufzustellen"},{"@type":"BreadcrumbList","@id":"https:\/\/trendsandvision.nl\/de\/product\/esschert-design-rost-libelle\/#breadcrumb","itemListElement":[{"@type":"ListItem","position":1,"name":"Home","item":"https:\/\/trendsandvision.nl\/de\/"},{"@type":"ListItem","position":2,"name":"Gesch\u00e4ft","item":"https:\/\/trendsandvision.nl\/de\/geschaft\/"},{"@type":"ListItem","position":3,"name":"Esschert Design Rost Libelle"}]},{"@type":"WebSite","@id":"https:\/\/trendsandvision.nl\/de\/#website","url":"https:\/\/trendsandvision.nl\/de\/","name":"Trends &amp; Vision (DE)","description":"Der Webshop f\u00fcr Esschert Design Artikel","publisher":{"@id":"https:\/\/trendsandvision.nl\/de\/#organization"},"potentialAction":[{"@type":"SearchAction","target":{"@type":"EntryPoint","urlTemplate":"https:\/\/trendsandvision.nl\/de\/?s={search_term_string}"},"query-input":{"@type":"PropertyValueSpecification","valueRequired":true,"valueName":"search_term_string"}}],"inLanguage":"de"},{"@type":"Organization","@id":"https:\/\/trendsandvision.nl\/de\/#organization","name":"Trends &amp; Vision (DE)","url":"https:\/\/trendsandvision.nl\/de\/","logo":{"@type":"ImageObject","inLanguage":"de","@id":"https:\/\/trendsandvision.nl\/de\/#\/schema\/logo\/image\/","url":"https:\/\/trendsandvision.nl\/de\/wp-content\/uploads\/sites\/3\/2022\/04\/trends-and-vision-logo.jpg","contentUrl":"https:\/\/trendsandvision.nl\/de\/wp-content\/uploads\/sites\/3\/2022\/04\/trends-and-vision-logo.jpg","width":213,"height":100,"caption":"Trends &amp; Vision (DE)"},"image":{"@id":"https:\/\/trendsandvision.nl\/de\/#\/schema\/logo\/image\/"}}]}},"_links":{"self":[{"href":"https:\/\/trendsandvision.nl\/de\/wp-json\/wp\/v2\/product\/12600","targetHints":{"allow":["GET"]}}],"collection":[{"href":"https:\/\/trendsandvision.nl\/de\/wp-json\/wp\/v2\/product"}],"about":[{"href":"https:\/\/trendsandvision.nl\/de\/wp-json\/wp\/v2\/types\/product"}],"wp:featuredmedia":[{"embeddable":true,"href":"https:\/\/trendsandvision.nl\/de\/wp-json\/wp\/v2\/media\/12601"}],"wp:attachment":[{"href":"https:\/\/trendsandvision.nl\/de\/wp-json\/wp\/v2\/media?parent=12600"}],"wp:term":[{"taxonomy":"product_brand","embeddable":true,"href":"https:\/\/trendsandvision.nl\/de\/wp-json\/wp\/v2\/product_brand?post=12600"},{"taxonomy":"product_cat","embeddable":true,"href":"https:\/\/trendsandvision.nl\/de\/wp-json\/wp\/v2\/product_cat?post=12600"},{"taxonomy":"product_tag","embeddable":true,"href":"https:\/\/trendsandvision.nl\/de\/wp-json\/wp\/v2\/product_tag?post=12600"}],"curies":[{"name":"wp","href":"https:\/\/api.w.org\/{rel}","templated":true}]}}