{"id":12545,"date":"2024-07-19T11:01:38","date_gmt":"2024-07-19T09:01:38","guid":{"rendered":"https:\/\/trendsandvision.nl\/de\/product\/esschert-design-tropfsystem-fuer-flaschen-tg364-8714982270413\/"},"modified":"2026-04-22T15:21:42","modified_gmt":"2026-04-22T13:21:42","slug":"esschert-design-tropfsystem-fuer-flaschen","status":"publish","type":"product","link":"https:\/\/trendsandvision.nl\/de\/product\/esschert-design-tropfsystem-fuer-flaschen\/","title":{"rendered":"Esschert Design Tropfsystem f\u00fcr Flaschen"},"content":{"rendered":"<p>Esschert Design Tropfsystem f\u00fcr Flaschen.<br \/>\nAuf diesen Gie\u00dfaufsatz passt jede Flasche. F\u00fcllen Sie die Flasche mit Wasser, setzen Sie den Aufsatz auf und stellen Sie die Flasche kopf\u00fcber neben die Pflanze. Die Wassermenge kann durch Drehen des Aufsatzes dosiert werden.<\/p>\n<p>Artikelname Tropfsystem f\u00fcr Flaschen<br \/>\nArtikelnummer TG364<br \/>\nProduktgruppe(n) Garten &amp; Terrasse, Gartenger\u00e4te, Werkzeuge<br \/>\nProduktabmessungen in cm L 5,3 x T 4,8 x H 18<br \/>\nMaterial PP<br \/>\nBarcode 8714982270413<br \/>\nNettogewicht 0,02 kg<br \/>\nProduzent <a href=\"https:\/\/www.esschertdesign.com\/shop\/de\/druppelsysteem-voor-flessen-tg364\" target=\"_blank\">Esschert Design<\/a><\/p>\n","protected":false},"excerpt":{"rendered":"<p>Tropfsystem<br \/>\nPasst auf jede Flasche<br \/>\nWassermenge kann dosiert werden<br \/>\nIdeal f\u00fcr die Feiertage<br \/>\nL 5,3 x T 4,8 x H 18 cm<br \/>\nMaterial PP<br \/>\nNettogewicht 0,02 kg<br \/>\nBarcode 8714982270413<\/p>\n","protected":false},"featured_media":12546,"template":"","meta":[],"product_brand":[9597,9598],"product_cat":[503],"product_tag":[6755,6721,6824,6788],"class_list":{"0":"post-12545","1":"product","2":"type-product","3":"status-publish","4":"has-post-thumbnail","6":"product_brand-esschert-design","7":"product_brand-trends-and-vision","8":"product_cat-esscherts-garden","9":"product_tag-gartengeraete","10":"product_tag-gartenwerkzeuge","11":"product_tag-hilfsmittel","12":"product_tag-tropfsystem","13":"pa_anbieter-esschert-design","14":"pa_ean-code-6688","16":"first","17":"instock","18":"sale","19":"taxable","20":"shipping-taxable","21":"purchasable","22":"product-type-simple","23":"czr-hentry"},"yoast_head":"<!-- This site is optimized with the Yoast SEO Premium plugin v27.4 (Yoast SEO v27.4) - https:\/\/yoast.com\/product\/yoast-seo-premium-wordpress\/ -->\n<title>Esschert Design Tropfsystem f\u00fcr Flaschen (TG364 )<\/title>\n<meta name=\"description\" content=\"Esschert Design Tropfsystem f\u00fcr Flaschen (TG364 8714982270413) cm L 5,3 x T 4,8 x H 18, Material PP,Nettogewicht 0,02 kg,Passt auf jede Flasche\" \/>\n<meta name=\"robots\" content=\"index, follow, max-snippet:-1, max-image-preview:large, max-video-preview:-1\" \/>\n<link rel=\"canonical\" href=\"https:\/\/trendsandvision.nl\/de\/product\/esschert-design-tropfsystem-fuer-flaschen\/\" \/>\n<meta property=\"og:locale\" content=\"de_DE\" \/>\n<meta property=\"og:type\" content=\"article\" \/>\n<meta property=\"og:title\" content=\"Esschert Design Tropfsystem f\u00fcr Flaschen\" \/>\n<meta property=\"og:description\" content=\"Esschert Design Tropfsystem f\u00fcr Flaschen (TG364 8714982270413) cm L 5,3 x T 4,8 x H 18, Material PP,Nettogewicht 0,02 kg,Passt auf jede Flasche\" \/>\n<meta property=\"og:url\" content=\"https:\/\/trendsandvision.nl\/de\/product\/esschert-design-tropfsystem-fuer-flaschen\/\" \/>\n<meta property=\"og:site_name\" content=\"Trends &amp; Vision (DE)\" \/>\n<meta property=\"article:modified_time\" content=\"2026-04-22T13:21:42+00:00\" \/>\n<meta property=\"og:image\" content=\"https:\/\/trendsandvision.nl\/de\/wp-content\/uploads\/sites\/3\/2024\/07\/TG364_01.jpg\" \/>\n\t<meta property=\"og:image:width\" content=\"800\" \/>\n\t<meta property=\"og:image:height\" content=\"800\" \/>\n\t<meta property=\"og:image:type\" content=\"image\/jpeg\" \/>\n<meta name=\"twitter:card\" content=\"summary_large_image\" \/>\n<meta name=\"twitter:label1\" content=\"Gesch\u00e4tzte Lesezeit\" \/>\n\t<meta name=\"twitter:data1\" content=\"1\u00a0Minute\" \/>\n<script type=\"application\/ld+json\" class=\"yoast-schema-graph\">{\"@context\":\"https:\\\/\\\/schema.org\",\"@graph\":[{\"@type\":\"WebPage\",\"@id\":\"https:\\\/\\\/trendsandvision.nl\\\/de\\\/product\\\/esschert-design-tropfsystem-fuer-flaschen\\\/\",\"url\":\"https:\\\/\\\/trendsandvision.nl\\\/de\\\/product\\\/esschert-design-tropfsystem-fuer-flaschen\\\/\",\"name\":\"Esschert Design Tropfsystem f\u00fcr Flaschen (TG364 )\",\"isPartOf\":{\"@id\":\"https:\\\/\\\/trendsandvision.nl\\\/de\\\/#website\"},\"primaryImageOfPage\":{\"@id\":\"https:\\\/\\\/trendsandvision.nl\\\/de\\\/product\\\/esschert-design-tropfsystem-fuer-flaschen\\\/#primaryimage\"},\"image\":{\"@id\":\"https:\\\/\\\/trendsandvision.nl\\\/de\\\/product\\\/esschert-design-tropfsystem-fuer-flaschen\\\/#primaryimage\"},\"thumbnailUrl\":\"https:\\\/\\\/trendsandvision.nl\\\/de\\\/wp-content\\\/uploads\\\/sites\\\/3\\\/2024\\\/07\\\/TG364_01.jpg\",\"datePublished\":\"2024-07-19T09:01:38+00:00\",\"dateModified\":\"2026-04-22T13:21:42+00:00\",\"description\":\"Esschert Design Tropfsystem f\u00fcr Flaschen (TG364 8714982270413) cm L 5,3 x T 4,8 x H 18, Material PP,Nettogewicht 0,02 kg,Passt auf jede Flasche\",\"breadcrumb\":{\"@id\":\"https:\\\/\\\/trendsandvision.nl\\\/de\\\/product\\\/esschert-design-tropfsystem-fuer-flaschen\\\/#breadcrumb\"},\"inLanguage\":\"de\",\"potentialAction\":[{\"@type\":\"ReadAction\",\"target\":[\"https:\\\/\\\/trendsandvision.nl\\\/de\\\/product\\\/esschert-design-tropfsystem-fuer-flaschen\\\/\"]}]},{\"@type\":\"ImageObject\",\"inLanguage\":\"de\",\"@id\":\"https:\\\/\\\/trendsandvision.nl\\\/de\\\/product\\\/esschert-design-tropfsystem-fuer-flaschen\\\/#primaryimage\",\"url\":\"https:\\\/\\\/trendsandvision.nl\\\/de\\\/wp-content\\\/uploads\\\/sites\\\/3\\\/2024\\\/07\\\/TG364_01.jpg\",\"contentUrl\":\"https:\\\/\\\/trendsandvision.nl\\\/de\\\/wp-content\\\/uploads\\\/sites\\\/3\\\/2024\\\/07\\\/TG364_01.jpg\",\"width\":800,\"height\":800,\"caption\":\"Trends and Vision Tropfsystem f\u00fcr Flaschen (TG364 8714982270413) cm L 5,3 x T 4,8 x H 18, Material PP,Nettogewicht 0,02 kg,Passt auf jede Flasche\"},{\"@type\":\"BreadcrumbList\",\"@id\":\"https:\\\/\\\/trendsandvision.nl\\\/de\\\/product\\\/esschert-design-tropfsystem-fuer-flaschen\\\/#breadcrumb\",\"itemListElement\":[{\"@type\":\"ListItem\",\"position\":1,\"name\":\"Home\",\"item\":\"https:\\\/\\\/trendsandvision.nl\\\/de\\\/\"},{\"@type\":\"ListItem\",\"position\":2,\"name\":\"Gesch\u00e4ft\",\"item\":\"https:\\\/\\\/trendsandvision.nl\\\/de\\\/geschaft\\\/\"},{\"@type\":\"ListItem\",\"position\":3,\"name\":\"Esschert Design Tropfsystem f\u00fcr Flaschen\"}]},{\"@type\":\"WebSite\",\"@id\":\"https:\\\/\\\/trendsandvision.nl\\\/de\\\/#website\",\"url\":\"https:\\\/\\\/trendsandvision.nl\\\/de\\\/\",\"name\":\"Trends &amp; Vision (DE)\",\"description\":\"Der Webshop f\u00fcr Esschert Design Artikel\",\"publisher\":{\"@id\":\"https:\\\/\\\/trendsandvision.nl\\\/de\\\/#organization\"},\"potentialAction\":[{\"@type\":\"SearchAction\",\"target\":{\"@type\":\"EntryPoint\",\"urlTemplate\":\"https:\\\/\\\/trendsandvision.nl\\\/de\\\/?s={search_term_string}\"},\"query-input\":{\"@type\":\"PropertyValueSpecification\",\"valueRequired\":true,\"valueName\":\"search_term_string\"}}],\"inLanguage\":\"de\"},{\"@type\":\"Organization\",\"@id\":\"https:\\\/\\\/trendsandvision.nl\\\/de\\\/#organization\",\"name\":\"Trends &amp; Vision (DE)\",\"url\":\"https:\\\/\\\/trendsandvision.nl\\\/de\\\/\",\"logo\":{\"@type\":\"ImageObject\",\"inLanguage\":\"de\",\"@id\":\"https:\\\/\\\/trendsandvision.nl\\\/de\\\/#\\\/schema\\\/logo\\\/image\\\/\",\"url\":\"https:\\\/\\\/trendsandvision.nl\\\/de\\\/wp-content\\\/uploads\\\/sites\\\/3\\\/2022\\\/04\\\/trends-and-vision-logo.jpg\",\"contentUrl\":\"https:\\\/\\\/trendsandvision.nl\\\/de\\\/wp-content\\\/uploads\\\/sites\\\/3\\\/2022\\\/04\\\/trends-and-vision-logo.jpg\",\"width\":213,\"height\":100,\"caption\":\"Trends &amp; Vision (DE)\"},\"image\":{\"@id\":\"https:\\\/\\\/trendsandvision.nl\\\/de\\\/#\\\/schema\\\/logo\\\/image\\\/\"}}]}<\/script>\n<!-- \/ Yoast SEO Premium plugin. -->","yoast_head_json":{"title":"Esschert Design Tropfsystem f\u00fcr Flaschen (TG364 )","description":"Esschert Design Tropfsystem f\u00fcr Flaschen (TG364 8714982270413) cm L 5,3 x T 4,8 x H 18, Material PP,Nettogewicht 0,02 kg,Passt auf jede Flasche","robots":{"index":"index","follow":"follow","max-snippet":"max-snippet:-1","max-image-preview":"max-image-preview:large","max-video-preview":"max-video-preview:-1"},"canonical":"https:\/\/trendsandvision.nl\/de\/product\/esschert-design-tropfsystem-fuer-flaschen\/","og_locale":"de_DE","og_type":"article","og_title":"Esschert Design Tropfsystem f\u00fcr Flaschen","og_description":"Esschert Design Tropfsystem f\u00fcr Flaschen (TG364 8714982270413) cm L 5,3 x T 4,8 x H 18, Material PP,Nettogewicht 0,02 kg,Passt auf jede Flasche","og_url":"https:\/\/trendsandvision.nl\/de\/product\/esschert-design-tropfsystem-fuer-flaschen\/","og_site_name":"Trends &amp; Vision (DE)","article_modified_time":"2026-04-22T13:21:42+00:00","og_image":[{"width":800,"height":800,"url":"https:\/\/trendsandvision.nl\/de\/wp-content\/uploads\/sites\/3\/2024\/07\/TG364_01.jpg","type":"image\/jpeg"}],"twitter_card":"summary_large_image","twitter_misc":{"Gesch\u00e4tzte Lesezeit":"1\u00a0Minute"},"schema":{"@context":"https:\/\/schema.org","@graph":[{"@type":"WebPage","@id":"https:\/\/trendsandvision.nl\/de\/product\/esschert-design-tropfsystem-fuer-flaschen\/","url":"https:\/\/trendsandvision.nl\/de\/product\/esschert-design-tropfsystem-fuer-flaschen\/","name":"Esschert Design Tropfsystem f\u00fcr Flaschen (TG364 )","isPartOf":{"@id":"https:\/\/trendsandvision.nl\/de\/#website"},"primaryImageOfPage":{"@id":"https:\/\/trendsandvision.nl\/de\/product\/esschert-design-tropfsystem-fuer-flaschen\/#primaryimage"},"image":{"@id":"https:\/\/trendsandvision.nl\/de\/product\/esschert-design-tropfsystem-fuer-flaschen\/#primaryimage"},"thumbnailUrl":"https:\/\/trendsandvision.nl\/de\/wp-content\/uploads\/sites\/3\/2024\/07\/TG364_01.jpg","datePublished":"2024-07-19T09:01:38+00:00","dateModified":"2026-04-22T13:21:42+00:00","description":"Esschert Design Tropfsystem f\u00fcr Flaschen (TG364 8714982270413) cm L 5,3 x T 4,8 x H 18, Material PP,Nettogewicht 0,02 kg,Passt auf jede Flasche","breadcrumb":{"@id":"https:\/\/trendsandvision.nl\/de\/product\/esschert-design-tropfsystem-fuer-flaschen\/#breadcrumb"},"inLanguage":"de","potentialAction":[{"@type":"ReadAction","target":["https:\/\/trendsandvision.nl\/de\/product\/esschert-design-tropfsystem-fuer-flaschen\/"]}]},{"@type":"ImageObject","inLanguage":"de","@id":"https:\/\/trendsandvision.nl\/de\/product\/esschert-design-tropfsystem-fuer-flaschen\/#primaryimage","url":"https:\/\/trendsandvision.nl\/de\/wp-content\/uploads\/sites\/3\/2024\/07\/TG364_01.jpg","contentUrl":"https:\/\/trendsandvision.nl\/de\/wp-content\/uploads\/sites\/3\/2024\/07\/TG364_01.jpg","width":800,"height":800,"caption":"Trends and Vision Tropfsystem f\u00fcr Flaschen (TG364 8714982270413) cm L 5,3 x T 4,8 x H 18, Material PP,Nettogewicht 0,02 kg,Passt auf jede Flasche"},{"@type":"BreadcrumbList","@id":"https:\/\/trendsandvision.nl\/de\/product\/esschert-design-tropfsystem-fuer-flaschen\/#breadcrumb","itemListElement":[{"@type":"ListItem","position":1,"name":"Home","item":"https:\/\/trendsandvision.nl\/de\/"},{"@type":"ListItem","position":2,"name":"Gesch\u00e4ft","item":"https:\/\/trendsandvision.nl\/de\/geschaft\/"},{"@type":"ListItem","position":3,"name":"Esschert Design Tropfsystem f\u00fcr Flaschen"}]},{"@type":"WebSite","@id":"https:\/\/trendsandvision.nl\/de\/#website","url":"https:\/\/trendsandvision.nl\/de\/","name":"Trends &amp; Vision (DE)","description":"Der Webshop f\u00fcr Esschert Design Artikel","publisher":{"@id":"https:\/\/trendsandvision.nl\/de\/#organization"},"potentialAction":[{"@type":"SearchAction","target":{"@type":"EntryPoint","urlTemplate":"https:\/\/trendsandvision.nl\/de\/?s={search_term_string}"},"query-input":{"@type":"PropertyValueSpecification","valueRequired":true,"valueName":"search_term_string"}}],"inLanguage":"de"},{"@type":"Organization","@id":"https:\/\/trendsandvision.nl\/de\/#organization","name":"Trends &amp; Vision (DE)","url":"https:\/\/trendsandvision.nl\/de\/","logo":{"@type":"ImageObject","inLanguage":"de","@id":"https:\/\/trendsandvision.nl\/de\/#\/schema\/logo\/image\/","url":"https:\/\/trendsandvision.nl\/de\/wp-content\/uploads\/sites\/3\/2022\/04\/trends-and-vision-logo.jpg","contentUrl":"https:\/\/trendsandvision.nl\/de\/wp-content\/uploads\/sites\/3\/2022\/04\/trends-and-vision-logo.jpg","width":213,"height":100,"caption":"Trends &amp; Vision (DE)"},"image":{"@id":"https:\/\/trendsandvision.nl\/de\/#\/schema\/logo\/image\/"}}]}},"_links":{"self":[{"href":"https:\/\/trendsandvision.nl\/de\/wp-json\/wp\/v2\/product\/12545","targetHints":{"allow":["GET"]}}],"collection":[{"href":"https:\/\/trendsandvision.nl\/de\/wp-json\/wp\/v2\/product"}],"about":[{"href":"https:\/\/trendsandvision.nl\/de\/wp-json\/wp\/v2\/types\/product"}],"wp:featuredmedia":[{"embeddable":true,"href":"https:\/\/trendsandvision.nl\/de\/wp-json\/wp\/v2\/media\/12546"}],"wp:attachment":[{"href":"https:\/\/trendsandvision.nl\/de\/wp-json\/wp\/v2\/media?parent=12545"}],"wp:term":[{"taxonomy":"product_brand","embeddable":true,"href":"https:\/\/trendsandvision.nl\/de\/wp-json\/wp\/v2\/product_brand?post=12545"},{"taxonomy":"product_cat","embeddable":true,"href":"https:\/\/trendsandvision.nl\/de\/wp-json\/wp\/v2\/product_cat?post=12545"},{"taxonomy":"product_tag","embeddable":true,"href":"https:\/\/trendsandvision.nl\/de\/wp-json\/wp\/v2\/product_tag?post=12545"}],"curies":[{"name":"wp","href":"https:\/\/api.w.org\/{rel}","templated":true}]}}