{"id":12509,"date":"2024-07-19T11:00:35","date_gmt":"2024-07-19T09:00:35","guid":{"rendered":"https:\/\/trendsandvision.nl\/de\/product\/esschert-design-pflanzenhaenger-dreifach-py183-8714982267857\/"},"modified":"2026-04-07T10:45:50","modified_gmt":"2026-04-07T08:45:50","slug":"esschert-design-pflanzenhaenger-dreifach","status":"publish","type":"product","link":"https:\/\/trendsandvision.nl\/de\/product\/esschert-design-pflanzenhaenger-dreifach\/","title":{"rendered":"Esschert Design Pflanzenh\u00e4nger dreifach"},"content":{"rendered":"<p>Esschert Design <strong><a href=\"https:\/\/trendsandvision.nl\/de\/?s=Pflanzenh\u00e4nger&amp;post_type=product&amp;dgwt_wcas=1\">Pflanzenh\u00e4nger<\/a><\/strong> dreifach\/H\u00e4ngetablett, zum Aufh\u00e4ngen und auch platzsparend mit drei Ablagen plus Kletterm\u00f6glichkeit.<br \/>\nDieser h\u00e4ngende Blumentopf ist ideal, um jeder Raumbegr\u00fcnung hinzuzuf\u00fcgen. Er verf\u00fcgt \u00fcber eine Aufh\u00e4ngeschlaufe, ist leicht und einfach aufzuh\u00e4ngen.<\/p>\n<p>Artikelnummer: PY183<br \/>\nProduktgruppe(n) Garten &amp; Terrasse, T\u00f6pfe und Vasen, Blument\u00f6pfe und Beh\u00e4lter, Innenbereich, Sonstiges<br \/>\nArtikelname Pflanzenh\u00e4nger dreifach<br \/>\nArtikelnummer PY183<br \/>\nProduktgr\u00f6\u00dfen in cm B 24,5 X T 22 X H 117<br \/>\nBarcode 8714982267857<br \/>\nMaterial Stahl, Eisen<br \/>\nGewicht 1,51 kg<br \/>\nProduzent <a href=\"https:\/\/www.esschertdesign.com\/shop\/de\/plantenhanger-drievoudig-py183\" target=\"_blank\">Esschert Design<\/a> <\/p>\n<p><strong><a href=\"https:\/\/trendsandvision.nl\/de\/?s=Hanging+Basket+haken&amp;post_type=product&amp;dgwt_wcas=1\">alle Haken<\/a><\/strong><\/p>\n","protected":false},"excerpt":{"rendered":"<p>Artikelnummer: PY183<br \/>\nLeichtgewichtig<br \/>\nMit Aufh\u00e4ngeschlaufe<br \/>\nEinfach aufzuh\u00e4ngen<br \/>\nZerlegte Konstruktion f\u00fcr den Transport<br \/>\nL 24,5 x T 22 x H 117 cm<br \/>\nMaterial: Stahl, Eisen<br \/>\nNettogewicht 1.509 kg<br \/>\nBarcode 8714982267857<br \/>\n<strong><a href=\"https:\/\/trendsandvision.nl\/de\/?s=Hanging+Basket+haken&amp;post_type=product&amp;dgwt_wcas=1\">alle Haken<\/a><\/strong><\/p>\n","protected":false},"featured_media":12510,"template":"","meta":[],"product_brand":[9597,9598],"product_cat":[503],"product_tag":[6820,11286,6821,9785,6778],"class_list":{"0":"post-12509","1":"product","2":"type-product","3":"status-publish","4":"has-post-thumbnail","6":"product_brand-esschert-design","7":"product_brand-trends-and-vision","8":"product_cat-esscherts-garden","9":"product_tag-blumentoepfe","10":"product_tag-haengetablette","11":"product_tag-innenbereich","12":"product_tag-platzsparend","13":"product_tag-terrasse","14":"pa_anbieter-esschert-design","15":"pa_ean-code-6680","17":"first","18":"instock","19":"sale","20":"taxable","21":"shipping-taxable","22":"purchasable","23":"product-type-simple","24":"czr-hentry"},"yoast_head":"<!-- This site is optimized with the Yoast SEO Premium plugin v26.4 (Yoast SEO v27.3) - https:\/\/yoast.com\/product\/yoast-seo-premium-wordpress\/ -->\n<title>Esschert Design Pflanzenh\u00e4nger dreifach (PY183 8714982267857)<\/title>\n<meta name=\"description\" content=\"Esschert Design Pflanzenh\u00e4nger dreifach (PY183 EAN 8714982267857) Zerlegte Konstruktion, L 24,5 x T 22 x H 117 cm, Stahl, Eisen, Gewicht 1.51 kg\" \/>\n<meta name=\"robots\" content=\"index, follow, max-snippet:-1, max-image-preview:large, max-video-preview:-1\" \/>\n<link rel=\"canonical\" href=\"https:\/\/trendsandvision.nl\/de\/product\/esschert-design-pflanzenhaenger-dreifach\/\" \/>\n<meta property=\"og:locale\" content=\"de_DE\" \/>\n<meta property=\"og:type\" content=\"article\" \/>\n<meta property=\"og:title\" content=\"Esschert Design Pflanzenh\u00e4nger dreifach\" \/>\n<meta property=\"og:description\" content=\"Esschert Design Pflanzenh\u00e4nger dreifach (PY183 EAN 8714982267857) Zerlegte Konstruktion, L 24,5 x T 22 x H 117 cm, Stahl, Eisen, Gewicht 1.51 kg\" \/>\n<meta property=\"og:url\" content=\"https:\/\/trendsandvision.nl\/de\/product\/esschert-design-pflanzenhaenger-dreifach\/\" \/>\n<meta property=\"og:site_name\" content=\"Trends &amp; Vision (DE)\" \/>\n<meta property=\"article:modified_time\" content=\"2026-04-07T08:45:50+00:00\" \/>\n<meta property=\"og:image\" content=\"https:\/\/trendsandvision.nl\/de\/wp-content\/uploads\/sites\/3\/2024\/07\/PY183_01.jpg\" \/>\n\t<meta property=\"og:image:width\" content=\"800\" \/>\n\t<meta property=\"og:image:height\" content=\"800\" \/>\n\t<meta property=\"og:image:type\" content=\"image\/jpeg\" \/>\n<meta name=\"twitter:card\" content=\"summary_large_image\" \/>\n<meta name=\"twitter:label1\" content=\"Gesch\u00e4tzte Lesezeit\" \/>\n\t<meta name=\"twitter:data1\" content=\"1\u00a0Minute\" \/>\n<script type=\"application\/ld+json\" class=\"yoast-schema-graph\">{\"@context\":\"https:\\\/\\\/schema.org\",\"@graph\":[{\"@type\":\"WebPage\",\"@id\":\"https:\\\/\\\/trendsandvision.nl\\\/de\\\/product\\\/esschert-design-pflanzenhaenger-dreifach\\\/\",\"url\":\"https:\\\/\\\/trendsandvision.nl\\\/de\\\/product\\\/esschert-design-pflanzenhaenger-dreifach\\\/\",\"name\":\"Esschert Design Pflanzenh\u00e4nger dreifach (PY183 8714982267857)\",\"isPartOf\":{\"@id\":\"https:\\\/\\\/trendsandvision.nl\\\/de\\\/#website\"},\"primaryImageOfPage\":{\"@id\":\"https:\\\/\\\/trendsandvision.nl\\\/de\\\/product\\\/esschert-design-pflanzenhaenger-dreifach\\\/#primaryimage\"},\"image\":{\"@id\":\"https:\\\/\\\/trendsandvision.nl\\\/de\\\/product\\\/esschert-design-pflanzenhaenger-dreifach\\\/#primaryimage\"},\"thumbnailUrl\":\"https:\\\/\\\/trendsandvision.nl\\\/de\\\/wp-content\\\/uploads\\\/sites\\\/3\\\/2024\\\/07\\\/PY183_01.jpg\",\"datePublished\":\"2024-07-19T09:00:35+00:00\",\"dateModified\":\"2026-04-07T08:45:50+00:00\",\"description\":\"Esschert Design Pflanzenh\u00e4nger dreifach (PY183 EAN 8714982267857) Zerlegte Konstruktion, L 24,5 x T 22 x H 117 cm, Stahl, Eisen, Gewicht 1.51 kg\",\"breadcrumb\":{\"@id\":\"https:\\\/\\\/trendsandvision.nl\\\/de\\\/product\\\/esschert-design-pflanzenhaenger-dreifach\\\/#breadcrumb\"},\"inLanguage\":\"de\",\"potentialAction\":[{\"@type\":\"ReadAction\",\"target\":[\"https:\\\/\\\/trendsandvision.nl\\\/de\\\/product\\\/esschert-design-pflanzenhaenger-dreifach\\\/\"]}]},{\"@type\":\"ImageObject\",\"inLanguage\":\"de\",\"@id\":\"https:\\\/\\\/trendsandvision.nl\\\/de\\\/product\\\/esschert-design-pflanzenhaenger-dreifach\\\/#primaryimage\",\"url\":\"https:\\\/\\\/trendsandvision.nl\\\/de\\\/wp-content\\\/uploads\\\/sites\\\/3\\\/2024\\\/07\\\/PY183_01.jpg\",\"contentUrl\":\"https:\\\/\\\/trendsandvision.nl\\\/de\\\/wp-content\\\/uploads\\\/sites\\\/3\\\/2024\\\/07\\\/PY183_01.jpg\",\"width\":800,\"height\":800,\"caption\":\"Trends and Vision Pflanzenh\u00e4nger dreifach (PY183 EAN 8714982267857) Zerlegte Konstruktion, L 24,5 x T 22 x H 117 cm, Stahl, Eisen, Gewicht 1.51 kg\"},{\"@type\":\"BreadcrumbList\",\"@id\":\"https:\\\/\\\/trendsandvision.nl\\\/de\\\/product\\\/esschert-design-pflanzenhaenger-dreifach\\\/#breadcrumb\",\"itemListElement\":[{\"@type\":\"ListItem\",\"position\":1,\"name\":\"Home\",\"item\":\"https:\\\/\\\/trendsandvision.nl\\\/de\\\/\"},{\"@type\":\"ListItem\",\"position\":2,\"name\":\"Gesch\u00e4ft\",\"item\":\"https:\\\/\\\/trendsandvision.nl\\\/de\\\/geschaft\\\/\"},{\"@type\":\"ListItem\",\"position\":3,\"name\":\"Esschert Design Pflanzenh\u00e4nger dreifach\"}]},{\"@type\":\"WebSite\",\"@id\":\"https:\\\/\\\/trendsandvision.nl\\\/de\\\/#website\",\"url\":\"https:\\\/\\\/trendsandvision.nl\\\/de\\\/\",\"name\":\"Trends &amp; Vision (DE)\",\"description\":\"Der Webshop f\u00fcr Esschert Design Artikel\",\"publisher\":{\"@id\":\"https:\\\/\\\/trendsandvision.nl\\\/de\\\/#organization\"},\"potentialAction\":[{\"@type\":\"SearchAction\",\"target\":{\"@type\":\"EntryPoint\",\"urlTemplate\":\"https:\\\/\\\/trendsandvision.nl\\\/de\\\/?s={search_term_string}\"},\"query-input\":{\"@type\":\"PropertyValueSpecification\",\"valueRequired\":true,\"valueName\":\"search_term_string\"}}],\"inLanguage\":\"de\"},{\"@type\":\"Organization\",\"@id\":\"https:\\\/\\\/trendsandvision.nl\\\/de\\\/#organization\",\"name\":\"Trends &amp; Vision (DE)\",\"url\":\"https:\\\/\\\/trendsandvision.nl\\\/de\\\/\",\"logo\":{\"@type\":\"ImageObject\",\"inLanguage\":\"de\",\"@id\":\"https:\\\/\\\/trendsandvision.nl\\\/de\\\/#\\\/schema\\\/logo\\\/image\\\/\",\"url\":\"https:\\\/\\\/trendsandvision.nl\\\/de\\\/wp-content\\\/uploads\\\/sites\\\/3\\\/2022\\\/04\\\/trends-and-vision-logo.jpg\",\"contentUrl\":\"https:\\\/\\\/trendsandvision.nl\\\/de\\\/wp-content\\\/uploads\\\/sites\\\/3\\\/2022\\\/04\\\/trends-and-vision-logo.jpg\",\"width\":213,\"height\":100,\"caption\":\"Trends &amp; Vision (DE)\"},\"image\":{\"@id\":\"https:\\\/\\\/trendsandvision.nl\\\/de\\\/#\\\/schema\\\/logo\\\/image\\\/\"}}]}<\/script>\n<!-- \/ Yoast SEO Premium plugin. -->","yoast_head_json":{"title":"Esschert Design Pflanzenh\u00e4nger dreifach (PY183 8714982267857)","description":"Esschert Design Pflanzenh\u00e4nger dreifach (PY183 EAN 8714982267857) Zerlegte Konstruktion, L 24,5 x T 22 x H 117 cm, Stahl, Eisen, Gewicht 1.51 kg","robots":{"index":"index","follow":"follow","max-snippet":"max-snippet:-1","max-image-preview":"max-image-preview:large","max-video-preview":"max-video-preview:-1"},"canonical":"https:\/\/trendsandvision.nl\/de\/product\/esschert-design-pflanzenhaenger-dreifach\/","og_locale":"de_DE","og_type":"article","og_title":"Esschert Design Pflanzenh\u00e4nger dreifach","og_description":"Esschert Design Pflanzenh\u00e4nger dreifach (PY183 EAN 8714982267857) Zerlegte Konstruktion, L 24,5 x T 22 x H 117 cm, Stahl, Eisen, Gewicht 1.51 kg","og_url":"https:\/\/trendsandvision.nl\/de\/product\/esschert-design-pflanzenhaenger-dreifach\/","og_site_name":"Trends &amp; Vision (DE)","article_modified_time":"2026-04-07T08:45:50+00:00","og_image":[{"width":800,"height":800,"url":"https:\/\/trendsandvision.nl\/de\/wp-content\/uploads\/sites\/3\/2024\/07\/PY183_01.jpg","type":"image\/jpeg"}],"twitter_card":"summary_large_image","twitter_misc":{"Gesch\u00e4tzte Lesezeit":"1\u00a0Minute"},"schema":{"@context":"https:\/\/schema.org","@graph":[{"@type":"WebPage","@id":"https:\/\/trendsandvision.nl\/de\/product\/esschert-design-pflanzenhaenger-dreifach\/","url":"https:\/\/trendsandvision.nl\/de\/product\/esschert-design-pflanzenhaenger-dreifach\/","name":"Esschert Design Pflanzenh\u00e4nger dreifach (PY183 8714982267857)","isPartOf":{"@id":"https:\/\/trendsandvision.nl\/de\/#website"},"primaryImageOfPage":{"@id":"https:\/\/trendsandvision.nl\/de\/product\/esschert-design-pflanzenhaenger-dreifach\/#primaryimage"},"image":{"@id":"https:\/\/trendsandvision.nl\/de\/product\/esschert-design-pflanzenhaenger-dreifach\/#primaryimage"},"thumbnailUrl":"https:\/\/trendsandvision.nl\/de\/wp-content\/uploads\/sites\/3\/2024\/07\/PY183_01.jpg","datePublished":"2024-07-19T09:00:35+00:00","dateModified":"2026-04-07T08:45:50+00:00","description":"Esschert Design Pflanzenh\u00e4nger dreifach (PY183 EAN 8714982267857) Zerlegte Konstruktion, L 24,5 x T 22 x H 117 cm, Stahl, Eisen, Gewicht 1.51 kg","breadcrumb":{"@id":"https:\/\/trendsandvision.nl\/de\/product\/esschert-design-pflanzenhaenger-dreifach\/#breadcrumb"},"inLanguage":"de","potentialAction":[{"@type":"ReadAction","target":["https:\/\/trendsandvision.nl\/de\/product\/esschert-design-pflanzenhaenger-dreifach\/"]}]},{"@type":"ImageObject","inLanguage":"de","@id":"https:\/\/trendsandvision.nl\/de\/product\/esschert-design-pflanzenhaenger-dreifach\/#primaryimage","url":"https:\/\/trendsandvision.nl\/de\/wp-content\/uploads\/sites\/3\/2024\/07\/PY183_01.jpg","contentUrl":"https:\/\/trendsandvision.nl\/de\/wp-content\/uploads\/sites\/3\/2024\/07\/PY183_01.jpg","width":800,"height":800,"caption":"Trends and Vision Pflanzenh\u00e4nger dreifach (PY183 EAN 8714982267857) Zerlegte Konstruktion, L 24,5 x T 22 x H 117 cm, Stahl, Eisen, Gewicht 1.51 kg"},{"@type":"BreadcrumbList","@id":"https:\/\/trendsandvision.nl\/de\/product\/esschert-design-pflanzenhaenger-dreifach\/#breadcrumb","itemListElement":[{"@type":"ListItem","position":1,"name":"Home","item":"https:\/\/trendsandvision.nl\/de\/"},{"@type":"ListItem","position":2,"name":"Gesch\u00e4ft","item":"https:\/\/trendsandvision.nl\/de\/geschaft\/"},{"@type":"ListItem","position":3,"name":"Esschert Design Pflanzenh\u00e4nger dreifach"}]},{"@type":"WebSite","@id":"https:\/\/trendsandvision.nl\/de\/#website","url":"https:\/\/trendsandvision.nl\/de\/","name":"Trends &amp; Vision (DE)","description":"Der Webshop f\u00fcr Esschert Design Artikel","publisher":{"@id":"https:\/\/trendsandvision.nl\/de\/#organization"},"potentialAction":[{"@type":"SearchAction","target":{"@type":"EntryPoint","urlTemplate":"https:\/\/trendsandvision.nl\/de\/?s={search_term_string}"},"query-input":{"@type":"PropertyValueSpecification","valueRequired":true,"valueName":"search_term_string"}}],"inLanguage":"de"},{"@type":"Organization","@id":"https:\/\/trendsandvision.nl\/de\/#organization","name":"Trends &amp; Vision (DE)","url":"https:\/\/trendsandvision.nl\/de\/","logo":{"@type":"ImageObject","inLanguage":"de","@id":"https:\/\/trendsandvision.nl\/de\/#\/schema\/logo\/image\/","url":"https:\/\/trendsandvision.nl\/de\/wp-content\/uploads\/sites\/3\/2022\/04\/trends-and-vision-logo.jpg","contentUrl":"https:\/\/trendsandvision.nl\/de\/wp-content\/uploads\/sites\/3\/2022\/04\/trends-and-vision-logo.jpg","width":213,"height":100,"caption":"Trends &amp; Vision (DE)"},"image":{"@id":"https:\/\/trendsandvision.nl\/de\/#\/schema\/logo\/image\/"}}]}},"_links":{"self":[{"href":"https:\/\/trendsandvision.nl\/de\/wp-json\/wp\/v2\/product\/12509","targetHints":{"allow":["GET"]}}],"collection":[{"href":"https:\/\/trendsandvision.nl\/de\/wp-json\/wp\/v2\/product"}],"about":[{"href":"https:\/\/trendsandvision.nl\/de\/wp-json\/wp\/v2\/types\/product"}],"wp:featuredmedia":[{"embeddable":true,"href":"https:\/\/trendsandvision.nl\/de\/wp-json\/wp\/v2\/media\/12510"}],"wp:attachment":[{"href":"https:\/\/trendsandvision.nl\/de\/wp-json\/wp\/v2\/media?parent=12509"}],"wp:term":[{"taxonomy":"product_brand","embeddable":true,"href":"https:\/\/trendsandvision.nl\/de\/wp-json\/wp\/v2\/product_brand?post=12509"},{"taxonomy":"product_cat","embeddable":true,"href":"https:\/\/trendsandvision.nl\/de\/wp-json\/wp\/v2\/product_cat?post=12509"},{"taxonomy":"product_tag","embeddable":true,"href":"https:\/\/trendsandvision.nl\/de\/wp-json\/wp\/v2\/product_tag?post=12509"}],"curies":[{"name":"wp","href":"https:\/\/api.w.org\/{rel}","templated":true}]}}