{"id":12499,"date":"2024-07-19T11:00:15","date_gmt":"2024-07-19T09:00:15","guid":{"rendered":"https:\/\/trendsandvision.nl\/de\/product\/esschert-design-gartenseife-in-seifensoeckchen-pc014-8714982240287\/"},"modified":"2026-04-22T15:16:31","modified_gmt":"2026-04-22T13:16:31","slug":"esschert-design-gartenseife-in-seifensoeckchen","status":"publish","type":"product","link":"https:\/\/trendsandvision.nl\/de\/product\/esschert-design-gartenseife-in-seifensoeckchen\/","title":{"rendered":"Esschert Design Gartenseife in Seifens\u00f6ckchen"},"content":{"rendered":"<p>Esschert Design Gartenseife in Seifens\u00f6ckchen.<br \/>\nMit gemahlenen Bimssteinpartikeln zum Abb\u00fcrsten hartn\u00e4ckiger Verschmutzungen. Diese G\u00e4rtnerseife enth\u00e4lt nat\u00fcrliches Pflanzen\u00f6l und hat daher eine gute hautpflegende Wirkung. Das Material hat eine besonders reinigende Wirkung, indem es Bakterien abt\u00f6tet und Schmutz entfernt.<br \/>\nGlycerin verhindert das Austrocknen der Haut.<\/p>\n<p>Artikelname Gartenseife mit Oliven und Mandelk\u00f6rnern im Seifens\u00e4ckchen<br \/>\nKomplett plastikfrei<br \/>\nBeruhigt und pflegt (<strong><a href=\"https:\/\/trendsandvision.nl\/de\/product-tag\/koerperpflege\/\" target=\"_blank\">K\u00f6rperpflege<\/a><\/strong>)<br \/>\nArtikelnummer PC014<br \/>\nBarcode 8714982240287<br \/>\nProduktgruppe(n) Anbau, Hilfsmittel, <strong><a href=\"https:\/\/trendsandvision.nl\/de\/?s=K\u00f6rperpflege&amp;post_type=product&amp;dgwt_wcas=1\">K\u00f6rperpflege<\/a><\/strong><br \/>\nProduktabmessungen in cm L 8 x T 6,5 x H 3,5<br \/>\nNettogewicht 100 Gramm;<br \/>\nZutaten: Nat\u00fcrliches Kokosnuss\u00f6l, Palmkern\u00f6l, Gew\u00fcrze, Bimsstein, Glycerin und Tetranatrium-EDTA (EDTA-4Na).<br \/>\nProduzent <a href=\"https:\/\/www.esschertdesign.com\/shop\/de\/tuinzeep-in-zeepzakje-pc014\" target=\"_blank\">Esschert Design<\/a><\/p>\n<p>Alle unsere artikel f\u00fcr G\u00e4rtner &amp; <strong><a href=\"https:\/\/trendsandvision.nl\/de\/?s=Pers\u00f6nliche+Pflege&amp;post_type=product&amp;dgwt_wcas=1\">pers\u00f6nliche Pflege<\/a><\/strong><\/p>\n","protected":false},"excerpt":{"rendered":"<p>Komplett plastikfrei<br \/>\nBeruhigt und pflegt<br \/>\nSeife it Oliven, Mandelk\u00f6rnern und gemahlenen Bimssteinpartikeln<br \/>\nL 8 x T 6,5 x H 3,5 cm<br \/>\nNettogewicht 100 Gramm<br \/>\nBarcode 8714982240287<\/p>\n","protected":false},"featured_media":12500,"template":"","meta":[],"product_brand":[9597,9598],"product_cat":[503],"product_tag":[6825,6826,7478,6827],"class_list":{"0":"post-12499","1":"product","2":"type-product","3":"status-publish","4":"has-post-thumbnail","6":"product_brand-esschert-design","7":"product_brand-trends-and-vision","8":"product_cat-esscherts-garden","9":"product_tag-gaertnerseife","10":"product_tag-koerperpflege","11":"product_tag-persoenliche-pflege","12":"product_tag-seifensoeckchen","13":"pa_anbieter-esschert-design","14":"pa_ean-code-6677","16":"first","17":"instock","18":"sale","19":"taxable","20":"shipping-taxable","21":"purchasable","22":"product-type-simple","23":"czr-hentry"},"yoast_head":"<!-- This site is optimized with the Yoast SEO Premium plugin v27.4 (Yoast SEO v27.4) - https:\/\/yoast.com\/product\/yoast-seo-premium-wordpress\/ -->\n<title>Esschert Design Gartenseife in Seifens\u00f6ckchen (PC014)<\/title>\n<meta name=\"description\" content=\"Esschert Design Gartenseife in Seifens\u00f6ckchen (PC014 EAN 8714982240287) Beruhigt und pflegt, Mit Oliven und Mandelk\u00f6rnern, L 8 x T 6,5 x H 3,5 cm\" \/>\n<meta name=\"robots\" content=\"index, follow, max-snippet:-1, max-image-preview:large, max-video-preview:-1\" \/>\n<link rel=\"canonical\" href=\"https:\/\/trendsandvision.nl\/de\/product\/esschert-design-gartenseife-in-seifensoeckchen\/\" \/>\n<meta property=\"og:locale\" content=\"de_DE\" \/>\n<meta property=\"og:type\" content=\"article\" \/>\n<meta property=\"og:title\" content=\"Esschert Design Gartenseife in Seifens\u00f6ckchen\" \/>\n<meta property=\"og:description\" content=\"Esschert Design Gartenseife in Seifens\u00f6ckchen (PC014 EAN 8714982240287) Beruhigt und pflegt, Mit Oliven und Mandelk\u00f6rnern, L 8 x T 6,5 x H 3,5 cm\" \/>\n<meta property=\"og:url\" content=\"https:\/\/trendsandvision.nl\/de\/product\/esschert-design-gartenseife-in-seifensoeckchen\/\" \/>\n<meta property=\"og:site_name\" content=\"Trends &amp; Vision (DE)\" \/>\n<meta property=\"article:modified_time\" content=\"2026-04-22T13:16:31+00:00\" \/>\n<meta property=\"og:image\" content=\"https:\/\/trendsandvision.nl\/de\/wp-content\/uploads\/sites\/3\/2024\/07\/PC014_01.jpg\" \/>\n\t<meta property=\"og:image:width\" content=\"800\" \/>\n\t<meta property=\"og:image:height\" content=\"800\" \/>\n\t<meta property=\"og:image:type\" content=\"image\/jpeg\" \/>\n<meta name=\"twitter:card\" content=\"summary_large_image\" \/>\n<meta name=\"twitter:label1\" content=\"Gesch\u00e4tzte Lesezeit\" \/>\n\t<meta name=\"twitter:data1\" content=\"1\u00a0Minute\" \/>\n<script type=\"application\/ld+json\" class=\"yoast-schema-graph\">{\"@context\":\"https:\\\/\\\/schema.org\",\"@graph\":[{\"@type\":\"WebPage\",\"@id\":\"https:\\\/\\\/trendsandvision.nl\\\/de\\\/product\\\/esschert-design-gartenseife-in-seifensoeckchen\\\/\",\"url\":\"https:\\\/\\\/trendsandvision.nl\\\/de\\\/product\\\/esschert-design-gartenseife-in-seifensoeckchen\\\/\",\"name\":\"Esschert Design Gartenseife in Seifens\u00f6ckchen (PC014)\",\"isPartOf\":{\"@id\":\"https:\\\/\\\/trendsandvision.nl\\\/de\\\/#website\"},\"primaryImageOfPage\":{\"@id\":\"https:\\\/\\\/trendsandvision.nl\\\/de\\\/product\\\/esschert-design-gartenseife-in-seifensoeckchen\\\/#primaryimage\"},\"image\":{\"@id\":\"https:\\\/\\\/trendsandvision.nl\\\/de\\\/product\\\/esschert-design-gartenseife-in-seifensoeckchen\\\/#primaryimage\"},\"thumbnailUrl\":\"https:\\\/\\\/trendsandvision.nl\\\/de\\\/wp-content\\\/uploads\\\/sites\\\/3\\\/2024\\\/07\\\/PC014_01.jpg\",\"datePublished\":\"2024-07-19T09:00:15+00:00\",\"dateModified\":\"2026-04-22T13:16:31+00:00\",\"description\":\"Esschert Design Gartenseife in Seifens\u00f6ckchen (PC014 EAN 8714982240287) Beruhigt und pflegt, Mit Oliven und Mandelk\u00f6rnern, L 8 x T 6,5 x H 3,5 cm\",\"breadcrumb\":{\"@id\":\"https:\\\/\\\/trendsandvision.nl\\\/de\\\/product\\\/esschert-design-gartenseife-in-seifensoeckchen\\\/#breadcrumb\"},\"inLanguage\":\"de\",\"potentialAction\":[{\"@type\":\"ReadAction\",\"target\":[\"https:\\\/\\\/trendsandvision.nl\\\/de\\\/product\\\/esschert-design-gartenseife-in-seifensoeckchen\\\/\"]}]},{\"@type\":\"ImageObject\",\"inLanguage\":\"de\",\"@id\":\"https:\\\/\\\/trendsandvision.nl\\\/de\\\/product\\\/esschert-design-gartenseife-in-seifensoeckchen\\\/#primaryimage\",\"url\":\"https:\\\/\\\/trendsandvision.nl\\\/de\\\/wp-content\\\/uploads\\\/sites\\\/3\\\/2024\\\/07\\\/PC014_01.jpg\",\"contentUrl\":\"https:\\\/\\\/trendsandvision.nl\\\/de\\\/wp-content\\\/uploads\\\/sites\\\/3\\\/2024\\\/07\\\/PC014_01.jpg\",\"width\":800,\"height\":800,\"caption\":\"Trends and Vision Gartenseife in Seifens\u00f6ckchen (PC014 EAN 8714982240287) Beruhigt und pflegt, Mit Oliven und Mandelk\u00f6rnern, L 8 x T 6,5 x H 3,5 cm\"},{\"@type\":\"BreadcrumbList\",\"@id\":\"https:\\\/\\\/trendsandvision.nl\\\/de\\\/product\\\/esschert-design-gartenseife-in-seifensoeckchen\\\/#breadcrumb\",\"itemListElement\":[{\"@type\":\"ListItem\",\"position\":1,\"name\":\"Home\",\"item\":\"https:\\\/\\\/trendsandvision.nl\\\/de\\\/\"},{\"@type\":\"ListItem\",\"position\":2,\"name\":\"Gesch\u00e4ft\",\"item\":\"https:\\\/\\\/trendsandvision.nl\\\/de\\\/geschaft\\\/\"},{\"@type\":\"ListItem\",\"position\":3,\"name\":\"Esschert Design Gartenseife in Seifens\u00f6ckchen\"}]},{\"@type\":\"WebSite\",\"@id\":\"https:\\\/\\\/trendsandvision.nl\\\/de\\\/#website\",\"url\":\"https:\\\/\\\/trendsandvision.nl\\\/de\\\/\",\"name\":\"Trends &amp; Vision (DE)\",\"description\":\"Der Webshop f\u00fcr Esschert Design Artikel\",\"publisher\":{\"@id\":\"https:\\\/\\\/trendsandvision.nl\\\/de\\\/#organization\"},\"potentialAction\":[{\"@type\":\"SearchAction\",\"target\":{\"@type\":\"EntryPoint\",\"urlTemplate\":\"https:\\\/\\\/trendsandvision.nl\\\/de\\\/?s={search_term_string}\"},\"query-input\":{\"@type\":\"PropertyValueSpecification\",\"valueRequired\":true,\"valueName\":\"search_term_string\"}}],\"inLanguage\":\"de\"},{\"@type\":\"Organization\",\"@id\":\"https:\\\/\\\/trendsandvision.nl\\\/de\\\/#organization\",\"name\":\"Trends &amp; Vision (DE)\",\"url\":\"https:\\\/\\\/trendsandvision.nl\\\/de\\\/\",\"logo\":{\"@type\":\"ImageObject\",\"inLanguage\":\"de\",\"@id\":\"https:\\\/\\\/trendsandvision.nl\\\/de\\\/#\\\/schema\\\/logo\\\/image\\\/\",\"url\":\"https:\\\/\\\/trendsandvision.nl\\\/de\\\/wp-content\\\/uploads\\\/sites\\\/3\\\/2022\\\/04\\\/trends-and-vision-logo.jpg\",\"contentUrl\":\"https:\\\/\\\/trendsandvision.nl\\\/de\\\/wp-content\\\/uploads\\\/sites\\\/3\\\/2022\\\/04\\\/trends-and-vision-logo.jpg\",\"width\":213,\"height\":100,\"caption\":\"Trends &amp; Vision (DE)\"},\"image\":{\"@id\":\"https:\\\/\\\/trendsandvision.nl\\\/de\\\/#\\\/schema\\\/logo\\\/image\\\/\"}}]}<\/script>\n<!-- \/ Yoast SEO Premium plugin. -->","yoast_head_json":{"title":"Esschert Design Gartenseife in Seifens\u00f6ckchen (PC014)","description":"Esschert Design Gartenseife in Seifens\u00f6ckchen (PC014 EAN 8714982240287) Beruhigt und pflegt, Mit Oliven und Mandelk\u00f6rnern, L 8 x T 6,5 x H 3,5 cm","robots":{"index":"index","follow":"follow","max-snippet":"max-snippet:-1","max-image-preview":"max-image-preview:large","max-video-preview":"max-video-preview:-1"},"canonical":"https:\/\/trendsandvision.nl\/de\/product\/esschert-design-gartenseife-in-seifensoeckchen\/","og_locale":"de_DE","og_type":"article","og_title":"Esschert Design Gartenseife in Seifens\u00f6ckchen","og_description":"Esschert Design Gartenseife in Seifens\u00f6ckchen (PC014 EAN 8714982240287) Beruhigt und pflegt, Mit Oliven und Mandelk\u00f6rnern, L 8 x T 6,5 x H 3,5 cm","og_url":"https:\/\/trendsandvision.nl\/de\/product\/esschert-design-gartenseife-in-seifensoeckchen\/","og_site_name":"Trends &amp; Vision (DE)","article_modified_time":"2026-04-22T13:16:31+00:00","og_image":[{"width":800,"height":800,"url":"https:\/\/trendsandvision.nl\/de\/wp-content\/uploads\/sites\/3\/2024\/07\/PC014_01.jpg","type":"image\/jpeg"}],"twitter_card":"summary_large_image","twitter_misc":{"Gesch\u00e4tzte Lesezeit":"1\u00a0Minute"},"schema":{"@context":"https:\/\/schema.org","@graph":[{"@type":"WebPage","@id":"https:\/\/trendsandvision.nl\/de\/product\/esschert-design-gartenseife-in-seifensoeckchen\/","url":"https:\/\/trendsandvision.nl\/de\/product\/esschert-design-gartenseife-in-seifensoeckchen\/","name":"Esschert Design Gartenseife in Seifens\u00f6ckchen (PC014)","isPartOf":{"@id":"https:\/\/trendsandvision.nl\/de\/#website"},"primaryImageOfPage":{"@id":"https:\/\/trendsandvision.nl\/de\/product\/esschert-design-gartenseife-in-seifensoeckchen\/#primaryimage"},"image":{"@id":"https:\/\/trendsandvision.nl\/de\/product\/esschert-design-gartenseife-in-seifensoeckchen\/#primaryimage"},"thumbnailUrl":"https:\/\/trendsandvision.nl\/de\/wp-content\/uploads\/sites\/3\/2024\/07\/PC014_01.jpg","datePublished":"2024-07-19T09:00:15+00:00","dateModified":"2026-04-22T13:16:31+00:00","description":"Esschert Design Gartenseife in Seifens\u00f6ckchen (PC014 EAN 8714982240287) Beruhigt und pflegt, Mit Oliven und Mandelk\u00f6rnern, L 8 x T 6,5 x H 3,5 cm","breadcrumb":{"@id":"https:\/\/trendsandvision.nl\/de\/product\/esschert-design-gartenseife-in-seifensoeckchen\/#breadcrumb"},"inLanguage":"de","potentialAction":[{"@type":"ReadAction","target":["https:\/\/trendsandvision.nl\/de\/product\/esschert-design-gartenseife-in-seifensoeckchen\/"]}]},{"@type":"ImageObject","inLanguage":"de","@id":"https:\/\/trendsandvision.nl\/de\/product\/esschert-design-gartenseife-in-seifensoeckchen\/#primaryimage","url":"https:\/\/trendsandvision.nl\/de\/wp-content\/uploads\/sites\/3\/2024\/07\/PC014_01.jpg","contentUrl":"https:\/\/trendsandvision.nl\/de\/wp-content\/uploads\/sites\/3\/2024\/07\/PC014_01.jpg","width":800,"height":800,"caption":"Trends and Vision Gartenseife in Seifens\u00f6ckchen (PC014 EAN 8714982240287) Beruhigt und pflegt, Mit Oliven und Mandelk\u00f6rnern, L 8 x T 6,5 x H 3,5 cm"},{"@type":"BreadcrumbList","@id":"https:\/\/trendsandvision.nl\/de\/product\/esschert-design-gartenseife-in-seifensoeckchen\/#breadcrumb","itemListElement":[{"@type":"ListItem","position":1,"name":"Home","item":"https:\/\/trendsandvision.nl\/de\/"},{"@type":"ListItem","position":2,"name":"Gesch\u00e4ft","item":"https:\/\/trendsandvision.nl\/de\/geschaft\/"},{"@type":"ListItem","position":3,"name":"Esschert Design Gartenseife in Seifens\u00f6ckchen"}]},{"@type":"WebSite","@id":"https:\/\/trendsandvision.nl\/de\/#website","url":"https:\/\/trendsandvision.nl\/de\/","name":"Trends &amp; Vision (DE)","description":"Der Webshop f\u00fcr Esschert Design Artikel","publisher":{"@id":"https:\/\/trendsandvision.nl\/de\/#organization"},"potentialAction":[{"@type":"SearchAction","target":{"@type":"EntryPoint","urlTemplate":"https:\/\/trendsandvision.nl\/de\/?s={search_term_string}"},"query-input":{"@type":"PropertyValueSpecification","valueRequired":true,"valueName":"search_term_string"}}],"inLanguage":"de"},{"@type":"Organization","@id":"https:\/\/trendsandvision.nl\/de\/#organization","name":"Trends &amp; Vision (DE)","url":"https:\/\/trendsandvision.nl\/de\/","logo":{"@type":"ImageObject","inLanguage":"de","@id":"https:\/\/trendsandvision.nl\/de\/#\/schema\/logo\/image\/","url":"https:\/\/trendsandvision.nl\/de\/wp-content\/uploads\/sites\/3\/2022\/04\/trends-and-vision-logo.jpg","contentUrl":"https:\/\/trendsandvision.nl\/de\/wp-content\/uploads\/sites\/3\/2022\/04\/trends-and-vision-logo.jpg","width":213,"height":100,"caption":"Trends &amp; Vision (DE)"},"image":{"@id":"https:\/\/trendsandvision.nl\/de\/#\/schema\/logo\/image\/"}}]}},"_links":{"self":[{"href":"https:\/\/trendsandvision.nl\/de\/wp-json\/wp\/v2\/product\/12499","targetHints":{"allow":["GET"]}}],"collection":[{"href":"https:\/\/trendsandvision.nl\/de\/wp-json\/wp\/v2\/product"}],"about":[{"href":"https:\/\/trendsandvision.nl\/de\/wp-json\/wp\/v2\/types\/product"}],"wp:featuredmedia":[{"embeddable":true,"href":"https:\/\/trendsandvision.nl\/de\/wp-json\/wp\/v2\/media\/12500"}],"wp:attachment":[{"href":"https:\/\/trendsandvision.nl\/de\/wp-json\/wp\/v2\/media?parent=12499"}],"wp:term":[{"taxonomy":"product_brand","embeddable":true,"href":"https:\/\/trendsandvision.nl\/de\/wp-json\/wp\/v2\/product_brand?post=12499"},{"taxonomy":"product_cat","embeddable":true,"href":"https:\/\/trendsandvision.nl\/de\/wp-json\/wp\/v2\/product_cat?post=12499"},{"taxonomy":"product_tag","embeddable":true,"href":"https:\/\/trendsandvision.nl\/de\/wp-json\/wp\/v2\/product_tag?post=12499"}],"curies":[{"name":"wp","href":"https:\/\/api.w.org\/{rel}","templated":true}]}}