{"id":12481,"date":"2024-07-19T10:59:44","date_gmt":"2024-07-19T08:59:44","guid":{"rendered":"https:\/\/trendsandvision.nl\/de\/product\/esschert-design-nistkasten-schwarz-kupfer-zaunkoenig-nk115-8714982269820\/"},"modified":"2026-04-22T15:14:42","modified_gmt":"2026-04-22T13:14:42","slug":"esschert-design-nistkasten-schwarz-kupfer-zaunkoenig","status":"publish","type":"product","link":"https:\/\/trendsandvision.nl\/de\/product\/esschert-design-nistkasten-schwarz-kupfer-zaunkoenig\/","title":{"rendered":"Esschert Design Nistkasten schwarz Kupfer Zaunk\u00f6nig"},"content":{"rendered":"<p>Esschert Design Nistkasten schwarz Kupfer Zaunk\u00f6nig.<br \/>\nBietet dem Zaunk\u00f6nig einen guten Nistplatz f\u00fcr den Winter. Der Nistkasten ist besonders n\u00fctzlich, wenn der Zaunk\u00f6nig nach einem gesch\u00fctzten Unterschlupf sucht. Bringen Sie den Kasten an einem Baum oder einer Wand in maximal einem Meter H\u00f6he an. Platzieren Sie ihn gut verborgen zwischen Str\u00e4uchern. Nicht in direktes Sonnenlicht oder auf die wetterzugewandte Seite, aber mit freier Anflugroute f\u00fcr den Vogel.<br \/>\nNeben dem Zaunk\u00f6nig erwarten Sie in diesem Bienenstock auch der Kohlkopf sowie die Blaumeise, der Feldsperling und der Trauerschn\u00e4pper. Im Winter dient der Kasten den V\u00f6geln oft als Schutz vor der rauen Witterung.<\/p>\n<p>Artikelnummer NK115<br \/>\nBarcode 8714982269820<br \/>\nProduktgruppe(n) V\u00f6gel &amp; Gartentiere, Nistk\u00e4sten und Vogelh\u00e4uschen, Zaunk\u00f6nig<br \/>\nProduktabmessungen in cm L 14,1 x T 11 x H 19,9<br \/>\nMaterial: FSC\u00ae 100 %Fichtenholz, Kupfer<br \/>\nNettogewicht 0,516 kg<br \/>\nProduzent <a href=\"https:\/\/www.esschertdesign.com\/shop\/de\/nestkast-zwart-koper-winterkoning-nk115\" target=\"_blank\">Esschert Design<\/a><\/p>\n","protected":false},"excerpt":{"rendered":"<p>&#8211; Schl\u00fcsselloch\u00f6ffnung<br \/>\n\u2013 T\u00fcr an der Seite<br \/>\n\u2013 Einflugloch mit einem Durchmesser von 30 mm<br \/>\n&#8211; L 14,1 x T 11 x H 19,9 cm<br \/>\n&#8211; FSC\u00ae 100 % Fichtenholz, Kupfer<br \/>\n&#8211; Gewicht 0,516 kg<br \/>\n&#8211; EAN 8714982269820<\/p>\n","protected":false},"featured_media":12482,"template":"","meta":[],"product_brand":[9597,9598],"product_cat":[1315],"product_tag":[6829,6828,6830,9786],"class_list":{"0":"post-12481","1":"product","2":"type-product","3":"status-publish","4":"has-post-thumbnail","6":"product_brand-esschert-design","7":"product_brand-trends-and-vision","8":"product_cat-best-for-birds","9":"product_tag-fsc","10":"product_tag-nistkasten","11":"product_tag-vogelhaeuschen","12":"product_tag-zaunkoenige","13":"pa_anbieter-esschert-design","14":"pa_ean-code-6674","16":"first","17":"instock","18":"sale","19":"taxable","20":"shipping-taxable","21":"purchasable","22":"product-type-simple","23":"czr-hentry"},"yoast_head":"<!-- This site is optimized with the Yoast SEO Premium plugin v27.4 (Yoast SEO v27.5) - https:\/\/yoast.com\/product\/yoast-seo-premium-wordpress\/ -->\n<title>Esschert Design Nistkasten schwarz Kupfer Zaunk\u00f6nig (NK115)<\/title>\n<meta name=\"description\" content=\"Esschert Design Nistkasten schwarz Kupfer Zaunk\u00f6nig (NK115 EAN 8714982269820) - L 14,1 x T 11 x H 19,9 cm- FSC\u00ae 100 % Fichtenholz, Kupfer- 0,52 kg\" \/>\n<meta name=\"robots\" content=\"index, follow, max-snippet:-1, max-image-preview:large, max-video-preview:-1\" \/>\n<link rel=\"canonical\" href=\"https:\/\/trendsandvision.nl\/de\/product\/esschert-design-nistkasten-schwarz-kupfer-zaunkoenig\/\" \/>\n<meta property=\"og:locale\" content=\"de_DE\" \/>\n<meta property=\"og:type\" content=\"article\" \/>\n<meta property=\"og:title\" content=\"Esschert Design Nistkasten schwarz Kupfer Zaunk\u00f6nig\" \/>\n<meta property=\"og:description\" content=\"Esschert Design Nistkasten schwarz Kupfer Zaunk\u00f6nig (NK115 EAN 8714982269820) - L 14,1 x T 11 x H 19,9 cm- FSC\u00ae 100 % Fichtenholz, Kupfer- 0,52 kg\" \/>\n<meta property=\"og:url\" content=\"https:\/\/trendsandvision.nl\/de\/product\/esschert-design-nistkasten-schwarz-kupfer-zaunkoenig\/\" \/>\n<meta property=\"og:site_name\" content=\"Trends &amp; Vision (DE)\" \/>\n<meta property=\"article:modified_time\" content=\"2026-04-22T13:14:42+00:00\" \/>\n<meta property=\"og:image\" content=\"https:\/\/trendsandvision.nl\/de\/wp-content\/uploads\/sites\/3\/2024\/07\/NK115_01.jpg\" \/>\n\t<meta property=\"og:image:width\" content=\"800\" \/>\n\t<meta property=\"og:image:height\" content=\"800\" \/>\n\t<meta property=\"og:image:type\" content=\"image\/jpeg\" \/>\n<meta name=\"twitter:card\" content=\"summary_large_image\" \/>\n<meta name=\"twitter:label1\" content=\"Gesch\u00e4tzte Lesezeit\" \/>\n\t<meta name=\"twitter:data1\" content=\"1\u00a0Minute\" \/>\n<script type=\"application\/ld+json\" class=\"yoast-schema-graph\">{\"@context\":\"https:\\\/\\\/schema.org\",\"@graph\":[{\"@type\":\"WebPage\",\"@id\":\"https:\\\/\\\/trendsandvision.nl\\\/de\\\/product\\\/esschert-design-nistkasten-schwarz-kupfer-zaunkoenig\\\/\",\"url\":\"https:\\\/\\\/trendsandvision.nl\\\/de\\\/product\\\/esschert-design-nistkasten-schwarz-kupfer-zaunkoenig\\\/\",\"name\":\"Esschert Design Nistkasten schwarz Kupfer Zaunk\u00f6nig (NK115)\",\"isPartOf\":{\"@id\":\"https:\\\/\\\/trendsandvision.nl\\\/de\\\/#website\"},\"primaryImageOfPage\":{\"@id\":\"https:\\\/\\\/trendsandvision.nl\\\/de\\\/product\\\/esschert-design-nistkasten-schwarz-kupfer-zaunkoenig\\\/#primaryimage\"},\"image\":{\"@id\":\"https:\\\/\\\/trendsandvision.nl\\\/de\\\/product\\\/esschert-design-nistkasten-schwarz-kupfer-zaunkoenig\\\/#primaryimage\"},\"thumbnailUrl\":\"https:\\\/\\\/trendsandvision.nl\\\/de\\\/wp-content\\\/uploads\\\/sites\\\/3\\\/2024\\\/07\\\/NK115_01.jpg\",\"datePublished\":\"2024-07-19T08:59:44+00:00\",\"dateModified\":\"2026-04-22T13:14:42+00:00\",\"description\":\"Esschert Design Nistkasten schwarz Kupfer Zaunk\u00f6nig (NK115 EAN 8714982269820) - L 14,1 x T 11 x H 19,9 cm- FSC\u00ae 100 % Fichtenholz, Kupfer- 0,52 kg\",\"breadcrumb\":{\"@id\":\"https:\\\/\\\/trendsandvision.nl\\\/de\\\/product\\\/esschert-design-nistkasten-schwarz-kupfer-zaunkoenig\\\/#breadcrumb\"},\"inLanguage\":\"de\",\"potentialAction\":[{\"@type\":\"ReadAction\",\"target\":[\"https:\\\/\\\/trendsandvision.nl\\\/de\\\/product\\\/esschert-design-nistkasten-schwarz-kupfer-zaunkoenig\\\/\"]}]},{\"@type\":\"ImageObject\",\"inLanguage\":\"de\",\"@id\":\"https:\\\/\\\/trendsandvision.nl\\\/de\\\/product\\\/esschert-design-nistkasten-schwarz-kupfer-zaunkoenig\\\/#primaryimage\",\"url\":\"https:\\\/\\\/trendsandvision.nl\\\/de\\\/wp-content\\\/uploads\\\/sites\\\/3\\\/2024\\\/07\\\/NK115_01.jpg\",\"contentUrl\":\"https:\\\/\\\/trendsandvision.nl\\\/de\\\/wp-content\\\/uploads\\\/sites\\\/3\\\/2024\\\/07\\\/NK115_01.jpg\",\"width\":800,\"height\":800,\"caption\":\"Trends and Vision Nistkasten schwarz Kupfer Zaunk\u00f6nig (NK115 EAN 8714982269820) - L 14,1 x T 11 x H 19,9 cm- FSC\u00ae 100 % Fichtenholz, Kupfer- 0,52 kg\"},{\"@type\":\"BreadcrumbList\",\"@id\":\"https:\\\/\\\/trendsandvision.nl\\\/de\\\/product\\\/esschert-design-nistkasten-schwarz-kupfer-zaunkoenig\\\/#breadcrumb\",\"itemListElement\":[{\"@type\":\"ListItem\",\"position\":1,\"name\":\"Home\",\"item\":\"https:\\\/\\\/trendsandvision.nl\\\/de\\\/\"},{\"@type\":\"ListItem\",\"position\":2,\"name\":\"Gesch\u00e4ft\",\"item\":\"https:\\\/\\\/trendsandvision.nl\\\/de\\\/geschaft\\\/\"},{\"@type\":\"ListItem\",\"position\":3,\"name\":\"Esschert Design Nistkasten schwarz Kupfer Zaunk\u00f6nig\"}]},{\"@type\":\"WebSite\",\"@id\":\"https:\\\/\\\/trendsandvision.nl\\\/de\\\/#website\",\"url\":\"https:\\\/\\\/trendsandvision.nl\\\/de\\\/\",\"name\":\"Trends &amp; Vision (DE)\",\"description\":\"Der Webshop f\u00fcr Esschert Design Artikel\",\"publisher\":{\"@id\":\"https:\\\/\\\/trendsandvision.nl\\\/de\\\/#organization\"},\"potentialAction\":[{\"@type\":\"SearchAction\",\"target\":{\"@type\":\"EntryPoint\",\"urlTemplate\":\"https:\\\/\\\/trendsandvision.nl\\\/de\\\/?s={search_term_string}\"},\"query-input\":{\"@type\":\"PropertyValueSpecification\",\"valueRequired\":true,\"valueName\":\"search_term_string\"}}],\"inLanguage\":\"de\"},{\"@type\":\"Organization\",\"@id\":\"https:\\\/\\\/trendsandvision.nl\\\/de\\\/#organization\",\"name\":\"Trends &amp; Vision (DE)\",\"url\":\"https:\\\/\\\/trendsandvision.nl\\\/de\\\/\",\"logo\":{\"@type\":\"ImageObject\",\"inLanguage\":\"de\",\"@id\":\"https:\\\/\\\/trendsandvision.nl\\\/de\\\/#\\\/schema\\\/logo\\\/image\\\/\",\"url\":\"https:\\\/\\\/trendsandvision.nl\\\/de\\\/wp-content\\\/uploads\\\/sites\\\/3\\\/2022\\\/04\\\/trends-and-vision-logo.jpg\",\"contentUrl\":\"https:\\\/\\\/trendsandvision.nl\\\/de\\\/wp-content\\\/uploads\\\/sites\\\/3\\\/2022\\\/04\\\/trends-and-vision-logo.jpg\",\"width\":213,\"height\":100,\"caption\":\"Trends &amp; Vision (DE)\"},\"image\":{\"@id\":\"https:\\\/\\\/trendsandvision.nl\\\/de\\\/#\\\/schema\\\/logo\\\/image\\\/\"}}]}<\/script>\n<!-- \/ Yoast SEO Premium plugin. -->","yoast_head_json":{"title":"Esschert Design Nistkasten schwarz Kupfer Zaunk\u00f6nig (NK115)","description":"Esschert Design Nistkasten schwarz Kupfer Zaunk\u00f6nig (NK115 EAN 8714982269820) - L 14,1 x T 11 x H 19,9 cm- FSC\u00ae 100 % Fichtenholz, Kupfer- 0,52 kg","robots":{"index":"index","follow":"follow","max-snippet":"max-snippet:-1","max-image-preview":"max-image-preview:large","max-video-preview":"max-video-preview:-1"},"canonical":"https:\/\/trendsandvision.nl\/de\/product\/esschert-design-nistkasten-schwarz-kupfer-zaunkoenig\/","og_locale":"de_DE","og_type":"article","og_title":"Esschert Design Nistkasten schwarz Kupfer Zaunk\u00f6nig","og_description":"Esschert Design Nistkasten schwarz Kupfer Zaunk\u00f6nig (NK115 EAN 8714982269820) - L 14,1 x T 11 x H 19,9 cm- FSC\u00ae 100 % Fichtenholz, Kupfer- 0,52 kg","og_url":"https:\/\/trendsandvision.nl\/de\/product\/esschert-design-nistkasten-schwarz-kupfer-zaunkoenig\/","og_site_name":"Trends &amp; Vision (DE)","article_modified_time":"2026-04-22T13:14:42+00:00","og_image":[{"width":800,"height":800,"url":"https:\/\/trendsandvision.nl\/de\/wp-content\/uploads\/sites\/3\/2024\/07\/NK115_01.jpg","type":"image\/jpeg"}],"twitter_card":"summary_large_image","twitter_misc":{"Gesch\u00e4tzte Lesezeit":"1\u00a0Minute"},"schema":{"@context":"https:\/\/schema.org","@graph":[{"@type":"WebPage","@id":"https:\/\/trendsandvision.nl\/de\/product\/esschert-design-nistkasten-schwarz-kupfer-zaunkoenig\/","url":"https:\/\/trendsandvision.nl\/de\/product\/esschert-design-nistkasten-schwarz-kupfer-zaunkoenig\/","name":"Esschert Design Nistkasten schwarz Kupfer Zaunk\u00f6nig (NK115)","isPartOf":{"@id":"https:\/\/trendsandvision.nl\/de\/#website"},"primaryImageOfPage":{"@id":"https:\/\/trendsandvision.nl\/de\/product\/esschert-design-nistkasten-schwarz-kupfer-zaunkoenig\/#primaryimage"},"image":{"@id":"https:\/\/trendsandvision.nl\/de\/product\/esschert-design-nistkasten-schwarz-kupfer-zaunkoenig\/#primaryimage"},"thumbnailUrl":"https:\/\/trendsandvision.nl\/de\/wp-content\/uploads\/sites\/3\/2024\/07\/NK115_01.jpg","datePublished":"2024-07-19T08:59:44+00:00","dateModified":"2026-04-22T13:14:42+00:00","description":"Esschert Design Nistkasten schwarz Kupfer Zaunk\u00f6nig (NK115 EAN 8714982269820) - L 14,1 x T 11 x H 19,9 cm- FSC\u00ae 100 % Fichtenholz, Kupfer- 0,52 kg","breadcrumb":{"@id":"https:\/\/trendsandvision.nl\/de\/product\/esschert-design-nistkasten-schwarz-kupfer-zaunkoenig\/#breadcrumb"},"inLanguage":"de","potentialAction":[{"@type":"ReadAction","target":["https:\/\/trendsandvision.nl\/de\/product\/esschert-design-nistkasten-schwarz-kupfer-zaunkoenig\/"]}]},{"@type":"ImageObject","inLanguage":"de","@id":"https:\/\/trendsandvision.nl\/de\/product\/esschert-design-nistkasten-schwarz-kupfer-zaunkoenig\/#primaryimage","url":"https:\/\/trendsandvision.nl\/de\/wp-content\/uploads\/sites\/3\/2024\/07\/NK115_01.jpg","contentUrl":"https:\/\/trendsandvision.nl\/de\/wp-content\/uploads\/sites\/3\/2024\/07\/NK115_01.jpg","width":800,"height":800,"caption":"Trends and Vision Nistkasten schwarz Kupfer Zaunk\u00f6nig (NK115 EAN 8714982269820) - L 14,1 x T 11 x H 19,9 cm- FSC\u00ae 100 % Fichtenholz, Kupfer- 0,52 kg"},{"@type":"BreadcrumbList","@id":"https:\/\/trendsandvision.nl\/de\/product\/esschert-design-nistkasten-schwarz-kupfer-zaunkoenig\/#breadcrumb","itemListElement":[{"@type":"ListItem","position":1,"name":"Home","item":"https:\/\/trendsandvision.nl\/de\/"},{"@type":"ListItem","position":2,"name":"Gesch\u00e4ft","item":"https:\/\/trendsandvision.nl\/de\/geschaft\/"},{"@type":"ListItem","position":3,"name":"Esschert Design Nistkasten schwarz Kupfer Zaunk\u00f6nig"}]},{"@type":"WebSite","@id":"https:\/\/trendsandvision.nl\/de\/#website","url":"https:\/\/trendsandvision.nl\/de\/","name":"Trends &amp; Vision (DE)","description":"Der Webshop f\u00fcr Esschert Design Artikel","publisher":{"@id":"https:\/\/trendsandvision.nl\/de\/#organization"},"potentialAction":[{"@type":"SearchAction","target":{"@type":"EntryPoint","urlTemplate":"https:\/\/trendsandvision.nl\/de\/?s={search_term_string}"},"query-input":{"@type":"PropertyValueSpecification","valueRequired":true,"valueName":"search_term_string"}}],"inLanguage":"de"},{"@type":"Organization","@id":"https:\/\/trendsandvision.nl\/de\/#organization","name":"Trends &amp; Vision (DE)","url":"https:\/\/trendsandvision.nl\/de\/","logo":{"@type":"ImageObject","inLanguage":"de","@id":"https:\/\/trendsandvision.nl\/de\/#\/schema\/logo\/image\/","url":"https:\/\/trendsandvision.nl\/de\/wp-content\/uploads\/sites\/3\/2022\/04\/trends-and-vision-logo.jpg","contentUrl":"https:\/\/trendsandvision.nl\/de\/wp-content\/uploads\/sites\/3\/2022\/04\/trends-and-vision-logo.jpg","width":213,"height":100,"caption":"Trends &amp; Vision (DE)"},"image":{"@id":"https:\/\/trendsandvision.nl\/de\/#\/schema\/logo\/image\/"}}]}},"_links":{"self":[{"href":"https:\/\/trendsandvision.nl\/de\/wp-json\/wp\/v2\/product\/12481","targetHints":{"allow":["GET"]}}],"collection":[{"href":"https:\/\/trendsandvision.nl\/de\/wp-json\/wp\/v2\/product"}],"about":[{"href":"https:\/\/trendsandvision.nl\/de\/wp-json\/wp\/v2\/types\/product"}],"wp:featuredmedia":[{"embeddable":true,"href":"https:\/\/trendsandvision.nl\/de\/wp-json\/wp\/v2\/media\/12482"}],"wp:attachment":[{"href":"https:\/\/trendsandvision.nl\/de\/wp-json\/wp\/v2\/media?parent=12481"}],"wp:term":[{"taxonomy":"product_brand","embeddable":true,"href":"https:\/\/trendsandvision.nl\/de\/wp-json\/wp\/v2\/product_brand?post=12481"},{"taxonomy":"product_cat","embeddable":true,"href":"https:\/\/trendsandvision.nl\/de\/wp-json\/wp\/v2\/product_cat?post=12481"},{"taxonomy":"product_tag","embeddable":true,"href":"https:\/\/trendsandvision.nl\/de\/wp-json\/wp\/v2\/product_tag?post=12481"}],"curies":[{"name":"wp","href":"https:\/\/api.w.org\/{rel}","templated":true}]}}