{"id":12464,"date":"2024-07-19T10:59:16","date_gmt":"2024-07-19T08:59:16","guid":{"rendered":"https:\/\/trendsandvision.nl\/de\/product\/esschert-design-tuerkeil-kuh-lh333-8714982268427\/"},"modified":"2026-04-22T15:12:54","modified_gmt":"2026-04-22T13:12:54","slug":"esschert-design-tuerkeil-kuh","status":"publish","type":"product","link":"https:\/\/trendsandvision.nl\/de\/product\/esschert-design-tuerkeil-kuh\/","title":{"rendered":"Esschert Design T\u00fcrkeil  Kuh"},"content":{"rendered":"<p>Dekorativer T\u00fcrkeil mit Kuh. Antikes Rostbraun.<br \/>\nT\u00fcrkeil aus Gusseisen mit klassischem Design. Nie wieder zuschlagende T\u00fcren. Die keilf\u00f6rmige Konstruktion sorgt f\u00fcr einen sicheren Halt unter jeder T\u00fcr. Dieser dekorative T\u00fcrstopper aus Gusseisen wird von Hand nach alter Tradition und Handwerkskunst gegossen.<\/p>\n<p>Schluss mit zuschlagenden T\u00fcren dank dieses T\u00fcrkeils aus Gusseisen mit dekorativer Kuh. Aufgrund seiner konischen Form klemmt der Keil unter einer T\u00fcr.<br \/>\nW\u00e4hlen? Das ist m\u00f6glich, es gibt genug <strong><a href=\"https:\/\/trendsandvision.nl\/de\/?s=T\u00fcrkeil&amp;post_type=product&amp;dgwt_wcas=1\">Auswahl<\/a><\/strong><\/p>\n<p>Artikelname T\u00fcrkeil Kuh aus Gusseisen<br \/>\nArtikelnummer LH333<br \/>\nBarcode 8714982268427<br \/>\nProduktgruppe(n) T\u00fcr &amp; Halle, T\u00fcrstopper<br \/>\nProduktabmessungen in cm L 15,1 x T 4,9 x H 7,5<br \/>\nMaterial Gusseisen<br \/>\nNettogewicht 0,395 kg<br \/>\nProduzent <a href=\"https:\/\/www.esschertdesign.com\/shop\/de\/deurwig-koe-lh333\" target=\"_blank\">Esschert Design<\/a><\/p>\n","protected":false},"excerpt":{"rendered":"<p>&#8211; Fester Halt unter jeder T\u00fcr<br \/>\n\u2013 Jahrhundertealtes Handwerk<br \/>\n\u2013 Aus Gusseisen gefertigt<br \/>\n&#8211; L 15,1 x T 4,9 x H 7,5 cm<br \/>\n&#8211; Nettogewicht 0,395 kg<br \/>\n&#8211; Barcode 8714982268427<\/p>\n","protected":false},"featured_media":12465,"template":"","meta":[],"product_brand":[9597,9598],"product_cat":[851],"product_tag":[6790,6725,6886,6878],"class_list":{"0":"post-12464","1":"product","2":"type-product","3":"status-publish","4":"has-post-thumbnail","6":"product_brand-esschert-design","7":"product_brand-trends-and-vision","8":"product_cat-best-for-boots","9":"product_tag-gusseisen","10":"product_tag-handwerkskunst","11":"product_tag-kuhkopf","12":"product_tag-tuerkeil","13":"pa_anbieter-esschert-design","14":"pa_ean-code-6671","16":"first","17":"instock","18":"sale","19":"taxable","20":"shipping-taxable","21":"purchasable","22":"product-type-simple","23":"czr-hentry"},"yoast_head":"<!-- This site is optimized with the Yoast SEO Premium plugin v27.4 (Yoast SEO v27.4) - https:\/\/yoast.com\/product\/yoast-seo-premium-wordpress\/ -->\n<title>Esschert Design T\u00fcrkeil Kuh (LH333 8714982268427)<\/title>\n<meta name=\"description\" content=\"Esschert Design T\u00fcrkeil Kuh Guss (LH333 8714982268427)\u2013 Aus Gusseisen gefertigt- L 15,1 x T 4,9 x H 7,5 cm- Nettogewicht 0,395 kg\" \/>\n<meta name=\"robots\" content=\"index, follow, max-snippet:-1, max-image-preview:large, max-video-preview:-1\" \/>\n<link rel=\"canonical\" href=\"https:\/\/trendsandvision.nl\/de\/product\/esschert-design-tuerkeil-kuh\/\" \/>\n<meta property=\"og:locale\" content=\"de_DE\" \/>\n<meta property=\"og:type\" content=\"article\" \/>\n<meta property=\"og:title\" content=\"Esschert Design T\u00fcrkeil Kuh\" \/>\n<meta property=\"og:description\" content=\"Esschert Design T\u00fcrkeil Kuh Guss (LH333 8714982268427)\u2013 Aus Gusseisen gefertigt- L 15,1 x T 4,9 x H 7,5 cm- Nettogewicht 0,395 kg\" \/>\n<meta property=\"og:url\" content=\"https:\/\/trendsandvision.nl\/de\/product\/esschert-design-tuerkeil-kuh\/\" \/>\n<meta property=\"og:site_name\" content=\"Trends &amp; Vision (DE)\" \/>\n<meta property=\"article:modified_time\" content=\"2026-04-22T13:12:54+00:00\" \/>\n<meta property=\"og:image\" content=\"https:\/\/trendsandvision.nl\/de\/wp-content\/uploads\/sites\/3\/2024\/07\/LH333_01.jpg\" \/>\n\t<meta property=\"og:image:width\" content=\"800\" \/>\n\t<meta property=\"og:image:height\" content=\"800\" \/>\n\t<meta property=\"og:image:type\" content=\"image\/jpeg\" \/>\n<meta name=\"twitter:card\" content=\"summary_large_image\" \/>\n<meta name=\"twitter:label1\" content=\"Gesch\u00e4tzte Lesezeit\" \/>\n\t<meta name=\"twitter:data1\" content=\"1\u00a0Minute\" \/>\n<script type=\"application\/ld+json\" class=\"yoast-schema-graph\">{\"@context\":\"https:\\\/\\\/schema.org\",\"@graph\":[{\"@type\":\"WebPage\",\"@id\":\"https:\\\/\\\/trendsandvision.nl\\\/de\\\/product\\\/esschert-design-tuerkeil-kuh\\\/\",\"url\":\"https:\\\/\\\/trendsandvision.nl\\\/de\\\/product\\\/esschert-design-tuerkeil-kuh\\\/\",\"name\":\"Esschert Design T\u00fcrkeil Kuh (LH333 8714982268427)\",\"isPartOf\":{\"@id\":\"https:\\\/\\\/trendsandvision.nl\\\/de\\\/#website\"},\"primaryImageOfPage\":{\"@id\":\"https:\\\/\\\/trendsandvision.nl\\\/de\\\/product\\\/esschert-design-tuerkeil-kuh\\\/#primaryimage\"},\"image\":{\"@id\":\"https:\\\/\\\/trendsandvision.nl\\\/de\\\/product\\\/esschert-design-tuerkeil-kuh\\\/#primaryimage\"},\"thumbnailUrl\":\"https:\\\/\\\/trendsandvision.nl\\\/de\\\/wp-content\\\/uploads\\\/sites\\\/3\\\/2024\\\/07\\\/LH333_01.jpg\",\"datePublished\":\"2024-07-19T08:59:16+00:00\",\"dateModified\":\"2026-04-22T13:12:54+00:00\",\"description\":\"Esschert Design T\u00fcrkeil Kuh Guss (LH333 8714982268427)\u2013 Aus Gusseisen gefertigt- L 15,1 x T 4,9 x H 7,5 cm- Nettogewicht 0,395 kg\",\"breadcrumb\":{\"@id\":\"https:\\\/\\\/trendsandvision.nl\\\/de\\\/product\\\/esschert-design-tuerkeil-kuh\\\/#breadcrumb\"},\"inLanguage\":\"de\",\"potentialAction\":[{\"@type\":\"ReadAction\",\"target\":[\"https:\\\/\\\/trendsandvision.nl\\\/de\\\/product\\\/esschert-design-tuerkeil-kuh\\\/\"]}]},{\"@type\":\"ImageObject\",\"inLanguage\":\"de\",\"@id\":\"https:\\\/\\\/trendsandvision.nl\\\/de\\\/product\\\/esschert-design-tuerkeil-kuh\\\/#primaryimage\",\"url\":\"https:\\\/\\\/trendsandvision.nl\\\/de\\\/wp-content\\\/uploads\\\/sites\\\/3\\\/2024\\\/07\\\/LH333_01.jpg\",\"contentUrl\":\"https:\\\/\\\/trendsandvision.nl\\\/de\\\/wp-content\\\/uploads\\\/sites\\\/3\\\/2024\\\/07\\\/LH333_01.jpg\",\"width\":800,\"height\":800,\"caption\":\"Trends and Vision T\u00fcrkeil Kuh (LH333 8714982268427)\u2013 Aus Gusseisen gefertigt- L 15,1 x T 4,9 x H 7,5 cm- Nettogewicht 0,395 kg\"},{\"@type\":\"BreadcrumbList\",\"@id\":\"https:\\\/\\\/trendsandvision.nl\\\/de\\\/product\\\/esschert-design-tuerkeil-kuh\\\/#breadcrumb\",\"itemListElement\":[{\"@type\":\"ListItem\",\"position\":1,\"name\":\"Home\",\"item\":\"https:\\\/\\\/trendsandvision.nl\\\/de\\\/\"},{\"@type\":\"ListItem\",\"position\":2,\"name\":\"Gesch\u00e4ft\",\"item\":\"https:\\\/\\\/trendsandvision.nl\\\/de\\\/geschaft\\\/\"},{\"@type\":\"ListItem\",\"position\":3,\"name\":\"Esschert Design T\u00fcrkeil Kuh\"}]},{\"@type\":\"WebSite\",\"@id\":\"https:\\\/\\\/trendsandvision.nl\\\/de\\\/#website\",\"url\":\"https:\\\/\\\/trendsandvision.nl\\\/de\\\/\",\"name\":\"Trends &amp; Vision (DE)\",\"description\":\"Der Webshop f\u00fcr Esschert Design Artikel\",\"publisher\":{\"@id\":\"https:\\\/\\\/trendsandvision.nl\\\/de\\\/#organization\"},\"potentialAction\":[{\"@type\":\"SearchAction\",\"target\":{\"@type\":\"EntryPoint\",\"urlTemplate\":\"https:\\\/\\\/trendsandvision.nl\\\/de\\\/?s={search_term_string}\"},\"query-input\":{\"@type\":\"PropertyValueSpecification\",\"valueRequired\":true,\"valueName\":\"search_term_string\"}}],\"inLanguage\":\"de\"},{\"@type\":\"Organization\",\"@id\":\"https:\\\/\\\/trendsandvision.nl\\\/de\\\/#organization\",\"name\":\"Trends &amp; Vision (DE)\",\"url\":\"https:\\\/\\\/trendsandvision.nl\\\/de\\\/\",\"logo\":{\"@type\":\"ImageObject\",\"inLanguage\":\"de\",\"@id\":\"https:\\\/\\\/trendsandvision.nl\\\/de\\\/#\\\/schema\\\/logo\\\/image\\\/\",\"url\":\"https:\\\/\\\/trendsandvision.nl\\\/de\\\/wp-content\\\/uploads\\\/sites\\\/3\\\/2022\\\/04\\\/trends-and-vision-logo.jpg\",\"contentUrl\":\"https:\\\/\\\/trendsandvision.nl\\\/de\\\/wp-content\\\/uploads\\\/sites\\\/3\\\/2022\\\/04\\\/trends-and-vision-logo.jpg\",\"width\":213,\"height\":100,\"caption\":\"Trends &amp; Vision (DE)\"},\"image\":{\"@id\":\"https:\\\/\\\/trendsandvision.nl\\\/de\\\/#\\\/schema\\\/logo\\\/image\\\/\"}}]}<\/script>\n<!-- \/ Yoast SEO Premium plugin. -->","yoast_head_json":{"title":"Esschert Design T\u00fcrkeil Kuh (LH333 8714982268427)","description":"Esschert Design T\u00fcrkeil Kuh Guss (LH333 8714982268427)\u2013 Aus Gusseisen gefertigt- L 15,1 x T 4,9 x H 7,5 cm- Nettogewicht 0,395 kg","robots":{"index":"index","follow":"follow","max-snippet":"max-snippet:-1","max-image-preview":"max-image-preview:large","max-video-preview":"max-video-preview:-1"},"canonical":"https:\/\/trendsandvision.nl\/de\/product\/esschert-design-tuerkeil-kuh\/","og_locale":"de_DE","og_type":"article","og_title":"Esschert Design T\u00fcrkeil Kuh","og_description":"Esschert Design T\u00fcrkeil Kuh Guss (LH333 8714982268427)\u2013 Aus Gusseisen gefertigt- L 15,1 x T 4,9 x H 7,5 cm- Nettogewicht 0,395 kg","og_url":"https:\/\/trendsandvision.nl\/de\/product\/esschert-design-tuerkeil-kuh\/","og_site_name":"Trends &amp; Vision (DE)","article_modified_time":"2026-04-22T13:12:54+00:00","og_image":[{"width":800,"height":800,"url":"https:\/\/trendsandvision.nl\/de\/wp-content\/uploads\/sites\/3\/2024\/07\/LH333_01.jpg","type":"image\/jpeg"}],"twitter_card":"summary_large_image","twitter_misc":{"Gesch\u00e4tzte Lesezeit":"1\u00a0Minute"},"schema":{"@context":"https:\/\/schema.org","@graph":[{"@type":"WebPage","@id":"https:\/\/trendsandvision.nl\/de\/product\/esschert-design-tuerkeil-kuh\/","url":"https:\/\/trendsandvision.nl\/de\/product\/esschert-design-tuerkeil-kuh\/","name":"Esschert Design T\u00fcrkeil Kuh (LH333 8714982268427)","isPartOf":{"@id":"https:\/\/trendsandvision.nl\/de\/#website"},"primaryImageOfPage":{"@id":"https:\/\/trendsandvision.nl\/de\/product\/esschert-design-tuerkeil-kuh\/#primaryimage"},"image":{"@id":"https:\/\/trendsandvision.nl\/de\/product\/esschert-design-tuerkeil-kuh\/#primaryimage"},"thumbnailUrl":"https:\/\/trendsandvision.nl\/de\/wp-content\/uploads\/sites\/3\/2024\/07\/LH333_01.jpg","datePublished":"2024-07-19T08:59:16+00:00","dateModified":"2026-04-22T13:12:54+00:00","description":"Esschert Design T\u00fcrkeil Kuh Guss (LH333 8714982268427)\u2013 Aus Gusseisen gefertigt- L 15,1 x T 4,9 x H 7,5 cm- Nettogewicht 0,395 kg","breadcrumb":{"@id":"https:\/\/trendsandvision.nl\/de\/product\/esschert-design-tuerkeil-kuh\/#breadcrumb"},"inLanguage":"de","potentialAction":[{"@type":"ReadAction","target":["https:\/\/trendsandvision.nl\/de\/product\/esschert-design-tuerkeil-kuh\/"]}]},{"@type":"ImageObject","inLanguage":"de","@id":"https:\/\/trendsandvision.nl\/de\/product\/esschert-design-tuerkeil-kuh\/#primaryimage","url":"https:\/\/trendsandvision.nl\/de\/wp-content\/uploads\/sites\/3\/2024\/07\/LH333_01.jpg","contentUrl":"https:\/\/trendsandvision.nl\/de\/wp-content\/uploads\/sites\/3\/2024\/07\/LH333_01.jpg","width":800,"height":800,"caption":"Trends and Vision T\u00fcrkeil Kuh (LH333 8714982268427)\u2013 Aus Gusseisen gefertigt- L 15,1 x T 4,9 x H 7,5 cm- Nettogewicht 0,395 kg"},{"@type":"BreadcrumbList","@id":"https:\/\/trendsandvision.nl\/de\/product\/esschert-design-tuerkeil-kuh\/#breadcrumb","itemListElement":[{"@type":"ListItem","position":1,"name":"Home","item":"https:\/\/trendsandvision.nl\/de\/"},{"@type":"ListItem","position":2,"name":"Gesch\u00e4ft","item":"https:\/\/trendsandvision.nl\/de\/geschaft\/"},{"@type":"ListItem","position":3,"name":"Esschert Design T\u00fcrkeil Kuh"}]},{"@type":"WebSite","@id":"https:\/\/trendsandvision.nl\/de\/#website","url":"https:\/\/trendsandvision.nl\/de\/","name":"Trends &amp; Vision (DE)","description":"Der Webshop f\u00fcr Esschert Design Artikel","publisher":{"@id":"https:\/\/trendsandvision.nl\/de\/#organization"},"potentialAction":[{"@type":"SearchAction","target":{"@type":"EntryPoint","urlTemplate":"https:\/\/trendsandvision.nl\/de\/?s={search_term_string}"},"query-input":{"@type":"PropertyValueSpecification","valueRequired":true,"valueName":"search_term_string"}}],"inLanguage":"de"},{"@type":"Organization","@id":"https:\/\/trendsandvision.nl\/de\/#organization","name":"Trends &amp; Vision (DE)","url":"https:\/\/trendsandvision.nl\/de\/","logo":{"@type":"ImageObject","inLanguage":"de","@id":"https:\/\/trendsandvision.nl\/de\/#\/schema\/logo\/image\/","url":"https:\/\/trendsandvision.nl\/de\/wp-content\/uploads\/sites\/3\/2022\/04\/trends-and-vision-logo.jpg","contentUrl":"https:\/\/trendsandvision.nl\/de\/wp-content\/uploads\/sites\/3\/2022\/04\/trends-and-vision-logo.jpg","width":213,"height":100,"caption":"Trends &amp; Vision (DE)"},"image":{"@id":"https:\/\/trendsandvision.nl\/de\/#\/schema\/logo\/image\/"}}]}},"_links":{"self":[{"href":"https:\/\/trendsandvision.nl\/de\/wp-json\/wp\/v2\/product\/12464","targetHints":{"allow":["GET"]}}],"collection":[{"href":"https:\/\/trendsandvision.nl\/de\/wp-json\/wp\/v2\/product"}],"about":[{"href":"https:\/\/trendsandvision.nl\/de\/wp-json\/wp\/v2\/types\/product"}],"wp:featuredmedia":[{"embeddable":true,"href":"https:\/\/trendsandvision.nl\/de\/wp-json\/wp\/v2\/media\/12465"}],"wp:attachment":[{"href":"https:\/\/trendsandvision.nl\/de\/wp-json\/wp\/v2\/media?parent=12464"}],"wp:term":[{"taxonomy":"product_brand","embeddable":true,"href":"https:\/\/trendsandvision.nl\/de\/wp-json\/wp\/v2\/product_brand?post=12464"},{"taxonomy":"product_cat","embeddable":true,"href":"https:\/\/trendsandvision.nl\/de\/wp-json\/wp\/v2\/product_cat?post=12464"},{"taxonomy":"product_tag","embeddable":true,"href":"https:\/\/trendsandvision.nl\/de\/wp-json\/wp\/v2\/product_tag?post=12464"}],"curies":[{"name":"wp","href":"https:\/\/api.w.org\/{rel}","templated":true}]}}