{"id":12442,"date":"2024-07-19T10:58:42","date_gmt":"2024-07-19T08:58:42","guid":{"rendered":"https:\/\/trendsandvision.nl\/de\/product\/esschert-design-haken-dreifach-hahn-lh329-8714982268342\/"},"modified":"2026-04-22T15:12:51","modified_gmt":"2026-04-22T13:12:51","slug":"esschert-design-haken-dreifach-hahn","status":"publish","type":"product","link":"https:\/\/trendsandvision.nl\/de\/product\/esschert-design-haken-dreifach-hahn\/","title":{"rendered":"Esschert Design Haken dreifach Hahn"},"content":{"rendered":"<p>Esschert Design Haken dreifach Hahn.<br \/>\nGusseiserne <strong><a href=\"https:\/\/trendsandvision.nl\/de\/?s=haken&amp;post_type=product&amp;dgwt_wcas=1\">Haken<\/a><\/strong> zum Aufh\u00e4ngen von Jacken oder Taschen. Die Haken lassen sich dank des Befestigungslochs auf der R\u00fcckseite leicht montieren. Neben Jacken und Taschen eignen sie sich auch zum Aufh\u00e4ngen von Werkzeug oder anderen Gegenst\u00e4nden. Die Haken werden von Hand nach alter Tradition und Handwerkskunst gegossen.<\/p>\n<p>Artikelname Gusseiserner Hahn mit drei Haken<br \/>\nArtikelnummer LH329<br \/>\nBarcode 8714982268342<br \/>\nProduktgruppe(n) T\u00fcr &amp; Halle, Haken, Gusseisen, Haken<br \/>\nProduktabmessungen in cm L 18,7 x T 4,5 x H 20,8<br \/>\nMaterial Gusseisen<br \/>\nNettogewicht 0,517 kg<br \/>\nProduzent <a href=\"https:\/\/www.esschertdesign.com\/shop\/de\/haak-drievoudig-haan-lh329\" target=\"_blank\">Esschert Design<\/a><\/p>\n","protected":false},"excerpt":{"rendered":"<p>L 18,7 x T 4,5 x H 20,8 cm<br \/>\nAus Gusseisen gefertigt<br \/>\nVon Hand gegossen<br \/>\nEinfach zu montieren<br \/>\nGewicht 0,517 kg<br \/>\nBarcode 8714982268342<br \/>\nAlle <strong><a href=\"https:\/\/trendsandvision.nl\/de\/?s=haken&amp;post_type=product&amp;dgwt_wcas=1\">Haken<\/a><\/strong><\/p>\n","protected":false},"featured_media":12443,"template":"","meta":[],"product_brand":[9597,9598],"product_cat":[851],"product_tag":[6790,10718,6709,6725],"class_list":{"0":"post-12442","1":"product","2":"type-product","3":"status-publish","4":"has-post-thumbnail","6":"product_brand-esschert-design","7":"product_brand-trends-and-vision","8":"product_cat-best-for-boots","9":"product_tag-gusseisen","10":"product_tag-hahne","11":"product_tag-haken","12":"product_tag-handwerkskunst","13":"pa_anbieter-esschert-design","14":"pa_ean-code-6667","16":"first","17":"instock","18":"sale","19":"taxable","20":"shipping-taxable","21":"purchasable","22":"product-type-simple","23":"czr-hentry"},"yoast_head":"<!-- This site is optimized with the Yoast SEO Premium plugin v27.4 (Yoast SEO v27.4) - https:\/\/yoast.com\/product\/yoast-seo-premium-wordpress\/ -->\n<title>Esschert Design Haken dreifach Hahn (LH329 8714982268342)<\/title>\n<meta name=\"description\" content=\"Esschert Design Haken dreifach Hahn (LH329 EAN 8714982268342) L 18,7 x T 4,5 x H 20,8 cm, Gusseisen von Hand gegossen,Einfach zu montieren, Gewicht 0,52 kg\" \/>\n<meta name=\"robots\" content=\"index, follow, max-snippet:-1, max-image-preview:large, max-video-preview:-1\" \/>\n<link rel=\"canonical\" href=\"https:\/\/trendsandvision.nl\/de\/product\/esschert-design-haken-dreifach-hahn\/\" \/>\n<meta property=\"og:locale\" content=\"de_DE\" \/>\n<meta property=\"og:type\" content=\"article\" \/>\n<meta property=\"og:title\" content=\"Esschert Design Haken dreifach Hahn\" \/>\n<meta property=\"og:description\" content=\"Esschert Design Haken dreifach Hahn (LH329 EAN 8714982268342) L 18,7 x T 4,5 x H 20,8 cm, Gusseisen von Hand gegossen,Einfach zu montieren, Gewicht 0,52 kg\" \/>\n<meta property=\"og:url\" content=\"https:\/\/trendsandvision.nl\/de\/product\/esschert-design-haken-dreifach-hahn\/\" \/>\n<meta property=\"og:site_name\" content=\"Trends &amp; Vision (DE)\" \/>\n<meta property=\"article:modified_time\" content=\"2026-04-22T13:12:51+00:00\" \/>\n<meta property=\"og:image\" content=\"https:\/\/trendsandvision.nl\/de\/wp-content\/uploads\/sites\/3\/2024\/07\/LH329_01.jpg\" \/>\n\t<meta property=\"og:image:width\" content=\"800\" \/>\n\t<meta property=\"og:image:height\" content=\"800\" \/>\n\t<meta property=\"og:image:type\" content=\"image\/jpeg\" \/>\n<meta name=\"twitter:card\" content=\"summary_large_image\" \/>\n<meta name=\"twitter:label1\" content=\"Gesch\u00e4tzte Lesezeit\" \/>\n\t<meta name=\"twitter:data1\" content=\"1\u00a0Minute\" \/>\n<script type=\"application\/ld+json\" class=\"yoast-schema-graph\">{\"@context\":\"https:\\\/\\\/schema.org\",\"@graph\":[{\"@type\":\"WebPage\",\"@id\":\"https:\\\/\\\/trendsandvision.nl\\\/de\\\/product\\\/esschert-design-haken-dreifach-hahn\\\/\",\"url\":\"https:\\\/\\\/trendsandvision.nl\\\/de\\\/product\\\/esschert-design-haken-dreifach-hahn\\\/\",\"name\":\"Esschert Design Haken dreifach Hahn (LH329 8714982268342)\",\"isPartOf\":{\"@id\":\"https:\\\/\\\/trendsandvision.nl\\\/de\\\/#website\"},\"primaryImageOfPage\":{\"@id\":\"https:\\\/\\\/trendsandvision.nl\\\/de\\\/product\\\/esschert-design-haken-dreifach-hahn\\\/#primaryimage\"},\"image\":{\"@id\":\"https:\\\/\\\/trendsandvision.nl\\\/de\\\/product\\\/esschert-design-haken-dreifach-hahn\\\/#primaryimage\"},\"thumbnailUrl\":\"https:\\\/\\\/trendsandvision.nl\\\/de\\\/wp-content\\\/uploads\\\/sites\\\/3\\\/2024\\\/07\\\/LH329_01.jpg\",\"datePublished\":\"2024-07-19T08:58:42+00:00\",\"dateModified\":\"2026-04-22T13:12:51+00:00\",\"description\":\"Esschert Design Haken dreifach Hahn (LH329 EAN 8714982268342) L 18,7 x T 4,5 x H 20,8 cm, Gusseisen von Hand gegossen,Einfach zu montieren, Gewicht 0,52 kg\",\"breadcrumb\":{\"@id\":\"https:\\\/\\\/trendsandvision.nl\\\/de\\\/product\\\/esschert-design-haken-dreifach-hahn\\\/#breadcrumb\"},\"inLanguage\":\"de\",\"potentialAction\":[{\"@type\":\"ReadAction\",\"target\":[\"https:\\\/\\\/trendsandvision.nl\\\/de\\\/product\\\/esschert-design-haken-dreifach-hahn\\\/\"]}]},{\"@type\":\"ImageObject\",\"inLanguage\":\"de\",\"@id\":\"https:\\\/\\\/trendsandvision.nl\\\/de\\\/product\\\/esschert-design-haken-dreifach-hahn\\\/#primaryimage\",\"url\":\"https:\\\/\\\/trendsandvision.nl\\\/de\\\/wp-content\\\/uploads\\\/sites\\\/3\\\/2024\\\/07\\\/LH329_01.jpg\",\"contentUrl\":\"https:\\\/\\\/trendsandvision.nl\\\/de\\\/wp-content\\\/uploads\\\/sites\\\/3\\\/2024\\\/07\\\/LH329_01.jpg\",\"width\":800,\"height\":800,\"caption\":\"Trends and Vision Haken dreifach Hahn (LH329 EAN 8714982268342) L 18,7 x T 4,5 x H 20,8 cm, Gusseisen von Hand gegossen,Einfach zu montieren, Gewicht 0,52 kg\"},{\"@type\":\"BreadcrumbList\",\"@id\":\"https:\\\/\\\/trendsandvision.nl\\\/de\\\/product\\\/esschert-design-haken-dreifach-hahn\\\/#breadcrumb\",\"itemListElement\":[{\"@type\":\"ListItem\",\"position\":1,\"name\":\"Home\",\"item\":\"https:\\\/\\\/trendsandvision.nl\\\/de\\\/\"},{\"@type\":\"ListItem\",\"position\":2,\"name\":\"Gesch\u00e4ft\",\"item\":\"https:\\\/\\\/trendsandvision.nl\\\/de\\\/geschaft\\\/\"},{\"@type\":\"ListItem\",\"position\":3,\"name\":\"Esschert Design Haken dreifach Hahn\"}]},{\"@type\":\"WebSite\",\"@id\":\"https:\\\/\\\/trendsandvision.nl\\\/de\\\/#website\",\"url\":\"https:\\\/\\\/trendsandvision.nl\\\/de\\\/\",\"name\":\"Trends &amp; Vision (DE)\",\"description\":\"Der Webshop f\u00fcr Esschert Design Artikel\",\"publisher\":{\"@id\":\"https:\\\/\\\/trendsandvision.nl\\\/de\\\/#organization\"},\"potentialAction\":[{\"@type\":\"SearchAction\",\"target\":{\"@type\":\"EntryPoint\",\"urlTemplate\":\"https:\\\/\\\/trendsandvision.nl\\\/de\\\/?s={search_term_string}\"},\"query-input\":{\"@type\":\"PropertyValueSpecification\",\"valueRequired\":true,\"valueName\":\"search_term_string\"}}],\"inLanguage\":\"de\"},{\"@type\":\"Organization\",\"@id\":\"https:\\\/\\\/trendsandvision.nl\\\/de\\\/#organization\",\"name\":\"Trends &amp; Vision (DE)\",\"url\":\"https:\\\/\\\/trendsandvision.nl\\\/de\\\/\",\"logo\":{\"@type\":\"ImageObject\",\"inLanguage\":\"de\",\"@id\":\"https:\\\/\\\/trendsandvision.nl\\\/de\\\/#\\\/schema\\\/logo\\\/image\\\/\",\"url\":\"https:\\\/\\\/trendsandvision.nl\\\/de\\\/wp-content\\\/uploads\\\/sites\\\/3\\\/2022\\\/04\\\/trends-and-vision-logo.jpg\",\"contentUrl\":\"https:\\\/\\\/trendsandvision.nl\\\/de\\\/wp-content\\\/uploads\\\/sites\\\/3\\\/2022\\\/04\\\/trends-and-vision-logo.jpg\",\"width\":213,\"height\":100,\"caption\":\"Trends &amp; Vision (DE)\"},\"image\":{\"@id\":\"https:\\\/\\\/trendsandvision.nl\\\/de\\\/#\\\/schema\\\/logo\\\/image\\\/\"}}]}<\/script>\n<!-- \/ Yoast SEO Premium plugin. -->","yoast_head_json":{"title":"Esschert Design Haken dreifach Hahn (LH329 8714982268342)","description":"Esschert Design Haken dreifach Hahn (LH329 EAN 8714982268342) L 18,7 x T 4,5 x H 20,8 cm, Gusseisen von Hand gegossen,Einfach zu montieren, Gewicht 0,52 kg","robots":{"index":"index","follow":"follow","max-snippet":"max-snippet:-1","max-image-preview":"max-image-preview:large","max-video-preview":"max-video-preview:-1"},"canonical":"https:\/\/trendsandvision.nl\/de\/product\/esschert-design-haken-dreifach-hahn\/","og_locale":"de_DE","og_type":"article","og_title":"Esschert Design Haken dreifach Hahn","og_description":"Esschert Design Haken dreifach Hahn (LH329 EAN 8714982268342) L 18,7 x T 4,5 x H 20,8 cm, Gusseisen von Hand gegossen,Einfach zu montieren, Gewicht 0,52 kg","og_url":"https:\/\/trendsandvision.nl\/de\/product\/esschert-design-haken-dreifach-hahn\/","og_site_name":"Trends &amp; Vision (DE)","article_modified_time":"2026-04-22T13:12:51+00:00","og_image":[{"width":800,"height":800,"url":"https:\/\/trendsandvision.nl\/de\/wp-content\/uploads\/sites\/3\/2024\/07\/LH329_01.jpg","type":"image\/jpeg"}],"twitter_card":"summary_large_image","twitter_misc":{"Gesch\u00e4tzte Lesezeit":"1\u00a0Minute"},"schema":{"@context":"https:\/\/schema.org","@graph":[{"@type":"WebPage","@id":"https:\/\/trendsandvision.nl\/de\/product\/esschert-design-haken-dreifach-hahn\/","url":"https:\/\/trendsandvision.nl\/de\/product\/esschert-design-haken-dreifach-hahn\/","name":"Esschert Design Haken dreifach Hahn (LH329 8714982268342)","isPartOf":{"@id":"https:\/\/trendsandvision.nl\/de\/#website"},"primaryImageOfPage":{"@id":"https:\/\/trendsandvision.nl\/de\/product\/esschert-design-haken-dreifach-hahn\/#primaryimage"},"image":{"@id":"https:\/\/trendsandvision.nl\/de\/product\/esschert-design-haken-dreifach-hahn\/#primaryimage"},"thumbnailUrl":"https:\/\/trendsandvision.nl\/de\/wp-content\/uploads\/sites\/3\/2024\/07\/LH329_01.jpg","datePublished":"2024-07-19T08:58:42+00:00","dateModified":"2026-04-22T13:12:51+00:00","description":"Esschert Design Haken dreifach Hahn (LH329 EAN 8714982268342) L 18,7 x T 4,5 x H 20,8 cm, Gusseisen von Hand gegossen,Einfach zu montieren, Gewicht 0,52 kg","breadcrumb":{"@id":"https:\/\/trendsandvision.nl\/de\/product\/esschert-design-haken-dreifach-hahn\/#breadcrumb"},"inLanguage":"de","potentialAction":[{"@type":"ReadAction","target":["https:\/\/trendsandvision.nl\/de\/product\/esschert-design-haken-dreifach-hahn\/"]}]},{"@type":"ImageObject","inLanguage":"de","@id":"https:\/\/trendsandvision.nl\/de\/product\/esschert-design-haken-dreifach-hahn\/#primaryimage","url":"https:\/\/trendsandvision.nl\/de\/wp-content\/uploads\/sites\/3\/2024\/07\/LH329_01.jpg","contentUrl":"https:\/\/trendsandvision.nl\/de\/wp-content\/uploads\/sites\/3\/2024\/07\/LH329_01.jpg","width":800,"height":800,"caption":"Trends and Vision Haken dreifach Hahn (LH329 EAN 8714982268342) L 18,7 x T 4,5 x H 20,8 cm, Gusseisen von Hand gegossen,Einfach zu montieren, Gewicht 0,52 kg"},{"@type":"BreadcrumbList","@id":"https:\/\/trendsandvision.nl\/de\/product\/esschert-design-haken-dreifach-hahn\/#breadcrumb","itemListElement":[{"@type":"ListItem","position":1,"name":"Home","item":"https:\/\/trendsandvision.nl\/de\/"},{"@type":"ListItem","position":2,"name":"Gesch\u00e4ft","item":"https:\/\/trendsandvision.nl\/de\/geschaft\/"},{"@type":"ListItem","position":3,"name":"Esschert Design Haken dreifach Hahn"}]},{"@type":"WebSite","@id":"https:\/\/trendsandvision.nl\/de\/#website","url":"https:\/\/trendsandvision.nl\/de\/","name":"Trends &amp; Vision (DE)","description":"Der Webshop f\u00fcr Esschert Design Artikel","publisher":{"@id":"https:\/\/trendsandvision.nl\/de\/#organization"},"potentialAction":[{"@type":"SearchAction","target":{"@type":"EntryPoint","urlTemplate":"https:\/\/trendsandvision.nl\/de\/?s={search_term_string}"},"query-input":{"@type":"PropertyValueSpecification","valueRequired":true,"valueName":"search_term_string"}}],"inLanguage":"de"},{"@type":"Organization","@id":"https:\/\/trendsandvision.nl\/de\/#organization","name":"Trends &amp; Vision (DE)","url":"https:\/\/trendsandvision.nl\/de\/","logo":{"@type":"ImageObject","inLanguage":"de","@id":"https:\/\/trendsandvision.nl\/de\/#\/schema\/logo\/image\/","url":"https:\/\/trendsandvision.nl\/de\/wp-content\/uploads\/sites\/3\/2022\/04\/trends-and-vision-logo.jpg","contentUrl":"https:\/\/trendsandvision.nl\/de\/wp-content\/uploads\/sites\/3\/2022\/04\/trends-and-vision-logo.jpg","width":213,"height":100,"caption":"Trends &amp; Vision (DE)"},"image":{"@id":"https:\/\/trendsandvision.nl\/de\/#\/schema\/logo\/image\/"}}]}},"_links":{"self":[{"href":"https:\/\/trendsandvision.nl\/de\/wp-json\/wp\/v2\/product\/12442","targetHints":{"allow":["GET"]}}],"collection":[{"href":"https:\/\/trendsandvision.nl\/de\/wp-json\/wp\/v2\/product"}],"about":[{"href":"https:\/\/trendsandvision.nl\/de\/wp-json\/wp\/v2\/types\/product"}],"wp:featuredmedia":[{"embeddable":true,"href":"https:\/\/trendsandvision.nl\/de\/wp-json\/wp\/v2\/media\/12443"}],"wp:attachment":[{"href":"https:\/\/trendsandvision.nl\/de\/wp-json\/wp\/v2\/media?parent=12442"}],"wp:term":[{"taxonomy":"product_brand","embeddable":true,"href":"https:\/\/trendsandvision.nl\/de\/wp-json\/wp\/v2\/product_brand?post=12442"},{"taxonomy":"product_cat","embeddable":true,"href":"https:\/\/trendsandvision.nl\/de\/wp-json\/wp\/v2\/product_cat?post=12442"},{"taxonomy":"product_tag","embeddable":true,"href":"https:\/\/trendsandvision.nl\/de\/wp-json\/wp\/v2\/product_tag?post=12442"}],"curies":[{"name":"wp","href":"https:\/\/api.w.org\/{rel}","templated":true}]}}