{"id":1244,"date":"2022-04-22T17:00:14","date_gmt":"2022-04-22T15:00:14","guid":{"rendered":"https:\/\/trendsandvision.nl\/de\/product\/esschert-design-bank-teckel\/"},"modified":"2026-04-22T14:52:07","modified_gmt":"2026-04-22T12:52:07","slug":"esschert-design-bank-dackel","status":"publish","type":"product","link":"https:\/\/trendsandvision.nl\/de\/product\/esschert-design-bank-dackel\/","title":{"rendered":"Esschert Design Bank Dackel"},"content":{"rendered":"<p>Der beste Freund des Menschen bietet jetzt einen Sitzplatz!<br \/>\nDer lange R\u00fccken des <a href=\"https:\/\/trendsandvision.nl\/de\/?s=Dackel&amp;post_type=product&amp;dgwt_wcas=1\">Dackel<\/a> ist ideal im Garten Platz zu nehmen.<br \/>\nDar\u00fcber hinaus ist er selbst bereits ein Eyecatcher f\u00fcr sich.<br \/>\nDiese Gartenbank wird als Sperrgut verschickt.<\/p>\n<p>Artikelname Bank Dackel<br \/>\nArtikelnummer AV12<br \/>\nProduktgruppe(n) M\u00f6bel,  Bank Dackel, Gartenbank<br \/>\nProduktabmessungen in cm L 117,5 x T 25 x H 67<br \/>\nMaterial Magnesiumoxid<br \/>\nBruttogewicht 14,52 kg<br \/>\nNettogewicht 13,2 kg<br \/>\nBarcode 8714982114526<br \/>\nTragf\u00e4higkeit 100 kg<br \/>\nProduzent <a href=\"https:\/\/www.esschertdesign.com\/shop\/de\/bank-teckel-av12\" target=\"_blank\">Esschert Design<\/a><\/p>\n<p>Ist der Dackel outdoortauglich das ganze Jahr?<br \/>\nWie frostsicher ist das Material?<br \/>\nWelche Garantie gibt es?<\/p>\n<p>Sicher 100%: Magnesiumoxid (MgO) ist grunds\u00e4tzlich frostbest\u00e4ndig und wird aufgrund seiner Witterungsbest\u00e4ndigkeit sogar f\u00fcr die Au\u00dfendekoration verwendet.<br \/>\nEs ist ein hydrophobes Material, das hei\u00dft, es ist wasserabweisend und somit resistent gegen Feuchtigkeit und Frost.<\/p>\n","protected":false},"excerpt":{"rendered":"<p>L 117,5 x T 25 x H 67 cm<br \/>\nMaterial Magnesiumoxid<br \/>\nNettogewicht 13,2 kg<br \/>\nBarcode 8714982114526<br \/>\nTragf\u00e4higkeit 100 kg<\/p>\n","protected":false},"featured_media":1245,"template":"","meta":[],"product_brand":[9597,9598],"product_cat":[741],"product_tag":[7141,7140,7759,7504],"class_list":{"0":"post-1244","1":"product","2":"type-product","3":"status-publish","4":"has-post-thumbnail","6":"product_brand-esschert-design","7":"product_brand-trends-and-vision","8":"product_cat-garden-furniture","9":"product_tag-100-kilo","10":"product_tag-bank-dackel","11":"product_tag-gartenmoebel","12":"product_tag-outdoor","13":"pa_anbieter-esschert-design","14":"pa_ean-code-740","15":"pa_material-fiberstone","16":"pa_messungen-1175-x-25-x-67-cm","18":"first","19":"instock","20":"sale","21":"taxable","22":"shipping-taxable","23":"purchasable","24":"product-type-simple","25":"czr-hentry"},"yoast_head":"<!-- This site is optimized with the Yoast SEO Premium plugin v27.4 (Yoast SEO v27.4) - https:\/\/yoast.com\/product\/yoast-seo-premium-wordpress\/ -->\n<title>Esschert Design Bank Dackel (AV12, 8714982114526)<\/title>\n<meta name=\"description\" content=\"Esschert Design Bank Dackel, L 117,5 x T 25 x H 67 cm Magnesiumoxid, Gewicht 14,52 kg, Tragf\u00e4higkeit 100 kg, ist grunds\u00e4tzlich frostbest\u00e4ndig\" \/>\n<meta name=\"robots\" content=\"index, follow, max-snippet:-1, max-image-preview:large, max-video-preview:-1\" \/>\n<link rel=\"canonical\" href=\"https:\/\/trendsandvision.nl\/de\/product\/esschert-design-bank-dackel\/\" \/>\n<meta property=\"og:locale\" content=\"de_DE\" \/>\n<meta property=\"og:type\" content=\"article\" \/>\n<meta property=\"og:title\" content=\"Esschert Design Bank Dackel\" \/>\n<meta property=\"og:description\" content=\"Esschert Design Bank Dackel, L 117,5 x T 25 x H 67 cm Magnesiumoxid, Gewicht 14,52 kg, Tragf\u00e4higkeit 100 kg, ist grunds\u00e4tzlich frostbest\u00e4ndig\" \/>\n<meta property=\"og:url\" content=\"https:\/\/trendsandvision.nl\/de\/product\/esschert-design-bank-dackel\/\" \/>\n<meta property=\"og:site_name\" content=\"Trends &amp; Vision (DE)\" \/>\n<meta property=\"article:modified_time\" content=\"2026-04-22T12:52:07+00:00\" \/>\n<meta property=\"og:image\" content=\"https:\/\/trendsandvision.nl\/de\/wp-content\/uploads\/sites\/3\/2022\/04\/AV12_01.jpg\" \/>\n\t<meta property=\"og:image:width\" content=\"800\" \/>\n\t<meta property=\"og:image:height\" content=\"800\" \/>\n\t<meta property=\"og:image:type\" content=\"image\/jpeg\" \/>\n<meta name=\"twitter:card\" content=\"summary_large_image\" \/>\n<meta name=\"twitter:label1\" content=\"Gesch\u00e4tzte Lesezeit\" \/>\n\t<meta name=\"twitter:data1\" content=\"1\u00a0Minute\" \/>\n<script type=\"application\/ld+json\" class=\"yoast-schema-graph\">{\"@context\":\"https:\\\/\\\/schema.org\",\"@graph\":[{\"@type\":\"WebPage\",\"@id\":\"https:\\\/\\\/trendsandvision.nl\\\/de\\\/product\\\/esschert-design-bank-dackel\\\/\",\"url\":\"https:\\\/\\\/trendsandvision.nl\\\/de\\\/product\\\/esschert-design-bank-dackel\\\/\",\"name\":\"Esschert Design Bank Dackel (AV12, 8714982114526)\",\"isPartOf\":{\"@id\":\"https:\\\/\\\/trendsandvision.nl\\\/de\\\/#website\"},\"primaryImageOfPage\":{\"@id\":\"https:\\\/\\\/trendsandvision.nl\\\/de\\\/product\\\/esschert-design-bank-dackel\\\/#primaryimage\"},\"image\":{\"@id\":\"https:\\\/\\\/trendsandvision.nl\\\/de\\\/product\\\/esschert-design-bank-dackel\\\/#primaryimage\"},\"thumbnailUrl\":\"https:\\\/\\\/trendsandvision.nl\\\/de\\\/wp-content\\\/uploads\\\/sites\\\/3\\\/2022\\\/04\\\/AV12_01.jpg\",\"datePublished\":\"2022-04-22T15:00:14+00:00\",\"dateModified\":\"2026-04-22T12:52:07+00:00\",\"description\":\"Esschert Design Bank Dackel, L 117,5 x T 25 x H 67 cm Magnesiumoxid, Gewicht 14,52 kg, Tragf\u00e4higkeit 100 kg, ist grunds\u00e4tzlich frostbest\u00e4ndig\",\"breadcrumb\":{\"@id\":\"https:\\\/\\\/trendsandvision.nl\\\/de\\\/product\\\/esschert-design-bank-dackel\\\/#breadcrumb\"},\"inLanguage\":\"de\",\"potentialAction\":[{\"@type\":\"ReadAction\",\"target\":[\"https:\\\/\\\/trendsandvision.nl\\\/de\\\/product\\\/esschert-design-bank-dackel\\\/\"]}]},{\"@type\":\"ImageObject\",\"inLanguage\":\"de\",\"@id\":\"https:\\\/\\\/trendsandvision.nl\\\/de\\\/product\\\/esschert-design-bank-dackel\\\/#primaryimage\",\"url\":\"https:\\\/\\\/trendsandvision.nl\\\/de\\\/wp-content\\\/uploads\\\/sites\\\/3\\\/2022\\\/04\\\/AV12_01.jpg\",\"contentUrl\":\"https:\\\/\\\/trendsandvision.nl\\\/de\\\/wp-content\\\/uploads\\\/sites\\\/3\\\/2022\\\/04\\\/AV12_01.jpg\",\"width\":800,\"height\":800,\"caption\":\"Trends and Vision Bank Dackel, L 117,5 x T 25 x H 67 cm Magnesiumoxid, Gewicht 14,52 kg, Tragf\u00e4higkeit 100 kg\"},{\"@type\":\"BreadcrumbList\",\"@id\":\"https:\\\/\\\/trendsandvision.nl\\\/de\\\/product\\\/esschert-design-bank-dackel\\\/#breadcrumb\",\"itemListElement\":[{\"@type\":\"ListItem\",\"position\":1,\"name\":\"Home\",\"item\":\"https:\\\/\\\/trendsandvision.nl\\\/de\\\/\"},{\"@type\":\"ListItem\",\"position\":2,\"name\":\"Gesch\u00e4ft\",\"item\":\"https:\\\/\\\/trendsandvision.nl\\\/de\\\/geschaft\\\/\"},{\"@type\":\"ListItem\",\"position\":3,\"name\":\"Esschert Design Bank Dackel\"}]},{\"@type\":\"WebSite\",\"@id\":\"https:\\\/\\\/trendsandvision.nl\\\/de\\\/#website\",\"url\":\"https:\\\/\\\/trendsandvision.nl\\\/de\\\/\",\"name\":\"Trends &amp; Vision (DE)\",\"description\":\"Der Webshop f\u00fcr Esschert Design Artikel\",\"publisher\":{\"@id\":\"https:\\\/\\\/trendsandvision.nl\\\/de\\\/#organization\"},\"potentialAction\":[{\"@type\":\"SearchAction\",\"target\":{\"@type\":\"EntryPoint\",\"urlTemplate\":\"https:\\\/\\\/trendsandvision.nl\\\/de\\\/?s={search_term_string}\"},\"query-input\":{\"@type\":\"PropertyValueSpecification\",\"valueRequired\":true,\"valueName\":\"search_term_string\"}}],\"inLanguage\":\"de\"},{\"@type\":\"Organization\",\"@id\":\"https:\\\/\\\/trendsandvision.nl\\\/de\\\/#organization\",\"name\":\"Trends &amp; Vision (DE)\",\"url\":\"https:\\\/\\\/trendsandvision.nl\\\/de\\\/\",\"logo\":{\"@type\":\"ImageObject\",\"inLanguage\":\"de\",\"@id\":\"https:\\\/\\\/trendsandvision.nl\\\/de\\\/#\\\/schema\\\/logo\\\/image\\\/\",\"url\":\"https:\\\/\\\/trendsandvision.nl\\\/de\\\/wp-content\\\/uploads\\\/sites\\\/3\\\/2022\\\/04\\\/trends-and-vision-logo.jpg\",\"contentUrl\":\"https:\\\/\\\/trendsandvision.nl\\\/de\\\/wp-content\\\/uploads\\\/sites\\\/3\\\/2022\\\/04\\\/trends-and-vision-logo.jpg\",\"width\":213,\"height\":100,\"caption\":\"Trends &amp; Vision (DE)\"},\"image\":{\"@id\":\"https:\\\/\\\/trendsandvision.nl\\\/de\\\/#\\\/schema\\\/logo\\\/image\\\/\"}}]}<\/script>\n<!-- \/ Yoast SEO Premium plugin. -->","yoast_head_json":{"title":"Esschert Design Bank Dackel (AV12, 8714982114526)","description":"Esschert Design Bank Dackel, L 117,5 x T 25 x H 67 cm Magnesiumoxid, Gewicht 14,52 kg, Tragf\u00e4higkeit 100 kg, ist grunds\u00e4tzlich frostbest\u00e4ndig","robots":{"index":"index","follow":"follow","max-snippet":"max-snippet:-1","max-image-preview":"max-image-preview:large","max-video-preview":"max-video-preview:-1"},"canonical":"https:\/\/trendsandvision.nl\/de\/product\/esschert-design-bank-dackel\/","og_locale":"de_DE","og_type":"article","og_title":"Esschert Design Bank Dackel","og_description":"Esschert Design Bank Dackel, L 117,5 x T 25 x H 67 cm Magnesiumoxid, Gewicht 14,52 kg, Tragf\u00e4higkeit 100 kg, ist grunds\u00e4tzlich frostbest\u00e4ndig","og_url":"https:\/\/trendsandvision.nl\/de\/product\/esschert-design-bank-dackel\/","og_site_name":"Trends &amp; Vision (DE)","article_modified_time":"2026-04-22T12:52:07+00:00","og_image":[{"width":800,"height":800,"url":"https:\/\/trendsandvision.nl\/de\/wp-content\/uploads\/sites\/3\/2022\/04\/AV12_01.jpg","type":"image\/jpeg"}],"twitter_card":"summary_large_image","twitter_misc":{"Gesch\u00e4tzte Lesezeit":"1\u00a0Minute"},"schema":{"@context":"https:\/\/schema.org","@graph":[{"@type":"WebPage","@id":"https:\/\/trendsandvision.nl\/de\/product\/esschert-design-bank-dackel\/","url":"https:\/\/trendsandvision.nl\/de\/product\/esschert-design-bank-dackel\/","name":"Esschert Design Bank Dackel (AV12, 8714982114526)","isPartOf":{"@id":"https:\/\/trendsandvision.nl\/de\/#website"},"primaryImageOfPage":{"@id":"https:\/\/trendsandvision.nl\/de\/product\/esschert-design-bank-dackel\/#primaryimage"},"image":{"@id":"https:\/\/trendsandvision.nl\/de\/product\/esschert-design-bank-dackel\/#primaryimage"},"thumbnailUrl":"https:\/\/trendsandvision.nl\/de\/wp-content\/uploads\/sites\/3\/2022\/04\/AV12_01.jpg","datePublished":"2022-04-22T15:00:14+00:00","dateModified":"2026-04-22T12:52:07+00:00","description":"Esschert Design Bank Dackel, L 117,5 x T 25 x H 67 cm Magnesiumoxid, Gewicht 14,52 kg, Tragf\u00e4higkeit 100 kg, ist grunds\u00e4tzlich frostbest\u00e4ndig","breadcrumb":{"@id":"https:\/\/trendsandvision.nl\/de\/product\/esschert-design-bank-dackel\/#breadcrumb"},"inLanguage":"de","potentialAction":[{"@type":"ReadAction","target":["https:\/\/trendsandvision.nl\/de\/product\/esschert-design-bank-dackel\/"]}]},{"@type":"ImageObject","inLanguage":"de","@id":"https:\/\/trendsandvision.nl\/de\/product\/esschert-design-bank-dackel\/#primaryimage","url":"https:\/\/trendsandvision.nl\/de\/wp-content\/uploads\/sites\/3\/2022\/04\/AV12_01.jpg","contentUrl":"https:\/\/trendsandvision.nl\/de\/wp-content\/uploads\/sites\/3\/2022\/04\/AV12_01.jpg","width":800,"height":800,"caption":"Trends and Vision Bank Dackel, L 117,5 x T 25 x H 67 cm Magnesiumoxid, Gewicht 14,52 kg, Tragf\u00e4higkeit 100 kg"},{"@type":"BreadcrumbList","@id":"https:\/\/trendsandvision.nl\/de\/product\/esschert-design-bank-dackel\/#breadcrumb","itemListElement":[{"@type":"ListItem","position":1,"name":"Home","item":"https:\/\/trendsandvision.nl\/de\/"},{"@type":"ListItem","position":2,"name":"Gesch\u00e4ft","item":"https:\/\/trendsandvision.nl\/de\/geschaft\/"},{"@type":"ListItem","position":3,"name":"Esschert Design Bank Dackel"}]},{"@type":"WebSite","@id":"https:\/\/trendsandvision.nl\/de\/#website","url":"https:\/\/trendsandvision.nl\/de\/","name":"Trends &amp; Vision (DE)","description":"Der Webshop f\u00fcr Esschert Design Artikel","publisher":{"@id":"https:\/\/trendsandvision.nl\/de\/#organization"},"potentialAction":[{"@type":"SearchAction","target":{"@type":"EntryPoint","urlTemplate":"https:\/\/trendsandvision.nl\/de\/?s={search_term_string}"},"query-input":{"@type":"PropertyValueSpecification","valueRequired":true,"valueName":"search_term_string"}}],"inLanguage":"de"},{"@type":"Organization","@id":"https:\/\/trendsandvision.nl\/de\/#organization","name":"Trends &amp; Vision (DE)","url":"https:\/\/trendsandvision.nl\/de\/","logo":{"@type":"ImageObject","inLanguage":"de","@id":"https:\/\/trendsandvision.nl\/de\/#\/schema\/logo\/image\/","url":"https:\/\/trendsandvision.nl\/de\/wp-content\/uploads\/sites\/3\/2022\/04\/trends-and-vision-logo.jpg","contentUrl":"https:\/\/trendsandvision.nl\/de\/wp-content\/uploads\/sites\/3\/2022\/04\/trends-and-vision-logo.jpg","width":213,"height":100,"caption":"Trends &amp; Vision (DE)"},"image":{"@id":"https:\/\/trendsandvision.nl\/de\/#\/schema\/logo\/image\/"}}]}},"_links":{"self":[{"href":"https:\/\/trendsandvision.nl\/de\/wp-json\/wp\/v2\/product\/1244","targetHints":{"allow":["GET"]}}],"collection":[{"href":"https:\/\/trendsandvision.nl\/de\/wp-json\/wp\/v2\/product"}],"about":[{"href":"https:\/\/trendsandvision.nl\/de\/wp-json\/wp\/v2\/types\/product"}],"wp:featuredmedia":[{"embeddable":true,"href":"https:\/\/trendsandvision.nl\/de\/wp-json\/wp\/v2\/media\/1245"}],"wp:attachment":[{"href":"https:\/\/trendsandvision.nl\/de\/wp-json\/wp\/v2\/media?parent=1244"}],"wp:term":[{"taxonomy":"product_brand","embeddable":true,"href":"https:\/\/trendsandvision.nl\/de\/wp-json\/wp\/v2\/product_brand?post=1244"},{"taxonomy":"product_cat","embeddable":true,"href":"https:\/\/trendsandvision.nl\/de\/wp-json\/wp\/v2\/product_cat?post=1244"},{"taxonomy":"product_tag","embeddable":true,"href":"https:\/\/trendsandvision.nl\/de\/wp-json\/wp\/v2\/product_tag?post=1244"}],"curies":[{"name":"wp","href":"https:\/\/api.w.org\/{rel}","templated":true}]}}