{"id":12427,"date":"2024-07-19T10:58:15","date_gmt":"2024-07-19T08:58:15","guid":{"rendered":"https:\/\/trendsandvision.nl\/de\/product\/esschert-design-kinderstiefel-marienkaefer-25-26-kg327-25-8714982269769\/"},"modified":"2026-04-22T15:11:04","modified_gmt":"2026-04-22T13:11:04","slug":"esschert-design-kinderstiefel-marienkaefer-25-26","status":"publish","type":"product","link":"https:\/\/trendsandvision.nl\/de\/product\/esschert-design-kinderstiefel-marienkaefer-25-26\/","title":{"rendered":"Esschert Design Kinderstiefel Marienk\u00e4fer 25-26"},"content":{"rendered":"<p>Kinderstiefel mit fr\u00f6hlichem Insektenmotiv. Die Stiefel haben Griffe, die das Anziehen erleichtern. Sie sch\u00fctzen Kinder vor Regen und halten die F\u00fc\u00dfe trocken, sodass sie auch bei Regen drau\u00dfen weiterspielen k\u00f6nnen.<\/p>\n<p>Artikelname Kinderstiefel Marienk\u00e4fer 25-26<br \/>\nArtikelnummer KG327-25<br \/>\nBarcode 8714982269769<br \/>\nProduktgruppe(n) Kinder, Berufsbekleidung, Kinderbekleidung, Regenbekleidung<br \/>\nProduktabmessungen in cm L 20 x T 7,8 x H 21,5<br \/>\nNettogewicht 0,64 kg<br \/>\nProduzent <a href=\"https:\/\/www.esschertdesign.com\/shop\/de\/kinderlaarzen-lieveheersbeest-25-26-kg327-25\" target=\"_blank\">Esschert Design<\/a><\/p>\n<p>Erh\u00e4ltlich in <a href=\"https:\/\/trendsandvision.de\/?s=kinderstiefel&amp;post_type=product&amp;dgwt_wcas=1\">verschiedenen Gr\u00f6\u00dfen<\/a><\/p>\n","protected":false},"excerpt":{"rendered":"<p>Lustiges Motiv<br \/>\nGriffe zum leichteren Anziehen<br \/>\nSchutz vor Regen<br \/>\nL 20 x T 7,8 x H 21,5 cm<br \/>\nNettogewicht 0,64 kg<\/p>\n","protected":false},"featured_media":15900,"template":"","meta":[],"product_brand":[9597,9598],"product_cat":[3056],"product_tag":[7013,7010,7011],"class_list":{"0":"post-12427","1":"product","2":"type-product","3":"status-publish","4":"has-post-thumbnail","6":"product_brand-esschert-design","7":"product_brand-trends-and-vision","8":"product_cat-kids-in-the-garden","9":"product_tag-kinderbekleidung","10":"product_tag-kinderstiefel-marienkaefer","11":"product_tag-regenbekleidung","12":"pa_anbieter-esschert-design","13":"pa_ean-code-6662","15":"first","16":"instock","17":"sale","18":"taxable","19":"shipping-taxable","20":"purchasable","21":"product-type-simple","22":"czr-hentry"},"yoast_head":"<!-- This site is optimized with the Yoast SEO Premium plugin v27.4 (Yoast SEO v27.4) - https:\/\/yoast.com\/product\/yoast-seo-premium-wordpress\/ -->\n<title>Esschert Design Kinderstiefel Marienk\u00e4fer 25-26 (KG327-25)<\/title>\n<meta name=\"description\" content=\"Esschert Design Kinderstiefel Marienk\u00e4fer 25-26 (KG327-25 EAN 8714982269769) Schutz vor Regen, L 20 x T 7,8 x H 21,5 cm, Gewicht 0,64 kg\" \/>\n<meta name=\"robots\" content=\"index, follow, max-snippet:-1, max-image-preview:large, max-video-preview:-1\" \/>\n<link rel=\"canonical\" href=\"https:\/\/trendsandvision.nl\/de\/product\/esschert-design-kinderstiefel-marienkaefer-25-26\/\" \/>\n<meta property=\"og:locale\" content=\"de_DE\" \/>\n<meta property=\"og:type\" content=\"article\" \/>\n<meta property=\"og:title\" content=\"Esschert Design Kinderstiefel Marienk\u00e4fer 25-26\" \/>\n<meta property=\"og:description\" content=\"Esschert Design Kinderstiefel Marienk\u00e4fer 25-26 (KG327-25 EAN 8714982269769) Schutz vor Regen, L 20 x T 7,8 x H 21,5 cm, Gewicht 0,64 kg\" \/>\n<meta property=\"og:url\" content=\"https:\/\/trendsandvision.nl\/de\/product\/esschert-design-kinderstiefel-marienkaefer-25-26\/\" \/>\n<meta property=\"og:site_name\" content=\"Trends &amp; Vision (DE)\" \/>\n<meta property=\"article:modified_time\" content=\"2026-04-22T13:11:04+00:00\" \/>\n<meta property=\"og:image\" content=\"https:\/\/trendsandvision.nl\/de\/wp-content\/uploads\/sites\/3\/2024\/07\/KG327.png\" \/>\n\t<meta property=\"og:image:width\" content=\"598\" \/>\n\t<meta property=\"og:image:height\" content=\"524\" \/>\n\t<meta property=\"og:image:type\" content=\"image\/png\" \/>\n<meta name=\"twitter:card\" content=\"summary_large_image\" \/>\n<meta name=\"twitter:label1\" content=\"Gesch\u00e4tzte Lesezeit\" \/>\n\t<meta name=\"twitter:data1\" content=\"1\u00a0Minute\" \/>\n<script type=\"application\/ld+json\" class=\"yoast-schema-graph\">{\"@context\":\"https:\\\/\\\/schema.org\",\"@graph\":[{\"@type\":\"WebPage\",\"@id\":\"https:\\\/\\\/trendsandvision.nl\\\/de\\\/product\\\/esschert-design-kinderstiefel-marienkaefer-25-26\\\/\",\"url\":\"https:\\\/\\\/trendsandvision.nl\\\/de\\\/product\\\/esschert-design-kinderstiefel-marienkaefer-25-26\\\/\",\"name\":\"Esschert Design Kinderstiefel Marienk\u00e4fer 25-26 (KG327-25)\",\"isPartOf\":{\"@id\":\"https:\\\/\\\/trendsandvision.nl\\\/de\\\/#website\"},\"primaryImageOfPage\":{\"@id\":\"https:\\\/\\\/trendsandvision.nl\\\/de\\\/product\\\/esschert-design-kinderstiefel-marienkaefer-25-26\\\/#primaryimage\"},\"image\":{\"@id\":\"https:\\\/\\\/trendsandvision.nl\\\/de\\\/product\\\/esschert-design-kinderstiefel-marienkaefer-25-26\\\/#primaryimage\"},\"thumbnailUrl\":\"https:\\\/\\\/trendsandvision.nl\\\/de\\\/wp-content\\\/uploads\\\/sites\\\/3\\\/2024\\\/07\\\/KG327.png\",\"datePublished\":\"2024-07-19T08:58:15+00:00\",\"dateModified\":\"2026-04-22T13:11:04+00:00\",\"description\":\"Esschert Design Kinderstiefel Marienk\u00e4fer 25-26 (KG327-25 EAN 8714982269769) Schutz vor Regen, L 20 x T 7,8 x H 21,5 cm, Gewicht 0,64 kg\",\"breadcrumb\":{\"@id\":\"https:\\\/\\\/trendsandvision.nl\\\/de\\\/product\\\/esschert-design-kinderstiefel-marienkaefer-25-26\\\/#breadcrumb\"},\"inLanguage\":\"de\",\"potentialAction\":[{\"@type\":\"ReadAction\",\"target\":[\"https:\\\/\\\/trendsandvision.nl\\\/de\\\/product\\\/esschert-design-kinderstiefel-marienkaefer-25-26\\\/\"]}]},{\"@type\":\"ImageObject\",\"inLanguage\":\"de\",\"@id\":\"https:\\\/\\\/trendsandvision.nl\\\/de\\\/product\\\/esschert-design-kinderstiefel-marienkaefer-25-26\\\/#primaryimage\",\"url\":\"https:\\\/\\\/trendsandvision.nl\\\/de\\\/wp-content\\\/uploads\\\/sites\\\/3\\\/2024\\\/07\\\/KG327.png\",\"contentUrl\":\"https:\\\/\\\/trendsandvision.nl\\\/de\\\/wp-content\\\/uploads\\\/sites\\\/3\\\/2024\\\/07\\\/KG327.png\",\"width\":598,\"height\":524,\"caption\":\"Trends and Vision Kinderstiefel Marienk\u00e4fer 25-26 (KG327-25 EAN 8714982269769) Schutz vor Regen, L 20 x T 7,8 x H 21,5 cm, Gewicht 0,64 kg\"},{\"@type\":\"BreadcrumbList\",\"@id\":\"https:\\\/\\\/trendsandvision.nl\\\/de\\\/product\\\/esschert-design-kinderstiefel-marienkaefer-25-26\\\/#breadcrumb\",\"itemListElement\":[{\"@type\":\"ListItem\",\"position\":1,\"name\":\"Home\",\"item\":\"https:\\\/\\\/trendsandvision.nl\\\/de\\\/\"},{\"@type\":\"ListItem\",\"position\":2,\"name\":\"Gesch\u00e4ft\",\"item\":\"https:\\\/\\\/trendsandvision.nl\\\/de\\\/geschaft\\\/\"},{\"@type\":\"ListItem\",\"position\":3,\"name\":\"Esschert Design Kinderstiefel Marienk\u00e4fer 25-26\"}]},{\"@type\":\"WebSite\",\"@id\":\"https:\\\/\\\/trendsandvision.nl\\\/de\\\/#website\",\"url\":\"https:\\\/\\\/trendsandvision.nl\\\/de\\\/\",\"name\":\"Trends &amp; Vision (DE)\",\"description\":\"Der Webshop f\u00fcr Esschert Design Artikel\",\"publisher\":{\"@id\":\"https:\\\/\\\/trendsandvision.nl\\\/de\\\/#organization\"},\"potentialAction\":[{\"@type\":\"SearchAction\",\"target\":{\"@type\":\"EntryPoint\",\"urlTemplate\":\"https:\\\/\\\/trendsandvision.nl\\\/de\\\/?s={search_term_string}\"},\"query-input\":{\"@type\":\"PropertyValueSpecification\",\"valueRequired\":true,\"valueName\":\"search_term_string\"}}],\"inLanguage\":\"de\"},{\"@type\":\"Organization\",\"@id\":\"https:\\\/\\\/trendsandvision.nl\\\/de\\\/#organization\",\"name\":\"Trends &amp; Vision (DE)\",\"url\":\"https:\\\/\\\/trendsandvision.nl\\\/de\\\/\",\"logo\":{\"@type\":\"ImageObject\",\"inLanguage\":\"de\",\"@id\":\"https:\\\/\\\/trendsandvision.nl\\\/de\\\/#\\\/schema\\\/logo\\\/image\\\/\",\"url\":\"https:\\\/\\\/trendsandvision.nl\\\/de\\\/wp-content\\\/uploads\\\/sites\\\/3\\\/2022\\\/04\\\/trends-and-vision-logo.jpg\",\"contentUrl\":\"https:\\\/\\\/trendsandvision.nl\\\/de\\\/wp-content\\\/uploads\\\/sites\\\/3\\\/2022\\\/04\\\/trends-and-vision-logo.jpg\",\"width\":213,\"height\":100,\"caption\":\"Trends &amp; Vision (DE)\"},\"image\":{\"@id\":\"https:\\\/\\\/trendsandvision.nl\\\/de\\\/#\\\/schema\\\/logo\\\/image\\\/\"}}]}<\/script>\n<!-- \/ Yoast SEO Premium plugin. -->","yoast_head_json":{"title":"Esschert Design Kinderstiefel Marienk\u00e4fer 25-26 (KG327-25)","description":"Esschert Design Kinderstiefel Marienk\u00e4fer 25-26 (KG327-25 EAN 8714982269769) Schutz vor Regen, L 20 x T 7,8 x H 21,5 cm, Gewicht 0,64 kg","robots":{"index":"index","follow":"follow","max-snippet":"max-snippet:-1","max-image-preview":"max-image-preview:large","max-video-preview":"max-video-preview:-1"},"canonical":"https:\/\/trendsandvision.nl\/de\/product\/esschert-design-kinderstiefel-marienkaefer-25-26\/","og_locale":"de_DE","og_type":"article","og_title":"Esschert Design Kinderstiefel Marienk\u00e4fer 25-26","og_description":"Esschert Design Kinderstiefel Marienk\u00e4fer 25-26 (KG327-25 EAN 8714982269769) Schutz vor Regen, L 20 x T 7,8 x H 21,5 cm, Gewicht 0,64 kg","og_url":"https:\/\/trendsandvision.nl\/de\/product\/esschert-design-kinderstiefel-marienkaefer-25-26\/","og_site_name":"Trends &amp; Vision (DE)","article_modified_time":"2026-04-22T13:11:04+00:00","og_image":[{"width":598,"height":524,"url":"https:\/\/trendsandvision.nl\/de\/wp-content\/uploads\/sites\/3\/2024\/07\/KG327.png","type":"image\/png"}],"twitter_card":"summary_large_image","twitter_misc":{"Gesch\u00e4tzte Lesezeit":"1\u00a0Minute"},"schema":{"@context":"https:\/\/schema.org","@graph":[{"@type":"WebPage","@id":"https:\/\/trendsandvision.nl\/de\/product\/esschert-design-kinderstiefel-marienkaefer-25-26\/","url":"https:\/\/trendsandvision.nl\/de\/product\/esschert-design-kinderstiefel-marienkaefer-25-26\/","name":"Esschert Design Kinderstiefel Marienk\u00e4fer 25-26 (KG327-25)","isPartOf":{"@id":"https:\/\/trendsandvision.nl\/de\/#website"},"primaryImageOfPage":{"@id":"https:\/\/trendsandvision.nl\/de\/product\/esschert-design-kinderstiefel-marienkaefer-25-26\/#primaryimage"},"image":{"@id":"https:\/\/trendsandvision.nl\/de\/product\/esschert-design-kinderstiefel-marienkaefer-25-26\/#primaryimage"},"thumbnailUrl":"https:\/\/trendsandvision.nl\/de\/wp-content\/uploads\/sites\/3\/2024\/07\/KG327.png","datePublished":"2024-07-19T08:58:15+00:00","dateModified":"2026-04-22T13:11:04+00:00","description":"Esschert Design Kinderstiefel Marienk\u00e4fer 25-26 (KG327-25 EAN 8714982269769) Schutz vor Regen, L 20 x T 7,8 x H 21,5 cm, Gewicht 0,64 kg","breadcrumb":{"@id":"https:\/\/trendsandvision.nl\/de\/product\/esschert-design-kinderstiefel-marienkaefer-25-26\/#breadcrumb"},"inLanguage":"de","potentialAction":[{"@type":"ReadAction","target":["https:\/\/trendsandvision.nl\/de\/product\/esschert-design-kinderstiefel-marienkaefer-25-26\/"]}]},{"@type":"ImageObject","inLanguage":"de","@id":"https:\/\/trendsandvision.nl\/de\/product\/esschert-design-kinderstiefel-marienkaefer-25-26\/#primaryimage","url":"https:\/\/trendsandvision.nl\/de\/wp-content\/uploads\/sites\/3\/2024\/07\/KG327.png","contentUrl":"https:\/\/trendsandvision.nl\/de\/wp-content\/uploads\/sites\/3\/2024\/07\/KG327.png","width":598,"height":524,"caption":"Trends and Vision Kinderstiefel Marienk\u00e4fer 25-26 (KG327-25 EAN 8714982269769) Schutz vor Regen, L 20 x T 7,8 x H 21,5 cm, Gewicht 0,64 kg"},{"@type":"BreadcrumbList","@id":"https:\/\/trendsandvision.nl\/de\/product\/esschert-design-kinderstiefel-marienkaefer-25-26\/#breadcrumb","itemListElement":[{"@type":"ListItem","position":1,"name":"Home","item":"https:\/\/trendsandvision.nl\/de\/"},{"@type":"ListItem","position":2,"name":"Gesch\u00e4ft","item":"https:\/\/trendsandvision.nl\/de\/geschaft\/"},{"@type":"ListItem","position":3,"name":"Esschert Design Kinderstiefel Marienk\u00e4fer 25-26"}]},{"@type":"WebSite","@id":"https:\/\/trendsandvision.nl\/de\/#website","url":"https:\/\/trendsandvision.nl\/de\/","name":"Trends &amp; Vision (DE)","description":"Der Webshop f\u00fcr Esschert Design Artikel","publisher":{"@id":"https:\/\/trendsandvision.nl\/de\/#organization"},"potentialAction":[{"@type":"SearchAction","target":{"@type":"EntryPoint","urlTemplate":"https:\/\/trendsandvision.nl\/de\/?s={search_term_string}"},"query-input":{"@type":"PropertyValueSpecification","valueRequired":true,"valueName":"search_term_string"}}],"inLanguage":"de"},{"@type":"Organization","@id":"https:\/\/trendsandvision.nl\/de\/#organization","name":"Trends &amp; Vision (DE)","url":"https:\/\/trendsandvision.nl\/de\/","logo":{"@type":"ImageObject","inLanguage":"de","@id":"https:\/\/trendsandvision.nl\/de\/#\/schema\/logo\/image\/","url":"https:\/\/trendsandvision.nl\/de\/wp-content\/uploads\/sites\/3\/2022\/04\/trends-and-vision-logo.jpg","contentUrl":"https:\/\/trendsandvision.nl\/de\/wp-content\/uploads\/sites\/3\/2022\/04\/trends-and-vision-logo.jpg","width":213,"height":100,"caption":"Trends &amp; Vision (DE)"},"image":{"@id":"https:\/\/trendsandvision.nl\/de\/#\/schema\/logo\/image\/"}}]}},"_links":{"self":[{"href":"https:\/\/trendsandvision.nl\/de\/wp-json\/wp\/v2\/product\/12427","targetHints":{"allow":["GET"]}}],"collection":[{"href":"https:\/\/trendsandvision.nl\/de\/wp-json\/wp\/v2\/product"}],"about":[{"href":"https:\/\/trendsandvision.nl\/de\/wp-json\/wp\/v2\/types\/product"}],"wp:featuredmedia":[{"embeddable":true,"href":"https:\/\/trendsandvision.nl\/de\/wp-json\/wp\/v2\/media\/15900"}],"wp:attachment":[{"href":"https:\/\/trendsandvision.nl\/de\/wp-json\/wp\/v2\/media?parent=12427"}],"wp:term":[{"taxonomy":"product_brand","embeddable":true,"href":"https:\/\/trendsandvision.nl\/de\/wp-json\/wp\/v2\/product_brand?post=12427"},{"taxonomy":"product_cat","embeddable":true,"href":"https:\/\/trendsandvision.nl\/de\/wp-json\/wp\/v2\/product_cat?post=12427"},{"taxonomy":"product_tag","embeddable":true,"href":"https:\/\/trendsandvision.nl\/de\/wp-json\/wp\/v2\/product_tag?post=12427"}],"curies":[{"name":"wp","href":"https:\/\/api.w.org\/{rel}","templated":true}]}}