{"id":12423,"date":"2024-07-19T10:58:06","date_gmt":"2024-07-19T08:58:06","guid":{"rendered":"https:\/\/trendsandvision.nl\/de\/product\/esschert-design-kinderhandschuhe-marienkaefer-kg325-8714982269639\/"},"modified":"2026-04-22T15:10:59","modified_gmt":"2026-04-22T13:10:59","slug":"esschert-design-kinderhandschuhe-marienkaefer","status":"publish","type":"product","link":"https:\/\/trendsandvision.nl\/de\/product\/esschert-design-kinderhandschuhe-marienkaefer\/","title":{"rendered":"Esschert Design Kinderhandschuhe Marienk\u00e4fer"},"content":{"rendered":"<p>Diese fr\u00f6hlich bedruckten Kinderhandschuhe mit Marienk\u00e4fern sind ein Muss bei der &#8222;Gartenarbeit&#8220;.<br \/>\nDie Handschuhe sollen Kinderh\u00e4nde vor Schmutz sch\u00fctzen. Die elastischen B\u00fcndchen verhindern, dass Schmutz in die Handschuhe eindringt.<br \/>\nDie Handfl\u00e4chen des Handschuhs sind mit Latex versehen, was den Kindern einen besseren Halt beim Aufheben von Gegenst\u00e4nden erm\u00f6glicht. Dank der elastischen Handgelenkschlaufen k\u00f6nnen Sie die Handschuhe im Garten ausziehen, ohne sie zu verlieren<\/p>\n<p>\u2013 elastische B\u00fcndchen<br \/>\n\u2013 Handfl\u00e4che mit Latex f\u00fcr festen Halt<br \/>\n\u2013 Gr\u00f6\u00dfe 4\/5 f\u00fcr die kleinsten G\u00e4rtner<\/p>\n<p>Artikelname Kinderhandschuhe Marienk\u00e4fer<br \/>\nArtikelnummer KG325<br \/>\nBarcode 8714982269639<br \/>\nProduktgruppe(n) Kinder, Berufsbekleidung, Kinderbekleidung, Berufsbekleidung<br \/>\nProduktabmessungen in cm L 10,7 x T 0,7 x H 16,5<br \/>\nMaterial Textil: 99 % Polyester, 1 % Elasthan, Punkte: PVC<br \/>\nBruttogewicht 0,032 kg<br \/>\nNettogewicht 0,023 kg<br \/>\nProduzent <a href=\"https:\/\/www.esschertdesign.com\/shop\/de\/kinderhandschoenen-lieveheersbeest-kg325\" target=\"_blank\">Esschert Design<\/a><\/p>\n<p>Unsere <strong><a href=\"https:\/\/trendsandvision.nl\/de\/?s=handschu&amp;post_type=product&amp;dgwt_wcas=1\">Handschuhkollektion<\/a><\/strong><\/p>\n","protected":false},"excerpt":{"rendered":"<p>\u2013 elastische B\u00fcndchen<br \/>\n\u2013 Handfl\u00e4che mit Latex f\u00fcr festen Halt<br \/>\n\u2013 Gr\u00f6\u00dfe 4\/5 f\u00fcr die kleinsten G\u00e4rtner<br \/>\n&#8211; L 10,7 x T 0,7 x H 16,5 cm<br \/>\n&#8211; Textil: 99 % Polyester, 1 % Elasthan, Punkte: PVC<\/p>\n","protected":false},"featured_media":19626,"template":"","meta":[],"product_brand":[9597,9598],"product_cat":[3056],"product_tag":[7013,6916,6781],"class_list":{"0":"post-12423","1":"product","2":"type-product","3":"status-publish","4":"has-post-thumbnail","6":"product_brand-esschert-design","7":"product_brand-trends-and-vision","8":"product_cat-kids-in-the-garden","9":"product_tag-kinderbekleidung","10":"product_tag-kinderhandschuhe","11":"product_tag-marienkaefer","12":"pa_anbieter-esschert-design","13":"pa_ean-code-6658","15":"first","16":"outofstock","17":"sale","18":"taxable","19":"shipping-taxable","20":"purchasable","21":"product-type-simple","22":"czr-hentry"},"yoast_head":"<!-- This site is optimized with the Yoast SEO Premium plugin v27.4 (Yoast SEO v27.4) - https:\/\/yoast.com\/product\/yoast-seo-premium-wordpress\/ -->\n<title>Esschert Design Kinderhandschuhe Marienk\u00e4fer (KG325)<\/title>\n<meta name=\"description\" content=\"Esschert Design Kinderhandschuhe Marienk\u00e4fer (KG325 EAN 8714982269639) \u2013 Gr\u00f6\u00dfe 4\/5 G\u00e4rtner, L 10,7 x T 0,7 x H 16,5 cm, Polyester, Elasthan, PVC\" \/>\n<meta name=\"robots\" content=\"index, follow, max-snippet:-1, max-image-preview:large, max-video-preview:-1\" \/>\n<link rel=\"canonical\" href=\"https:\/\/trendsandvision.nl\/de\/product\/esschert-design-kinderhandschuhe-marienkaefer\/\" \/>\n<meta property=\"og:locale\" content=\"de_DE\" \/>\n<meta property=\"og:type\" content=\"article\" \/>\n<meta property=\"og:title\" content=\"Esschert Design Kinderhandschuhe Marienk\u00e4fer\" \/>\n<meta property=\"og:description\" content=\"Esschert Design Kinderhandschuhe Marienk\u00e4fer (KG325 EAN 8714982269639) \u2013 Gr\u00f6\u00dfe 4\/5 G\u00e4rtner, L 10,7 x T 0,7 x H 16,5 cm, Polyester, Elasthan, PVC\" \/>\n<meta property=\"og:url\" content=\"https:\/\/trendsandvision.nl\/de\/product\/esschert-design-kinderhandschuhe-marienkaefer\/\" \/>\n<meta property=\"og:site_name\" content=\"Trends &amp; Vision (DE)\" \/>\n<meta property=\"article:modified_time\" content=\"2026-04-22T13:10:59+00:00\" \/>\n<meta property=\"og:image\" content=\"https:\/\/trendsandvision.nl\/de\/wp-content\/uploads\/sites\/3\/2024\/07\/kg3251-1.png\" \/>\n\t<meta property=\"og:image:width\" content=\"978\" \/>\n\t<meta property=\"og:image:height\" content=\"988\" \/>\n\t<meta property=\"og:image:type\" content=\"image\/png\" \/>\n<meta name=\"twitter:card\" content=\"summary_large_image\" \/>\n<meta name=\"twitter:label1\" content=\"Gesch\u00e4tzte Lesezeit\" \/>\n\t<meta name=\"twitter:data1\" content=\"1\u00a0Minute\" \/>\n<script type=\"application\/ld+json\" class=\"yoast-schema-graph\">{\"@context\":\"https:\\\/\\\/schema.org\",\"@graph\":[{\"@type\":\"WebPage\",\"@id\":\"https:\\\/\\\/trendsandvision.nl\\\/de\\\/product\\\/esschert-design-kinderhandschuhe-marienkaefer\\\/\",\"url\":\"https:\\\/\\\/trendsandvision.nl\\\/de\\\/product\\\/esschert-design-kinderhandschuhe-marienkaefer\\\/\",\"name\":\"Esschert Design Kinderhandschuhe Marienk\u00e4fer (KG325)\",\"isPartOf\":{\"@id\":\"https:\\\/\\\/trendsandvision.nl\\\/de\\\/#website\"},\"primaryImageOfPage\":{\"@id\":\"https:\\\/\\\/trendsandvision.nl\\\/de\\\/product\\\/esschert-design-kinderhandschuhe-marienkaefer\\\/#primaryimage\"},\"image\":{\"@id\":\"https:\\\/\\\/trendsandvision.nl\\\/de\\\/product\\\/esschert-design-kinderhandschuhe-marienkaefer\\\/#primaryimage\"},\"thumbnailUrl\":\"https:\\\/\\\/trendsandvision.nl\\\/de\\\/wp-content\\\/uploads\\\/sites\\\/3\\\/2024\\\/07\\\/kg3251-1.png\",\"datePublished\":\"2024-07-19T08:58:06+00:00\",\"dateModified\":\"2026-04-22T13:10:59+00:00\",\"description\":\"Esschert Design Kinderhandschuhe Marienk\u00e4fer (KG325 EAN 8714982269639) \u2013 Gr\u00f6\u00dfe 4\\\/5 G\u00e4rtner, L 10,7 x T 0,7 x H 16,5 cm, Polyester, Elasthan, PVC\",\"breadcrumb\":{\"@id\":\"https:\\\/\\\/trendsandvision.nl\\\/de\\\/product\\\/esschert-design-kinderhandschuhe-marienkaefer\\\/#breadcrumb\"},\"inLanguage\":\"de\",\"potentialAction\":[{\"@type\":\"ReadAction\",\"target\":[\"https:\\\/\\\/trendsandvision.nl\\\/de\\\/product\\\/esschert-design-kinderhandschuhe-marienkaefer\\\/\"]}]},{\"@type\":\"ImageObject\",\"inLanguage\":\"de\",\"@id\":\"https:\\\/\\\/trendsandvision.nl\\\/de\\\/product\\\/esschert-design-kinderhandschuhe-marienkaefer\\\/#primaryimage\",\"url\":\"https:\\\/\\\/trendsandvision.nl\\\/de\\\/wp-content\\\/uploads\\\/sites\\\/3\\\/2024\\\/07\\\/kg3251-1.png\",\"contentUrl\":\"https:\\\/\\\/trendsandvision.nl\\\/de\\\/wp-content\\\/uploads\\\/sites\\\/3\\\/2024\\\/07\\\/kg3251-1.png\",\"width\":978,\"height\":988,\"caption\":\"Trends and Vision Kinderhandschuhe Marienk\u00e4fer (KG325 EAN 8714982269639) \u2013 Gr\u00f6\u00dfe 4\\\/5 G\u00e4rtner, L 10,7 x T 0,7 x H 16,5 cm, Polyester, Elasthan, PVC\"},{\"@type\":\"BreadcrumbList\",\"@id\":\"https:\\\/\\\/trendsandvision.nl\\\/de\\\/product\\\/esschert-design-kinderhandschuhe-marienkaefer\\\/#breadcrumb\",\"itemListElement\":[{\"@type\":\"ListItem\",\"position\":1,\"name\":\"Home\",\"item\":\"https:\\\/\\\/trendsandvision.nl\\\/de\\\/\"},{\"@type\":\"ListItem\",\"position\":2,\"name\":\"Gesch\u00e4ft\",\"item\":\"https:\\\/\\\/trendsandvision.nl\\\/de\\\/geschaft\\\/\"},{\"@type\":\"ListItem\",\"position\":3,\"name\":\"Esschert Design Kinderhandschuhe Marienk\u00e4fer\"}]},{\"@type\":\"WebSite\",\"@id\":\"https:\\\/\\\/trendsandvision.nl\\\/de\\\/#website\",\"url\":\"https:\\\/\\\/trendsandvision.nl\\\/de\\\/\",\"name\":\"Trends &amp; Vision (DE)\",\"description\":\"Der Webshop f\u00fcr Esschert Design Artikel\",\"publisher\":{\"@id\":\"https:\\\/\\\/trendsandvision.nl\\\/de\\\/#organization\"},\"potentialAction\":[{\"@type\":\"SearchAction\",\"target\":{\"@type\":\"EntryPoint\",\"urlTemplate\":\"https:\\\/\\\/trendsandvision.nl\\\/de\\\/?s={search_term_string}\"},\"query-input\":{\"@type\":\"PropertyValueSpecification\",\"valueRequired\":true,\"valueName\":\"search_term_string\"}}],\"inLanguage\":\"de\"},{\"@type\":\"Organization\",\"@id\":\"https:\\\/\\\/trendsandvision.nl\\\/de\\\/#organization\",\"name\":\"Trends &amp; Vision (DE)\",\"url\":\"https:\\\/\\\/trendsandvision.nl\\\/de\\\/\",\"logo\":{\"@type\":\"ImageObject\",\"inLanguage\":\"de\",\"@id\":\"https:\\\/\\\/trendsandvision.nl\\\/de\\\/#\\\/schema\\\/logo\\\/image\\\/\",\"url\":\"https:\\\/\\\/trendsandvision.nl\\\/de\\\/wp-content\\\/uploads\\\/sites\\\/3\\\/2022\\\/04\\\/trends-and-vision-logo.jpg\",\"contentUrl\":\"https:\\\/\\\/trendsandvision.nl\\\/de\\\/wp-content\\\/uploads\\\/sites\\\/3\\\/2022\\\/04\\\/trends-and-vision-logo.jpg\",\"width\":213,\"height\":100,\"caption\":\"Trends &amp; Vision (DE)\"},\"image\":{\"@id\":\"https:\\\/\\\/trendsandvision.nl\\\/de\\\/#\\\/schema\\\/logo\\\/image\\\/\"}}]}<\/script>\n<!-- \/ Yoast SEO Premium plugin. -->","yoast_head_json":{"title":"Esschert Design Kinderhandschuhe Marienk\u00e4fer (KG325)","description":"Esschert Design Kinderhandschuhe Marienk\u00e4fer (KG325 EAN 8714982269639) \u2013 Gr\u00f6\u00dfe 4\/5 G\u00e4rtner, L 10,7 x T 0,7 x H 16,5 cm, Polyester, Elasthan, PVC","robots":{"index":"index","follow":"follow","max-snippet":"max-snippet:-1","max-image-preview":"max-image-preview:large","max-video-preview":"max-video-preview:-1"},"canonical":"https:\/\/trendsandvision.nl\/de\/product\/esschert-design-kinderhandschuhe-marienkaefer\/","og_locale":"de_DE","og_type":"article","og_title":"Esschert Design Kinderhandschuhe Marienk\u00e4fer","og_description":"Esschert Design Kinderhandschuhe Marienk\u00e4fer (KG325 EAN 8714982269639) \u2013 Gr\u00f6\u00dfe 4\/5 G\u00e4rtner, L 10,7 x T 0,7 x H 16,5 cm, Polyester, Elasthan, PVC","og_url":"https:\/\/trendsandvision.nl\/de\/product\/esschert-design-kinderhandschuhe-marienkaefer\/","og_site_name":"Trends &amp; Vision (DE)","article_modified_time":"2026-04-22T13:10:59+00:00","og_image":[{"width":978,"height":988,"url":"https:\/\/trendsandvision.nl\/de\/wp-content\/uploads\/sites\/3\/2024\/07\/kg3251-1.png","type":"image\/png"}],"twitter_card":"summary_large_image","twitter_misc":{"Gesch\u00e4tzte Lesezeit":"1\u00a0Minute"},"schema":{"@context":"https:\/\/schema.org","@graph":[{"@type":"WebPage","@id":"https:\/\/trendsandvision.nl\/de\/product\/esschert-design-kinderhandschuhe-marienkaefer\/","url":"https:\/\/trendsandvision.nl\/de\/product\/esschert-design-kinderhandschuhe-marienkaefer\/","name":"Esschert Design Kinderhandschuhe Marienk\u00e4fer (KG325)","isPartOf":{"@id":"https:\/\/trendsandvision.nl\/de\/#website"},"primaryImageOfPage":{"@id":"https:\/\/trendsandvision.nl\/de\/product\/esschert-design-kinderhandschuhe-marienkaefer\/#primaryimage"},"image":{"@id":"https:\/\/trendsandvision.nl\/de\/product\/esschert-design-kinderhandschuhe-marienkaefer\/#primaryimage"},"thumbnailUrl":"https:\/\/trendsandvision.nl\/de\/wp-content\/uploads\/sites\/3\/2024\/07\/kg3251-1.png","datePublished":"2024-07-19T08:58:06+00:00","dateModified":"2026-04-22T13:10:59+00:00","description":"Esschert Design Kinderhandschuhe Marienk\u00e4fer (KG325 EAN 8714982269639) \u2013 Gr\u00f6\u00dfe 4\/5 G\u00e4rtner, L 10,7 x T 0,7 x H 16,5 cm, Polyester, Elasthan, PVC","breadcrumb":{"@id":"https:\/\/trendsandvision.nl\/de\/product\/esschert-design-kinderhandschuhe-marienkaefer\/#breadcrumb"},"inLanguage":"de","potentialAction":[{"@type":"ReadAction","target":["https:\/\/trendsandvision.nl\/de\/product\/esschert-design-kinderhandschuhe-marienkaefer\/"]}]},{"@type":"ImageObject","inLanguage":"de","@id":"https:\/\/trendsandvision.nl\/de\/product\/esschert-design-kinderhandschuhe-marienkaefer\/#primaryimage","url":"https:\/\/trendsandvision.nl\/de\/wp-content\/uploads\/sites\/3\/2024\/07\/kg3251-1.png","contentUrl":"https:\/\/trendsandvision.nl\/de\/wp-content\/uploads\/sites\/3\/2024\/07\/kg3251-1.png","width":978,"height":988,"caption":"Trends and Vision Kinderhandschuhe Marienk\u00e4fer (KG325 EAN 8714982269639) \u2013 Gr\u00f6\u00dfe 4\/5 G\u00e4rtner, L 10,7 x T 0,7 x H 16,5 cm, Polyester, Elasthan, PVC"},{"@type":"BreadcrumbList","@id":"https:\/\/trendsandvision.nl\/de\/product\/esschert-design-kinderhandschuhe-marienkaefer\/#breadcrumb","itemListElement":[{"@type":"ListItem","position":1,"name":"Home","item":"https:\/\/trendsandvision.nl\/de\/"},{"@type":"ListItem","position":2,"name":"Gesch\u00e4ft","item":"https:\/\/trendsandvision.nl\/de\/geschaft\/"},{"@type":"ListItem","position":3,"name":"Esschert Design Kinderhandschuhe Marienk\u00e4fer"}]},{"@type":"WebSite","@id":"https:\/\/trendsandvision.nl\/de\/#website","url":"https:\/\/trendsandvision.nl\/de\/","name":"Trends &amp; Vision (DE)","description":"Der Webshop f\u00fcr Esschert Design Artikel","publisher":{"@id":"https:\/\/trendsandvision.nl\/de\/#organization"},"potentialAction":[{"@type":"SearchAction","target":{"@type":"EntryPoint","urlTemplate":"https:\/\/trendsandvision.nl\/de\/?s={search_term_string}"},"query-input":{"@type":"PropertyValueSpecification","valueRequired":true,"valueName":"search_term_string"}}],"inLanguage":"de"},{"@type":"Organization","@id":"https:\/\/trendsandvision.nl\/de\/#organization","name":"Trends &amp; Vision (DE)","url":"https:\/\/trendsandvision.nl\/de\/","logo":{"@type":"ImageObject","inLanguage":"de","@id":"https:\/\/trendsandvision.nl\/de\/#\/schema\/logo\/image\/","url":"https:\/\/trendsandvision.nl\/de\/wp-content\/uploads\/sites\/3\/2022\/04\/trends-and-vision-logo.jpg","contentUrl":"https:\/\/trendsandvision.nl\/de\/wp-content\/uploads\/sites\/3\/2022\/04\/trends-and-vision-logo.jpg","width":213,"height":100,"caption":"Trends &amp; Vision (DE)"},"image":{"@id":"https:\/\/trendsandvision.nl\/de\/#\/schema\/logo\/image\/"}}]}},"_links":{"self":[{"href":"https:\/\/trendsandvision.nl\/de\/wp-json\/wp\/v2\/product\/12423","targetHints":{"allow":["GET"]}}],"collection":[{"href":"https:\/\/trendsandvision.nl\/de\/wp-json\/wp\/v2\/product"}],"about":[{"href":"https:\/\/trendsandvision.nl\/de\/wp-json\/wp\/v2\/types\/product"}],"wp:featuredmedia":[{"embeddable":true,"href":"https:\/\/trendsandvision.nl\/de\/wp-json\/wp\/v2\/media\/19626"}],"wp:attachment":[{"href":"https:\/\/trendsandvision.nl\/de\/wp-json\/wp\/v2\/media?parent=12423"}],"wp:term":[{"taxonomy":"product_brand","embeddable":true,"href":"https:\/\/trendsandvision.nl\/de\/wp-json\/wp\/v2\/product_brand?post=12423"},{"taxonomy":"product_cat","embeddable":true,"href":"https:\/\/trendsandvision.nl\/de\/wp-json\/wp\/v2\/product_cat?post=12423"},{"taxonomy":"product_tag","embeddable":true,"href":"https:\/\/trendsandvision.nl\/de\/wp-json\/wp\/v2\/product_tag?post=12423"}],"curies":[{"name":"wp","href":"https:\/\/api.w.org\/{rel}","templated":true}]}}