{"id":12420,"date":"2024-07-19T10:57:58","date_gmt":"2024-07-19T08:57:58","guid":{"rendered":"https:\/\/trendsandvision.nl\/de\/product\/esschert-design-kinderrechen-insekt-wahl-kg322-8714982268984\/"},"modified":"2026-04-22T15:10:57","modified_gmt":"2026-04-22T13:10:57","slug":"esschert-design-kinderrechen-insekt-wahl","status":"publish","type":"product","link":"https:\/\/trendsandvision.nl\/de\/product\/esschert-design-kinderrechen-insekt-wahl\/","title":{"rendered":"Esschert Design Kinderrechen Insekt Wahl"},"content":{"rendered":"<p>Esschert Design Kinderrechen Insekt Wahl.<br \/>\nDiese Kinderharke\/Laubharke mit Insektenmotiv wurde speziell <strong><a href=\"https:\/\/trendsandvision.nl\/de\/?s=mithelfen&amp;post_type=product&amp;dgwt_wcas=1\">f\u00fcr kleine Gartenhelfer<\/a><\/strong> entwickelt. Mit dem stabilen Holzgriff k\u00f6nnen Kinder sicher und effektiv im Garten oder auf der Terrasse mithelfen. Das farbenfrohe Design mit Insektenmotiv spricht Kinder direkt an und f\u00f6rdert spielerisch ihr Interesse an der Natur.<\/p>\n<p>Artikelbezeichnung Kinderlaubrechen-Insekt<br \/>\nArtikelnummer KG322<br \/>\nBarcode 8714982268984<br \/>\nAuswahl ja, aus 3 Farben (Gelb, Rot oder Blau)<br \/>\nProduktgruppe(n) Kinder, Gartenger\u00e4te, Metall\/Stahl\/Zink<br \/>\nProduktabmessungen in cm L 20,3 x T 3,4 x H 88,6<br \/>\nNettogewicht 0,7 kg<br \/>\nProduzent <a href=\"https:\/\/www.esschertdesign.com\/shop\/de\/kinderbladhark-insect-ass-kg322\" target=\"_blank\">Esschert Design<\/a><\/p>\n","protected":false},"excerpt":{"rendered":"<p>&#8211; fr\u00f6hliches Insektenmotiv<br \/>\n&#8211; loch zum Aufh\u00e4ngen<br \/>\n&#8211; FSC-Holz\/Metal<br \/>\n&#8211; Wahl aus 3 Varianten<br \/>\n\u2013 perfekte Gr\u00f6\u00dfe f\u00fcr kleine Kinder<br \/>\n&#8211; L 20,3 x T 3,4 x H 88,6<br \/>\n\u2013 regt zum Mithelfen im Garten an<\/p>\n","protected":false},"featured_media":15914,"template":"","meta":[],"product_brand":[9597,9598],"product_cat":[3056],"product_tag":[6882,7032],"class_list":{"0":"post-12420","1":"product","2":"type-product","3":"status-publish","4":"has-post-thumbnail","6":"product_brand-esschert-design","7":"product_brand-trends-and-vision","8":"product_cat-kids-in-the-garden","9":"product_tag-kinderbesen","10":"product_tag-kinderlaubrechen","11":"pa_anbieter-esschert-design","12":"pa_ean-code-6655","14":"first","15":"instock","16":"sale","17":"taxable","18":"shipping-taxable","19":"purchasable","20":"product-type-simple","21":"czr-hentry"},"yoast_head":"<!-- This site is optimized with the Yoast SEO Premium plugin v27.4 (Yoast SEO v27.5) - https:\/\/yoast.com\/product\/yoast-seo-premium-wordpress\/ -->\n<title>Esschert Design Kinderrechen Insekt Wahl (KG322)<\/title>\n<meta name=\"description\" content=\"Esschert Design Kinderrechen Insekt Wahl (KG322 EAN 8714982268984) - Wahl aus 3 Varianten\u2013 perfekte Gr\u00f6\u00dfe f\u00fcr kleine Kinder- L 20,3 x T 3,4 x H 88,6 cm\" \/>\n<meta name=\"robots\" content=\"index, follow, max-snippet:-1, max-image-preview:large, max-video-preview:-1\" \/>\n<link rel=\"canonical\" href=\"https:\/\/trendsandvision.nl\/de\/product\/esschert-design-kinderrechen-insekt-wahl\/\" \/>\n<meta property=\"og:locale\" content=\"de_DE\" \/>\n<meta property=\"og:type\" content=\"article\" \/>\n<meta property=\"og:title\" content=\"Esschert Design Kinderrechen Insekt Wahl\" \/>\n<meta property=\"og:description\" content=\"Esschert Design Kinderrechen Insekt Wahl (KG322 EAN 8714982268984) - Wahl aus 3 Varianten\u2013 perfekte Gr\u00f6\u00dfe f\u00fcr kleine Kinder- L 20,3 x T 3,4 x H 88,6 cm\" \/>\n<meta property=\"og:url\" content=\"https:\/\/trendsandvision.nl\/de\/product\/esschert-design-kinderrechen-insekt-wahl\/\" \/>\n<meta property=\"og:site_name\" content=\"Trends &amp; Vision (DE)\" \/>\n<meta property=\"article:modified_time\" content=\"2026-04-22T13:10:57+00:00\" \/>\n<meta property=\"og:image\" content=\"https:\/\/trendsandvision.nl\/de\/wp-content\/uploads\/sites\/3\/2024\/07\/KG322.png\" \/>\n\t<meta property=\"og:image:width\" content=\"754\" \/>\n\t<meta property=\"og:image:height\" content=\"1134\" \/>\n\t<meta property=\"og:image:type\" content=\"image\/png\" \/>\n<meta name=\"twitter:card\" content=\"summary_large_image\" \/>\n<meta name=\"twitter:label1\" content=\"Gesch\u00e4tzte Lesezeit\" \/>\n\t<meta name=\"twitter:data1\" content=\"1\u00a0Minute\" \/>\n<script type=\"application\/ld+json\" class=\"yoast-schema-graph\">{\"@context\":\"https:\\\/\\\/schema.org\",\"@graph\":[{\"@type\":\"WebPage\",\"@id\":\"https:\\\/\\\/trendsandvision.nl\\\/de\\\/product\\\/esschert-design-kinderrechen-insekt-wahl\\\/\",\"url\":\"https:\\\/\\\/trendsandvision.nl\\\/de\\\/product\\\/esschert-design-kinderrechen-insekt-wahl\\\/\",\"name\":\"Esschert Design Kinderrechen Insekt Wahl (KG322)\",\"isPartOf\":{\"@id\":\"https:\\\/\\\/trendsandvision.nl\\\/de\\\/#website\"},\"primaryImageOfPage\":{\"@id\":\"https:\\\/\\\/trendsandvision.nl\\\/de\\\/product\\\/esschert-design-kinderrechen-insekt-wahl\\\/#primaryimage\"},\"image\":{\"@id\":\"https:\\\/\\\/trendsandvision.nl\\\/de\\\/product\\\/esschert-design-kinderrechen-insekt-wahl\\\/#primaryimage\"},\"thumbnailUrl\":\"https:\\\/\\\/trendsandvision.nl\\\/de\\\/wp-content\\\/uploads\\\/sites\\\/3\\\/2024\\\/07\\\/KG322.png\",\"datePublished\":\"2024-07-19T08:57:58+00:00\",\"dateModified\":\"2026-04-22T13:10:57+00:00\",\"description\":\"Esschert Design Kinderrechen Insekt Wahl (KG322 EAN 8714982268984) - Wahl aus 3 Varianten\u2013 perfekte Gr\u00f6\u00dfe f\u00fcr kleine Kinder- L 20,3 x T 3,4 x H 88,6 cm\",\"breadcrumb\":{\"@id\":\"https:\\\/\\\/trendsandvision.nl\\\/de\\\/product\\\/esschert-design-kinderrechen-insekt-wahl\\\/#breadcrumb\"},\"inLanguage\":\"de\",\"potentialAction\":[{\"@type\":\"ReadAction\",\"target\":[\"https:\\\/\\\/trendsandvision.nl\\\/de\\\/product\\\/esschert-design-kinderrechen-insekt-wahl\\\/\"]}]},{\"@type\":\"ImageObject\",\"inLanguage\":\"de\",\"@id\":\"https:\\\/\\\/trendsandvision.nl\\\/de\\\/product\\\/esschert-design-kinderrechen-insekt-wahl\\\/#primaryimage\",\"url\":\"https:\\\/\\\/trendsandvision.nl\\\/de\\\/wp-content\\\/uploads\\\/sites\\\/3\\\/2024\\\/07\\\/KG322.png\",\"contentUrl\":\"https:\\\/\\\/trendsandvision.nl\\\/de\\\/wp-content\\\/uploads\\\/sites\\\/3\\\/2024\\\/07\\\/KG322.png\",\"width\":754,\"height\":1134,\"caption\":\"Trends and Vision Kinderrechen Insekt Wahl (KG322 EAN 8714982268984) - Wahl aus 3 Varianten\u2013 perfekte Gr\u00f6\u00dfe f\u00fcr kleine Kinder- L 20,3 x T 3,4 x H 88,6 cm\"},{\"@type\":\"BreadcrumbList\",\"@id\":\"https:\\\/\\\/trendsandvision.nl\\\/de\\\/product\\\/esschert-design-kinderrechen-insekt-wahl\\\/#breadcrumb\",\"itemListElement\":[{\"@type\":\"ListItem\",\"position\":1,\"name\":\"Home\",\"item\":\"https:\\\/\\\/trendsandvision.nl\\\/de\\\/\"},{\"@type\":\"ListItem\",\"position\":2,\"name\":\"Gesch\u00e4ft\",\"item\":\"https:\\\/\\\/trendsandvision.nl\\\/de\\\/geschaft\\\/\"},{\"@type\":\"ListItem\",\"position\":3,\"name\":\"Esschert Design Kinderrechen Insekt Wahl\"}]},{\"@type\":\"WebSite\",\"@id\":\"https:\\\/\\\/trendsandvision.nl\\\/de\\\/#website\",\"url\":\"https:\\\/\\\/trendsandvision.nl\\\/de\\\/\",\"name\":\"Trends &amp; Vision (DE)\",\"description\":\"Der Webshop f\u00fcr Esschert Design Artikel\",\"publisher\":{\"@id\":\"https:\\\/\\\/trendsandvision.nl\\\/de\\\/#organization\"},\"potentialAction\":[{\"@type\":\"SearchAction\",\"target\":{\"@type\":\"EntryPoint\",\"urlTemplate\":\"https:\\\/\\\/trendsandvision.nl\\\/de\\\/?s={search_term_string}\"},\"query-input\":{\"@type\":\"PropertyValueSpecification\",\"valueRequired\":true,\"valueName\":\"search_term_string\"}}],\"inLanguage\":\"de\"},{\"@type\":\"Organization\",\"@id\":\"https:\\\/\\\/trendsandvision.nl\\\/de\\\/#organization\",\"name\":\"Trends &amp; Vision (DE)\",\"url\":\"https:\\\/\\\/trendsandvision.nl\\\/de\\\/\",\"logo\":{\"@type\":\"ImageObject\",\"inLanguage\":\"de\",\"@id\":\"https:\\\/\\\/trendsandvision.nl\\\/de\\\/#\\\/schema\\\/logo\\\/image\\\/\",\"url\":\"https:\\\/\\\/trendsandvision.nl\\\/de\\\/wp-content\\\/uploads\\\/sites\\\/3\\\/2022\\\/04\\\/trends-and-vision-logo.jpg\",\"contentUrl\":\"https:\\\/\\\/trendsandvision.nl\\\/de\\\/wp-content\\\/uploads\\\/sites\\\/3\\\/2022\\\/04\\\/trends-and-vision-logo.jpg\",\"width\":213,\"height\":100,\"caption\":\"Trends &amp; Vision (DE)\"},\"image\":{\"@id\":\"https:\\\/\\\/trendsandvision.nl\\\/de\\\/#\\\/schema\\\/logo\\\/image\\\/\"}}]}<\/script>\n<!-- \/ Yoast SEO Premium plugin. -->","yoast_head_json":{"title":"Esschert Design Kinderrechen Insekt Wahl (KG322)","description":"Esschert Design Kinderrechen Insekt Wahl (KG322 EAN 8714982268984) - Wahl aus 3 Varianten\u2013 perfekte Gr\u00f6\u00dfe f\u00fcr kleine Kinder- L 20,3 x T 3,4 x H 88,6 cm","robots":{"index":"index","follow":"follow","max-snippet":"max-snippet:-1","max-image-preview":"max-image-preview:large","max-video-preview":"max-video-preview:-1"},"canonical":"https:\/\/trendsandvision.nl\/de\/product\/esschert-design-kinderrechen-insekt-wahl\/","og_locale":"de_DE","og_type":"article","og_title":"Esschert Design Kinderrechen Insekt Wahl","og_description":"Esschert Design Kinderrechen Insekt Wahl (KG322 EAN 8714982268984) - Wahl aus 3 Varianten\u2013 perfekte Gr\u00f6\u00dfe f\u00fcr kleine Kinder- L 20,3 x T 3,4 x H 88,6 cm","og_url":"https:\/\/trendsandvision.nl\/de\/product\/esschert-design-kinderrechen-insekt-wahl\/","og_site_name":"Trends &amp; Vision (DE)","article_modified_time":"2026-04-22T13:10:57+00:00","og_image":[{"width":754,"height":1134,"url":"https:\/\/trendsandvision.nl\/de\/wp-content\/uploads\/sites\/3\/2024\/07\/KG322.png","type":"image\/png"}],"twitter_card":"summary_large_image","twitter_misc":{"Gesch\u00e4tzte Lesezeit":"1\u00a0Minute"},"schema":{"@context":"https:\/\/schema.org","@graph":[{"@type":"WebPage","@id":"https:\/\/trendsandvision.nl\/de\/product\/esschert-design-kinderrechen-insekt-wahl\/","url":"https:\/\/trendsandvision.nl\/de\/product\/esschert-design-kinderrechen-insekt-wahl\/","name":"Esschert Design Kinderrechen Insekt Wahl (KG322)","isPartOf":{"@id":"https:\/\/trendsandvision.nl\/de\/#website"},"primaryImageOfPage":{"@id":"https:\/\/trendsandvision.nl\/de\/product\/esschert-design-kinderrechen-insekt-wahl\/#primaryimage"},"image":{"@id":"https:\/\/trendsandvision.nl\/de\/product\/esschert-design-kinderrechen-insekt-wahl\/#primaryimage"},"thumbnailUrl":"https:\/\/trendsandvision.nl\/de\/wp-content\/uploads\/sites\/3\/2024\/07\/KG322.png","datePublished":"2024-07-19T08:57:58+00:00","dateModified":"2026-04-22T13:10:57+00:00","description":"Esschert Design Kinderrechen Insekt Wahl (KG322 EAN 8714982268984) - Wahl aus 3 Varianten\u2013 perfekte Gr\u00f6\u00dfe f\u00fcr kleine Kinder- L 20,3 x T 3,4 x H 88,6 cm","breadcrumb":{"@id":"https:\/\/trendsandvision.nl\/de\/product\/esschert-design-kinderrechen-insekt-wahl\/#breadcrumb"},"inLanguage":"de","potentialAction":[{"@type":"ReadAction","target":["https:\/\/trendsandvision.nl\/de\/product\/esschert-design-kinderrechen-insekt-wahl\/"]}]},{"@type":"ImageObject","inLanguage":"de","@id":"https:\/\/trendsandvision.nl\/de\/product\/esschert-design-kinderrechen-insekt-wahl\/#primaryimage","url":"https:\/\/trendsandvision.nl\/de\/wp-content\/uploads\/sites\/3\/2024\/07\/KG322.png","contentUrl":"https:\/\/trendsandvision.nl\/de\/wp-content\/uploads\/sites\/3\/2024\/07\/KG322.png","width":754,"height":1134,"caption":"Trends and Vision Kinderrechen Insekt Wahl (KG322 EAN 8714982268984) - Wahl aus 3 Varianten\u2013 perfekte Gr\u00f6\u00dfe f\u00fcr kleine Kinder- L 20,3 x T 3,4 x H 88,6 cm"},{"@type":"BreadcrumbList","@id":"https:\/\/trendsandvision.nl\/de\/product\/esschert-design-kinderrechen-insekt-wahl\/#breadcrumb","itemListElement":[{"@type":"ListItem","position":1,"name":"Home","item":"https:\/\/trendsandvision.nl\/de\/"},{"@type":"ListItem","position":2,"name":"Gesch\u00e4ft","item":"https:\/\/trendsandvision.nl\/de\/geschaft\/"},{"@type":"ListItem","position":3,"name":"Esschert Design Kinderrechen Insekt Wahl"}]},{"@type":"WebSite","@id":"https:\/\/trendsandvision.nl\/de\/#website","url":"https:\/\/trendsandvision.nl\/de\/","name":"Trends &amp; Vision (DE)","description":"Der Webshop f\u00fcr Esschert Design Artikel","publisher":{"@id":"https:\/\/trendsandvision.nl\/de\/#organization"},"potentialAction":[{"@type":"SearchAction","target":{"@type":"EntryPoint","urlTemplate":"https:\/\/trendsandvision.nl\/de\/?s={search_term_string}"},"query-input":{"@type":"PropertyValueSpecification","valueRequired":true,"valueName":"search_term_string"}}],"inLanguage":"de"},{"@type":"Organization","@id":"https:\/\/trendsandvision.nl\/de\/#organization","name":"Trends &amp; Vision (DE)","url":"https:\/\/trendsandvision.nl\/de\/","logo":{"@type":"ImageObject","inLanguage":"de","@id":"https:\/\/trendsandvision.nl\/de\/#\/schema\/logo\/image\/","url":"https:\/\/trendsandvision.nl\/de\/wp-content\/uploads\/sites\/3\/2022\/04\/trends-and-vision-logo.jpg","contentUrl":"https:\/\/trendsandvision.nl\/de\/wp-content\/uploads\/sites\/3\/2022\/04\/trends-and-vision-logo.jpg","width":213,"height":100,"caption":"Trends &amp; Vision (DE)"},"image":{"@id":"https:\/\/trendsandvision.nl\/de\/#\/schema\/logo\/image\/"}}]}},"_links":{"self":[{"href":"https:\/\/trendsandvision.nl\/de\/wp-json\/wp\/v2\/product\/12420","targetHints":{"allow":["GET"]}}],"collection":[{"href":"https:\/\/trendsandvision.nl\/de\/wp-json\/wp\/v2\/product"}],"about":[{"href":"https:\/\/trendsandvision.nl\/de\/wp-json\/wp\/v2\/types\/product"}],"wp:featuredmedia":[{"embeddable":true,"href":"https:\/\/trendsandvision.nl\/de\/wp-json\/wp\/v2\/media\/15914"}],"wp:attachment":[{"href":"https:\/\/trendsandvision.nl\/de\/wp-json\/wp\/v2\/media?parent=12420"}],"wp:term":[{"taxonomy":"product_brand","embeddable":true,"href":"https:\/\/trendsandvision.nl\/de\/wp-json\/wp\/v2\/product_brand?post=12420"},{"taxonomy":"product_cat","embeddable":true,"href":"https:\/\/trendsandvision.nl\/de\/wp-json\/wp\/v2\/product_cat?post=12420"},{"taxonomy":"product_tag","embeddable":true,"href":"https:\/\/trendsandvision.nl\/de\/wp-json\/wp\/v2\/product_tag?post=12420"}],"curies":[{"name":"wp","href":"https:\/\/api.w.org\/{rel}","templated":true}]}}