{"id":12413,"date":"2024-07-19T10:57:47","date_gmt":"2024-07-19T08:57:47","guid":{"rendered":"https:\/\/trendsandvision.nl\/de\/product\/esschert-design-matschkaechenkaffeeset-kg318-8714982267895\/"},"modified":"2026-04-07T10:38:27","modified_gmt":"2026-04-07T08:38:27","slug":"esschert-design-schlammkueche-kaffeeset","status":"publish","type":"product","link":"https:\/\/trendsandvision.nl\/de\/product\/esschert-design-schlammkueche-kaffeeset\/","title":{"rendered":"Esschert Design Schlammk\u00fcche Kaffeeset"},"content":{"rendered":"<p>Outdoor-Kids aufgepasst: Mit diesem Schlammk\u00fcche Kaffeeset von Esschert Design k\u00f6nnen Sie den leckersten Kaffee direkt aus Ihrem Sandkasten zubereiten.<br \/>\nStimulieren Sie die Kreativit\u00e4t Ihrer Kinder mit diesem lustigen Kaffeeset! Dieses Set besteht aus Kaffeekanne, Milch &amp; Zucker auf einer Portion\/Tablett plus vier Tassen &amp; Gericht. Einen Keks hinzuf\u00fcgen und genie\u00dfen!<br \/>\n<strong><a href=\"https:\/\/trendsandvision.nl\/de\/?s=matschk&amp;post_type=product&amp;dgwt_wcas=1\">Mehrere Wasserspiele<\/a><\/strong><\/p>\n<p>Artikelname: Schlammk\u00fcche kaffeeset, aus Metall<br \/>\nArtikelnummer KG318<br \/>\nProduktgruppe(n) Garten &amp; Terrasse, Kinder, Kinder, Heimwerker, Andere<br \/>\nProduktabmessungen in cm L 17 x T 7,7 x H 24,8<br \/>\nBarcode 8714982267895<br \/>\nMaterial Eisen<br \/>\nNettogewicht 0,234 kg<br \/>\nProduzent <a href=\"https:\/\/www.esschertdesign.com\/shop\/de\/modderkeukenkoffieset-kg318\" target=\"_blank\">Esschert Design<\/a><\/p>\n","protected":false},"excerpt":{"rendered":"<p>L 17 x T 7,7 x H 24,8 cm<br \/>\nMaterial Eisen<br \/>\nNettogewicht 0,234 kg<br \/>\nBarcode 8714982267895<\/p>\n","protected":false},"featured_media":12414,"template":"","meta":[],"product_brand":[9597,9870],"product_cat":[3056],"product_tag":[6720,7285,6799,6733],"class_list":{"0":"post-12413","1":"product","2":"type-product","3":"status-publish","4":"has-post-thumbnail","6":"product_brand-esschert-design","7":"product_brand-trends-vision","8":"product_cat-kids-in-the-garden","9":"product_tag-kinder","10":"product_tag-matsch","11":"product_tag-matschkueche","12":"product_tag-paedagogisch","13":"pa_anbieter-esschert-design","14":"pa_ean-code-6653","16":"first","17":"instock","18":"sale","19":"taxable","20":"shipping-taxable","21":"purchasable","22":"product-type-simple","23":"czr-hentry"},"yoast_head":"<!-- This site is optimized with the Yoast SEO Premium plugin v26.4 (Yoast SEO v27.4) - https:\/\/yoast.com\/product\/yoast-seo-premium-wordpress\/ -->\n<title>Esschert Design Schlammk\u00fcche kaffeeset (KG318 )<\/title>\n<meta name=\"description\" content=\"Esschert Design Schlammk\u00fcche kaffeeset (KG318 EAN 8714982267895)cm L 17 x T 7,7 x H 24,8, , Material Eisen, Nettogewicht 0,234 kg, Matschk\u00fcche\" \/>\n<meta name=\"robots\" content=\"index, follow, max-snippet:-1, max-image-preview:large, max-video-preview:-1\" \/>\n<link rel=\"canonical\" href=\"https:\/\/trendsandvision.nl\/de\/product\/esschert-design-schlammkueche-kaffeeset\/\" \/>\n<meta property=\"og:locale\" content=\"de_DE\" \/>\n<meta property=\"og:type\" content=\"article\" \/>\n<meta property=\"og:title\" content=\"Esschert Design Schlammk\u00fcche Kaffeeset\" \/>\n<meta property=\"og:description\" content=\"Esschert Design Schlammk\u00fcche kaffeeset (KG318 EAN 8714982267895)cm L 17 x T 7,7 x H 24,8, , Material Eisen, Nettogewicht 0,234 kg, Matschk\u00fcche\" \/>\n<meta property=\"og:url\" content=\"https:\/\/trendsandvision.nl\/de\/product\/esschert-design-schlammkueche-kaffeeset\/\" \/>\n<meta property=\"og:site_name\" content=\"Trends &amp; Vision (DE)\" \/>\n<meta property=\"article:modified_time\" content=\"2026-04-07T08:38:27+00:00\" \/>\n<meta property=\"og:image\" content=\"https:\/\/trendsandvision.nl\/de\/wp-content\/uploads\/sites\/3\/2024\/07\/KG318_01.jpg\" \/>\n\t<meta property=\"og:image:width\" content=\"800\" \/>\n\t<meta property=\"og:image:height\" content=\"800\" \/>\n\t<meta property=\"og:image:type\" content=\"image\/jpeg\" \/>\n<meta name=\"twitter:card\" content=\"summary_large_image\" \/>\n<meta name=\"twitter:label1\" content=\"Gesch\u00e4tzte Lesezeit\" \/>\n\t<meta name=\"twitter:data1\" content=\"1\u00a0Minute\" \/>\n<script type=\"application\/ld+json\" class=\"yoast-schema-graph\">{\"@context\":\"https:\\\/\\\/schema.org\",\"@graph\":[{\"@type\":\"WebPage\",\"@id\":\"https:\\\/\\\/trendsandvision.nl\\\/de\\\/product\\\/esschert-design-schlammkueche-kaffeeset\\\/\",\"url\":\"https:\\\/\\\/trendsandvision.nl\\\/de\\\/product\\\/esschert-design-schlammkueche-kaffeeset\\\/\",\"name\":\"Esschert Design Schlammk\u00fcche kaffeeset (KG318 )\",\"isPartOf\":{\"@id\":\"https:\\\/\\\/trendsandvision.nl\\\/de\\\/#website\"},\"primaryImageOfPage\":{\"@id\":\"https:\\\/\\\/trendsandvision.nl\\\/de\\\/product\\\/esschert-design-schlammkueche-kaffeeset\\\/#primaryimage\"},\"image\":{\"@id\":\"https:\\\/\\\/trendsandvision.nl\\\/de\\\/product\\\/esschert-design-schlammkueche-kaffeeset\\\/#primaryimage\"},\"thumbnailUrl\":\"https:\\\/\\\/trendsandvision.nl\\\/de\\\/wp-content\\\/uploads\\\/sites\\\/3\\\/2024\\\/07\\\/KG318_01.jpg\",\"datePublished\":\"2024-07-19T08:57:47+00:00\",\"dateModified\":\"2026-04-07T08:38:27+00:00\",\"description\":\"Esschert Design Schlammk\u00fcche kaffeeset (KG318 EAN 8714982267895)cm L 17 x T 7,7 x H 24,8, , Material Eisen, Nettogewicht 0,234 kg, Matschk\u00fcche\",\"breadcrumb\":{\"@id\":\"https:\\\/\\\/trendsandvision.nl\\\/de\\\/product\\\/esschert-design-schlammkueche-kaffeeset\\\/#breadcrumb\"},\"inLanguage\":\"de\",\"potentialAction\":[{\"@type\":\"ReadAction\",\"target\":[\"https:\\\/\\\/trendsandvision.nl\\\/de\\\/product\\\/esschert-design-schlammkueche-kaffeeset\\\/\"]}]},{\"@type\":\"ImageObject\",\"inLanguage\":\"de\",\"@id\":\"https:\\\/\\\/trendsandvision.nl\\\/de\\\/product\\\/esschert-design-schlammkueche-kaffeeset\\\/#primaryimage\",\"url\":\"https:\\\/\\\/trendsandvision.nl\\\/de\\\/wp-content\\\/uploads\\\/sites\\\/3\\\/2024\\\/07\\\/KG318_01.jpg\",\"contentUrl\":\"https:\\\/\\\/trendsandvision.nl\\\/de\\\/wp-content\\\/uploads\\\/sites\\\/3\\\/2024\\\/07\\\/KG318_01.jpg\",\"width\":800,\"height\":800,\"caption\":\"Trends and Vision Esschert Design Schlammk\u00fcche kaffeeset (KG318 EAN 8714982267895)cm L 17 x T 7,7 x H 24,8, , Material Eisen, Nettogewicht 0,234 kg, Matschk\u00fcche\"},{\"@type\":\"BreadcrumbList\",\"@id\":\"https:\\\/\\\/trendsandvision.nl\\\/de\\\/product\\\/esschert-design-schlammkueche-kaffeeset\\\/#breadcrumb\",\"itemListElement\":[{\"@type\":\"ListItem\",\"position\":1,\"name\":\"Home\",\"item\":\"https:\\\/\\\/trendsandvision.nl\\\/de\\\/\"},{\"@type\":\"ListItem\",\"position\":2,\"name\":\"Gesch\u00e4ft\",\"item\":\"https:\\\/\\\/trendsandvision.nl\\\/de\\\/geschaft\\\/\"},{\"@type\":\"ListItem\",\"position\":3,\"name\":\"Esschert Design Schlammk\u00fcche Kaffeeset\"}]},{\"@type\":\"WebSite\",\"@id\":\"https:\\\/\\\/trendsandvision.nl\\\/de\\\/#website\",\"url\":\"https:\\\/\\\/trendsandvision.nl\\\/de\\\/\",\"name\":\"Trends &amp; Vision (DE)\",\"description\":\"Der Webshop f\u00fcr Esschert Design Artikel\",\"publisher\":{\"@id\":\"https:\\\/\\\/trendsandvision.nl\\\/de\\\/#organization\"},\"potentialAction\":[{\"@type\":\"SearchAction\",\"target\":{\"@type\":\"EntryPoint\",\"urlTemplate\":\"https:\\\/\\\/trendsandvision.nl\\\/de\\\/?s={search_term_string}\"},\"query-input\":{\"@type\":\"PropertyValueSpecification\",\"valueRequired\":true,\"valueName\":\"search_term_string\"}}],\"inLanguage\":\"de\"},{\"@type\":\"Organization\",\"@id\":\"https:\\\/\\\/trendsandvision.nl\\\/de\\\/#organization\",\"name\":\"Trends &amp; Vision (DE)\",\"url\":\"https:\\\/\\\/trendsandvision.nl\\\/de\\\/\",\"logo\":{\"@type\":\"ImageObject\",\"inLanguage\":\"de\",\"@id\":\"https:\\\/\\\/trendsandvision.nl\\\/de\\\/#\\\/schema\\\/logo\\\/image\\\/\",\"url\":\"https:\\\/\\\/trendsandvision.nl\\\/de\\\/wp-content\\\/uploads\\\/sites\\\/3\\\/2022\\\/04\\\/trends-and-vision-logo.jpg\",\"contentUrl\":\"https:\\\/\\\/trendsandvision.nl\\\/de\\\/wp-content\\\/uploads\\\/sites\\\/3\\\/2022\\\/04\\\/trends-and-vision-logo.jpg\",\"width\":213,\"height\":100,\"caption\":\"Trends &amp; Vision (DE)\"},\"image\":{\"@id\":\"https:\\\/\\\/trendsandvision.nl\\\/de\\\/#\\\/schema\\\/logo\\\/image\\\/\"}}]}<\/script>\n<!-- \/ Yoast SEO Premium plugin. -->","yoast_head_json":{"title":"Esschert Design Schlammk\u00fcche kaffeeset (KG318 )","description":"Esschert Design Schlammk\u00fcche kaffeeset (KG318 EAN 8714982267895)cm L 17 x T 7,7 x H 24,8, , Material Eisen, Nettogewicht 0,234 kg, Matschk\u00fcche","robots":{"index":"index","follow":"follow","max-snippet":"max-snippet:-1","max-image-preview":"max-image-preview:large","max-video-preview":"max-video-preview:-1"},"canonical":"https:\/\/trendsandvision.nl\/de\/product\/esschert-design-schlammkueche-kaffeeset\/","og_locale":"de_DE","og_type":"article","og_title":"Esschert Design Schlammk\u00fcche Kaffeeset","og_description":"Esschert Design Schlammk\u00fcche kaffeeset (KG318 EAN 8714982267895)cm L 17 x T 7,7 x H 24,8, , Material Eisen, Nettogewicht 0,234 kg, Matschk\u00fcche","og_url":"https:\/\/trendsandvision.nl\/de\/product\/esschert-design-schlammkueche-kaffeeset\/","og_site_name":"Trends &amp; Vision (DE)","article_modified_time":"2026-04-07T08:38:27+00:00","og_image":[{"width":800,"height":800,"url":"https:\/\/trendsandvision.nl\/de\/wp-content\/uploads\/sites\/3\/2024\/07\/KG318_01.jpg","type":"image\/jpeg"}],"twitter_card":"summary_large_image","twitter_misc":{"Gesch\u00e4tzte Lesezeit":"1\u00a0Minute"},"schema":{"@context":"https:\/\/schema.org","@graph":[{"@type":"WebPage","@id":"https:\/\/trendsandvision.nl\/de\/product\/esschert-design-schlammkueche-kaffeeset\/","url":"https:\/\/trendsandvision.nl\/de\/product\/esschert-design-schlammkueche-kaffeeset\/","name":"Esschert Design Schlammk\u00fcche kaffeeset (KG318 )","isPartOf":{"@id":"https:\/\/trendsandvision.nl\/de\/#website"},"primaryImageOfPage":{"@id":"https:\/\/trendsandvision.nl\/de\/product\/esschert-design-schlammkueche-kaffeeset\/#primaryimage"},"image":{"@id":"https:\/\/trendsandvision.nl\/de\/product\/esschert-design-schlammkueche-kaffeeset\/#primaryimage"},"thumbnailUrl":"https:\/\/trendsandvision.nl\/de\/wp-content\/uploads\/sites\/3\/2024\/07\/KG318_01.jpg","datePublished":"2024-07-19T08:57:47+00:00","dateModified":"2026-04-07T08:38:27+00:00","description":"Esschert Design Schlammk\u00fcche kaffeeset (KG318 EAN 8714982267895)cm L 17 x T 7,7 x H 24,8, , Material Eisen, Nettogewicht 0,234 kg, Matschk\u00fcche","breadcrumb":{"@id":"https:\/\/trendsandvision.nl\/de\/product\/esschert-design-schlammkueche-kaffeeset\/#breadcrumb"},"inLanguage":"de","potentialAction":[{"@type":"ReadAction","target":["https:\/\/trendsandvision.nl\/de\/product\/esschert-design-schlammkueche-kaffeeset\/"]}]},{"@type":"ImageObject","inLanguage":"de","@id":"https:\/\/trendsandvision.nl\/de\/product\/esschert-design-schlammkueche-kaffeeset\/#primaryimage","url":"https:\/\/trendsandvision.nl\/de\/wp-content\/uploads\/sites\/3\/2024\/07\/KG318_01.jpg","contentUrl":"https:\/\/trendsandvision.nl\/de\/wp-content\/uploads\/sites\/3\/2024\/07\/KG318_01.jpg","width":800,"height":800,"caption":"Trends and Vision Esschert Design Schlammk\u00fcche kaffeeset (KG318 EAN 8714982267895)cm L 17 x T 7,7 x H 24,8, , Material Eisen, Nettogewicht 0,234 kg, Matschk\u00fcche"},{"@type":"BreadcrumbList","@id":"https:\/\/trendsandvision.nl\/de\/product\/esschert-design-schlammkueche-kaffeeset\/#breadcrumb","itemListElement":[{"@type":"ListItem","position":1,"name":"Home","item":"https:\/\/trendsandvision.nl\/de\/"},{"@type":"ListItem","position":2,"name":"Gesch\u00e4ft","item":"https:\/\/trendsandvision.nl\/de\/geschaft\/"},{"@type":"ListItem","position":3,"name":"Esschert Design Schlammk\u00fcche Kaffeeset"}]},{"@type":"WebSite","@id":"https:\/\/trendsandvision.nl\/de\/#website","url":"https:\/\/trendsandvision.nl\/de\/","name":"Trends &amp; Vision (DE)","description":"Der Webshop f\u00fcr Esschert Design Artikel","publisher":{"@id":"https:\/\/trendsandvision.nl\/de\/#organization"},"potentialAction":[{"@type":"SearchAction","target":{"@type":"EntryPoint","urlTemplate":"https:\/\/trendsandvision.nl\/de\/?s={search_term_string}"},"query-input":{"@type":"PropertyValueSpecification","valueRequired":true,"valueName":"search_term_string"}}],"inLanguage":"de"},{"@type":"Organization","@id":"https:\/\/trendsandvision.nl\/de\/#organization","name":"Trends &amp; Vision (DE)","url":"https:\/\/trendsandvision.nl\/de\/","logo":{"@type":"ImageObject","inLanguage":"de","@id":"https:\/\/trendsandvision.nl\/de\/#\/schema\/logo\/image\/","url":"https:\/\/trendsandvision.nl\/de\/wp-content\/uploads\/sites\/3\/2022\/04\/trends-and-vision-logo.jpg","contentUrl":"https:\/\/trendsandvision.nl\/de\/wp-content\/uploads\/sites\/3\/2022\/04\/trends-and-vision-logo.jpg","width":213,"height":100,"caption":"Trends &amp; Vision (DE)"},"image":{"@id":"https:\/\/trendsandvision.nl\/de\/#\/schema\/logo\/image\/"}}]}},"_links":{"self":[{"href":"https:\/\/trendsandvision.nl\/de\/wp-json\/wp\/v2\/product\/12413","targetHints":{"allow":["GET"]}}],"collection":[{"href":"https:\/\/trendsandvision.nl\/de\/wp-json\/wp\/v2\/product"}],"about":[{"href":"https:\/\/trendsandvision.nl\/de\/wp-json\/wp\/v2\/types\/product"}],"wp:featuredmedia":[{"embeddable":true,"href":"https:\/\/trendsandvision.nl\/de\/wp-json\/wp\/v2\/media\/12414"}],"wp:attachment":[{"href":"https:\/\/trendsandvision.nl\/de\/wp-json\/wp\/v2\/media?parent=12413"}],"wp:term":[{"taxonomy":"product_brand","embeddable":true,"href":"https:\/\/trendsandvision.nl\/de\/wp-json\/wp\/v2\/product_brand?post=12413"},{"taxonomy":"product_cat","embeddable":true,"href":"https:\/\/trendsandvision.nl\/de\/wp-json\/wp\/v2\/product_cat?post=12413"},{"taxonomy":"product_tag","embeddable":true,"href":"https:\/\/trendsandvision.nl\/de\/wp-json\/wp\/v2\/product_tag?post=12413"}],"curies":[{"name":"wp","href":"https:\/\/api.w.org\/{rel}","templated":true}]}}