{"id":12385,"date":"2024-07-19T10:56:56","date_gmt":"2024-07-19T08:56:56","guid":{"rendered":"https:\/\/trendsandvision.nl\/de\/product\/esschert-design-schneckenzaun-kupfer-fy34-8714982269646\/"},"modified":"2026-04-07T10:32:05","modified_gmt":"2026-04-07T08:32:05","slug":"esschert-design-schneckenzaun-kupfer","status":"publish","type":"product","link":"https:\/\/trendsandvision.nl\/de\/product\/esschert-design-schneckenzaun-kupfer\/","title":{"rendered":"Esschert Design Schneckenzaun Kupfer"},"content":{"rendered":"<p>Esschert Design Schneckenzaun Kupfer.<br \/>\nMit Schneckenringen oder SchneckenZ\u00e4unen aus Kupfer k\u00f6nnen Sie Ihre Pflanzen wirksam vor Schneckensch\u00e4den sch\u00fctzen. Dieses Gitternetz aus 100\u202f% Kupfer ist die umweltfreundlichste Methode, um Schnecken daran zu hindern, Pflanzen in Blumenbeeten zu besch\u00e4digen. Platzieren Sie die Barriere mit den mitgelieferten Heringen rund um die Pflanzen, die Sie sch\u00fctzen m\u00f6chten. Versucht eine Schnecke, das Kupfergeflecht zu \u00fcberqueren, l\u00f6st dies eine unangenehme toxische Schockreaktion aus, woraufhin sie sich abwendet.<\/p>\n<p>Artikelname Schneckenzaun Kupfer<br \/>\nArtikelnummer FY34<br \/>\nProduktgruppe(n) Garten &amp; Terrasse, L\u00e4rmschutz, <strong><a href=\"https:\/\/trendsandvision.nl\/de\/?s=Schnecke&amp;post_type=product&amp;dgwt_wcas=1\">Schneckenschutz<\/a><\/strong><br \/>\nProduktgr\u00f6\u00dfen B 10,7 X T 2,9 X H 14,6 x 800 cm<br \/>\nBarcode 8714982269646<br \/>\nMaterial Kupfer, Eisen<br \/>\nBruttogewicht 0,389 kg<br \/>\nProduzent <a href=\"https:\/\/www.esschertdesign.com\/shop\/de\/slakkenhek-koper-fy34\" target=\"_blank\">Esschert Design<\/a><\/p>\n","protected":false},"excerpt":{"rendered":"<p>&#8211; Verpackt in einer farbigen Geschenkbox<br \/>\n&#8211; Set enth\u00e4lt 8 m Kupfergeflecht und 10 N\u00e4gel<br \/>\n&#8211; Umweltfreundlich<br \/>\n&#8211; Unsch\u00e4dlich f\u00fcr Tiere<br \/>\n&#8211; Frei von Chemikalien und Giftstoffen<br \/>\n&#8211; Tierfreundlich \u2013 vertreibt Schnecken, ohne ihnen zu schaden<br \/>\n&#8211; Flexibles Kupfergeflecht f\u00fcr schnelle und nahtlose Installation<br \/>\n&#8211; Kann mit einer Schere auf die gew\u00fcnschte L\u00e4nge zugeschnitten werden<br \/>\n&#8211; Inklusive Erdspie\u00dfen zur Befestigung im Boden<\/p>\n","protected":false},"featured_media":12386,"template":"","meta":[],"product_brand":[9597,9598],"product_cat":[503],"product_tag":[7019,11293,7298,7292],"class_list":{"0":"post-12385","1":"product","2":"type-product","3":"status-publish","4":"has-post-thumbnail","6":"product_brand-esschert-design","7":"product_brand-trends-and-vision","8":"product_cat-esscherts-garden","9":"product_tag-kupfer","10":"product_tag-schneckenschutz","11":"product_tag-schneckenzaun","12":"product_tag-schutz","13":"pa_anbieter-esschert-design","14":"pa_ean-code-6642","16":"first","17":"instock","18":"sale","19":"taxable","20":"shipping-taxable","21":"purchasable","22":"product-type-simple","23":"czr-hentry"},"yoast_head":"<!-- This site is optimized with the Yoast SEO Premium plugin v26.4 (Yoast SEO v27.3) - https:\/\/yoast.com\/product\/yoast-seo-premium-wordpress\/ -->\n<title>Esschert Design Schneckenzaun Kupfer (FY34 8714982269646)<\/title>\n<meta name=\"description\" content=\"Esschert Design Schneckenzaun Kupfer (FY34 EAN 8714982269646) - Set enth\u00e4lt 8 m Kupfergeflecht und 10 N\u00e4gel, Verpackt in einer farbigen Geschenkbox\" \/>\n<meta name=\"robots\" content=\"index, follow, max-snippet:-1, max-image-preview:large, max-video-preview:-1\" \/>\n<link rel=\"canonical\" href=\"https:\/\/trendsandvision.nl\/de\/product\/esschert-design-schneckenzaun-kupfer\/\" \/>\n<meta property=\"og:locale\" content=\"de_DE\" \/>\n<meta property=\"og:type\" content=\"article\" \/>\n<meta property=\"og:title\" content=\"Esschert Design Schneckenzaun Kupfer\" \/>\n<meta property=\"og:description\" content=\"Esschert Design Schneckenzaun Kupfer (FY34 EAN 8714982269646) - Set enth\u00e4lt 8 m Kupfergeflecht und 10 N\u00e4gel, Verpackt in einer farbigen Geschenkbox\" \/>\n<meta property=\"og:url\" content=\"https:\/\/trendsandvision.nl\/de\/product\/esschert-design-schneckenzaun-kupfer\/\" \/>\n<meta property=\"og:site_name\" content=\"Trends &amp; Vision (DE)\" \/>\n<meta property=\"article:modified_time\" content=\"2026-04-07T08:32:05+00:00\" \/>\n<meta property=\"og:image\" content=\"https:\/\/trendsandvision.nl\/de\/wp-content\/uploads\/sites\/3\/2024\/07\/FY34_01.jpg\" \/>\n\t<meta property=\"og:image:width\" content=\"800\" \/>\n\t<meta property=\"og:image:height\" content=\"800\" \/>\n\t<meta property=\"og:image:type\" content=\"image\/jpeg\" \/>\n<meta name=\"twitter:card\" content=\"summary_large_image\" \/>\n<meta name=\"twitter:label1\" content=\"Gesch\u00e4tzte Lesezeit\" \/>\n\t<meta name=\"twitter:data1\" content=\"1\u00a0Minute\" \/>\n<script type=\"application\/ld+json\" class=\"yoast-schema-graph\">{\"@context\":\"https:\\\/\\\/schema.org\",\"@graph\":[{\"@type\":\"WebPage\",\"@id\":\"https:\\\/\\\/trendsandvision.nl\\\/de\\\/product\\\/esschert-design-schneckenzaun-kupfer\\\/\",\"url\":\"https:\\\/\\\/trendsandvision.nl\\\/de\\\/product\\\/esschert-design-schneckenzaun-kupfer\\\/\",\"name\":\"Esschert Design Schneckenzaun Kupfer (FY34 8714982269646)\",\"isPartOf\":{\"@id\":\"https:\\\/\\\/trendsandvision.nl\\\/de\\\/#website\"},\"primaryImageOfPage\":{\"@id\":\"https:\\\/\\\/trendsandvision.nl\\\/de\\\/product\\\/esschert-design-schneckenzaun-kupfer\\\/#primaryimage\"},\"image\":{\"@id\":\"https:\\\/\\\/trendsandvision.nl\\\/de\\\/product\\\/esschert-design-schneckenzaun-kupfer\\\/#primaryimage\"},\"thumbnailUrl\":\"https:\\\/\\\/trendsandvision.nl\\\/de\\\/wp-content\\\/uploads\\\/sites\\\/3\\\/2024\\\/07\\\/FY34_01.jpg\",\"datePublished\":\"2024-07-19T08:56:56+00:00\",\"dateModified\":\"2026-04-07T08:32:05+00:00\",\"description\":\"Esschert Design Schneckenzaun Kupfer (FY34 EAN 8714982269646) - Set enth\u00e4lt 8 m Kupfergeflecht und 10 N\u00e4gel, Verpackt in einer farbigen Geschenkbox\",\"breadcrumb\":{\"@id\":\"https:\\\/\\\/trendsandvision.nl\\\/de\\\/product\\\/esschert-design-schneckenzaun-kupfer\\\/#breadcrumb\"},\"inLanguage\":\"de\",\"potentialAction\":[{\"@type\":\"ReadAction\",\"target\":[\"https:\\\/\\\/trendsandvision.nl\\\/de\\\/product\\\/esschert-design-schneckenzaun-kupfer\\\/\"]}]},{\"@type\":\"ImageObject\",\"inLanguage\":\"de\",\"@id\":\"https:\\\/\\\/trendsandvision.nl\\\/de\\\/product\\\/esschert-design-schneckenzaun-kupfer\\\/#primaryimage\",\"url\":\"https:\\\/\\\/trendsandvision.nl\\\/de\\\/wp-content\\\/uploads\\\/sites\\\/3\\\/2024\\\/07\\\/FY34_01.jpg\",\"contentUrl\":\"https:\\\/\\\/trendsandvision.nl\\\/de\\\/wp-content\\\/uploads\\\/sites\\\/3\\\/2024\\\/07\\\/FY34_01.jpg\",\"width\":800,\"height\":800,\"caption\":\"Esschert Design Schneckenzaun Kupfer (FY34 EAN 8714982269646) - Set enth\u00e4lt 8 m Kupfergeflecht und 10 N\u00e4gel, Verpackt in einer farbigen Geschenkbox\"},{\"@type\":\"BreadcrumbList\",\"@id\":\"https:\\\/\\\/trendsandvision.nl\\\/de\\\/product\\\/esschert-design-schneckenzaun-kupfer\\\/#breadcrumb\",\"itemListElement\":[{\"@type\":\"ListItem\",\"position\":1,\"name\":\"Home\",\"item\":\"https:\\\/\\\/trendsandvision.nl\\\/de\\\/\"},{\"@type\":\"ListItem\",\"position\":2,\"name\":\"Gesch\u00e4ft\",\"item\":\"https:\\\/\\\/trendsandvision.nl\\\/de\\\/geschaft\\\/\"},{\"@type\":\"ListItem\",\"position\":3,\"name\":\"Esschert Design Schneckenzaun Kupfer\"}]},{\"@type\":\"WebSite\",\"@id\":\"https:\\\/\\\/trendsandvision.nl\\\/de\\\/#website\",\"url\":\"https:\\\/\\\/trendsandvision.nl\\\/de\\\/\",\"name\":\"Trends &amp; Vision (DE)\",\"description\":\"Der Webshop f\u00fcr Esschert Design Artikel\",\"publisher\":{\"@id\":\"https:\\\/\\\/trendsandvision.nl\\\/de\\\/#organization\"},\"potentialAction\":[{\"@type\":\"SearchAction\",\"target\":{\"@type\":\"EntryPoint\",\"urlTemplate\":\"https:\\\/\\\/trendsandvision.nl\\\/de\\\/?s={search_term_string}\"},\"query-input\":{\"@type\":\"PropertyValueSpecification\",\"valueRequired\":true,\"valueName\":\"search_term_string\"}}],\"inLanguage\":\"de\"},{\"@type\":\"Organization\",\"@id\":\"https:\\\/\\\/trendsandvision.nl\\\/de\\\/#organization\",\"name\":\"Trends &amp; Vision (DE)\",\"url\":\"https:\\\/\\\/trendsandvision.nl\\\/de\\\/\",\"logo\":{\"@type\":\"ImageObject\",\"inLanguage\":\"de\",\"@id\":\"https:\\\/\\\/trendsandvision.nl\\\/de\\\/#\\\/schema\\\/logo\\\/image\\\/\",\"url\":\"https:\\\/\\\/trendsandvision.nl\\\/de\\\/wp-content\\\/uploads\\\/sites\\\/3\\\/2022\\\/04\\\/trends-and-vision-logo.jpg\",\"contentUrl\":\"https:\\\/\\\/trendsandvision.nl\\\/de\\\/wp-content\\\/uploads\\\/sites\\\/3\\\/2022\\\/04\\\/trends-and-vision-logo.jpg\",\"width\":213,\"height\":100,\"caption\":\"Trends &amp; Vision (DE)\"},\"image\":{\"@id\":\"https:\\\/\\\/trendsandvision.nl\\\/de\\\/#\\\/schema\\\/logo\\\/image\\\/\"}}]}<\/script>\n<!-- \/ Yoast SEO Premium plugin. -->","yoast_head_json":{"title":"Esschert Design Schneckenzaun Kupfer (FY34 8714982269646)","description":"Esschert Design Schneckenzaun Kupfer (FY34 EAN 8714982269646) - Set enth\u00e4lt 8 m Kupfergeflecht und 10 N\u00e4gel, Verpackt in einer farbigen Geschenkbox","robots":{"index":"index","follow":"follow","max-snippet":"max-snippet:-1","max-image-preview":"max-image-preview:large","max-video-preview":"max-video-preview:-1"},"canonical":"https:\/\/trendsandvision.nl\/de\/product\/esschert-design-schneckenzaun-kupfer\/","og_locale":"de_DE","og_type":"article","og_title":"Esschert Design Schneckenzaun Kupfer","og_description":"Esschert Design Schneckenzaun Kupfer (FY34 EAN 8714982269646) - Set enth\u00e4lt 8 m Kupfergeflecht und 10 N\u00e4gel, Verpackt in einer farbigen Geschenkbox","og_url":"https:\/\/trendsandvision.nl\/de\/product\/esschert-design-schneckenzaun-kupfer\/","og_site_name":"Trends &amp; Vision (DE)","article_modified_time":"2026-04-07T08:32:05+00:00","og_image":[{"width":800,"height":800,"url":"https:\/\/trendsandvision.nl\/de\/wp-content\/uploads\/sites\/3\/2024\/07\/FY34_01.jpg","type":"image\/jpeg"}],"twitter_card":"summary_large_image","twitter_misc":{"Gesch\u00e4tzte Lesezeit":"1\u00a0Minute"},"schema":{"@context":"https:\/\/schema.org","@graph":[{"@type":"WebPage","@id":"https:\/\/trendsandvision.nl\/de\/product\/esschert-design-schneckenzaun-kupfer\/","url":"https:\/\/trendsandvision.nl\/de\/product\/esschert-design-schneckenzaun-kupfer\/","name":"Esschert Design Schneckenzaun Kupfer (FY34 8714982269646)","isPartOf":{"@id":"https:\/\/trendsandvision.nl\/de\/#website"},"primaryImageOfPage":{"@id":"https:\/\/trendsandvision.nl\/de\/product\/esschert-design-schneckenzaun-kupfer\/#primaryimage"},"image":{"@id":"https:\/\/trendsandvision.nl\/de\/product\/esschert-design-schneckenzaun-kupfer\/#primaryimage"},"thumbnailUrl":"https:\/\/trendsandvision.nl\/de\/wp-content\/uploads\/sites\/3\/2024\/07\/FY34_01.jpg","datePublished":"2024-07-19T08:56:56+00:00","dateModified":"2026-04-07T08:32:05+00:00","description":"Esschert Design Schneckenzaun Kupfer (FY34 EAN 8714982269646) - Set enth\u00e4lt 8 m Kupfergeflecht und 10 N\u00e4gel, Verpackt in einer farbigen Geschenkbox","breadcrumb":{"@id":"https:\/\/trendsandvision.nl\/de\/product\/esschert-design-schneckenzaun-kupfer\/#breadcrumb"},"inLanguage":"de","potentialAction":[{"@type":"ReadAction","target":["https:\/\/trendsandvision.nl\/de\/product\/esschert-design-schneckenzaun-kupfer\/"]}]},{"@type":"ImageObject","inLanguage":"de","@id":"https:\/\/trendsandvision.nl\/de\/product\/esschert-design-schneckenzaun-kupfer\/#primaryimage","url":"https:\/\/trendsandvision.nl\/de\/wp-content\/uploads\/sites\/3\/2024\/07\/FY34_01.jpg","contentUrl":"https:\/\/trendsandvision.nl\/de\/wp-content\/uploads\/sites\/3\/2024\/07\/FY34_01.jpg","width":800,"height":800,"caption":"Esschert Design Schneckenzaun Kupfer (FY34 EAN 8714982269646) - Set enth\u00e4lt 8 m Kupfergeflecht und 10 N\u00e4gel, Verpackt in einer farbigen Geschenkbox"},{"@type":"BreadcrumbList","@id":"https:\/\/trendsandvision.nl\/de\/product\/esschert-design-schneckenzaun-kupfer\/#breadcrumb","itemListElement":[{"@type":"ListItem","position":1,"name":"Home","item":"https:\/\/trendsandvision.nl\/de\/"},{"@type":"ListItem","position":2,"name":"Gesch\u00e4ft","item":"https:\/\/trendsandvision.nl\/de\/geschaft\/"},{"@type":"ListItem","position":3,"name":"Esschert Design Schneckenzaun Kupfer"}]},{"@type":"WebSite","@id":"https:\/\/trendsandvision.nl\/de\/#website","url":"https:\/\/trendsandvision.nl\/de\/","name":"Trends &amp; Vision (DE)","description":"Der Webshop f\u00fcr Esschert Design Artikel","publisher":{"@id":"https:\/\/trendsandvision.nl\/de\/#organization"},"potentialAction":[{"@type":"SearchAction","target":{"@type":"EntryPoint","urlTemplate":"https:\/\/trendsandvision.nl\/de\/?s={search_term_string}"},"query-input":{"@type":"PropertyValueSpecification","valueRequired":true,"valueName":"search_term_string"}}],"inLanguage":"de"},{"@type":"Organization","@id":"https:\/\/trendsandvision.nl\/de\/#organization","name":"Trends &amp; Vision (DE)","url":"https:\/\/trendsandvision.nl\/de\/","logo":{"@type":"ImageObject","inLanguage":"de","@id":"https:\/\/trendsandvision.nl\/de\/#\/schema\/logo\/image\/","url":"https:\/\/trendsandvision.nl\/de\/wp-content\/uploads\/sites\/3\/2022\/04\/trends-and-vision-logo.jpg","contentUrl":"https:\/\/trendsandvision.nl\/de\/wp-content\/uploads\/sites\/3\/2022\/04\/trends-and-vision-logo.jpg","width":213,"height":100,"caption":"Trends &amp; Vision (DE)"},"image":{"@id":"https:\/\/trendsandvision.nl\/de\/#\/schema\/logo\/image\/"}}]}},"_links":{"self":[{"href":"https:\/\/trendsandvision.nl\/de\/wp-json\/wp\/v2\/product\/12385","targetHints":{"allow":["GET"]}}],"collection":[{"href":"https:\/\/trendsandvision.nl\/de\/wp-json\/wp\/v2\/product"}],"about":[{"href":"https:\/\/trendsandvision.nl\/de\/wp-json\/wp\/v2\/types\/product"}],"wp:featuredmedia":[{"embeddable":true,"href":"https:\/\/trendsandvision.nl\/de\/wp-json\/wp\/v2\/media\/12386"}],"wp:attachment":[{"href":"https:\/\/trendsandvision.nl\/de\/wp-json\/wp\/v2\/media?parent=12385"}],"wp:term":[{"taxonomy":"product_brand","embeddable":true,"href":"https:\/\/trendsandvision.nl\/de\/wp-json\/wp\/v2\/product_brand?post=12385"},{"taxonomy":"product_cat","embeddable":true,"href":"https:\/\/trendsandvision.nl\/de\/wp-json\/wp\/v2\/product_cat?post=12385"},{"taxonomy":"product_tag","embeddable":true,"href":"https:\/\/trendsandvision.nl\/de\/wp-json\/wp\/v2\/product_tag?post=12385"}],"curies":[{"name":"wp","href":"https:\/\/api.w.org\/{rel}","templated":true}]}}