{"id":12373,"date":"2024-07-19T10:56:36","date_gmt":"2024-07-19T08:56:36","guid":{"rendered":"https:\/\/trendsandvision.nl\/de\/product\/esschert-design-kaminholz-tragetasche-schwarz-rpet-ff622-8714982267833\/"},"modified":"2026-04-07T10:30:46","modified_gmt":"2026-04-07T08:30:46","slug":"esschert-design-kaminholz-tragetasche-schwarz-rpet","status":"publish","type":"product","link":"https:\/\/trendsandvision.nl\/de\/product\/esschert-design-kaminholz-tragetasche-schwarz-rpet\/","title":{"rendered":"Esschert Design Kaminholz-Tragetasche schwarz RPET"},"content":{"rendered":"<p>Esschert Design Kaminholz-Tragetasche schwarz RPET.<br \/>\nMit dieser robusten Kaminholztasche f\u00fcllen Sie Ihren Holzvorrat ganz einfach auf. Die Tasche kann auch als Aufbewahrung genutzt werden, indem sie gef\u00fcllt neben den Kamin gestellt wird. Sie tr\u00e4gt bis zu 20 kg <strong><a href=\"https:\/\/trendsandvision.nl\/de\/?s=Ofengetrock&amp;post_type=product&amp;dgwt_wcas=1\">Holz<\/a><\/strong>. Wird ohne <strong><strong><a href=\"https:\/\/trendsandvision.nl\/de\/?s=kammergetrock&amp;post_type=product&amp;dgwt_wcas=1\">Holz<\/a><\/strong><\/strong> geliefert.<\/p>\n<p>Artikelname Kamintasche schwarz RPET<br \/>\nArtikelnummer FF622<br \/>\nBarcode 8714982267833<br \/>\nProduktgruppe(n) Feuer, Kaminzubeh\u00f6r, Holzlagerung<br \/>\nProduktabmessungen in cm L 55 x T 28 x H 30<br \/>\nMaterial RPET, PP (RPET = Material aus zuvor verwendetem oder wiederverwendetem PET-Kunststoff)<br \/>\nBruttogewicht 0,134 kg<br \/>\nNettogewicht 0,134 kg<br \/>\nTragf\u00e4higkeit 20 kg<br \/>\nProduzent <a href=\"https:\/\/www.esschertdesign.com\/shop\/de\/haardbloktas-zwart-rpet-ff622\" target=\"_blank\">Esschert Design<\/a><\/p>\n","protected":false},"excerpt":{"rendered":"<p>\u2013 L 55 x T 28 x H 30 cm<br \/>\n&#8211; Einfache Holzvorratsauff\u00fcllung<br \/>\n\u2013 Robustes Aussehen<br \/>\n\u2013 leicht zu tragen bis 20 kg (Tasche wiegt 0,134 kg)<br \/>\n\u2013 kann auch als Aufbewahrungstasche verwendet werden<\/p>\n","protected":false},"featured_media":12374,"template":"","meta":[],"product_brand":[9597,9598],"product_cat":[1124],"product_tag":[11296,6834,7303,7304,7305],"class_list":{"0":"post-12373","1":"product","2":"type-product","3":"status-publish","4":"has-post-thumbnail","6":"product_brand-esschert-design","7":"product_brand-trends-and-vision","8":"product_cat-fancy-flames","9":"product_tag-bis-20-kg-tragen","10":"product_tag-holz","11":"product_tag-kamin","12":"product_tag-recycle","13":"product_tag-tasche","14":"pa_anbieter-esschert-design","15":"pa_ean-code-6639","17":"first","18":"instock","19":"sale","20":"taxable","21":"shipping-taxable","22":"purchasable","23":"product-type-simple","24":"czr-hentry"},"yoast_head":"<!-- This site is optimized with the Yoast SEO Premium plugin v26.4 (Yoast SEO v27.4) - https:\/\/yoast.com\/product\/yoast-seo-premium-wordpress\/ -->\n<title>Esschert Design Kaminholz-Tragetasche schwarz RPET (FF622)<\/title>\n<meta name=\"description\" content=\"Esschert Design Kaminholz-Tragetasche schwarz RPET (FF622 EAN 8714982267833) \u2013 L 55 x T 28 x H 30 cm, leicht zu tragen bis 20 kg!\" \/>\n<meta name=\"robots\" content=\"index, follow, max-snippet:-1, max-image-preview:large, max-video-preview:-1\" \/>\n<link rel=\"canonical\" href=\"https:\/\/trendsandvision.nl\/de\/product\/esschert-design-kaminholz-tragetasche-schwarz-rpet\/\" \/>\n<meta property=\"og:locale\" content=\"de_DE\" \/>\n<meta property=\"og:type\" content=\"article\" \/>\n<meta property=\"og:title\" content=\"Esschert Design Kaminholz-Tragetasche schwarz RPET\" \/>\n<meta property=\"og:description\" content=\"Esschert Design Kaminholz-Tragetasche schwarz RPET (FF622 EAN 8714982267833) \u2013 L 55 x T 28 x H 30 cm, leicht zu tragen bis 20 kg!\" \/>\n<meta property=\"og:url\" content=\"https:\/\/trendsandvision.nl\/de\/product\/esschert-design-kaminholz-tragetasche-schwarz-rpet\/\" \/>\n<meta property=\"og:site_name\" content=\"Trends &amp; Vision (DE)\" \/>\n<meta property=\"article:modified_time\" content=\"2026-04-07T08:30:46+00:00\" \/>\n<meta property=\"og:image\" content=\"https:\/\/trendsandvision.nl\/de\/wp-content\/uploads\/sites\/3\/2024\/07\/FF622_01.jpg\" \/>\n\t<meta property=\"og:image:width\" content=\"800\" \/>\n\t<meta property=\"og:image:height\" content=\"800\" \/>\n\t<meta property=\"og:image:type\" content=\"image\/jpeg\" \/>\n<meta name=\"twitter:card\" content=\"summary_large_image\" \/>\n<meta name=\"twitter:label1\" content=\"Gesch\u00e4tzte Lesezeit\" \/>\n\t<meta name=\"twitter:data1\" content=\"1\u00a0Minute\" \/>\n<script type=\"application\/ld+json\" class=\"yoast-schema-graph\">{\"@context\":\"https:\\\/\\\/schema.org\",\"@graph\":[{\"@type\":\"WebPage\",\"@id\":\"https:\\\/\\\/trendsandvision.nl\\\/de\\\/product\\\/esschert-design-kaminholz-tragetasche-schwarz-rpet\\\/\",\"url\":\"https:\\\/\\\/trendsandvision.nl\\\/de\\\/product\\\/esschert-design-kaminholz-tragetasche-schwarz-rpet\\\/\",\"name\":\"Esschert Design Kaminholz-Tragetasche schwarz RPET (FF622)\",\"isPartOf\":{\"@id\":\"https:\\\/\\\/trendsandvision.nl\\\/de\\\/#website\"},\"primaryImageOfPage\":{\"@id\":\"https:\\\/\\\/trendsandvision.nl\\\/de\\\/product\\\/esschert-design-kaminholz-tragetasche-schwarz-rpet\\\/#primaryimage\"},\"image\":{\"@id\":\"https:\\\/\\\/trendsandvision.nl\\\/de\\\/product\\\/esschert-design-kaminholz-tragetasche-schwarz-rpet\\\/#primaryimage\"},\"thumbnailUrl\":\"https:\\\/\\\/trendsandvision.nl\\\/de\\\/wp-content\\\/uploads\\\/sites\\\/3\\\/2024\\\/07\\\/FF622_01.jpg\",\"datePublished\":\"2024-07-19T08:56:36+00:00\",\"dateModified\":\"2026-04-07T08:30:46+00:00\",\"description\":\"Esschert Design Kaminholz-Tragetasche schwarz RPET (FF622 EAN 8714982267833) \u2013 L 55 x T 28 x H 30 cm, leicht zu tragen bis 20 kg!\",\"breadcrumb\":{\"@id\":\"https:\\\/\\\/trendsandvision.nl\\\/de\\\/product\\\/esschert-design-kaminholz-tragetasche-schwarz-rpet\\\/#breadcrumb\"},\"inLanguage\":\"de\",\"potentialAction\":[{\"@type\":\"ReadAction\",\"target\":[\"https:\\\/\\\/trendsandvision.nl\\\/de\\\/product\\\/esschert-design-kaminholz-tragetasche-schwarz-rpet\\\/\"]}]},{\"@type\":\"ImageObject\",\"inLanguage\":\"de\",\"@id\":\"https:\\\/\\\/trendsandvision.nl\\\/de\\\/product\\\/esschert-design-kaminholz-tragetasche-schwarz-rpet\\\/#primaryimage\",\"url\":\"https:\\\/\\\/trendsandvision.nl\\\/de\\\/wp-content\\\/uploads\\\/sites\\\/3\\\/2024\\\/07\\\/FF622_01.jpg\",\"contentUrl\":\"https:\\\/\\\/trendsandvision.nl\\\/de\\\/wp-content\\\/uploads\\\/sites\\\/3\\\/2024\\\/07\\\/FF622_01.jpg\",\"width\":800,\"height\":800,\"caption\":\"Trends and Vision Kaminholz-Tragetasche schwarz RPET (FF622 EAN 8714982267833) \u2013 L 55 x T 28 x H 30 cm, leicht zu tragen bis 20 kg!\"},{\"@type\":\"BreadcrumbList\",\"@id\":\"https:\\\/\\\/trendsandvision.nl\\\/de\\\/product\\\/esschert-design-kaminholz-tragetasche-schwarz-rpet\\\/#breadcrumb\",\"itemListElement\":[{\"@type\":\"ListItem\",\"position\":1,\"name\":\"Home\",\"item\":\"https:\\\/\\\/trendsandvision.nl\\\/de\\\/\"},{\"@type\":\"ListItem\",\"position\":2,\"name\":\"Gesch\u00e4ft\",\"item\":\"https:\\\/\\\/trendsandvision.nl\\\/de\\\/geschaft\\\/\"},{\"@type\":\"ListItem\",\"position\":3,\"name\":\"Esschert Design Kaminholz-Tragetasche schwarz RPET\"}]},{\"@type\":\"WebSite\",\"@id\":\"https:\\\/\\\/trendsandvision.nl\\\/de\\\/#website\",\"url\":\"https:\\\/\\\/trendsandvision.nl\\\/de\\\/\",\"name\":\"Trends &amp; Vision (DE)\",\"description\":\"Der Webshop f\u00fcr Esschert Design Artikel\",\"publisher\":{\"@id\":\"https:\\\/\\\/trendsandvision.nl\\\/de\\\/#organization\"},\"potentialAction\":[{\"@type\":\"SearchAction\",\"target\":{\"@type\":\"EntryPoint\",\"urlTemplate\":\"https:\\\/\\\/trendsandvision.nl\\\/de\\\/?s={search_term_string}\"},\"query-input\":{\"@type\":\"PropertyValueSpecification\",\"valueRequired\":true,\"valueName\":\"search_term_string\"}}],\"inLanguage\":\"de\"},{\"@type\":\"Organization\",\"@id\":\"https:\\\/\\\/trendsandvision.nl\\\/de\\\/#organization\",\"name\":\"Trends &amp; Vision (DE)\",\"url\":\"https:\\\/\\\/trendsandvision.nl\\\/de\\\/\",\"logo\":{\"@type\":\"ImageObject\",\"inLanguage\":\"de\",\"@id\":\"https:\\\/\\\/trendsandvision.nl\\\/de\\\/#\\\/schema\\\/logo\\\/image\\\/\",\"url\":\"https:\\\/\\\/trendsandvision.nl\\\/de\\\/wp-content\\\/uploads\\\/sites\\\/3\\\/2022\\\/04\\\/trends-and-vision-logo.jpg\",\"contentUrl\":\"https:\\\/\\\/trendsandvision.nl\\\/de\\\/wp-content\\\/uploads\\\/sites\\\/3\\\/2022\\\/04\\\/trends-and-vision-logo.jpg\",\"width\":213,\"height\":100,\"caption\":\"Trends &amp; Vision (DE)\"},\"image\":{\"@id\":\"https:\\\/\\\/trendsandvision.nl\\\/de\\\/#\\\/schema\\\/logo\\\/image\\\/\"}}]}<\/script>\n<!-- \/ Yoast SEO Premium plugin. -->","yoast_head_json":{"title":"Esschert Design Kaminholz-Tragetasche schwarz RPET (FF622)","description":"Esschert Design Kaminholz-Tragetasche schwarz RPET (FF622 EAN 8714982267833) \u2013 L 55 x T 28 x H 30 cm, leicht zu tragen bis 20 kg!","robots":{"index":"index","follow":"follow","max-snippet":"max-snippet:-1","max-image-preview":"max-image-preview:large","max-video-preview":"max-video-preview:-1"},"canonical":"https:\/\/trendsandvision.nl\/de\/product\/esschert-design-kaminholz-tragetasche-schwarz-rpet\/","og_locale":"de_DE","og_type":"article","og_title":"Esschert Design Kaminholz-Tragetasche schwarz RPET","og_description":"Esschert Design Kaminholz-Tragetasche schwarz RPET (FF622 EAN 8714982267833) \u2013 L 55 x T 28 x H 30 cm, leicht zu tragen bis 20 kg!","og_url":"https:\/\/trendsandvision.nl\/de\/product\/esschert-design-kaminholz-tragetasche-schwarz-rpet\/","og_site_name":"Trends &amp; Vision (DE)","article_modified_time":"2026-04-07T08:30:46+00:00","og_image":[{"width":800,"height":800,"url":"https:\/\/trendsandvision.nl\/de\/wp-content\/uploads\/sites\/3\/2024\/07\/FF622_01.jpg","type":"image\/jpeg"}],"twitter_card":"summary_large_image","twitter_misc":{"Gesch\u00e4tzte Lesezeit":"1\u00a0Minute"},"schema":{"@context":"https:\/\/schema.org","@graph":[{"@type":"WebPage","@id":"https:\/\/trendsandvision.nl\/de\/product\/esschert-design-kaminholz-tragetasche-schwarz-rpet\/","url":"https:\/\/trendsandvision.nl\/de\/product\/esschert-design-kaminholz-tragetasche-schwarz-rpet\/","name":"Esschert Design Kaminholz-Tragetasche schwarz RPET (FF622)","isPartOf":{"@id":"https:\/\/trendsandvision.nl\/de\/#website"},"primaryImageOfPage":{"@id":"https:\/\/trendsandvision.nl\/de\/product\/esschert-design-kaminholz-tragetasche-schwarz-rpet\/#primaryimage"},"image":{"@id":"https:\/\/trendsandvision.nl\/de\/product\/esschert-design-kaminholz-tragetasche-schwarz-rpet\/#primaryimage"},"thumbnailUrl":"https:\/\/trendsandvision.nl\/de\/wp-content\/uploads\/sites\/3\/2024\/07\/FF622_01.jpg","datePublished":"2024-07-19T08:56:36+00:00","dateModified":"2026-04-07T08:30:46+00:00","description":"Esschert Design Kaminholz-Tragetasche schwarz RPET (FF622 EAN 8714982267833) \u2013 L 55 x T 28 x H 30 cm, leicht zu tragen bis 20 kg!","breadcrumb":{"@id":"https:\/\/trendsandvision.nl\/de\/product\/esschert-design-kaminholz-tragetasche-schwarz-rpet\/#breadcrumb"},"inLanguage":"de","potentialAction":[{"@type":"ReadAction","target":["https:\/\/trendsandvision.nl\/de\/product\/esschert-design-kaminholz-tragetasche-schwarz-rpet\/"]}]},{"@type":"ImageObject","inLanguage":"de","@id":"https:\/\/trendsandvision.nl\/de\/product\/esschert-design-kaminholz-tragetasche-schwarz-rpet\/#primaryimage","url":"https:\/\/trendsandvision.nl\/de\/wp-content\/uploads\/sites\/3\/2024\/07\/FF622_01.jpg","contentUrl":"https:\/\/trendsandvision.nl\/de\/wp-content\/uploads\/sites\/3\/2024\/07\/FF622_01.jpg","width":800,"height":800,"caption":"Trends and Vision Kaminholz-Tragetasche schwarz RPET (FF622 EAN 8714982267833) \u2013 L 55 x T 28 x H 30 cm, leicht zu tragen bis 20 kg!"},{"@type":"BreadcrumbList","@id":"https:\/\/trendsandvision.nl\/de\/product\/esschert-design-kaminholz-tragetasche-schwarz-rpet\/#breadcrumb","itemListElement":[{"@type":"ListItem","position":1,"name":"Home","item":"https:\/\/trendsandvision.nl\/de\/"},{"@type":"ListItem","position":2,"name":"Gesch\u00e4ft","item":"https:\/\/trendsandvision.nl\/de\/geschaft\/"},{"@type":"ListItem","position":3,"name":"Esschert Design Kaminholz-Tragetasche schwarz RPET"}]},{"@type":"WebSite","@id":"https:\/\/trendsandvision.nl\/de\/#website","url":"https:\/\/trendsandvision.nl\/de\/","name":"Trends &amp; Vision (DE)","description":"Der Webshop f\u00fcr Esschert Design Artikel","publisher":{"@id":"https:\/\/trendsandvision.nl\/de\/#organization"},"potentialAction":[{"@type":"SearchAction","target":{"@type":"EntryPoint","urlTemplate":"https:\/\/trendsandvision.nl\/de\/?s={search_term_string}"},"query-input":{"@type":"PropertyValueSpecification","valueRequired":true,"valueName":"search_term_string"}}],"inLanguage":"de"},{"@type":"Organization","@id":"https:\/\/trendsandvision.nl\/de\/#organization","name":"Trends &amp; Vision (DE)","url":"https:\/\/trendsandvision.nl\/de\/","logo":{"@type":"ImageObject","inLanguage":"de","@id":"https:\/\/trendsandvision.nl\/de\/#\/schema\/logo\/image\/","url":"https:\/\/trendsandvision.nl\/de\/wp-content\/uploads\/sites\/3\/2022\/04\/trends-and-vision-logo.jpg","contentUrl":"https:\/\/trendsandvision.nl\/de\/wp-content\/uploads\/sites\/3\/2022\/04\/trends-and-vision-logo.jpg","width":213,"height":100,"caption":"Trends &amp; Vision (DE)"},"image":{"@id":"https:\/\/trendsandvision.nl\/de\/#\/schema\/logo\/image\/"}}]}},"_links":{"self":[{"href":"https:\/\/trendsandvision.nl\/de\/wp-json\/wp\/v2\/product\/12373","targetHints":{"allow":["GET"]}}],"collection":[{"href":"https:\/\/trendsandvision.nl\/de\/wp-json\/wp\/v2\/product"}],"about":[{"href":"https:\/\/trendsandvision.nl\/de\/wp-json\/wp\/v2\/types\/product"}],"wp:featuredmedia":[{"embeddable":true,"href":"https:\/\/trendsandvision.nl\/de\/wp-json\/wp\/v2\/media\/12374"}],"wp:attachment":[{"href":"https:\/\/trendsandvision.nl\/de\/wp-json\/wp\/v2\/media?parent=12373"}],"wp:term":[{"taxonomy":"product_brand","embeddable":true,"href":"https:\/\/trendsandvision.nl\/de\/wp-json\/wp\/v2\/product_brand?post=12373"},{"taxonomy":"product_cat","embeddable":true,"href":"https:\/\/trendsandvision.nl\/de\/wp-json\/wp\/v2\/product_cat?post=12373"},{"taxonomy":"product_tag","embeddable":true,"href":"https:\/\/trendsandvision.nl\/de\/wp-json\/wp\/v2\/product_tag?post=12373"}],"curies":[{"name":"wp","href":"https:\/\/api.w.org\/{rel}","templated":true}]}}