{"id":12367,"date":"2024-07-19T10:56:27","date_gmt":"2024-07-19T08:56:27","guid":{"rendered":"https:\/\/trendsandvision.nl\/de\/product\/esschert-design-getrocknete-mehlwoermer-07kg-eimer-fb955-8714982268557\/"},"modified":"2026-04-07T10:28:13","modified_gmt":"2026-04-07T08:28:13","slug":"esschert-design-getrocknete-mehlwoermer-07-kg-eimer","status":"publish","type":"product","link":"https:\/\/trendsandvision.nl\/de\/product\/esschert-design-getrocknete-mehlwoermer-07-kg-eimer\/","title":{"rendered":"Esschert Design Getrocknete Mehlw\u00f6rmer 0,7 kg Eimer"},"content":{"rendered":"<p>Esschert Design Getrocknete Mehlw\u00f6rmer 0,7 kg Eimer.<\/p>\n<p>Extra Protein f\u00fcr Gartenv\u00f6gel. Das Nahrungsangebot f\u00fcr V\u00f6gel wird immer knapper und verschiedene Vogelarten werden dadurch immer seltener.<br \/>\nIm Fr\u00fchling sind die V\u00f6gel sehr besch\u00e4ftigt. Zuerst suchen sie einen Partner, dann einen Wohnort, legen Eier und ziehen Junge gro\u00df. Im Sommer beginnt die Mauser und sie bekommen ein neues Fell. Im Herbst bereiten sie sich auf den Winter vor und im Winter ben\u00f6tigen V\u00f6gel mehr Fett, um sich warm zu halten. <\/p>\n<p>In einer kalten Nacht k\u00f6nnen sie bis zu 10 % ihres K\u00f6rpergewichts verlieren.<br \/>\nDiese Mehlw\u00fcrmer sind ein proteinreicher und gesunder Snack f\u00fcr V\u00f6gel und k\u00f6nnen das ganze Jahr \u00fcber gef\u00fcttert werden.<\/p>\n<p>Ua. Kohlmeisen, Blaumeisen, Stare, Haussperlinge, Nussknacker, Amseln, Zaunk\u00f6nige und Rotkehlchen lieben Mehlw\u00fcrmer.<\/p>\n<p>Artikelname Getrocknete Mehlw\u00fcrmer im Eimer 700 gr<br \/>\nArtikelnummer FB955<br \/>\nBarcode 8714982268557<br \/>\nProduktgruppe(n) V\u00f6gel &amp; Gartentiere, Futtermittel, Getrocknet, Sonstiges<br \/>\nProduktabmessungen in cm L 22,5 x T 22,5 x H 18,7<br \/>\nMaterial Getrocknete Mehlw\u00fcrmer<br \/>\nBruttogewicht 0,928 kg<br \/>\nNettogewicht 0,844 kg<br \/>\nProduzent <a href=\"https:\/\/www.esschertdesign.com\/shop\/de\/gedroogde-meelwormen-0-7kg-in-emmer-fb955\" target=\"_blank\">Esschert Design<\/a><\/p>\n","protected":false},"excerpt":{"rendered":"<p>&#8211; Eiwei\u00dfreicher und gesunder Snack<br \/>\n\u2013 reich an Proteinen<br \/>\n\u2013 recycelbare, Nagersichere Aufbewahrungsverpackung<br \/>\n\u2013 Ganzj\u00e4hrige Nahrung, alle 4 Jahreszeiten<br \/>\n&#8211; L + T \u00f8 22,5 x H 18,7 cm<br \/>\n&#8211; Nettogewicht 0,844 kg<br \/>\n&#8211; Barcode 8714982268557<\/p>\n","protected":false},"featured_media":12368,"template":"","meta":[],"product_brand":[9597,9598],"product_cat":[1315],"product_tag":[6767,7287,9814,6953],"class_list":{"0":"post-12367","1":"product","2":"type-product","3":"status-publish","4":"has-post-thumbnail","6":"product_brand-esschert-design","7":"product_brand-trends-and-vision","8":"product_cat-best-for-birds","9":"product_tag-abschliessbar","10":"product_tag-gartenvogel","11":"product_tag-recycelbare-aufbewahrungsverpackung","12":"product_tag-vogelfutter","13":"pa_anbieter-esschert-design","14":"pa_ean-code-6638","16":"first","17":"outofstock","18":"sale","19":"taxable","20":"shipping-taxable","21":"purchasable","22":"product-type-simple","23":"czr-hentry"},"yoast_head":"<!-- This site is optimized with the Yoast SEO Premium plugin v26.4 (Yoast SEO v27.3) - https:\/\/yoast.com\/product\/yoast-seo-premium-wordpress\/ -->\n<title>Esschert Design Getrocknete Mehlw\u00f6rmer 0,7 kg Eimer (FB955)<\/title>\n<meta name=\"description\" content=\"Esschert Design Getrocknete Mehlw\u00f6rmer 0,7 kg Eimer \u2013 Ganzj\u00e4hrige Nahrung (FB955 8714982268557) - L + T \u00f8 22,5 x H 18,7 cm- Gewicht 0,844 kg\" \/>\n<meta name=\"robots\" content=\"index, follow, max-snippet:-1, max-image-preview:large, max-video-preview:-1\" \/>\n<link rel=\"canonical\" href=\"https:\/\/trendsandvision.nl\/de\/product\/esschert-design-getrocknete-mehlwoermer-07-kg-eimer\/\" \/>\n<meta property=\"og:locale\" content=\"de_DE\" \/>\n<meta property=\"og:type\" content=\"article\" \/>\n<meta property=\"og:title\" content=\"Esschert Design Getrocknete Mehlw\u00f6rmer 0,7 kg Eimer\" \/>\n<meta property=\"og:description\" content=\"Esschert Design Getrocknete Mehlw\u00f6rmer 0,7 kg Eimer \u2013 Ganzj\u00e4hrige Nahrung (FB955 8714982268557) - L + T \u00f8 22,5 x H 18,7 cm- Gewicht 0,844 kg\" \/>\n<meta property=\"og:url\" content=\"https:\/\/trendsandvision.nl\/de\/product\/esschert-design-getrocknete-mehlwoermer-07-kg-eimer\/\" \/>\n<meta property=\"og:site_name\" content=\"Trends &amp; Vision (DE)\" \/>\n<meta property=\"article:modified_time\" content=\"2026-04-07T08:28:13+00:00\" \/>\n<meta property=\"og:image\" content=\"https:\/\/trendsandvision.nl\/de\/wp-content\/uploads\/sites\/3\/2024\/07\/FB955_01.jpg\" \/>\n\t<meta property=\"og:image:width\" content=\"800\" \/>\n\t<meta property=\"og:image:height\" content=\"800\" \/>\n\t<meta property=\"og:image:type\" content=\"image\/jpeg\" \/>\n<meta name=\"twitter:card\" content=\"summary_large_image\" \/>\n<meta name=\"twitter:label1\" content=\"Gesch\u00e4tzte Lesezeit\" \/>\n\t<meta name=\"twitter:data1\" content=\"2\u00a0Minuten\" \/>\n<script type=\"application\/ld+json\" class=\"yoast-schema-graph\">{\"@context\":\"https:\\\/\\\/schema.org\",\"@graph\":[{\"@type\":\"WebPage\",\"@id\":\"https:\\\/\\\/trendsandvision.nl\\\/de\\\/product\\\/esschert-design-getrocknete-mehlwoermer-07-kg-eimer\\\/\",\"url\":\"https:\\\/\\\/trendsandvision.nl\\\/de\\\/product\\\/esschert-design-getrocknete-mehlwoermer-07-kg-eimer\\\/\",\"name\":\"Esschert Design Getrocknete Mehlw\u00f6rmer 0,7 kg Eimer (FB955)\",\"isPartOf\":{\"@id\":\"https:\\\/\\\/trendsandvision.nl\\\/de\\\/#website\"},\"primaryImageOfPage\":{\"@id\":\"https:\\\/\\\/trendsandvision.nl\\\/de\\\/product\\\/esschert-design-getrocknete-mehlwoermer-07-kg-eimer\\\/#primaryimage\"},\"image\":{\"@id\":\"https:\\\/\\\/trendsandvision.nl\\\/de\\\/product\\\/esschert-design-getrocknete-mehlwoermer-07-kg-eimer\\\/#primaryimage\"},\"thumbnailUrl\":\"https:\\\/\\\/trendsandvision.nl\\\/de\\\/wp-content\\\/uploads\\\/sites\\\/3\\\/2024\\\/07\\\/FB955_01.jpg\",\"datePublished\":\"2024-07-19T08:56:27+00:00\",\"dateModified\":\"2026-04-07T08:28:13+00:00\",\"description\":\"Esschert Design Getrocknete Mehlw\u00f6rmer 0,7 kg Eimer \u2013 Ganzj\u00e4hrige Nahrung (FB955 8714982268557) - L + T \u00f8 22,5 x H 18,7 cm- Gewicht 0,844 kg\",\"breadcrumb\":{\"@id\":\"https:\\\/\\\/trendsandvision.nl\\\/de\\\/product\\\/esschert-design-getrocknete-mehlwoermer-07-kg-eimer\\\/#breadcrumb\"},\"inLanguage\":\"de\",\"potentialAction\":[{\"@type\":\"ReadAction\",\"target\":[\"https:\\\/\\\/trendsandvision.nl\\\/de\\\/product\\\/esschert-design-getrocknete-mehlwoermer-07-kg-eimer\\\/\"]}]},{\"@type\":\"ImageObject\",\"inLanguage\":\"de\",\"@id\":\"https:\\\/\\\/trendsandvision.nl\\\/de\\\/product\\\/esschert-design-getrocknete-mehlwoermer-07-kg-eimer\\\/#primaryimage\",\"url\":\"https:\\\/\\\/trendsandvision.nl\\\/de\\\/wp-content\\\/uploads\\\/sites\\\/3\\\/2024\\\/07\\\/FB955_01.jpg\",\"contentUrl\":\"https:\\\/\\\/trendsandvision.nl\\\/de\\\/wp-content\\\/uploads\\\/sites\\\/3\\\/2024\\\/07\\\/FB955_01.jpg\",\"width\":800,\"height\":800,\"caption\":\"Trends and Vision Getrocknete Mehlw\u00f6rmer 0,7 kg Eimer \u2013 Ganzj\u00e4hrige Nahrung (FB955 8714982268557) - L + T \u00f8 22,5 x H 18,7 cm- Gewicht 0,844 kg\"},{\"@type\":\"BreadcrumbList\",\"@id\":\"https:\\\/\\\/trendsandvision.nl\\\/de\\\/product\\\/esschert-design-getrocknete-mehlwoermer-07-kg-eimer\\\/#breadcrumb\",\"itemListElement\":[{\"@type\":\"ListItem\",\"position\":1,\"name\":\"Home\",\"item\":\"https:\\\/\\\/trendsandvision.nl\\\/de\\\/\"},{\"@type\":\"ListItem\",\"position\":2,\"name\":\"Gesch\u00e4ft\",\"item\":\"https:\\\/\\\/trendsandvision.nl\\\/de\\\/geschaft\\\/\"},{\"@type\":\"ListItem\",\"position\":3,\"name\":\"Esschert Design Getrocknete Mehlw\u00f6rmer 0,7 kg Eimer\"}]},{\"@type\":\"WebSite\",\"@id\":\"https:\\\/\\\/trendsandvision.nl\\\/de\\\/#website\",\"url\":\"https:\\\/\\\/trendsandvision.nl\\\/de\\\/\",\"name\":\"Trends &amp; Vision (DE)\",\"description\":\"Der Webshop f\u00fcr Esschert Design Artikel\",\"publisher\":{\"@id\":\"https:\\\/\\\/trendsandvision.nl\\\/de\\\/#organization\"},\"potentialAction\":[{\"@type\":\"SearchAction\",\"target\":{\"@type\":\"EntryPoint\",\"urlTemplate\":\"https:\\\/\\\/trendsandvision.nl\\\/de\\\/?s={search_term_string}\"},\"query-input\":{\"@type\":\"PropertyValueSpecification\",\"valueRequired\":true,\"valueName\":\"search_term_string\"}}],\"inLanguage\":\"de\"},{\"@type\":\"Organization\",\"@id\":\"https:\\\/\\\/trendsandvision.nl\\\/de\\\/#organization\",\"name\":\"Trends &amp; Vision (DE)\",\"url\":\"https:\\\/\\\/trendsandvision.nl\\\/de\\\/\",\"logo\":{\"@type\":\"ImageObject\",\"inLanguage\":\"de\",\"@id\":\"https:\\\/\\\/trendsandvision.nl\\\/de\\\/#\\\/schema\\\/logo\\\/image\\\/\",\"url\":\"https:\\\/\\\/trendsandvision.nl\\\/de\\\/wp-content\\\/uploads\\\/sites\\\/3\\\/2022\\\/04\\\/trends-and-vision-logo.jpg\",\"contentUrl\":\"https:\\\/\\\/trendsandvision.nl\\\/de\\\/wp-content\\\/uploads\\\/sites\\\/3\\\/2022\\\/04\\\/trends-and-vision-logo.jpg\",\"width\":213,\"height\":100,\"caption\":\"Trends &amp; Vision (DE)\"},\"image\":{\"@id\":\"https:\\\/\\\/trendsandvision.nl\\\/de\\\/#\\\/schema\\\/logo\\\/image\\\/\"}}]}<\/script>\n<!-- \/ Yoast SEO Premium plugin. -->","yoast_head_json":{"title":"Esschert Design Getrocknete Mehlw\u00f6rmer 0,7 kg Eimer (FB955)","description":"Esschert Design Getrocknete Mehlw\u00f6rmer 0,7 kg Eimer \u2013 Ganzj\u00e4hrige Nahrung (FB955 8714982268557) - L + T \u00f8 22,5 x H 18,7 cm- Gewicht 0,844 kg","robots":{"index":"index","follow":"follow","max-snippet":"max-snippet:-1","max-image-preview":"max-image-preview:large","max-video-preview":"max-video-preview:-1"},"canonical":"https:\/\/trendsandvision.nl\/de\/product\/esschert-design-getrocknete-mehlwoermer-07-kg-eimer\/","og_locale":"de_DE","og_type":"article","og_title":"Esschert Design Getrocknete Mehlw\u00f6rmer 0,7 kg Eimer","og_description":"Esschert Design Getrocknete Mehlw\u00f6rmer 0,7 kg Eimer \u2013 Ganzj\u00e4hrige Nahrung (FB955 8714982268557) - L + T \u00f8 22,5 x H 18,7 cm- Gewicht 0,844 kg","og_url":"https:\/\/trendsandvision.nl\/de\/product\/esschert-design-getrocknete-mehlwoermer-07-kg-eimer\/","og_site_name":"Trends &amp; Vision (DE)","article_modified_time":"2026-04-07T08:28:13+00:00","og_image":[{"width":800,"height":800,"url":"https:\/\/trendsandvision.nl\/de\/wp-content\/uploads\/sites\/3\/2024\/07\/FB955_01.jpg","type":"image\/jpeg"}],"twitter_card":"summary_large_image","twitter_misc":{"Gesch\u00e4tzte Lesezeit":"2\u00a0Minuten"},"schema":{"@context":"https:\/\/schema.org","@graph":[{"@type":"WebPage","@id":"https:\/\/trendsandvision.nl\/de\/product\/esschert-design-getrocknete-mehlwoermer-07-kg-eimer\/","url":"https:\/\/trendsandvision.nl\/de\/product\/esschert-design-getrocknete-mehlwoermer-07-kg-eimer\/","name":"Esschert Design Getrocknete Mehlw\u00f6rmer 0,7 kg Eimer (FB955)","isPartOf":{"@id":"https:\/\/trendsandvision.nl\/de\/#website"},"primaryImageOfPage":{"@id":"https:\/\/trendsandvision.nl\/de\/product\/esschert-design-getrocknete-mehlwoermer-07-kg-eimer\/#primaryimage"},"image":{"@id":"https:\/\/trendsandvision.nl\/de\/product\/esschert-design-getrocknete-mehlwoermer-07-kg-eimer\/#primaryimage"},"thumbnailUrl":"https:\/\/trendsandvision.nl\/de\/wp-content\/uploads\/sites\/3\/2024\/07\/FB955_01.jpg","datePublished":"2024-07-19T08:56:27+00:00","dateModified":"2026-04-07T08:28:13+00:00","description":"Esschert Design Getrocknete Mehlw\u00f6rmer 0,7 kg Eimer \u2013 Ganzj\u00e4hrige Nahrung (FB955 8714982268557) - L + T \u00f8 22,5 x H 18,7 cm- Gewicht 0,844 kg","breadcrumb":{"@id":"https:\/\/trendsandvision.nl\/de\/product\/esschert-design-getrocknete-mehlwoermer-07-kg-eimer\/#breadcrumb"},"inLanguage":"de","potentialAction":[{"@type":"ReadAction","target":["https:\/\/trendsandvision.nl\/de\/product\/esschert-design-getrocknete-mehlwoermer-07-kg-eimer\/"]}]},{"@type":"ImageObject","inLanguage":"de","@id":"https:\/\/trendsandvision.nl\/de\/product\/esschert-design-getrocknete-mehlwoermer-07-kg-eimer\/#primaryimage","url":"https:\/\/trendsandvision.nl\/de\/wp-content\/uploads\/sites\/3\/2024\/07\/FB955_01.jpg","contentUrl":"https:\/\/trendsandvision.nl\/de\/wp-content\/uploads\/sites\/3\/2024\/07\/FB955_01.jpg","width":800,"height":800,"caption":"Trends and Vision Getrocknete Mehlw\u00f6rmer 0,7 kg Eimer \u2013 Ganzj\u00e4hrige Nahrung (FB955 8714982268557) - L + T \u00f8 22,5 x H 18,7 cm- Gewicht 0,844 kg"},{"@type":"BreadcrumbList","@id":"https:\/\/trendsandvision.nl\/de\/product\/esschert-design-getrocknete-mehlwoermer-07-kg-eimer\/#breadcrumb","itemListElement":[{"@type":"ListItem","position":1,"name":"Home","item":"https:\/\/trendsandvision.nl\/de\/"},{"@type":"ListItem","position":2,"name":"Gesch\u00e4ft","item":"https:\/\/trendsandvision.nl\/de\/geschaft\/"},{"@type":"ListItem","position":3,"name":"Esschert Design Getrocknete Mehlw\u00f6rmer 0,7 kg Eimer"}]},{"@type":"WebSite","@id":"https:\/\/trendsandvision.nl\/de\/#website","url":"https:\/\/trendsandvision.nl\/de\/","name":"Trends &amp; Vision (DE)","description":"Der Webshop f\u00fcr Esschert Design Artikel","publisher":{"@id":"https:\/\/trendsandvision.nl\/de\/#organization"},"potentialAction":[{"@type":"SearchAction","target":{"@type":"EntryPoint","urlTemplate":"https:\/\/trendsandvision.nl\/de\/?s={search_term_string}"},"query-input":{"@type":"PropertyValueSpecification","valueRequired":true,"valueName":"search_term_string"}}],"inLanguage":"de"},{"@type":"Organization","@id":"https:\/\/trendsandvision.nl\/de\/#organization","name":"Trends &amp; Vision (DE)","url":"https:\/\/trendsandvision.nl\/de\/","logo":{"@type":"ImageObject","inLanguage":"de","@id":"https:\/\/trendsandvision.nl\/de\/#\/schema\/logo\/image\/","url":"https:\/\/trendsandvision.nl\/de\/wp-content\/uploads\/sites\/3\/2022\/04\/trends-and-vision-logo.jpg","contentUrl":"https:\/\/trendsandvision.nl\/de\/wp-content\/uploads\/sites\/3\/2022\/04\/trends-and-vision-logo.jpg","width":213,"height":100,"caption":"Trends &amp; Vision (DE)"},"image":{"@id":"https:\/\/trendsandvision.nl\/de\/#\/schema\/logo\/image\/"}}]}},"_links":{"self":[{"href":"https:\/\/trendsandvision.nl\/de\/wp-json\/wp\/v2\/product\/12367","targetHints":{"allow":["GET"]}}],"collection":[{"href":"https:\/\/trendsandvision.nl\/de\/wp-json\/wp\/v2\/product"}],"about":[{"href":"https:\/\/trendsandvision.nl\/de\/wp-json\/wp\/v2\/types\/product"}],"wp:featuredmedia":[{"embeddable":true,"href":"https:\/\/trendsandvision.nl\/de\/wp-json\/wp\/v2\/media\/12368"}],"wp:attachment":[{"href":"https:\/\/trendsandvision.nl\/de\/wp-json\/wp\/v2\/media?parent=12367"}],"wp:term":[{"taxonomy":"product_brand","embeddable":true,"href":"https:\/\/trendsandvision.nl\/de\/wp-json\/wp\/v2\/product_brand?post=12367"},{"taxonomy":"product_cat","embeddable":true,"href":"https:\/\/trendsandvision.nl\/de\/wp-json\/wp\/v2\/product_cat?post=12367"},{"taxonomy":"product_tag","embeddable":true,"href":"https:\/\/trendsandvision.nl\/de\/wp-json\/wp\/v2\/product_tag?post=12367"}],"curies":[{"name":"wp","href":"https:\/\/api.w.org\/{rel}","templated":true}]}}