{"id":12365,"date":"2024-07-19T10:56:24","date_gmt":"2024-07-19T08:56:24","guid":{"rendered":"https:\/\/trendsandvision.nl\/de\/product\/esschert-design-meisenknoedel-ohne-netz-6er-pack-fb951-8714982263217\/"},"modified":"2026-04-07T10:28:12","modified_gmt":"2026-04-07T08:28:12","slug":"esschert-design-meisenknoedel-ohne-netz-6er-pack","status":"publish","type":"product","link":"https:\/\/trendsandvision.nl\/de\/product\/esschert-design-meisenknoedel-ohne-netz-6er-pack\/","title":{"rendered":"Esschert Design Meisenkn\u00f6del ohne Netz 6er Pack"},"content":{"rendered":"<p>Esschert Design <strong><a href=\"https:\/\/trendsandvision.nl\/de\/?s=Meisenkn\u00f6del&amp;post_type=product&amp;dgwt_wcas=1\">Meisenkn\u00f6del<\/a><\/strong> ohne Netz 6 St\u00fcck.<br \/>\nV\u00f6gel k\u00f6nnen das ganze Jahr \u00fcber zus\u00e4tzliche Energie gut gebrauchen. Im Fr\u00fchling sind sie mit dem Nestbau besch\u00e4ftigt, im Sommer folgt die Mauser. Im Herbst und Winter ben\u00f6tigen sie Energie, um ihre K\u00f6rpertemperatur zu halten. Diese energiereichen Fettkn\u00f6del geben den V\u00f6geln einen wertvollen Energieschub, der ihr Leben deutlich erleichtert. Verpackt zu 6 St\u00fcck.<\/p>\n<p>In einer kalten Nacht k\u00f6nnen sie bis zu 10 % ihres K\u00f6rpergewichts verlieren. Das Nahrungsangebot f\u00fcr V\u00f6gel wird immer knapper und verschiedene Vogelarten werden dadurch seltener.<\/p>\n<p>Diese Vogelsnacks enthalten einen hohen Proteinanteil und k\u00f6nnen das ganze Jahr \u00fcber gef\u00fcttert werden.<\/p>\n<p>Artikelname Meisenkn\u00f6del ohne Netz 6 St\u00fcck<br \/>\nArtikelnummer FB951<br \/>\nBarcode 8714982263217<br \/>\nEinhalt: Gersteflocken, Weizenflocken, Rindertalg, Calciumcarbonat, Maisbruch, Sonnenblumenkerne, Erdn\u00fcsse, Mariendistel\u00f6l<br \/>\nProduktgruppe(n) V\u00f6gel &amp; Gartentiere, Futter, Meisenkn\u00f6del und Bl\u00f6cke<br \/>\nProduktabmessungen in cm L 18 x T 11 x H 5,5<br \/>\nNettogewicht \u00b1 0,5 kg<br \/>\nProduzent <a href=\"https:\/\/www.esschertdesign.com\/shop\/de\/vetbollen-zonder-net-6-stuks-fb951\" target=\"_blank\">Esschert Design<\/a><\/p>\n","protected":false},"excerpt":{"rendered":"<p>\u2013 6 St\u00fcck pro Packung<br \/>\n&#8211; Ganzj\u00e4hrige Nahrung<br \/>\n\u2013 Energieschub f\u00fcr V\u00f6gel<br \/>\n&#8211; L 18 x T 11 x H 5,5 cm<br \/>\n&#8211; Nettogewicht \u00b1 0,5 kg<br \/>\n&#8211; Barcode 8714982263217<\/p>\n","protected":false},"featured_media":12366,"template":"","meta":[],"product_brand":[9597,9598],"product_cat":[1315],"product_tag":[7306,6953],"class_list":{"0":"post-12365","1":"product","2":"type-product","3":"status-publish","4":"has-post-thumbnail","6":"product_brand-esschert-design","7":"product_brand-trends-and-vision","8":"product_cat-best-for-birds","9":"product_tag-knoedel","10":"product_tag-vogelfutter","11":"pa_anbieter-esschert-design","12":"pa_ean-code-6637","14":"first","15":"instock","16":"sale","17":"taxable","18":"shipping-taxable","19":"purchasable","20":"product-type-simple","21":"czr-hentry"},"yoast_head":"<!-- This site is optimized with the Yoast SEO Premium plugin v26.4 (Yoast SEO v27.3) - https:\/\/yoast.com\/product\/yoast-seo-premium-wordpress\/ -->\n<title>Esschert Design Meisenkn\u00f6del ohne Netz 6er Pack (FB951)<\/title>\n<meta name=\"description\" content=\"Esschert Design Meisenkn\u00f6del ohne Netz 6er Pack (FB951 EAN 8714982263217) - Ganzj\u00e4hrige Nahrung\u2013 Energieschub f\u00fcr V\u00f6gel - L 18 x T 11 x H 5,5 cm\" \/>\n<meta name=\"robots\" content=\"index, follow, max-snippet:-1, max-image-preview:large, max-video-preview:-1\" \/>\n<link rel=\"canonical\" href=\"https:\/\/trendsandvision.nl\/de\/product\/esschert-design-meisenknoedel-ohne-netz-6er-pack\/\" \/>\n<meta property=\"og:locale\" content=\"de_DE\" \/>\n<meta property=\"og:type\" content=\"article\" \/>\n<meta property=\"og:title\" content=\"Esschert Design Meisenkn\u00f6del ohne Netz 6er Pack\" \/>\n<meta property=\"og:description\" content=\"Esschert Design Meisenkn\u00f6del ohne Netz 6er Pack (FB951 EAN 8714982263217) - Ganzj\u00e4hrige Nahrung\u2013 Energieschub f\u00fcr V\u00f6gel - L 18 x T 11 x H 5,5 cm\" \/>\n<meta property=\"og:url\" content=\"https:\/\/trendsandvision.nl\/de\/product\/esschert-design-meisenknoedel-ohne-netz-6er-pack\/\" \/>\n<meta property=\"og:site_name\" content=\"Trends &amp; Vision (DE)\" \/>\n<meta property=\"article:modified_time\" content=\"2026-04-07T08:28:12+00:00\" \/>\n<meta property=\"og:image\" content=\"https:\/\/trendsandvision.nl\/de\/wp-content\/uploads\/sites\/3\/2024\/07\/FB951_01.jpg\" \/>\n\t<meta property=\"og:image:width\" content=\"800\" \/>\n\t<meta property=\"og:image:height\" content=\"800\" \/>\n\t<meta property=\"og:image:type\" content=\"image\/jpeg\" \/>\n<meta name=\"twitter:card\" content=\"summary_large_image\" \/>\n<meta name=\"twitter:label1\" content=\"Gesch\u00e4tzte Lesezeit\" \/>\n\t<meta name=\"twitter:data1\" content=\"1\u00a0Minute\" \/>\n<script type=\"application\/ld+json\" class=\"yoast-schema-graph\">{\"@context\":\"https:\\\/\\\/schema.org\",\"@graph\":[{\"@type\":\"WebPage\",\"@id\":\"https:\\\/\\\/trendsandvision.nl\\\/de\\\/product\\\/esschert-design-meisenknoedel-ohne-netz-6er-pack\\\/\",\"url\":\"https:\\\/\\\/trendsandvision.nl\\\/de\\\/product\\\/esschert-design-meisenknoedel-ohne-netz-6er-pack\\\/\",\"name\":\"Esschert Design Meisenkn\u00f6del ohne Netz 6er Pack (FB951)\",\"isPartOf\":{\"@id\":\"https:\\\/\\\/trendsandvision.nl\\\/de\\\/#website\"},\"primaryImageOfPage\":{\"@id\":\"https:\\\/\\\/trendsandvision.nl\\\/de\\\/product\\\/esschert-design-meisenknoedel-ohne-netz-6er-pack\\\/#primaryimage\"},\"image\":{\"@id\":\"https:\\\/\\\/trendsandvision.nl\\\/de\\\/product\\\/esschert-design-meisenknoedel-ohne-netz-6er-pack\\\/#primaryimage\"},\"thumbnailUrl\":\"https:\\\/\\\/trendsandvision.nl\\\/de\\\/wp-content\\\/uploads\\\/sites\\\/3\\\/2024\\\/07\\\/FB951_01.jpg\",\"datePublished\":\"2024-07-19T08:56:24+00:00\",\"dateModified\":\"2026-04-07T08:28:12+00:00\",\"description\":\"Esschert Design Meisenkn\u00f6del ohne Netz 6er Pack (FB951 EAN 8714982263217) - Ganzj\u00e4hrige Nahrung\u2013 Energieschub f\u00fcr V\u00f6gel - L 18 x T 11 x H 5,5 cm\",\"breadcrumb\":{\"@id\":\"https:\\\/\\\/trendsandvision.nl\\\/de\\\/product\\\/esschert-design-meisenknoedel-ohne-netz-6er-pack\\\/#breadcrumb\"},\"inLanguage\":\"de\",\"potentialAction\":[{\"@type\":\"ReadAction\",\"target\":[\"https:\\\/\\\/trendsandvision.nl\\\/de\\\/product\\\/esschert-design-meisenknoedel-ohne-netz-6er-pack\\\/\"]}]},{\"@type\":\"ImageObject\",\"inLanguage\":\"de\",\"@id\":\"https:\\\/\\\/trendsandvision.nl\\\/de\\\/product\\\/esschert-design-meisenknoedel-ohne-netz-6er-pack\\\/#primaryimage\",\"url\":\"https:\\\/\\\/trendsandvision.nl\\\/de\\\/wp-content\\\/uploads\\\/sites\\\/3\\\/2024\\\/07\\\/FB951_01.jpg\",\"contentUrl\":\"https:\\\/\\\/trendsandvision.nl\\\/de\\\/wp-content\\\/uploads\\\/sites\\\/3\\\/2024\\\/07\\\/FB951_01.jpg\",\"width\":800,\"height\":800,\"caption\":\"Trends and Vision Meisenkn\u00f6del ohne Netz 6er Pack (FB951 EAN 8714982263217) - Ganzj\u00e4hrige Nahrung\u2013 Energieschub f\u00fcr V\u00f6gel - L 18 x T 11 x H 5,5 cm\"},{\"@type\":\"BreadcrumbList\",\"@id\":\"https:\\\/\\\/trendsandvision.nl\\\/de\\\/product\\\/esschert-design-meisenknoedel-ohne-netz-6er-pack\\\/#breadcrumb\",\"itemListElement\":[{\"@type\":\"ListItem\",\"position\":1,\"name\":\"Home\",\"item\":\"https:\\\/\\\/trendsandvision.nl\\\/de\\\/\"},{\"@type\":\"ListItem\",\"position\":2,\"name\":\"Gesch\u00e4ft\",\"item\":\"https:\\\/\\\/trendsandvision.nl\\\/de\\\/geschaft\\\/\"},{\"@type\":\"ListItem\",\"position\":3,\"name\":\"Esschert Design Meisenkn\u00f6del ohne Netz 6er Pack\"}]},{\"@type\":\"WebSite\",\"@id\":\"https:\\\/\\\/trendsandvision.nl\\\/de\\\/#website\",\"url\":\"https:\\\/\\\/trendsandvision.nl\\\/de\\\/\",\"name\":\"Trends &amp; Vision (DE)\",\"description\":\"Der Webshop f\u00fcr Esschert Design Artikel\",\"publisher\":{\"@id\":\"https:\\\/\\\/trendsandvision.nl\\\/de\\\/#organization\"},\"potentialAction\":[{\"@type\":\"SearchAction\",\"target\":{\"@type\":\"EntryPoint\",\"urlTemplate\":\"https:\\\/\\\/trendsandvision.nl\\\/de\\\/?s={search_term_string}\"},\"query-input\":{\"@type\":\"PropertyValueSpecification\",\"valueRequired\":true,\"valueName\":\"search_term_string\"}}],\"inLanguage\":\"de\"},{\"@type\":\"Organization\",\"@id\":\"https:\\\/\\\/trendsandvision.nl\\\/de\\\/#organization\",\"name\":\"Trends &amp; Vision (DE)\",\"url\":\"https:\\\/\\\/trendsandvision.nl\\\/de\\\/\",\"logo\":{\"@type\":\"ImageObject\",\"inLanguage\":\"de\",\"@id\":\"https:\\\/\\\/trendsandvision.nl\\\/de\\\/#\\\/schema\\\/logo\\\/image\\\/\",\"url\":\"https:\\\/\\\/trendsandvision.nl\\\/de\\\/wp-content\\\/uploads\\\/sites\\\/3\\\/2022\\\/04\\\/trends-and-vision-logo.jpg\",\"contentUrl\":\"https:\\\/\\\/trendsandvision.nl\\\/de\\\/wp-content\\\/uploads\\\/sites\\\/3\\\/2022\\\/04\\\/trends-and-vision-logo.jpg\",\"width\":213,\"height\":100,\"caption\":\"Trends &amp; Vision (DE)\"},\"image\":{\"@id\":\"https:\\\/\\\/trendsandvision.nl\\\/de\\\/#\\\/schema\\\/logo\\\/image\\\/\"}}]}<\/script>\n<!-- \/ Yoast SEO Premium plugin. -->","yoast_head_json":{"title":"Esschert Design Meisenkn\u00f6del ohne Netz 6er Pack (FB951)","description":"Esschert Design Meisenkn\u00f6del ohne Netz 6er Pack (FB951 EAN 8714982263217) - Ganzj\u00e4hrige Nahrung\u2013 Energieschub f\u00fcr V\u00f6gel - L 18 x T 11 x H 5,5 cm","robots":{"index":"index","follow":"follow","max-snippet":"max-snippet:-1","max-image-preview":"max-image-preview:large","max-video-preview":"max-video-preview:-1"},"canonical":"https:\/\/trendsandvision.nl\/de\/product\/esschert-design-meisenknoedel-ohne-netz-6er-pack\/","og_locale":"de_DE","og_type":"article","og_title":"Esschert Design Meisenkn\u00f6del ohne Netz 6er Pack","og_description":"Esschert Design Meisenkn\u00f6del ohne Netz 6er Pack (FB951 EAN 8714982263217) - Ganzj\u00e4hrige Nahrung\u2013 Energieschub f\u00fcr V\u00f6gel - L 18 x T 11 x H 5,5 cm","og_url":"https:\/\/trendsandvision.nl\/de\/product\/esschert-design-meisenknoedel-ohne-netz-6er-pack\/","og_site_name":"Trends &amp; Vision (DE)","article_modified_time":"2026-04-07T08:28:12+00:00","og_image":[{"width":800,"height":800,"url":"https:\/\/trendsandvision.nl\/de\/wp-content\/uploads\/sites\/3\/2024\/07\/FB951_01.jpg","type":"image\/jpeg"}],"twitter_card":"summary_large_image","twitter_misc":{"Gesch\u00e4tzte Lesezeit":"1\u00a0Minute"},"schema":{"@context":"https:\/\/schema.org","@graph":[{"@type":"WebPage","@id":"https:\/\/trendsandvision.nl\/de\/product\/esschert-design-meisenknoedel-ohne-netz-6er-pack\/","url":"https:\/\/trendsandvision.nl\/de\/product\/esschert-design-meisenknoedel-ohne-netz-6er-pack\/","name":"Esschert Design Meisenkn\u00f6del ohne Netz 6er Pack (FB951)","isPartOf":{"@id":"https:\/\/trendsandvision.nl\/de\/#website"},"primaryImageOfPage":{"@id":"https:\/\/trendsandvision.nl\/de\/product\/esschert-design-meisenknoedel-ohne-netz-6er-pack\/#primaryimage"},"image":{"@id":"https:\/\/trendsandvision.nl\/de\/product\/esschert-design-meisenknoedel-ohne-netz-6er-pack\/#primaryimage"},"thumbnailUrl":"https:\/\/trendsandvision.nl\/de\/wp-content\/uploads\/sites\/3\/2024\/07\/FB951_01.jpg","datePublished":"2024-07-19T08:56:24+00:00","dateModified":"2026-04-07T08:28:12+00:00","description":"Esschert Design Meisenkn\u00f6del ohne Netz 6er Pack (FB951 EAN 8714982263217) - Ganzj\u00e4hrige Nahrung\u2013 Energieschub f\u00fcr V\u00f6gel - L 18 x T 11 x H 5,5 cm","breadcrumb":{"@id":"https:\/\/trendsandvision.nl\/de\/product\/esschert-design-meisenknoedel-ohne-netz-6er-pack\/#breadcrumb"},"inLanguage":"de","potentialAction":[{"@type":"ReadAction","target":["https:\/\/trendsandvision.nl\/de\/product\/esschert-design-meisenknoedel-ohne-netz-6er-pack\/"]}]},{"@type":"ImageObject","inLanguage":"de","@id":"https:\/\/trendsandvision.nl\/de\/product\/esschert-design-meisenknoedel-ohne-netz-6er-pack\/#primaryimage","url":"https:\/\/trendsandvision.nl\/de\/wp-content\/uploads\/sites\/3\/2024\/07\/FB951_01.jpg","contentUrl":"https:\/\/trendsandvision.nl\/de\/wp-content\/uploads\/sites\/3\/2024\/07\/FB951_01.jpg","width":800,"height":800,"caption":"Trends and Vision Meisenkn\u00f6del ohne Netz 6er Pack (FB951 EAN 8714982263217) - Ganzj\u00e4hrige Nahrung\u2013 Energieschub f\u00fcr V\u00f6gel - L 18 x T 11 x H 5,5 cm"},{"@type":"BreadcrumbList","@id":"https:\/\/trendsandvision.nl\/de\/product\/esschert-design-meisenknoedel-ohne-netz-6er-pack\/#breadcrumb","itemListElement":[{"@type":"ListItem","position":1,"name":"Home","item":"https:\/\/trendsandvision.nl\/de\/"},{"@type":"ListItem","position":2,"name":"Gesch\u00e4ft","item":"https:\/\/trendsandvision.nl\/de\/geschaft\/"},{"@type":"ListItem","position":3,"name":"Esschert Design Meisenkn\u00f6del ohne Netz 6er Pack"}]},{"@type":"WebSite","@id":"https:\/\/trendsandvision.nl\/de\/#website","url":"https:\/\/trendsandvision.nl\/de\/","name":"Trends &amp; Vision (DE)","description":"Der Webshop f\u00fcr Esschert Design Artikel","publisher":{"@id":"https:\/\/trendsandvision.nl\/de\/#organization"},"potentialAction":[{"@type":"SearchAction","target":{"@type":"EntryPoint","urlTemplate":"https:\/\/trendsandvision.nl\/de\/?s={search_term_string}"},"query-input":{"@type":"PropertyValueSpecification","valueRequired":true,"valueName":"search_term_string"}}],"inLanguage":"de"},{"@type":"Organization","@id":"https:\/\/trendsandvision.nl\/de\/#organization","name":"Trends &amp; Vision (DE)","url":"https:\/\/trendsandvision.nl\/de\/","logo":{"@type":"ImageObject","inLanguage":"de","@id":"https:\/\/trendsandvision.nl\/de\/#\/schema\/logo\/image\/","url":"https:\/\/trendsandvision.nl\/de\/wp-content\/uploads\/sites\/3\/2022\/04\/trends-and-vision-logo.jpg","contentUrl":"https:\/\/trendsandvision.nl\/de\/wp-content\/uploads\/sites\/3\/2022\/04\/trends-and-vision-logo.jpg","width":213,"height":100,"caption":"Trends &amp; Vision (DE)"},"image":{"@id":"https:\/\/trendsandvision.nl\/de\/#\/schema\/logo\/image\/"}}]}},"_links":{"self":[{"href":"https:\/\/trendsandvision.nl\/de\/wp-json\/wp\/v2\/product\/12365","targetHints":{"allow":["GET"]}}],"collection":[{"href":"https:\/\/trendsandvision.nl\/de\/wp-json\/wp\/v2\/product"}],"about":[{"href":"https:\/\/trendsandvision.nl\/de\/wp-json\/wp\/v2\/types\/product"}],"wp:featuredmedia":[{"embeddable":true,"href":"https:\/\/trendsandvision.nl\/de\/wp-json\/wp\/v2\/media\/12366"}],"wp:attachment":[{"href":"https:\/\/trendsandvision.nl\/de\/wp-json\/wp\/v2\/media?parent=12365"}],"wp:term":[{"taxonomy":"product_brand","embeddable":true,"href":"https:\/\/trendsandvision.nl\/de\/wp-json\/wp\/v2\/product_brand?post=12365"},{"taxonomy":"product_cat","embeddable":true,"href":"https:\/\/trendsandvision.nl\/de\/wp-json\/wp\/v2\/product_cat?post=12365"},{"taxonomy":"product_tag","embeddable":true,"href":"https:\/\/trendsandvision.nl\/de\/wp-json\/wp\/v2\/product_tag?post=12365"}],"curies":[{"name":"wp","href":"https:\/\/api.w.org\/{rel}","templated":true}]}}