{"id":12362,"date":"2024-07-19T10:56:18","date_gmt":"2024-07-19T08:56:18","guid":{"rendered":"https:\/\/trendsandvision.nl\/de\/product\/esschert-design-meisenknoedel-erdnuss-kette-fb950-8714982263200\/"},"modified":"2026-04-07T10:28:12","modified_gmt":"2026-04-07T08:28:12","slug":"esschert-design-meisenknoedel-erdnuss-kette","status":"publish","type":"product","link":"https:\/\/trendsandvision.nl\/de\/product\/esschert-design-meisenknoedel-erdnuss-kette\/","title":{"rendered":"Esschert Design Meisenkn\u00f6del\/Erdnuss Kette"},"content":{"rendered":"<p>Esschert Design Meisenkn\u00f6del\/Erdnuss Kette.<br \/>\nDieser Futtersack enth\u00e4lt sowohl <strong><a href=\"https:\/\/trendsandvision.nl\/de\/?s=Meisenkn\u00f6del&amp;post_type=product&amp;dgwt_wcas=1\">Fettkn\u00f6del<\/a><\/strong> als auch <strong><a href=\"https:\/\/trendsandvision.nl\/de\/?s=Erdnuss&amp;post_type=product&amp;dgwt_wcas=1\">Erdnussnetze<\/a><\/strong> und ist somit f\u00fcr verschiedene Gartenvogelarten geeignet. Die Fettkn\u00f6del sind \u00e4u\u00dferst nahrhaft und liefern alle notwendigen Proteine und Vitamine. Die Erdn\u00fcsse sind sehr energiereich und enthalten viel Fett und Eiwei\u00df. Sie k\u00f6nnen das ganze Jahr \u00fcber an V\u00f6gel verf\u00fcttert werden.<\/p>\n<p>Artikelname Meisenkn\u00f6del\/Erdnuss Kette<br \/>\nArtikelnummer FB950<br \/>\nProduktgr\u00f6\u00dfen in cm B 5 X T 5 X H 102<br \/>\nBarcode 8714982263200<br \/>\nMaterial Gerste, Weizenflocken, Rindertalg, Calciumcarbonat, Maismehl, Sonnenblumenkerne, Erdn\u00fcsse, Mariendistel\u00f6l<br \/>\nBruttogewicht 0,7 kg<br \/>\nNettogewicht 0,676 kg<br \/>\nProduzent <a href=\"https:\/\/www.esschertdesign.com\/shop\/de\/vetbol-pindavoederslinger-fb950\" target=\"_blank\">Esschert Design<\/a><\/p>\n","protected":false},"excerpt":{"rendered":"<p>&#8211; Erdnuss-Futterschlinge<br \/>\n\u2013 4 Fettkn\u00f6del und 4 Erdnussnetze<br \/>\n\u2013 Sehr nahrhaft<br \/>\n&#8211; Ganzj\u00e4hrige Nahrung<br \/>\n&#8211; L 5 x T 5 x H 102 cm<br \/>\n&#8211; Nettogewicht 0,676 kg<br \/>\n&#8211; Barcode 8714982263200<\/p>\n","protected":false},"featured_media":12363,"template":"","meta":[],"product_brand":[9597,9598],"product_cat":[1315],"product_tag":[8163,11297,6953],"class_list":{"0":"post-12362","1":"product","2":"type-product","3":"status-publish","4":"has-post-thumbnail","6":"product_brand-esschert-design","7":"product_brand-trends-and-vision","8":"product_cat-best-for-birds","9":"product_tag-erdnussketten","10":"product_tag-ganzjaehrig","11":"product_tag-vogelfutter","12":"pa_anbieter-esschert-design","13":"pa_ean-code-6636","15":"first","16":"instock","17":"sale","18":"taxable","19":"shipping-taxable","20":"purchasable","21":"product-type-simple","22":"czr-hentry"},"yoast_head":"<!-- This site is optimized with the Yoast SEO Premium plugin v26.4 (Yoast SEO v27.3) - https:\/\/yoast.com\/product\/yoast-seo-premium-wordpress\/ -->\n<title>Esschert Design Meisenkn\u00f6del\/Erdnuss Kette (FB950)<\/title>\n<meta name=\"description\" content=\"Esschert Design Meisenkn\u00f6del\/Erdnuss Kette (FB950 EAN 8714982263200) - Ganzj\u00e4hrige Nahrung - L 5 x T 5 x H 102 cm- Nettogewicht 0,676 kg\" \/>\n<meta name=\"robots\" content=\"index, follow, max-snippet:-1, max-image-preview:large, max-video-preview:-1\" \/>\n<link rel=\"canonical\" href=\"https:\/\/trendsandvision.nl\/de\/product\/esschert-design-meisenknoedel-erdnuss-kette\/\" \/>\n<meta property=\"og:locale\" content=\"de_DE\" \/>\n<meta property=\"og:type\" content=\"article\" \/>\n<meta property=\"og:title\" content=\"Esschert Design Meisenkn\u00f6del\/Erdnuss Kette\" \/>\n<meta property=\"og:description\" content=\"Esschert Design Meisenkn\u00f6del\/Erdnuss Kette (FB950 EAN 8714982263200) - Ganzj\u00e4hrige Nahrung - L 5 x T 5 x H 102 cm- Nettogewicht 0,676 kg\" \/>\n<meta property=\"og:url\" content=\"https:\/\/trendsandvision.nl\/de\/product\/esschert-design-meisenknoedel-erdnuss-kette\/\" \/>\n<meta property=\"og:site_name\" content=\"Trends &amp; Vision (DE)\" \/>\n<meta property=\"article:modified_time\" content=\"2026-04-07T08:28:12+00:00\" \/>\n<meta property=\"og:image\" content=\"https:\/\/trendsandvision.nl\/de\/wp-content\/uploads\/sites\/3\/2024\/07\/FB950_02.jpg\" \/>\n\t<meta property=\"og:image:width\" content=\"800\" \/>\n\t<meta property=\"og:image:height\" content=\"800\" \/>\n\t<meta property=\"og:image:type\" content=\"image\/jpeg\" \/>\n<meta name=\"twitter:card\" content=\"summary_large_image\" \/>\n<meta name=\"twitter:label1\" content=\"Gesch\u00e4tzte Lesezeit\" \/>\n\t<meta name=\"twitter:data1\" content=\"1\u00a0Minute\" \/>\n<script type=\"application\/ld+json\" class=\"yoast-schema-graph\">{\"@context\":\"https:\\\/\\\/schema.org\",\"@graph\":[{\"@type\":\"WebPage\",\"@id\":\"https:\\\/\\\/trendsandvision.nl\\\/de\\\/product\\\/esschert-design-meisenknoedel-erdnuss-kette\\\/\",\"url\":\"https:\\\/\\\/trendsandvision.nl\\\/de\\\/product\\\/esschert-design-meisenknoedel-erdnuss-kette\\\/\",\"name\":\"Esschert Design Meisenkn\u00f6del\\\/Erdnuss Kette (FB950)\",\"isPartOf\":{\"@id\":\"https:\\\/\\\/trendsandvision.nl\\\/de\\\/#website\"},\"primaryImageOfPage\":{\"@id\":\"https:\\\/\\\/trendsandvision.nl\\\/de\\\/product\\\/esschert-design-meisenknoedel-erdnuss-kette\\\/#primaryimage\"},\"image\":{\"@id\":\"https:\\\/\\\/trendsandvision.nl\\\/de\\\/product\\\/esschert-design-meisenknoedel-erdnuss-kette\\\/#primaryimage\"},\"thumbnailUrl\":\"https:\\\/\\\/trendsandvision.nl\\\/de\\\/wp-content\\\/uploads\\\/sites\\\/3\\\/2024\\\/07\\\/FB950_02.jpg\",\"datePublished\":\"2024-07-19T08:56:18+00:00\",\"dateModified\":\"2026-04-07T08:28:12+00:00\",\"description\":\"Esschert Design Meisenkn\u00f6del\\\/Erdnuss Kette (FB950 EAN 8714982263200) - Ganzj\u00e4hrige Nahrung - L 5 x T 5 x H 102 cm- Nettogewicht 0,676 kg\",\"breadcrumb\":{\"@id\":\"https:\\\/\\\/trendsandvision.nl\\\/de\\\/product\\\/esschert-design-meisenknoedel-erdnuss-kette\\\/#breadcrumb\"},\"inLanguage\":\"de\",\"potentialAction\":[{\"@type\":\"ReadAction\",\"target\":[\"https:\\\/\\\/trendsandvision.nl\\\/de\\\/product\\\/esschert-design-meisenknoedel-erdnuss-kette\\\/\"]}]},{\"@type\":\"ImageObject\",\"inLanguage\":\"de\",\"@id\":\"https:\\\/\\\/trendsandvision.nl\\\/de\\\/product\\\/esschert-design-meisenknoedel-erdnuss-kette\\\/#primaryimage\",\"url\":\"https:\\\/\\\/trendsandvision.nl\\\/de\\\/wp-content\\\/uploads\\\/sites\\\/3\\\/2024\\\/07\\\/FB950_02.jpg\",\"contentUrl\":\"https:\\\/\\\/trendsandvision.nl\\\/de\\\/wp-content\\\/uploads\\\/sites\\\/3\\\/2024\\\/07\\\/FB950_02.jpg\",\"width\":800,\"height\":800,\"caption\":\"Trends and Vision Meisenkn\u00f6del\\\/Erdnuss Kette (FB950 EAN 8714982263200) - Ganzj\u00e4hrige Nahrung - L 5 x T 5 x H 102 cm- Nettogewicht 0,676 kg\"},{\"@type\":\"BreadcrumbList\",\"@id\":\"https:\\\/\\\/trendsandvision.nl\\\/de\\\/product\\\/esschert-design-meisenknoedel-erdnuss-kette\\\/#breadcrumb\",\"itemListElement\":[{\"@type\":\"ListItem\",\"position\":1,\"name\":\"Home\",\"item\":\"https:\\\/\\\/trendsandvision.nl\\\/de\\\/\"},{\"@type\":\"ListItem\",\"position\":2,\"name\":\"Gesch\u00e4ft\",\"item\":\"https:\\\/\\\/trendsandvision.nl\\\/de\\\/geschaft\\\/\"},{\"@type\":\"ListItem\",\"position\":3,\"name\":\"Esschert Design Meisenkn\u00f6del\\\/Erdnuss Kette\"}]},{\"@type\":\"WebSite\",\"@id\":\"https:\\\/\\\/trendsandvision.nl\\\/de\\\/#website\",\"url\":\"https:\\\/\\\/trendsandvision.nl\\\/de\\\/\",\"name\":\"Trends &amp; Vision (DE)\",\"description\":\"Der Webshop f\u00fcr Esschert Design Artikel\",\"publisher\":{\"@id\":\"https:\\\/\\\/trendsandvision.nl\\\/de\\\/#organization\"},\"potentialAction\":[{\"@type\":\"SearchAction\",\"target\":{\"@type\":\"EntryPoint\",\"urlTemplate\":\"https:\\\/\\\/trendsandvision.nl\\\/de\\\/?s={search_term_string}\"},\"query-input\":{\"@type\":\"PropertyValueSpecification\",\"valueRequired\":true,\"valueName\":\"search_term_string\"}}],\"inLanguage\":\"de\"},{\"@type\":\"Organization\",\"@id\":\"https:\\\/\\\/trendsandvision.nl\\\/de\\\/#organization\",\"name\":\"Trends &amp; Vision (DE)\",\"url\":\"https:\\\/\\\/trendsandvision.nl\\\/de\\\/\",\"logo\":{\"@type\":\"ImageObject\",\"inLanguage\":\"de\",\"@id\":\"https:\\\/\\\/trendsandvision.nl\\\/de\\\/#\\\/schema\\\/logo\\\/image\\\/\",\"url\":\"https:\\\/\\\/trendsandvision.nl\\\/de\\\/wp-content\\\/uploads\\\/sites\\\/3\\\/2022\\\/04\\\/trends-and-vision-logo.jpg\",\"contentUrl\":\"https:\\\/\\\/trendsandvision.nl\\\/de\\\/wp-content\\\/uploads\\\/sites\\\/3\\\/2022\\\/04\\\/trends-and-vision-logo.jpg\",\"width\":213,\"height\":100,\"caption\":\"Trends &amp; Vision (DE)\"},\"image\":{\"@id\":\"https:\\\/\\\/trendsandvision.nl\\\/de\\\/#\\\/schema\\\/logo\\\/image\\\/\"}}]}<\/script>\n<!-- \/ Yoast SEO Premium plugin. -->","yoast_head_json":{"title":"Esschert Design Meisenkn\u00f6del\/Erdnuss Kette (FB950)","description":"Esschert Design Meisenkn\u00f6del\/Erdnuss Kette (FB950 EAN 8714982263200) - Ganzj\u00e4hrige Nahrung - L 5 x T 5 x H 102 cm- Nettogewicht 0,676 kg","robots":{"index":"index","follow":"follow","max-snippet":"max-snippet:-1","max-image-preview":"max-image-preview:large","max-video-preview":"max-video-preview:-1"},"canonical":"https:\/\/trendsandvision.nl\/de\/product\/esschert-design-meisenknoedel-erdnuss-kette\/","og_locale":"de_DE","og_type":"article","og_title":"Esschert Design Meisenkn\u00f6del\/Erdnuss Kette","og_description":"Esschert Design Meisenkn\u00f6del\/Erdnuss Kette (FB950 EAN 8714982263200) - Ganzj\u00e4hrige Nahrung - L 5 x T 5 x H 102 cm- Nettogewicht 0,676 kg","og_url":"https:\/\/trendsandvision.nl\/de\/product\/esschert-design-meisenknoedel-erdnuss-kette\/","og_site_name":"Trends &amp; Vision (DE)","article_modified_time":"2026-04-07T08:28:12+00:00","og_image":[{"width":800,"height":800,"url":"https:\/\/trendsandvision.nl\/de\/wp-content\/uploads\/sites\/3\/2024\/07\/FB950_02.jpg","type":"image\/jpeg"}],"twitter_card":"summary_large_image","twitter_misc":{"Gesch\u00e4tzte Lesezeit":"1\u00a0Minute"},"schema":{"@context":"https:\/\/schema.org","@graph":[{"@type":"WebPage","@id":"https:\/\/trendsandvision.nl\/de\/product\/esschert-design-meisenknoedel-erdnuss-kette\/","url":"https:\/\/trendsandvision.nl\/de\/product\/esschert-design-meisenknoedel-erdnuss-kette\/","name":"Esschert Design Meisenkn\u00f6del\/Erdnuss Kette (FB950)","isPartOf":{"@id":"https:\/\/trendsandvision.nl\/de\/#website"},"primaryImageOfPage":{"@id":"https:\/\/trendsandvision.nl\/de\/product\/esschert-design-meisenknoedel-erdnuss-kette\/#primaryimage"},"image":{"@id":"https:\/\/trendsandvision.nl\/de\/product\/esschert-design-meisenknoedel-erdnuss-kette\/#primaryimage"},"thumbnailUrl":"https:\/\/trendsandvision.nl\/de\/wp-content\/uploads\/sites\/3\/2024\/07\/FB950_02.jpg","datePublished":"2024-07-19T08:56:18+00:00","dateModified":"2026-04-07T08:28:12+00:00","description":"Esschert Design Meisenkn\u00f6del\/Erdnuss Kette (FB950 EAN 8714982263200) - Ganzj\u00e4hrige Nahrung - L 5 x T 5 x H 102 cm- Nettogewicht 0,676 kg","breadcrumb":{"@id":"https:\/\/trendsandvision.nl\/de\/product\/esschert-design-meisenknoedel-erdnuss-kette\/#breadcrumb"},"inLanguage":"de","potentialAction":[{"@type":"ReadAction","target":["https:\/\/trendsandvision.nl\/de\/product\/esschert-design-meisenknoedel-erdnuss-kette\/"]}]},{"@type":"ImageObject","inLanguage":"de","@id":"https:\/\/trendsandvision.nl\/de\/product\/esschert-design-meisenknoedel-erdnuss-kette\/#primaryimage","url":"https:\/\/trendsandvision.nl\/de\/wp-content\/uploads\/sites\/3\/2024\/07\/FB950_02.jpg","contentUrl":"https:\/\/trendsandvision.nl\/de\/wp-content\/uploads\/sites\/3\/2024\/07\/FB950_02.jpg","width":800,"height":800,"caption":"Trends and Vision Meisenkn\u00f6del\/Erdnuss Kette (FB950 EAN 8714982263200) - Ganzj\u00e4hrige Nahrung - L 5 x T 5 x H 102 cm- Nettogewicht 0,676 kg"},{"@type":"BreadcrumbList","@id":"https:\/\/trendsandvision.nl\/de\/product\/esschert-design-meisenknoedel-erdnuss-kette\/#breadcrumb","itemListElement":[{"@type":"ListItem","position":1,"name":"Home","item":"https:\/\/trendsandvision.nl\/de\/"},{"@type":"ListItem","position":2,"name":"Gesch\u00e4ft","item":"https:\/\/trendsandvision.nl\/de\/geschaft\/"},{"@type":"ListItem","position":3,"name":"Esschert Design Meisenkn\u00f6del\/Erdnuss Kette"}]},{"@type":"WebSite","@id":"https:\/\/trendsandvision.nl\/de\/#website","url":"https:\/\/trendsandvision.nl\/de\/","name":"Trends &amp; Vision (DE)","description":"Der Webshop f\u00fcr Esschert Design Artikel","publisher":{"@id":"https:\/\/trendsandvision.nl\/de\/#organization"},"potentialAction":[{"@type":"SearchAction","target":{"@type":"EntryPoint","urlTemplate":"https:\/\/trendsandvision.nl\/de\/?s={search_term_string}"},"query-input":{"@type":"PropertyValueSpecification","valueRequired":true,"valueName":"search_term_string"}}],"inLanguage":"de"},{"@type":"Organization","@id":"https:\/\/trendsandvision.nl\/de\/#organization","name":"Trends &amp; Vision (DE)","url":"https:\/\/trendsandvision.nl\/de\/","logo":{"@type":"ImageObject","inLanguage":"de","@id":"https:\/\/trendsandvision.nl\/de\/#\/schema\/logo\/image\/","url":"https:\/\/trendsandvision.nl\/de\/wp-content\/uploads\/sites\/3\/2022\/04\/trends-and-vision-logo.jpg","contentUrl":"https:\/\/trendsandvision.nl\/de\/wp-content\/uploads\/sites\/3\/2022\/04\/trends-and-vision-logo.jpg","width":213,"height":100,"caption":"Trends &amp; Vision (DE)"},"image":{"@id":"https:\/\/trendsandvision.nl\/de\/#\/schema\/logo\/image\/"}}]}},"_links":{"self":[{"href":"https:\/\/trendsandvision.nl\/de\/wp-json\/wp\/v2\/product\/12362","targetHints":{"allow":["GET"]}}],"collection":[{"href":"https:\/\/trendsandvision.nl\/de\/wp-json\/wp\/v2\/product"}],"about":[{"href":"https:\/\/trendsandvision.nl\/de\/wp-json\/wp\/v2\/types\/product"}],"wp:featuredmedia":[{"embeddable":true,"href":"https:\/\/trendsandvision.nl\/de\/wp-json\/wp\/v2\/media\/12363"}],"wp:attachment":[{"href":"https:\/\/trendsandvision.nl\/de\/wp-json\/wp\/v2\/media?parent=12362"}],"wp:term":[{"taxonomy":"product_brand","embeddable":true,"href":"https:\/\/trendsandvision.nl\/de\/wp-json\/wp\/v2\/product_brand?post=12362"},{"taxonomy":"product_cat","embeddable":true,"href":"https:\/\/trendsandvision.nl\/de\/wp-json\/wp\/v2\/product_cat?post=12362"},{"taxonomy":"product_tag","embeddable":true,"href":"https:\/\/trendsandvision.nl\/de\/wp-json\/wp\/v2\/product_tag?post=12362"}],"curies":[{"name":"wp","href":"https:\/\/api.w.org\/{rel}","templated":true}]}}