{"id":12356,"date":"2024-07-19T10:56:08","date_gmt":"2024-07-19T08:56:08","guid":{"rendered":"https:\/\/trendsandvision.nl\/de\/product\/esschert-design-futterhaus-auf-stab-schwarz-kupfer-fb645-8714982274923\/"},"modified":"2026-04-07T10:27:19","modified_gmt":"2026-04-07T08:27:19","slug":"esschert-design-futterhaus-auf-stab-schwarz-kupfer","status":"publish","type":"product","link":"https:\/\/trendsandvision.nl\/de\/product\/esschert-design-futterhaus-auf-stab-schwarz-kupfer\/","title":{"rendered":"Esschert Design Futterhaus auf Stab schwarz Kupfer"},"content":{"rendered":"<p>Esschert Design <strong><a href=\"https:\/\/trendsandvision.nl\/de\/?s=Futterhaus&amp;post_type=product&amp;dgwt_wcas=1\">Futterhaus<\/a><\/strong> auf Stab schwarz Kupfer.<br \/>\nWundersch\u00f6nes Design und trendige Farbgebung in mattschwarzem Finish &amp; rotes Kupferdach:<br \/>\nEinfache Futterstelle mit schlichtem Design. Ein \u00e4u\u00dferst praktischer Futterplatz f\u00fcr V\u00f6gel. Die offene Struktur erm\u00f6glicht es den V\u00f6geln, die Tafel von allen Seiten leicht zu erreichen. Das Kupferdach h\u00e4lt das Futter trocken. Unten ist ein Haken angebracht, an dem Futters\u00e4cke oder Netze aufgeh\u00e4ngt werden k\u00f6nnen. Dank des Pfostens l\u00e4sst sich die Futterstelle \u00fcberall im Garten einfach platzieren.<\/p>\n<p>Artikelname Futtertisch auf Stange schwarz kupfer<br \/>\nArtikelnummer FB645<br \/>\nProduktgruppe(n) V\u00f6gel &amp; Gartentiere, F\u00fctterungssysteme, Futterh\u00e4user, Futtertische<br \/>\nProduktabmessungen in cm L 28,2 x T 28,2 x H 117,5<br \/>\nMaterial Kiefernholz, Kupfer<br \/>\nNettogewicht 1.904 kg<br \/>\nProduzent <a href=\"https:\/\/www.esschertdesign.com\/shop\/de\/voedertafel-op-paal-zwart-koper-fb645\" target=\"_blank\">Esschert Design<\/a><\/p>\n","protected":false},"excerpt":{"rendered":"<p>&#8211; Offene Struktur<br \/>\n\u2013 Kupferdach h\u00e4lt das Futter trocken<br \/>\n\u2013 Haken an Unterseite zum Aufh\u00e4ngen von Futters\u00e4cken \/ Netzen<br \/>\n&#8211; L 28,2 x T 28,2 x H 117,5 cm<br \/>\n&#8211; Material Kiefernholz, Kupfer<br \/>\n&#8211; Gewicht 1.904 kg<br \/>\n&#8211; EAN 8714982274923<\/p>\n","protected":false},"featured_media":12357,"template":"","meta":[],"product_brand":[9597,9598],"product_cat":[1315],"product_tag":[7307,7019,7308],"class_list":{"0":"post-12356","1":"product","2":"type-product","3":"status-publish","4":"has-post-thumbnail","6":"product_brand-esschert-design","7":"product_brand-trends-and-vision","8":"product_cat-best-for-birds","9":"product_tag-futterhaus","10":"product_tag-kupfer","11":"product_tag-stab","12":"pa_anbieter-esschert-design","13":"pa_ean-code-6635","15":"first","16":"outofstock","17":"sale","18":"taxable","19":"shipping-taxable","20":"purchasable","21":"product-type-simple","22":"czr-hentry"},"yoast_head":"<!-- This site is optimized with the Yoast SEO Premium plugin v26.4 (Yoast SEO v27.4) - https:\/\/yoast.com\/product\/yoast-seo-premium-wordpress\/ -->\n<title>Esschert Design Futterhaus auf Stab schwarz Kupfer (FB645)<\/title>\n<meta name=\"description\" content=\"Esschert Design Futterhaus auf Stab schwarz Kupfer (FB645 EAN 8714982274923) - L 28,2 x T 28,2 x H 117,5 cm- Kiefernholz, Kupfer- Gewicht 1.904 kg\" \/>\n<meta name=\"robots\" content=\"index, follow, max-snippet:-1, max-image-preview:large, max-video-preview:-1\" \/>\n<link rel=\"canonical\" href=\"https:\/\/trendsandvision.nl\/de\/product\/esschert-design-futterhaus-auf-stab-schwarz-kupfer\/\" \/>\n<meta property=\"og:locale\" content=\"de_DE\" \/>\n<meta property=\"og:type\" content=\"article\" \/>\n<meta property=\"og:title\" content=\"Esschert Design Futterhaus auf Stab schwarz Kupfer\" \/>\n<meta property=\"og:description\" content=\"Esschert Design Futterhaus auf Stab schwarz Kupfer (FB645 EAN 8714982274923) - L 28,2 x T 28,2 x H 117,5 cm- Kiefernholz, Kupfer- Gewicht 1.904 kg\" \/>\n<meta property=\"og:url\" content=\"https:\/\/trendsandvision.nl\/de\/product\/esschert-design-futterhaus-auf-stab-schwarz-kupfer\/\" \/>\n<meta property=\"og:site_name\" content=\"Trends &amp; Vision (DE)\" \/>\n<meta property=\"article:modified_time\" content=\"2026-04-07T08:27:19+00:00\" \/>\n<meta property=\"og:image\" content=\"https:\/\/trendsandvision.nl\/de\/wp-content\/uploads\/sites\/3\/2024\/07\/FB645_01.jpg\" \/>\n\t<meta property=\"og:image:width\" content=\"800\" \/>\n\t<meta property=\"og:image:height\" content=\"800\" \/>\n\t<meta property=\"og:image:type\" content=\"image\/jpeg\" \/>\n<meta name=\"twitter:card\" content=\"summary_large_image\" \/>\n<meta name=\"twitter:label1\" content=\"Gesch\u00e4tzte Lesezeit\" \/>\n\t<meta name=\"twitter:data1\" content=\"1\u00a0Minute\" \/>\n<script type=\"application\/ld+json\" class=\"yoast-schema-graph\">{\"@context\":\"https:\\\/\\\/schema.org\",\"@graph\":[{\"@type\":\"WebPage\",\"@id\":\"https:\\\/\\\/trendsandvision.nl\\\/de\\\/product\\\/esschert-design-futterhaus-auf-stab-schwarz-kupfer\\\/\",\"url\":\"https:\\\/\\\/trendsandvision.nl\\\/de\\\/product\\\/esschert-design-futterhaus-auf-stab-schwarz-kupfer\\\/\",\"name\":\"Esschert Design Futterhaus auf Stab schwarz Kupfer (FB645)\",\"isPartOf\":{\"@id\":\"https:\\\/\\\/trendsandvision.nl\\\/de\\\/#website\"},\"primaryImageOfPage\":{\"@id\":\"https:\\\/\\\/trendsandvision.nl\\\/de\\\/product\\\/esschert-design-futterhaus-auf-stab-schwarz-kupfer\\\/#primaryimage\"},\"image\":{\"@id\":\"https:\\\/\\\/trendsandvision.nl\\\/de\\\/product\\\/esschert-design-futterhaus-auf-stab-schwarz-kupfer\\\/#primaryimage\"},\"thumbnailUrl\":\"https:\\\/\\\/trendsandvision.nl\\\/de\\\/wp-content\\\/uploads\\\/sites\\\/3\\\/2024\\\/07\\\/FB645_01.jpg\",\"datePublished\":\"2024-07-19T08:56:08+00:00\",\"dateModified\":\"2026-04-07T08:27:19+00:00\",\"description\":\"Esschert Design Futterhaus auf Stab schwarz Kupfer (FB645 EAN 8714982274923) - L 28,2 x T 28,2 x H 117,5 cm- Kiefernholz, Kupfer- Gewicht 1.904 kg\",\"breadcrumb\":{\"@id\":\"https:\\\/\\\/trendsandvision.nl\\\/de\\\/product\\\/esschert-design-futterhaus-auf-stab-schwarz-kupfer\\\/#breadcrumb\"},\"inLanguage\":\"de\",\"potentialAction\":[{\"@type\":\"ReadAction\",\"target\":[\"https:\\\/\\\/trendsandvision.nl\\\/de\\\/product\\\/esschert-design-futterhaus-auf-stab-schwarz-kupfer\\\/\"]}]},{\"@type\":\"ImageObject\",\"inLanguage\":\"de\",\"@id\":\"https:\\\/\\\/trendsandvision.nl\\\/de\\\/product\\\/esschert-design-futterhaus-auf-stab-schwarz-kupfer\\\/#primaryimage\",\"url\":\"https:\\\/\\\/trendsandvision.nl\\\/de\\\/wp-content\\\/uploads\\\/sites\\\/3\\\/2024\\\/07\\\/FB645_01.jpg\",\"contentUrl\":\"https:\\\/\\\/trendsandvision.nl\\\/de\\\/wp-content\\\/uploads\\\/sites\\\/3\\\/2024\\\/07\\\/FB645_01.jpg\",\"width\":800,\"height\":800,\"caption\":\"Trends and Vision Futterhaus auf Stab schwarz Kupfer (FB645 EAN 8714982274923) - L 28,2 x T 28,2 x H 117,5 cm- Kiefernholz, Kupfer- Gewicht 1.904 kg\"},{\"@type\":\"BreadcrumbList\",\"@id\":\"https:\\\/\\\/trendsandvision.nl\\\/de\\\/product\\\/esschert-design-futterhaus-auf-stab-schwarz-kupfer\\\/#breadcrumb\",\"itemListElement\":[{\"@type\":\"ListItem\",\"position\":1,\"name\":\"Home\",\"item\":\"https:\\\/\\\/trendsandvision.nl\\\/de\\\/\"},{\"@type\":\"ListItem\",\"position\":2,\"name\":\"Gesch\u00e4ft\",\"item\":\"https:\\\/\\\/trendsandvision.nl\\\/de\\\/geschaft\\\/\"},{\"@type\":\"ListItem\",\"position\":3,\"name\":\"Esschert Design Futterhaus auf Stab schwarz Kupfer\"}]},{\"@type\":\"WebSite\",\"@id\":\"https:\\\/\\\/trendsandvision.nl\\\/de\\\/#website\",\"url\":\"https:\\\/\\\/trendsandvision.nl\\\/de\\\/\",\"name\":\"Trends &amp; Vision (DE)\",\"description\":\"Der Webshop f\u00fcr Esschert Design Artikel\",\"publisher\":{\"@id\":\"https:\\\/\\\/trendsandvision.nl\\\/de\\\/#organization\"},\"potentialAction\":[{\"@type\":\"SearchAction\",\"target\":{\"@type\":\"EntryPoint\",\"urlTemplate\":\"https:\\\/\\\/trendsandvision.nl\\\/de\\\/?s={search_term_string}\"},\"query-input\":{\"@type\":\"PropertyValueSpecification\",\"valueRequired\":true,\"valueName\":\"search_term_string\"}}],\"inLanguage\":\"de\"},{\"@type\":\"Organization\",\"@id\":\"https:\\\/\\\/trendsandvision.nl\\\/de\\\/#organization\",\"name\":\"Trends &amp; Vision (DE)\",\"url\":\"https:\\\/\\\/trendsandvision.nl\\\/de\\\/\",\"logo\":{\"@type\":\"ImageObject\",\"inLanguage\":\"de\",\"@id\":\"https:\\\/\\\/trendsandvision.nl\\\/de\\\/#\\\/schema\\\/logo\\\/image\\\/\",\"url\":\"https:\\\/\\\/trendsandvision.nl\\\/de\\\/wp-content\\\/uploads\\\/sites\\\/3\\\/2022\\\/04\\\/trends-and-vision-logo.jpg\",\"contentUrl\":\"https:\\\/\\\/trendsandvision.nl\\\/de\\\/wp-content\\\/uploads\\\/sites\\\/3\\\/2022\\\/04\\\/trends-and-vision-logo.jpg\",\"width\":213,\"height\":100,\"caption\":\"Trends &amp; Vision (DE)\"},\"image\":{\"@id\":\"https:\\\/\\\/trendsandvision.nl\\\/de\\\/#\\\/schema\\\/logo\\\/image\\\/\"}}]}<\/script>\n<!-- \/ Yoast SEO Premium plugin. -->","yoast_head_json":{"title":"Esschert Design Futterhaus auf Stab schwarz Kupfer (FB645)","description":"Esschert Design Futterhaus auf Stab schwarz Kupfer (FB645 EAN 8714982274923) - L 28,2 x T 28,2 x H 117,5 cm- Kiefernholz, Kupfer- Gewicht 1.904 kg","robots":{"index":"index","follow":"follow","max-snippet":"max-snippet:-1","max-image-preview":"max-image-preview:large","max-video-preview":"max-video-preview:-1"},"canonical":"https:\/\/trendsandvision.nl\/de\/product\/esschert-design-futterhaus-auf-stab-schwarz-kupfer\/","og_locale":"de_DE","og_type":"article","og_title":"Esschert Design Futterhaus auf Stab schwarz Kupfer","og_description":"Esschert Design Futterhaus auf Stab schwarz Kupfer (FB645 EAN 8714982274923) - L 28,2 x T 28,2 x H 117,5 cm- Kiefernholz, Kupfer- Gewicht 1.904 kg","og_url":"https:\/\/trendsandvision.nl\/de\/product\/esschert-design-futterhaus-auf-stab-schwarz-kupfer\/","og_site_name":"Trends &amp; Vision (DE)","article_modified_time":"2026-04-07T08:27:19+00:00","og_image":[{"width":800,"height":800,"url":"https:\/\/trendsandvision.nl\/de\/wp-content\/uploads\/sites\/3\/2024\/07\/FB645_01.jpg","type":"image\/jpeg"}],"twitter_card":"summary_large_image","twitter_misc":{"Gesch\u00e4tzte Lesezeit":"1\u00a0Minute"},"schema":{"@context":"https:\/\/schema.org","@graph":[{"@type":"WebPage","@id":"https:\/\/trendsandvision.nl\/de\/product\/esschert-design-futterhaus-auf-stab-schwarz-kupfer\/","url":"https:\/\/trendsandvision.nl\/de\/product\/esschert-design-futterhaus-auf-stab-schwarz-kupfer\/","name":"Esschert Design Futterhaus auf Stab schwarz Kupfer (FB645)","isPartOf":{"@id":"https:\/\/trendsandvision.nl\/de\/#website"},"primaryImageOfPage":{"@id":"https:\/\/trendsandvision.nl\/de\/product\/esschert-design-futterhaus-auf-stab-schwarz-kupfer\/#primaryimage"},"image":{"@id":"https:\/\/trendsandvision.nl\/de\/product\/esschert-design-futterhaus-auf-stab-schwarz-kupfer\/#primaryimage"},"thumbnailUrl":"https:\/\/trendsandvision.nl\/de\/wp-content\/uploads\/sites\/3\/2024\/07\/FB645_01.jpg","datePublished":"2024-07-19T08:56:08+00:00","dateModified":"2026-04-07T08:27:19+00:00","description":"Esschert Design Futterhaus auf Stab schwarz Kupfer (FB645 EAN 8714982274923) - L 28,2 x T 28,2 x H 117,5 cm- Kiefernholz, Kupfer- Gewicht 1.904 kg","breadcrumb":{"@id":"https:\/\/trendsandvision.nl\/de\/product\/esschert-design-futterhaus-auf-stab-schwarz-kupfer\/#breadcrumb"},"inLanguage":"de","potentialAction":[{"@type":"ReadAction","target":["https:\/\/trendsandvision.nl\/de\/product\/esschert-design-futterhaus-auf-stab-schwarz-kupfer\/"]}]},{"@type":"ImageObject","inLanguage":"de","@id":"https:\/\/trendsandvision.nl\/de\/product\/esschert-design-futterhaus-auf-stab-schwarz-kupfer\/#primaryimage","url":"https:\/\/trendsandvision.nl\/de\/wp-content\/uploads\/sites\/3\/2024\/07\/FB645_01.jpg","contentUrl":"https:\/\/trendsandvision.nl\/de\/wp-content\/uploads\/sites\/3\/2024\/07\/FB645_01.jpg","width":800,"height":800,"caption":"Trends and Vision Futterhaus auf Stab schwarz Kupfer (FB645 EAN 8714982274923) - L 28,2 x T 28,2 x H 117,5 cm- Kiefernholz, Kupfer- Gewicht 1.904 kg"},{"@type":"BreadcrumbList","@id":"https:\/\/trendsandvision.nl\/de\/product\/esschert-design-futterhaus-auf-stab-schwarz-kupfer\/#breadcrumb","itemListElement":[{"@type":"ListItem","position":1,"name":"Home","item":"https:\/\/trendsandvision.nl\/de\/"},{"@type":"ListItem","position":2,"name":"Gesch\u00e4ft","item":"https:\/\/trendsandvision.nl\/de\/geschaft\/"},{"@type":"ListItem","position":3,"name":"Esschert Design Futterhaus auf Stab schwarz Kupfer"}]},{"@type":"WebSite","@id":"https:\/\/trendsandvision.nl\/de\/#website","url":"https:\/\/trendsandvision.nl\/de\/","name":"Trends &amp; Vision (DE)","description":"Der Webshop f\u00fcr Esschert Design Artikel","publisher":{"@id":"https:\/\/trendsandvision.nl\/de\/#organization"},"potentialAction":[{"@type":"SearchAction","target":{"@type":"EntryPoint","urlTemplate":"https:\/\/trendsandvision.nl\/de\/?s={search_term_string}"},"query-input":{"@type":"PropertyValueSpecification","valueRequired":true,"valueName":"search_term_string"}}],"inLanguage":"de"},{"@type":"Organization","@id":"https:\/\/trendsandvision.nl\/de\/#organization","name":"Trends &amp; Vision (DE)","url":"https:\/\/trendsandvision.nl\/de\/","logo":{"@type":"ImageObject","inLanguage":"de","@id":"https:\/\/trendsandvision.nl\/de\/#\/schema\/logo\/image\/","url":"https:\/\/trendsandvision.nl\/de\/wp-content\/uploads\/sites\/3\/2022\/04\/trends-and-vision-logo.jpg","contentUrl":"https:\/\/trendsandvision.nl\/de\/wp-content\/uploads\/sites\/3\/2022\/04\/trends-and-vision-logo.jpg","width":213,"height":100,"caption":"Trends &amp; Vision (DE)"},"image":{"@id":"https:\/\/trendsandvision.nl\/de\/#\/schema\/logo\/image\/"}}]}},"_links":{"self":[{"href":"https:\/\/trendsandvision.nl\/de\/wp-json\/wp\/v2\/product\/12356","targetHints":{"allow":["GET"]}}],"collection":[{"href":"https:\/\/trendsandvision.nl\/de\/wp-json\/wp\/v2\/product"}],"about":[{"href":"https:\/\/trendsandvision.nl\/de\/wp-json\/wp\/v2\/types\/product"}],"wp:featuredmedia":[{"embeddable":true,"href":"https:\/\/trendsandvision.nl\/de\/wp-json\/wp\/v2\/media\/12357"}],"wp:attachment":[{"href":"https:\/\/trendsandvision.nl\/de\/wp-json\/wp\/v2\/media?parent=12356"}],"wp:term":[{"taxonomy":"product_brand","embeddable":true,"href":"https:\/\/trendsandvision.nl\/de\/wp-json\/wp\/v2\/product_brand?post=12356"},{"taxonomy":"product_cat","embeddable":true,"href":"https:\/\/trendsandvision.nl\/de\/wp-json\/wp\/v2\/product_cat?post=12356"},{"taxonomy":"product_tag","embeddable":true,"href":"https:\/\/trendsandvision.nl\/de\/wp-json\/wp\/v2\/product_tag?post=12356"}],"curies":[{"name":"wp","href":"https:\/\/api.w.org\/{rel}","templated":true}]}}