{"id":12349,"date":"2024-07-19T10:55:54","date_gmt":"2024-07-19T08:55:54","guid":{"rendered":"https:\/\/trendsandvision.nl\/de\/product\/esschert-design-recyceltes-3-1-silo-mit-schale-fb634-8714982273230\/"},"modified":"2026-04-22T14:59:14","modified_gmt":"2026-04-22T12:59:14","slug":"esschert-design-recyceltes-3-1-silo-mit-schale","status":"publish","type":"product","link":"https:\/\/trendsandvision.nl\/de\/product\/esschert-design-recyceltes-3-1-silo-mit-schale\/","title":{"rendered":"Esschert Design Recyceltes 3-1 Silo mit Schale"},"content":{"rendered":"<p>Esschert Design Recyceltes 3-1 <strong><a href=\"https:\/\/trendsandvision.nl\/de\/?s=Silo&amp;post_type=product&amp;dgwt_wcas=1\">Silo<\/a><\/strong> mit Schale.<br \/>\nDieser Spender besteht aus 100 % recyceltem Polypropylen. Er wird zerlegt geliefert, sodass Sie selbst entscheiden k\u00f6nnen, mit welchem <strong><a href=\"https:\/\/trendsandvision.nl\/de\/?s=Vogelfutter&amp;post_type=product&amp;dgwt_wcas=1\">Vogelfutter<\/a><\/strong> Sie ihn bef\u00fcllen. Die einzelnen Teile lassen sich leicht zusammenbauen. Eine Auffangschale wird mitgeliefert, damit das Futter nicht auf den Boden f\u00e4llt.<br \/>\nDieses moderne Futtersilo unterst\u00fctzt nicht nur die V\u00f6gel in Ihrem Garten oder auf Ihrem Balkon, sondern gibt auch Abf\u00e4llen ein zweites Leben. Das Silo besteht aus recyceltem Kunststoff und kann mit unseren n\u00e4hrstoffreichen Saatgutmischungen bef\u00fcllt werden.<\/p>\n<p>Artikelname: Esschert Design Recyceltes 3-1 Silo mit Schale<br \/>\nArtikelnummer: FB634<br \/>\nProduktgruppe(n) V\u00f6gel &amp; Gartentiere, F\u00fctterungssysteme, Futtersilos<br \/>\nProduktabmessungen in cm L 26,1 x T 26,1 x H 29,8<br \/>\nMaterial: rPP<br \/>\nNettogewicht 0,9 kg<br \/>\nProduzent <a href=\"https:\/\/www.esschertdesign.com\/shop\/de\/gerecyclede-3-1-silo-met-schotel-fb634\" target=\"_blank\">Esschert Design<\/a><\/p>\n<p>Um das Futtersilo wieder aufzuf\u00fcllen, dr\u00fccken Sie einfach die Kn\u00f6pfe auf beiden Seiten, um den kombinierten Deckel und Griff zu l\u00f6sen. Nehmen Sie ihn dann vorsichtig vom Silo ab. Dank seiner kompakten Bauweise eignet sich dieses Futtersilo f\u00fcr alle Arten von G\u00e4rten und Au\u00dfenbereichen.<br \/>\nJedes Silo besteht aus recyceltem Kunststoff.<br \/>\nWir lieben diese umweltbewusste Serie und hoffen, dass Sie es auch tun!<\/p>\n<p><strong><a href=\"https:\/\/trendsandvision.nl\/de\/?s=Hanging+Basket+haken&amp;post_type=product&amp;dgwt_wcas=1\">alle Haken<\/a><\/strong><br \/>\nBestellen Sie einfach mit, diesen <a href=\"https:\/\/trendsandvision.nl\/de\/product\/esschert-design-baumhaken\/\" rel=\"noopener\" target=\"_blank\">baumfreundlichen Aufh\u00e4ngehaken<\/a><\/p>\n","protected":false},"excerpt":{"rendered":"<p>\u2013 Verpackt in einer bunt bedruckten Geschenkbox<br \/>\n&#8211; Aus 100 % recyceltem Kunststoff\/Polypropylen hergestellt<br \/>\n&#8211; Hergestellt in den Niederlanden<br \/>\n\u2013 Offene Struktur<br \/>\n&#8211; mit verschiedenen nahrhaften Samen f\u00fcllen<br \/>\n&#8211; modernes Design<br \/>\n&#8211; Artikelnummer: FB634<br \/>\n&#8211; L 26,1 x T 26,1 x H 29,8 cm<br \/>\n&#8211; Gewicht 0,9 kg<br \/>\n&#8211; Barcode 8714982273230<br \/>\n&#8211; Bestellen Sie einfach diesen <a href=\"https:\/\/trendsandvision.nl\/de\/product\/esschert-design-baumhaken\/\" rel=\"noopener\" target=\"_blank\">baumfreundlichen Aufh\u00e4ngehaken<\/a> mit<\/p>\n","protected":false},"featured_media":16000,"template":"","meta":[],"product_brand":[9597,9598],"product_cat":[1315],"product_tag":[6960,6972],"class_list":{"0":"post-12349","1":"product","2":"type-product","3":"status-publish","4":"has-post-thumbnail","6":"product_brand-esschert-design","7":"product_brand-trends-and-vision","8":"product_cat-best-for-birds","9":"product_tag-futtersilos","10":"product_tag-recycled","11":"pa_anbieter-esschert-design","12":"pa_ean-code-6633","14":"first","15":"instock","16":"sale","17":"taxable","18":"shipping-taxable","19":"purchasable","20":"product-type-simple","21":"czr-hentry"},"yoast_head":"<!-- This site is optimized with the Yoast SEO Premium plugin v27.4 (Yoast SEO v27.5) - https:\/\/yoast.com\/product\/yoast-seo-premium-wordpress\/ -->\n<title>Esschert Design Recyceltes 3-1 Silo mit Schale (FB634)<\/title>\n<meta name=\"description\" content=\"Esschert Design Recyceltes 3-1 Silo mit Schale, Vogelfuttersilo (FB634 EAN 8714982273230) - modernes Design- L 26,1 x T 26,1 x H 29,8 cm- Gewicht 0,9 kg\" \/>\n<meta name=\"robots\" content=\"index, follow, max-snippet:-1, max-image-preview:large, max-video-preview:-1\" \/>\n<link rel=\"canonical\" href=\"https:\/\/trendsandvision.nl\/de\/product\/esschert-design-recyceltes-3-1-silo-mit-schale\/\" \/>\n<meta property=\"og:locale\" content=\"de_DE\" \/>\n<meta property=\"og:type\" content=\"article\" \/>\n<meta property=\"og:title\" content=\"Esschert Design Recyceltes 3-1 Silo mit Schale\" \/>\n<meta property=\"og:description\" content=\"Esschert Design Recyceltes 3-1 Silo mit Schale, Vogelfuttersilo (FB634 EAN 8714982273230) - modernes Design- L 26,1 x T 26,1 x H 29,8 cm- Gewicht 0,9 kg\" \/>\n<meta property=\"og:url\" content=\"https:\/\/trendsandvision.nl\/de\/product\/esschert-design-recyceltes-3-1-silo-mit-schale\/\" \/>\n<meta property=\"og:site_name\" content=\"Trends &amp; Vision (DE)\" \/>\n<meta property=\"article:modified_time\" content=\"2026-04-22T12:59:14+00:00\" \/>\n<meta property=\"og:image\" content=\"https:\/\/trendsandvision.nl\/de\/wp-content\/uploads\/sites\/3\/2024\/07\/FB634-510x510-1.png\" \/>\n\t<meta property=\"og:image:width\" content=\"510\" \/>\n\t<meta property=\"og:image:height\" content=\"510\" \/>\n\t<meta property=\"og:image:type\" content=\"image\/png\" \/>\n<meta name=\"twitter:card\" content=\"summary_large_image\" \/>\n<meta name=\"twitter:label1\" content=\"Gesch\u00e4tzte Lesezeit\" \/>\n\t<meta name=\"twitter:data1\" content=\"2\u00a0Minuten\" \/>\n<script type=\"application\/ld+json\" class=\"yoast-schema-graph\">{\"@context\":\"https:\\\/\\\/schema.org\",\"@graph\":[{\"@type\":\"WebPage\",\"@id\":\"https:\\\/\\\/trendsandvision.nl\\\/de\\\/product\\\/esschert-design-recyceltes-3-1-silo-mit-schale\\\/\",\"url\":\"https:\\\/\\\/trendsandvision.nl\\\/de\\\/product\\\/esschert-design-recyceltes-3-1-silo-mit-schale\\\/\",\"name\":\"Esschert Design Recyceltes 3-1 Silo mit Schale (FB634)\",\"isPartOf\":{\"@id\":\"https:\\\/\\\/trendsandvision.nl\\\/de\\\/#website\"},\"primaryImageOfPage\":{\"@id\":\"https:\\\/\\\/trendsandvision.nl\\\/de\\\/product\\\/esschert-design-recyceltes-3-1-silo-mit-schale\\\/#primaryimage\"},\"image\":{\"@id\":\"https:\\\/\\\/trendsandvision.nl\\\/de\\\/product\\\/esschert-design-recyceltes-3-1-silo-mit-schale\\\/#primaryimage\"},\"thumbnailUrl\":\"https:\\\/\\\/trendsandvision.nl\\\/de\\\/wp-content\\\/uploads\\\/sites\\\/3\\\/2024\\\/07\\\/FB634-510x510-1.png\",\"datePublished\":\"2024-07-19T08:55:54+00:00\",\"dateModified\":\"2026-04-22T12:59:14+00:00\",\"description\":\"Esschert Design Recyceltes 3-1 Silo mit Schale, Vogelfuttersilo (FB634 EAN 8714982273230) - modernes Design- L 26,1 x T 26,1 x H 29,8 cm- Gewicht 0,9 kg\",\"breadcrumb\":{\"@id\":\"https:\\\/\\\/trendsandvision.nl\\\/de\\\/product\\\/esschert-design-recyceltes-3-1-silo-mit-schale\\\/#breadcrumb\"},\"inLanguage\":\"de\",\"potentialAction\":[{\"@type\":\"ReadAction\",\"target\":[\"https:\\\/\\\/trendsandvision.nl\\\/de\\\/product\\\/esschert-design-recyceltes-3-1-silo-mit-schale\\\/\"]}]},{\"@type\":\"ImageObject\",\"inLanguage\":\"de\",\"@id\":\"https:\\\/\\\/trendsandvision.nl\\\/de\\\/product\\\/esschert-design-recyceltes-3-1-silo-mit-schale\\\/#primaryimage\",\"url\":\"https:\\\/\\\/trendsandvision.nl\\\/de\\\/wp-content\\\/uploads\\\/sites\\\/3\\\/2024\\\/07\\\/FB634-510x510-1.png\",\"contentUrl\":\"https:\\\/\\\/trendsandvision.nl\\\/de\\\/wp-content\\\/uploads\\\/sites\\\/3\\\/2024\\\/07\\\/FB634-510x510-1.png\",\"width\":510,\"height\":510,\"caption\":\"Trends and Vision Recyceltes 3-1 Silo mit Schale, Vogelfuttersilo (FB634 EAN 8714982273230) - modernes Design- L 26,1 x T 26,1 x H 29,8 cm- Gewicht 0,9 kg\"},{\"@type\":\"BreadcrumbList\",\"@id\":\"https:\\\/\\\/trendsandvision.nl\\\/de\\\/product\\\/esschert-design-recyceltes-3-1-silo-mit-schale\\\/#breadcrumb\",\"itemListElement\":[{\"@type\":\"ListItem\",\"position\":1,\"name\":\"Home\",\"item\":\"https:\\\/\\\/trendsandvision.nl\\\/de\\\/\"},{\"@type\":\"ListItem\",\"position\":2,\"name\":\"Gesch\u00e4ft\",\"item\":\"https:\\\/\\\/trendsandvision.nl\\\/de\\\/geschaft\\\/\"},{\"@type\":\"ListItem\",\"position\":3,\"name\":\"Esschert Design Recyceltes 3-1 Silo mit Schale\"}]},{\"@type\":\"WebSite\",\"@id\":\"https:\\\/\\\/trendsandvision.nl\\\/de\\\/#website\",\"url\":\"https:\\\/\\\/trendsandvision.nl\\\/de\\\/\",\"name\":\"Trends &amp; Vision (DE)\",\"description\":\"Der Webshop f\u00fcr Esschert Design Artikel\",\"publisher\":{\"@id\":\"https:\\\/\\\/trendsandvision.nl\\\/de\\\/#organization\"},\"potentialAction\":[{\"@type\":\"SearchAction\",\"target\":{\"@type\":\"EntryPoint\",\"urlTemplate\":\"https:\\\/\\\/trendsandvision.nl\\\/de\\\/?s={search_term_string}\"},\"query-input\":{\"@type\":\"PropertyValueSpecification\",\"valueRequired\":true,\"valueName\":\"search_term_string\"}}],\"inLanguage\":\"de\"},{\"@type\":\"Organization\",\"@id\":\"https:\\\/\\\/trendsandvision.nl\\\/de\\\/#organization\",\"name\":\"Trends &amp; Vision (DE)\",\"url\":\"https:\\\/\\\/trendsandvision.nl\\\/de\\\/\",\"logo\":{\"@type\":\"ImageObject\",\"inLanguage\":\"de\",\"@id\":\"https:\\\/\\\/trendsandvision.nl\\\/de\\\/#\\\/schema\\\/logo\\\/image\\\/\",\"url\":\"https:\\\/\\\/trendsandvision.nl\\\/de\\\/wp-content\\\/uploads\\\/sites\\\/3\\\/2022\\\/04\\\/trends-and-vision-logo.jpg\",\"contentUrl\":\"https:\\\/\\\/trendsandvision.nl\\\/de\\\/wp-content\\\/uploads\\\/sites\\\/3\\\/2022\\\/04\\\/trends-and-vision-logo.jpg\",\"width\":213,\"height\":100,\"caption\":\"Trends &amp; Vision (DE)\"},\"image\":{\"@id\":\"https:\\\/\\\/trendsandvision.nl\\\/de\\\/#\\\/schema\\\/logo\\\/image\\\/\"}}]}<\/script>\n<!-- \/ Yoast SEO Premium plugin. -->","yoast_head_json":{"title":"Esschert Design Recyceltes 3-1 Silo mit Schale (FB634)","description":"Esschert Design Recyceltes 3-1 Silo mit Schale, Vogelfuttersilo (FB634 EAN 8714982273230) - modernes Design- L 26,1 x T 26,1 x H 29,8 cm- Gewicht 0,9 kg","robots":{"index":"index","follow":"follow","max-snippet":"max-snippet:-1","max-image-preview":"max-image-preview:large","max-video-preview":"max-video-preview:-1"},"canonical":"https:\/\/trendsandvision.nl\/de\/product\/esschert-design-recyceltes-3-1-silo-mit-schale\/","og_locale":"de_DE","og_type":"article","og_title":"Esschert Design Recyceltes 3-1 Silo mit Schale","og_description":"Esschert Design Recyceltes 3-1 Silo mit Schale, Vogelfuttersilo (FB634 EAN 8714982273230) - modernes Design- L 26,1 x T 26,1 x H 29,8 cm- Gewicht 0,9 kg","og_url":"https:\/\/trendsandvision.nl\/de\/product\/esschert-design-recyceltes-3-1-silo-mit-schale\/","og_site_name":"Trends &amp; Vision (DE)","article_modified_time":"2026-04-22T12:59:14+00:00","og_image":[{"width":510,"height":510,"url":"https:\/\/trendsandvision.nl\/de\/wp-content\/uploads\/sites\/3\/2024\/07\/FB634-510x510-1.png","type":"image\/png"}],"twitter_card":"summary_large_image","twitter_misc":{"Gesch\u00e4tzte Lesezeit":"2\u00a0Minuten"},"schema":{"@context":"https:\/\/schema.org","@graph":[{"@type":"WebPage","@id":"https:\/\/trendsandvision.nl\/de\/product\/esschert-design-recyceltes-3-1-silo-mit-schale\/","url":"https:\/\/trendsandvision.nl\/de\/product\/esschert-design-recyceltes-3-1-silo-mit-schale\/","name":"Esschert Design Recyceltes 3-1 Silo mit Schale (FB634)","isPartOf":{"@id":"https:\/\/trendsandvision.nl\/de\/#website"},"primaryImageOfPage":{"@id":"https:\/\/trendsandvision.nl\/de\/product\/esschert-design-recyceltes-3-1-silo-mit-schale\/#primaryimage"},"image":{"@id":"https:\/\/trendsandvision.nl\/de\/product\/esschert-design-recyceltes-3-1-silo-mit-schale\/#primaryimage"},"thumbnailUrl":"https:\/\/trendsandvision.nl\/de\/wp-content\/uploads\/sites\/3\/2024\/07\/FB634-510x510-1.png","datePublished":"2024-07-19T08:55:54+00:00","dateModified":"2026-04-22T12:59:14+00:00","description":"Esschert Design Recyceltes 3-1 Silo mit Schale, Vogelfuttersilo (FB634 EAN 8714982273230) - modernes Design- L 26,1 x T 26,1 x H 29,8 cm- Gewicht 0,9 kg","breadcrumb":{"@id":"https:\/\/trendsandvision.nl\/de\/product\/esschert-design-recyceltes-3-1-silo-mit-schale\/#breadcrumb"},"inLanguage":"de","potentialAction":[{"@type":"ReadAction","target":["https:\/\/trendsandvision.nl\/de\/product\/esschert-design-recyceltes-3-1-silo-mit-schale\/"]}]},{"@type":"ImageObject","inLanguage":"de","@id":"https:\/\/trendsandvision.nl\/de\/product\/esschert-design-recyceltes-3-1-silo-mit-schale\/#primaryimage","url":"https:\/\/trendsandvision.nl\/de\/wp-content\/uploads\/sites\/3\/2024\/07\/FB634-510x510-1.png","contentUrl":"https:\/\/trendsandvision.nl\/de\/wp-content\/uploads\/sites\/3\/2024\/07\/FB634-510x510-1.png","width":510,"height":510,"caption":"Trends and Vision Recyceltes 3-1 Silo mit Schale, Vogelfuttersilo (FB634 EAN 8714982273230) - modernes Design- L 26,1 x T 26,1 x H 29,8 cm- Gewicht 0,9 kg"},{"@type":"BreadcrumbList","@id":"https:\/\/trendsandvision.nl\/de\/product\/esschert-design-recyceltes-3-1-silo-mit-schale\/#breadcrumb","itemListElement":[{"@type":"ListItem","position":1,"name":"Home","item":"https:\/\/trendsandvision.nl\/de\/"},{"@type":"ListItem","position":2,"name":"Gesch\u00e4ft","item":"https:\/\/trendsandvision.nl\/de\/geschaft\/"},{"@type":"ListItem","position":3,"name":"Esschert Design Recyceltes 3-1 Silo mit Schale"}]},{"@type":"WebSite","@id":"https:\/\/trendsandvision.nl\/de\/#website","url":"https:\/\/trendsandvision.nl\/de\/","name":"Trends &amp; Vision (DE)","description":"Der Webshop f\u00fcr Esschert Design Artikel","publisher":{"@id":"https:\/\/trendsandvision.nl\/de\/#organization"},"potentialAction":[{"@type":"SearchAction","target":{"@type":"EntryPoint","urlTemplate":"https:\/\/trendsandvision.nl\/de\/?s={search_term_string}"},"query-input":{"@type":"PropertyValueSpecification","valueRequired":true,"valueName":"search_term_string"}}],"inLanguage":"de"},{"@type":"Organization","@id":"https:\/\/trendsandvision.nl\/de\/#organization","name":"Trends &amp; Vision (DE)","url":"https:\/\/trendsandvision.nl\/de\/","logo":{"@type":"ImageObject","inLanguage":"de","@id":"https:\/\/trendsandvision.nl\/de\/#\/schema\/logo\/image\/","url":"https:\/\/trendsandvision.nl\/de\/wp-content\/uploads\/sites\/3\/2022\/04\/trends-and-vision-logo.jpg","contentUrl":"https:\/\/trendsandvision.nl\/de\/wp-content\/uploads\/sites\/3\/2022\/04\/trends-and-vision-logo.jpg","width":213,"height":100,"caption":"Trends &amp; Vision (DE)"},"image":{"@id":"https:\/\/trendsandvision.nl\/de\/#\/schema\/logo\/image\/"}}]}},"_links":{"self":[{"href":"https:\/\/trendsandvision.nl\/de\/wp-json\/wp\/v2\/product\/12349","targetHints":{"allow":["GET"]}}],"collection":[{"href":"https:\/\/trendsandvision.nl\/de\/wp-json\/wp\/v2\/product"}],"about":[{"href":"https:\/\/trendsandvision.nl\/de\/wp-json\/wp\/v2\/types\/product"}],"wp:featuredmedia":[{"embeddable":true,"href":"https:\/\/trendsandvision.nl\/de\/wp-json\/wp\/v2\/media\/16000"}],"wp:attachment":[{"href":"https:\/\/trendsandvision.nl\/de\/wp-json\/wp\/v2\/media?parent=12349"}],"wp:term":[{"taxonomy":"product_brand","embeddable":true,"href":"https:\/\/trendsandvision.nl\/de\/wp-json\/wp\/v2\/product_brand?post=12349"},{"taxonomy":"product_cat","embeddable":true,"href":"https:\/\/trendsandvision.nl\/de\/wp-json\/wp\/v2\/product_cat?post=12349"},{"taxonomy":"product_tag","embeddable":true,"href":"https:\/\/trendsandvision.nl\/de\/wp-json\/wp\/v2\/product_tag?post=12349"}],"curies":[{"name":"wp","href":"https:\/\/api.w.org\/{rel}","templated":true}]}}