{"id":12340,"date":"2024-07-19T10:55:37","date_gmt":"2024-07-19T08:55:37","guid":{"rendered":"https:\/\/trendsandvision.nl\/de\/product\/esschert-design-futterstelle-riesenschirmpilz-fb626-8714982271687\/"},"modified":"2026-04-07T10:27:13","modified_gmt":"2026-04-07T08:27:13","slug":"esschert-design-futterstelle-riesenschirmpilz","status":"publish","type":"product","link":"https:\/\/trendsandvision.nl\/de\/product\/esschert-design-futterstelle-riesenschirmpilz\/","title":{"rendered":"Esschert Design Futterstelle Riesenschirmpilz"},"content":{"rendered":"<p>Esschert Design <strong><a href=\"https:\/\/trendsandvision.nl\/de\/?s=Futterstelle&amp;post_type=product&amp;dgwt_wcas=1\">Futterstelle<\/a><\/strong> Riesenschirmpilz.<br \/>\nDieses Futtersilo in Form eines Sonnenschirmpilzes sch\u00fctzt das Futter vor Witterungseinfl\u00fcssen und dosiert das Futter.<br \/>\nVerw\u00f6hnen Sie die V\u00f6gel im Garten mit diesem Futtersilo. Der Futterspender kann mit N\u00fcssen oder Erdn\u00fcssen bef\u00fcllt werden. Durch L\u00f6sen des Aufh\u00e4ngerings l\u00e4sst sich der Deckel abnehmen und leicht nachf\u00fcllen.<\/p>\n<p>Artikelbezeichnung: Futtersilo Parasolpilz<br \/>\nArtikelnummer: FB626<br \/>\nBarcode 8714982271687<br \/>\nProduktgruppe(n) V\u00f6gel &amp; Gartentiere, F\u00fctterungssysteme, <strong><a href=\"https:\/\/trendsandvision.nl\/de\/?s=Futtersilo&amp;post_type=product&amp;dgwt_wcas=1\">Futtersilos<\/a><\/strong><br \/>\nProduktabmessungen in cm L 13 x T 13 x H 17,7<br \/>\nMaterial: PVC, Eisen<br \/>\nBruttogewicht 0,129 kg<br \/>\nNettogewicht 0,123 kg<br \/>\nProduzent <a href=\"https:\/\/www.esschertdesign.com\/shop\/de\/voedersilo-parasolzwam-fb626\" target=\"_blank\">Esschert Design<\/a><\/p>\n<p><strong><a href=\"https:\/\/trendsandvision.nl\/de\/?s=Hanging+Basket+haken&amp;post_type=product&amp;dgwt_wcas=1\">alle Aufh\u00e4ngehaken<\/a><\/strong><br \/>\nOder bestellen Sie einfach diesen <a href=\"https:\/\/trendsandvision.nl\/de\/product\/esschert-design-baumhaken\/\" rel=\"noopener\" target=\"_blank\">baumfreundlichen Aufh\u00e4ngehaken<\/a> mit.<\/p>\n","protected":false},"excerpt":{"rendered":"<p>&#8211; Einfach aufzuh\u00e4ngen<br \/>\n\u2013 Einfach nachzuf\u00fcllen<br \/>\n\u2013 Offene Struktur<br \/>\n\u2013 sch\u00fctzt das Vogelfutter<br \/>\n\u2013 dosiert ebenfalls das <strong><a href=\"https:\/\/trendsandvision.nl\/de\/?s=Vogelfutter&amp;post_type=product&amp;dgwt_wcas=1\">Vogelfutter<\/a><\/strong><br \/>\n\u2013 Ma\u00dfe: L 12,8 x T 12,8 x H 17,6 cm<br \/>\n&#8211; Material PVC, Eisen<br \/>\n&#8211; Nettogewicht 0,123 kg<br \/>\n&#8211; Barcode 8714982271687<br \/>\n<strong><a href=\"https:\/\/trendsandvision.nl\/de\/?s=Hanging+Basket+haken&amp;post_type=product&amp;dgwt_wcas=1\">alle Haken<\/a><\/strong><br \/>\nBestellen Sie einfach diesen <a href=\"https:\/\/trendsandvision.nl\/de\/product\/esschert-design-baumhaken\/\" rel=\"noopener\" target=\"_blank\">baumfreundlichen Aufh\u00e4ngehaken<\/a> mit<\/p>\n","protected":false},"featured_media":12341,"template":"","meta":[],"product_brand":[9597,9598],"product_cat":[1315],"product_tag":[6759,7018,7433,6953],"class_list":{"0":"post-12340","1":"product","2":"type-product","3":"status-publish","4":"has-post-thumbnail","6":"product_brand-esschert-design","7":"product_brand-trends-and-vision","8":"product_cat-best-for-birds","9":"product_tag-fuetterungssysteme","10":"product_tag-nachfuellbar","11":"product_tag-pilze","12":"product_tag-vogelfutter","13":"pa_anbieter-esschert-design","14":"pa_ean-code-6630","16":"first","17":"instock","18":"sale","19":"taxable","20":"shipping-taxable","21":"purchasable","22":"product-type-simple","23":"czr-hentry"},"yoast_head":"<!-- This site is optimized with the Yoast SEO Premium plugin v26.4 (Yoast SEO v27.4) - https:\/\/yoast.com\/product\/yoast-seo-premium-wordpress\/ -->\n<title>Esschert Design Futterstelle Riesenschirmpilz (FB626)<\/title>\n<meta name=\"description\" content=\"Esschert Design Futterstelle Riesenschirmpilz (FB626 EAN 8714982271687) \u00f8 L = T 12,8 x H 17,6 cm, Einfach nachzuf\u00fcllen, Offene Struktur\" \/>\n<meta name=\"robots\" content=\"index, follow, max-snippet:-1, max-image-preview:large, max-video-preview:-1\" \/>\n<link rel=\"canonical\" href=\"https:\/\/trendsandvision.nl\/de\/product\/esschert-design-futterstelle-riesenschirmpilz\/\" \/>\n<meta property=\"og:locale\" content=\"de_DE\" \/>\n<meta property=\"og:type\" content=\"article\" \/>\n<meta property=\"og:title\" content=\"Esschert Design Futterstelle Riesenschirmpilz\" \/>\n<meta property=\"og:description\" content=\"Esschert Design Futterstelle Riesenschirmpilz (FB626 EAN 8714982271687) \u00f8 L = T 12,8 x H 17,6 cm, Einfach nachzuf\u00fcllen, Offene Struktur\" \/>\n<meta property=\"og:url\" content=\"https:\/\/trendsandvision.nl\/de\/product\/esschert-design-futterstelle-riesenschirmpilz\/\" \/>\n<meta property=\"og:site_name\" content=\"Trends &amp; Vision (DE)\" \/>\n<meta property=\"article:modified_time\" content=\"2026-04-07T08:27:13+00:00\" \/>\n<meta property=\"og:image\" content=\"https:\/\/trendsandvision.nl\/de\/wp-content\/uploads\/sites\/3\/2024\/07\/FB626_01.jpg\" \/>\n\t<meta property=\"og:image:width\" content=\"800\" \/>\n\t<meta property=\"og:image:height\" content=\"800\" \/>\n\t<meta property=\"og:image:type\" content=\"image\/jpeg\" \/>\n<meta name=\"twitter:card\" content=\"summary_large_image\" \/>\n<meta name=\"twitter:label1\" content=\"Gesch\u00e4tzte Lesezeit\" \/>\n\t<meta name=\"twitter:data1\" content=\"1\u00a0Minute\" \/>\n<script type=\"application\/ld+json\" class=\"yoast-schema-graph\">{\"@context\":\"https:\\\/\\\/schema.org\",\"@graph\":[{\"@type\":\"WebPage\",\"@id\":\"https:\\\/\\\/trendsandvision.nl\\\/de\\\/product\\\/esschert-design-futterstelle-riesenschirmpilz\\\/\",\"url\":\"https:\\\/\\\/trendsandvision.nl\\\/de\\\/product\\\/esschert-design-futterstelle-riesenschirmpilz\\\/\",\"name\":\"Esschert Design Futterstelle Riesenschirmpilz (FB626)\",\"isPartOf\":{\"@id\":\"https:\\\/\\\/trendsandvision.nl\\\/de\\\/#website\"},\"primaryImageOfPage\":{\"@id\":\"https:\\\/\\\/trendsandvision.nl\\\/de\\\/product\\\/esschert-design-futterstelle-riesenschirmpilz\\\/#primaryimage\"},\"image\":{\"@id\":\"https:\\\/\\\/trendsandvision.nl\\\/de\\\/product\\\/esschert-design-futterstelle-riesenschirmpilz\\\/#primaryimage\"},\"thumbnailUrl\":\"https:\\\/\\\/trendsandvision.nl\\\/de\\\/wp-content\\\/uploads\\\/sites\\\/3\\\/2024\\\/07\\\/FB626_01.jpg\",\"datePublished\":\"2024-07-19T08:55:37+00:00\",\"dateModified\":\"2026-04-07T08:27:13+00:00\",\"description\":\"Esschert Design Futterstelle Riesenschirmpilz (FB626 EAN 8714982271687) \u00f8 L = T 12,8 x H 17,6 cm, Einfach nachzuf\u00fcllen, Offene Struktur\",\"breadcrumb\":{\"@id\":\"https:\\\/\\\/trendsandvision.nl\\\/de\\\/product\\\/esschert-design-futterstelle-riesenschirmpilz\\\/#breadcrumb\"},\"inLanguage\":\"de\",\"potentialAction\":[{\"@type\":\"ReadAction\",\"target\":[\"https:\\\/\\\/trendsandvision.nl\\\/de\\\/product\\\/esschert-design-futterstelle-riesenschirmpilz\\\/\"]}]},{\"@type\":\"ImageObject\",\"inLanguage\":\"de\",\"@id\":\"https:\\\/\\\/trendsandvision.nl\\\/de\\\/product\\\/esschert-design-futterstelle-riesenschirmpilz\\\/#primaryimage\",\"url\":\"https:\\\/\\\/trendsandvision.nl\\\/de\\\/wp-content\\\/uploads\\\/sites\\\/3\\\/2024\\\/07\\\/FB626_01.jpg\",\"contentUrl\":\"https:\\\/\\\/trendsandvision.nl\\\/de\\\/wp-content\\\/uploads\\\/sites\\\/3\\\/2024\\\/07\\\/FB626_01.jpg\",\"width\":800,\"height\":800,\"caption\":\"Trends and Vision Futterstelle Riesenschirmpilz (FB626 EAN 8714982271687) \u00f8 L = T 12,8 x H 17,6 cm, Einfach nachzuf\u00fcllen, Offene Struktur\"},{\"@type\":\"BreadcrumbList\",\"@id\":\"https:\\\/\\\/trendsandvision.nl\\\/de\\\/product\\\/esschert-design-futterstelle-riesenschirmpilz\\\/#breadcrumb\",\"itemListElement\":[{\"@type\":\"ListItem\",\"position\":1,\"name\":\"Home\",\"item\":\"https:\\\/\\\/trendsandvision.nl\\\/de\\\/\"},{\"@type\":\"ListItem\",\"position\":2,\"name\":\"Gesch\u00e4ft\",\"item\":\"https:\\\/\\\/trendsandvision.nl\\\/de\\\/geschaft\\\/\"},{\"@type\":\"ListItem\",\"position\":3,\"name\":\"Esschert Design Futterstelle Riesenschirmpilz\"}]},{\"@type\":\"WebSite\",\"@id\":\"https:\\\/\\\/trendsandvision.nl\\\/de\\\/#website\",\"url\":\"https:\\\/\\\/trendsandvision.nl\\\/de\\\/\",\"name\":\"Trends &amp; Vision (DE)\",\"description\":\"Der Webshop f\u00fcr Esschert Design Artikel\",\"publisher\":{\"@id\":\"https:\\\/\\\/trendsandvision.nl\\\/de\\\/#organization\"},\"potentialAction\":[{\"@type\":\"SearchAction\",\"target\":{\"@type\":\"EntryPoint\",\"urlTemplate\":\"https:\\\/\\\/trendsandvision.nl\\\/de\\\/?s={search_term_string}\"},\"query-input\":{\"@type\":\"PropertyValueSpecification\",\"valueRequired\":true,\"valueName\":\"search_term_string\"}}],\"inLanguage\":\"de\"},{\"@type\":\"Organization\",\"@id\":\"https:\\\/\\\/trendsandvision.nl\\\/de\\\/#organization\",\"name\":\"Trends &amp; Vision (DE)\",\"url\":\"https:\\\/\\\/trendsandvision.nl\\\/de\\\/\",\"logo\":{\"@type\":\"ImageObject\",\"inLanguage\":\"de\",\"@id\":\"https:\\\/\\\/trendsandvision.nl\\\/de\\\/#\\\/schema\\\/logo\\\/image\\\/\",\"url\":\"https:\\\/\\\/trendsandvision.nl\\\/de\\\/wp-content\\\/uploads\\\/sites\\\/3\\\/2022\\\/04\\\/trends-and-vision-logo.jpg\",\"contentUrl\":\"https:\\\/\\\/trendsandvision.nl\\\/de\\\/wp-content\\\/uploads\\\/sites\\\/3\\\/2022\\\/04\\\/trends-and-vision-logo.jpg\",\"width\":213,\"height\":100,\"caption\":\"Trends &amp; Vision (DE)\"},\"image\":{\"@id\":\"https:\\\/\\\/trendsandvision.nl\\\/de\\\/#\\\/schema\\\/logo\\\/image\\\/\"}}]}<\/script>\n<!-- \/ Yoast SEO Premium plugin. -->","yoast_head_json":{"title":"Esschert Design Futterstelle Riesenschirmpilz (FB626)","description":"Esschert Design Futterstelle Riesenschirmpilz (FB626 EAN 8714982271687) \u00f8 L = T 12,8 x H 17,6 cm, Einfach nachzuf\u00fcllen, Offene Struktur","robots":{"index":"index","follow":"follow","max-snippet":"max-snippet:-1","max-image-preview":"max-image-preview:large","max-video-preview":"max-video-preview:-1"},"canonical":"https:\/\/trendsandvision.nl\/de\/product\/esschert-design-futterstelle-riesenschirmpilz\/","og_locale":"de_DE","og_type":"article","og_title":"Esschert Design Futterstelle Riesenschirmpilz","og_description":"Esschert Design Futterstelle Riesenschirmpilz (FB626 EAN 8714982271687) \u00f8 L = T 12,8 x H 17,6 cm, Einfach nachzuf\u00fcllen, Offene Struktur","og_url":"https:\/\/trendsandvision.nl\/de\/product\/esschert-design-futterstelle-riesenschirmpilz\/","og_site_name":"Trends &amp; Vision (DE)","article_modified_time":"2026-04-07T08:27:13+00:00","og_image":[{"width":800,"height":800,"url":"https:\/\/trendsandvision.nl\/de\/wp-content\/uploads\/sites\/3\/2024\/07\/FB626_01.jpg","type":"image\/jpeg"}],"twitter_card":"summary_large_image","twitter_misc":{"Gesch\u00e4tzte Lesezeit":"1\u00a0Minute"},"schema":{"@context":"https:\/\/schema.org","@graph":[{"@type":"WebPage","@id":"https:\/\/trendsandvision.nl\/de\/product\/esschert-design-futterstelle-riesenschirmpilz\/","url":"https:\/\/trendsandvision.nl\/de\/product\/esschert-design-futterstelle-riesenschirmpilz\/","name":"Esschert Design Futterstelle Riesenschirmpilz (FB626)","isPartOf":{"@id":"https:\/\/trendsandvision.nl\/de\/#website"},"primaryImageOfPage":{"@id":"https:\/\/trendsandvision.nl\/de\/product\/esschert-design-futterstelle-riesenschirmpilz\/#primaryimage"},"image":{"@id":"https:\/\/trendsandvision.nl\/de\/product\/esschert-design-futterstelle-riesenschirmpilz\/#primaryimage"},"thumbnailUrl":"https:\/\/trendsandvision.nl\/de\/wp-content\/uploads\/sites\/3\/2024\/07\/FB626_01.jpg","datePublished":"2024-07-19T08:55:37+00:00","dateModified":"2026-04-07T08:27:13+00:00","description":"Esschert Design Futterstelle Riesenschirmpilz (FB626 EAN 8714982271687) \u00f8 L = T 12,8 x H 17,6 cm, Einfach nachzuf\u00fcllen, Offene Struktur","breadcrumb":{"@id":"https:\/\/trendsandvision.nl\/de\/product\/esschert-design-futterstelle-riesenschirmpilz\/#breadcrumb"},"inLanguage":"de","potentialAction":[{"@type":"ReadAction","target":["https:\/\/trendsandvision.nl\/de\/product\/esschert-design-futterstelle-riesenschirmpilz\/"]}]},{"@type":"ImageObject","inLanguage":"de","@id":"https:\/\/trendsandvision.nl\/de\/product\/esschert-design-futterstelle-riesenschirmpilz\/#primaryimage","url":"https:\/\/trendsandvision.nl\/de\/wp-content\/uploads\/sites\/3\/2024\/07\/FB626_01.jpg","contentUrl":"https:\/\/trendsandvision.nl\/de\/wp-content\/uploads\/sites\/3\/2024\/07\/FB626_01.jpg","width":800,"height":800,"caption":"Trends and Vision Futterstelle Riesenschirmpilz (FB626 EAN 8714982271687) \u00f8 L = T 12,8 x H 17,6 cm, Einfach nachzuf\u00fcllen, Offene Struktur"},{"@type":"BreadcrumbList","@id":"https:\/\/trendsandvision.nl\/de\/product\/esschert-design-futterstelle-riesenschirmpilz\/#breadcrumb","itemListElement":[{"@type":"ListItem","position":1,"name":"Home","item":"https:\/\/trendsandvision.nl\/de\/"},{"@type":"ListItem","position":2,"name":"Gesch\u00e4ft","item":"https:\/\/trendsandvision.nl\/de\/geschaft\/"},{"@type":"ListItem","position":3,"name":"Esschert Design Futterstelle Riesenschirmpilz"}]},{"@type":"WebSite","@id":"https:\/\/trendsandvision.nl\/de\/#website","url":"https:\/\/trendsandvision.nl\/de\/","name":"Trends &amp; Vision (DE)","description":"Der Webshop f\u00fcr Esschert Design Artikel","publisher":{"@id":"https:\/\/trendsandvision.nl\/de\/#organization"},"potentialAction":[{"@type":"SearchAction","target":{"@type":"EntryPoint","urlTemplate":"https:\/\/trendsandvision.nl\/de\/?s={search_term_string}"},"query-input":{"@type":"PropertyValueSpecification","valueRequired":true,"valueName":"search_term_string"}}],"inLanguage":"de"},{"@type":"Organization","@id":"https:\/\/trendsandvision.nl\/de\/#organization","name":"Trends &amp; Vision (DE)","url":"https:\/\/trendsandvision.nl\/de\/","logo":{"@type":"ImageObject","inLanguage":"de","@id":"https:\/\/trendsandvision.nl\/de\/#\/schema\/logo\/image\/","url":"https:\/\/trendsandvision.nl\/de\/wp-content\/uploads\/sites\/3\/2022\/04\/trends-and-vision-logo.jpg","contentUrl":"https:\/\/trendsandvision.nl\/de\/wp-content\/uploads\/sites\/3\/2022\/04\/trends-and-vision-logo.jpg","width":213,"height":100,"caption":"Trends &amp; Vision (DE)"},"image":{"@id":"https:\/\/trendsandvision.nl\/de\/#\/schema\/logo\/image\/"}}]}},"_links":{"self":[{"href":"https:\/\/trendsandvision.nl\/de\/wp-json\/wp\/v2\/product\/12340","targetHints":{"allow":["GET"]}}],"collection":[{"href":"https:\/\/trendsandvision.nl\/de\/wp-json\/wp\/v2\/product"}],"about":[{"href":"https:\/\/trendsandvision.nl\/de\/wp-json\/wp\/v2\/types\/product"}],"wp:featuredmedia":[{"embeddable":true,"href":"https:\/\/trendsandvision.nl\/de\/wp-json\/wp\/v2\/media\/12341"}],"wp:attachment":[{"href":"https:\/\/trendsandvision.nl\/de\/wp-json\/wp\/v2\/media?parent=12340"}],"wp:term":[{"taxonomy":"product_brand","embeddable":true,"href":"https:\/\/trendsandvision.nl\/de\/wp-json\/wp\/v2\/product_brand?post=12340"},{"taxonomy":"product_cat","embeddable":true,"href":"https:\/\/trendsandvision.nl\/de\/wp-json\/wp\/v2\/product_cat?post=12340"},{"taxonomy":"product_tag","embeddable":true,"href":"https:\/\/trendsandvision.nl\/de\/wp-json\/wp\/v2\/product_tag?post=12340"}],"curies":[{"name":"wp","href":"https:\/\/api.w.org\/{rel}","templated":true}]}}