{"id":12331,"date":"2024-07-19T10:55:23","date_gmt":"2024-07-19T08:55:23","guid":{"rendered":"https:\/\/trendsandvision.nl\/de\/product\/esschert-design-nistkastenaufhaengung-fb623-8714982269530\/"},"modified":"2026-04-07T10:27:12","modified_gmt":"2026-04-07T08:27:12","slug":"esschert-design-nistkastenaufhaengung","status":"publish","type":"product","link":"https:\/\/trendsandvision.nl\/de\/product\/esschert-design-nistkastenaufhaengung\/","title":{"rendered":"Esschert Design Nistkastenaufh\u00e4ngung"},"content":{"rendered":"<p>Esschert Design Nistkastenaufh\u00e4ngung.<br \/>\nEin Set Vogelhaus-Aufh\u00e4nger f\u00fcr einen <strong><a href=\"https:\/\/trendsandvision.nl\/de\/?s=Nistkaste&amp;post_type=product&amp;dgwt_wcas=1\">Nistkasten<\/a><\/strong>.<br \/>\nDas Aufh\u00e4ngen und Reinigen eines <strong><a href=\"https:\/\/trendsandvision.nl\/de\/?s=nistkast&amp;post_type=product&amp;dgwt_wcas=1\">Vogelhauses<\/a><\/strong> wird mit diesem Metallhaken deutlich einfacher. Das Vogelhaus h\u00e4ngt sicher und gerade an einer Wand oder einem Baum. Wird mit Schrauben zur Befestigung am Vogelhaus geliefert.<br \/>\nEin sicheres, stabiles, rostbest\u00e4ndiges Halterungsset f\u00fcr <a href=\"https:\/\/trendsandvision.de\/?s=Nistkast&amp;post_type=product&amp;dgwt_wcas=1\">Nistkasten<\/a> zur bequemen Platzierung und\/oder zum Entfernen zum Reinigen.<br \/>\nBei der Befestigung am Baum: Kaufen Sie Aluminiumschrauben oder verwenden Sie unsere baumfreundlichen <strong><a href=\"https:\/\/trendsandvision.nl\/de\/product\/esschert-design-set-aluminiumnaegel\/\">Aluminiumn\u00e4gel<\/a><\/strong><\/p>\n<p>Artikelname Nistkasten-Aufh\u00e4ngesystem<br \/>\nArtikelnummer FB623<br \/>\nBarcode 8714982269530<br \/>\nProduktgruppe(n) V\u00f6gel &amp; Gartentiere, Nistk\u00e4sten und Vogelh\u00e4uschen, Sonstiges<br \/>\nProduktabmessungen in cm L 4,8 x T 1,7 x H 12<br \/>\nMaterial Eisen<br \/>\nBruttogewicht 0,188 kg<br \/>\nNettogewicht 0,171 kg<br \/>\nProduzent <a href=\"https:\/\/www.esschertdesign.com\/shop\/de\/nestkast-ophangsysteem-fb623\" target=\"_blank\">Esschert Design<\/a><\/p>\n","protected":false},"excerpt":{"rendered":"<p>&#8211; Inklusive kurzer Schrauben<br \/>\n\u2013 Vogelhaus l\u00e4sst sich einfach aufh\u00e4ngen<br \/>\n\u2013 Vogelhaus h\u00e4ngt gerade<br \/>\n&#8211; L 4,8 x T 1,7 x H 12 cm<br \/>\n&#8211; Material Eisen<br \/>\n&#8211; Nettogewicht 0,171 kg<br \/>\n&#8211; Barcode 8714982269530<br \/>\n&#8211; Al unsere <strong><a href=\"https:\/\/trendsandvision.nl\/de\/?s=Nistkaste&amp;post_type=product&amp;dgwt_wcas=1\">Nistkasten<\/a><\/strong><\/p>\n","protected":false},"featured_media":12332,"template":"","meta":[],"product_brand":[9597,9598],"product_cat":[1315],"product_tag":[7527,7020,8730,6828,7189],"class_list":{"0":"post-12331","1":"product","2":"type-product","3":"status-publish","4":"has-post-thumbnail","6":"product_brand-esschert-design","7":"product_brand-trends-and-vision","8":"product_cat-best-for-birds","9":"product_tag-accessoires","10":"product_tag-aufhaengesystem","11":"product_tag-fb623","12":"product_tag-nistkasten","13":"product_tag-vogelhaeuser","14":"pa_anbieter-esschert-design","15":"pa_ean-code-6628","17":"first","18":"instock","19":"sale","20":"taxable","21":"shipping-taxable","22":"purchasable","23":"product-type-simple","24":"czr-hentry"},"yoast_head":"<!-- This site is optimized with the Yoast SEO Premium plugin v26.4 (Yoast SEO v27.3) - https:\/\/yoast.com\/product\/yoast-seo-premium-wordpress\/ -->\n<title>Esschert Design Nistkastenaufh\u00e4ngung (FB623 8714982269530) | Trends &amp; Vision<\/title>\n<meta name=\"description\" content=\"Esschert Design Nistkastenaufh\u00e4ngung (FB623 8714982269530)\" \/>\n<meta name=\"robots\" content=\"index, follow, max-snippet:-1, max-image-preview:large, max-video-preview:-1\" \/>\n<link rel=\"canonical\" href=\"https:\/\/trendsandvision.nl\/de\/product\/esschert-design-nistkastenaufhaengung\/\" \/>\n<meta property=\"og:locale\" content=\"de_DE\" \/>\n<meta property=\"og:type\" content=\"article\" \/>\n<meta property=\"og:title\" content=\"Esschert Design Nistkastenaufh\u00e4ngung\" \/>\n<meta property=\"og:description\" content=\"Esschert Design Nistkastenaufh\u00e4ngung (FB623 8714982269530)\" \/>\n<meta property=\"og:url\" content=\"https:\/\/trendsandvision.nl\/de\/product\/esschert-design-nistkastenaufhaengung\/\" \/>\n<meta property=\"og:site_name\" content=\"Trends &amp; Vision (DE)\" \/>\n<meta property=\"article:modified_time\" content=\"2026-04-07T08:27:12+00:00\" \/>\n<meta property=\"og:image\" content=\"https:\/\/trendsandvision.nl\/de\/wp-content\/uploads\/sites\/3\/2024\/07\/FB623_01.jpg\" \/>\n\t<meta property=\"og:image:width\" content=\"800\" \/>\n\t<meta property=\"og:image:height\" content=\"800\" \/>\n\t<meta property=\"og:image:type\" content=\"image\/jpeg\" \/>\n<meta name=\"twitter:card\" content=\"summary_large_image\" \/>\n<meta name=\"twitter:label1\" content=\"Gesch\u00e4tzte Lesezeit\" \/>\n\t<meta name=\"twitter:data1\" content=\"1\u00a0Minute\" \/>\n<script type=\"application\/ld+json\" class=\"yoast-schema-graph\">{\"@context\":\"https:\\\/\\\/schema.org\",\"@graph\":[{\"@type\":\"WebPage\",\"@id\":\"https:\\\/\\\/trendsandvision.nl\\\/de\\\/product\\\/esschert-design-nistkastenaufhaengung\\\/\",\"url\":\"https:\\\/\\\/trendsandvision.nl\\\/de\\\/product\\\/esschert-design-nistkastenaufhaengung\\\/\",\"name\":\"Esschert Design Nistkastenaufh\u00e4ngung (FB623 8714982269530) | Trends & Vision\",\"isPartOf\":{\"@id\":\"https:\\\/\\\/trendsandvision.nl\\\/de\\\/#website\"},\"primaryImageOfPage\":{\"@id\":\"https:\\\/\\\/trendsandvision.nl\\\/de\\\/product\\\/esschert-design-nistkastenaufhaengung\\\/#primaryimage\"},\"image\":{\"@id\":\"https:\\\/\\\/trendsandvision.nl\\\/de\\\/product\\\/esschert-design-nistkastenaufhaengung\\\/#primaryimage\"},\"thumbnailUrl\":\"https:\\\/\\\/trendsandvision.nl\\\/de\\\/wp-content\\\/uploads\\\/sites\\\/3\\\/2024\\\/07\\\/FB623_01.jpg\",\"datePublished\":\"2024-07-19T08:55:23+00:00\",\"dateModified\":\"2026-04-07T08:27:12+00:00\",\"description\":\"Esschert Design Nistkastenaufh\u00e4ngung (FB623 8714982269530)\",\"breadcrumb\":{\"@id\":\"https:\\\/\\\/trendsandvision.nl\\\/de\\\/product\\\/esschert-design-nistkastenaufhaengung\\\/#breadcrumb\"},\"inLanguage\":\"de\",\"potentialAction\":[{\"@type\":\"ReadAction\",\"target\":[\"https:\\\/\\\/trendsandvision.nl\\\/de\\\/product\\\/esschert-design-nistkastenaufhaengung\\\/\"]}]},{\"@type\":\"ImageObject\",\"inLanguage\":\"de\",\"@id\":\"https:\\\/\\\/trendsandvision.nl\\\/de\\\/product\\\/esschert-design-nistkastenaufhaengung\\\/#primaryimage\",\"url\":\"https:\\\/\\\/trendsandvision.nl\\\/de\\\/wp-content\\\/uploads\\\/sites\\\/3\\\/2024\\\/07\\\/FB623_01.jpg\",\"contentUrl\":\"https:\\\/\\\/trendsandvision.nl\\\/de\\\/wp-content\\\/uploads\\\/sites\\\/3\\\/2024\\\/07\\\/FB623_01.jpg\",\"width\":800,\"height\":800,\"caption\":\"Esschert Design Nistkastenaufh\u00e4ngung (FB623 8714982269530) - 01\"},{\"@type\":\"BreadcrumbList\",\"@id\":\"https:\\\/\\\/trendsandvision.nl\\\/de\\\/product\\\/esschert-design-nistkastenaufhaengung\\\/#breadcrumb\",\"itemListElement\":[{\"@type\":\"ListItem\",\"position\":1,\"name\":\"Home\",\"item\":\"https:\\\/\\\/trendsandvision.nl\\\/de\\\/\"},{\"@type\":\"ListItem\",\"position\":2,\"name\":\"Gesch\u00e4ft\",\"item\":\"https:\\\/\\\/trendsandvision.nl\\\/de\\\/geschaft\\\/\"},{\"@type\":\"ListItem\",\"position\":3,\"name\":\"Esschert Design Nistkastenaufh\u00e4ngung\"}]},{\"@type\":\"WebSite\",\"@id\":\"https:\\\/\\\/trendsandvision.nl\\\/de\\\/#website\",\"url\":\"https:\\\/\\\/trendsandvision.nl\\\/de\\\/\",\"name\":\"Trends &amp; Vision (DE)\",\"description\":\"Der Webshop f\u00fcr Esschert Design Artikel\",\"publisher\":{\"@id\":\"https:\\\/\\\/trendsandvision.nl\\\/de\\\/#organization\"},\"potentialAction\":[{\"@type\":\"SearchAction\",\"target\":{\"@type\":\"EntryPoint\",\"urlTemplate\":\"https:\\\/\\\/trendsandvision.nl\\\/de\\\/?s={search_term_string}\"},\"query-input\":{\"@type\":\"PropertyValueSpecification\",\"valueRequired\":true,\"valueName\":\"search_term_string\"}}],\"inLanguage\":\"de\"},{\"@type\":\"Organization\",\"@id\":\"https:\\\/\\\/trendsandvision.nl\\\/de\\\/#organization\",\"name\":\"Trends &amp; Vision (DE)\",\"url\":\"https:\\\/\\\/trendsandvision.nl\\\/de\\\/\",\"logo\":{\"@type\":\"ImageObject\",\"inLanguage\":\"de\",\"@id\":\"https:\\\/\\\/trendsandvision.nl\\\/de\\\/#\\\/schema\\\/logo\\\/image\\\/\",\"url\":\"https:\\\/\\\/trendsandvision.nl\\\/de\\\/wp-content\\\/uploads\\\/sites\\\/3\\\/2022\\\/04\\\/trends-and-vision-logo.jpg\",\"contentUrl\":\"https:\\\/\\\/trendsandvision.nl\\\/de\\\/wp-content\\\/uploads\\\/sites\\\/3\\\/2022\\\/04\\\/trends-and-vision-logo.jpg\",\"width\":213,\"height\":100,\"caption\":\"Trends &amp; Vision (DE)\"},\"image\":{\"@id\":\"https:\\\/\\\/trendsandvision.nl\\\/de\\\/#\\\/schema\\\/logo\\\/image\\\/\"}}]}<\/script>\n<!-- \/ Yoast SEO Premium plugin. -->","yoast_head_json":{"title":"Esschert Design Nistkastenaufh\u00e4ngung (FB623 8714982269530) | Trends & Vision","description":"Esschert Design Nistkastenaufh\u00e4ngung (FB623 8714982269530)","robots":{"index":"index","follow":"follow","max-snippet":"max-snippet:-1","max-image-preview":"max-image-preview:large","max-video-preview":"max-video-preview:-1"},"canonical":"https:\/\/trendsandvision.nl\/de\/product\/esschert-design-nistkastenaufhaengung\/","og_locale":"de_DE","og_type":"article","og_title":"Esschert Design Nistkastenaufh\u00e4ngung","og_description":"Esschert Design Nistkastenaufh\u00e4ngung (FB623 8714982269530)","og_url":"https:\/\/trendsandvision.nl\/de\/product\/esschert-design-nistkastenaufhaengung\/","og_site_name":"Trends &amp; Vision (DE)","article_modified_time":"2026-04-07T08:27:12+00:00","og_image":[{"width":800,"height":800,"url":"https:\/\/trendsandvision.nl\/de\/wp-content\/uploads\/sites\/3\/2024\/07\/FB623_01.jpg","type":"image\/jpeg"}],"twitter_card":"summary_large_image","twitter_misc":{"Gesch\u00e4tzte Lesezeit":"1\u00a0Minute"},"schema":{"@context":"https:\/\/schema.org","@graph":[{"@type":"WebPage","@id":"https:\/\/trendsandvision.nl\/de\/product\/esschert-design-nistkastenaufhaengung\/","url":"https:\/\/trendsandvision.nl\/de\/product\/esschert-design-nistkastenaufhaengung\/","name":"Esschert Design Nistkastenaufh\u00e4ngung (FB623 8714982269530) | Trends & Vision","isPartOf":{"@id":"https:\/\/trendsandvision.nl\/de\/#website"},"primaryImageOfPage":{"@id":"https:\/\/trendsandvision.nl\/de\/product\/esschert-design-nistkastenaufhaengung\/#primaryimage"},"image":{"@id":"https:\/\/trendsandvision.nl\/de\/product\/esschert-design-nistkastenaufhaengung\/#primaryimage"},"thumbnailUrl":"https:\/\/trendsandvision.nl\/de\/wp-content\/uploads\/sites\/3\/2024\/07\/FB623_01.jpg","datePublished":"2024-07-19T08:55:23+00:00","dateModified":"2026-04-07T08:27:12+00:00","description":"Esschert Design Nistkastenaufh\u00e4ngung (FB623 8714982269530)","breadcrumb":{"@id":"https:\/\/trendsandvision.nl\/de\/product\/esschert-design-nistkastenaufhaengung\/#breadcrumb"},"inLanguage":"de","potentialAction":[{"@type":"ReadAction","target":["https:\/\/trendsandvision.nl\/de\/product\/esschert-design-nistkastenaufhaengung\/"]}]},{"@type":"ImageObject","inLanguage":"de","@id":"https:\/\/trendsandvision.nl\/de\/product\/esschert-design-nistkastenaufhaengung\/#primaryimage","url":"https:\/\/trendsandvision.nl\/de\/wp-content\/uploads\/sites\/3\/2024\/07\/FB623_01.jpg","contentUrl":"https:\/\/trendsandvision.nl\/de\/wp-content\/uploads\/sites\/3\/2024\/07\/FB623_01.jpg","width":800,"height":800,"caption":"Esschert Design Nistkastenaufh\u00e4ngung (FB623 8714982269530) - 01"},{"@type":"BreadcrumbList","@id":"https:\/\/trendsandvision.nl\/de\/product\/esschert-design-nistkastenaufhaengung\/#breadcrumb","itemListElement":[{"@type":"ListItem","position":1,"name":"Home","item":"https:\/\/trendsandvision.nl\/de\/"},{"@type":"ListItem","position":2,"name":"Gesch\u00e4ft","item":"https:\/\/trendsandvision.nl\/de\/geschaft\/"},{"@type":"ListItem","position":3,"name":"Esschert Design Nistkastenaufh\u00e4ngung"}]},{"@type":"WebSite","@id":"https:\/\/trendsandvision.nl\/de\/#website","url":"https:\/\/trendsandvision.nl\/de\/","name":"Trends &amp; Vision (DE)","description":"Der Webshop f\u00fcr Esschert Design Artikel","publisher":{"@id":"https:\/\/trendsandvision.nl\/de\/#organization"},"potentialAction":[{"@type":"SearchAction","target":{"@type":"EntryPoint","urlTemplate":"https:\/\/trendsandvision.nl\/de\/?s={search_term_string}"},"query-input":{"@type":"PropertyValueSpecification","valueRequired":true,"valueName":"search_term_string"}}],"inLanguage":"de"},{"@type":"Organization","@id":"https:\/\/trendsandvision.nl\/de\/#organization","name":"Trends &amp; Vision (DE)","url":"https:\/\/trendsandvision.nl\/de\/","logo":{"@type":"ImageObject","inLanguage":"de","@id":"https:\/\/trendsandvision.nl\/de\/#\/schema\/logo\/image\/","url":"https:\/\/trendsandvision.nl\/de\/wp-content\/uploads\/sites\/3\/2022\/04\/trends-and-vision-logo.jpg","contentUrl":"https:\/\/trendsandvision.nl\/de\/wp-content\/uploads\/sites\/3\/2022\/04\/trends-and-vision-logo.jpg","width":213,"height":100,"caption":"Trends &amp; Vision (DE)"},"image":{"@id":"https:\/\/trendsandvision.nl\/de\/#\/schema\/logo\/image\/"}}]}},"_links":{"self":[{"href":"https:\/\/trendsandvision.nl\/de\/wp-json\/wp\/v2\/product\/12331","targetHints":{"allow":["GET"]}}],"collection":[{"href":"https:\/\/trendsandvision.nl\/de\/wp-json\/wp\/v2\/product"}],"about":[{"href":"https:\/\/trendsandvision.nl\/de\/wp-json\/wp\/v2\/types\/product"}],"wp:featuredmedia":[{"embeddable":true,"href":"https:\/\/trendsandvision.nl\/de\/wp-json\/wp\/v2\/media\/12332"}],"wp:attachment":[{"href":"https:\/\/trendsandvision.nl\/de\/wp-json\/wp\/v2\/media?parent=12331"}],"wp:term":[{"taxonomy":"product_brand","embeddable":true,"href":"https:\/\/trendsandvision.nl\/de\/wp-json\/wp\/v2\/product_brand?post=12331"},{"taxonomy":"product_cat","embeddable":true,"href":"https:\/\/trendsandvision.nl\/de\/wp-json\/wp\/v2\/product_cat?post=12331"},{"taxonomy":"product_tag","embeddable":true,"href":"https:\/\/trendsandvision.nl\/de\/wp-json\/wp\/v2\/product_tag?post=12331"}],"curies":[{"name":"wp","href":"https:\/\/api.w.org\/{rel}","templated":true}]}}