{"id":12325,"date":"2024-07-19T10:55:12","date_gmt":"2024-07-19T08:55:12","guid":{"rendered":"https:\/\/trendsandvision.nl\/de\/product\/esschert-design-nusssilo-schwarz-kupfer-fb621-8714982269325\/"},"modified":"2026-04-07T10:27:11","modified_gmt":"2026-04-07T08:27:11","slug":"esschert-design-nusssilo-schwarz-kupfer","status":"publish","type":"product","link":"https:\/\/trendsandvision.nl\/de\/product\/esschert-design-nusssilo-schwarz-kupfer\/","title":{"rendered":"Esschert Design Nusssilo schwarz Kupfer"},"content":{"rendered":"<p>Esschert Design Nusssilo schwarz Kupfer.<br \/>\nDieser Nussdispenser kann mit <strong><a href=\"https:\/\/trendsandvision.nl\/de\/?s=Erdn\u00fcsse&amp;post_type=product&amp;dgwt_wcas=1\">Erdn\u00fcssen<\/a><\/strong> bef\u00fcllt werden. Durch die offene Struktur des Korbes k\u00f6nnen die V\u00f6gel von allen Seiten an die Erdn\u00fcsse gelangen. Die Schale am Boden sorgt daf\u00fcr, dass das Futter nicht auf den Boden f\u00e4llt, sondern im Silo bleibt. Durch Drehen des Deckels l\u00e4sst sich der Dispenser einfach nachf\u00fcllen.<\/p>\n<p>Artikelname: <strong><a href=\"https:\/\/trendsandvision.nl\/de\/?s=Nusssilo&amp;post_type=product&amp;dgwt_wcas=1\">Nusssilo<\/a><\/strong> schwarz kupfer<br \/>\nArtikelnummer: FB621<br \/>\nBarcode 8714982269325<br \/>\nProduktgruppe(n) V\u00f6gel &amp; Gartentiere, F\u00fctterungssysteme, Futtersilos<br \/>\nProduktabmessungen in cm L 16 x T 16 x H 29,9<br \/>\nMaterial: Weichstahl<br \/>\nNettogewicht 0,331 kg<br \/>\nProduzent <a href=\"https:\/\/www.esschertdesign.com\/shop\/de\/notensilo-zwart-koper-fb621\" target=\"_blank\">Esschert Design<\/a><\/p>\n<p><strong><a href=\"https:\/\/trendsandvision.nl\/de\/?s=Hanging+Basket+haken&amp;post_type=product&amp;dgwt_wcas=1\">alle Haken<\/a><\/strong><br \/>\nBestellen Sie einfach mit, diesen <a href=\"https:\/\/trendsandvision.nl\/de\/product\/esschert-design-baumhaken\/\" rel=\"noopener\" target=\"_blank\">baumfreundlichen Aufh\u00e4ngehaken<\/a><\/p>\n","protected":false},"excerpt":{"rendered":"<p>&#8211; Offene Struktur<br \/>\n\u2013 Futterschale mit Abflussl\u00f6chern<br \/>\n\u2013 Einfaches Nachf\u00fcllen durch Drehen des Deckels<br \/>\n&#8211; Artikelnummer: FB621<br \/>\n&#8211; L 16 x T 16 x H 29,9 cm<br \/>\n&#8211; Material: Weichstahl<br \/>\n&#8211; Nettogewicht 0,331 kg<br \/>\n&#8211; Barcode 8714982269325<br \/>\n&#8211; <strong><a href=\"https:\/\/trendsandvision.nl\/de\/?s=Hanging+Basket+haken&amp;post_type=product&amp;dgwt_wcas=1\">alle Haken<\/a><\/strong><br \/>\n&#8211; Bestellen Sie einfach diesen <a href=\"https:\/\/trendsandvision.nl\/de\/product\/esschert-design-baumhaken\/\" rel=\"noopener\" target=\"_blank\">baumfreundlichen Aufh\u00e4ngehaken<\/a> mit<\/p>\n","protected":false},"featured_media":12326,"template":"","meta":[],"product_brand":[9597,9598],"product_cat":[1315],"product_tag":[6960,7018,6761],"class_list":{"0":"post-12325","1":"product","2":"type-product","3":"status-publish","4":"has-post-thumbnail","6":"product_brand-esschert-design","7":"product_brand-trends-and-vision","8":"product_cat-best-for-birds","9":"product_tag-futtersilos","10":"product_tag-nachfuellbar","11":"product_tag-nusssilo","12":"pa_anbieter-esschert-design","13":"pa_ean-code-6627","15":"first","16":"instock","17":"sale","18":"taxable","19":"shipping-taxable","20":"purchasable","21":"product-type-simple","22":"czr-hentry"},"yoast_head":"<!-- This site is optimized with the Yoast SEO Premium plugin v26.4 (Yoast SEO v27.3) - https:\/\/yoast.com\/product\/yoast-seo-premium-wordpress\/ -->\n<title>Esschert Design Nusssilo schwarz Kupfer (FB621 8714982269325)<\/title>\n<meta name=\"description\" content=\"Esschert Design Nusssilo schwarz Kupfer (FB621 EAN 8714982269325) \u2013 Einfaches Nachf\u00fcllen durch Drehen des Deckels - L 16 x T 16 x H 29,9 cm- Weichstahl\" \/>\n<meta name=\"robots\" content=\"index, follow, max-snippet:-1, max-image-preview:large, max-video-preview:-1\" \/>\n<link rel=\"canonical\" href=\"https:\/\/trendsandvision.nl\/de\/product\/esschert-design-nusssilo-schwarz-kupfer\/\" \/>\n<meta property=\"og:locale\" content=\"de_DE\" \/>\n<meta property=\"og:type\" content=\"article\" \/>\n<meta property=\"og:title\" content=\"Esschert Design Nusssilo schwarz Kupfer\" \/>\n<meta property=\"og:description\" content=\"Esschert Design Nusssilo schwarz Kupfer (FB621 EAN 8714982269325) \u2013 Einfaches Nachf\u00fcllen durch Drehen des Deckels - L 16 x T 16 x H 29,9 cm- Weichstahl\" \/>\n<meta property=\"og:url\" content=\"https:\/\/trendsandvision.nl\/de\/product\/esschert-design-nusssilo-schwarz-kupfer\/\" \/>\n<meta property=\"og:site_name\" content=\"Trends &amp; Vision (DE)\" \/>\n<meta property=\"article:modified_time\" content=\"2026-04-07T08:27:11+00:00\" \/>\n<meta property=\"og:image\" content=\"https:\/\/trendsandvision.nl\/de\/wp-content\/uploads\/sites\/3\/2024\/07\/FB621_01.jpg\" \/>\n\t<meta property=\"og:image:width\" content=\"800\" \/>\n\t<meta property=\"og:image:height\" content=\"800\" \/>\n\t<meta property=\"og:image:type\" content=\"image\/jpeg\" \/>\n<meta name=\"twitter:card\" content=\"summary_large_image\" \/>\n<meta name=\"twitter:label1\" content=\"Gesch\u00e4tzte Lesezeit\" \/>\n\t<meta name=\"twitter:data1\" content=\"1\u00a0Minute\" \/>\n<script type=\"application\/ld+json\" class=\"yoast-schema-graph\">{\"@context\":\"https:\\\/\\\/schema.org\",\"@graph\":[{\"@type\":\"WebPage\",\"@id\":\"https:\\\/\\\/trendsandvision.nl\\\/de\\\/product\\\/esschert-design-nusssilo-schwarz-kupfer\\\/\",\"url\":\"https:\\\/\\\/trendsandvision.nl\\\/de\\\/product\\\/esschert-design-nusssilo-schwarz-kupfer\\\/\",\"name\":\"Esschert Design Nusssilo schwarz Kupfer (FB621 8714982269325)\",\"isPartOf\":{\"@id\":\"https:\\\/\\\/trendsandvision.nl\\\/de\\\/#website\"},\"primaryImageOfPage\":{\"@id\":\"https:\\\/\\\/trendsandvision.nl\\\/de\\\/product\\\/esschert-design-nusssilo-schwarz-kupfer\\\/#primaryimage\"},\"image\":{\"@id\":\"https:\\\/\\\/trendsandvision.nl\\\/de\\\/product\\\/esschert-design-nusssilo-schwarz-kupfer\\\/#primaryimage\"},\"thumbnailUrl\":\"https:\\\/\\\/trendsandvision.nl\\\/de\\\/wp-content\\\/uploads\\\/sites\\\/3\\\/2024\\\/07\\\/FB621_01.jpg\",\"datePublished\":\"2024-07-19T08:55:12+00:00\",\"dateModified\":\"2026-04-07T08:27:11+00:00\",\"description\":\"Esschert Design Nusssilo schwarz Kupfer (FB621 EAN 8714982269325) \u2013 Einfaches Nachf\u00fcllen durch Drehen des Deckels - L 16 x T 16 x H 29,9 cm- Weichstahl\",\"breadcrumb\":{\"@id\":\"https:\\\/\\\/trendsandvision.nl\\\/de\\\/product\\\/esschert-design-nusssilo-schwarz-kupfer\\\/#breadcrumb\"},\"inLanguage\":\"de\",\"potentialAction\":[{\"@type\":\"ReadAction\",\"target\":[\"https:\\\/\\\/trendsandvision.nl\\\/de\\\/product\\\/esschert-design-nusssilo-schwarz-kupfer\\\/\"]}]},{\"@type\":\"ImageObject\",\"inLanguage\":\"de\",\"@id\":\"https:\\\/\\\/trendsandvision.nl\\\/de\\\/product\\\/esschert-design-nusssilo-schwarz-kupfer\\\/#primaryimage\",\"url\":\"https:\\\/\\\/trendsandvision.nl\\\/de\\\/wp-content\\\/uploads\\\/sites\\\/3\\\/2024\\\/07\\\/FB621_01.jpg\",\"contentUrl\":\"https:\\\/\\\/trendsandvision.nl\\\/de\\\/wp-content\\\/uploads\\\/sites\\\/3\\\/2024\\\/07\\\/FB621_01.jpg\",\"width\":800,\"height\":800,\"caption\":\"Trends and Vision Nusssilo schwarz Kupfer (FB621 EAN 8714982269325) \u2013 Einfaches Nachf\u00fcllen durch Drehen des Deckels - L 16 x T 16 x H 29,9 cm- Weichstahl\"},{\"@type\":\"BreadcrumbList\",\"@id\":\"https:\\\/\\\/trendsandvision.nl\\\/de\\\/product\\\/esschert-design-nusssilo-schwarz-kupfer\\\/#breadcrumb\",\"itemListElement\":[{\"@type\":\"ListItem\",\"position\":1,\"name\":\"Home\",\"item\":\"https:\\\/\\\/trendsandvision.nl\\\/de\\\/\"},{\"@type\":\"ListItem\",\"position\":2,\"name\":\"Gesch\u00e4ft\",\"item\":\"https:\\\/\\\/trendsandvision.nl\\\/de\\\/geschaft\\\/\"},{\"@type\":\"ListItem\",\"position\":3,\"name\":\"Esschert Design Nusssilo schwarz Kupfer\"}]},{\"@type\":\"WebSite\",\"@id\":\"https:\\\/\\\/trendsandvision.nl\\\/de\\\/#website\",\"url\":\"https:\\\/\\\/trendsandvision.nl\\\/de\\\/\",\"name\":\"Trends &amp; Vision (DE)\",\"description\":\"Der Webshop f\u00fcr Esschert Design Artikel\",\"publisher\":{\"@id\":\"https:\\\/\\\/trendsandvision.nl\\\/de\\\/#organization\"},\"potentialAction\":[{\"@type\":\"SearchAction\",\"target\":{\"@type\":\"EntryPoint\",\"urlTemplate\":\"https:\\\/\\\/trendsandvision.nl\\\/de\\\/?s={search_term_string}\"},\"query-input\":{\"@type\":\"PropertyValueSpecification\",\"valueRequired\":true,\"valueName\":\"search_term_string\"}}],\"inLanguage\":\"de\"},{\"@type\":\"Organization\",\"@id\":\"https:\\\/\\\/trendsandvision.nl\\\/de\\\/#organization\",\"name\":\"Trends &amp; Vision (DE)\",\"url\":\"https:\\\/\\\/trendsandvision.nl\\\/de\\\/\",\"logo\":{\"@type\":\"ImageObject\",\"inLanguage\":\"de\",\"@id\":\"https:\\\/\\\/trendsandvision.nl\\\/de\\\/#\\\/schema\\\/logo\\\/image\\\/\",\"url\":\"https:\\\/\\\/trendsandvision.nl\\\/de\\\/wp-content\\\/uploads\\\/sites\\\/3\\\/2022\\\/04\\\/trends-and-vision-logo.jpg\",\"contentUrl\":\"https:\\\/\\\/trendsandvision.nl\\\/de\\\/wp-content\\\/uploads\\\/sites\\\/3\\\/2022\\\/04\\\/trends-and-vision-logo.jpg\",\"width\":213,\"height\":100,\"caption\":\"Trends &amp; Vision (DE)\"},\"image\":{\"@id\":\"https:\\\/\\\/trendsandvision.nl\\\/de\\\/#\\\/schema\\\/logo\\\/image\\\/\"}}]}<\/script>\n<!-- \/ Yoast SEO Premium plugin. -->","yoast_head_json":{"title":"Esschert Design Nusssilo schwarz Kupfer (FB621 8714982269325)","description":"Esschert Design Nusssilo schwarz Kupfer (FB621 EAN 8714982269325) \u2013 Einfaches Nachf\u00fcllen durch Drehen des Deckels - L 16 x T 16 x H 29,9 cm- Weichstahl","robots":{"index":"index","follow":"follow","max-snippet":"max-snippet:-1","max-image-preview":"max-image-preview:large","max-video-preview":"max-video-preview:-1"},"canonical":"https:\/\/trendsandvision.nl\/de\/product\/esschert-design-nusssilo-schwarz-kupfer\/","og_locale":"de_DE","og_type":"article","og_title":"Esschert Design Nusssilo schwarz Kupfer","og_description":"Esschert Design Nusssilo schwarz Kupfer (FB621 EAN 8714982269325) \u2013 Einfaches Nachf\u00fcllen durch Drehen des Deckels - L 16 x T 16 x H 29,9 cm- Weichstahl","og_url":"https:\/\/trendsandvision.nl\/de\/product\/esschert-design-nusssilo-schwarz-kupfer\/","og_site_name":"Trends &amp; Vision (DE)","article_modified_time":"2026-04-07T08:27:11+00:00","og_image":[{"width":800,"height":800,"url":"https:\/\/trendsandvision.nl\/de\/wp-content\/uploads\/sites\/3\/2024\/07\/FB621_01.jpg","type":"image\/jpeg"}],"twitter_card":"summary_large_image","twitter_misc":{"Gesch\u00e4tzte Lesezeit":"1\u00a0Minute"},"schema":{"@context":"https:\/\/schema.org","@graph":[{"@type":"WebPage","@id":"https:\/\/trendsandvision.nl\/de\/product\/esschert-design-nusssilo-schwarz-kupfer\/","url":"https:\/\/trendsandvision.nl\/de\/product\/esschert-design-nusssilo-schwarz-kupfer\/","name":"Esschert Design Nusssilo schwarz Kupfer (FB621 8714982269325)","isPartOf":{"@id":"https:\/\/trendsandvision.nl\/de\/#website"},"primaryImageOfPage":{"@id":"https:\/\/trendsandvision.nl\/de\/product\/esschert-design-nusssilo-schwarz-kupfer\/#primaryimage"},"image":{"@id":"https:\/\/trendsandvision.nl\/de\/product\/esschert-design-nusssilo-schwarz-kupfer\/#primaryimage"},"thumbnailUrl":"https:\/\/trendsandvision.nl\/de\/wp-content\/uploads\/sites\/3\/2024\/07\/FB621_01.jpg","datePublished":"2024-07-19T08:55:12+00:00","dateModified":"2026-04-07T08:27:11+00:00","description":"Esschert Design Nusssilo schwarz Kupfer (FB621 EAN 8714982269325) \u2013 Einfaches Nachf\u00fcllen durch Drehen des Deckels - L 16 x T 16 x H 29,9 cm- Weichstahl","breadcrumb":{"@id":"https:\/\/trendsandvision.nl\/de\/product\/esschert-design-nusssilo-schwarz-kupfer\/#breadcrumb"},"inLanguage":"de","potentialAction":[{"@type":"ReadAction","target":["https:\/\/trendsandvision.nl\/de\/product\/esschert-design-nusssilo-schwarz-kupfer\/"]}]},{"@type":"ImageObject","inLanguage":"de","@id":"https:\/\/trendsandvision.nl\/de\/product\/esschert-design-nusssilo-schwarz-kupfer\/#primaryimage","url":"https:\/\/trendsandvision.nl\/de\/wp-content\/uploads\/sites\/3\/2024\/07\/FB621_01.jpg","contentUrl":"https:\/\/trendsandvision.nl\/de\/wp-content\/uploads\/sites\/3\/2024\/07\/FB621_01.jpg","width":800,"height":800,"caption":"Trends and Vision Nusssilo schwarz Kupfer (FB621 EAN 8714982269325) \u2013 Einfaches Nachf\u00fcllen durch Drehen des Deckels - L 16 x T 16 x H 29,9 cm- Weichstahl"},{"@type":"BreadcrumbList","@id":"https:\/\/trendsandvision.nl\/de\/product\/esschert-design-nusssilo-schwarz-kupfer\/#breadcrumb","itemListElement":[{"@type":"ListItem","position":1,"name":"Home","item":"https:\/\/trendsandvision.nl\/de\/"},{"@type":"ListItem","position":2,"name":"Gesch\u00e4ft","item":"https:\/\/trendsandvision.nl\/de\/geschaft\/"},{"@type":"ListItem","position":3,"name":"Esschert Design Nusssilo schwarz Kupfer"}]},{"@type":"WebSite","@id":"https:\/\/trendsandvision.nl\/de\/#website","url":"https:\/\/trendsandvision.nl\/de\/","name":"Trends &amp; Vision (DE)","description":"Der Webshop f\u00fcr Esschert Design Artikel","publisher":{"@id":"https:\/\/trendsandvision.nl\/de\/#organization"},"potentialAction":[{"@type":"SearchAction","target":{"@type":"EntryPoint","urlTemplate":"https:\/\/trendsandvision.nl\/de\/?s={search_term_string}"},"query-input":{"@type":"PropertyValueSpecification","valueRequired":true,"valueName":"search_term_string"}}],"inLanguage":"de"},{"@type":"Organization","@id":"https:\/\/trendsandvision.nl\/de\/#organization","name":"Trends &amp; Vision (DE)","url":"https:\/\/trendsandvision.nl\/de\/","logo":{"@type":"ImageObject","inLanguage":"de","@id":"https:\/\/trendsandvision.nl\/de\/#\/schema\/logo\/image\/","url":"https:\/\/trendsandvision.nl\/de\/wp-content\/uploads\/sites\/3\/2022\/04\/trends-and-vision-logo.jpg","contentUrl":"https:\/\/trendsandvision.nl\/de\/wp-content\/uploads\/sites\/3\/2022\/04\/trends-and-vision-logo.jpg","width":213,"height":100,"caption":"Trends &amp; Vision (DE)"},"image":{"@id":"https:\/\/trendsandvision.nl\/de\/#\/schema\/logo\/image\/"}}]}},"_links":{"self":[{"href":"https:\/\/trendsandvision.nl\/de\/wp-json\/wp\/v2\/product\/12325","targetHints":{"allow":["GET"]}}],"collection":[{"href":"https:\/\/trendsandvision.nl\/de\/wp-json\/wp\/v2\/product"}],"about":[{"href":"https:\/\/trendsandvision.nl\/de\/wp-json\/wp\/v2\/types\/product"}],"wp:featuredmedia":[{"embeddable":true,"href":"https:\/\/trendsandvision.nl\/de\/wp-json\/wp\/v2\/media\/12326"}],"wp:attachment":[{"href":"https:\/\/trendsandvision.nl\/de\/wp-json\/wp\/v2\/media?parent=12325"}],"wp:term":[{"taxonomy":"product_brand","embeddable":true,"href":"https:\/\/trendsandvision.nl\/de\/wp-json\/wp\/v2\/product_brand?post=12325"},{"taxonomy":"product_cat","embeddable":true,"href":"https:\/\/trendsandvision.nl\/de\/wp-json\/wp\/v2\/product_cat?post=12325"},{"taxonomy":"product_tag","embeddable":true,"href":"https:\/\/trendsandvision.nl\/de\/wp-json\/wp\/v2\/product_tag?post=12325"}],"curies":[{"name":"wp","href":"https:\/\/api.w.org\/{rel}","templated":true}]}}