{"id":12313,"date":"2024-07-19T10:54:51","date_gmt":"2024-07-19T08:54:51","guid":{"rendered":"https:\/\/trendsandvision.nl\/de\/product\/esschert-design-vogelfuttersilo-schwarz-kupfer-fb619-8714982269301\/"},"modified":"2026-04-22T14:59:09","modified_gmt":"2026-04-22T12:59:09","slug":"esschert-design-vogelfuttersilo-schwarz-kupfer","status":"publish","type":"product","link":"https:\/\/trendsandvision.nl\/de\/product\/esschert-design-vogelfuttersilo-schwarz-kupfer\/","title":{"rendered":"Esschert Design Vogelfuttersilo schwarz Kupfer"},"content":{"rendered":"<p>Esschert Design Vogelfuttersilo schwarz Kupfer.<br \/>\nDieser Vogelfuttersilo mit schwarzen Akzenten kann mit <strong><a href=\"https:\/\/trendsandvision.nl\/de\/?s=Vogelfutter&amp;post_type=product&amp;dgwt_wcas=1\">Vogelfutter<\/a><\/strong> und Saatgut bef\u00fcllt werden. Durch die verschiedenen \u00d6ffnungen k\u00f6nnen die V\u00f6gel von allen Seiten kommen und das Futter genie\u00dfen. Die Schale am Boden sorgt daf\u00fcr, dass das Futter nicht auf den Boden f\u00e4llt, sondern im Silo bleibt. Durch Abschrauben des Deckels l\u00e4sst sich der Silo einfach nachf\u00fcllen.<\/p>\n<p>Artikelnummer: FB619<br \/>\nBarcode 8714982269301<br \/>\nProduktgruppe(n) V\u00f6gel &amp; Gartentiere, F\u00fctterungssysteme, Futtersilos<br \/>\nProduktabmessungen in cm L 16 x T 16 x H 29,9<br \/>\nMaterial: Weichstahl<br \/>\nNettogewicht 0,566 kg<br \/>\nProduzent <a href=\"https:\/\/www.esschertdesign.com\/shop\/de\/vogelvoedersilo-zwart-koper-fb619\" target=\"_blank\">Esschert Design<\/a><\/p>\n<p>Unsere <a href=\"https:\/\/trendsandvision.nl\/de\/?s=Meisenkn\u00f6del&amp;post_type=product&amp;dgwt_wcas=1\" target=\"_blank\" rel=\"noopener\">Meisenkn\u00f6del<\/a> gleich mittbestellen?<br \/>\n<strong><a href=\"https:\/\/trendsandvision.nl\/de\/?s=Hanging+Basket+haken&amp;post_type=product&amp;dgwt_wcas=1\">alle Haken<\/a><\/strong><br \/>\nBestellen Sie einfach mit, diesen <a href=\"https:\/\/trendsandvision.nl\/de\/product\/esschert-design-baumhaken\/\" target=\"_blank\" rel=\"noopener\">baumfreundlichen Aufh\u00e4ngehaken<\/a><\/p>\n","protected":false},"excerpt":{"rendered":"<p>4 Fress\u00f6ffnungen<br \/>\nSchale mit Abflussl\u00f6chern<br \/>\nEinfaches Nachf\u00fcllen durch Abschrauben des Deckels<br \/>\nArtikelnummer: FB619<br \/>\nL 16 x T 16 x H 29,9 cm<br \/>\nMaterial: Weichstahl<br \/>\nNettogewicht 0,566 kg<br \/>\nBarcode 8714982269301<br \/>\nUnsere <a href=\"https:\/\/trendsandvision.nl\/de\/?s=Meisenkn\u00f6del&amp;post_type=product&amp;dgwt_wcas=1\" target=\"_blank\" rel=\"noopener\">Meisenkn\u00f6del<\/a> gleich mittbestellen?<br \/>\n<strong><a href=\"https:\/\/trendsandvision.nl\/de\/?s=Hanging+Basket+haken&amp;post_type=product&amp;dgwt_wcas=1\">alle Haken<\/a><\/strong><br \/>\nBestellen Sie einfach mit, diesen <a href=\"https:\/\/trendsandvision.nl\/de\/product\/esschert-design-baumhaken\/\" target=\"_blank\" rel=\"noopener\">baumfreundlichen Aufh\u00e4ngehaken<\/a><\/p>\n","protected":false},"featured_media":12314,"template":"","meta":[],"product_brand":[9597,9598],"product_cat":[1315],"product_tag":[6759,7019,9816,8161],"class_list":{"0":"post-12313","1":"product","2":"type-product","3":"status-publish","4":"has-post-thumbnail","6":"product_brand-esschert-design","7":"product_brand-trends-and-vision","8":"product_cat-best-for-birds","9":"product_tag-fuetterungssysteme","10":"product_tag-kupfer","11":"product_tag-schwarzkupfer","12":"product_tag-silos","13":"pa_anbieter-esschert-design","14":"pa_ean-code-6625","16":"first","17":"instock","18":"sale","19":"taxable","20":"shipping-taxable","21":"purchasable","22":"product-type-simple","23":"czr-hentry"},"yoast_head":"<!-- This site is optimized with the Yoast SEO Premium plugin v27.4 (Yoast SEO v27.5) - https:\/\/yoast.com\/product\/yoast-seo-premium-wordpress\/ -->\n<title>Esschert Design Vogelfuttersilo schwarz Kupfer (FB619)<\/title>\n<meta name=\"description\" content=\"Esschert Design Vogelfuttersilo schwarz Kupfer (FB619 EAN 8714982269301) Einfaches Nachf\u00fcllen: Abschrauben des Deckels, L 16 x T 16 x H 29,9 cm, Weichstahl\" \/>\n<meta name=\"robots\" content=\"index, follow, max-snippet:-1, max-image-preview:large, max-video-preview:-1\" \/>\n<link rel=\"canonical\" href=\"https:\/\/trendsandvision.nl\/de\/product\/esschert-design-vogelfuttersilo-schwarz-kupfer\/\" \/>\n<meta property=\"og:locale\" content=\"de_DE\" \/>\n<meta property=\"og:type\" content=\"article\" \/>\n<meta property=\"og:title\" content=\"Esschert Design Vogelfuttersilo schwarz Kupfer\" \/>\n<meta property=\"og:description\" content=\"Esschert Design Vogelfuttersilo schwarz Kupfer (FB619 EAN 8714982269301) Einfaches Nachf\u00fcllen: Abschrauben des Deckels, L 16 x T 16 x H 29,9 cm, Weichstahl\" \/>\n<meta property=\"og:url\" content=\"https:\/\/trendsandvision.nl\/de\/product\/esschert-design-vogelfuttersilo-schwarz-kupfer\/\" \/>\n<meta property=\"og:site_name\" content=\"Trends &amp; Vision (DE)\" \/>\n<meta property=\"article:modified_time\" content=\"2026-04-22T12:59:09+00:00\" \/>\n<meta property=\"og:image\" content=\"https:\/\/trendsandvision.nl\/de\/wp-content\/uploads\/sites\/3\/2024\/07\/FB619_01.jpg\" \/>\n\t<meta property=\"og:image:width\" content=\"800\" \/>\n\t<meta property=\"og:image:height\" content=\"800\" \/>\n\t<meta property=\"og:image:type\" content=\"image\/jpeg\" \/>\n<meta name=\"twitter:card\" content=\"summary_large_image\" \/>\n<meta name=\"twitter:label1\" content=\"Gesch\u00e4tzte Lesezeit\" \/>\n\t<meta name=\"twitter:data1\" content=\"1\u00a0Minute\" \/>\n<script type=\"application\/ld+json\" class=\"yoast-schema-graph\">{\"@context\":\"https:\\\/\\\/schema.org\",\"@graph\":[{\"@type\":\"WebPage\",\"@id\":\"https:\\\/\\\/trendsandvision.nl\\\/de\\\/product\\\/esschert-design-vogelfuttersilo-schwarz-kupfer\\\/\",\"url\":\"https:\\\/\\\/trendsandvision.nl\\\/de\\\/product\\\/esschert-design-vogelfuttersilo-schwarz-kupfer\\\/\",\"name\":\"Esschert Design Vogelfuttersilo schwarz Kupfer (FB619)\",\"isPartOf\":{\"@id\":\"https:\\\/\\\/trendsandvision.nl\\\/de\\\/#website\"},\"primaryImageOfPage\":{\"@id\":\"https:\\\/\\\/trendsandvision.nl\\\/de\\\/product\\\/esschert-design-vogelfuttersilo-schwarz-kupfer\\\/#primaryimage\"},\"image\":{\"@id\":\"https:\\\/\\\/trendsandvision.nl\\\/de\\\/product\\\/esschert-design-vogelfuttersilo-schwarz-kupfer\\\/#primaryimage\"},\"thumbnailUrl\":\"https:\\\/\\\/trendsandvision.nl\\\/de\\\/wp-content\\\/uploads\\\/sites\\\/3\\\/2024\\\/07\\\/FB619_01.jpg\",\"datePublished\":\"2024-07-19T08:54:51+00:00\",\"dateModified\":\"2026-04-22T12:59:09+00:00\",\"description\":\"Esschert Design Vogelfuttersilo schwarz Kupfer (FB619 EAN 8714982269301) Einfaches Nachf\u00fcllen: Abschrauben des Deckels, L 16 x T 16 x H 29,9 cm, Weichstahl\",\"breadcrumb\":{\"@id\":\"https:\\\/\\\/trendsandvision.nl\\\/de\\\/product\\\/esschert-design-vogelfuttersilo-schwarz-kupfer\\\/#breadcrumb\"},\"inLanguage\":\"de\",\"potentialAction\":[{\"@type\":\"ReadAction\",\"target\":[\"https:\\\/\\\/trendsandvision.nl\\\/de\\\/product\\\/esschert-design-vogelfuttersilo-schwarz-kupfer\\\/\"]}]},{\"@type\":\"ImageObject\",\"inLanguage\":\"de\",\"@id\":\"https:\\\/\\\/trendsandvision.nl\\\/de\\\/product\\\/esschert-design-vogelfuttersilo-schwarz-kupfer\\\/#primaryimage\",\"url\":\"https:\\\/\\\/trendsandvision.nl\\\/de\\\/wp-content\\\/uploads\\\/sites\\\/3\\\/2024\\\/07\\\/FB619_01.jpg\",\"contentUrl\":\"https:\\\/\\\/trendsandvision.nl\\\/de\\\/wp-content\\\/uploads\\\/sites\\\/3\\\/2024\\\/07\\\/FB619_01.jpg\",\"width\":800,\"height\":800,\"caption\":\"Trends and Vision Vogelfuttersilo schwarz Kupfer (FB619 EAN 8714982269301) Einfaches Nachf\u00fcllen: Abschrauben des Deckels, L 16 x T 16 x H 29,9 cm, Weichstahl\"},{\"@type\":\"BreadcrumbList\",\"@id\":\"https:\\\/\\\/trendsandvision.nl\\\/de\\\/product\\\/esschert-design-vogelfuttersilo-schwarz-kupfer\\\/#breadcrumb\",\"itemListElement\":[{\"@type\":\"ListItem\",\"position\":1,\"name\":\"Home\",\"item\":\"https:\\\/\\\/trendsandvision.nl\\\/de\\\/\"},{\"@type\":\"ListItem\",\"position\":2,\"name\":\"Gesch\u00e4ft\",\"item\":\"https:\\\/\\\/trendsandvision.nl\\\/de\\\/geschaft\\\/\"},{\"@type\":\"ListItem\",\"position\":3,\"name\":\"Esschert Design Vogelfuttersilo schwarz Kupfer\"}]},{\"@type\":\"WebSite\",\"@id\":\"https:\\\/\\\/trendsandvision.nl\\\/de\\\/#website\",\"url\":\"https:\\\/\\\/trendsandvision.nl\\\/de\\\/\",\"name\":\"Trends &amp; Vision (DE)\",\"description\":\"Der Webshop f\u00fcr Esschert Design Artikel\",\"publisher\":{\"@id\":\"https:\\\/\\\/trendsandvision.nl\\\/de\\\/#organization\"},\"potentialAction\":[{\"@type\":\"SearchAction\",\"target\":{\"@type\":\"EntryPoint\",\"urlTemplate\":\"https:\\\/\\\/trendsandvision.nl\\\/de\\\/?s={search_term_string}\"},\"query-input\":{\"@type\":\"PropertyValueSpecification\",\"valueRequired\":true,\"valueName\":\"search_term_string\"}}],\"inLanguage\":\"de\"},{\"@type\":\"Organization\",\"@id\":\"https:\\\/\\\/trendsandvision.nl\\\/de\\\/#organization\",\"name\":\"Trends &amp; Vision (DE)\",\"url\":\"https:\\\/\\\/trendsandvision.nl\\\/de\\\/\",\"logo\":{\"@type\":\"ImageObject\",\"inLanguage\":\"de\",\"@id\":\"https:\\\/\\\/trendsandvision.nl\\\/de\\\/#\\\/schema\\\/logo\\\/image\\\/\",\"url\":\"https:\\\/\\\/trendsandvision.nl\\\/de\\\/wp-content\\\/uploads\\\/sites\\\/3\\\/2022\\\/04\\\/trends-and-vision-logo.jpg\",\"contentUrl\":\"https:\\\/\\\/trendsandvision.nl\\\/de\\\/wp-content\\\/uploads\\\/sites\\\/3\\\/2022\\\/04\\\/trends-and-vision-logo.jpg\",\"width\":213,\"height\":100,\"caption\":\"Trends &amp; Vision (DE)\"},\"image\":{\"@id\":\"https:\\\/\\\/trendsandvision.nl\\\/de\\\/#\\\/schema\\\/logo\\\/image\\\/\"}}]}<\/script>\n<!-- \/ Yoast SEO Premium plugin. -->","yoast_head_json":{"title":"Esschert Design Vogelfuttersilo schwarz Kupfer (FB619)","description":"Esschert Design Vogelfuttersilo schwarz Kupfer (FB619 EAN 8714982269301) Einfaches Nachf\u00fcllen: Abschrauben des Deckels, L 16 x T 16 x H 29,9 cm, Weichstahl","robots":{"index":"index","follow":"follow","max-snippet":"max-snippet:-1","max-image-preview":"max-image-preview:large","max-video-preview":"max-video-preview:-1"},"canonical":"https:\/\/trendsandvision.nl\/de\/product\/esschert-design-vogelfuttersilo-schwarz-kupfer\/","og_locale":"de_DE","og_type":"article","og_title":"Esschert Design Vogelfuttersilo schwarz Kupfer","og_description":"Esschert Design Vogelfuttersilo schwarz Kupfer (FB619 EAN 8714982269301) Einfaches Nachf\u00fcllen: Abschrauben des Deckels, L 16 x T 16 x H 29,9 cm, Weichstahl","og_url":"https:\/\/trendsandvision.nl\/de\/product\/esschert-design-vogelfuttersilo-schwarz-kupfer\/","og_site_name":"Trends &amp; Vision (DE)","article_modified_time":"2026-04-22T12:59:09+00:00","og_image":[{"width":800,"height":800,"url":"https:\/\/trendsandvision.nl\/de\/wp-content\/uploads\/sites\/3\/2024\/07\/FB619_01.jpg","type":"image\/jpeg"}],"twitter_card":"summary_large_image","twitter_misc":{"Gesch\u00e4tzte Lesezeit":"1\u00a0Minute"},"schema":{"@context":"https:\/\/schema.org","@graph":[{"@type":"WebPage","@id":"https:\/\/trendsandvision.nl\/de\/product\/esschert-design-vogelfuttersilo-schwarz-kupfer\/","url":"https:\/\/trendsandvision.nl\/de\/product\/esschert-design-vogelfuttersilo-schwarz-kupfer\/","name":"Esschert Design Vogelfuttersilo schwarz Kupfer (FB619)","isPartOf":{"@id":"https:\/\/trendsandvision.nl\/de\/#website"},"primaryImageOfPage":{"@id":"https:\/\/trendsandvision.nl\/de\/product\/esschert-design-vogelfuttersilo-schwarz-kupfer\/#primaryimage"},"image":{"@id":"https:\/\/trendsandvision.nl\/de\/product\/esschert-design-vogelfuttersilo-schwarz-kupfer\/#primaryimage"},"thumbnailUrl":"https:\/\/trendsandvision.nl\/de\/wp-content\/uploads\/sites\/3\/2024\/07\/FB619_01.jpg","datePublished":"2024-07-19T08:54:51+00:00","dateModified":"2026-04-22T12:59:09+00:00","description":"Esschert Design Vogelfuttersilo schwarz Kupfer (FB619 EAN 8714982269301) Einfaches Nachf\u00fcllen: Abschrauben des Deckels, L 16 x T 16 x H 29,9 cm, Weichstahl","breadcrumb":{"@id":"https:\/\/trendsandvision.nl\/de\/product\/esschert-design-vogelfuttersilo-schwarz-kupfer\/#breadcrumb"},"inLanguage":"de","potentialAction":[{"@type":"ReadAction","target":["https:\/\/trendsandvision.nl\/de\/product\/esschert-design-vogelfuttersilo-schwarz-kupfer\/"]}]},{"@type":"ImageObject","inLanguage":"de","@id":"https:\/\/trendsandvision.nl\/de\/product\/esschert-design-vogelfuttersilo-schwarz-kupfer\/#primaryimage","url":"https:\/\/trendsandvision.nl\/de\/wp-content\/uploads\/sites\/3\/2024\/07\/FB619_01.jpg","contentUrl":"https:\/\/trendsandvision.nl\/de\/wp-content\/uploads\/sites\/3\/2024\/07\/FB619_01.jpg","width":800,"height":800,"caption":"Trends and Vision Vogelfuttersilo schwarz Kupfer (FB619 EAN 8714982269301) Einfaches Nachf\u00fcllen: Abschrauben des Deckels, L 16 x T 16 x H 29,9 cm, Weichstahl"},{"@type":"BreadcrumbList","@id":"https:\/\/trendsandvision.nl\/de\/product\/esschert-design-vogelfuttersilo-schwarz-kupfer\/#breadcrumb","itemListElement":[{"@type":"ListItem","position":1,"name":"Home","item":"https:\/\/trendsandvision.nl\/de\/"},{"@type":"ListItem","position":2,"name":"Gesch\u00e4ft","item":"https:\/\/trendsandvision.nl\/de\/geschaft\/"},{"@type":"ListItem","position":3,"name":"Esschert Design Vogelfuttersilo schwarz Kupfer"}]},{"@type":"WebSite","@id":"https:\/\/trendsandvision.nl\/de\/#website","url":"https:\/\/trendsandvision.nl\/de\/","name":"Trends &amp; Vision (DE)","description":"Der Webshop f\u00fcr Esschert Design Artikel","publisher":{"@id":"https:\/\/trendsandvision.nl\/de\/#organization"},"potentialAction":[{"@type":"SearchAction","target":{"@type":"EntryPoint","urlTemplate":"https:\/\/trendsandvision.nl\/de\/?s={search_term_string}"},"query-input":{"@type":"PropertyValueSpecification","valueRequired":true,"valueName":"search_term_string"}}],"inLanguage":"de"},{"@type":"Organization","@id":"https:\/\/trendsandvision.nl\/de\/#organization","name":"Trends &amp; Vision (DE)","url":"https:\/\/trendsandvision.nl\/de\/","logo":{"@type":"ImageObject","inLanguage":"de","@id":"https:\/\/trendsandvision.nl\/de\/#\/schema\/logo\/image\/","url":"https:\/\/trendsandvision.nl\/de\/wp-content\/uploads\/sites\/3\/2022\/04\/trends-and-vision-logo.jpg","contentUrl":"https:\/\/trendsandvision.nl\/de\/wp-content\/uploads\/sites\/3\/2022\/04\/trends-and-vision-logo.jpg","width":213,"height":100,"caption":"Trends &amp; Vision (DE)"},"image":{"@id":"https:\/\/trendsandvision.nl\/de\/#\/schema\/logo\/image\/"}}]}},"_links":{"self":[{"href":"https:\/\/trendsandvision.nl\/de\/wp-json\/wp\/v2\/product\/12313","targetHints":{"allow":["GET"]}}],"collection":[{"href":"https:\/\/trendsandvision.nl\/de\/wp-json\/wp\/v2\/product"}],"about":[{"href":"https:\/\/trendsandvision.nl\/de\/wp-json\/wp\/v2\/types\/product"}],"wp:featuredmedia":[{"embeddable":true,"href":"https:\/\/trendsandvision.nl\/de\/wp-json\/wp\/v2\/media\/12314"}],"wp:attachment":[{"href":"https:\/\/trendsandvision.nl\/de\/wp-json\/wp\/v2\/media?parent=12313"}],"wp:term":[{"taxonomy":"product_brand","embeddable":true,"href":"https:\/\/trendsandvision.nl\/de\/wp-json\/wp\/v2\/product_brand?post=12313"},{"taxonomy":"product_cat","embeddable":true,"href":"https:\/\/trendsandvision.nl\/de\/wp-json\/wp\/v2\/product_cat?post=12313"},{"taxonomy":"product_tag","embeddable":true,"href":"https:\/\/trendsandvision.nl\/de\/wp-json\/wp\/v2\/product_tag?post=12313"}],"curies":[{"name":"wp","href":"https:\/\/api.w.org\/{rel}","templated":true}]}}