{"id":12310,"date":"2024-07-19T10:54:45","date_gmt":"2024-07-19T08:54:45","guid":{"rendered":"https:\/\/trendsandvision.nl\/de\/product\/esschert-design-recyceltes-nusssilo-mit-schale-fb617-8714982269288\/"},"modified":"2026-04-07T10:27:08","modified_gmt":"2026-04-07T08:27:08","slug":"esschert-design-recyceltes-nusssilo-mit-schale","status":"publish","type":"product","link":"https:\/\/trendsandvision.nl\/de\/product\/esschert-design-recyceltes-nusssilo-mit-schale\/","title":{"rendered":"Esschert Design Recyceltes Nusssilo mit Schale"},"content":{"rendered":"<p>Esschert Design <strong><a href=\"https:\/\/trendsandvision.nl\/de\/?s=Recyceltes&amp;post_type=product&amp;dgwt_wcas=1\">Recyceltes<\/a><\/strong> Nusssilo mit Schale.<br \/>\nDieser Saatgutspender besteht aus 100 % recyceltem Polypropylen. F\u00fcr die Herstellung werden etwa sechs recycelte Flaschen \u00e0 20 Gramm ben\u00f6tigt. Der Spender kann mit Erdn\u00fcsse bef\u00fcllt werden. Durch die offene Struktur k\u00f6nnen V\u00f6gel von beiden Seiten an das Futter gelangen und es genie\u00dfen. Der Spender l\u00e4sst sich leicht bef\u00fcllen, indem man den Deckel nach oben schiebt. Dieser Saatgutspender kann auf einem Pfosten angebracht werden. Er ist mit einem Auffangsch\u00e4lchen ausgestattet, damit das Futter nicht auf den Boden f\u00e4llt.<br \/>\nA<br \/>\nrtikelname: Recycling-Nusssilo mit Schale, Dach und Aufh\u00e4ngem\u00f6glichkeit<br \/>\nArtikelnummer: FB617<br \/>\nBarcode 8714982269288<br \/>\nProduktgruppe(n) V\u00f6gel &amp; Gartentiere, F\u00fctterungssysteme, <strong><a href=\"https:\/\/trendsandvision.nl\/de\/?s=Futtersilo&amp;post_type=product&amp;dgwt_wcas=1\">Futtersilos<\/a><\/strong><br \/>\nProduktabmessungen in cm L 26,5 x T 26,5 x H 29,9<br \/>\nMaterial: rPP<br \/>\nNettogewicht 0,2 kg<br \/>\nProduzent <a href=\"https:\/\/www.esschertdesign.com\/shop\/de\/gerecyclede-notensilo-met-schotel-fb617\" target=\"_blank\">Esschert Design<\/a><\/p>\n<p>Unsere <a href=\"https:\/\/trendsandvision.nl\/de\/?s=Meisenkn\u00f6del&amp;post_type=product&amp;dgwt_wcas=1\" target=\"_blank\" rel=\"noopener\">Meisenkn\u00f6del<\/a> gleich mittbestellen?<br \/>\n<strong><a href=\"https:\/\/trendsandvision.nl\/de\/?s=Hanging+Basket+haken&amp;post_type=product&amp;dgwt_wcas=1\">alle Haken<\/a><\/strong><br \/>\nBestellen Sie einfach mit, diesen <a href=\"https:\/\/trendsandvision.nl\/de\/product\/esschert-design-baumhaken\/\" target=\"_blank\" rel=\"noopener\">baumfreundlichen Aufh\u00e4ngehaken<\/a><\/p>\n","protected":false},"excerpt":{"rendered":"<p>Hergestellt in den Niederlanden<br \/>\nHergestellt aus Polypropylen (rPP)<br \/>\nOffene Struktur<br \/>\nAufh\u00e4ngem\u00f6glichkeit<br \/>\nArtikelnummer: FB617<br \/>\nL 26,5 x T 26,5 x H 29,9 cm<br \/>\nNettogewicht 0,2 kg<br \/>\nBarcode 8714982269288<br \/>\nUnsere <a href=\"https:\/\/trendsandvision.nl\/de\/?s=Meisenkn\u00f6del&amp;post_type=product&amp;dgwt_wcas=1\" target=\"_blank\" rel=\"noopener\">Meisenkn\u00f6del<\/a> gleich mittbestellen?<br \/>\n<strong><a href=\"https:\/\/trendsandvision.nl\/de\/?s=Hanging+Basket+haken&amp;post_type=product&amp;dgwt_wcas=1\">alle Haken<\/a><\/strong><br \/>\nBestellen Sie einfach mit, diesen <a href=\"https:\/\/trendsandvision.nl\/de\/product\/esschert-design-baumhaken\/\" target=\"_blank\" rel=\"noopener\">baumfreundlichen Aufh\u00e4ngehaken<\/a><\/p>\n","protected":false},"featured_media":12311,"template":"","meta":[],"product_brand":[9597,9598],"product_cat":[1315],"product_tag":[6761,6972,8161],"class_list":{"0":"post-12310","1":"product","2":"type-product","3":"status-publish","4":"has-post-thumbnail","6":"product_brand-esschert-design","7":"product_brand-trends-and-vision","8":"product_cat-best-for-birds","9":"product_tag-nusssilo","10":"product_tag-recycled","11":"product_tag-silos","12":"pa_anbieter-esschert-design","13":"pa_ean-code-6624","15":"first","16":"instock","17":"sale","18":"taxable","19":"shipping-taxable","20":"purchasable","21":"product-type-simple","22":"czr-hentry"},"yoast_head":"<!-- This site is optimized with the Yoast SEO Premium plugin v26.4 (Yoast SEO v27.3) - https:\/\/yoast.com\/product\/yoast-seo-premium-wordpress\/ -->\n<title>Esschert Design Recyceltes Nusssilo mit Schale (FB617)<\/title>\n<meta name=\"description\" content=\"Esschert Design Recyceltes Nusssilo mit Schale (FB617 EAN 8714982269288) Aufh\u00e4ngem\u00f6glichkeit, L 26,5 x T 26,5 x H 29,9 cm, Gewicht 0,2 kg\" \/>\n<meta name=\"robots\" content=\"index, follow, max-snippet:-1, max-image-preview:large, max-video-preview:-1\" \/>\n<link rel=\"canonical\" href=\"https:\/\/trendsandvision.nl\/de\/product\/esschert-design-recyceltes-nusssilo-mit-schale\/\" \/>\n<meta property=\"og:locale\" content=\"de_DE\" \/>\n<meta property=\"og:type\" content=\"article\" \/>\n<meta property=\"og:title\" content=\"Esschert Design Recyceltes Nusssilo mit Schale\" \/>\n<meta property=\"og:description\" content=\"Esschert Design Recyceltes Nusssilo mit Schale (FB617 EAN 8714982269288) Aufh\u00e4ngem\u00f6glichkeit, L 26,5 x T 26,5 x H 29,9 cm, Gewicht 0,2 kg\" \/>\n<meta property=\"og:url\" content=\"https:\/\/trendsandvision.nl\/de\/product\/esschert-design-recyceltes-nusssilo-mit-schale\/\" \/>\n<meta property=\"og:site_name\" content=\"Trends &amp; Vision (DE)\" \/>\n<meta property=\"article:modified_time\" content=\"2026-04-07T08:27:08+00:00\" \/>\n<meta property=\"og:image\" content=\"https:\/\/trendsandvision.nl\/de\/wp-content\/uploads\/sites\/3\/2024\/07\/FB617_01.jpg\" \/>\n\t<meta property=\"og:image:width\" content=\"800\" \/>\n\t<meta property=\"og:image:height\" content=\"800\" \/>\n\t<meta property=\"og:image:type\" content=\"image\/jpeg\" \/>\n<meta name=\"twitter:card\" content=\"summary_large_image\" \/>\n<meta name=\"twitter:label1\" content=\"Gesch\u00e4tzte Lesezeit\" \/>\n\t<meta name=\"twitter:data1\" content=\"1\u00a0Minute\" \/>\n<script type=\"application\/ld+json\" class=\"yoast-schema-graph\">{\"@context\":\"https:\\\/\\\/schema.org\",\"@graph\":[{\"@type\":\"WebPage\",\"@id\":\"https:\\\/\\\/trendsandvision.nl\\\/de\\\/product\\\/esschert-design-recyceltes-nusssilo-mit-schale\\\/\",\"url\":\"https:\\\/\\\/trendsandvision.nl\\\/de\\\/product\\\/esschert-design-recyceltes-nusssilo-mit-schale\\\/\",\"name\":\"Esschert Design Recyceltes Nusssilo mit Schale (FB617)\",\"isPartOf\":{\"@id\":\"https:\\\/\\\/trendsandvision.nl\\\/de\\\/#website\"},\"primaryImageOfPage\":{\"@id\":\"https:\\\/\\\/trendsandvision.nl\\\/de\\\/product\\\/esschert-design-recyceltes-nusssilo-mit-schale\\\/#primaryimage\"},\"image\":{\"@id\":\"https:\\\/\\\/trendsandvision.nl\\\/de\\\/product\\\/esschert-design-recyceltes-nusssilo-mit-schale\\\/#primaryimage\"},\"thumbnailUrl\":\"https:\\\/\\\/trendsandvision.nl\\\/de\\\/wp-content\\\/uploads\\\/sites\\\/3\\\/2024\\\/07\\\/FB617_01.jpg\",\"datePublished\":\"2024-07-19T08:54:45+00:00\",\"dateModified\":\"2026-04-07T08:27:08+00:00\",\"description\":\"Esschert Design Recyceltes Nusssilo mit Schale (FB617 EAN 8714982269288) Aufh\u00e4ngem\u00f6glichkeit, L 26,5 x T 26,5 x H 29,9 cm, Gewicht 0,2 kg\",\"breadcrumb\":{\"@id\":\"https:\\\/\\\/trendsandvision.nl\\\/de\\\/product\\\/esschert-design-recyceltes-nusssilo-mit-schale\\\/#breadcrumb\"},\"inLanguage\":\"de\",\"potentialAction\":[{\"@type\":\"ReadAction\",\"target\":[\"https:\\\/\\\/trendsandvision.nl\\\/de\\\/product\\\/esschert-design-recyceltes-nusssilo-mit-schale\\\/\"]}]},{\"@type\":\"ImageObject\",\"inLanguage\":\"de\",\"@id\":\"https:\\\/\\\/trendsandvision.nl\\\/de\\\/product\\\/esschert-design-recyceltes-nusssilo-mit-schale\\\/#primaryimage\",\"url\":\"https:\\\/\\\/trendsandvision.nl\\\/de\\\/wp-content\\\/uploads\\\/sites\\\/3\\\/2024\\\/07\\\/FB617_01.jpg\",\"contentUrl\":\"https:\\\/\\\/trendsandvision.nl\\\/de\\\/wp-content\\\/uploads\\\/sites\\\/3\\\/2024\\\/07\\\/FB617_01.jpg\",\"width\":800,\"height\":800,\"caption\":\"Esschert Design Recyceltes Nusssilo mit Schale (FB617 8714982269288) - 01\"},{\"@type\":\"BreadcrumbList\",\"@id\":\"https:\\\/\\\/trendsandvision.nl\\\/de\\\/product\\\/esschert-design-recyceltes-nusssilo-mit-schale\\\/#breadcrumb\",\"itemListElement\":[{\"@type\":\"ListItem\",\"position\":1,\"name\":\"Home\",\"item\":\"https:\\\/\\\/trendsandvision.nl\\\/de\\\/\"},{\"@type\":\"ListItem\",\"position\":2,\"name\":\"Gesch\u00e4ft\",\"item\":\"https:\\\/\\\/trendsandvision.nl\\\/de\\\/geschaft\\\/\"},{\"@type\":\"ListItem\",\"position\":3,\"name\":\"Esschert Design Recyceltes Nusssilo mit Schale\"}]},{\"@type\":\"WebSite\",\"@id\":\"https:\\\/\\\/trendsandvision.nl\\\/de\\\/#website\",\"url\":\"https:\\\/\\\/trendsandvision.nl\\\/de\\\/\",\"name\":\"Trends &amp; Vision (DE)\",\"description\":\"Der Webshop f\u00fcr Esschert Design Artikel\",\"publisher\":{\"@id\":\"https:\\\/\\\/trendsandvision.nl\\\/de\\\/#organization\"},\"potentialAction\":[{\"@type\":\"SearchAction\",\"target\":{\"@type\":\"EntryPoint\",\"urlTemplate\":\"https:\\\/\\\/trendsandvision.nl\\\/de\\\/?s={search_term_string}\"},\"query-input\":{\"@type\":\"PropertyValueSpecification\",\"valueRequired\":true,\"valueName\":\"search_term_string\"}}],\"inLanguage\":\"de\"},{\"@type\":\"Organization\",\"@id\":\"https:\\\/\\\/trendsandvision.nl\\\/de\\\/#organization\",\"name\":\"Trends &amp; Vision (DE)\",\"url\":\"https:\\\/\\\/trendsandvision.nl\\\/de\\\/\",\"logo\":{\"@type\":\"ImageObject\",\"inLanguage\":\"de\",\"@id\":\"https:\\\/\\\/trendsandvision.nl\\\/de\\\/#\\\/schema\\\/logo\\\/image\\\/\",\"url\":\"https:\\\/\\\/trendsandvision.nl\\\/de\\\/wp-content\\\/uploads\\\/sites\\\/3\\\/2022\\\/04\\\/trends-and-vision-logo.jpg\",\"contentUrl\":\"https:\\\/\\\/trendsandvision.nl\\\/de\\\/wp-content\\\/uploads\\\/sites\\\/3\\\/2022\\\/04\\\/trends-and-vision-logo.jpg\",\"width\":213,\"height\":100,\"caption\":\"Trends &amp; Vision (DE)\"},\"image\":{\"@id\":\"https:\\\/\\\/trendsandvision.nl\\\/de\\\/#\\\/schema\\\/logo\\\/image\\\/\"}}]}<\/script>\n<!-- \/ Yoast SEO Premium plugin. -->","yoast_head_json":{"title":"Esschert Design Recyceltes Nusssilo mit Schale (FB617)","description":"Esschert Design Recyceltes Nusssilo mit Schale (FB617 EAN 8714982269288) Aufh\u00e4ngem\u00f6glichkeit, L 26,5 x T 26,5 x H 29,9 cm, Gewicht 0,2 kg","robots":{"index":"index","follow":"follow","max-snippet":"max-snippet:-1","max-image-preview":"max-image-preview:large","max-video-preview":"max-video-preview:-1"},"canonical":"https:\/\/trendsandvision.nl\/de\/product\/esschert-design-recyceltes-nusssilo-mit-schale\/","og_locale":"de_DE","og_type":"article","og_title":"Esschert Design Recyceltes Nusssilo mit Schale","og_description":"Esschert Design Recyceltes Nusssilo mit Schale (FB617 EAN 8714982269288) Aufh\u00e4ngem\u00f6glichkeit, L 26,5 x T 26,5 x H 29,9 cm, Gewicht 0,2 kg","og_url":"https:\/\/trendsandvision.nl\/de\/product\/esschert-design-recyceltes-nusssilo-mit-schale\/","og_site_name":"Trends &amp; Vision (DE)","article_modified_time":"2026-04-07T08:27:08+00:00","og_image":[{"width":800,"height":800,"url":"https:\/\/trendsandvision.nl\/de\/wp-content\/uploads\/sites\/3\/2024\/07\/FB617_01.jpg","type":"image\/jpeg"}],"twitter_card":"summary_large_image","twitter_misc":{"Gesch\u00e4tzte Lesezeit":"1\u00a0Minute"},"schema":{"@context":"https:\/\/schema.org","@graph":[{"@type":"WebPage","@id":"https:\/\/trendsandvision.nl\/de\/product\/esschert-design-recyceltes-nusssilo-mit-schale\/","url":"https:\/\/trendsandvision.nl\/de\/product\/esschert-design-recyceltes-nusssilo-mit-schale\/","name":"Esschert Design Recyceltes Nusssilo mit Schale (FB617)","isPartOf":{"@id":"https:\/\/trendsandvision.nl\/de\/#website"},"primaryImageOfPage":{"@id":"https:\/\/trendsandvision.nl\/de\/product\/esschert-design-recyceltes-nusssilo-mit-schale\/#primaryimage"},"image":{"@id":"https:\/\/trendsandvision.nl\/de\/product\/esschert-design-recyceltes-nusssilo-mit-schale\/#primaryimage"},"thumbnailUrl":"https:\/\/trendsandvision.nl\/de\/wp-content\/uploads\/sites\/3\/2024\/07\/FB617_01.jpg","datePublished":"2024-07-19T08:54:45+00:00","dateModified":"2026-04-07T08:27:08+00:00","description":"Esschert Design Recyceltes Nusssilo mit Schale (FB617 EAN 8714982269288) Aufh\u00e4ngem\u00f6glichkeit, L 26,5 x T 26,5 x H 29,9 cm, Gewicht 0,2 kg","breadcrumb":{"@id":"https:\/\/trendsandvision.nl\/de\/product\/esschert-design-recyceltes-nusssilo-mit-schale\/#breadcrumb"},"inLanguage":"de","potentialAction":[{"@type":"ReadAction","target":["https:\/\/trendsandvision.nl\/de\/product\/esschert-design-recyceltes-nusssilo-mit-schale\/"]}]},{"@type":"ImageObject","inLanguage":"de","@id":"https:\/\/trendsandvision.nl\/de\/product\/esschert-design-recyceltes-nusssilo-mit-schale\/#primaryimage","url":"https:\/\/trendsandvision.nl\/de\/wp-content\/uploads\/sites\/3\/2024\/07\/FB617_01.jpg","contentUrl":"https:\/\/trendsandvision.nl\/de\/wp-content\/uploads\/sites\/3\/2024\/07\/FB617_01.jpg","width":800,"height":800,"caption":"Esschert Design Recyceltes Nusssilo mit Schale (FB617 8714982269288) - 01"},{"@type":"BreadcrumbList","@id":"https:\/\/trendsandvision.nl\/de\/product\/esschert-design-recyceltes-nusssilo-mit-schale\/#breadcrumb","itemListElement":[{"@type":"ListItem","position":1,"name":"Home","item":"https:\/\/trendsandvision.nl\/de\/"},{"@type":"ListItem","position":2,"name":"Gesch\u00e4ft","item":"https:\/\/trendsandvision.nl\/de\/geschaft\/"},{"@type":"ListItem","position":3,"name":"Esschert Design Recyceltes Nusssilo mit Schale"}]},{"@type":"WebSite","@id":"https:\/\/trendsandvision.nl\/de\/#website","url":"https:\/\/trendsandvision.nl\/de\/","name":"Trends &amp; Vision (DE)","description":"Der Webshop f\u00fcr Esschert Design Artikel","publisher":{"@id":"https:\/\/trendsandvision.nl\/de\/#organization"},"potentialAction":[{"@type":"SearchAction","target":{"@type":"EntryPoint","urlTemplate":"https:\/\/trendsandvision.nl\/de\/?s={search_term_string}"},"query-input":{"@type":"PropertyValueSpecification","valueRequired":true,"valueName":"search_term_string"}}],"inLanguage":"de"},{"@type":"Organization","@id":"https:\/\/trendsandvision.nl\/de\/#organization","name":"Trends &amp; Vision (DE)","url":"https:\/\/trendsandvision.nl\/de\/","logo":{"@type":"ImageObject","inLanguage":"de","@id":"https:\/\/trendsandvision.nl\/de\/#\/schema\/logo\/image\/","url":"https:\/\/trendsandvision.nl\/de\/wp-content\/uploads\/sites\/3\/2022\/04\/trends-and-vision-logo.jpg","contentUrl":"https:\/\/trendsandvision.nl\/de\/wp-content\/uploads\/sites\/3\/2022\/04\/trends-and-vision-logo.jpg","width":213,"height":100,"caption":"Trends &amp; Vision (DE)"},"image":{"@id":"https:\/\/trendsandvision.nl\/de\/#\/schema\/logo\/image\/"}}]}},"_links":{"self":[{"href":"https:\/\/trendsandvision.nl\/de\/wp-json\/wp\/v2\/product\/12310","targetHints":{"allow":["GET"]}}],"collection":[{"href":"https:\/\/trendsandvision.nl\/de\/wp-json\/wp\/v2\/product"}],"about":[{"href":"https:\/\/trendsandvision.nl\/de\/wp-json\/wp\/v2\/types\/product"}],"wp:featuredmedia":[{"embeddable":true,"href":"https:\/\/trendsandvision.nl\/de\/wp-json\/wp\/v2\/media\/12311"}],"wp:attachment":[{"href":"https:\/\/trendsandvision.nl\/de\/wp-json\/wp\/v2\/media?parent=12310"}],"wp:term":[{"taxonomy":"product_brand","embeddable":true,"href":"https:\/\/trendsandvision.nl\/de\/wp-json\/wp\/v2\/product_brand?post=12310"},{"taxonomy":"product_cat","embeddable":true,"href":"https:\/\/trendsandvision.nl\/de\/wp-json\/wp\/v2\/product_cat?post=12310"},{"taxonomy":"product_tag","embeddable":true,"href":"https:\/\/trendsandvision.nl\/de\/wp-json\/wp\/v2\/product_tag?post=12310"}],"curies":[{"name":"wp","href":"https:\/\/api.w.org\/{rel}","templated":true}]}}