{"id":12298,"date":"2024-07-19T10:54:21","date_gmt":"2024-07-19T08:54:21","guid":{"rendered":"https:\/\/trendsandvision.nl\/de\/product\/esschert-design-recyceltes-meisenknoedelsilo-fb613-8714982269240\/"},"modified":"2026-04-07T10:27:05","modified_gmt":"2026-04-07T08:27:05","slug":"esschert-design-recyceltes-meisenknoedelsilo","status":"publish","type":"product","link":"https:\/\/trendsandvision.nl\/de\/product\/esschert-design-recyceltes-meisenknoedelsilo\/","title":{"rendered":"Esschert Design Recyceltes Meisenkn\u00f6delsilo"},"content":{"rendered":"<p><iframe loading=\"lazy\" title=\"100% Recycled Birdfeeders: Watch the recycle process\" width=\"1140\" height=\"641\" src=\"https:\/\/www.youtube.com\/embed\/vomSubllZNE?feature=oembed\" frameborder=\"0\" allow=\"accelerometer; autoplay; clipboard-write; encrypted-media; gyroscope; picture-in-picture; web-share\" referrerpolicy=\"strict-origin-when-cross-origin\" allowfullscreen><\/iframe><br \/>\nEsschert Design Recyceltes Meisenkn\u00f6delsilo.<br \/>\nDieser Saatgutspender besteht aus 100 % <strong><a href=\"https:\/\/trendsandvision.nl\/de\/?s=Recyceltes&amp;post_type=product&amp;dgwt_wcas=1\">recyceltem<\/a><\/strong> Polypropylen. F\u00fcr die Herstellung werden etwa sechs recycelte Flaschen \u00e0 20 Gramm ben\u00f6tigt. Der Spender bef\u00fcllt man mit <strong><a href=\"https:\/\/trendsandvision.nl\/de\/?s=meisenkn&amp;post_type=product&amp;dgwt_wcas=1\" target=\"_blank\">Fettkn\u00f6del<\/a><\/strong>. Durch die offene Struktur k\u00f6nnen V\u00f6gel von beiden Seiten an das Futter gelangen und es genie\u00dfen. Der Spender l\u00e4sst sich leicht bef\u00fcllen, indem man den Deckel nach oben schiebt.<\/p>\n<p>Artikelbezeichnung Recyceltes Meisenkn\u00f6delsilo<br \/>\nArtikelnummer FB613<br \/>\nBarcode 8714982269240<br \/>\nProduktgruppe(n) V\u00f6gel &amp; Gartentiere, F\u00fctterungssysteme, Futtersilos<br \/>\nProduktabmessungen in cm L 14,6 x T 14,6 x H 29,9<br \/>\nMaterial rPP<br \/>\nNettogewicht 0,081 kg<br \/>\nProduzent <a href=\"https:\/\/www.esschertdesign.com\/shop\/de\/gerecyclede-vetbollensilo-fb613\" target=\"_blank\">Esschert Design<\/a><\/p>\n<p>Bestellen Sie einfach diesen <a href=\"https:\/\/trendsandvision.nl\/de\/product\/esschert-design-baumhaken\/\" rel=\"noopener\" target=\"_blank\">baumfreundlichen Aufh\u00e4ngehaken<\/a> mit auf unsere Shop<\/p>\n","protected":false},"excerpt":{"rendered":"<p>Hergestellt in den Niederlanden<br \/>\nHergestellt aus Polypropylen (rPP)<br \/>\nOffene Struktur<br \/>\nL + T \u00f8 14,6 x H 29,9 cm<br \/>\nNettogewicht 0,081 kg<br \/>\nBarcode 8714982269240<\/p>\n","protected":false},"featured_media":12299,"template":"","meta":[],"product_brand":[9597,9598],"product_cat":[1315],"product_tag":[11301,8160,6961,6972,8161],"class_list":{"0":"post-12298","1":"product","2":"type-product","3":"status-publish","4":"has-post-thumbnail","6":"product_brand-esschert-design","7":"product_brand-trends-and-vision","8":"product_cat-best-for-birds","9":"product_tag-fettknoedel","10":"product_tag-meisenknoedel","11":"product_tag-meisenknoedelsilo","12":"product_tag-recycled","13":"product_tag-silos","14":"pa_anbieter-esschert-design","15":"pa_ean-code-6620","17":"first","18":"instock","19":"sale","20":"taxable","21":"shipping-taxable","22":"purchasable","23":"product-type-simple","24":"czr-hentry"},"yoast_head":"<!-- This site is optimized with the Yoast SEO Premium plugin v26.4 (Yoast SEO v27.3) - https:\/\/yoast.com\/product\/yoast-seo-premium-wordpress\/ -->\n<title>Esschert Design Recyceltes Meisenkn\u00f6delsilo (FB613)<\/title>\n<meta name=\"description\" content=\"Esschert Design Recyceltes Meisenkn\u00f6delsilo mit Dach (FB613 EAN 8714982269240) Offene Struktur, L + T \u00f8 14,6 x H 29,9 cm, Gewicht 0,081 kg\" \/>\n<meta name=\"robots\" content=\"index, follow, max-snippet:-1, max-image-preview:large, max-video-preview:-1\" \/>\n<link rel=\"canonical\" href=\"https:\/\/trendsandvision.nl\/de\/product\/esschert-design-recyceltes-meisenknoedelsilo\/\" \/>\n<meta property=\"og:locale\" content=\"de_DE\" \/>\n<meta property=\"og:type\" content=\"article\" \/>\n<meta property=\"og:title\" content=\"Esschert Design Recyceltes Meisenkn\u00f6delsilo\" \/>\n<meta property=\"og:description\" content=\"Esschert Design Recyceltes Meisenkn\u00f6delsilo mit Dach (FB613 EAN 8714982269240) Offene Struktur, L + T \u00f8 14,6 x H 29,9 cm, Gewicht 0,081 kg\" \/>\n<meta property=\"og:url\" content=\"https:\/\/trendsandvision.nl\/de\/product\/esschert-design-recyceltes-meisenknoedelsilo\/\" \/>\n<meta property=\"og:site_name\" content=\"Trends &amp; Vision (DE)\" \/>\n<meta property=\"article:modified_time\" content=\"2026-04-07T08:27:05+00:00\" \/>\n<meta property=\"og:image\" content=\"https:\/\/trendsandvision.nl\/de\/wp-content\/uploads\/sites\/3\/2024\/07\/FB613_01.jpg\" \/>\n\t<meta property=\"og:image:width\" content=\"800\" \/>\n\t<meta property=\"og:image:height\" content=\"800\" \/>\n\t<meta property=\"og:image:type\" content=\"image\/jpeg\" \/>\n<meta name=\"twitter:card\" content=\"summary_large_image\" \/>\n<meta name=\"twitter:label1\" content=\"Gesch\u00e4tzte Lesezeit\" \/>\n\t<meta name=\"twitter:data1\" content=\"1\u00a0Minute\" \/>\n<script type=\"application\/ld+json\" class=\"yoast-schema-graph\">{\"@context\":\"https:\\\/\\\/schema.org\",\"@graph\":[{\"@type\":\"WebPage\",\"@id\":\"https:\\\/\\\/trendsandvision.nl\\\/de\\\/product\\\/esschert-design-recyceltes-meisenknoedelsilo\\\/\",\"url\":\"https:\\\/\\\/trendsandvision.nl\\\/de\\\/product\\\/esschert-design-recyceltes-meisenknoedelsilo\\\/\",\"name\":\"Esschert Design Recyceltes Meisenkn\u00f6delsilo (FB613)\",\"isPartOf\":{\"@id\":\"https:\\\/\\\/trendsandvision.nl\\\/de\\\/#website\"},\"primaryImageOfPage\":{\"@id\":\"https:\\\/\\\/trendsandvision.nl\\\/de\\\/product\\\/esschert-design-recyceltes-meisenknoedelsilo\\\/#primaryimage\"},\"image\":{\"@id\":\"https:\\\/\\\/trendsandvision.nl\\\/de\\\/product\\\/esschert-design-recyceltes-meisenknoedelsilo\\\/#primaryimage\"},\"thumbnailUrl\":\"https:\\\/\\\/trendsandvision.nl\\\/de\\\/wp-content\\\/uploads\\\/sites\\\/3\\\/2024\\\/07\\\/FB613_01.jpg\",\"datePublished\":\"2024-07-19T08:54:21+00:00\",\"dateModified\":\"2026-04-07T08:27:05+00:00\",\"description\":\"Esschert Design Recyceltes Meisenkn\u00f6delsilo mit Dach (FB613 EAN 8714982269240) Offene Struktur, L + T \u00f8 14,6 x H 29,9 cm, Gewicht 0,081 kg\",\"breadcrumb\":{\"@id\":\"https:\\\/\\\/trendsandvision.nl\\\/de\\\/product\\\/esschert-design-recyceltes-meisenknoedelsilo\\\/#breadcrumb\"},\"inLanguage\":\"de\",\"potentialAction\":[{\"@type\":\"ReadAction\",\"target\":[\"https:\\\/\\\/trendsandvision.nl\\\/de\\\/product\\\/esschert-design-recyceltes-meisenknoedelsilo\\\/\"]}]},{\"@type\":\"ImageObject\",\"inLanguage\":\"de\",\"@id\":\"https:\\\/\\\/trendsandvision.nl\\\/de\\\/product\\\/esschert-design-recyceltes-meisenknoedelsilo\\\/#primaryimage\",\"url\":\"https:\\\/\\\/trendsandvision.nl\\\/de\\\/wp-content\\\/uploads\\\/sites\\\/3\\\/2024\\\/07\\\/FB613_01.jpg\",\"contentUrl\":\"https:\\\/\\\/trendsandvision.nl\\\/de\\\/wp-content\\\/uploads\\\/sites\\\/3\\\/2024\\\/07\\\/FB613_01.jpg\",\"width\":800,\"height\":800,\"caption\":\"Trends and Vision Recyceltes Meisenkn\u00f6delsilo mit Dach (FB613 EAN 8714982269240) Offene Struktur, L + T \u00f8 14,6 x H 29,9 cm, Gewicht 0,081 kg\"},{\"@type\":\"BreadcrumbList\",\"@id\":\"https:\\\/\\\/trendsandvision.nl\\\/de\\\/product\\\/esschert-design-recyceltes-meisenknoedelsilo\\\/#breadcrumb\",\"itemListElement\":[{\"@type\":\"ListItem\",\"position\":1,\"name\":\"Home\",\"item\":\"https:\\\/\\\/trendsandvision.nl\\\/de\\\/\"},{\"@type\":\"ListItem\",\"position\":2,\"name\":\"Gesch\u00e4ft\",\"item\":\"https:\\\/\\\/trendsandvision.nl\\\/de\\\/geschaft\\\/\"},{\"@type\":\"ListItem\",\"position\":3,\"name\":\"Esschert Design Recyceltes Meisenkn\u00f6delsilo\"}]},{\"@type\":\"WebSite\",\"@id\":\"https:\\\/\\\/trendsandvision.nl\\\/de\\\/#website\",\"url\":\"https:\\\/\\\/trendsandvision.nl\\\/de\\\/\",\"name\":\"Trends &amp; Vision (DE)\",\"description\":\"Der Webshop f\u00fcr Esschert Design Artikel\",\"publisher\":{\"@id\":\"https:\\\/\\\/trendsandvision.nl\\\/de\\\/#organization\"},\"potentialAction\":[{\"@type\":\"SearchAction\",\"target\":{\"@type\":\"EntryPoint\",\"urlTemplate\":\"https:\\\/\\\/trendsandvision.nl\\\/de\\\/?s={search_term_string}\"},\"query-input\":{\"@type\":\"PropertyValueSpecification\",\"valueRequired\":true,\"valueName\":\"search_term_string\"}}],\"inLanguage\":\"de\"},{\"@type\":\"Organization\",\"@id\":\"https:\\\/\\\/trendsandvision.nl\\\/de\\\/#organization\",\"name\":\"Trends &amp; Vision (DE)\",\"url\":\"https:\\\/\\\/trendsandvision.nl\\\/de\\\/\",\"logo\":{\"@type\":\"ImageObject\",\"inLanguage\":\"de\",\"@id\":\"https:\\\/\\\/trendsandvision.nl\\\/de\\\/#\\\/schema\\\/logo\\\/image\\\/\",\"url\":\"https:\\\/\\\/trendsandvision.nl\\\/de\\\/wp-content\\\/uploads\\\/sites\\\/3\\\/2022\\\/04\\\/trends-and-vision-logo.jpg\",\"contentUrl\":\"https:\\\/\\\/trendsandvision.nl\\\/de\\\/wp-content\\\/uploads\\\/sites\\\/3\\\/2022\\\/04\\\/trends-and-vision-logo.jpg\",\"width\":213,\"height\":100,\"caption\":\"Trends &amp; Vision (DE)\"},\"image\":{\"@id\":\"https:\\\/\\\/trendsandvision.nl\\\/de\\\/#\\\/schema\\\/logo\\\/image\\\/\"}}]}<\/script>\n<!-- \/ Yoast SEO Premium plugin. -->","yoast_head_json":{"title":"Esschert Design Recyceltes Meisenkn\u00f6delsilo (FB613)","description":"Esschert Design Recyceltes Meisenkn\u00f6delsilo mit Dach (FB613 EAN 8714982269240) Offene Struktur, L + T \u00f8 14,6 x H 29,9 cm, Gewicht 0,081 kg","robots":{"index":"index","follow":"follow","max-snippet":"max-snippet:-1","max-image-preview":"max-image-preview:large","max-video-preview":"max-video-preview:-1"},"canonical":"https:\/\/trendsandvision.nl\/de\/product\/esschert-design-recyceltes-meisenknoedelsilo\/","og_locale":"de_DE","og_type":"article","og_title":"Esschert Design Recyceltes Meisenkn\u00f6delsilo","og_description":"Esschert Design Recyceltes Meisenkn\u00f6delsilo mit Dach (FB613 EAN 8714982269240) Offene Struktur, L + T \u00f8 14,6 x H 29,9 cm, Gewicht 0,081 kg","og_url":"https:\/\/trendsandvision.nl\/de\/product\/esschert-design-recyceltes-meisenknoedelsilo\/","og_site_name":"Trends &amp; Vision (DE)","article_modified_time":"2026-04-07T08:27:05+00:00","og_image":[{"width":800,"height":800,"url":"https:\/\/trendsandvision.nl\/de\/wp-content\/uploads\/sites\/3\/2024\/07\/FB613_01.jpg","type":"image\/jpeg"}],"twitter_card":"summary_large_image","twitter_misc":{"Gesch\u00e4tzte Lesezeit":"1\u00a0Minute"},"schema":{"@context":"https:\/\/schema.org","@graph":[{"@type":"WebPage","@id":"https:\/\/trendsandvision.nl\/de\/product\/esschert-design-recyceltes-meisenknoedelsilo\/","url":"https:\/\/trendsandvision.nl\/de\/product\/esschert-design-recyceltes-meisenknoedelsilo\/","name":"Esschert Design Recyceltes Meisenkn\u00f6delsilo (FB613)","isPartOf":{"@id":"https:\/\/trendsandvision.nl\/de\/#website"},"primaryImageOfPage":{"@id":"https:\/\/trendsandvision.nl\/de\/product\/esschert-design-recyceltes-meisenknoedelsilo\/#primaryimage"},"image":{"@id":"https:\/\/trendsandvision.nl\/de\/product\/esschert-design-recyceltes-meisenknoedelsilo\/#primaryimage"},"thumbnailUrl":"https:\/\/trendsandvision.nl\/de\/wp-content\/uploads\/sites\/3\/2024\/07\/FB613_01.jpg","datePublished":"2024-07-19T08:54:21+00:00","dateModified":"2026-04-07T08:27:05+00:00","description":"Esschert Design Recyceltes Meisenkn\u00f6delsilo mit Dach (FB613 EAN 8714982269240) Offene Struktur, L + T \u00f8 14,6 x H 29,9 cm, Gewicht 0,081 kg","breadcrumb":{"@id":"https:\/\/trendsandvision.nl\/de\/product\/esschert-design-recyceltes-meisenknoedelsilo\/#breadcrumb"},"inLanguage":"de","potentialAction":[{"@type":"ReadAction","target":["https:\/\/trendsandvision.nl\/de\/product\/esschert-design-recyceltes-meisenknoedelsilo\/"]}]},{"@type":"ImageObject","inLanguage":"de","@id":"https:\/\/trendsandvision.nl\/de\/product\/esschert-design-recyceltes-meisenknoedelsilo\/#primaryimage","url":"https:\/\/trendsandvision.nl\/de\/wp-content\/uploads\/sites\/3\/2024\/07\/FB613_01.jpg","contentUrl":"https:\/\/trendsandvision.nl\/de\/wp-content\/uploads\/sites\/3\/2024\/07\/FB613_01.jpg","width":800,"height":800,"caption":"Trends and Vision Recyceltes Meisenkn\u00f6delsilo mit Dach (FB613 EAN 8714982269240) Offene Struktur, L + T \u00f8 14,6 x H 29,9 cm, Gewicht 0,081 kg"},{"@type":"BreadcrumbList","@id":"https:\/\/trendsandvision.nl\/de\/product\/esschert-design-recyceltes-meisenknoedelsilo\/#breadcrumb","itemListElement":[{"@type":"ListItem","position":1,"name":"Home","item":"https:\/\/trendsandvision.nl\/de\/"},{"@type":"ListItem","position":2,"name":"Gesch\u00e4ft","item":"https:\/\/trendsandvision.nl\/de\/geschaft\/"},{"@type":"ListItem","position":3,"name":"Esschert Design Recyceltes Meisenkn\u00f6delsilo"}]},{"@type":"WebSite","@id":"https:\/\/trendsandvision.nl\/de\/#website","url":"https:\/\/trendsandvision.nl\/de\/","name":"Trends &amp; Vision (DE)","description":"Der Webshop f\u00fcr Esschert Design Artikel","publisher":{"@id":"https:\/\/trendsandvision.nl\/de\/#organization"},"potentialAction":[{"@type":"SearchAction","target":{"@type":"EntryPoint","urlTemplate":"https:\/\/trendsandvision.nl\/de\/?s={search_term_string}"},"query-input":{"@type":"PropertyValueSpecification","valueRequired":true,"valueName":"search_term_string"}}],"inLanguage":"de"},{"@type":"Organization","@id":"https:\/\/trendsandvision.nl\/de\/#organization","name":"Trends &amp; Vision (DE)","url":"https:\/\/trendsandvision.nl\/de\/","logo":{"@type":"ImageObject","inLanguage":"de","@id":"https:\/\/trendsandvision.nl\/de\/#\/schema\/logo\/image\/","url":"https:\/\/trendsandvision.nl\/de\/wp-content\/uploads\/sites\/3\/2022\/04\/trends-and-vision-logo.jpg","contentUrl":"https:\/\/trendsandvision.nl\/de\/wp-content\/uploads\/sites\/3\/2022\/04\/trends-and-vision-logo.jpg","width":213,"height":100,"caption":"Trends &amp; Vision (DE)"},"image":{"@id":"https:\/\/trendsandvision.nl\/de\/#\/schema\/logo\/image\/"}}]}},"_links":{"self":[{"href":"https:\/\/trendsandvision.nl\/de\/wp-json\/wp\/v2\/product\/12298","targetHints":{"allow":["GET"]}}],"collection":[{"href":"https:\/\/trendsandvision.nl\/de\/wp-json\/wp\/v2\/product"}],"about":[{"href":"https:\/\/trendsandvision.nl\/de\/wp-json\/wp\/v2\/types\/product"}],"wp:featuredmedia":[{"embeddable":true,"href":"https:\/\/trendsandvision.nl\/de\/wp-json\/wp\/v2\/media\/12299"}],"wp:attachment":[{"href":"https:\/\/trendsandvision.nl\/de\/wp-json\/wp\/v2\/media?parent=12298"}],"wp:term":[{"taxonomy":"product_brand","embeddable":true,"href":"https:\/\/trendsandvision.nl\/de\/wp-json\/wp\/v2\/product_brand?post=12298"},{"taxonomy":"product_cat","embeddable":true,"href":"https:\/\/trendsandvision.nl\/de\/wp-json\/wp\/v2\/product_cat?post=12298"},{"taxonomy":"product_tag","embeddable":true,"href":"https:\/\/trendsandvision.nl\/de\/wp-json\/wp\/v2\/product_tag?post=12298"}],"curies":[{"name":"wp","href":"https:\/\/api.w.org\/{rel}","templated":true}]}}