{"id":12283,"date":"2024-07-19T10:53:55","date_gmt":"2024-07-19T08:53:55","guid":{"rendered":"https:\/\/trendsandvision.nl\/de\/product\/esschert-design-vogelfutterstaender-mit-vogel-s-fb609-8714982267871\/"},"modified":"2026-04-07T10:27:02","modified_gmt":"2026-04-07T08:27:02","slug":"esschert-design-vogelfutterstaender-mit-vogel-s","status":"publish","type":"product","link":"https:\/\/trendsandvision.nl\/de\/product\/esschert-design-vogelfutterstaender-mit-vogel-s\/","title":{"rendered":"Esschert Design Vogelfutterst\u00e4nder mit Vogel S"},"content":{"rendered":"<p>Artikelname Vogelfutterst\u00e4nder oder H\u00e4nger mit Vogel S: f\u00fcr Meisenkn\u00f6del oder Nussmischung (<a href=\"https:\/\/trendsandvision.de\/?s=vogelfutter&amp;post_type=product&amp;dgwt_wcas=1\" target=\" _blank\" rel=\"noopener\">HIER <\/a> verf\u00fcgbar)<br \/>\nDieser Vogel-Futterst\u00e4nder mit Vogelmotiv ist der ideale Futterplatz f\u00fcr V\u00f6gel. Der St\u00e4nder l\u00e4sst sich einfach auf jeder ebenen Fl\u00e4che aufstellen. Zum Beispiel auf einem Tisch oder direkt auf dem Boden. Perfekt f\u00fcr jeden Garten. An den Haken k\u00f6nnen verschiedene Futterartikel aufgeh\u00e4ngt werden. Futterschale oder Futter sind nicht im Lieferumfang enthalten.<\/p>\n<p>Artikelname: Vogelfutterst\u00e4nder mit Vogel S<br \/>\nArtikelnummer: FB609<br \/>\nBarcode 8714982267871<br \/>\nProduktgruppe(n) V\u00f6gel &amp; Gartentiere, F\u00fctterungssysteme, Futterstationen<br \/>\nProduktabmessungen in cm L 18 x T 18 x H 37<br \/>\nMaterial Eisen, Gusseisen<br \/>\nNettogewicht 0,226 kg<br \/>\nProduzent <a href=\"https:\/\/www.esschertdesign.com\/shop\/de\/vogelvoederstandaard-met-vogel-s-fb609\" target=\"_blank\">Esschert Design<\/a><\/p>\n","protected":false},"excerpt":{"rendered":"<p>Vogelfutterst\u00e4nder mit Vogel S<br \/>\nArtikelnummer: FB609<br \/>\nL \/ T \u00f8 18 x H 37 cm<br \/>\nMaterial: Eisen, Gusseisen<br \/>\nNettogewicht 0,226 kg<br \/>\nBarcode 8714982267871<br \/>\n<strong><a href=\"https:\/\/trendsandvision.nl\/de\/?s=Hanging+Basket+haken&amp;post_type=product&amp;dgwt_wcas=1\">alle Haken<\/a><\/strong>Bestellen Sie einfach diesen<br \/>\nf\u00fcr Meisenkn\u00f6del oder Nussmischung (<a href=\"https:\/\/trendsandvision.de\/?s=vogelfutter&amp;post_type=product&amp;dgwt_wcas=1\" target=\" _blank\" rel=\"noopener\">HIER <\/a> verf\u00fcgbar)<\/p>\n","protected":false},"featured_media":12284,"template":"","meta":[],"product_brand":[9597,9598],"product_cat":[1315],"product_tag":[7017,6714,7310],"class_list":{"0":"post-12283","1":"product","2":"type-product","3":"status-publish","4":"has-post-thumbnail","6":"product_brand-esschert-design","7":"product_brand-trends-and-vision","8":"product_cat-best-for-birds","9":"product_tag-fuetterstaender","10":"product_tag-voegel","11":"product_tag-vogelfutterstaender","12":"pa_anbieter-esschert-design","13":"pa_ean-code-6617","15":"first","16":"instock","17":"sale","18":"taxable","19":"shipping-taxable","20":"purchasable","21":"product-type-simple","22":"czr-hentry"},"yoast_head":"<!-- This site is optimized with the Yoast SEO Premium plugin v26.4 (Yoast SEO v27.3) - https:\/\/yoast.com\/product\/yoast-seo-premium-wordpress\/ -->\n<title>Esschert Design Vogelfutterst\u00e4nder mit Vogel S (FB609)<\/title>\n<meta name=\"description\" content=\"Esschert Design Vogelfutterst\u00e4nder mit Vogel S (FB609 EAN 8714982267871) L \/ T \u00f8 18 x H 37 cm, Material: Eisen, Gusseisen, Gewicht 0,226 kg\" \/>\n<meta name=\"robots\" content=\"index, follow, max-snippet:-1, max-image-preview:large, max-video-preview:-1\" \/>\n<link rel=\"canonical\" href=\"https:\/\/trendsandvision.nl\/de\/product\/esschert-design-vogelfutterstaender-mit-vogel-s\/\" \/>\n<meta property=\"og:locale\" content=\"de_DE\" \/>\n<meta property=\"og:type\" content=\"article\" \/>\n<meta property=\"og:title\" content=\"Esschert Design Vogelfutterst\u00e4nder mit Vogel S\" \/>\n<meta property=\"og:description\" content=\"Esschert Design Vogelfutterst\u00e4nder mit Vogel S (FB609 EAN 8714982267871) L \/ T \u00f8 18 x H 37 cm, Material: Eisen, Gusseisen, Gewicht 0,226 kg\" \/>\n<meta property=\"og:url\" content=\"https:\/\/trendsandvision.nl\/de\/product\/esschert-design-vogelfutterstaender-mit-vogel-s\/\" \/>\n<meta property=\"og:site_name\" content=\"Trends &amp; Vision (DE)\" \/>\n<meta property=\"article:modified_time\" content=\"2026-04-07T08:27:02+00:00\" \/>\n<meta property=\"og:image\" content=\"https:\/\/trendsandvision.nl\/de\/wp-content\/uploads\/sites\/3\/2024\/07\/FB609_01.jpg\" \/>\n\t<meta property=\"og:image:width\" content=\"800\" \/>\n\t<meta property=\"og:image:height\" content=\"800\" \/>\n\t<meta property=\"og:image:type\" content=\"image\/jpeg\" \/>\n<meta name=\"twitter:card\" content=\"summary_large_image\" \/>\n<meta name=\"twitter:label1\" content=\"Gesch\u00e4tzte Lesezeit\" \/>\n\t<meta name=\"twitter:data1\" content=\"1\u00a0Minute\" \/>\n<script type=\"application\/ld+json\" class=\"yoast-schema-graph\">{\"@context\":\"https:\\\/\\\/schema.org\",\"@graph\":[{\"@type\":\"WebPage\",\"@id\":\"https:\\\/\\\/trendsandvision.nl\\\/de\\\/product\\\/esschert-design-vogelfutterstaender-mit-vogel-s\\\/\",\"url\":\"https:\\\/\\\/trendsandvision.nl\\\/de\\\/product\\\/esschert-design-vogelfutterstaender-mit-vogel-s\\\/\",\"name\":\"Esschert Design Vogelfutterst\u00e4nder mit Vogel S (FB609)\",\"isPartOf\":{\"@id\":\"https:\\\/\\\/trendsandvision.nl\\\/de\\\/#website\"},\"primaryImageOfPage\":{\"@id\":\"https:\\\/\\\/trendsandvision.nl\\\/de\\\/product\\\/esschert-design-vogelfutterstaender-mit-vogel-s\\\/#primaryimage\"},\"image\":{\"@id\":\"https:\\\/\\\/trendsandvision.nl\\\/de\\\/product\\\/esschert-design-vogelfutterstaender-mit-vogel-s\\\/#primaryimage\"},\"thumbnailUrl\":\"https:\\\/\\\/trendsandvision.nl\\\/de\\\/wp-content\\\/uploads\\\/sites\\\/3\\\/2024\\\/07\\\/FB609_01.jpg\",\"datePublished\":\"2024-07-19T08:53:55+00:00\",\"dateModified\":\"2026-04-07T08:27:02+00:00\",\"description\":\"Esschert Design Vogelfutterst\u00e4nder mit Vogel S (FB609 EAN 8714982267871) L \\\/ T \u00f8 18 x H 37 cm, Material: Eisen, Gusseisen, Gewicht 0,226 kg\",\"breadcrumb\":{\"@id\":\"https:\\\/\\\/trendsandvision.nl\\\/de\\\/product\\\/esschert-design-vogelfutterstaender-mit-vogel-s\\\/#breadcrumb\"},\"inLanguage\":\"de\",\"potentialAction\":[{\"@type\":\"ReadAction\",\"target\":[\"https:\\\/\\\/trendsandvision.nl\\\/de\\\/product\\\/esschert-design-vogelfutterstaender-mit-vogel-s\\\/\"]}]},{\"@type\":\"ImageObject\",\"inLanguage\":\"de\",\"@id\":\"https:\\\/\\\/trendsandvision.nl\\\/de\\\/product\\\/esschert-design-vogelfutterstaender-mit-vogel-s\\\/#primaryimage\",\"url\":\"https:\\\/\\\/trendsandvision.nl\\\/de\\\/wp-content\\\/uploads\\\/sites\\\/3\\\/2024\\\/07\\\/FB609_01.jpg\",\"contentUrl\":\"https:\\\/\\\/trendsandvision.nl\\\/de\\\/wp-content\\\/uploads\\\/sites\\\/3\\\/2024\\\/07\\\/FB609_01.jpg\",\"width\":800,\"height\":800,\"caption\":\"Trends and Vision Vogelfutterst\u00e4nder mit Vogel S (FB609 EAN 8714982267871) L \\\/ T \u00f8 18 x H 37 cm, Material: Eisen, Gusseisen, Gewicht 0,226 kg\"},{\"@type\":\"BreadcrumbList\",\"@id\":\"https:\\\/\\\/trendsandvision.nl\\\/de\\\/product\\\/esschert-design-vogelfutterstaender-mit-vogel-s\\\/#breadcrumb\",\"itemListElement\":[{\"@type\":\"ListItem\",\"position\":1,\"name\":\"Home\",\"item\":\"https:\\\/\\\/trendsandvision.nl\\\/de\\\/\"},{\"@type\":\"ListItem\",\"position\":2,\"name\":\"Gesch\u00e4ft\",\"item\":\"https:\\\/\\\/trendsandvision.nl\\\/de\\\/geschaft\\\/\"},{\"@type\":\"ListItem\",\"position\":3,\"name\":\"Esschert Design Vogelfutterst\u00e4nder mit Vogel S\"}]},{\"@type\":\"WebSite\",\"@id\":\"https:\\\/\\\/trendsandvision.nl\\\/de\\\/#website\",\"url\":\"https:\\\/\\\/trendsandvision.nl\\\/de\\\/\",\"name\":\"Trends &amp; Vision (DE)\",\"description\":\"Der Webshop f\u00fcr Esschert Design Artikel\",\"publisher\":{\"@id\":\"https:\\\/\\\/trendsandvision.nl\\\/de\\\/#organization\"},\"potentialAction\":[{\"@type\":\"SearchAction\",\"target\":{\"@type\":\"EntryPoint\",\"urlTemplate\":\"https:\\\/\\\/trendsandvision.nl\\\/de\\\/?s={search_term_string}\"},\"query-input\":{\"@type\":\"PropertyValueSpecification\",\"valueRequired\":true,\"valueName\":\"search_term_string\"}}],\"inLanguage\":\"de\"},{\"@type\":\"Organization\",\"@id\":\"https:\\\/\\\/trendsandvision.nl\\\/de\\\/#organization\",\"name\":\"Trends &amp; Vision (DE)\",\"url\":\"https:\\\/\\\/trendsandvision.nl\\\/de\\\/\",\"logo\":{\"@type\":\"ImageObject\",\"inLanguage\":\"de\",\"@id\":\"https:\\\/\\\/trendsandvision.nl\\\/de\\\/#\\\/schema\\\/logo\\\/image\\\/\",\"url\":\"https:\\\/\\\/trendsandvision.nl\\\/de\\\/wp-content\\\/uploads\\\/sites\\\/3\\\/2022\\\/04\\\/trends-and-vision-logo.jpg\",\"contentUrl\":\"https:\\\/\\\/trendsandvision.nl\\\/de\\\/wp-content\\\/uploads\\\/sites\\\/3\\\/2022\\\/04\\\/trends-and-vision-logo.jpg\",\"width\":213,\"height\":100,\"caption\":\"Trends &amp; Vision (DE)\"},\"image\":{\"@id\":\"https:\\\/\\\/trendsandvision.nl\\\/de\\\/#\\\/schema\\\/logo\\\/image\\\/\"}}]}<\/script>\n<!-- \/ Yoast SEO Premium plugin. -->","yoast_head_json":{"title":"Esschert Design Vogelfutterst\u00e4nder mit Vogel S (FB609)","description":"Esschert Design Vogelfutterst\u00e4nder mit Vogel S (FB609 EAN 8714982267871) L \/ T \u00f8 18 x H 37 cm, Material: Eisen, Gusseisen, Gewicht 0,226 kg","robots":{"index":"index","follow":"follow","max-snippet":"max-snippet:-1","max-image-preview":"max-image-preview:large","max-video-preview":"max-video-preview:-1"},"canonical":"https:\/\/trendsandvision.nl\/de\/product\/esschert-design-vogelfutterstaender-mit-vogel-s\/","og_locale":"de_DE","og_type":"article","og_title":"Esschert Design Vogelfutterst\u00e4nder mit Vogel S","og_description":"Esschert Design Vogelfutterst\u00e4nder mit Vogel S (FB609 EAN 8714982267871) L \/ T \u00f8 18 x H 37 cm, Material: Eisen, Gusseisen, Gewicht 0,226 kg","og_url":"https:\/\/trendsandvision.nl\/de\/product\/esschert-design-vogelfutterstaender-mit-vogel-s\/","og_site_name":"Trends &amp; Vision (DE)","article_modified_time":"2026-04-07T08:27:02+00:00","og_image":[{"width":800,"height":800,"url":"https:\/\/trendsandvision.nl\/de\/wp-content\/uploads\/sites\/3\/2024\/07\/FB609_01.jpg","type":"image\/jpeg"}],"twitter_card":"summary_large_image","twitter_misc":{"Gesch\u00e4tzte Lesezeit":"1\u00a0Minute"},"schema":{"@context":"https:\/\/schema.org","@graph":[{"@type":"WebPage","@id":"https:\/\/trendsandvision.nl\/de\/product\/esschert-design-vogelfutterstaender-mit-vogel-s\/","url":"https:\/\/trendsandvision.nl\/de\/product\/esschert-design-vogelfutterstaender-mit-vogel-s\/","name":"Esschert Design Vogelfutterst\u00e4nder mit Vogel S (FB609)","isPartOf":{"@id":"https:\/\/trendsandvision.nl\/de\/#website"},"primaryImageOfPage":{"@id":"https:\/\/trendsandvision.nl\/de\/product\/esschert-design-vogelfutterstaender-mit-vogel-s\/#primaryimage"},"image":{"@id":"https:\/\/trendsandvision.nl\/de\/product\/esschert-design-vogelfutterstaender-mit-vogel-s\/#primaryimage"},"thumbnailUrl":"https:\/\/trendsandvision.nl\/de\/wp-content\/uploads\/sites\/3\/2024\/07\/FB609_01.jpg","datePublished":"2024-07-19T08:53:55+00:00","dateModified":"2026-04-07T08:27:02+00:00","description":"Esschert Design Vogelfutterst\u00e4nder mit Vogel S (FB609 EAN 8714982267871) L \/ T \u00f8 18 x H 37 cm, Material: Eisen, Gusseisen, Gewicht 0,226 kg","breadcrumb":{"@id":"https:\/\/trendsandvision.nl\/de\/product\/esschert-design-vogelfutterstaender-mit-vogel-s\/#breadcrumb"},"inLanguage":"de","potentialAction":[{"@type":"ReadAction","target":["https:\/\/trendsandvision.nl\/de\/product\/esschert-design-vogelfutterstaender-mit-vogel-s\/"]}]},{"@type":"ImageObject","inLanguage":"de","@id":"https:\/\/trendsandvision.nl\/de\/product\/esschert-design-vogelfutterstaender-mit-vogel-s\/#primaryimage","url":"https:\/\/trendsandvision.nl\/de\/wp-content\/uploads\/sites\/3\/2024\/07\/FB609_01.jpg","contentUrl":"https:\/\/trendsandvision.nl\/de\/wp-content\/uploads\/sites\/3\/2024\/07\/FB609_01.jpg","width":800,"height":800,"caption":"Trends and Vision Vogelfutterst\u00e4nder mit Vogel S (FB609 EAN 8714982267871) L \/ T \u00f8 18 x H 37 cm, Material: Eisen, Gusseisen, Gewicht 0,226 kg"},{"@type":"BreadcrumbList","@id":"https:\/\/trendsandvision.nl\/de\/product\/esschert-design-vogelfutterstaender-mit-vogel-s\/#breadcrumb","itemListElement":[{"@type":"ListItem","position":1,"name":"Home","item":"https:\/\/trendsandvision.nl\/de\/"},{"@type":"ListItem","position":2,"name":"Gesch\u00e4ft","item":"https:\/\/trendsandvision.nl\/de\/geschaft\/"},{"@type":"ListItem","position":3,"name":"Esschert Design Vogelfutterst\u00e4nder mit Vogel S"}]},{"@type":"WebSite","@id":"https:\/\/trendsandvision.nl\/de\/#website","url":"https:\/\/trendsandvision.nl\/de\/","name":"Trends &amp; Vision (DE)","description":"Der Webshop f\u00fcr Esschert Design Artikel","publisher":{"@id":"https:\/\/trendsandvision.nl\/de\/#organization"},"potentialAction":[{"@type":"SearchAction","target":{"@type":"EntryPoint","urlTemplate":"https:\/\/trendsandvision.nl\/de\/?s={search_term_string}"},"query-input":{"@type":"PropertyValueSpecification","valueRequired":true,"valueName":"search_term_string"}}],"inLanguage":"de"},{"@type":"Organization","@id":"https:\/\/trendsandvision.nl\/de\/#organization","name":"Trends &amp; Vision (DE)","url":"https:\/\/trendsandvision.nl\/de\/","logo":{"@type":"ImageObject","inLanguage":"de","@id":"https:\/\/trendsandvision.nl\/de\/#\/schema\/logo\/image\/","url":"https:\/\/trendsandvision.nl\/de\/wp-content\/uploads\/sites\/3\/2022\/04\/trends-and-vision-logo.jpg","contentUrl":"https:\/\/trendsandvision.nl\/de\/wp-content\/uploads\/sites\/3\/2022\/04\/trends-and-vision-logo.jpg","width":213,"height":100,"caption":"Trends &amp; Vision (DE)"},"image":{"@id":"https:\/\/trendsandvision.nl\/de\/#\/schema\/logo\/image\/"}}]}},"_links":{"self":[{"href":"https:\/\/trendsandvision.nl\/de\/wp-json\/wp\/v2\/product\/12283","targetHints":{"allow":["GET"]}}],"collection":[{"href":"https:\/\/trendsandvision.nl\/de\/wp-json\/wp\/v2\/product"}],"about":[{"href":"https:\/\/trendsandvision.nl\/de\/wp-json\/wp\/v2\/types\/product"}],"wp:featuredmedia":[{"embeddable":true,"href":"https:\/\/trendsandvision.nl\/de\/wp-json\/wp\/v2\/media\/12284"}],"wp:attachment":[{"href":"https:\/\/trendsandvision.nl\/de\/wp-json\/wp\/v2\/media?parent=12283"}],"wp:term":[{"taxonomy":"product_brand","embeddable":true,"href":"https:\/\/trendsandvision.nl\/de\/wp-json\/wp\/v2\/product_brand?post=12283"},{"taxonomy":"product_cat","embeddable":true,"href":"https:\/\/trendsandvision.nl\/de\/wp-json\/wp\/v2\/product_cat?post=12283"},{"taxonomy":"product_tag","embeddable":true,"href":"https:\/\/trendsandvision.nl\/de\/wp-json\/wp\/v2\/product_tag?post=12283"}],"curies":[{"name":"wp","href":"https:\/\/api.w.org\/{rel}","templated":true}]}}