{"id":12277,"date":"2024-07-19T10:53:45","date_gmt":"2024-07-19T08:53:45","guid":{"rendered":"https:\/\/trendsandvision.nl\/de\/product\/esschert-design-vogeltraenke-auf-fuss-gusseisen-xxl-fb607-8714982267031\/"},"modified":"2026-04-07T10:27:01","modified_gmt":"2026-04-07T08:27:01","slug":"esschert-design-vogeltraenke-auf-fuss-gusseisen-xxl","status":"publish","type":"product","link":"https:\/\/trendsandvision.nl\/de\/product\/esschert-design-vogeltraenke-auf-fuss-gusseisen-xxl\/","title":{"rendered":"Esschert Design Vogeltr\u00e4nke auf Fu\u00df Gu\u00dfeisen XXL"},"content":{"rendered":"<p>Esschert Design Vogeltr\u00e4nke auf Fu\u00df Gu\u00dfeisen XXL. In antikem Rostbraun und handgefertigt.<br \/>\nAufgrund des Gewichts (\u00b1 23 KG) und der Abmessungen erfolgt die Lieferung auf einer Minipalette.<br \/>\nAuch Tiere brauchen an hei\u00dfen Sommertagen eine Abk\u00fchlung! Stellen Sie diese antike rostbraune Sch\u00fcssel in die N\u00e4he Ihres Fensters oder Ihrer Terrasse, damit Sie die badenden V\u00f6gel noch einfacher genie\u00dfen k\u00f6nnen.<br \/>\nBieten Sie V\u00f6geln ein sicheres und erh\u00f6htes Badeerlebnis. Dank des stabilen Sockels aus Gusseisen kann es auf jeder ebenen Fl\u00e4che aufgestellt werden. Die gerippte Innenseite der Schale sorgt f\u00fcr guten Halt f\u00fcr die V\u00f6gel. Die Schale kann auch als Futterschale verwendet werden.<\/p>\n<p>Artikelname: Vogeltr\u00e4nke auf Gusseisensockel XXL<br \/>\nArtikelnummer FB607<br \/>\nProduktgruppe(n) V\u00f6gel &amp; Gartentiere, Vogeltr\u00e4nken, Stehend<br \/>\nProduktabmessungen in cm L 55 x T 55 x H 80,7<br \/>\nBarcode 8714982267031<br \/>\nMaterial Gusseisen<br \/>\nNettogewicht 22.413 kg<br \/>\nProduzent <a href=\"https:\/\/www.esschertdesign.com\/shop\/de\/vogelbad-op-voet-gietijzer-xxl-fb607\" target=\"_blank\">Esschert Design<\/a><br \/>\n(einfach mittbestellen: <strong><a href=\"https:\/\/trendsandvision.nl\/de\/product\/esschert-design-vogelbad-solarbrunnen\/\">unsere Solar Brunnen<\/a><\/strong>)<\/p>\n<p><a href=\"https:\/\/www.nabu.de\/tiere-und-pflanzen\/voegel\/index.html\" target=\"_blank\">Vogelschutz<\/a> <\/p>\n","protected":false},"excerpt":{"rendered":"<p>&#8211; Artikelnummer FB607<br \/>\n&#8211; Geeignet als Vogelbad oder Futterschale<br \/>\n\u2013 Gerippte Schale f\u00fcr besseren Halt<br \/>\n\u2013 Hergestellt aus Gusseisen (ca. 14 kg)<br \/>\n&#8211; Produktabmessungen in cm L 55 x T 55 x H 80,7<br \/>\n&#8211; Material Gusseisen<br \/>\n&#8211; Nettogewicht 22.413 kg<br \/>\n&#8211; Barcode 8714982267031<\/p>\n","protected":false},"featured_media":12278,"template":"","meta":[],"product_brand":[9597,9870],"product_cat":[1315],"product_tag":[8618,7017,6790,6725,6714,7138,7310,6963,7311],"class_list":{"0":"post-12277","1":"product","2":"type-product","3":"status-publish","4":"has-post-thumbnail","6":"product_brand-esschert-design","7":"product_brand-trends-vision","8":"product_cat-best-for-birds","9":"product_tag-fb624","10":"product_tag-fuetterstaender","11":"product_tag-gusseisen","12":"product_tag-handwerkskunst","13":"product_tag-voegel","14":"product_tag-vogelbaeder","15":"product_tag-vogelfutterstaender","16":"product_tag-vogeltraenke","17":"product_tag-xxl","18":"pa_anbieter-esschert-design","19":"pa_ean-code-6616","21":"first","22":"instock","23":"sale","24":"taxable","25":"shipping-taxable","26":"purchasable","27":"product-type-simple","28":"czr-hentry"},"yoast_head":"<!-- This site is optimized with the Yoast SEO Premium plugin v26.4 (Yoast SEO v27.3) - https:\/\/yoast.com\/product\/yoast-seo-premium-wordpress\/ -->\n<title>Esschert Design Vogeltr\u00e4nke auf Fu\u00df Gu\u00dfeisen XXL (FB607 )<\/title>\n<meta name=\"description\" content=\"Esschert Design Vogeltr\u00e4nke auf Fu\u00df Gu\u00dfeisen XXL (FB607 8714982267031) L x T \u00f8 55 x H 80,7,cm, Material Gusseisen, Gewicht 22.413 kg\" \/>\n<meta name=\"robots\" content=\"index, follow, max-snippet:-1, max-image-preview:large, max-video-preview:-1\" \/>\n<link rel=\"canonical\" href=\"https:\/\/trendsandvision.nl\/de\/product\/esschert-design-vogeltraenke-auf-fuss-gusseisen-xxl\/\" \/>\n<meta property=\"og:locale\" content=\"de_DE\" \/>\n<meta property=\"og:type\" content=\"article\" \/>\n<meta property=\"og:title\" content=\"Esschert Design Vogeltr\u00e4nke auf Fu\u00df Gu\u00dfeisen XXL\" \/>\n<meta property=\"og:description\" content=\"Esschert Design Vogeltr\u00e4nke auf Fu\u00df Gu\u00dfeisen XXL (FB607 8714982267031) L x T \u00f8 55 x H 80,7,cm, Material Gusseisen, Gewicht 22.413 kg\" \/>\n<meta property=\"og:url\" content=\"https:\/\/trendsandvision.nl\/de\/product\/esschert-design-vogeltraenke-auf-fuss-gusseisen-xxl\/\" \/>\n<meta property=\"og:site_name\" content=\"Trends &amp; Vision (DE)\" \/>\n<meta property=\"article:modified_time\" content=\"2026-04-07T08:27:01+00:00\" \/>\n<meta property=\"og:image\" content=\"https:\/\/trendsandvision.nl\/de\/wp-content\/uploads\/sites\/3\/2024\/07\/FB607_01.jpg\" \/>\n\t<meta property=\"og:image:width\" content=\"800\" \/>\n\t<meta property=\"og:image:height\" content=\"800\" \/>\n\t<meta property=\"og:image:type\" content=\"image\/jpeg\" \/>\n<meta name=\"twitter:card\" content=\"summary_large_image\" \/>\n<meta name=\"twitter:label1\" content=\"Gesch\u00e4tzte Lesezeit\" \/>\n\t<meta name=\"twitter:data1\" content=\"1\u00a0Minute\" \/>\n<script type=\"application\/ld+json\" class=\"yoast-schema-graph\">{\"@context\":\"https:\\\/\\\/schema.org\",\"@graph\":[{\"@type\":\"WebPage\",\"@id\":\"https:\\\/\\\/trendsandvision.nl\\\/de\\\/product\\\/esschert-design-vogeltraenke-auf-fuss-gusseisen-xxl\\\/\",\"url\":\"https:\\\/\\\/trendsandvision.nl\\\/de\\\/product\\\/esschert-design-vogeltraenke-auf-fuss-gusseisen-xxl\\\/\",\"name\":\"Esschert Design Vogeltr\u00e4nke auf Fu\u00df Gu\u00dfeisen XXL (FB607 )\",\"isPartOf\":{\"@id\":\"https:\\\/\\\/trendsandvision.nl\\\/de\\\/#website\"},\"primaryImageOfPage\":{\"@id\":\"https:\\\/\\\/trendsandvision.nl\\\/de\\\/product\\\/esschert-design-vogeltraenke-auf-fuss-gusseisen-xxl\\\/#primaryimage\"},\"image\":{\"@id\":\"https:\\\/\\\/trendsandvision.nl\\\/de\\\/product\\\/esschert-design-vogeltraenke-auf-fuss-gusseisen-xxl\\\/#primaryimage\"},\"thumbnailUrl\":\"https:\\\/\\\/trendsandvision.nl\\\/de\\\/wp-content\\\/uploads\\\/sites\\\/3\\\/2024\\\/07\\\/FB607_01.jpg\",\"datePublished\":\"2024-07-19T08:53:45+00:00\",\"dateModified\":\"2026-04-07T08:27:01+00:00\",\"description\":\"Esschert Design Vogeltr\u00e4nke auf Fu\u00df Gu\u00dfeisen XXL (FB607 8714982267031) L x T \u00f8 55 x H 80,7,cm, Material Gusseisen, Gewicht 22.413 kg\",\"breadcrumb\":{\"@id\":\"https:\\\/\\\/trendsandvision.nl\\\/de\\\/product\\\/esschert-design-vogeltraenke-auf-fuss-gusseisen-xxl\\\/#breadcrumb\"},\"inLanguage\":\"de\",\"potentialAction\":[{\"@type\":\"ReadAction\",\"target\":[\"https:\\\/\\\/trendsandvision.nl\\\/de\\\/product\\\/esschert-design-vogeltraenke-auf-fuss-gusseisen-xxl\\\/\"]}]},{\"@type\":\"ImageObject\",\"inLanguage\":\"de\",\"@id\":\"https:\\\/\\\/trendsandvision.nl\\\/de\\\/product\\\/esschert-design-vogeltraenke-auf-fuss-gusseisen-xxl\\\/#primaryimage\",\"url\":\"https:\\\/\\\/trendsandvision.nl\\\/de\\\/wp-content\\\/uploads\\\/sites\\\/3\\\/2024\\\/07\\\/FB607_01.jpg\",\"contentUrl\":\"https:\\\/\\\/trendsandvision.nl\\\/de\\\/wp-content\\\/uploads\\\/sites\\\/3\\\/2024\\\/07\\\/FB607_01.jpg\",\"width\":800,\"height\":800,\"caption\":\"Trends and Vision Vogeltr\u00e4nke auf Fu\u00df Gu\u00dfeisen XXL (FB607 8714982267031)cm L 55 x T 55 x H 80,7, Material GusseisenNettogewicht 22.413 kg\"},{\"@type\":\"BreadcrumbList\",\"@id\":\"https:\\\/\\\/trendsandvision.nl\\\/de\\\/product\\\/esschert-design-vogeltraenke-auf-fuss-gusseisen-xxl\\\/#breadcrumb\",\"itemListElement\":[{\"@type\":\"ListItem\",\"position\":1,\"name\":\"Home\",\"item\":\"https:\\\/\\\/trendsandvision.nl\\\/de\\\/\"},{\"@type\":\"ListItem\",\"position\":2,\"name\":\"Gesch\u00e4ft\",\"item\":\"https:\\\/\\\/trendsandvision.nl\\\/de\\\/geschaft\\\/\"},{\"@type\":\"ListItem\",\"position\":3,\"name\":\"Esschert Design Vogeltr\u00e4nke auf Fu\u00df Gu\u00dfeisen XXL\"}]},{\"@type\":\"WebSite\",\"@id\":\"https:\\\/\\\/trendsandvision.nl\\\/de\\\/#website\",\"url\":\"https:\\\/\\\/trendsandvision.nl\\\/de\\\/\",\"name\":\"Trends &amp; Vision (DE)\",\"description\":\"Der Webshop f\u00fcr Esschert Design Artikel\",\"publisher\":{\"@id\":\"https:\\\/\\\/trendsandvision.nl\\\/de\\\/#organization\"},\"potentialAction\":[{\"@type\":\"SearchAction\",\"target\":{\"@type\":\"EntryPoint\",\"urlTemplate\":\"https:\\\/\\\/trendsandvision.nl\\\/de\\\/?s={search_term_string}\"},\"query-input\":{\"@type\":\"PropertyValueSpecification\",\"valueRequired\":true,\"valueName\":\"search_term_string\"}}],\"inLanguage\":\"de\"},{\"@type\":\"Organization\",\"@id\":\"https:\\\/\\\/trendsandvision.nl\\\/de\\\/#organization\",\"name\":\"Trends &amp; Vision (DE)\",\"url\":\"https:\\\/\\\/trendsandvision.nl\\\/de\\\/\",\"logo\":{\"@type\":\"ImageObject\",\"inLanguage\":\"de\",\"@id\":\"https:\\\/\\\/trendsandvision.nl\\\/de\\\/#\\\/schema\\\/logo\\\/image\\\/\",\"url\":\"https:\\\/\\\/trendsandvision.nl\\\/de\\\/wp-content\\\/uploads\\\/sites\\\/3\\\/2022\\\/04\\\/trends-and-vision-logo.jpg\",\"contentUrl\":\"https:\\\/\\\/trendsandvision.nl\\\/de\\\/wp-content\\\/uploads\\\/sites\\\/3\\\/2022\\\/04\\\/trends-and-vision-logo.jpg\",\"width\":213,\"height\":100,\"caption\":\"Trends &amp; Vision (DE)\"},\"image\":{\"@id\":\"https:\\\/\\\/trendsandvision.nl\\\/de\\\/#\\\/schema\\\/logo\\\/image\\\/\"}}]}<\/script>\n<!-- \/ Yoast SEO Premium plugin. -->","yoast_head_json":{"title":"Esschert Design Vogeltr\u00e4nke auf Fu\u00df Gu\u00dfeisen XXL (FB607 )","description":"Esschert Design Vogeltr\u00e4nke auf Fu\u00df Gu\u00dfeisen XXL (FB607 8714982267031) L x T \u00f8 55 x H 80,7,cm, Material Gusseisen, Gewicht 22.413 kg","robots":{"index":"index","follow":"follow","max-snippet":"max-snippet:-1","max-image-preview":"max-image-preview:large","max-video-preview":"max-video-preview:-1"},"canonical":"https:\/\/trendsandvision.nl\/de\/product\/esschert-design-vogeltraenke-auf-fuss-gusseisen-xxl\/","og_locale":"de_DE","og_type":"article","og_title":"Esschert Design Vogeltr\u00e4nke auf Fu\u00df Gu\u00dfeisen XXL","og_description":"Esschert Design Vogeltr\u00e4nke auf Fu\u00df Gu\u00dfeisen XXL (FB607 8714982267031) L x T \u00f8 55 x H 80,7,cm, Material Gusseisen, Gewicht 22.413 kg","og_url":"https:\/\/trendsandvision.nl\/de\/product\/esschert-design-vogeltraenke-auf-fuss-gusseisen-xxl\/","og_site_name":"Trends &amp; Vision (DE)","article_modified_time":"2026-04-07T08:27:01+00:00","og_image":[{"width":800,"height":800,"url":"https:\/\/trendsandvision.nl\/de\/wp-content\/uploads\/sites\/3\/2024\/07\/FB607_01.jpg","type":"image\/jpeg"}],"twitter_card":"summary_large_image","twitter_misc":{"Gesch\u00e4tzte Lesezeit":"1\u00a0Minute"},"schema":{"@context":"https:\/\/schema.org","@graph":[{"@type":"WebPage","@id":"https:\/\/trendsandvision.nl\/de\/product\/esschert-design-vogeltraenke-auf-fuss-gusseisen-xxl\/","url":"https:\/\/trendsandvision.nl\/de\/product\/esschert-design-vogeltraenke-auf-fuss-gusseisen-xxl\/","name":"Esschert Design Vogeltr\u00e4nke auf Fu\u00df Gu\u00dfeisen XXL (FB607 )","isPartOf":{"@id":"https:\/\/trendsandvision.nl\/de\/#website"},"primaryImageOfPage":{"@id":"https:\/\/trendsandvision.nl\/de\/product\/esschert-design-vogeltraenke-auf-fuss-gusseisen-xxl\/#primaryimage"},"image":{"@id":"https:\/\/trendsandvision.nl\/de\/product\/esschert-design-vogeltraenke-auf-fuss-gusseisen-xxl\/#primaryimage"},"thumbnailUrl":"https:\/\/trendsandvision.nl\/de\/wp-content\/uploads\/sites\/3\/2024\/07\/FB607_01.jpg","datePublished":"2024-07-19T08:53:45+00:00","dateModified":"2026-04-07T08:27:01+00:00","description":"Esschert Design Vogeltr\u00e4nke auf Fu\u00df Gu\u00dfeisen XXL (FB607 8714982267031) L x T \u00f8 55 x H 80,7,cm, Material Gusseisen, Gewicht 22.413 kg","breadcrumb":{"@id":"https:\/\/trendsandvision.nl\/de\/product\/esschert-design-vogeltraenke-auf-fuss-gusseisen-xxl\/#breadcrumb"},"inLanguage":"de","potentialAction":[{"@type":"ReadAction","target":["https:\/\/trendsandvision.nl\/de\/product\/esschert-design-vogeltraenke-auf-fuss-gusseisen-xxl\/"]}]},{"@type":"ImageObject","inLanguage":"de","@id":"https:\/\/trendsandvision.nl\/de\/product\/esschert-design-vogeltraenke-auf-fuss-gusseisen-xxl\/#primaryimage","url":"https:\/\/trendsandvision.nl\/de\/wp-content\/uploads\/sites\/3\/2024\/07\/FB607_01.jpg","contentUrl":"https:\/\/trendsandvision.nl\/de\/wp-content\/uploads\/sites\/3\/2024\/07\/FB607_01.jpg","width":800,"height":800,"caption":"Trends and Vision Vogeltr\u00e4nke auf Fu\u00df Gu\u00dfeisen XXL (FB607 8714982267031)cm L 55 x T 55 x H 80,7, Material GusseisenNettogewicht 22.413 kg"},{"@type":"BreadcrumbList","@id":"https:\/\/trendsandvision.nl\/de\/product\/esschert-design-vogeltraenke-auf-fuss-gusseisen-xxl\/#breadcrumb","itemListElement":[{"@type":"ListItem","position":1,"name":"Home","item":"https:\/\/trendsandvision.nl\/de\/"},{"@type":"ListItem","position":2,"name":"Gesch\u00e4ft","item":"https:\/\/trendsandvision.nl\/de\/geschaft\/"},{"@type":"ListItem","position":3,"name":"Esschert Design Vogeltr\u00e4nke auf Fu\u00df Gu\u00dfeisen XXL"}]},{"@type":"WebSite","@id":"https:\/\/trendsandvision.nl\/de\/#website","url":"https:\/\/trendsandvision.nl\/de\/","name":"Trends &amp; Vision (DE)","description":"Der Webshop f\u00fcr Esschert Design Artikel","publisher":{"@id":"https:\/\/trendsandvision.nl\/de\/#organization"},"potentialAction":[{"@type":"SearchAction","target":{"@type":"EntryPoint","urlTemplate":"https:\/\/trendsandvision.nl\/de\/?s={search_term_string}"},"query-input":{"@type":"PropertyValueSpecification","valueRequired":true,"valueName":"search_term_string"}}],"inLanguage":"de"},{"@type":"Organization","@id":"https:\/\/trendsandvision.nl\/de\/#organization","name":"Trends &amp; Vision (DE)","url":"https:\/\/trendsandvision.nl\/de\/","logo":{"@type":"ImageObject","inLanguage":"de","@id":"https:\/\/trendsandvision.nl\/de\/#\/schema\/logo\/image\/","url":"https:\/\/trendsandvision.nl\/de\/wp-content\/uploads\/sites\/3\/2022\/04\/trends-and-vision-logo.jpg","contentUrl":"https:\/\/trendsandvision.nl\/de\/wp-content\/uploads\/sites\/3\/2022\/04\/trends-and-vision-logo.jpg","width":213,"height":100,"caption":"Trends &amp; Vision (DE)"},"image":{"@id":"https:\/\/trendsandvision.nl\/de\/#\/schema\/logo\/image\/"}}]}},"_links":{"self":[{"href":"https:\/\/trendsandvision.nl\/de\/wp-json\/wp\/v2\/product\/12277","targetHints":{"allow":["GET"]}}],"collection":[{"href":"https:\/\/trendsandvision.nl\/de\/wp-json\/wp\/v2\/product"}],"about":[{"href":"https:\/\/trendsandvision.nl\/de\/wp-json\/wp\/v2\/types\/product"}],"wp:featuredmedia":[{"embeddable":true,"href":"https:\/\/trendsandvision.nl\/de\/wp-json\/wp\/v2\/media\/12278"}],"wp:attachment":[{"href":"https:\/\/trendsandvision.nl\/de\/wp-json\/wp\/v2\/media?parent=12277"}],"wp:term":[{"taxonomy":"product_brand","embeddable":true,"href":"https:\/\/trendsandvision.nl\/de\/wp-json\/wp\/v2\/product_brand?post=12277"},{"taxonomy":"product_cat","embeddable":true,"href":"https:\/\/trendsandvision.nl\/de\/wp-json\/wp\/v2\/product_cat?post=12277"},{"taxonomy":"product_tag","embeddable":true,"href":"https:\/\/trendsandvision.nl\/de\/wp-json\/wp\/v2\/product_tag?post=12277"}],"curies":[{"name":"wp","href":"https:\/\/api.w.org\/{rel}","templated":true}]}}