{"id":12271,"date":"2024-07-19T10:53:36","date_gmt":"2024-07-19T08:53:36","guid":{"rendered":"https:\/\/trendsandvision.nl\/de\/product\/esschert-design-vogeltraenke-auf-fuss-gusseisen-xl-fb606-8714982267024\/"},"modified":"2026-04-07T10:27:00","modified_gmt":"2026-04-07T08:27:00","slug":"esschert-design-vogeltraenke-auf-fuss-gusseisen-xl","status":"publish","type":"product","link":"https:\/\/trendsandvision.nl\/de\/product\/esschert-design-vogeltraenke-auf-fuss-gusseisen-xl\/","title":{"rendered":"Esschert Design Vogeltr\u00e4nke auf Fu\u00df Gu\u00dfeisen XL"},"content":{"rendered":"<p>Esschert Design Vogeltr\u00e4nke auf Fu\u00df Gu\u00dfeisen XL.<br \/>\nXL-Vogeltr\u00e4nke auf Fu\u00df. In antikem Rostbraun und handgefertigt.<br \/>\n(Noch etwas gr\u00f6\u00dfer? Klicken Sie <a href=\"https:\/\/trendsandvision.nl\/de\/product\/esschert-design-vogeltraenke-auf-fuss-gusseisen-xxl-fb607-8714982267031\/\" rel=\"noopener\" target=\"_blank\">HIER<\/a>)<br \/>\nAuch Tiere brauchen an hei\u00dfen Sommertagen eine Abk\u00fchlung! Stellen Sie diese antike rostbraune Sch\u00fcssel in die N\u00e4he Ihres Fensters oder Ihrer Terrasse, damit Sie die badenden V\u00f6gel noch einfacher genie\u00dfen k\u00f6nnen.<\/p>\n<p>Artikelname Vogeltr\u00e4nke auf Gusseisensockel XL<br \/>\nArtikelnummer FB606<br \/>\nProduktgruppe(n) V\u00f6gel &amp; Gartentiere, Vogeltr\u00e4nken, Stehend<br \/>\nProduktabmessungen in cm L 37 x T 37 x H 54<br \/>\nBarcode 8714982267024<br \/>\nMaterial Gusseisen<br \/>\nNettogewicht 9.847 kg<br \/>\nProduzent <a href=\"https:\/\/www.esschertdesign.com\/shop\/de\/vogelbad-op-voet-gietijzer-xl-fb606\" target=\"_blank\">Esschert Design<\/a><br \/>\n(einfach mittbestellen: <strong><a href=\"https:\/\/trendsandvision.nl\/de\/product\/esschert-design-vogelbad-solarbrunnen\/\">unsere Solar Brunnen<\/a><\/strong>)<\/p>\n","protected":false},"excerpt":{"rendered":"<p>&#8211; Artikelnummer FB606<br \/>\n&#8211; Geeignet als Vogelbad oder Futterschale<br \/>\n\u2013 Gerippte Schale f\u00fcr besseren Halt<br \/>\n\u2013 Hergestellt aus Gusseisen (ca. 14 kg)<br \/>\n&#8211; Produktabmessungen in cm L 37 x T 37 x H 54<br \/>\n&#8211; Material Gusseisen<br \/>\n&#8211; Nettogewicht 9.847 kg<br \/>\n&#8211; Barcode 8714982267024<\/p>\n","protected":false},"featured_media":12272,"template":"","meta":[],"product_brand":[9597,9870],"product_cat":[1315],"product_tag":[8618,7017,6790,6725,6714,7138,7310,6963,7312],"class_list":{"0":"post-12271","1":"product","2":"type-product","3":"status-publish","4":"has-post-thumbnail","6":"product_brand-esschert-design","7":"product_brand-trends-vision","8":"product_cat-best-for-birds","9":"product_tag-fb624","10":"product_tag-fuetterstaender","11":"product_tag-gusseisen","12":"product_tag-handwerkskunst","13":"product_tag-voegel","14":"product_tag-vogelbaeder","15":"product_tag-vogelfutterstaender","16":"product_tag-vogeltraenke","17":"product_tag-xl","18":"pa_anbieter-esschert-design","19":"pa_ean-code-6615","21":"first","22":"instock","23":"sale","24":"taxable","25":"shipping-taxable","26":"purchasable","27":"product-type-simple","28":"czr-hentry"},"yoast_head":"<!-- This site is optimized with the Yoast SEO Premium plugin v26.4 (Yoast SEO v27.3) - https:\/\/yoast.com\/product\/yoast-seo-premium-wordpress\/ -->\n<title>Esschert Design Vogeltr\u00e4nke auf Fu\u00df Gu\u00dfeisen XL (FB606)<\/title>\n<meta name=\"description\" content=\"Esschert Design Vogeltr\u00e4nke auf Fu\u00df Gu\u00dfeisen XL (FB606 8714982267024) cm L 37 x T 37 x H 54,Material Gusseisen, Nettogewicht 9.847 kg\" \/>\n<meta name=\"robots\" content=\"index, follow, max-snippet:-1, max-image-preview:large, max-video-preview:-1\" \/>\n<link rel=\"canonical\" href=\"https:\/\/trendsandvision.nl\/de\/product\/esschert-design-vogeltraenke-auf-fuss-gusseisen-xl\/\" \/>\n<meta property=\"og:locale\" content=\"de_DE\" \/>\n<meta property=\"og:type\" content=\"article\" \/>\n<meta property=\"og:title\" content=\"Esschert Design Vogeltr\u00e4nke auf Fu\u00df Gu\u00dfeisen XL\" \/>\n<meta property=\"og:description\" content=\"Esschert Design Vogeltr\u00e4nke auf Fu\u00df Gu\u00dfeisen XL (FB606 8714982267024) cm L 37 x T 37 x H 54,Material Gusseisen, Nettogewicht 9.847 kg\" \/>\n<meta property=\"og:url\" content=\"https:\/\/trendsandvision.nl\/de\/product\/esschert-design-vogeltraenke-auf-fuss-gusseisen-xl\/\" \/>\n<meta property=\"og:site_name\" content=\"Trends &amp; Vision (DE)\" \/>\n<meta property=\"article:modified_time\" content=\"2026-04-07T08:27:00+00:00\" \/>\n<meta property=\"og:image\" content=\"https:\/\/trendsandvision.nl\/de\/wp-content\/uploads\/sites\/3\/2024\/07\/FB606_01.jpg\" \/>\n\t<meta property=\"og:image:width\" content=\"800\" \/>\n\t<meta property=\"og:image:height\" content=\"800\" \/>\n\t<meta property=\"og:image:type\" content=\"image\/jpeg\" \/>\n<meta name=\"twitter:card\" content=\"summary_large_image\" \/>\n<meta name=\"twitter:label1\" content=\"Gesch\u00e4tzte Lesezeit\" \/>\n\t<meta name=\"twitter:data1\" content=\"1\u00a0Minute\" \/>\n<script type=\"application\/ld+json\" class=\"yoast-schema-graph\">{\"@context\":\"https:\\\/\\\/schema.org\",\"@graph\":[{\"@type\":\"WebPage\",\"@id\":\"https:\\\/\\\/trendsandvision.nl\\\/de\\\/product\\\/esschert-design-vogeltraenke-auf-fuss-gusseisen-xl\\\/\",\"url\":\"https:\\\/\\\/trendsandvision.nl\\\/de\\\/product\\\/esschert-design-vogeltraenke-auf-fuss-gusseisen-xl\\\/\",\"name\":\"Esschert Design Vogeltr\u00e4nke auf Fu\u00df Gu\u00dfeisen XL (FB606)\",\"isPartOf\":{\"@id\":\"https:\\\/\\\/trendsandvision.nl\\\/de\\\/#website\"},\"primaryImageOfPage\":{\"@id\":\"https:\\\/\\\/trendsandvision.nl\\\/de\\\/product\\\/esschert-design-vogeltraenke-auf-fuss-gusseisen-xl\\\/#primaryimage\"},\"image\":{\"@id\":\"https:\\\/\\\/trendsandvision.nl\\\/de\\\/product\\\/esschert-design-vogeltraenke-auf-fuss-gusseisen-xl\\\/#primaryimage\"},\"thumbnailUrl\":\"https:\\\/\\\/trendsandvision.nl\\\/de\\\/wp-content\\\/uploads\\\/sites\\\/3\\\/2024\\\/07\\\/FB606_01.jpg\",\"datePublished\":\"2024-07-19T08:53:36+00:00\",\"dateModified\":\"2026-04-07T08:27:00+00:00\",\"description\":\"Esschert Design Vogeltr\u00e4nke auf Fu\u00df Gu\u00dfeisen XL (FB606 8714982267024) cm L 37 x T 37 x H 54,Material Gusseisen, Nettogewicht 9.847 kg\",\"breadcrumb\":{\"@id\":\"https:\\\/\\\/trendsandvision.nl\\\/de\\\/product\\\/esschert-design-vogeltraenke-auf-fuss-gusseisen-xl\\\/#breadcrumb\"},\"inLanguage\":\"de\",\"potentialAction\":[{\"@type\":\"ReadAction\",\"target\":[\"https:\\\/\\\/trendsandvision.nl\\\/de\\\/product\\\/esschert-design-vogeltraenke-auf-fuss-gusseisen-xl\\\/\"]}]},{\"@type\":\"ImageObject\",\"inLanguage\":\"de\",\"@id\":\"https:\\\/\\\/trendsandvision.nl\\\/de\\\/product\\\/esschert-design-vogeltraenke-auf-fuss-gusseisen-xl\\\/#primaryimage\",\"url\":\"https:\\\/\\\/trendsandvision.nl\\\/de\\\/wp-content\\\/uploads\\\/sites\\\/3\\\/2024\\\/07\\\/FB606_01.jpg\",\"contentUrl\":\"https:\\\/\\\/trendsandvision.nl\\\/de\\\/wp-content\\\/uploads\\\/sites\\\/3\\\/2024\\\/07\\\/FB606_01.jpg\",\"width\":800,\"height\":800,\"caption\":\"Trends and Vision Vogeltr\u00e4nke auf Fu\u00df Gu\u00dfeisen XL (FB606 8714982267024) cm L 37 x T 37 x H 54,Material Gusseisen, Nettogewicht 9.847 kg\"},{\"@type\":\"BreadcrumbList\",\"@id\":\"https:\\\/\\\/trendsandvision.nl\\\/de\\\/product\\\/esschert-design-vogeltraenke-auf-fuss-gusseisen-xl\\\/#breadcrumb\",\"itemListElement\":[{\"@type\":\"ListItem\",\"position\":1,\"name\":\"Home\",\"item\":\"https:\\\/\\\/trendsandvision.nl\\\/de\\\/\"},{\"@type\":\"ListItem\",\"position\":2,\"name\":\"Gesch\u00e4ft\",\"item\":\"https:\\\/\\\/trendsandvision.nl\\\/de\\\/geschaft\\\/\"},{\"@type\":\"ListItem\",\"position\":3,\"name\":\"Esschert Design Vogeltr\u00e4nke auf Fu\u00df Gu\u00dfeisen XL\"}]},{\"@type\":\"WebSite\",\"@id\":\"https:\\\/\\\/trendsandvision.nl\\\/de\\\/#website\",\"url\":\"https:\\\/\\\/trendsandvision.nl\\\/de\\\/\",\"name\":\"Trends &amp; Vision (DE)\",\"description\":\"Der Webshop f\u00fcr Esschert Design Artikel\",\"publisher\":{\"@id\":\"https:\\\/\\\/trendsandvision.nl\\\/de\\\/#organization\"},\"potentialAction\":[{\"@type\":\"SearchAction\",\"target\":{\"@type\":\"EntryPoint\",\"urlTemplate\":\"https:\\\/\\\/trendsandvision.nl\\\/de\\\/?s={search_term_string}\"},\"query-input\":{\"@type\":\"PropertyValueSpecification\",\"valueRequired\":true,\"valueName\":\"search_term_string\"}}],\"inLanguage\":\"de\"},{\"@type\":\"Organization\",\"@id\":\"https:\\\/\\\/trendsandvision.nl\\\/de\\\/#organization\",\"name\":\"Trends &amp; Vision (DE)\",\"url\":\"https:\\\/\\\/trendsandvision.nl\\\/de\\\/\",\"logo\":{\"@type\":\"ImageObject\",\"inLanguage\":\"de\",\"@id\":\"https:\\\/\\\/trendsandvision.nl\\\/de\\\/#\\\/schema\\\/logo\\\/image\\\/\",\"url\":\"https:\\\/\\\/trendsandvision.nl\\\/de\\\/wp-content\\\/uploads\\\/sites\\\/3\\\/2022\\\/04\\\/trends-and-vision-logo.jpg\",\"contentUrl\":\"https:\\\/\\\/trendsandvision.nl\\\/de\\\/wp-content\\\/uploads\\\/sites\\\/3\\\/2022\\\/04\\\/trends-and-vision-logo.jpg\",\"width\":213,\"height\":100,\"caption\":\"Trends &amp; Vision (DE)\"},\"image\":{\"@id\":\"https:\\\/\\\/trendsandvision.nl\\\/de\\\/#\\\/schema\\\/logo\\\/image\\\/\"}}]}<\/script>\n<!-- \/ Yoast SEO Premium plugin. -->","yoast_head_json":{"title":"Esschert Design Vogeltr\u00e4nke auf Fu\u00df Gu\u00dfeisen XL (FB606)","description":"Esschert Design Vogeltr\u00e4nke auf Fu\u00df Gu\u00dfeisen XL (FB606 8714982267024) cm L 37 x T 37 x H 54,Material Gusseisen, Nettogewicht 9.847 kg","robots":{"index":"index","follow":"follow","max-snippet":"max-snippet:-1","max-image-preview":"max-image-preview:large","max-video-preview":"max-video-preview:-1"},"canonical":"https:\/\/trendsandvision.nl\/de\/product\/esschert-design-vogeltraenke-auf-fuss-gusseisen-xl\/","og_locale":"de_DE","og_type":"article","og_title":"Esschert Design Vogeltr\u00e4nke auf Fu\u00df Gu\u00dfeisen XL","og_description":"Esschert Design Vogeltr\u00e4nke auf Fu\u00df Gu\u00dfeisen XL (FB606 8714982267024) cm L 37 x T 37 x H 54,Material Gusseisen, Nettogewicht 9.847 kg","og_url":"https:\/\/trendsandvision.nl\/de\/product\/esschert-design-vogeltraenke-auf-fuss-gusseisen-xl\/","og_site_name":"Trends &amp; Vision (DE)","article_modified_time":"2026-04-07T08:27:00+00:00","og_image":[{"width":800,"height":800,"url":"https:\/\/trendsandvision.nl\/de\/wp-content\/uploads\/sites\/3\/2024\/07\/FB606_01.jpg","type":"image\/jpeg"}],"twitter_card":"summary_large_image","twitter_misc":{"Gesch\u00e4tzte Lesezeit":"1\u00a0Minute"},"schema":{"@context":"https:\/\/schema.org","@graph":[{"@type":"WebPage","@id":"https:\/\/trendsandvision.nl\/de\/product\/esschert-design-vogeltraenke-auf-fuss-gusseisen-xl\/","url":"https:\/\/trendsandvision.nl\/de\/product\/esschert-design-vogeltraenke-auf-fuss-gusseisen-xl\/","name":"Esschert Design Vogeltr\u00e4nke auf Fu\u00df Gu\u00dfeisen XL (FB606)","isPartOf":{"@id":"https:\/\/trendsandvision.nl\/de\/#website"},"primaryImageOfPage":{"@id":"https:\/\/trendsandvision.nl\/de\/product\/esschert-design-vogeltraenke-auf-fuss-gusseisen-xl\/#primaryimage"},"image":{"@id":"https:\/\/trendsandvision.nl\/de\/product\/esschert-design-vogeltraenke-auf-fuss-gusseisen-xl\/#primaryimage"},"thumbnailUrl":"https:\/\/trendsandvision.nl\/de\/wp-content\/uploads\/sites\/3\/2024\/07\/FB606_01.jpg","datePublished":"2024-07-19T08:53:36+00:00","dateModified":"2026-04-07T08:27:00+00:00","description":"Esschert Design Vogeltr\u00e4nke auf Fu\u00df Gu\u00dfeisen XL (FB606 8714982267024) cm L 37 x T 37 x H 54,Material Gusseisen, Nettogewicht 9.847 kg","breadcrumb":{"@id":"https:\/\/trendsandvision.nl\/de\/product\/esschert-design-vogeltraenke-auf-fuss-gusseisen-xl\/#breadcrumb"},"inLanguage":"de","potentialAction":[{"@type":"ReadAction","target":["https:\/\/trendsandvision.nl\/de\/product\/esschert-design-vogeltraenke-auf-fuss-gusseisen-xl\/"]}]},{"@type":"ImageObject","inLanguage":"de","@id":"https:\/\/trendsandvision.nl\/de\/product\/esschert-design-vogeltraenke-auf-fuss-gusseisen-xl\/#primaryimage","url":"https:\/\/trendsandvision.nl\/de\/wp-content\/uploads\/sites\/3\/2024\/07\/FB606_01.jpg","contentUrl":"https:\/\/trendsandvision.nl\/de\/wp-content\/uploads\/sites\/3\/2024\/07\/FB606_01.jpg","width":800,"height":800,"caption":"Trends and Vision Vogeltr\u00e4nke auf Fu\u00df Gu\u00dfeisen XL (FB606 8714982267024) cm L 37 x T 37 x H 54,Material Gusseisen, Nettogewicht 9.847 kg"},{"@type":"BreadcrumbList","@id":"https:\/\/trendsandvision.nl\/de\/product\/esschert-design-vogeltraenke-auf-fuss-gusseisen-xl\/#breadcrumb","itemListElement":[{"@type":"ListItem","position":1,"name":"Home","item":"https:\/\/trendsandvision.nl\/de\/"},{"@type":"ListItem","position":2,"name":"Gesch\u00e4ft","item":"https:\/\/trendsandvision.nl\/de\/geschaft\/"},{"@type":"ListItem","position":3,"name":"Esschert Design Vogeltr\u00e4nke auf Fu\u00df Gu\u00dfeisen XL"}]},{"@type":"WebSite","@id":"https:\/\/trendsandvision.nl\/de\/#website","url":"https:\/\/trendsandvision.nl\/de\/","name":"Trends &amp; Vision (DE)","description":"Der Webshop f\u00fcr Esschert Design Artikel","publisher":{"@id":"https:\/\/trendsandvision.nl\/de\/#organization"},"potentialAction":[{"@type":"SearchAction","target":{"@type":"EntryPoint","urlTemplate":"https:\/\/trendsandvision.nl\/de\/?s={search_term_string}"},"query-input":{"@type":"PropertyValueSpecification","valueRequired":true,"valueName":"search_term_string"}}],"inLanguage":"de"},{"@type":"Organization","@id":"https:\/\/trendsandvision.nl\/de\/#organization","name":"Trends &amp; Vision (DE)","url":"https:\/\/trendsandvision.nl\/de\/","logo":{"@type":"ImageObject","inLanguage":"de","@id":"https:\/\/trendsandvision.nl\/de\/#\/schema\/logo\/image\/","url":"https:\/\/trendsandvision.nl\/de\/wp-content\/uploads\/sites\/3\/2022\/04\/trends-and-vision-logo.jpg","contentUrl":"https:\/\/trendsandvision.nl\/de\/wp-content\/uploads\/sites\/3\/2022\/04\/trends-and-vision-logo.jpg","width":213,"height":100,"caption":"Trends &amp; Vision (DE)"},"image":{"@id":"https:\/\/trendsandvision.nl\/de\/#\/schema\/logo\/image\/"}}]}},"_links":{"self":[{"href":"https:\/\/trendsandvision.nl\/de\/wp-json\/wp\/v2\/product\/12271","targetHints":{"allow":["GET"]}}],"collection":[{"href":"https:\/\/trendsandvision.nl\/de\/wp-json\/wp\/v2\/product"}],"about":[{"href":"https:\/\/trendsandvision.nl\/de\/wp-json\/wp\/v2\/types\/product"}],"wp:featuredmedia":[{"embeddable":true,"href":"https:\/\/trendsandvision.nl\/de\/wp-json\/wp\/v2\/media\/12272"}],"wp:attachment":[{"href":"https:\/\/trendsandvision.nl\/de\/wp-json\/wp\/v2\/media?parent=12271"}],"wp:term":[{"taxonomy":"product_brand","embeddable":true,"href":"https:\/\/trendsandvision.nl\/de\/wp-json\/wp\/v2\/product_brand?post=12271"},{"taxonomy":"product_cat","embeddable":true,"href":"https:\/\/trendsandvision.nl\/de\/wp-json\/wp\/v2\/product_cat?post=12271"},{"taxonomy":"product_tag","embeddable":true,"href":"https:\/\/trendsandvision.nl\/de\/wp-json\/wp\/v2\/product_tag?post=12271"}],"curies":[{"name":"wp","href":"https:\/\/api.w.org\/{rel}","templated":true}]}}