{"id":12265,"date":"2024-07-19T10:53:23","date_gmt":"2024-07-19T08:53:23","guid":{"rendered":"https:\/\/trendsandvision.nl\/de\/product\/esschert-design-zilpzalp-wandfutterhaus-fb604-8714982259098\/"},"modified":"2026-04-07T10:27:00","modified_gmt":"2026-04-07T08:27:00","slug":"esschert-design-zilpzalp-wandfutterhaus","status":"publish","type":"product","link":"https:\/\/trendsandvision.nl\/de\/product\/esschert-design-zilpzalp-wandfutterhaus\/","title":{"rendered":"Esschert Design &#8222;Zilpzalp&#8220; Wandfutterhaus"},"content":{"rendered":"<p>Diese zeitlose, h\u00e4ngende Futterstelle mit klarer Optik bietet V\u00f6geln einen angenehmen Futterplatz. Die offene Struktur erm\u00f6glicht es den V\u00f6geln, sich von drei Seiten zu n\u00e4hern und auf dem Futterplateau Platz zu nehmen. Das Dach sorgt daf\u00fcr, dass das Futter trocken bleibt. Dank der geschlossenen, flachen R\u00fcckseite mit Aufh\u00e4ngem\u00f6glichkeit kann diese Futterstelle an der Wand befestigt werden.<\/p>\n<p>Artikelbezeichnung \u201e Zilpzalp\u201c <strong><a href=\"https:\/\/trendsandvision.nl\/de\/?s=Wandfutter&amp;post_type=product&amp;dgwt_wcas=1\">Wandfuttertisch<\/a><\/strong><br \/>\nArtikelnummer FB604<br \/>\nBarcode 8714982259098<br \/>\nProduktgruppe(n) V\u00f6gel &amp; Gartentiere, F\u00fctterungssysteme, Futterh\u00e4user, Futtertische<br \/>\nProduktabmessungen in cm L 24,5 x T 14 x H 18,3<br \/>\nMaterial Fichtenholz FSC\u00ae 100 %, Eisen<br \/>\nBruttogewicht 0,736 kg<br \/>\nNettogewicht 0,669 kg<br \/>\nProduzent <a href=\"https:\/\/www.esschertdesign.com\/shop\/de\/tjiftjaf-muurvoedertafel-fb604\" target=\"_blank\">Esschert Design<\/a><\/p>\n","protected":false},"excerpt":{"rendered":"<p>L 24,5 x T 14 x H 18,3 cm<br \/>\nMaterial Fichtenholz, Eisen FSC\u00ae 100 %<br \/>\nNettogewicht 0,669 kg<br \/>\nBarcode 8714982259098<br \/>\nAl unsere <a href=\"https:\/\/trendsandvision.nl\/de\/?s=Wandfutter&amp;post_type=product&amp;dgwt_wcas=1\">Wandfutter M\u00f6chligkeiten<\/a>.<\/p>\n","protected":false},"featured_media":12266,"template":"","meta":[],"product_brand":[9597,9598],"product_cat":[1315],"product_tag":[6809,7313,7309],"class_list":{"0":"post-12265","1":"product","2":"type-product","3":"status-publish","4":"has-post-thumbnail","6":"product_brand-esschert-design","7":"product_brand-trends-and-vision","8":"product_cat-best-for-birds","9":"product_tag-fsc-100","10":"product_tag-wandfutter","11":"product_tag-wandfutterhaus","12":"pa_anbieter-esschert-design","13":"pa_ean-code-6614","15":"first","16":"instock","17":"sale","18":"taxable","19":"shipping-taxable","20":"purchasable","21":"product-type-simple","22":"czr-hentry"},"yoast_head":"<!-- This site is optimized with the Yoast SEO Premium plugin v26.4 (Yoast SEO v27.4) - https:\/\/yoast.com\/product\/yoast-seo-premium-wordpress\/ -->\n<title>Esschert Design &quot;Zilpzalp&quot; Wandfutterhaus (FB604)<\/title>\n<meta name=\"description\" content=\"Esschert Design &quot;Zilpzalp&quot; Wandfutterhaus (FB604 EAN 8714982259098) L 24,5 x T 14 x H 18,3 cm, Fichtenholz FSC\u00ae 100 %, Eisen, Gewicht 0,669 kg\" \/>\n<meta name=\"robots\" content=\"index, follow, max-snippet:-1, max-image-preview:large, max-video-preview:-1\" \/>\n<link rel=\"canonical\" href=\"https:\/\/trendsandvision.nl\/de\/product\/esschert-design-zilpzalp-wandfutterhaus\/\" \/>\n<meta property=\"og:locale\" content=\"de_DE\" \/>\n<meta property=\"og:type\" content=\"article\" \/>\n<meta property=\"og:title\" content=\"Esschert Design &quot;Zilpzalp&quot; Wandfutterhaus\" \/>\n<meta property=\"og:description\" content=\"Esschert Design &quot;Zilpzalp&quot; Wandfutterhaus (FB604 EAN 8714982259098) L 24,5 x T 14 x H 18,3 cm, Fichtenholz FSC\u00ae 100 %, Eisen, Gewicht 0,669 kg\" \/>\n<meta property=\"og:url\" content=\"https:\/\/trendsandvision.nl\/de\/product\/esschert-design-zilpzalp-wandfutterhaus\/\" \/>\n<meta property=\"og:site_name\" content=\"Trends &amp; Vision (DE)\" \/>\n<meta property=\"article:modified_time\" content=\"2026-04-07T08:27:00+00:00\" \/>\n<meta property=\"og:image\" content=\"https:\/\/trendsandvision.nl\/de\/wp-content\/uploads\/sites\/3\/2024\/07\/FB604_01.jpg\" \/>\n\t<meta property=\"og:image:width\" content=\"800\" \/>\n\t<meta property=\"og:image:height\" content=\"800\" \/>\n\t<meta property=\"og:image:type\" content=\"image\/jpeg\" \/>\n<meta name=\"twitter:card\" content=\"summary_large_image\" \/>\n<meta name=\"twitter:label1\" content=\"Gesch\u00e4tzte Lesezeit\" \/>\n\t<meta name=\"twitter:data1\" content=\"1\u00a0Minute\" \/>\n<script type=\"application\/ld+json\" class=\"yoast-schema-graph\">{\"@context\":\"https:\\\/\\\/schema.org\",\"@graph\":[{\"@type\":\"WebPage\",\"@id\":\"https:\\\/\\\/trendsandvision.nl\\\/de\\\/product\\\/esschert-design-zilpzalp-wandfutterhaus\\\/\",\"url\":\"https:\\\/\\\/trendsandvision.nl\\\/de\\\/product\\\/esschert-design-zilpzalp-wandfutterhaus\\\/\",\"name\":\"Esschert Design \\\"Zilpzalp\\\" Wandfutterhaus (FB604)\",\"isPartOf\":{\"@id\":\"https:\\\/\\\/trendsandvision.nl\\\/de\\\/#website\"},\"primaryImageOfPage\":{\"@id\":\"https:\\\/\\\/trendsandvision.nl\\\/de\\\/product\\\/esschert-design-zilpzalp-wandfutterhaus\\\/#primaryimage\"},\"image\":{\"@id\":\"https:\\\/\\\/trendsandvision.nl\\\/de\\\/product\\\/esschert-design-zilpzalp-wandfutterhaus\\\/#primaryimage\"},\"thumbnailUrl\":\"https:\\\/\\\/trendsandvision.nl\\\/de\\\/wp-content\\\/uploads\\\/sites\\\/3\\\/2024\\\/07\\\/FB604_01.jpg\",\"datePublished\":\"2024-07-19T08:53:23+00:00\",\"dateModified\":\"2026-04-07T08:27:00+00:00\",\"description\":\"Esschert Design \\\"Zilpzalp\\\" Wandfutterhaus (FB604 EAN 8714982259098) L 24,5 x T 14 x H 18,3 cm, Fichtenholz FSC\u00ae 100 %, Eisen, Gewicht 0,669 kg\",\"breadcrumb\":{\"@id\":\"https:\\\/\\\/trendsandvision.nl\\\/de\\\/product\\\/esschert-design-zilpzalp-wandfutterhaus\\\/#breadcrumb\"},\"inLanguage\":\"de\",\"potentialAction\":[{\"@type\":\"ReadAction\",\"target\":[\"https:\\\/\\\/trendsandvision.nl\\\/de\\\/product\\\/esschert-design-zilpzalp-wandfutterhaus\\\/\"]}]},{\"@type\":\"ImageObject\",\"inLanguage\":\"de\",\"@id\":\"https:\\\/\\\/trendsandvision.nl\\\/de\\\/product\\\/esschert-design-zilpzalp-wandfutterhaus\\\/#primaryimage\",\"url\":\"https:\\\/\\\/trendsandvision.nl\\\/de\\\/wp-content\\\/uploads\\\/sites\\\/3\\\/2024\\\/07\\\/FB604_01.jpg\",\"contentUrl\":\"https:\\\/\\\/trendsandvision.nl\\\/de\\\/wp-content\\\/uploads\\\/sites\\\/3\\\/2024\\\/07\\\/FB604_01.jpg\",\"width\":800,\"height\":800,\"caption\":\"Trends and Vision \\\"Zilpzalp\\\" Wandfutterhaus (FB604 EAN 8714982259098) L 24,5 x T 14 x H 18,3 cm, Fichtenholz FSC\u00ae 100 %, Eisen, Gewicht 0,669 kg\"},{\"@type\":\"BreadcrumbList\",\"@id\":\"https:\\\/\\\/trendsandvision.nl\\\/de\\\/product\\\/esschert-design-zilpzalp-wandfutterhaus\\\/#breadcrumb\",\"itemListElement\":[{\"@type\":\"ListItem\",\"position\":1,\"name\":\"Home\",\"item\":\"https:\\\/\\\/trendsandvision.nl\\\/de\\\/\"},{\"@type\":\"ListItem\",\"position\":2,\"name\":\"Gesch\u00e4ft\",\"item\":\"https:\\\/\\\/trendsandvision.nl\\\/de\\\/geschaft\\\/\"},{\"@type\":\"ListItem\",\"position\":3,\"name\":\"Esschert Design &#8222;Zilpzalp&#8220; Wandfutterhaus\"}]},{\"@type\":\"WebSite\",\"@id\":\"https:\\\/\\\/trendsandvision.nl\\\/de\\\/#website\",\"url\":\"https:\\\/\\\/trendsandvision.nl\\\/de\\\/\",\"name\":\"Trends &amp; Vision (DE)\",\"description\":\"Der Webshop f\u00fcr Esschert Design Artikel\",\"publisher\":{\"@id\":\"https:\\\/\\\/trendsandvision.nl\\\/de\\\/#organization\"},\"potentialAction\":[{\"@type\":\"SearchAction\",\"target\":{\"@type\":\"EntryPoint\",\"urlTemplate\":\"https:\\\/\\\/trendsandvision.nl\\\/de\\\/?s={search_term_string}\"},\"query-input\":{\"@type\":\"PropertyValueSpecification\",\"valueRequired\":true,\"valueName\":\"search_term_string\"}}],\"inLanguage\":\"de\"},{\"@type\":\"Organization\",\"@id\":\"https:\\\/\\\/trendsandvision.nl\\\/de\\\/#organization\",\"name\":\"Trends &amp; Vision (DE)\",\"url\":\"https:\\\/\\\/trendsandvision.nl\\\/de\\\/\",\"logo\":{\"@type\":\"ImageObject\",\"inLanguage\":\"de\",\"@id\":\"https:\\\/\\\/trendsandvision.nl\\\/de\\\/#\\\/schema\\\/logo\\\/image\\\/\",\"url\":\"https:\\\/\\\/trendsandvision.nl\\\/de\\\/wp-content\\\/uploads\\\/sites\\\/3\\\/2022\\\/04\\\/trends-and-vision-logo.jpg\",\"contentUrl\":\"https:\\\/\\\/trendsandvision.nl\\\/de\\\/wp-content\\\/uploads\\\/sites\\\/3\\\/2022\\\/04\\\/trends-and-vision-logo.jpg\",\"width\":213,\"height\":100,\"caption\":\"Trends &amp; Vision (DE)\"},\"image\":{\"@id\":\"https:\\\/\\\/trendsandvision.nl\\\/de\\\/#\\\/schema\\\/logo\\\/image\\\/\"}}]}<\/script>\n<!-- \/ Yoast SEO Premium plugin. -->","yoast_head_json":{"title":"Esschert Design \"Zilpzalp\" Wandfutterhaus (FB604)","description":"Esschert Design \"Zilpzalp\" Wandfutterhaus (FB604 EAN 8714982259098) L 24,5 x T 14 x H 18,3 cm, Fichtenholz FSC\u00ae 100 %, Eisen, Gewicht 0,669 kg","robots":{"index":"index","follow":"follow","max-snippet":"max-snippet:-1","max-image-preview":"max-image-preview:large","max-video-preview":"max-video-preview:-1"},"canonical":"https:\/\/trendsandvision.nl\/de\/product\/esschert-design-zilpzalp-wandfutterhaus\/","og_locale":"de_DE","og_type":"article","og_title":"Esschert Design \"Zilpzalp\" Wandfutterhaus","og_description":"Esschert Design \"Zilpzalp\" Wandfutterhaus (FB604 EAN 8714982259098) L 24,5 x T 14 x H 18,3 cm, Fichtenholz FSC\u00ae 100 %, Eisen, Gewicht 0,669 kg","og_url":"https:\/\/trendsandvision.nl\/de\/product\/esschert-design-zilpzalp-wandfutterhaus\/","og_site_name":"Trends &amp; Vision (DE)","article_modified_time":"2026-04-07T08:27:00+00:00","og_image":[{"width":800,"height":800,"url":"https:\/\/trendsandvision.nl\/de\/wp-content\/uploads\/sites\/3\/2024\/07\/FB604_01.jpg","type":"image\/jpeg"}],"twitter_card":"summary_large_image","twitter_misc":{"Gesch\u00e4tzte Lesezeit":"1\u00a0Minute"},"schema":{"@context":"https:\/\/schema.org","@graph":[{"@type":"WebPage","@id":"https:\/\/trendsandvision.nl\/de\/product\/esschert-design-zilpzalp-wandfutterhaus\/","url":"https:\/\/trendsandvision.nl\/de\/product\/esschert-design-zilpzalp-wandfutterhaus\/","name":"Esschert Design \"Zilpzalp\" Wandfutterhaus (FB604)","isPartOf":{"@id":"https:\/\/trendsandvision.nl\/de\/#website"},"primaryImageOfPage":{"@id":"https:\/\/trendsandvision.nl\/de\/product\/esschert-design-zilpzalp-wandfutterhaus\/#primaryimage"},"image":{"@id":"https:\/\/trendsandvision.nl\/de\/product\/esschert-design-zilpzalp-wandfutterhaus\/#primaryimage"},"thumbnailUrl":"https:\/\/trendsandvision.nl\/de\/wp-content\/uploads\/sites\/3\/2024\/07\/FB604_01.jpg","datePublished":"2024-07-19T08:53:23+00:00","dateModified":"2026-04-07T08:27:00+00:00","description":"Esschert Design \"Zilpzalp\" Wandfutterhaus (FB604 EAN 8714982259098) L 24,5 x T 14 x H 18,3 cm, Fichtenholz FSC\u00ae 100 %, Eisen, Gewicht 0,669 kg","breadcrumb":{"@id":"https:\/\/trendsandvision.nl\/de\/product\/esschert-design-zilpzalp-wandfutterhaus\/#breadcrumb"},"inLanguage":"de","potentialAction":[{"@type":"ReadAction","target":["https:\/\/trendsandvision.nl\/de\/product\/esschert-design-zilpzalp-wandfutterhaus\/"]}]},{"@type":"ImageObject","inLanguage":"de","@id":"https:\/\/trendsandvision.nl\/de\/product\/esschert-design-zilpzalp-wandfutterhaus\/#primaryimage","url":"https:\/\/trendsandvision.nl\/de\/wp-content\/uploads\/sites\/3\/2024\/07\/FB604_01.jpg","contentUrl":"https:\/\/trendsandvision.nl\/de\/wp-content\/uploads\/sites\/3\/2024\/07\/FB604_01.jpg","width":800,"height":800,"caption":"Trends and Vision \"Zilpzalp\" Wandfutterhaus (FB604 EAN 8714982259098) L 24,5 x T 14 x H 18,3 cm, Fichtenholz FSC\u00ae 100 %, Eisen, Gewicht 0,669 kg"},{"@type":"BreadcrumbList","@id":"https:\/\/trendsandvision.nl\/de\/product\/esschert-design-zilpzalp-wandfutterhaus\/#breadcrumb","itemListElement":[{"@type":"ListItem","position":1,"name":"Home","item":"https:\/\/trendsandvision.nl\/de\/"},{"@type":"ListItem","position":2,"name":"Gesch\u00e4ft","item":"https:\/\/trendsandvision.nl\/de\/geschaft\/"},{"@type":"ListItem","position":3,"name":"Esschert Design &#8222;Zilpzalp&#8220; Wandfutterhaus"}]},{"@type":"WebSite","@id":"https:\/\/trendsandvision.nl\/de\/#website","url":"https:\/\/trendsandvision.nl\/de\/","name":"Trends &amp; Vision (DE)","description":"Der Webshop f\u00fcr Esschert Design Artikel","publisher":{"@id":"https:\/\/trendsandvision.nl\/de\/#organization"},"potentialAction":[{"@type":"SearchAction","target":{"@type":"EntryPoint","urlTemplate":"https:\/\/trendsandvision.nl\/de\/?s={search_term_string}"},"query-input":{"@type":"PropertyValueSpecification","valueRequired":true,"valueName":"search_term_string"}}],"inLanguage":"de"},{"@type":"Organization","@id":"https:\/\/trendsandvision.nl\/de\/#organization","name":"Trends &amp; Vision (DE)","url":"https:\/\/trendsandvision.nl\/de\/","logo":{"@type":"ImageObject","inLanguage":"de","@id":"https:\/\/trendsandvision.nl\/de\/#\/schema\/logo\/image\/","url":"https:\/\/trendsandvision.nl\/de\/wp-content\/uploads\/sites\/3\/2022\/04\/trends-and-vision-logo.jpg","contentUrl":"https:\/\/trendsandvision.nl\/de\/wp-content\/uploads\/sites\/3\/2022\/04\/trends-and-vision-logo.jpg","width":213,"height":100,"caption":"Trends &amp; Vision (DE)"},"image":{"@id":"https:\/\/trendsandvision.nl\/de\/#\/schema\/logo\/image\/"}}]}},"_links":{"self":[{"href":"https:\/\/trendsandvision.nl\/de\/wp-json\/wp\/v2\/product\/12265","targetHints":{"allow":["GET"]}}],"collection":[{"href":"https:\/\/trendsandvision.nl\/de\/wp-json\/wp\/v2\/product"}],"about":[{"href":"https:\/\/trendsandvision.nl\/de\/wp-json\/wp\/v2\/types\/product"}],"wp:featuredmedia":[{"embeddable":true,"href":"https:\/\/trendsandvision.nl\/de\/wp-json\/wp\/v2\/media\/12266"}],"wp:attachment":[{"href":"https:\/\/trendsandvision.nl\/de\/wp-json\/wp\/v2\/media?parent=12265"}],"wp:term":[{"taxonomy":"product_brand","embeddable":true,"href":"https:\/\/trendsandvision.nl\/de\/wp-json\/wp\/v2\/product_brand?post=12265"},{"taxonomy":"product_cat","embeddable":true,"href":"https:\/\/trendsandvision.nl\/de\/wp-json\/wp\/v2\/product_cat?post=12265"},{"taxonomy":"product_tag","embeddable":true,"href":"https:\/\/trendsandvision.nl\/de\/wp-json\/wp\/v2\/product_tag?post=12265"}],"curies":[{"name":"wp","href":"https:\/\/api.w.org\/{rel}","templated":true}]}}