{"id":12259,"date":"2024-07-19T10:53:13","date_gmt":"2024-07-19T08:53:13","guid":{"rendered":"https:\/\/trendsandvision.nl\/de\/product\/esschert-design-zilpzalp-futterhaus-haengend-fb603-8714982259081\/"},"modified":"2026-04-22T14:59:00","modified_gmt":"2026-04-22T12:59:00","slug":"esschert-design-zilpzalp-futterhaus-haengend","status":"publish","type":"product","link":"https:\/\/trendsandvision.nl\/de\/product\/esschert-design-zilpzalp-futterhaus-haengend\/","title":{"rendered":"Esschert Design &#8222;Zilpzalp&#8220; Futterhaus h\u00e4ngend"},"content":{"rendered":"<p>Diese zeitlose, h\u00e4ngende <strong><a href=\"https:\/\/trendsandvision.nl\/de\/?s=futtertisch&amp;post_type=product&amp;dgwt_wcas=1\">Futterstelle<\/a><\/strong> mit klarer Optik bietet V\u00f6geln einen angenehmen Futterplatz. Durch die offene Struktur k\u00f6nnen die V\u00f6gel von allen Seiten zufliegen und auf dem Futterplateau Platz nehmen. Das Dach sorgt daf\u00fcr, dass das <strong><a href=\"https:\/\/trendsandvision.nl\/de\/?s=futter&amp;post_type=product&amp;dgwt_wcas=1\">Futter<\/a><\/strong> trocken bleibt. Dank der mitgelieferten Aufh\u00e4ngeschnur l\u00e4sst sich die Futterstelle \u00fcberall aufh\u00e4ngen. (einfach sauber machen? Klicken Sie <strong><a href=\"https:\/\/trendsandvision.nl\/de\/product\/esschert-design-futtertisch-schaber\/\">HIER<\/a><\/strong>)<\/p>\n<p>Artikelbezeichnung: \u201e Zilpzalp\u201c H\u00e4ngefuttertisch<br \/>\nArtikelnummer: FB603<br \/>\nProduktgruppe(n) V\u00f6gel &amp; Gartentiere, F\u00fctterungssysteme, Futterh\u00e4user, Futtertische<br \/>\nProduktabmessungen in cm L 24,5 x T 24,5 x H 18,3<br \/>\nMaterial: Fichtenholz FSC 100 %, Eisen, Nylon<br \/>\nNettogewicht 0,853 kg<br \/>\nBarcode 8714982259081<br \/>\nProduzent <a href=\"https:\/\/www.esschertdesign.com\/shop\/de\/tjiftjaf-voedertafel-hangend-fb603\" target=\"_blank\">Esschert Design<\/a><br \/>\n<strong><a href=\"https:\/\/trendsandvision.nl\/de\/?s=haken&amp;post_type=product&amp;dgwt_wcas=1\">Diese Haken<\/a><\/strong> bestellen Sie einfach dazu<\/p>\n<p>In die Presse:<\/p>\n<p>Burda Garden &amp; Living-Zeitschriften: mein sch\u00f6ner Garten \u2219 Wohnen &amp; Garten \u2219 mein sch\u00f6nes Land \u2219 Lisa Wohnen &amp; Dekorieren \u2219 Das Haus \u2219 mein sch\u00f6ner Garten Spezial \u2219 mein sch\u00f6ner Garten Edition \u2219 Garten &amp; Wohnen Tr\u00e4ume \u2219 Wohnen &amp; Garten Weihnachtszauber \u2219 mein sch\u00f6nes Land Sonderhefte \u2219 GartenSpa\u00df \u2219 mein sch\u00f6ner LandGarten \u2219 Lisa Blumen &amp; Pflanzen \u2219 Frau im Trend wohnen &amp; wohlf\u00fchlen<\/p>\n","protected":false},"excerpt":{"rendered":"<p>&#8211; Inklusive Aufh\u00e4ngeschnur<br \/>\n\u2013 Offene Struktur<br \/>\n\u2013 Das Dach h\u00e4lt das Futter trocken<br \/>\n&#8211; Artikelnummer: FB603<br \/>\n&#8211; L 24,5 x T 24,5 x H 18,3 cm<br \/>\n&#8211; Material: Fichtenholz \u00ae 100 %, Eisen, Nylon FSC<br \/>\n&#8211; Nettogewicht 0,853 kg<br \/>\n&#8211; Barcode 8714982259081<br \/>\n<strong><a href=\"https:\/\/trendsandvision.nl\/de\/?s=haken&amp;post_type=product&amp;dgwt_wcas=1\">Diese Haken<\/a><\/strong> Bestellen Sie einfach diesen dazu<\/p>\n","protected":false},"featured_media":12260,"template":"","meta":[],"product_brand":[9597,9598],"product_cat":[1315],"product_tag":[6809,7307,9817,10840],"class_list":{"0":"post-12259","1":"product","2":"type-product","3":"status-publish","4":"has-post-thumbnail","6":"product_brand-esschert-design","7":"product_brand-trends-and-vision","8":"product_cat-best-for-birds","9":"product_tag-fsc-100","10":"product_tag-futterhaus","11":"product_tag-haengefuttertisch","12":"product_tag-publikationen","13":"pa_anbieter-esschert-design","14":"pa_ean-code-6613","16":"first","17":"outofstock","18":"sale","19":"taxable","20":"shipping-taxable","21":"purchasable","22":"product-type-simple","23":"czr-hentry"},"yoast_head":"<!-- This site is optimized with the Yoast SEO Premium plugin v27.4 (Yoast SEO v27.5) - https:\/\/yoast.com\/product\/yoast-seo-premium-wordpress\/ -->\n<title>Esschert Design &quot;Zilpzalp&quot; Futterhaus h\u00e4ngend (FB603)<\/title>\n<meta name=\"description\" content=\"Esschert Design &quot;Zilpzalp&quot; Futterhaus h\u00e4ngend (FB603 EAN 8714982259081) L 24,5 x T 24,5 x H 18,3 cm, Fichtenholz \u00ae 100 %, Eisen, Nylon FSC- Gewicht 0,85 kg\" \/>\n<meta name=\"robots\" content=\"index, follow, max-snippet:-1, max-image-preview:large, max-video-preview:-1\" \/>\n<link rel=\"canonical\" href=\"https:\/\/trendsandvision.nl\/de\/product\/esschert-design-zilpzalp-futterhaus-haengend\/\" \/>\n<meta property=\"og:locale\" content=\"de_DE\" \/>\n<meta property=\"og:type\" content=\"article\" \/>\n<meta property=\"og:title\" content=\"Esschert Design &quot;Zilpzalp&quot; Futterhaus h\u00e4ngend\" \/>\n<meta property=\"og:description\" content=\"Esschert Design &quot;Zilpzalp&quot; Futterhaus h\u00e4ngend (FB603 EAN 8714982259081) L 24,5 x T 24,5 x H 18,3 cm, Fichtenholz \u00ae 100 %, Eisen, Nylon FSC- Gewicht 0,85 kg\" \/>\n<meta property=\"og:url\" content=\"https:\/\/trendsandvision.nl\/de\/product\/esschert-design-zilpzalp-futterhaus-haengend\/\" \/>\n<meta property=\"og:site_name\" content=\"Trends &amp; Vision (DE)\" \/>\n<meta property=\"article:modified_time\" content=\"2026-04-22T12:59:00+00:00\" \/>\n<meta property=\"og:image\" content=\"https:\/\/trendsandvision.nl\/de\/wp-content\/uploads\/sites\/3\/2024\/07\/FB603_01.jpg\" \/>\n\t<meta property=\"og:image:width\" content=\"800\" \/>\n\t<meta property=\"og:image:height\" content=\"800\" \/>\n\t<meta property=\"og:image:type\" content=\"image\/jpeg\" \/>\n<meta name=\"twitter:card\" content=\"summary_large_image\" \/>\n<meta name=\"twitter:label1\" content=\"Gesch\u00e4tzte Lesezeit\" \/>\n\t<meta name=\"twitter:data1\" content=\"2\u00a0Minuten\" \/>\n<script type=\"application\/ld+json\" class=\"yoast-schema-graph\">{\"@context\":\"https:\\\/\\\/schema.org\",\"@graph\":[{\"@type\":\"WebPage\",\"@id\":\"https:\\\/\\\/trendsandvision.nl\\\/de\\\/product\\\/esschert-design-zilpzalp-futterhaus-haengend\\\/\",\"url\":\"https:\\\/\\\/trendsandvision.nl\\\/de\\\/product\\\/esschert-design-zilpzalp-futterhaus-haengend\\\/\",\"name\":\"Esschert Design \\\"Zilpzalp\\\" Futterhaus h\u00e4ngend (FB603)\",\"isPartOf\":{\"@id\":\"https:\\\/\\\/trendsandvision.nl\\\/de\\\/#website\"},\"primaryImageOfPage\":{\"@id\":\"https:\\\/\\\/trendsandvision.nl\\\/de\\\/product\\\/esschert-design-zilpzalp-futterhaus-haengend\\\/#primaryimage\"},\"image\":{\"@id\":\"https:\\\/\\\/trendsandvision.nl\\\/de\\\/product\\\/esschert-design-zilpzalp-futterhaus-haengend\\\/#primaryimage\"},\"thumbnailUrl\":\"https:\\\/\\\/trendsandvision.nl\\\/de\\\/wp-content\\\/uploads\\\/sites\\\/3\\\/2024\\\/07\\\/FB603_01.jpg\",\"datePublished\":\"2024-07-19T08:53:13+00:00\",\"dateModified\":\"2026-04-22T12:59:00+00:00\",\"description\":\"Esschert Design \\\"Zilpzalp\\\" Futterhaus h\u00e4ngend (FB603 EAN 8714982259081) L 24,5 x T 24,5 x H 18,3 cm, Fichtenholz \u00ae 100 %, Eisen, Nylon FSC- Gewicht 0,85 kg\",\"breadcrumb\":{\"@id\":\"https:\\\/\\\/trendsandvision.nl\\\/de\\\/product\\\/esschert-design-zilpzalp-futterhaus-haengend\\\/#breadcrumb\"},\"inLanguage\":\"de\",\"potentialAction\":[{\"@type\":\"ReadAction\",\"target\":[\"https:\\\/\\\/trendsandvision.nl\\\/de\\\/product\\\/esschert-design-zilpzalp-futterhaus-haengend\\\/\"]}]},{\"@type\":\"ImageObject\",\"inLanguage\":\"de\",\"@id\":\"https:\\\/\\\/trendsandvision.nl\\\/de\\\/product\\\/esschert-design-zilpzalp-futterhaus-haengend\\\/#primaryimage\",\"url\":\"https:\\\/\\\/trendsandvision.nl\\\/de\\\/wp-content\\\/uploads\\\/sites\\\/3\\\/2024\\\/07\\\/FB603_01.jpg\",\"contentUrl\":\"https:\\\/\\\/trendsandvision.nl\\\/de\\\/wp-content\\\/uploads\\\/sites\\\/3\\\/2024\\\/07\\\/FB603_01.jpg\",\"width\":800,\"height\":800,\"caption\":\"Trends and Vision \\\"Zilpzalp\\\" Futterhaus h\u00e4ngend (FB603 EAN 8714982259081) L 24,5 x T 24,5 x H 18,3 cm, Fichtenholz \u00ae 100 %, Eisen, Nylon FSC- Gewicht 0,85 kg\"},{\"@type\":\"BreadcrumbList\",\"@id\":\"https:\\\/\\\/trendsandvision.nl\\\/de\\\/product\\\/esschert-design-zilpzalp-futterhaus-haengend\\\/#breadcrumb\",\"itemListElement\":[{\"@type\":\"ListItem\",\"position\":1,\"name\":\"Home\",\"item\":\"https:\\\/\\\/trendsandvision.nl\\\/de\\\/\"},{\"@type\":\"ListItem\",\"position\":2,\"name\":\"Gesch\u00e4ft\",\"item\":\"https:\\\/\\\/trendsandvision.nl\\\/de\\\/geschaft\\\/\"},{\"@type\":\"ListItem\",\"position\":3,\"name\":\"Esschert Design &#8222;Zilpzalp&#8220; Futterhaus h\u00e4ngend\"}]},{\"@type\":\"WebSite\",\"@id\":\"https:\\\/\\\/trendsandvision.nl\\\/de\\\/#website\",\"url\":\"https:\\\/\\\/trendsandvision.nl\\\/de\\\/\",\"name\":\"Trends &amp; Vision (DE)\",\"description\":\"Der Webshop f\u00fcr Esschert Design Artikel\",\"publisher\":{\"@id\":\"https:\\\/\\\/trendsandvision.nl\\\/de\\\/#organization\"},\"potentialAction\":[{\"@type\":\"SearchAction\",\"target\":{\"@type\":\"EntryPoint\",\"urlTemplate\":\"https:\\\/\\\/trendsandvision.nl\\\/de\\\/?s={search_term_string}\"},\"query-input\":{\"@type\":\"PropertyValueSpecification\",\"valueRequired\":true,\"valueName\":\"search_term_string\"}}],\"inLanguage\":\"de\"},{\"@type\":\"Organization\",\"@id\":\"https:\\\/\\\/trendsandvision.nl\\\/de\\\/#organization\",\"name\":\"Trends &amp; Vision (DE)\",\"url\":\"https:\\\/\\\/trendsandvision.nl\\\/de\\\/\",\"logo\":{\"@type\":\"ImageObject\",\"inLanguage\":\"de\",\"@id\":\"https:\\\/\\\/trendsandvision.nl\\\/de\\\/#\\\/schema\\\/logo\\\/image\\\/\",\"url\":\"https:\\\/\\\/trendsandvision.nl\\\/de\\\/wp-content\\\/uploads\\\/sites\\\/3\\\/2022\\\/04\\\/trends-and-vision-logo.jpg\",\"contentUrl\":\"https:\\\/\\\/trendsandvision.nl\\\/de\\\/wp-content\\\/uploads\\\/sites\\\/3\\\/2022\\\/04\\\/trends-and-vision-logo.jpg\",\"width\":213,\"height\":100,\"caption\":\"Trends &amp; Vision (DE)\"},\"image\":{\"@id\":\"https:\\\/\\\/trendsandvision.nl\\\/de\\\/#\\\/schema\\\/logo\\\/image\\\/\"}}]}<\/script>\n<!-- \/ Yoast SEO Premium plugin. -->","yoast_head_json":{"title":"Esschert Design \"Zilpzalp\" Futterhaus h\u00e4ngend (FB603)","description":"Esschert Design \"Zilpzalp\" Futterhaus h\u00e4ngend (FB603 EAN 8714982259081) L 24,5 x T 24,5 x H 18,3 cm, Fichtenholz \u00ae 100 %, Eisen, Nylon FSC- Gewicht 0,85 kg","robots":{"index":"index","follow":"follow","max-snippet":"max-snippet:-1","max-image-preview":"max-image-preview:large","max-video-preview":"max-video-preview:-1"},"canonical":"https:\/\/trendsandvision.nl\/de\/product\/esschert-design-zilpzalp-futterhaus-haengend\/","og_locale":"de_DE","og_type":"article","og_title":"Esschert Design \"Zilpzalp\" Futterhaus h\u00e4ngend","og_description":"Esschert Design \"Zilpzalp\" Futterhaus h\u00e4ngend (FB603 EAN 8714982259081) L 24,5 x T 24,5 x H 18,3 cm, Fichtenholz \u00ae 100 %, Eisen, Nylon FSC- Gewicht 0,85 kg","og_url":"https:\/\/trendsandvision.nl\/de\/product\/esschert-design-zilpzalp-futterhaus-haengend\/","og_site_name":"Trends &amp; Vision (DE)","article_modified_time":"2026-04-22T12:59:00+00:00","og_image":[{"width":800,"height":800,"url":"https:\/\/trendsandvision.nl\/de\/wp-content\/uploads\/sites\/3\/2024\/07\/FB603_01.jpg","type":"image\/jpeg"}],"twitter_card":"summary_large_image","twitter_misc":{"Gesch\u00e4tzte Lesezeit":"2\u00a0Minuten"},"schema":{"@context":"https:\/\/schema.org","@graph":[{"@type":"WebPage","@id":"https:\/\/trendsandvision.nl\/de\/product\/esschert-design-zilpzalp-futterhaus-haengend\/","url":"https:\/\/trendsandvision.nl\/de\/product\/esschert-design-zilpzalp-futterhaus-haengend\/","name":"Esschert Design \"Zilpzalp\" Futterhaus h\u00e4ngend (FB603)","isPartOf":{"@id":"https:\/\/trendsandvision.nl\/de\/#website"},"primaryImageOfPage":{"@id":"https:\/\/trendsandvision.nl\/de\/product\/esschert-design-zilpzalp-futterhaus-haengend\/#primaryimage"},"image":{"@id":"https:\/\/trendsandvision.nl\/de\/product\/esschert-design-zilpzalp-futterhaus-haengend\/#primaryimage"},"thumbnailUrl":"https:\/\/trendsandvision.nl\/de\/wp-content\/uploads\/sites\/3\/2024\/07\/FB603_01.jpg","datePublished":"2024-07-19T08:53:13+00:00","dateModified":"2026-04-22T12:59:00+00:00","description":"Esschert Design \"Zilpzalp\" Futterhaus h\u00e4ngend (FB603 EAN 8714982259081) L 24,5 x T 24,5 x H 18,3 cm, Fichtenholz \u00ae 100 %, Eisen, Nylon FSC- Gewicht 0,85 kg","breadcrumb":{"@id":"https:\/\/trendsandvision.nl\/de\/product\/esschert-design-zilpzalp-futterhaus-haengend\/#breadcrumb"},"inLanguage":"de","potentialAction":[{"@type":"ReadAction","target":["https:\/\/trendsandvision.nl\/de\/product\/esschert-design-zilpzalp-futterhaus-haengend\/"]}]},{"@type":"ImageObject","inLanguage":"de","@id":"https:\/\/trendsandvision.nl\/de\/product\/esschert-design-zilpzalp-futterhaus-haengend\/#primaryimage","url":"https:\/\/trendsandvision.nl\/de\/wp-content\/uploads\/sites\/3\/2024\/07\/FB603_01.jpg","contentUrl":"https:\/\/trendsandvision.nl\/de\/wp-content\/uploads\/sites\/3\/2024\/07\/FB603_01.jpg","width":800,"height":800,"caption":"Trends and Vision \"Zilpzalp\" Futterhaus h\u00e4ngend (FB603 EAN 8714982259081) L 24,5 x T 24,5 x H 18,3 cm, Fichtenholz \u00ae 100 %, Eisen, Nylon FSC- Gewicht 0,85 kg"},{"@type":"BreadcrumbList","@id":"https:\/\/trendsandvision.nl\/de\/product\/esschert-design-zilpzalp-futterhaus-haengend\/#breadcrumb","itemListElement":[{"@type":"ListItem","position":1,"name":"Home","item":"https:\/\/trendsandvision.nl\/de\/"},{"@type":"ListItem","position":2,"name":"Gesch\u00e4ft","item":"https:\/\/trendsandvision.nl\/de\/geschaft\/"},{"@type":"ListItem","position":3,"name":"Esschert Design &#8222;Zilpzalp&#8220; Futterhaus h\u00e4ngend"}]},{"@type":"WebSite","@id":"https:\/\/trendsandvision.nl\/de\/#website","url":"https:\/\/trendsandvision.nl\/de\/","name":"Trends &amp; Vision (DE)","description":"Der Webshop f\u00fcr Esschert Design Artikel","publisher":{"@id":"https:\/\/trendsandvision.nl\/de\/#organization"},"potentialAction":[{"@type":"SearchAction","target":{"@type":"EntryPoint","urlTemplate":"https:\/\/trendsandvision.nl\/de\/?s={search_term_string}"},"query-input":{"@type":"PropertyValueSpecification","valueRequired":true,"valueName":"search_term_string"}}],"inLanguage":"de"},{"@type":"Organization","@id":"https:\/\/trendsandvision.nl\/de\/#organization","name":"Trends &amp; Vision (DE)","url":"https:\/\/trendsandvision.nl\/de\/","logo":{"@type":"ImageObject","inLanguage":"de","@id":"https:\/\/trendsandvision.nl\/de\/#\/schema\/logo\/image\/","url":"https:\/\/trendsandvision.nl\/de\/wp-content\/uploads\/sites\/3\/2022\/04\/trends-and-vision-logo.jpg","contentUrl":"https:\/\/trendsandvision.nl\/de\/wp-content\/uploads\/sites\/3\/2022\/04\/trends-and-vision-logo.jpg","width":213,"height":100,"caption":"Trends &amp; Vision (DE)"},"image":{"@id":"https:\/\/trendsandvision.nl\/de\/#\/schema\/logo\/image\/"}}]}},"_links":{"self":[{"href":"https:\/\/trendsandvision.nl\/de\/wp-json\/wp\/v2\/product\/12259","targetHints":{"allow":["GET"]}}],"collection":[{"href":"https:\/\/trendsandvision.nl\/de\/wp-json\/wp\/v2\/product"}],"about":[{"href":"https:\/\/trendsandvision.nl\/de\/wp-json\/wp\/v2\/types\/product"}],"wp:featuredmedia":[{"embeddable":true,"href":"https:\/\/trendsandvision.nl\/de\/wp-json\/wp\/v2\/media\/12260"}],"wp:attachment":[{"href":"https:\/\/trendsandvision.nl\/de\/wp-json\/wp\/v2\/media?parent=12259"}],"wp:term":[{"taxonomy":"product_brand","embeddable":true,"href":"https:\/\/trendsandvision.nl\/de\/wp-json\/wp\/v2\/product_brand?post=12259"},{"taxonomy":"product_cat","embeddable":true,"href":"https:\/\/trendsandvision.nl\/de\/wp-json\/wp\/v2\/product_cat?post=12259"},{"taxonomy":"product_tag","embeddable":true,"href":"https:\/\/trendsandvision.nl\/de\/wp-json\/wp\/v2\/product_tag?post=12259"}],"curies":[{"name":"wp","href":"https:\/\/api.w.org\/{rel}","templated":true}]}}