{"id":12247,"date":"2024-07-19T10:52:53","date_gmt":"2024-07-19T08:52:53","guid":{"rendered":"https:\/\/trendsandvision.nl\/de\/product\/esschert-design-schutzsilo-fuer-erdnuesse-fb600-8714982258077\/"},"modified":"2026-04-07T10:26:58","modified_gmt":"2026-04-07T08:26:58","slug":"esschert-design-schutzsilo-fuer-erdnuesse","status":"publish","type":"product","link":"https:\/\/trendsandvision.nl\/de\/product\/esschert-design-schutzsilo-fuer-erdnuesse\/","title":{"rendered":"Esschert Design Schutzsilo f\u00fcr Erdn\u00fcsse"},"content":{"rendered":"<p>Um zu verhindern, dass Kr\u00e4hen oder Eichh\u00f6rnchen an das Futter gelangen, befindet sich dieser Futtersilo in einem speziellen Halter. Kleine V\u00f6gel wie Meisen k\u00f6nnen m\u00fchelos durch das Gitter greifen, um an das Futter zu gelangen. Durch die offene Struktur des Korbes k\u00f6nnen die V\u00f6gel die Erdn\u00fcsse von allen Seiten genie\u00dfen. Der Silo l\u00e4sst sich einfach nachf\u00fcllen, indem man den Deckel an der Oberseite anhebt.<\/p>\n<p>Artikelname: Selektives Nusssilo<br \/>\nArtikelnummer: FB600<br \/>\nBarcode 8714982258077<br \/>\nProduktgruppe(n) V\u00f6gel &amp; Gartentiere, F\u00fctterungssysteme, Futtersilos<br \/>\nProduktabmessungen in cm L 15,6 x T 15,6 x H 22,4<br \/>\nMaterial: Weichstahl<br \/>\nNettogewicht 0,254 kg<br \/>\nProduzent <a href=\"https:\/\/www.esschertdesign.com\/shop\/de\/selectieve-notensilo-fb600\" target=\"_blank\">Esschert Design<\/a><\/p>\n<p>Bestellen Sie einfach diesen <a href=\"https:\/\/trendsandvision.nl\/de\/product\/esschert-design-baumhaken\/\" rel=\"noopener\" target=\"_blank\">baumfreundlichen Aufh\u00e4ngehaken<\/a> mit auf unsere Shop<\/p>\n","protected":false},"excerpt":{"rendered":"<p>Schutz vor Kr\u00e4hen und Eichh\u00f6rnchen<br \/>\nOffene Struktur<br \/>\nEinfach nachzuf\u00fcllen<br \/>\nArtikelnummer: FB600<br \/>\nL 15,6 x T 15,6 x H 22,4 cm<br \/>\nMaterial: Weichstahl<br \/>\nNettogewicht 0,254 kg<br \/>\n<strong><a href=\"https:\/\/trendsandvision.nl\/de\/?s=Hanging+Basket+haken&amp;post_type=product&amp;dgwt_wcas=1\">alle Haken<\/a><\/strong>Bestellen Sie einfach diesen<br \/>\nBestellen Sie einfach diesen <a href=\"https:\/\/trendsandvision.nl\/de\/product\/esschert-design-baumhaken\/\" rel=\"noopener\" target=\"_blank\">baumfreundlichen Aufh\u00e4ngehaken<\/a> mit auf unsere Shop<\/p>\n","protected":false},"featured_media":12248,"template":"","meta":[],"product_brand":[9597,9598],"product_cat":[1315,503],"product_tag":[6960,6759],"class_list":{"0":"post-12247","1":"product","2":"type-product","3":"status-publish","4":"has-post-thumbnail","6":"product_brand-esschert-design","7":"product_brand-trends-and-vision","8":"product_cat-best-for-birds","9":"product_cat-esscherts-garden","10":"product_tag-futtersilos","11":"product_tag-fuetterungssysteme","12":"pa_anbieter-esschert-design","13":"pa_ean-code-6611","15":"first","16":"outofstock","17":"sale","18":"taxable","19":"shipping-taxable","20":"purchasable","21":"product-type-simple","22":"czr-hentry"},"yoast_head":"<!-- This site is optimized with the Yoast SEO Premium plugin v26.4 (Yoast SEO v27.4) - https:\/\/yoast.com\/product\/yoast-seo-premium-wordpress\/ -->\n<title>Esschert Design Schutzsilo f\u00fcr Erdn\u00fcsse (FB600 8714982258077)<\/title>\n<meta name=\"description\" content=\"Esschert Design Schutzsilo f\u00fcr Erdn\u00fcsse (FB600 EAN 8714982258077) Schutz vor Kr\u00e4hen und Eichh\u00f6rnchen, Offene Struktur, Einfach nachzuf\u00fcllen, \u00f8 16 x 22.5 cm\" \/>\n<meta name=\"robots\" content=\"index, follow, max-snippet:-1, max-image-preview:large, max-video-preview:-1\" \/>\n<link rel=\"canonical\" href=\"https:\/\/trendsandvision.nl\/de\/product\/esschert-design-schutzsilo-fuer-erdnuesse\/\" \/>\n<meta property=\"og:locale\" content=\"de_DE\" \/>\n<meta property=\"og:type\" content=\"article\" \/>\n<meta property=\"og:title\" content=\"Esschert Design Schutzsilo f\u00fcr Erdn\u00fcsse\" \/>\n<meta property=\"og:description\" content=\"Esschert Design Schutzsilo f\u00fcr Erdn\u00fcsse (FB600 EAN 8714982258077) Schutz vor Kr\u00e4hen und Eichh\u00f6rnchen, Offene Struktur, Einfach nachzuf\u00fcllen, \u00f8 16 x 22.5 cm\" \/>\n<meta property=\"og:url\" content=\"https:\/\/trendsandvision.nl\/de\/product\/esschert-design-schutzsilo-fuer-erdnuesse\/\" \/>\n<meta property=\"og:site_name\" content=\"Trends &amp; Vision (DE)\" \/>\n<meta property=\"article:modified_time\" content=\"2026-04-07T08:26:58+00:00\" \/>\n<meta property=\"og:image\" content=\"https:\/\/trendsandvision.nl\/de\/wp-content\/uploads\/sites\/3\/2024\/07\/FB600_01.jpg\" \/>\n\t<meta property=\"og:image:width\" content=\"800\" \/>\n\t<meta property=\"og:image:height\" content=\"800\" \/>\n\t<meta property=\"og:image:type\" content=\"image\/jpeg\" \/>\n<meta name=\"twitter:card\" content=\"summary_large_image\" \/>\n<meta name=\"twitter:label1\" content=\"Gesch\u00e4tzte Lesezeit\" \/>\n\t<meta name=\"twitter:data1\" content=\"1\u00a0Minute\" \/>\n<script type=\"application\/ld+json\" class=\"yoast-schema-graph\">{\"@context\":\"https:\\\/\\\/schema.org\",\"@graph\":[{\"@type\":\"WebPage\",\"@id\":\"https:\\\/\\\/trendsandvision.nl\\\/de\\\/product\\\/esschert-design-schutzsilo-fuer-erdnuesse\\\/\",\"url\":\"https:\\\/\\\/trendsandvision.nl\\\/de\\\/product\\\/esschert-design-schutzsilo-fuer-erdnuesse\\\/\",\"name\":\"Esschert Design Schutzsilo f\u00fcr Erdn\u00fcsse (FB600 8714982258077)\",\"isPartOf\":{\"@id\":\"https:\\\/\\\/trendsandvision.nl\\\/de\\\/#website\"},\"primaryImageOfPage\":{\"@id\":\"https:\\\/\\\/trendsandvision.nl\\\/de\\\/product\\\/esschert-design-schutzsilo-fuer-erdnuesse\\\/#primaryimage\"},\"image\":{\"@id\":\"https:\\\/\\\/trendsandvision.nl\\\/de\\\/product\\\/esschert-design-schutzsilo-fuer-erdnuesse\\\/#primaryimage\"},\"thumbnailUrl\":\"https:\\\/\\\/trendsandvision.nl\\\/de\\\/wp-content\\\/uploads\\\/sites\\\/3\\\/2024\\\/07\\\/FB600_01.jpg\",\"datePublished\":\"2024-07-19T08:52:53+00:00\",\"dateModified\":\"2026-04-07T08:26:58+00:00\",\"description\":\"Esschert Design Schutzsilo f\u00fcr Erdn\u00fcsse (FB600 EAN 8714982258077) Schutz vor Kr\u00e4hen und Eichh\u00f6rnchen, Offene Struktur, Einfach nachzuf\u00fcllen, \u00f8 16 x 22.5 cm\",\"breadcrumb\":{\"@id\":\"https:\\\/\\\/trendsandvision.nl\\\/de\\\/product\\\/esschert-design-schutzsilo-fuer-erdnuesse\\\/#breadcrumb\"},\"inLanguage\":\"de\",\"potentialAction\":[{\"@type\":\"ReadAction\",\"target\":[\"https:\\\/\\\/trendsandvision.nl\\\/de\\\/product\\\/esschert-design-schutzsilo-fuer-erdnuesse\\\/\"]}]},{\"@type\":\"ImageObject\",\"inLanguage\":\"de\",\"@id\":\"https:\\\/\\\/trendsandvision.nl\\\/de\\\/product\\\/esschert-design-schutzsilo-fuer-erdnuesse\\\/#primaryimage\",\"url\":\"https:\\\/\\\/trendsandvision.nl\\\/de\\\/wp-content\\\/uploads\\\/sites\\\/3\\\/2024\\\/07\\\/FB600_01.jpg\",\"contentUrl\":\"https:\\\/\\\/trendsandvision.nl\\\/de\\\/wp-content\\\/uploads\\\/sites\\\/3\\\/2024\\\/07\\\/FB600_01.jpg\",\"width\":800,\"height\":800,\"caption\":\"Trends and Vision Schutzsilo f\u00fcr Erdn\u00fcsse (FB600 EAN 8714982258077) Schutz vor Kr\u00e4hen und Eichh\u00f6rnchen, Offene Struktur, Einfach nachzuf\u00fcllen, \u00f8 16 x 22.5 cm\"},{\"@type\":\"BreadcrumbList\",\"@id\":\"https:\\\/\\\/trendsandvision.nl\\\/de\\\/product\\\/esschert-design-schutzsilo-fuer-erdnuesse\\\/#breadcrumb\",\"itemListElement\":[{\"@type\":\"ListItem\",\"position\":1,\"name\":\"Home\",\"item\":\"https:\\\/\\\/trendsandvision.nl\\\/de\\\/\"},{\"@type\":\"ListItem\",\"position\":2,\"name\":\"Gesch\u00e4ft\",\"item\":\"https:\\\/\\\/trendsandvision.nl\\\/de\\\/geschaft\\\/\"},{\"@type\":\"ListItem\",\"position\":3,\"name\":\"Esschert Design Schutzsilo f\u00fcr Erdn\u00fcsse\"}]},{\"@type\":\"WebSite\",\"@id\":\"https:\\\/\\\/trendsandvision.nl\\\/de\\\/#website\",\"url\":\"https:\\\/\\\/trendsandvision.nl\\\/de\\\/\",\"name\":\"Trends &amp; Vision (DE)\",\"description\":\"Der Webshop f\u00fcr Esschert Design Artikel\",\"publisher\":{\"@id\":\"https:\\\/\\\/trendsandvision.nl\\\/de\\\/#organization\"},\"potentialAction\":[{\"@type\":\"SearchAction\",\"target\":{\"@type\":\"EntryPoint\",\"urlTemplate\":\"https:\\\/\\\/trendsandvision.nl\\\/de\\\/?s={search_term_string}\"},\"query-input\":{\"@type\":\"PropertyValueSpecification\",\"valueRequired\":true,\"valueName\":\"search_term_string\"}}],\"inLanguage\":\"de\"},{\"@type\":\"Organization\",\"@id\":\"https:\\\/\\\/trendsandvision.nl\\\/de\\\/#organization\",\"name\":\"Trends &amp; Vision (DE)\",\"url\":\"https:\\\/\\\/trendsandvision.nl\\\/de\\\/\",\"logo\":{\"@type\":\"ImageObject\",\"inLanguage\":\"de\",\"@id\":\"https:\\\/\\\/trendsandvision.nl\\\/de\\\/#\\\/schema\\\/logo\\\/image\\\/\",\"url\":\"https:\\\/\\\/trendsandvision.nl\\\/de\\\/wp-content\\\/uploads\\\/sites\\\/3\\\/2022\\\/04\\\/trends-and-vision-logo.jpg\",\"contentUrl\":\"https:\\\/\\\/trendsandvision.nl\\\/de\\\/wp-content\\\/uploads\\\/sites\\\/3\\\/2022\\\/04\\\/trends-and-vision-logo.jpg\",\"width\":213,\"height\":100,\"caption\":\"Trends &amp; Vision (DE)\"},\"image\":{\"@id\":\"https:\\\/\\\/trendsandvision.nl\\\/de\\\/#\\\/schema\\\/logo\\\/image\\\/\"}}]}<\/script>\n<!-- \/ Yoast SEO Premium plugin. -->","yoast_head_json":{"title":"Esschert Design Schutzsilo f\u00fcr Erdn\u00fcsse (FB600 8714982258077)","description":"Esschert Design Schutzsilo f\u00fcr Erdn\u00fcsse (FB600 EAN 8714982258077) Schutz vor Kr\u00e4hen und Eichh\u00f6rnchen, Offene Struktur, Einfach nachzuf\u00fcllen, \u00f8 16 x 22.5 cm","robots":{"index":"index","follow":"follow","max-snippet":"max-snippet:-1","max-image-preview":"max-image-preview:large","max-video-preview":"max-video-preview:-1"},"canonical":"https:\/\/trendsandvision.nl\/de\/product\/esschert-design-schutzsilo-fuer-erdnuesse\/","og_locale":"de_DE","og_type":"article","og_title":"Esschert Design Schutzsilo f\u00fcr Erdn\u00fcsse","og_description":"Esschert Design Schutzsilo f\u00fcr Erdn\u00fcsse (FB600 EAN 8714982258077) Schutz vor Kr\u00e4hen und Eichh\u00f6rnchen, Offene Struktur, Einfach nachzuf\u00fcllen, \u00f8 16 x 22.5 cm","og_url":"https:\/\/trendsandvision.nl\/de\/product\/esschert-design-schutzsilo-fuer-erdnuesse\/","og_site_name":"Trends &amp; Vision (DE)","article_modified_time":"2026-04-07T08:26:58+00:00","og_image":[{"width":800,"height":800,"url":"https:\/\/trendsandvision.nl\/de\/wp-content\/uploads\/sites\/3\/2024\/07\/FB600_01.jpg","type":"image\/jpeg"}],"twitter_card":"summary_large_image","twitter_misc":{"Gesch\u00e4tzte Lesezeit":"1\u00a0Minute"},"schema":{"@context":"https:\/\/schema.org","@graph":[{"@type":"WebPage","@id":"https:\/\/trendsandvision.nl\/de\/product\/esschert-design-schutzsilo-fuer-erdnuesse\/","url":"https:\/\/trendsandvision.nl\/de\/product\/esschert-design-schutzsilo-fuer-erdnuesse\/","name":"Esschert Design Schutzsilo f\u00fcr Erdn\u00fcsse (FB600 8714982258077)","isPartOf":{"@id":"https:\/\/trendsandvision.nl\/de\/#website"},"primaryImageOfPage":{"@id":"https:\/\/trendsandvision.nl\/de\/product\/esschert-design-schutzsilo-fuer-erdnuesse\/#primaryimage"},"image":{"@id":"https:\/\/trendsandvision.nl\/de\/product\/esschert-design-schutzsilo-fuer-erdnuesse\/#primaryimage"},"thumbnailUrl":"https:\/\/trendsandvision.nl\/de\/wp-content\/uploads\/sites\/3\/2024\/07\/FB600_01.jpg","datePublished":"2024-07-19T08:52:53+00:00","dateModified":"2026-04-07T08:26:58+00:00","description":"Esschert Design Schutzsilo f\u00fcr Erdn\u00fcsse (FB600 EAN 8714982258077) Schutz vor Kr\u00e4hen und Eichh\u00f6rnchen, Offene Struktur, Einfach nachzuf\u00fcllen, \u00f8 16 x 22.5 cm","breadcrumb":{"@id":"https:\/\/trendsandvision.nl\/de\/product\/esschert-design-schutzsilo-fuer-erdnuesse\/#breadcrumb"},"inLanguage":"de","potentialAction":[{"@type":"ReadAction","target":["https:\/\/trendsandvision.nl\/de\/product\/esschert-design-schutzsilo-fuer-erdnuesse\/"]}]},{"@type":"ImageObject","inLanguage":"de","@id":"https:\/\/trendsandvision.nl\/de\/product\/esschert-design-schutzsilo-fuer-erdnuesse\/#primaryimage","url":"https:\/\/trendsandvision.nl\/de\/wp-content\/uploads\/sites\/3\/2024\/07\/FB600_01.jpg","contentUrl":"https:\/\/trendsandvision.nl\/de\/wp-content\/uploads\/sites\/3\/2024\/07\/FB600_01.jpg","width":800,"height":800,"caption":"Trends and Vision Schutzsilo f\u00fcr Erdn\u00fcsse (FB600 EAN 8714982258077) Schutz vor Kr\u00e4hen und Eichh\u00f6rnchen, Offene Struktur, Einfach nachzuf\u00fcllen, \u00f8 16 x 22.5 cm"},{"@type":"BreadcrumbList","@id":"https:\/\/trendsandvision.nl\/de\/product\/esschert-design-schutzsilo-fuer-erdnuesse\/#breadcrumb","itemListElement":[{"@type":"ListItem","position":1,"name":"Home","item":"https:\/\/trendsandvision.nl\/de\/"},{"@type":"ListItem","position":2,"name":"Gesch\u00e4ft","item":"https:\/\/trendsandvision.nl\/de\/geschaft\/"},{"@type":"ListItem","position":3,"name":"Esschert Design Schutzsilo f\u00fcr Erdn\u00fcsse"}]},{"@type":"WebSite","@id":"https:\/\/trendsandvision.nl\/de\/#website","url":"https:\/\/trendsandvision.nl\/de\/","name":"Trends &amp; Vision (DE)","description":"Der Webshop f\u00fcr Esschert Design Artikel","publisher":{"@id":"https:\/\/trendsandvision.nl\/de\/#organization"},"potentialAction":[{"@type":"SearchAction","target":{"@type":"EntryPoint","urlTemplate":"https:\/\/trendsandvision.nl\/de\/?s={search_term_string}"},"query-input":{"@type":"PropertyValueSpecification","valueRequired":true,"valueName":"search_term_string"}}],"inLanguage":"de"},{"@type":"Organization","@id":"https:\/\/trendsandvision.nl\/de\/#organization","name":"Trends &amp; Vision (DE)","url":"https:\/\/trendsandvision.nl\/de\/","logo":{"@type":"ImageObject","inLanguage":"de","@id":"https:\/\/trendsandvision.nl\/de\/#\/schema\/logo\/image\/","url":"https:\/\/trendsandvision.nl\/de\/wp-content\/uploads\/sites\/3\/2022\/04\/trends-and-vision-logo.jpg","contentUrl":"https:\/\/trendsandvision.nl\/de\/wp-content\/uploads\/sites\/3\/2022\/04\/trends-and-vision-logo.jpg","width":213,"height":100,"caption":"Trends &amp; Vision (DE)"},"image":{"@id":"https:\/\/trendsandvision.nl\/de\/#\/schema\/logo\/image\/"}}]}},"_links":{"self":[{"href":"https:\/\/trendsandvision.nl\/de\/wp-json\/wp\/v2\/product\/12247","targetHints":{"allow":["GET"]}}],"collection":[{"href":"https:\/\/trendsandvision.nl\/de\/wp-json\/wp\/v2\/product"}],"about":[{"href":"https:\/\/trendsandvision.nl\/de\/wp-json\/wp\/v2\/types\/product"}],"wp:featuredmedia":[{"embeddable":true,"href":"https:\/\/trendsandvision.nl\/de\/wp-json\/wp\/v2\/media\/12248"}],"wp:attachment":[{"href":"https:\/\/trendsandvision.nl\/de\/wp-json\/wp\/v2\/media?parent=12247"}],"wp:term":[{"taxonomy":"product_brand","embeddable":true,"href":"https:\/\/trendsandvision.nl\/de\/wp-json\/wp\/v2\/product_brand?post=12247"},{"taxonomy":"product_cat","embeddable":true,"href":"https:\/\/trendsandvision.nl\/de\/wp-json\/wp\/v2\/product_cat?post=12247"},{"taxonomy":"product_tag","embeddable":true,"href":"https:\/\/trendsandvision.nl\/de\/wp-json\/wp\/v2\/product_tag?post=12247"}],"curies":[{"name":"wp","href":"https:\/\/api.w.org\/{rel}","templated":true}]}}