{"id":12241,"date":"2024-07-19T10:52:43","date_gmt":"2024-07-19T08:52:43","guid":{"rendered":"https:\/\/trendsandvision.nl\/de\/product\/esschert-design-schutzsilo-fuer-meisenknoedel-fb599-8714982258060\/"},"modified":"2026-04-07T10:26:57","modified_gmt":"2026-04-07T08:26:57","slug":"esschert-design-schutzsilo-fuer-meisenknoedel","status":"publish","type":"product","link":"https:\/\/trendsandvision.nl\/de\/product\/esschert-design-schutzsilo-fuer-meisenknoedel\/","title":{"rendered":"Esschert Design Schutzsilo f\u00fcr Meisenkn\u00f6del"},"content":{"rendered":"<p>Um zu verhindern, dass Kr\u00e4hen oder Eichh\u00f6rnchen an das Futter gelangen, befindet sich dieser Futtersilo in einem speziellen Halter. Kleine V\u00f6gel wie Meisen k\u00f6nnen m\u00fchelos durch das Gitter greifen, um an das Futter zu gelangen. Durch die offene Struktur des Korbes k\u00f6nnen die V\u00f6gel die <strong><a href=\"https:\/\/trendsandvision.nl\/de\/?s=meisenkn&amp;post_type=product&amp;dgwt_wcas=1\">Meisenkn\u00f6del<\/a><\/strong> von allen Seiten genie\u00dfen. Der Silo l\u00e4sst sich einfach <strong><a href=\"https:\/\/trendsandvision.nl\/de\/?s=meisenkn&amp;post_type=product&amp;dgwt_wcas=1\">nachf\u00fcllen<\/a><\/strong>, indem man den Deckel an der Oberseite anhebt.<\/p>\n<p>Artikelname Selektive Meisenkn\u00f6delmaschine<br \/>\nArtikelnummer FB599<br \/>\nBarcode 8714982258060<br \/>\nProduktgruppe(n) V\u00f6gel &amp; Gartentiere, F\u00fctterungssysteme, Futteraufh\u00e4nger<br \/>\nProduktabmessungen in cm L 15,6 x T 15,6 x H 22,4<br \/>\nMaterial Weichstahl<br \/>\nBruttogewicht 0,292 kg<br \/>\nNettogewicht 0,265 kg<br \/>\nProduzent <a href=\"https:\/\/www.esschertdesign.com\/shop\/de\/selectieve-vetbollenautomaat-fb599\" target=\"_blank\">Esschert Design<\/a><\/p>\n<p>Bestellen Sie einfach diesen <a href=\"https:\/\/trendsandvision.nl\/de\/product\/esschert-design-baumhaken\/\" rel=\"noopener\" target=\"_blank\">baumfreundlichen Aufh\u00e4ngehaken<\/a> mit auf unsere Shop<\/p>\n","protected":false},"excerpt":{"rendered":"<p>Schutz vor Kr\u00e4hen und Eichh\u00f6rnchen<br \/>\nOffene Struktur<br \/>\nEinfach nachzuf\u00fcllen<br \/>\nL \/ T \u00f8 15,6 x H 22,4 cm<br \/>\nMaterial Weichstahl<br \/>\nNettogewicht 0,265 kg<br \/>\nBarcode 8714982258060<\/p>\n","protected":false},"featured_media":12242,"template":"","meta":[],"product_brand":[9597,9598],"product_cat":[1315],"product_tag":[7497,6759],"class_list":{"0":"post-12241","1":"product","2":"type-product","3":"status-publish","4":"has-post-thumbnail","6":"product_brand-esschert-design","7":"product_brand-trends-and-vision","8":"product_cat-best-for-birds","9":"product_tag-futteraufhaenger","10":"product_tag-fuetterungssysteme","11":"pa_anbieter-esschert-design","12":"pa_ean-code-6610","14":"first","15":"outofstock","16":"sale","17":"taxable","18":"shipping-taxable","19":"purchasable","20":"product-type-simple","21":"czr-hentry"},"yoast_head":"<!-- This site is optimized with the Yoast SEO Premium plugin v26.4 (Yoast SEO v27.4) - https:\/\/yoast.com\/product\/yoast-seo-premium-wordpress\/ -->\n<title>Esschert Design Schutzsilo f\u00fcr Meisenkn\u00f6del (FB599)<\/title>\n<meta name=\"description\" content=\"ED Schutzsilo f\u00fcr Meisenkn\u00f6del (FB599 EAN 8714982258060) Schutz vor Kr\u00e4hen, Eichh\u00f6rnchen, Einfach nachzuf\u00fcllen, L \/ T \u00f8 15,6 x H 22,4 cm, Weichstahl\" \/>\n<meta name=\"robots\" content=\"index, follow, max-snippet:-1, max-image-preview:large, max-video-preview:-1\" \/>\n<link rel=\"canonical\" href=\"https:\/\/trendsandvision.nl\/de\/product\/esschert-design-schutzsilo-fuer-meisenknoedel\/\" \/>\n<meta property=\"og:locale\" content=\"de_DE\" \/>\n<meta property=\"og:type\" content=\"article\" \/>\n<meta property=\"og:title\" content=\"Esschert Design Schutzsilo f\u00fcr Meisenkn\u00f6del\" \/>\n<meta property=\"og:description\" content=\"ED Schutzsilo f\u00fcr Meisenkn\u00f6del (FB599 EAN 8714982258060) Schutz vor Kr\u00e4hen, Eichh\u00f6rnchen, Einfach nachzuf\u00fcllen, L \/ T \u00f8 15,6 x H 22,4 cm, Weichstahl\" \/>\n<meta property=\"og:url\" content=\"https:\/\/trendsandvision.nl\/de\/product\/esschert-design-schutzsilo-fuer-meisenknoedel\/\" \/>\n<meta property=\"og:site_name\" content=\"Trends &amp; Vision (DE)\" \/>\n<meta property=\"article:modified_time\" content=\"2026-04-07T08:26:57+00:00\" \/>\n<meta property=\"og:image\" content=\"https:\/\/trendsandvision.nl\/de\/wp-content\/uploads\/sites\/3\/2024\/07\/FB599_01.jpg\" \/>\n\t<meta property=\"og:image:width\" content=\"800\" \/>\n\t<meta property=\"og:image:height\" content=\"800\" \/>\n\t<meta property=\"og:image:type\" content=\"image\/jpeg\" \/>\n<meta name=\"twitter:card\" content=\"summary_large_image\" \/>\n<meta name=\"twitter:label1\" content=\"Gesch\u00e4tzte Lesezeit\" \/>\n\t<meta name=\"twitter:data1\" content=\"1\u00a0Minute\" \/>\n<script type=\"application\/ld+json\" class=\"yoast-schema-graph\">{\"@context\":\"https:\\\/\\\/schema.org\",\"@graph\":[{\"@type\":\"WebPage\",\"@id\":\"https:\\\/\\\/trendsandvision.nl\\\/de\\\/product\\\/esschert-design-schutzsilo-fuer-meisenknoedel\\\/\",\"url\":\"https:\\\/\\\/trendsandvision.nl\\\/de\\\/product\\\/esschert-design-schutzsilo-fuer-meisenknoedel\\\/\",\"name\":\"Esschert Design Schutzsilo f\u00fcr Meisenkn\u00f6del (FB599)\",\"isPartOf\":{\"@id\":\"https:\\\/\\\/trendsandvision.nl\\\/de\\\/#website\"},\"primaryImageOfPage\":{\"@id\":\"https:\\\/\\\/trendsandvision.nl\\\/de\\\/product\\\/esschert-design-schutzsilo-fuer-meisenknoedel\\\/#primaryimage\"},\"image\":{\"@id\":\"https:\\\/\\\/trendsandvision.nl\\\/de\\\/product\\\/esschert-design-schutzsilo-fuer-meisenknoedel\\\/#primaryimage\"},\"thumbnailUrl\":\"https:\\\/\\\/trendsandvision.nl\\\/de\\\/wp-content\\\/uploads\\\/sites\\\/3\\\/2024\\\/07\\\/FB599_01.jpg\",\"datePublished\":\"2024-07-19T08:52:43+00:00\",\"dateModified\":\"2026-04-07T08:26:57+00:00\",\"description\":\"ED Schutzsilo f\u00fcr Meisenkn\u00f6del (FB599 EAN 8714982258060) Schutz vor Kr\u00e4hen, Eichh\u00f6rnchen, Einfach nachzuf\u00fcllen, L \\\/ T \u00f8 15,6 x H 22,4 cm, Weichstahl\",\"breadcrumb\":{\"@id\":\"https:\\\/\\\/trendsandvision.nl\\\/de\\\/product\\\/esschert-design-schutzsilo-fuer-meisenknoedel\\\/#breadcrumb\"},\"inLanguage\":\"de\",\"potentialAction\":[{\"@type\":\"ReadAction\",\"target\":[\"https:\\\/\\\/trendsandvision.nl\\\/de\\\/product\\\/esschert-design-schutzsilo-fuer-meisenknoedel\\\/\"]}]},{\"@type\":\"ImageObject\",\"inLanguage\":\"de\",\"@id\":\"https:\\\/\\\/trendsandvision.nl\\\/de\\\/product\\\/esschert-design-schutzsilo-fuer-meisenknoedel\\\/#primaryimage\",\"url\":\"https:\\\/\\\/trendsandvision.nl\\\/de\\\/wp-content\\\/uploads\\\/sites\\\/3\\\/2024\\\/07\\\/FB599_01.jpg\",\"contentUrl\":\"https:\\\/\\\/trendsandvision.nl\\\/de\\\/wp-content\\\/uploads\\\/sites\\\/3\\\/2024\\\/07\\\/FB599_01.jpg\",\"width\":800,\"height\":800,\"caption\":\"Trends and Vision Schutzsilo f\u00fcr Meisenkn\u00f6del (FB599 EAN 8714982258060) Schutz vor Kr\u00e4hen, Eichh\u00f6rnchen, Einfach nachzuf\u00fcllen, L \\\/ T \u00f8 15,6 x H 22,4 cm, Weichstahl\"},{\"@type\":\"BreadcrumbList\",\"@id\":\"https:\\\/\\\/trendsandvision.nl\\\/de\\\/product\\\/esschert-design-schutzsilo-fuer-meisenknoedel\\\/#breadcrumb\",\"itemListElement\":[{\"@type\":\"ListItem\",\"position\":1,\"name\":\"Home\",\"item\":\"https:\\\/\\\/trendsandvision.nl\\\/de\\\/\"},{\"@type\":\"ListItem\",\"position\":2,\"name\":\"Gesch\u00e4ft\",\"item\":\"https:\\\/\\\/trendsandvision.nl\\\/de\\\/geschaft\\\/\"},{\"@type\":\"ListItem\",\"position\":3,\"name\":\"Esschert Design Schutzsilo f\u00fcr Meisenkn\u00f6del\"}]},{\"@type\":\"WebSite\",\"@id\":\"https:\\\/\\\/trendsandvision.nl\\\/de\\\/#website\",\"url\":\"https:\\\/\\\/trendsandvision.nl\\\/de\\\/\",\"name\":\"Trends &amp; Vision (DE)\",\"description\":\"Der Webshop f\u00fcr Esschert Design Artikel\",\"publisher\":{\"@id\":\"https:\\\/\\\/trendsandvision.nl\\\/de\\\/#organization\"},\"potentialAction\":[{\"@type\":\"SearchAction\",\"target\":{\"@type\":\"EntryPoint\",\"urlTemplate\":\"https:\\\/\\\/trendsandvision.nl\\\/de\\\/?s={search_term_string}\"},\"query-input\":{\"@type\":\"PropertyValueSpecification\",\"valueRequired\":true,\"valueName\":\"search_term_string\"}}],\"inLanguage\":\"de\"},{\"@type\":\"Organization\",\"@id\":\"https:\\\/\\\/trendsandvision.nl\\\/de\\\/#organization\",\"name\":\"Trends &amp; Vision (DE)\",\"url\":\"https:\\\/\\\/trendsandvision.nl\\\/de\\\/\",\"logo\":{\"@type\":\"ImageObject\",\"inLanguage\":\"de\",\"@id\":\"https:\\\/\\\/trendsandvision.nl\\\/de\\\/#\\\/schema\\\/logo\\\/image\\\/\",\"url\":\"https:\\\/\\\/trendsandvision.nl\\\/de\\\/wp-content\\\/uploads\\\/sites\\\/3\\\/2022\\\/04\\\/trends-and-vision-logo.jpg\",\"contentUrl\":\"https:\\\/\\\/trendsandvision.nl\\\/de\\\/wp-content\\\/uploads\\\/sites\\\/3\\\/2022\\\/04\\\/trends-and-vision-logo.jpg\",\"width\":213,\"height\":100,\"caption\":\"Trends &amp; Vision (DE)\"},\"image\":{\"@id\":\"https:\\\/\\\/trendsandvision.nl\\\/de\\\/#\\\/schema\\\/logo\\\/image\\\/\"}}]}<\/script>\n<!-- \/ Yoast SEO Premium plugin. -->","yoast_head_json":{"title":"Esschert Design Schutzsilo f\u00fcr Meisenkn\u00f6del (FB599)","description":"ED Schutzsilo f\u00fcr Meisenkn\u00f6del (FB599 EAN 8714982258060) Schutz vor Kr\u00e4hen, Eichh\u00f6rnchen, Einfach nachzuf\u00fcllen, L \/ T \u00f8 15,6 x H 22,4 cm, Weichstahl","robots":{"index":"index","follow":"follow","max-snippet":"max-snippet:-1","max-image-preview":"max-image-preview:large","max-video-preview":"max-video-preview:-1"},"canonical":"https:\/\/trendsandvision.nl\/de\/product\/esschert-design-schutzsilo-fuer-meisenknoedel\/","og_locale":"de_DE","og_type":"article","og_title":"Esschert Design Schutzsilo f\u00fcr Meisenkn\u00f6del","og_description":"ED Schutzsilo f\u00fcr Meisenkn\u00f6del (FB599 EAN 8714982258060) Schutz vor Kr\u00e4hen, Eichh\u00f6rnchen, Einfach nachzuf\u00fcllen, L \/ T \u00f8 15,6 x H 22,4 cm, Weichstahl","og_url":"https:\/\/trendsandvision.nl\/de\/product\/esschert-design-schutzsilo-fuer-meisenknoedel\/","og_site_name":"Trends &amp; Vision (DE)","article_modified_time":"2026-04-07T08:26:57+00:00","og_image":[{"width":800,"height":800,"url":"https:\/\/trendsandvision.nl\/de\/wp-content\/uploads\/sites\/3\/2024\/07\/FB599_01.jpg","type":"image\/jpeg"}],"twitter_card":"summary_large_image","twitter_misc":{"Gesch\u00e4tzte Lesezeit":"1\u00a0Minute"},"schema":{"@context":"https:\/\/schema.org","@graph":[{"@type":"WebPage","@id":"https:\/\/trendsandvision.nl\/de\/product\/esschert-design-schutzsilo-fuer-meisenknoedel\/","url":"https:\/\/trendsandvision.nl\/de\/product\/esschert-design-schutzsilo-fuer-meisenknoedel\/","name":"Esschert Design Schutzsilo f\u00fcr Meisenkn\u00f6del (FB599)","isPartOf":{"@id":"https:\/\/trendsandvision.nl\/de\/#website"},"primaryImageOfPage":{"@id":"https:\/\/trendsandvision.nl\/de\/product\/esschert-design-schutzsilo-fuer-meisenknoedel\/#primaryimage"},"image":{"@id":"https:\/\/trendsandvision.nl\/de\/product\/esschert-design-schutzsilo-fuer-meisenknoedel\/#primaryimage"},"thumbnailUrl":"https:\/\/trendsandvision.nl\/de\/wp-content\/uploads\/sites\/3\/2024\/07\/FB599_01.jpg","datePublished":"2024-07-19T08:52:43+00:00","dateModified":"2026-04-07T08:26:57+00:00","description":"ED Schutzsilo f\u00fcr Meisenkn\u00f6del (FB599 EAN 8714982258060) Schutz vor Kr\u00e4hen, Eichh\u00f6rnchen, Einfach nachzuf\u00fcllen, L \/ T \u00f8 15,6 x H 22,4 cm, Weichstahl","breadcrumb":{"@id":"https:\/\/trendsandvision.nl\/de\/product\/esschert-design-schutzsilo-fuer-meisenknoedel\/#breadcrumb"},"inLanguage":"de","potentialAction":[{"@type":"ReadAction","target":["https:\/\/trendsandvision.nl\/de\/product\/esschert-design-schutzsilo-fuer-meisenknoedel\/"]}]},{"@type":"ImageObject","inLanguage":"de","@id":"https:\/\/trendsandvision.nl\/de\/product\/esschert-design-schutzsilo-fuer-meisenknoedel\/#primaryimage","url":"https:\/\/trendsandvision.nl\/de\/wp-content\/uploads\/sites\/3\/2024\/07\/FB599_01.jpg","contentUrl":"https:\/\/trendsandvision.nl\/de\/wp-content\/uploads\/sites\/3\/2024\/07\/FB599_01.jpg","width":800,"height":800,"caption":"Trends and Vision Schutzsilo f\u00fcr Meisenkn\u00f6del (FB599 EAN 8714982258060) Schutz vor Kr\u00e4hen, Eichh\u00f6rnchen, Einfach nachzuf\u00fcllen, L \/ T \u00f8 15,6 x H 22,4 cm, Weichstahl"},{"@type":"BreadcrumbList","@id":"https:\/\/trendsandvision.nl\/de\/product\/esschert-design-schutzsilo-fuer-meisenknoedel\/#breadcrumb","itemListElement":[{"@type":"ListItem","position":1,"name":"Home","item":"https:\/\/trendsandvision.nl\/de\/"},{"@type":"ListItem","position":2,"name":"Gesch\u00e4ft","item":"https:\/\/trendsandvision.nl\/de\/geschaft\/"},{"@type":"ListItem","position":3,"name":"Esschert Design Schutzsilo f\u00fcr Meisenkn\u00f6del"}]},{"@type":"WebSite","@id":"https:\/\/trendsandvision.nl\/de\/#website","url":"https:\/\/trendsandvision.nl\/de\/","name":"Trends &amp; Vision (DE)","description":"Der Webshop f\u00fcr Esschert Design Artikel","publisher":{"@id":"https:\/\/trendsandvision.nl\/de\/#organization"},"potentialAction":[{"@type":"SearchAction","target":{"@type":"EntryPoint","urlTemplate":"https:\/\/trendsandvision.nl\/de\/?s={search_term_string}"},"query-input":{"@type":"PropertyValueSpecification","valueRequired":true,"valueName":"search_term_string"}}],"inLanguage":"de"},{"@type":"Organization","@id":"https:\/\/trendsandvision.nl\/de\/#organization","name":"Trends &amp; Vision (DE)","url":"https:\/\/trendsandvision.nl\/de\/","logo":{"@type":"ImageObject","inLanguage":"de","@id":"https:\/\/trendsandvision.nl\/de\/#\/schema\/logo\/image\/","url":"https:\/\/trendsandvision.nl\/de\/wp-content\/uploads\/sites\/3\/2022\/04\/trends-and-vision-logo.jpg","contentUrl":"https:\/\/trendsandvision.nl\/de\/wp-content\/uploads\/sites\/3\/2022\/04\/trends-and-vision-logo.jpg","width":213,"height":100,"caption":"Trends &amp; Vision (DE)"},"image":{"@id":"https:\/\/trendsandvision.nl\/de\/#\/schema\/logo\/image\/"}}]}},"_links":{"self":[{"href":"https:\/\/trendsandvision.nl\/de\/wp-json\/wp\/v2\/product\/12241","targetHints":{"allow":["GET"]}}],"collection":[{"href":"https:\/\/trendsandvision.nl\/de\/wp-json\/wp\/v2\/product"}],"about":[{"href":"https:\/\/trendsandvision.nl\/de\/wp-json\/wp\/v2\/types\/product"}],"wp:featuredmedia":[{"embeddable":true,"href":"https:\/\/trendsandvision.nl\/de\/wp-json\/wp\/v2\/media\/12242"}],"wp:attachment":[{"href":"https:\/\/trendsandvision.nl\/de\/wp-json\/wp\/v2\/media?parent=12241"}],"wp:term":[{"taxonomy":"product_brand","embeddable":true,"href":"https:\/\/trendsandvision.nl\/de\/wp-json\/wp\/v2\/product_brand?post=12241"},{"taxonomy":"product_cat","embeddable":true,"href":"https:\/\/trendsandvision.nl\/de\/wp-json\/wp\/v2\/product_cat?post=12241"},{"taxonomy":"product_tag","embeddable":true,"href":"https:\/\/trendsandvision.nl\/de\/wp-json\/wp\/v2\/product_tag?post=12241"}],"curies":[{"name":"wp","href":"https:\/\/api.w.org\/{rel}","templated":true}]}}