{"id":11693,"date":"2024-01-17T17:15:44","date_gmt":"2024-01-17T16:15:44","guid":{"rendered":"https:\/\/trendsandvision.nl\/de\/product\/esschert-design-spiegel-metall-romanisch-auf-fuessen\/"},"modified":"2026-03-10T15:37:08","modified_gmt":"2026-03-10T14:37:08","slug":"esschert-design-spiegel-metall-romanisch-auf-fuessen","status":"publish","type":"product","link":"https:\/\/trendsandvision.nl\/de\/product\/esschert-design-spiegel-metall-romanisch-auf-fuessen\/","title":{"rendered":"Esschert Design Spiegel Metall Romanisch auf F\u00fc\u00dfen"},"content":{"rendered":"<p>Esschert Design Spiegel Metall Romanisch auf F\u00fc\u00dfen.<br \/>\nDieser gro\u00dfe Spiegel ist von alten s\u00e4chsischen Kirchenfenstern inspiriert. Er schafft optische Weite im Garten und ist speziell f\u00fcr den Au\u00dfenbereich konzipiert. Nicht jeder Garten bietet die M\u00f6glichkeit, einen Spiegel aufzuh\u00e4ngen.<br \/>\nDank der zwei Standf\u00fc\u00dfe kann dieser Spiegel in jeder Ecke des Gartens platziert werden.<\/p>\n<p>Artikelname Spiegel Metall Romanisch auf F\u00fc\u00dfen<br \/>\nArtikelnummer WD48<br \/>\nProduktgruppe(n) Garten&amp;Terrasse, Statuen und Spiegel, Spiegel<br \/>\nProduktabmessungen in cm L 65 x T 40 x H 180<br \/>\nMaterial Weichstahl, Glas, PVC<br \/>\nNettogewicht 12,909 kg<br \/>\nBarcode 8714982259104<br \/>\nProduzent <a href=\"https:\/\/www.esschertdesign.com\/shop\/de\/spiegel-op-voet-metal-romaans-wd48\" target=\"_blank\">Esschert Design<\/a><\/p>\n<p>Sehr geehrter Kunde, die Versandkosten f\u00fcr diesen Artikel sind h\u00f6her als das (Versand)Angebot im Shop angebt.<br \/>\nF\u00fcr die sichere Lieferung dieses Artikels sind die tats\u00e4chlichen Versandkosten vielleicht h\u00f6her.<br \/>\nNach der Bestellung erhalten Sie ein E-Mail mit IDEAL \u201eLink\u201c wohin die m\u00f6gliche Mehrkosten sind berechnet.<\/p>\n","protected":false},"excerpt":{"rendered":"<p>L 65 x T 40 x H 180 cm<br \/>\n\u00dcberall platzierbar<br \/>\nSpeziell f\u00fcr den Au\u00dfenbereich gefertigt<br \/>\nInspiriert von s\u00e4chsischen Kirchenfenstern<br \/>\nF\u00fc\u00dfe inklusive (zum Selbstaufbau)<br \/>\nMaterial Weichstahl, Glas, PVC<br \/>\nNettogewicht 12,909 kg<br \/>\nBarcode 8714982259104<\/p>\n","protected":false},"featured_media":11703,"template":"","meta":[],"product_brand":[9597,9598],"product_cat":[503],"product_tag":[8759,7053,6740,8758,6778],"class_list":{"0":"post-11693","1":"product","2":"type-product","3":"status-publish","4":"has-post-thumbnail","6":"product_brand-esschert-design","7":"product_brand-trends-and-vision","8":"product_cat-esscherts-garden","9":"product_tag-auf-fuessen","10":"product_tag-aussenspiegel","11":"product_tag-garten","12":"product_tag-romanisch","13":"product_tag-terrasse","14":"pa_anbieter-esschert-design","15":"pa_ean-code-6595","16":"pa_messungen-650x400x1800-cm","18":"first","19":"instock","20":"sale","21":"taxable","22":"shipping-taxable","23":"purchasable","24":"product-type-simple","25":"czr-hentry"},"yoast_head":"<!-- This site is optimized with the Yoast SEO Premium plugin v26.4 (Yoast SEO v27.3) - https:\/\/yoast.com\/product\/yoast-seo-premium-wordpress\/ -->\n<title>Esschert Design Spiegel Metall romanisch auf F\u00fc\u00dfen (WD48 )<\/title>\n<meta name=\"description\" content=\"Esschert Design Spiegel Metall romanisch auf F\u00fc\u00dfen (WD48 EAN 8714982259104) cm L 65 x T 40 x H 180, Material Weichstahl, Glas, PVC, Nettogewicht 12,909 kg\" \/>\n<meta name=\"robots\" content=\"index, follow, max-snippet:-1, max-image-preview:large, max-video-preview:-1\" \/>\n<link rel=\"canonical\" href=\"https:\/\/trendsandvision.nl\/de\/product\/esschert-design-spiegel-metall-romanisch-auf-fuessen\/\" \/>\n<meta property=\"og:locale\" content=\"de_DE\" \/>\n<meta property=\"og:type\" content=\"article\" \/>\n<meta property=\"og:title\" content=\"Esschert Design Spiegel Metall Romanisch auf F\u00fc\u00dfen\" \/>\n<meta property=\"og:description\" content=\"Esschert Design Spiegel Metall romanisch auf F\u00fc\u00dfen (WD48 EAN 8714982259104) cm L 65 x T 40 x H 180, Material Weichstahl, Glas, PVC, Nettogewicht 12,909 kg\" \/>\n<meta property=\"og:url\" content=\"https:\/\/trendsandvision.nl\/de\/product\/esschert-design-spiegel-metall-romanisch-auf-fuessen\/\" \/>\n<meta property=\"og:site_name\" content=\"Trends &amp; Vision (DE)\" \/>\n<meta property=\"article:modified_time\" content=\"2026-03-10T14:37:08+00:00\" \/>\n<meta property=\"og:image\" content=\"https:\/\/trendsandvision.nl\/de\/wp-content\/uploads\/sites\/3\/2024\/01\/image-1.png\" \/>\n\t<meta property=\"og:image:width\" content=\"300\" \/>\n\t<meta property=\"og:image:height\" content=\"300\" \/>\n\t<meta property=\"og:image:type\" content=\"image\/png\" \/>\n<meta name=\"twitter:card\" content=\"summary_large_image\" \/>\n<meta name=\"twitter:label1\" content=\"Gesch\u00e4tzte Lesezeit\" \/>\n\t<meta name=\"twitter:data1\" content=\"1\u00a0Minute\" \/>\n<script type=\"application\/ld+json\" class=\"yoast-schema-graph\">{\"@context\":\"https:\\\/\\\/schema.org\",\"@graph\":[{\"@type\":\"WebPage\",\"@id\":\"https:\\\/\\\/trendsandvision.nl\\\/de\\\/product\\\/esschert-design-spiegel-metall-romanisch-auf-fuessen\\\/\",\"url\":\"https:\\\/\\\/trendsandvision.nl\\\/de\\\/product\\\/esschert-design-spiegel-metall-romanisch-auf-fuessen\\\/\",\"name\":\"Esschert Design Spiegel Metall romanisch auf F\u00fc\u00dfen (WD48 )\",\"isPartOf\":{\"@id\":\"https:\\\/\\\/trendsandvision.nl\\\/de\\\/#website\"},\"primaryImageOfPage\":{\"@id\":\"https:\\\/\\\/trendsandvision.nl\\\/de\\\/product\\\/esschert-design-spiegel-metall-romanisch-auf-fuessen\\\/#primaryimage\"},\"image\":{\"@id\":\"https:\\\/\\\/trendsandvision.nl\\\/de\\\/product\\\/esschert-design-spiegel-metall-romanisch-auf-fuessen\\\/#primaryimage\"},\"thumbnailUrl\":\"https:\\\/\\\/trendsandvision.nl\\\/de\\\/wp-content\\\/uploads\\\/sites\\\/3\\\/2024\\\/01\\\/image-1.png\",\"datePublished\":\"2024-01-17T16:15:44+00:00\",\"dateModified\":\"2026-03-10T14:37:08+00:00\",\"description\":\"Esschert Design Spiegel Metall romanisch auf F\u00fc\u00dfen (WD48 EAN 8714982259104) cm L 65 x T 40 x H 180, Material Weichstahl, Glas, PVC, Nettogewicht 12,909 kg\",\"breadcrumb\":{\"@id\":\"https:\\\/\\\/trendsandvision.nl\\\/de\\\/product\\\/esschert-design-spiegel-metall-romanisch-auf-fuessen\\\/#breadcrumb\"},\"inLanguage\":\"de\",\"potentialAction\":[{\"@type\":\"ReadAction\",\"target\":[\"https:\\\/\\\/trendsandvision.nl\\\/de\\\/product\\\/esschert-design-spiegel-metall-romanisch-auf-fuessen\\\/\"]}]},{\"@type\":\"ImageObject\",\"inLanguage\":\"de\",\"@id\":\"https:\\\/\\\/trendsandvision.nl\\\/de\\\/product\\\/esschert-design-spiegel-metall-romanisch-auf-fuessen\\\/#primaryimage\",\"url\":\"https:\\\/\\\/trendsandvision.nl\\\/de\\\/wp-content\\\/uploads\\\/sites\\\/3\\\/2024\\\/01\\\/image-1.png\",\"contentUrl\":\"https:\\\/\\\/trendsandvision.nl\\\/de\\\/wp-content\\\/uploads\\\/sites\\\/3\\\/2024\\\/01\\\/image-1.png\",\"width\":300,\"height\":300,\"caption\":\"Trends and Vision Spiegel Metall romanisch auf F\u00fc\u00dfen (WD48) EAN 8714982259104) cm L 65 x T 40 x H 180, Material Weichstahl, Glas, PVC, Nettogewicht 12,909 kg\"},{\"@type\":\"BreadcrumbList\",\"@id\":\"https:\\\/\\\/trendsandvision.nl\\\/de\\\/product\\\/esschert-design-spiegel-metall-romanisch-auf-fuessen\\\/#breadcrumb\",\"itemListElement\":[{\"@type\":\"ListItem\",\"position\":1,\"name\":\"Home\",\"item\":\"https:\\\/\\\/trendsandvision.nl\\\/de\\\/\"},{\"@type\":\"ListItem\",\"position\":2,\"name\":\"Gesch\u00e4ft\",\"item\":\"https:\\\/\\\/trendsandvision.nl\\\/de\\\/geschaft\\\/\"},{\"@type\":\"ListItem\",\"position\":3,\"name\":\"Esschert Design Spiegel Metall Romanisch auf F\u00fc\u00dfen\"}]},{\"@type\":\"WebSite\",\"@id\":\"https:\\\/\\\/trendsandvision.nl\\\/de\\\/#website\",\"url\":\"https:\\\/\\\/trendsandvision.nl\\\/de\\\/\",\"name\":\"Trends &amp; Vision (DE)\",\"description\":\"Der Webshop f\u00fcr Esschert Design Artikel\",\"publisher\":{\"@id\":\"https:\\\/\\\/trendsandvision.nl\\\/de\\\/#organization\"},\"potentialAction\":[{\"@type\":\"SearchAction\",\"target\":{\"@type\":\"EntryPoint\",\"urlTemplate\":\"https:\\\/\\\/trendsandvision.nl\\\/de\\\/?s={search_term_string}\"},\"query-input\":{\"@type\":\"PropertyValueSpecification\",\"valueRequired\":true,\"valueName\":\"search_term_string\"}}],\"inLanguage\":\"de\"},{\"@type\":\"Organization\",\"@id\":\"https:\\\/\\\/trendsandvision.nl\\\/de\\\/#organization\",\"name\":\"Trends &amp; Vision (DE)\",\"url\":\"https:\\\/\\\/trendsandvision.nl\\\/de\\\/\",\"logo\":{\"@type\":\"ImageObject\",\"inLanguage\":\"de\",\"@id\":\"https:\\\/\\\/trendsandvision.nl\\\/de\\\/#\\\/schema\\\/logo\\\/image\\\/\",\"url\":\"https:\\\/\\\/trendsandvision.nl\\\/de\\\/wp-content\\\/uploads\\\/sites\\\/3\\\/2022\\\/04\\\/trends-and-vision-logo.jpg\",\"contentUrl\":\"https:\\\/\\\/trendsandvision.nl\\\/de\\\/wp-content\\\/uploads\\\/sites\\\/3\\\/2022\\\/04\\\/trends-and-vision-logo.jpg\",\"width\":213,\"height\":100,\"caption\":\"Trends &amp; Vision (DE)\"},\"image\":{\"@id\":\"https:\\\/\\\/trendsandvision.nl\\\/de\\\/#\\\/schema\\\/logo\\\/image\\\/\"}}]}<\/script>\n<!-- \/ Yoast SEO Premium plugin. -->","yoast_head_json":{"title":"Esschert Design Spiegel Metall romanisch auf F\u00fc\u00dfen (WD48 )","description":"Esschert Design Spiegel Metall romanisch auf F\u00fc\u00dfen (WD48 EAN 8714982259104) cm L 65 x T 40 x H 180, Material Weichstahl, Glas, PVC, Nettogewicht 12,909 kg","robots":{"index":"index","follow":"follow","max-snippet":"max-snippet:-1","max-image-preview":"max-image-preview:large","max-video-preview":"max-video-preview:-1"},"canonical":"https:\/\/trendsandvision.nl\/de\/product\/esschert-design-spiegel-metall-romanisch-auf-fuessen\/","og_locale":"de_DE","og_type":"article","og_title":"Esschert Design Spiegel Metall Romanisch auf F\u00fc\u00dfen","og_description":"Esschert Design Spiegel Metall romanisch auf F\u00fc\u00dfen (WD48 EAN 8714982259104) cm L 65 x T 40 x H 180, Material Weichstahl, Glas, PVC, Nettogewicht 12,909 kg","og_url":"https:\/\/trendsandvision.nl\/de\/product\/esschert-design-spiegel-metall-romanisch-auf-fuessen\/","og_site_name":"Trends &amp; Vision (DE)","article_modified_time":"2026-03-10T14:37:08+00:00","og_image":[{"width":300,"height":300,"url":"https:\/\/trendsandvision.nl\/de\/wp-content\/uploads\/sites\/3\/2024\/01\/image-1.png","type":"image\/png"}],"twitter_card":"summary_large_image","twitter_misc":{"Gesch\u00e4tzte Lesezeit":"1\u00a0Minute"},"schema":{"@context":"https:\/\/schema.org","@graph":[{"@type":"WebPage","@id":"https:\/\/trendsandvision.nl\/de\/product\/esschert-design-spiegel-metall-romanisch-auf-fuessen\/","url":"https:\/\/trendsandvision.nl\/de\/product\/esschert-design-spiegel-metall-romanisch-auf-fuessen\/","name":"Esschert Design Spiegel Metall romanisch auf F\u00fc\u00dfen (WD48 )","isPartOf":{"@id":"https:\/\/trendsandvision.nl\/de\/#website"},"primaryImageOfPage":{"@id":"https:\/\/trendsandvision.nl\/de\/product\/esschert-design-spiegel-metall-romanisch-auf-fuessen\/#primaryimage"},"image":{"@id":"https:\/\/trendsandvision.nl\/de\/product\/esschert-design-spiegel-metall-romanisch-auf-fuessen\/#primaryimage"},"thumbnailUrl":"https:\/\/trendsandvision.nl\/de\/wp-content\/uploads\/sites\/3\/2024\/01\/image-1.png","datePublished":"2024-01-17T16:15:44+00:00","dateModified":"2026-03-10T14:37:08+00:00","description":"Esschert Design Spiegel Metall romanisch auf F\u00fc\u00dfen (WD48 EAN 8714982259104) cm L 65 x T 40 x H 180, Material Weichstahl, Glas, PVC, Nettogewicht 12,909 kg","breadcrumb":{"@id":"https:\/\/trendsandvision.nl\/de\/product\/esschert-design-spiegel-metall-romanisch-auf-fuessen\/#breadcrumb"},"inLanguage":"de","potentialAction":[{"@type":"ReadAction","target":["https:\/\/trendsandvision.nl\/de\/product\/esschert-design-spiegel-metall-romanisch-auf-fuessen\/"]}]},{"@type":"ImageObject","inLanguage":"de","@id":"https:\/\/trendsandvision.nl\/de\/product\/esschert-design-spiegel-metall-romanisch-auf-fuessen\/#primaryimage","url":"https:\/\/trendsandvision.nl\/de\/wp-content\/uploads\/sites\/3\/2024\/01\/image-1.png","contentUrl":"https:\/\/trendsandvision.nl\/de\/wp-content\/uploads\/sites\/3\/2024\/01\/image-1.png","width":300,"height":300,"caption":"Trends and Vision Spiegel Metall romanisch auf F\u00fc\u00dfen (WD48) EAN 8714982259104) cm L 65 x T 40 x H 180, Material Weichstahl, Glas, PVC, Nettogewicht 12,909 kg"},{"@type":"BreadcrumbList","@id":"https:\/\/trendsandvision.nl\/de\/product\/esschert-design-spiegel-metall-romanisch-auf-fuessen\/#breadcrumb","itemListElement":[{"@type":"ListItem","position":1,"name":"Home","item":"https:\/\/trendsandvision.nl\/de\/"},{"@type":"ListItem","position":2,"name":"Gesch\u00e4ft","item":"https:\/\/trendsandvision.nl\/de\/geschaft\/"},{"@type":"ListItem","position":3,"name":"Esschert Design Spiegel Metall Romanisch auf F\u00fc\u00dfen"}]},{"@type":"WebSite","@id":"https:\/\/trendsandvision.nl\/de\/#website","url":"https:\/\/trendsandvision.nl\/de\/","name":"Trends &amp; Vision (DE)","description":"Der Webshop f\u00fcr Esschert Design Artikel","publisher":{"@id":"https:\/\/trendsandvision.nl\/de\/#organization"},"potentialAction":[{"@type":"SearchAction","target":{"@type":"EntryPoint","urlTemplate":"https:\/\/trendsandvision.nl\/de\/?s={search_term_string}"},"query-input":{"@type":"PropertyValueSpecification","valueRequired":true,"valueName":"search_term_string"}}],"inLanguage":"de"},{"@type":"Organization","@id":"https:\/\/trendsandvision.nl\/de\/#organization","name":"Trends &amp; Vision (DE)","url":"https:\/\/trendsandvision.nl\/de\/","logo":{"@type":"ImageObject","inLanguage":"de","@id":"https:\/\/trendsandvision.nl\/de\/#\/schema\/logo\/image\/","url":"https:\/\/trendsandvision.nl\/de\/wp-content\/uploads\/sites\/3\/2022\/04\/trends-and-vision-logo.jpg","contentUrl":"https:\/\/trendsandvision.nl\/de\/wp-content\/uploads\/sites\/3\/2022\/04\/trends-and-vision-logo.jpg","width":213,"height":100,"caption":"Trends &amp; Vision (DE)"},"image":{"@id":"https:\/\/trendsandvision.nl\/de\/#\/schema\/logo\/image\/"}}]}},"_links":{"self":[{"href":"https:\/\/trendsandvision.nl\/de\/wp-json\/wp\/v2\/product\/11693","targetHints":{"allow":["GET"]}}],"collection":[{"href":"https:\/\/trendsandvision.nl\/de\/wp-json\/wp\/v2\/product"}],"about":[{"href":"https:\/\/trendsandvision.nl\/de\/wp-json\/wp\/v2\/types\/product"}],"wp:featuredmedia":[{"embeddable":true,"href":"https:\/\/trendsandvision.nl\/de\/wp-json\/wp\/v2\/media\/11703"}],"wp:attachment":[{"href":"https:\/\/trendsandvision.nl\/de\/wp-json\/wp\/v2\/media?parent=11693"}],"wp:term":[{"taxonomy":"product_brand","embeddable":true,"href":"https:\/\/trendsandvision.nl\/de\/wp-json\/wp\/v2\/product_brand?post=11693"},{"taxonomy":"product_cat","embeddable":true,"href":"https:\/\/trendsandvision.nl\/de\/wp-json\/wp\/v2\/product_cat?post=11693"},{"taxonomy":"product_tag","embeddable":true,"href":"https:\/\/trendsandvision.nl\/de\/wp-json\/wp\/v2\/product_tag?post=11693"}],"curies":[{"name":"wp","href":"https:\/\/api.w.org\/{rel}","templated":true}]}}