{"id":11686,"date":"2024-01-17T17:15:38","date_gmt":"2024-01-17T16:15:38","guid":{"rendered":"https:\/\/trendsandvision.nl\/de\/product\/esschert-design-kraeuter-tuermatte-kokos-xl\/"},"modified":"2026-04-22T15:25:01","modified_gmt":"2026-04-22T13:25:01","slug":"esschert-design-kraeuter-tuermatte-kokos-xl","status":"publish","type":"product","link":"https:\/\/trendsandvision.nl\/de\/product\/esschert-design-kraeuter-tuermatte-kokos-xl\/","title":{"rendered":"Esschert Design Kr\u00e4uter- T\u00fcrmatte Kokos XL"},"content":{"rendered":"<p>Esschert Design Kr\u00e4uter- T\u00fcrmatte Kokos XL.<br \/>\nExtra langer rechteckiger Fu\u00dfabtreter aus Kokosfaser.<br \/>\nDie robusten Fasern erleichtern das Reinigen der Sohlen von Schuhen und Stiefeln.<br \/>\nDie Matte nimmt Staub und Schmutz auf, w\u00e4hrend die PVC-Unterseite sie sicher an Ort und Stelle h\u00e4lt.<\/p>\n<p>Artikelname Kr\u00e4uter- T\u00fcrmatte Kokos XL<br \/>\nArtikelnummer TR076<br \/>\nProduktgruppe(n) T\u00fcr&amp;Halle, T\u00fcrmatten, Kokosfaser<br \/>\nProduktabmessungen in cm L 120 x T 40 x H 1,8<br \/>\nMaterial Kokosfaser<br \/>\nNettogewicht 3,07 kg<br \/>\nBarcode 8714982259838<br \/>\nProduzent <a href=\"https:\/\/www.esschertdesign.com\/shop\/de\/kruiden-deurmat-kokos-xl-tr076\" target=\"_blank\">Esschert Design<\/a><\/p>\n","protected":false},"excerpt":{"rendered":"<p>Einfaches Reinigen von Schuhen und Stiefeln<br \/>\nRutschfeste PVC-Unterseite<br \/>\nF\u00fcr drinnen un drau\u00dfen geeignet<br \/>\nL 120 x T 40 x H 1,8 cm<br \/>\nMaterial Kokosfaser<br \/>\nNettogewicht 3,07 kg<br \/>\nBarcode 8714982259838<\/p>\n","protected":false},"featured_media":11687,"template":"","meta":[],"product_brand":[9597,9598],"product_cat":[851],"product_tag":[8757,7295,7115,6736,7312],"class_list":{"0":"post-11686","1":"product","2":"type-product","3":"status-publish","4":"has-post-thumbnail","6":"product_brand-esschert-design","7":"product_brand-trends-and-vision","8":"product_cat-best-for-boots","9":"product_tag-druck","10":"product_tag-kokos","11":"product_tag-kokosfasern","12":"product_tag-tuermatten","13":"product_tag-xl","14":"pa_anbieter-esschert-design","15":"pa_ean-code-6591","16":"pa_gewicht-6589","17":"pa_material-coconut-fibre","18":"pa_messungen-00x00x00-cm","20":"first","21":"instock","22":"sale","23":"taxable","24":"shipping-taxable","25":"purchasable","26":"product-type-simple","27":"czr-hentry"},"yoast_head":"<!-- This site is optimized with the Yoast SEO Premium plugin v27.4 (Yoast SEO v27.4) - https:\/\/yoast.com\/product\/yoast-seo-premium-wordpress\/ -->\n<title>Esschert Design Kr\u00e4uter- T\u00fcrmatte Kokos XL (TR076 )<\/title>\n<meta name=\"description\" content=\"Esschert Design Kr\u00e4uter- T\u00fcrmatte Kokos XL (TR076 EAN 8714982259838)cm L 120 x T 40 x H 1,8, Material Kokosfaser, Nettogewicht 3,07 kg\" \/>\n<meta name=\"robots\" content=\"index, follow, max-snippet:-1, max-image-preview:large, max-video-preview:-1\" \/>\n<link rel=\"canonical\" href=\"https:\/\/trendsandvision.nl\/de\/product\/esschert-design-kraeuter-tuermatte-kokos-xl\/\" \/>\n<meta property=\"og:locale\" content=\"de_DE\" \/>\n<meta property=\"og:type\" content=\"article\" \/>\n<meta property=\"og:title\" content=\"Esschert Design Kr\u00e4uter- T\u00fcrmatte Kokos XL\" \/>\n<meta property=\"og:description\" content=\"Esschert Design Kr\u00e4uter- T\u00fcrmatte Kokos XL (TR076 EAN 8714982259838)cm L 120 x T 40 x H 1,8, Material Kokosfaser, Nettogewicht 3,07 kg\" \/>\n<meta property=\"og:url\" content=\"https:\/\/trendsandvision.nl\/de\/product\/esschert-design-kraeuter-tuermatte-kokos-xl\/\" \/>\n<meta property=\"og:site_name\" content=\"Trends &amp; Vision (DE)\" \/>\n<meta property=\"article:modified_time\" content=\"2026-04-22T13:25:01+00:00\" \/>\n<meta property=\"og:image\" content=\"https:\/\/trendsandvision.nl\/de\/wp-content\/uploads\/sites\/3\/2024\/01\/TR076_01.jpg\" \/>\n\t<meta property=\"og:image:width\" content=\"800\" \/>\n\t<meta property=\"og:image:height\" content=\"800\" \/>\n\t<meta property=\"og:image:type\" content=\"image\/jpeg\" \/>\n<meta name=\"twitter:card\" content=\"summary_large_image\" \/>\n<meta name=\"twitter:label1\" content=\"Gesch\u00e4tzte Lesezeit\" \/>\n\t<meta name=\"twitter:data1\" content=\"1\u00a0Minute\" \/>\n<script type=\"application\/ld+json\" class=\"yoast-schema-graph\">{\"@context\":\"https:\\\/\\\/schema.org\",\"@graph\":[{\"@type\":\"WebPage\",\"@id\":\"https:\\\/\\\/trendsandvision.nl\\\/de\\\/product\\\/esschert-design-kraeuter-tuermatte-kokos-xl\\\/\",\"url\":\"https:\\\/\\\/trendsandvision.nl\\\/de\\\/product\\\/esschert-design-kraeuter-tuermatte-kokos-xl\\\/\",\"name\":\"Esschert Design Kr\u00e4uter- T\u00fcrmatte Kokos XL (TR076 )\",\"isPartOf\":{\"@id\":\"https:\\\/\\\/trendsandvision.nl\\\/de\\\/#website\"},\"primaryImageOfPage\":{\"@id\":\"https:\\\/\\\/trendsandvision.nl\\\/de\\\/product\\\/esschert-design-kraeuter-tuermatte-kokos-xl\\\/#primaryimage\"},\"image\":{\"@id\":\"https:\\\/\\\/trendsandvision.nl\\\/de\\\/product\\\/esschert-design-kraeuter-tuermatte-kokos-xl\\\/#primaryimage\"},\"thumbnailUrl\":\"https:\\\/\\\/trendsandvision.nl\\\/de\\\/wp-content\\\/uploads\\\/sites\\\/3\\\/2024\\\/01\\\/TR076_01.jpg\",\"datePublished\":\"2024-01-17T16:15:38+00:00\",\"dateModified\":\"2026-04-22T13:25:01+00:00\",\"description\":\"Esschert Design Kr\u00e4uter- T\u00fcrmatte Kokos XL (TR076 EAN 8714982259838)cm L 120 x T 40 x H 1,8, Material Kokosfaser, Nettogewicht 3,07 kg\",\"breadcrumb\":{\"@id\":\"https:\\\/\\\/trendsandvision.nl\\\/de\\\/product\\\/esschert-design-kraeuter-tuermatte-kokos-xl\\\/#breadcrumb\"},\"inLanguage\":\"de\",\"potentialAction\":[{\"@type\":\"ReadAction\",\"target\":[\"https:\\\/\\\/trendsandvision.nl\\\/de\\\/product\\\/esschert-design-kraeuter-tuermatte-kokos-xl\\\/\"]}]},{\"@type\":\"ImageObject\",\"inLanguage\":\"de\",\"@id\":\"https:\\\/\\\/trendsandvision.nl\\\/de\\\/product\\\/esschert-design-kraeuter-tuermatte-kokos-xl\\\/#primaryimage\",\"url\":\"https:\\\/\\\/trendsandvision.nl\\\/de\\\/wp-content\\\/uploads\\\/sites\\\/3\\\/2024\\\/01\\\/TR076_01.jpg\",\"contentUrl\":\"https:\\\/\\\/trendsandvision.nl\\\/de\\\/wp-content\\\/uploads\\\/sites\\\/3\\\/2024\\\/01\\\/TR076_01.jpg\",\"width\":800,\"height\":800,\"caption\":\"Trendsand Vision Kr\u00e4uter- T\u00fcrmatte Kokos XL (TR076 EAN 8714982259838)cm L 120 x T 40 x H 1,8, Material Kokosfaser, Nettogewicht 3,07 kg\"},{\"@type\":\"BreadcrumbList\",\"@id\":\"https:\\\/\\\/trendsandvision.nl\\\/de\\\/product\\\/esschert-design-kraeuter-tuermatte-kokos-xl\\\/#breadcrumb\",\"itemListElement\":[{\"@type\":\"ListItem\",\"position\":1,\"name\":\"Home\",\"item\":\"https:\\\/\\\/trendsandvision.nl\\\/de\\\/\"},{\"@type\":\"ListItem\",\"position\":2,\"name\":\"Gesch\u00e4ft\",\"item\":\"https:\\\/\\\/trendsandvision.nl\\\/de\\\/geschaft\\\/\"},{\"@type\":\"ListItem\",\"position\":3,\"name\":\"Esschert Design Kr\u00e4uter- T\u00fcrmatte Kokos XL\"}]},{\"@type\":\"WebSite\",\"@id\":\"https:\\\/\\\/trendsandvision.nl\\\/de\\\/#website\",\"url\":\"https:\\\/\\\/trendsandvision.nl\\\/de\\\/\",\"name\":\"Trends &amp; Vision (DE)\",\"description\":\"Der Webshop f\u00fcr Esschert Design Artikel\",\"publisher\":{\"@id\":\"https:\\\/\\\/trendsandvision.nl\\\/de\\\/#organization\"},\"potentialAction\":[{\"@type\":\"SearchAction\",\"target\":{\"@type\":\"EntryPoint\",\"urlTemplate\":\"https:\\\/\\\/trendsandvision.nl\\\/de\\\/?s={search_term_string}\"},\"query-input\":{\"@type\":\"PropertyValueSpecification\",\"valueRequired\":true,\"valueName\":\"search_term_string\"}}],\"inLanguage\":\"de\"},{\"@type\":\"Organization\",\"@id\":\"https:\\\/\\\/trendsandvision.nl\\\/de\\\/#organization\",\"name\":\"Trends &amp; Vision (DE)\",\"url\":\"https:\\\/\\\/trendsandvision.nl\\\/de\\\/\",\"logo\":{\"@type\":\"ImageObject\",\"inLanguage\":\"de\",\"@id\":\"https:\\\/\\\/trendsandvision.nl\\\/de\\\/#\\\/schema\\\/logo\\\/image\\\/\",\"url\":\"https:\\\/\\\/trendsandvision.nl\\\/de\\\/wp-content\\\/uploads\\\/sites\\\/3\\\/2022\\\/04\\\/trends-and-vision-logo.jpg\",\"contentUrl\":\"https:\\\/\\\/trendsandvision.nl\\\/de\\\/wp-content\\\/uploads\\\/sites\\\/3\\\/2022\\\/04\\\/trends-and-vision-logo.jpg\",\"width\":213,\"height\":100,\"caption\":\"Trends &amp; Vision (DE)\"},\"image\":{\"@id\":\"https:\\\/\\\/trendsandvision.nl\\\/de\\\/#\\\/schema\\\/logo\\\/image\\\/\"}}]}<\/script>\n<!-- \/ Yoast SEO Premium plugin. -->","yoast_head_json":{"title":"Esschert Design Kr\u00e4uter- T\u00fcrmatte Kokos XL (TR076 )","description":"Esschert Design Kr\u00e4uter- T\u00fcrmatte Kokos XL (TR076 EAN 8714982259838)cm L 120 x T 40 x H 1,8, Material Kokosfaser, Nettogewicht 3,07 kg","robots":{"index":"index","follow":"follow","max-snippet":"max-snippet:-1","max-image-preview":"max-image-preview:large","max-video-preview":"max-video-preview:-1"},"canonical":"https:\/\/trendsandvision.nl\/de\/product\/esschert-design-kraeuter-tuermatte-kokos-xl\/","og_locale":"de_DE","og_type":"article","og_title":"Esschert Design Kr\u00e4uter- T\u00fcrmatte Kokos XL","og_description":"Esschert Design Kr\u00e4uter- T\u00fcrmatte Kokos XL (TR076 EAN 8714982259838)cm L 120 x T 40 x H 1,8, Material Kokosfaser, Nettogewicht 3,07 kg","og_url":"https:\/\/trendsandvision.nl\/de\/product\/esschert-design-kraeuter-tuermatte-kokos-xl\/","og_site_name":"Trends &amp; Vision (DE)","article_modified_time":"2026-04-22T13:25:01+00:00","og_image":[{"width":800,"height":800,"url":"https:\/\/trendsandvision.nl\/de\/wp-content\/uploads\/sites\/3\/2024\/01\/TR076_01.jpg","type":"image\/jpeg"}],"twitter_card":"summary_large_image","twitter_misc":{"Gesch\u00e4tzte Lesezeit":"1\u00a0Minute"},"schema":{"@context":"https:\/\/schema.org","@graph":[{"@type":"WebPage","@id":"https:\/\/trendsandvision.nl\/de\/product\/esschert-design-kraeuter-tuermatte-kokos-xl\/","url":"https:\/\/trendsandvision.nl\/de\/product\/esschert-design-kraeuter-tuermatte-kokos-xl\/","name":"Esschert Design Kr\u00e4uter- T\u00fcrmatte Kokos XL (TR076 )","isPartOf":{"@id":"https:\/\/trendsandvision.nl\/de\/#website"},"primaryImageOfPage":{"@id":"https:\/\/trendsandvision.nl\/de\/product\/esschert-design-kraeuter-tuermatte-kokos-xl\/#primaryimage"},"image":{"@id":"https:\/\/trendsandvision.nl\/de\/product\/esschert-design-kraeuter-tuermatte-kokos-xl\/#primaryimage"},"thumbnailUrl":"https:\/\/trendsandvision.nl\/de\/wp-content\/uploads\/sites\/3\/2024\/01\/TR076_01.jpg","datePublished":"2024-01-17T16:15:38+00:00","dateModified":"2026-04-22T13:25:01+00:00","description":"Esschert Design Kr\u00e4uter- T\u00fcrmatte Kokos XL (TR076 EAN 8714982259838)cm L 120 x T 40 x H 1,8, Material Kokosfaser, Nettogewicht 3,07 kg","breadcrumb":{"@id":"https:\/\/trendsandvision.nl\/de\/product\/esschert-design-kraeuter-tuermatte-kokos-xl\/#breadcrumb"},"inLanguage":"de","potentialAction":[{"@type":"ReadAction","target":["https:\/\/trendsandvision.nl\/de\/product\/esschert-design-kraeuter-tuermatte-kokos-xl\/"]}]},{"@type":"ImageObject","inLanguage":"de","@id":"https:\/\/trendsandvision.nl\/de\/product\/esschert-design-kraeuter-tuermatte-kokos-xl\/#primaryimage","url":"https:\/\/trendsandvision.nl\/de\/wp-content\/uploads\/sites\/3\/2024\/01\/TR076_01.jpg","contentUrl":"https:\/\/trendsandvision.nl\/de\/wp-content\/uploads\/sites\/3\/2024\/01\/TR076_01.jpg","width":800,"height":800,"caption":"Trendsand Vision Kr\u00e4uter- T\u00fcrmatte Kokos XL (TR076 EAN 8714982259838)cm L 120 x T 40 x H 1,8, Material Kokosfaser, Nettogewicht 3,07 kg"},{"@type":"BreadcrumbList","@id":"https:\/\/trendsandvision.nl\/de\/product\/esschert-design-kraeuter-tuermatte-kokos-xl\/#breadcrumb","itemListElement":[{"@type":"ListItem","position":1,"name":"Home","item":"https:\/\/trendsandvision.nl\/de\/"},{"@type":"ListItem","position":2,"name":"Gesch\u00e4ft","item":"https:\/\/trendsandvision.nl\/de\/geschaft\/"},{"@type":"ListItem","position":3,"name":"Esschert Design Kr\u00e4uter- T\u00fcrmatte Kokos XL"}]},{"@type":"WebSite","@id":"https:\/\/trendsandvision.nl\/de\/#website","url":"https:\/\/trendsandvision.nl\/de\/","name":"Trends &amp; Vision (DE)","description":"Der Webshop f\u00fcr Esschert Design Artikel","publisher":{"@id":"https:\/\/trendsandvision.nl\/de\/#organization"},"potentialAction":[{"@type":"SearchAction","target":{"@type":"EntryPoint","urlTemplate":"https:\/\/trendsandvision.nl\/de\/?s={search_term_string}"},"query-input":{"@type":"PropertyValueSpecification","valueRequired":true,"valueName":"search_term_string"}}],"inLanguage":"de"},{"@type":"Organization","@id":"https:\/\/trendsandvision.nl\/de\/#organization","name":"Trends &amp; Vision (DE)","url":"https:\/\/trendsandvision.nl\/de\/","logo":{"@type":"ImageObject","inLanguage":"de","@id":"https:\/\/trendsandvision.nl\/de\/#\/schema\/logo\/image\/","url":"https:\/\/trendsandvision.nl\/de\/wp-content\/uploads\/sites\/3\/2022\/04\/trends-and-vision-logo.jpg","contentUrl":"https:\/\/trendsandvision.nl\/de\/wp-content\/uploads\/sites\/3\/2022\/04\/trends-and-vision-logo.jpg","width":213,"height":100,"caption":"Trends &amp; Vision (DE)"},"image":{"@id":"https:\/\/trendsandvision.nl\/de\/#\/schema\/logo\/image\/"}}]}},"_links":{"self":[{"href":"https:\/\/trendsandvision.nl\/de\/wp-json\/wp\/v2\/product\/11686","targetHints":{"allow":["GET"]}}],"collection":[{"href":"https:\/\/trendsandvision.nl\/de\/wp-json\/wp\/v2\/product"}],"about":[{"href":"https:\/\/trendsandvision.nl\/de\/wp-json\/wp\/v2\/types\/product"}],"wp:featuredmedia":[{"embeddable":true,"href":"https:\/\/trendsandvision.nl\/de\/wp-json\/wp\/v2\/media\/11687"}],"wp:attachment":[{"href":"https:\/\/trendsandvision.nl\/de\/wp-json\/wp\/v2\/media?parent=11686"}],"wp:term":[{"taxonomy":"product_brand","embeddable":true,"href":"https:\/\/trendsandvision.nl\/de\/wp-json\/wp\/v2\/product_brand?post=11686"},{"taxonomy":"product_cat","embeddable":true,"href":"https:\/\/trendsandvision.nl\/de\/wp-json\/wp\/v2\/product_cat?post=11686"},{"taxonomy":"product_tag","embeddable":true,"href":"https:\/\/trendsandvision.nl\/de\/wp-json\/wp\/v2\/product_tag?post=11686"}],"curies":[{"name":"wp","href":"https:\/\/api.w.org\/{rel}","templated":true}]}}