{"id":11681,"date":"2024-01-17T17:15:22","date_gmt":"2024-01-17T16:15:22","guid":{"rendered":"https:\/\/trendsandvision.nl\/de\/product\/esschert-design-kraeuter-eimer-l\/"},"modified":"2026-04-07T10:52:06","modified_gmt":"2026-04-07T08:52:06","slug":"esschert-design-kraeuter-eimer-l","status":"publish","type":"product","link":"https:\/\/trendsandvision.nl\/de\/product\/esschert-design-kraeuter-eimer-l\/","title":{"rendered":"Esschert Design Kr\u00e4uter- Eimer L"},"content":{"rendered":"<p>Stahleimer mit fr\u00f6hlichem Kr\u00e4uterdruck. Der Henkel mit Holzgriff macht es einfach, den Eimer zu transportieren.<br \/>\nDank des Drucks f\u00fcgt sich der Eimer sch\u00f6n in den Rest des Gartens ein.<\/p>\n<p>Artikelname Kr\u00e4uter- Eimer L<br \/>\nArtikelnummer TR073<br \/>\nProduktgruppe(n) Garten&amp;Terrasse, T\u00f6pfe und Vasen, Blument\u00f6pfe und Pflanzgef\u00e4\u00dfe, Gartenger\u00e4te, Eimer<br \/>\nProduktabmessungen in cm L 31 x T 27,7 x H 29<br \/>\nVolumen in Litern 9<br \/>\nMaterial Weichstahl, Schima spp Holz<br \/>\nBruttogewicht 0,765 kg<br \/>\nNettogewicht 0,695 kg<br \/>\nBarcode 8714982259807<br \/>\nProduzent <a href=\"https:\/\/www.esschertdesign.com\/shop\/de\/kruiden-emmer-l-tr073\" target=\"_blank\">Esschert Design<\/a><\/p>\n","protected":false},"excerpt":{"rendered":"<p>Stahleimer<br \/>\nHolzgriff<br \/>\nKr\u00e4uterdruck<br \/>\nL 31 x T 27,7 x H 29 cm<br \/>\nVolumen in Litern 9<br \/>\nMaterial Weichstahl, Schima spp Holz<br \/>\nNettogewicht 0,695 kg<br \/>\nBarcode 8714982259807<\/p>\n","protected":false},"featured_media":11777,"template":"","meta":[],"product_brand":[9597,9598],"product_cat":[503],"product_tag":[6711,6740,6755,7973,6778],"class_list":{"0":"post-11681","1":"product","2":"type-product","3":"status-publish","4":"has-post-thumbnail","6":"product_brand-esschert-design","7":"product_brand-trends-and-vision","8":"product_cat-esscherts-garden","9":"product_tag-eimer","10":"product_tag-garten","11":"product_tag-gartengeraete","12":"product_tag-print","13":"product_tag-terrasse","14":"pa_anbieter-esschert-design","15":"pa_ean-code-6582","16":"pa_gewicht-6580","17":"pa_messungen-283x283x275-cm","19":"first","20":"instock","21":"sale","22":"taxable","23":"shipping-taxable","24":"purchasable","25":"product-type-simple","26":"czr-hentry"},"yoast_head":"<!-- This site is optimized with the Yoast SEO Premium plugin v26.4 (Yoast SEO v27.3) - https:\/\/yoast.com\/product\/yoast-seo-premium-wordpress\/ -->\n<title>Esschert Design Kr\u00e4uter- Eimer L (TR073 8714982259807)<\/title>\n<meta name=\"description\" content=\"Esschert Design Kr\u00e4uter- Eimer L (TR073 8714982259807) cm L 31 x T 27,7 x H 29, Volumen in Litern 9, Material Weichstahl, Schima ,Holz, gewicht 0,695\" \/>\n<meta name=\"robots\" content=\"index, follow, max-snippet:-1, max-image-preview:large, max-video-preview:-1\" \/>\n<link rel=\"canonical\" href=\"https:\/\/trendsandvision.nl\/de\/product\/esschert-design-kraeuter-eimer-l\/\" \/>\n<meta property=\"og:locale\" content=\"de_DE\" \/>\n<meta property=\"og:type\" content=\"article\" \/>\n<meta property=\"og:title\" content=\"Esschert Design Kr\u00e4uter- Eimer L\" \/>\n<meta property=\"og:description\" content=\"Esschert Design Kr\u00e4uter- Eimer L (TR073 8714982259807) cm L 31 x T 27,7 x H 29, Volumen in Litern 9, Material Weichstahl, Schima ,Holz, gewicht 0,695\" \/>\n<meta property=\"og:url\" content=\"https:\/\/trendsandvision.nl\/de\/product\/esschert-design-kraeuter-eimer-l\/\" \/>\n<meta property=\"og:site_name\" content=\"Trends &amp; Vision (DE)\" \/>\n<meta property=\"article:modified_time\" content=\"2026-04-07T08:52:06+00:00\" \/>\n<meta property=\"og:image\" content=\"https:\/\/trendsandvision.nl\/de\/wp-content\/uploads\/sites\/3\/2024\/01\/Scherm\u00adafbeelding-2024-07-01-om-11.32.30.png\" \/>\n\t<meta property=\"og:image:width\" content=\"650\" \/>\n\t<meta property=\"og:image:height\" content=\"908\" \/>\n\t<meta property=\"og:image:type\" content=\"image\/png\" \/>\n<meta name=\"twitter:card\" content=\"summary_large_image\" \/>\n<meta name=\"twitter:label1\" content=\"Gesch\u00e4tzte Lesezeit\" \/>\n\t<meta name=\"twitter:data1\" content=\"1\u00a0Minute\" \/>\n<script type=\"application\/ld+json\" class=\"yoast-schema-graph\">{\"@context\":\"https:\\\/\\\/schema.org\",\"@graph\":[{\"@type\":\"WebPage\",\"@id\":\"https:\\\/\\\/trendsandvision.nl\\\/de\\\/product\\\/esschert-design-kraeuter-eimer-l\\\/\",\"url\":\"https:\\\/\\\/trendsandvision.nl\\\/de\\\/product\\\/esschert-design-kraeuter-eimer-l\\\/\",\"name\":\"Esschert Design Kr\u00e4uter- Eimer L (TR073 8714982259807)\",\"isPartOf\":{\"@id\":\"https:\\\/\\\/trendsandvision.nl\\\/de\\\/#website\"},\"primaryImageOfPage\":{\"@id\":\"https:\\\/\\\/trendsandvision.nl\\\/de\\\/product\\\/esschert-design-kraeuter-eimer-l\\\/#primaryimage\"},\"image\":{\"@id\":\"https:\\\/\\\/trendsandvision.nl\\\/de\\\/product\\\/esschert-design-kraeuter-eimer-l\\\/#primaryimage\"},\"thumbnailUrl\":\"https:\\\/\\\/trendsandvision.nl\\\/de\\\/wp-content\\\/uploads\\\/sites\\\/3\\\/2024\\\/01\\\/Scherm\u00adafbeelding-2024-07-01-om-11.32.30.png\",\"datePublished\":\"2024-01-17T16:15:22+00:00\",\"dateModified\":\"2026-04-07T08:52:06+00:00\",\"description\":\"Esschert Design Kr\u00e4uter- Eimer L (TR073 8714982259807) cm L 31 x T 27,7 x H 29, Volumen in Litern 9, Material Weichstahl, Schima ,Holz, gewicht 0,695\",\"breadcrumb\":{\"@id\":\"https:\\\/\\\/trendsandvision.nl\\\/de\\\/product\\\/esschert-design-kraeuter-eimer-l\\\/#breadcrumb\"},\"inLanguage\":\"de\",\"potentialAction\":[{\"@type\":\"ReadAction\",\"target\":[\"https:\\\/\\\/trendsandvision.nl\\\/de\\\/product\\\/esschert-design-kraeuter-eimer-l\\\/\"]}]},{\"@type\":\"ImageObject\",\"inLanguage\":\"de\",\"@id\":\"https:\\\/\\\/trendsandvision.nl\\\/de\\\/product\\\/esschert-design-kraeuter-eimer-l\\\/#primaryimage\",\"url\":\"https:\\\/\\\/trendsandvision.nl\\\/de\\\/wp-content\\\/uploads\\\/sites\\\/3\\\/2024\\\/01\\\/Scherm\u00adafbeelding-2024-07-01-om-11.32.30.png\",\"contentUrl\":\"https:\\\/\\\/trendsandvision.nl\\\/de\\\/wp-content\\\/uploads\\\/sites\\\/3\\\/2024\\\/01\\\/Scherm\u00adafbeelding-2024-07-01-om-11.32.30.png\",\"width\":650,\"height\":908,\"caption\":\"Trends and Vision Kr\u00e4uter- Eimer L (TR073 8714982259807) cm L 31 x T 27,7 x H 29, Volumen in Litern 9, Material Weichstahl, Schima ,Holz, gewicht 0,695\"},{\"@type\":\"BreadcrumbList\",\"@id\":\"https:\\\/\\\/trendsandvision.nl\\\/de\\\/product\\\/esschert-design-kraeuter-eimer-l\\\/#breadcrumb\",\"itemListElement\":[{\"@type\":\"ListItem\",\"position\":1,\"name\":\"Home\",\"item\":\"https:\\\/\\\/trendsandvision.nl\\\/de\\\/\"},{\"@type\":\"ListItem\",\"position\":2,\"name\":\"Gesch\u00e4ft\",\"item\":\"https:\\\/\\\/trendsandvision.nl\\\/de\\\/geschaft\\\/\"},{\"@type\":\"ListItem\",\"position\":3,\"name\":\"Esschert Design Kr\u00e4uter- Eimer L\"}]},{\"@type\":\"WebSite\",\"@id\":\"https:\\\/\\\/trendsandvision.nl\\\/de\\\/#website\",\"url\":\"https:\\\/\\\/trendsandvision.nl\\\/de\\\/\",\"name\":\"Trends &amp; Vision (DE)\",\"description\":\"Der Webshop f\u00fcr Esschert Design Artikel\",\"publisher\":{\"@id\":\"https:\\\/\\\/trendsandvision.nl\\\/de\\\/#organization\"},\"potentialAction\":[{\"@type\":\"SearchAction\",\"target\":{\"@type\":\"EntryPoint\",\"urlTemplate\":\"https:\\\/\\\/trendsandvision.nl\\\/de\\\/?s={search_term_string}\"},\"query-input\":{\"@type\":\"PropertyValueSpecification\",\"valueRequired\":true,\"valueName\":\"search_term_string\"}}],\"inLanguage\":\"de\"},{\"@type\":\"Organization\",\"@id\":\"https:\\\/\\\/trendsandvision.nl\\\/de\\\/#organization\",\"name\":\"Trends &amp; Vision (DE)\",\"url\":\"https:\\\/\\\/trendsandvision.nl\\\/de\\\/\",\"logo\":{\"@type\":\"ImageObject\",\"inLanguage\":\"de\",\"@id\":\"https:\\\/\\\/trendsandvision.nl\\\/de\\\/#\\\/schema\\\/logo\\\/image\\\/\",\"url\":\"https:\\\/\\\/trendsandvision.nl\\\/de\\\/wp-content\\\/uploads\\\/sites\\\/3\\\/2022\\\/04\\\/trends-and-vision-logo.jpg\",\"contentUrl\":\"https:\\\/\\\/trendsandvision.nl\\\/de\\\/wp-content\\\/uploads\\\/sites\\\/3\\\/2022\\\/04\\\/trends-and-vision-logo.jpg\",\"width\":213,\"height\":100,\"caption\":\"Trends &amp; Vision (DE)\"},\"image\":{\"@id\":\"https:\\\/\\\/trendsandvision.nl\\\/de\\\/#\\\/schema\\\/logo\\\/image\\\/\"}}]}<\/script>\n<!-- \/ Yoast SEO Premium plugin. -->","yoast_head_json":{"title":"Esschert Design Kr\u00e4uter- Eimer L (TR073 8714982259807)","description":"Esschert Design Kr\u00e4uter- Eimer L (TR073 8714982259807) cm L 31 x T 27,7 x H 29, Volumen in Litern 9, Material Weichstahl, Schima ,Holz, gewicht 0,695","robots":{"index":"index","follow":"follow","max-snippet":"max-snippet:-1","max-image-preview":"max-image-preview:large","max-video-preview":"max-video-preview:-1"},"canonical":"https:\/\/trendsandvision.nl\/de\/product\/esschert-design-kraeuter-eimer-l\/","og_locale":"de_DE","og_type":"article","og_title":"Esschert Design Kr\u00e4uter- Eimer L","og_description":"Esschert Design Kr\u00e4uter- Eimer L (TR073 8714982259807) cm L 31 x T 27,7 x H 29, Volumen in Litern 9, Material Weichstahl, Schima ,Holz, gewicht 0,695","og_url":"https:\/\/trendsandvision.nl\/de\/product\/esschert-design-kraeuter-eimer-l\/","og_site_name":"Trends &amp; Vision (DE)","article_modified_time":"2026-04-07T08:52:06+00:00","og_image":[{"width":650,"height":908,"url":"https:\/\/trendsandvision.nl\/de\/wp-content\/uploads\/sites\/3\/2024\/01\/Scherm\u00adafbeelding-2024-07-01-om-11.32.30.png","type":"image\/png"}],"twitter_card":"summary_large_image","twitter_misc":{"Gesch\u00e4tzte Lesezeit":"1\u00a0Minute"},"schema":{"@context":"https:\/\/schema.org","@graph":[{"@type":"WebPage","@id":"https:\/\/trendsandvision.nl\/de\/product\/esschert-design-kraeuter-eimer-l\/","url":"https:\/\/trendsandvision.nl\/de\/product\/esschert-design-kraeuter-eimer-l\/","name":"Esschert Design Kr\u00e4uter- Eimer L (TR073 8714982259807)","isPartOf":{"@id":"https:\/\/trendsandvision.nl\/de\/#website"},"primaryImageOfPage":{"@id":"https:\/\/trendsandvision.nl\/de\/product\/esschert-design-kraeuter-eimer-l\/#primaryimage"},"image":{"@id":"https:\/\/trendsandvision.nl\/de\/product\/esschert-design-kraeuter-eimer-l\/#primaryimage"},"thumbnailUrl":"https:\/\/trendsandvision.nl\/de\/wp-content\/uploads\/sites\/3\/2024\/01\/Scherm\u00adafbeelding-2024-07-01-om-11.32.30.png","datePublished":"2024-01-17T16:15:22+00:00","dateModified":"2026-04-07T08:52:06+00:00","description":"Esschert Design Kr\u00e4uter- Eimer L (TR073 8714982259807) cm L 31 x T 27,7 x H 29, Volumen in Litern 9, Material Weichstahl, Schima ,Holz, gewicht 0,695","breadcrumb":{"@id":"https:\/\/trendsandvision.nl\/de\/product\/esschert-design-kraeuter-eimer-l\/#breadcrumb"},"inLanguage":"de","potentialAction":[{"@type":"ReadAction","target":["https:\/\/trendsandvision.nl\/de\/product\/esschert-design-kraeuter-eimer-l\/"]}]},{"@type":"ImageObject","inLanguage":"de","@id":"https:\/\/trendsandvision.nl\/de\/product\/esschert-design-kraeuter-eimer-l\/#primaryimage","url":"https:\/\/trendsandvision.nl\/de\/wp-content\/uploads\/sites\/3\/2024\/01\/Scherm\u00adafbeelding-2024-07-01-om-11.32.30.png","contentUrl":"https:\/\/trendsandvision.nl\/de\/wp-content\/uploads\/sites\/3\/2024\/01\/Scherm\u00adafbeelding-2024-07-01-om-11.32.30.png","width":650,"height":908,"caption":"Trends and Vision Kr\u00e4uter- Eimer L (TR073 8714982259807) cm L 31 x T 27,7 x H 29, Volumen in Litern 9, Material Weichstahl, Schima ,Holz, gewicht 0,695"},{"@type":"BreadcrumbList","@id":"https:\/\/trendsandvision.nl\/de\/product\/esschert-design-kraeuter-eimer-l\/#breadcrumb","itemListElement":[{"@type":"ListItem","position":1,"name":"Home","item":"https:\/\/trendsandvision.nl\/de\/"},{"@type":"ListItem","position":2,"name":"Gesch\u00e4ft","item":"https:\/\/trendsandvision.nl\/de\/geschaft\/"},{"@type":"ListItem","position":3,"name":"Esschert Design Kr\u00e4uter- Eimer L"}]},{"@type":"WebSite","@id":"https:\/\/trendsandvision.nl\/de\/#website","url":"https:\/\/trendsandvision.nl\/de\/","name":"Trends &amp; Vision (DE)","description":"Der Webshop f\u00fcr Esschert Design Artikel","publisher":{"@id":"https:\/\/trendsandvision.nl\/de\/#organization"},"potentialAction":[{"@type":"SearchAction","target":{"@type":"EntryPoint","urlTemplate":"https:\/\/trendsandvision.nl\/de\/?s={search_term_string}"},"query-input":{"@type":"PropertyValueSpecification","valueRequired":true,"valueName":"search_term_string"}}],"inLanguage":"de"},{"@type":"Organization","@id":"https:\/\/trendsandvision.nl\/de\/#organization","name":"Trends &amp; Vision (DE)","url":"https:\/\/trendsandvision.nl\/de\/","logo":{"@type":"ImageObject","inLanguage":"de","@id":"https:\/\/trendsandvision.nl\/de\/#\/schema\/logo\/image\/","url":"https:\/\/trendsandvision.nl\/de\/wp-content\/uploads\/sites\/3\/2022\/04\/trends-and-vision-logo.jpg","contentUrl":"https:\/\/trendsandvision.nl\/de\/wp-content\/uploads\/sites\/3\/2022\/04\/trends-and-vision-logo.jpg","width":213,"height":100,"caption":"Trends &amp; Vision (DE)"},"image":{"@id":"https:\/\/trendsandvision.nl\/de\/#\/schema\/logo\/image\/"}}]}},"_links":{"self":[{"href":"https:\/\/trendsandvision.nl\/de\/wp-json\/wp\/v2\/product\/11681","targetHints":{"allow":["GET"]}}],"collection":[{"href":"https:\/\/trendsandvision.nl\/de\/wp-json\/wp\/v2\/product"}],"about":[{"href":"https:\/\/trendsandvision.nl\/de\/wp-json\/wp\/v2\/types\/product"}],"wp:featuredmedia":[{"embeddable":true,"href":"https:\/\/trendsandvision.nl\/de\/wp-json\/wp\/v2\/media\/11777"}],"wp:attachment":[{"href":"https:\/\/trendsandvision.nl\/de\/wp-json\/wp\/v2\/media?parent=11681"}],"wp:term":[{"taxonomy":"product_brand","embeddable":true,"href":"https:\/\/trendsandvision.nl\/de\/wp-json\/wp\/v2\/product_brand?post=11681"},{"taxonomy":"product_cat","embeddable":true,"href":"https:\/\/trendsandvision.nl\/de\/wp-json\/wp\/v2\/product_cat?post=11681"},{"taxonomy":"product_tag","embeddable":true,"href":"https:\/\/trendsandvision.nl\/de\/wp-json\/wp\/v2\/product_tag?post=11681"}],"curies":[{"name":"wp","href":"https:\/\/api.w.org\/{rel}","templated":true}]}}