{"id":11658,"date":"2024-01-17T17:14:12","date_gmt":"2024-01-17T16:14:12","guid":{"rendered":"https:\/\/trendsandvision.nl\/de\/product\/esschert-design-pflanzensprueher-glaskugel-gruen\/"},"modified":"2026-04-22T15:21:33","modified_gmt":"2026-04-22T13:21:33","slug":"esschert-design-pflanzensprueher-glaskugel-gruen","status":"publish","type":"product","link":"https:\/\/trendsandvision.nl\/de\/product\/esschert-design-pflanzensprueher-glaskugel-gruen\/","title":{"rendered":"Esschert Design Pflanzenspr\u00fcher Glaskugel gr\u00fcn"},"content":{"rendered":"<p>Esschert Design Pflanzenspr\u00fcher Glaskugel gr\u00fcn.<br \/>\nDieser <strong><a href=\"https:\/\/trendsandvision.nl\/de\/?s=Pflanzenspr\u00fcher&amp;post_type=product&amp;dgwt_wcas=1\">Pflanzenspr\u00fcher<\/a><\/strong> ist w\u00e4hrend der Aufzucht und Pflege von Pflanzen sehr praktisch. Beim Keimen befeuchtet der weiche, feine Spr\u00fchnebel den Boden, ohne die Samen wegzusp\u00fclen. Pflanzen k\u00f6nnen Wasser sowohl \u00fcber die Bl\u00e4tter als auch \u00fcber die Wurzeln aufnehmen. Bei niedriger Luftfeuchtigkeit sollten Sie die Bl\u00e4tter von Innen- und Au\u00dfenpflanzen befeuchten, um sie gesund zu halten.<\/p>\n<p>Artikelnummer TG350<br \/>\nProduktgruppe(n) Garten&amp;Terrasse, Gartenger\u00e4te, Gie\u00dfkannen und Spr\u00fchger\u00e4te<br \/>\nProduktabmessungen in cm L 9,9 x T 9,9 x H 16,7<br \/>\nVolumen in Litern 0.4<br \/>\nMaterial Glas, ABS<br \/>\nBruttogewicht 0,259 kg<br \/>\nNettogewicht 0,235 kg<br \/>\nBarcode 8714982262692<br \/>\nProduzent <a href=\"https:\/\/www.esschertdesign.com\/shop\/de\/plantensproeier-glazen-bol-groen-tg350\" target=\"_blank\">Esschert Design<\/a><\/p>\n","protected":false},"excerpt":{"rendered":"<p>Einh\u00e4ndige Bedienung<br \/>\nFeiner Spr\u00fchkopf<br \/>\nSp\u00fclt keine Samen weg<br \/>\nL 9,9 x T 9,9 x H 16,7 cm<br \/>\nVolumen in Litern 0.4<br \/>\nMaterial Glas, ABS<br \/>\nNettogewicht 0,235 kg<br \/>\nBarcode 8714982262692<\/p>\n","protected":false},"featured_media":11812,"template":"","meta":[],"product_brand":[9597,9598],"product_cat":[1284],"product_tag":[6755,6786,6890],"class_list":{"0":"post-11658","1":"product","2":"type-product","3":"status-publish","4":"has-post-thumbnail","6":"product_brand-esschert-design","7":"product_brand-trends-and-vision","8":"product_cat-water-in-the-garden","9":"product_tag-gartengeraete","10":"product_tag-giesskannen","11":"product_tag-spruehgeraete","12":"pa_anbieter-esschert-design","13":"pa_ean-code-6542","14":"pa_gewicht-6540","15":"pa_material-glass-abs","16":"pa_messungen-99x99x167-cm","18":"first","19":"instock","20":"sale","21":"taxable","22":"shipping-taxable","23":"purchasable","24":"product-type-simple","25":"czr-hentry"},"yoast_head":"<!-- This site is optimized with the Yoast SEO Premium plugin v27.4 (Yoast SEO v27.5) - https:\/\/yoast.com\/product\/yoast-seo-premium-wordpress\/ -->\n<title>Esschert Design Pflanzenspr\u00fcher Glaskugel gr\u00fcn (TG350)<\/title>\n<meta name=\"description\" content=\"Esschert Design Pflanzenspr\u00fcher Glaskugel gr\u00fcn Einh\u00e4ndige Bedienung (TG350 8714982262692) L 9,9 x T 9,9 x H 16,7 cm, 0.4 L, Material Glas, ABS\" \/>\n<meta name=\"robots\" content=\"index, follow, max-snippet:-1, max-image-preview:large, max-video-preview:-1\" \/>\n<link rel=\"canonical\" href=\"https:\/\/trendsandvision.nl\/de\/product\/esschert-design-pflanzensprueher-glaskugel-gruen\/\" \/>\n<meta property=\"og:locale\" content=\"de_DE\" \/>\n<meta property=\"og:type\" content=\"article\" \/>\n<meta property=\"og:title\" content=\"Esschert Design Pflanzenspr\u00fcher Glaskugel gr\u00fcn\" \/>\n<meta property=\"og:description\" content=\"Esschert Design Pflanzenspr\u00fcher Glaskugel gr\u00fcn Einh\u00e4ndige Bedienung (TG350 8714982262692) L 9,9 x T 9,9 x H 16,7 cm, 0.4 L, Material Glas, ABS\" \/>\n<meta property=\"og:url\" content=\"https:\/\/trendsandvision.nl\/de\/product\/esschert-design-pflanzensprueher-glaskugel-gruen\/\" \/>\n<meta property=\"og:site_name\" content=\"Trends &amp; Vision (DE)\" \/>\n<meta property=\"article:modified_time\" content=\"2026-04-22T13:21:33+00:00\" \/>\n<meta property=\"og:image\" content=\"https:\/\/trendsandvision.nl\/de\/wp-content\/uploads\/sites\/3\/2024\/01\/Scherm\u00adafbeelding-2024-07-01-om-12.53.21.png\" \/>\n\t<meta property=\"og:image:width\" content=\"618\" \/>\n\t<meta property=\"og:image:height\" content=\"928\" \/>\n\t<meta property=\"og:image:type\" content=\"image\/png\" \/>\n<meta name=\"twitter:card\" content=\"summary_large_image\" \/>\n<meta name=\"twitter:label1\" content=\"Gesch\u00e4tzte Lesezeit\" \/>\n\t<meta name=\"twitter:data1\" content=\"1\u00a0Minute\" \/>\n<script type=\"application\/ld+json\" class=\"yoast-schema-graph\">{\"@context\":\"https:\\\/\\\/schema.org\",\"@graph\":[{\"@type\":\"WebPage\",\"@id\":\"https:\\\/\\\/trendsandvision.nl\\\/de\\\/product\\\/esschert-design-pflanzensprueher-glaskugel-gruen\\\/\",\"url\":\"https:\\\/\\\/trendsandvision.nl\\\/de\\\/product\\\/esschert-design-pflanzensprueher-glaskugel-gruen\\\/\",\"name\":\"Esschert Design Pflanzenspr\u00fcher Glaskugel gr\u00fcn (TG350)\",\"isPartOf\":{\"@id\":\"https:\\\/\\\/trendsandvision.nl\\\/de\\\/#website\"},\"primaryImageOfPage\":{\"@id\":\"https:\\\/\\\/trendsandvision.nl\\\/de\\\/product\\\/esschert-design-pflanzensprueher-glaskugel-gruen\\\/#primaryimage\"},\"image\":{\"@id\":\"https:\\\/\\\/trendsandvision.nl\\\/de\\\/product\\\/esschert-design-pflanzensprueher-glaskugel-gruen\\\/#primaryimage\"},\"thumbnailUrl\":\"https:\\\/\\\/trendsandvision.nl\\\/de\\\/wp-content\\\/uploads\\\/sites\\\/3\\\/2024\\\/01\\\/Scherm\u00adafbeelding-2024-07-01-om-12.53.21.png\",\"datePublished\":\"2024-01-17T16:14:12+00:00\",\"dateModified\":\"2026-04-22T13:21:33+00:00\",\"description\":\"Esschert Design Pflanzenspr\u00fcher Glaskugel gr\u00fcn Einh\u00e4ndige Bedienung (TG350 8714982262692) L 9,9 x T 9,9 x H 16,7 cm, 0.4 L, Material Glas, ABS\",\"breadcrumb\":{\"@id\":\"https:\\\/\\\/trendsandvision.nl\\\/de\\\/product\\\/esschert-design-pflanzensprueher-glaskugel-gruen\\\/#breadcrumb\"},\"inLanguage\":\"de\",\"potentialAction\":[{\"@type\":\"ReadAction\",\"target\":[\"https:\\\/\\\/trendsandvision.nl\\\/de\\\/product\\\/esschert-design-pflanzensprueher-glaskugel-gruen\\\/\"]}]},{\"@type\":\"ImageObject\",\"inLanguage\":\"de\",\"@id\":\"https:\\\/\\\/trendsandvision.nl\\\/de\\\/product\\\/esschert-design-pflanzensprueher-glaskugel-gruen\\\/#primaryimage\",\"url\":\"https:\\\/\\\/trendsandvision.nl\\\/de\\\/wp-content\\\/uploads\\\/sites\\\/3\\\/2024\\\/01\\\/Scherm\u00adafbeelding-2024-07-01-om-12.53.21.png\",\"contentUrl\":\"https:\\\/\\\/trendsandvision.nl\\\/de\\\/wp-content\\\/uploads\\\/sites\\\/3\\\/2024\\\/01\\\/Scherm\u00adafbeelding-2024-07-01-om-12.53.21.png\",\"width\":618,\"height\":928,\"caption\":\"Trends and Vision Pflanzenspr\u00fcher Glaskugel gr\u00fcn Einh\u00e4ndige Bedienung (TG350 8714982262692) L 9,9 x T 9,9 x H 16,7 cm, 0.4 L, Material Glas, ABS\"},{\"@type\":\"BreadcrumbList\",\"@id\":\"https:\\\/\\\/trendsandvision.nl\\\/de\\\/product\\\/esschert-design-pflanzensprueher-glaskugel-gruen\\\/#breadcrumb\",\"itemListElement\":[{\"@type\":\"ListItem\",\"position\":1,\"name\":\"Home\",\"item\":\"https:\\\/\\\/trendsandvision.nl\\\/de\\\/\"},{\"@type\":\"ListItem\",\"position\":2,\"name\":\"Gesch\u00e4ft\",\"item\":\"https:\\\/\\\/trendsandvision.nl\\\/de\\\/geschaft\\\/\"},{\"@type\":\"ListItem\",\"position\":3,\"name\":\"Esschert Design Pflanzenspr\u00fcher Glaskugel gr\u00fcn\"}]},{\"@type\":\"WebSite\",\"@id\":\"https:\\\/\\\/trendsandvision.nl\\\/de\\\/#website\",\"url\":\"https:\\\/\\\/trendsandvision.nl\\\/de\\\/\",\"name\":\"Trends &amp; Vision (DE)\",\"description\":\"Der Webshop f\u00fcr Esschert Design Artikel\",\"publisher\":{\"@id\":\"https:\\\/\\\/trendsandvision.nl\\\/de\\\/#organization\"},\"potentialAction\":[{\"@type\":\"SearchAction\",\"target\":{\"@type\":\"EntryPoint\",\"urlTemplate\":\"https:\\\/\\\/trendsandvision.nl\\\/de\\\/?s={search_term_string}\"},\"query-input\":{\"@type\":\"PropertyValueSpecification\",\"valueRequired\":true,\"valueName\":\"search_term_string\"}}],\"inLanguage\":\"de\"},{\"@type\":\"Organization\",\"@id\":\"https:\\\/\\\/trendsandvision.nl\\\/de\\\/#organization\",\"name\":\"Trends &amp; Vision (DE)\",\"url\":\"https:\\\/\\\/trendsandvision.nl\\\/de\\\/\",\"logo\":{\"@type\":\"ImageObject\",\"inLanguage\":\"de\",\"@id\":\"https:\\\/\\\/trendsandvision.nl\\\/de\\\/#\\\/schema\\\/logo\\\/image\\\/\",\"url\":\"https:\\\/\\\/trendsandvision.nl\\\/de\\\/wp-content\\\/uploads\\\/sites\\\/3\\\/2022\\\/04\\\/trends-and-vision-logo.jpg\",\"contentUrl\":\"https:\\\/\\\/trendsandvision.nl\\\/de\\\/wp-content\\\/uploads\\\/sites\\\/3\\\/2022\\\/04\\\/trends-and-vision-logo.jpg\",\"width\":213,\"height\":100,\"caption\":\"Trends &amp; Vision (DE)\"},\"image\":{\"@id\":\"https:\\\/\\\/trendsandvision.nl\\\/de\\\/#\\\/schema\\\/logo\\\/image\\\/\"}}]}<\/script>\n<!-- \/ Yoast SEO Premium plugin. -->","yoast_head_json":{"title":"Esschert Design Pflanzenspr\u00fcher Glaskugel gr\u00fcn (TG350)","description":"Esschert Design Pflanzenspr\u00fcher Glaskugel gr\u00fcn Einh\u00e4ndige Bedienung (TG350 8714982262692) L 9,9 x T 9,9 x H 16,7 cm, 0.4 L, Material Glas, ABS","robots":{"index":"index","follow":"follow","max-snippet":"max-snippet:-1","max-image-preview":"max-image-preview:large","max-video-preview":"max-video-preview:-1"},"canonical":"https:\/\/trendsandvision.nl\/de\/product\/esschert-design-pflanzensprueher-glaskugel-gruen\/","og_locale":"de_DE","og_type":"article","og_title":"Esschert Design Pflanzenspr\u00fcher Glaskugel gr\u00fcn","og_description":"Esschert Design Pflanzenspr\u00fcher Glaskugel gr\u00fcn Einh\u00e4ndige Bedienung (TG350 8714982262692) L 9,9 x T 9,9 x H 16,7 cm, 0.4 L, Material Glas, ABS","og_url":"https:\/\/trendsandvision.nl\/de\/product\/esschert-design-pflanzensprueher-glaskugel-gruen\/","og_site_name":"Trends &amp; Vision (DE)","article_modified_time":"2026-04-22T13:21:33+00:00","og_image":[{"width":618,"height":928,"url":"https:\/\/trendsandvision.nl\/de\/wp-content\/uploads\/sites\/3\/2024\/01\/Scherm\u00adafbeelding-2024-07-01-om-12.53.21.png","type":"image\/png"}],"twitter_card":"summary_large_image","twitter_misc":{"Gesch\u00e4tzte Lesezeit":"1\u00a0Minute"},"schema":{"@context":"https:\/\/schema.org","@graph":[{"@type":"WebPage","@id":"https:\/\/trendsandvision.nl\/de\/product\/esschert-design-pflanzensprueher-glaskugel-gruen\/","url":"https:\/\/trendsandvision.nl\/de\/product\/esschert-design-pflanzensprueher-glaskugel-gruen\/","name":"Esschert Design Pflanzenspr\u00fcher Glaskugel gr\u00fcn (TG350)","isPartOf":{"@id":"https:\/\/trendsandvision.nl\/de\/#website"},"primaryImageOfPage":{"@id":"https:\/\/trendsandvision.nl\/de\/product\/esschert-design-pflanzensprueher-glaskugel-gruen\/#primaryimage"},"image":{"@id":"https:\/\/trendsandvision.nl\/de\/product\/esschert-design-pflanzensprueher-glaskugel-gruen\/#primaryimage"},"thumbnailUrl":"https:\/\/trendsandvision.nl\/de\/wp-content\/uploads\/sites\/3\/2024\/01\/Scherm\u00adafbeelding-2024-07-01-om-12.53.21.png","datePublished":"2024-01-17T16:14:12+00:00","dateModified":"2026-04-22T13:21:33+00:00","description":"Esschert Design Pflanzenspr\u00fcher Glaskugel gr\u00fcn Einh\u00e4ndige Bedienung (TG350 8714982262692) L 9,9 x T 9,9 x H 16,7 cm, 0.4 L, Material Glas, ABS","breadcrumb":{"@id":"https:\/\/trendsandvision.nl\/de\/product\/esschert-design-pflanzensprueher-glaskugel-gruen\/#breadcrumb"},"inLanguage":"de","potentialAction":[{"@type":"ReadAction","target":["https:\/\/trendsandvision.nl\/de\/product\/esschert-design-pflanzensprueher-glaskugel-gruen\/"]}]},{"@type":"ImageObject","inLanguage":"de","@id":"https:\/\/trendsandvision.nl\/de\/product\/esschert-design-pflanzensprueher-glaskugel-gruen\/#primaryimage","url":"https:\/\/trendsandvision.nl\/de\/wp-content\/uploads\/sites\/3\/2024\/01\/Scherm\u00adafbeelding-2024-07-01-om-12.53.21.png","contentUrl":"https:\/\/trendsandvision.nl\/de\/wp-content\/uploads\/sites\/3\/2024\/01\/Scherm\u00adafbeelding-2024-07-01-om-12.53.21.png","width":618,"height":928,"caption":"Trends and Vision Pflanzenspr\u00fcher Glaskugel gr\u00fcn Einh\u00e4ndige Bedienung (TG350 8714982262692) L 9,9 x T 9,9 x H 16,7 cm, 0.4 L, Material Glas, ABS"},{"@type":"BreadcrumbList","@id":"https:\/\/trendsandvision.nl\/de\/product\/esschert-design-pflanzensprueher-glaskugel-gruen\/#breadcrumb","itemListElement":[{"@type":"ListItem","position":1,"name":"Home","item":"https:\/\/trendsandvision.nl\/de\/"},{"@type":"ListItem","position":2,"name":"Gesch\u00e4ft","item":"https:\/\/trendsandvision.nl\/de\/geschaft\/"},{"@type":"ListItem","position":3,"name":"Esschert Design Pflanzenspr\u00fcher Glaskugel gr\u00fcn"}]},{"@type":"WebSite","@id":"https:\/\/trendsandvision.nl\/de\/#website","url":"https:\/\/trendsandvision.nl\/de\/","name":"Trends &amp; Vision (DE)","description":"Der Webshop f\u00fcr Esschert Design Artikel","publisher":{"@id":"https:\/\/trendsandvision.nl\/de\/#organization"},"potentialAction":[{"@type":"SearchAction","target":{"@type":"EntryPoint","urlTemplate":"https:\/\/trendsandvision.nl\/de\/?s={search_term_string}"},"query-input":{"@type":"PropertyValueSpecification","valueRequired":true,"valueName":"search_term_string"}}],"inLanguage":"de"},{"@type":"Organization","@id":"https:\/\/trendsandvision.nl\/de\/#organization","name":"Trends &amp; Vision (DE)","url":"https:\/\/trendsandvision.nl\/de\/","logo":{"@type":"ImageObject","inLanguage":"de","@id":"https:\/\/trendsandvision.nl\/de\/#\/schema\/logo\/image\/","url":"https:\/\/trendsandvision.nl\/de\/wp-content\/uploads\/sites\/3\/2022\/04\/trends-and-vision-logo.jpg","contentUrl":"https:\/\/trendsandvision.nl\/de\/wp-content\/uploads\/sites\/3\/2022\/04\/trends-and-vision-logo.jpg","width":213,"height":100,"caption":"Trends &amp; Vision (DE)"},"image":{"@id":"https:\/\/trendsandvision.nl\/de\/#\/schema\/logo\/image\/"}}]}},"_links":{"self":[{"href":"https:\/\/trendsandvision.nl\/de\/wp-json\/wp\/v2\/product\/11658","targetHints":{"allow":["GET"]}}],"collection":[{"href":"https:\/\/trendsandvision.nl\/de\/wp-json\/wp\/v2\/product"}],"about":[{"href":"https:\/\/trendsandvision.nl\/de\/wp-json\/wp\/v2\/types\/product"}],"wp:featuredmedia":[{"embeddable":true,"href":"https:\/\/trendsandvision.nl\/de\/wp-json\/wp\/v2\/media\/11812"}],"wp:attachment":[{"href":"https:\/\/trendsandvision.nl\/de\/wp-json\/wp\/v2\/media?parent=11658"}],"wp:term":[{"taxonomy":"product_brand","embeddable":true,"href":"https:\/\/trendsandvision.nl\/de\/wp-json\/wp\/v2\/product_brand?post=11658"},{"taxonomy":"product_cat","embeddable":true,"href":"https:\/\/trendsandvision.nl\/de\/wp-json\/wp\/v2\/product_cat?post=11658"},{"taxonomy":"product_tag","embeddable":true,"href":"https:\/\/trendsandvision.nl\/de\/wp-json\/wp\/v2\/product_tag?post=11658"}],"curies":[{"name":"wp","href":"https:\/\/api.w.org\/{rel}","templated":true}]}}